{"id":96823,"date":"2022-08-28T00:50:19","date_gmt":"2022-08-27T22:50:19","guid":{"rendered":"https:\/\/ueberlebenskunst.at\/survivalshop\/?post_type=product&#038;p=96823"},"modified":"2026-04-26T22:17:57","modified_gmt":"2026-04-26T20:17:57","slug":"walther-tactical-250","status":"publish","type":"product","link":"https:\/\/ueberlebenskunst.at\/survivalshop\/shop\/walther-tactical-250\/","title":{"rendered":"Walther Tactical 250 &#8211; taktische Einsatzlampe"},"content":{"rendered":"<p>Die Walther Tactical 250 ist die neue Version der seit Jahrzehnten im Einsatz befindlichen taktischen Einsatzlampe aus dem Hause Walther.<br \/>\nDas Konzept dieser Taschenlampe besticht durch die hohe Einsatztauglichkeit, sichere und einfache Handhabung sowie Verl\u00e4sslichkeit des Gesamtsystems.<br \/>\nMit 250 Lumen ist diese Lampe ideal f\u00fcr den taktischen Einsatz in Innenr\u00e4umen und auf kurze Distanz. Nicht ohne Grund wird diese Lampe auch auf Waffenhalterungen montiert.<br \/>\nDer Betrieb erfolgt \u00fcber 2 CR123 Batterien (die auch im Lieferumfang enthalten sind). Die maximale Leuchtweite liegt bei 200 Metern, was ideal f\u00fcr den Einsatzzweck ist.<br \/>\nViele werden sich fragen warum nur 250 Lumen f\u00fcr diese taktische Lampe zur Anwendung kommen. Die Antwort ist sehr einfach! F\u00fcr den taktischen Bereich in Innenr\u00e4umen w\u00fcrde eine deutliche h\u00f6here Lumenzahl, also Lichtst\u00e4rke, nicht nur zur Blendung des Gegen\u00fcbers, sondern auch zur eigenen Blendung f\u00fchren. Aus diesem Grund hat sich im taktischen Einsatzbereich (Polizei, Milit\u00e4r, Selbstverteidigung) eine Leuchtst\u00e4rke von 200 bis max. 300 Lumen herausgestellt. Die maximale Leuchtst\u00e4rke liegt bei 2,5 Stunden. Wichtig\u00a0 zu wissen ist es, dass bei dieser Lampe keine unterschiedlichen Modis gibt. Es gibt nur Licht an oder Licht aus. Das ist die einfache Handhabung, die auch f\u00fcr eine waffentaugliche Lampe am sinnvollsten erscheint. Beim Eigengewicht von gerade einmal 100 g ist die Lampe sicher kein Leichtgewicht, aber ist genau richtig um entweder montiert oder in der Hand beste Leistungen zu erbringen.<\/p>\n<p>Die Walther Tactical 250 ist eine taktische Lampe zum Montieren auf unterschiedlichsten Gegenst\u00e4nden, wie Paintballrevolver, Armbrust oder Bogen und hat mit einem perfekten Preis-Leistungsverh\u00e4ltnis im gehobenen, privaten Bereich auf jeden Fall die Nase vorne. Die Lampe ist mit IPX6 gesch\u00fctzt und somit als wasserdicht anzusehen.<\/p>\n<p>Das schwarze und robuste Alugeh\u00e4use liegt nicht nur gut in der Hand, sondern auch voll im Trend.<\/p>\n<p><strong>Die Walther Lampe ist kompatibel mit folgenden Reini Rossmann Produkten:<\/strong><\/p>\n<ul>\n<li><a href=\"https:\/\/ueberlebenskunst.at\/survivalshop\/shop\/vlad-lampenhalterung\/\">Vlad Halterung<\/a><\/li>\n<li><a href=\"https:\/\/ueberlebenskunst.at\/survivalshop\/shop\/lampenhalterung-mit-picatinny-fuer-whipshot\/\">Whipshot \/ Fenris Halterung<\/a><\/li>\n<li><a href=\"https:\/\/ueberlebenskunst.at\/survivalshop\/shop\/universal-halterung-fuer-x-bow-supersonic-rev\/\">Supersonic REV Halterung<\/a><\/li>\n<\/ul>\n","protected":false},"excerpt":{"rendered":"<p>Die Walther Tactical 250 ist die neue Version der seit Jahrzehnten im Einsatz befindlichen taktischen Einsatzlampe aus dem Hause Walther. Das Konzept dieser Taschenlampe besticht durch die hohe Einsatztauglichkeit, sichere und einfache Handhabung sowie Verl\u00e4sslichkeit des Gesamtsystems. Mit 250 Lumen ist diese Lampe ideal f\u00fcr den taktischen Einsatz in Innenr\u00e4umen und auf kurze Distanz. Nicht [&hellip;]<\/p>\n","protected":false},"featured_media":96825,"comment_status":"open","ping_status":"closed","template":"","meta":{"_acf_changed":false},"product_brand":[],"product_cat":[1101,1895,1770,1896,1771,1894,1769,2402],"product_tag":[382],"class_list":{"0":"post-96823","1":"product","2":"type-product","3":"status-publish","4":"has-post-thumbnail","6":"product_cat-ausruestung","7":"product_cat-ek-archery-adder-bogensport-pfeil-kugel","8":"product_cat-ek-archery-adder","9":"product_cat-ek-archery-siege-bogensport-pfeil-kugel","10":"product_cat-ek-archery-siege","11":"product_cat-ek-archery-vlad-bogensport-pfeil-kugel","12":"product_cat-ek-archery-vlad-bogensport-zubehoer","13":"product_cat-mey-interceptor","14":"product_tag-walther","16":"first","17":"instock","18":"taxable","19":"shipping-taxable","20":"purchasable","21":"product-type-simple"},"acf":[],"yoast_head":"<!-- This site is optimized with the Yoast SEO plugin v27.1.1 - https:\/\/yoast.com\/product\/yoast-seo-wordpress\/ -->\n<title>Walther Tactical 250 - taktische Einsatzlampe<\/title>\n<meta name=\"robots\" content=\"index, follow, max-snippet:-1, max-image-preview:large, max-video-preview:-1\" \/>\n<link rel=\"canonical\" href=\"https:\/\/ueberlebenskunst.at\/survivalshop\/shop\/walther-tactical-250\/\" \/>\n<meta property=\"og:locale\" content=\"de_DE\" \/>\n<meta property=\"og:type\" content=\"article\" \/>\n<meta property=\"og:title\" content=\"Walther Tactical 250 - taktische Einsatzlampe\" \/>\n<meta property=\"og:description\" content=\"Die Walther Tactical 250 ist die neue Version der seit Jahrzehnten im Einsatz befindlichen taktischen Einsatzlampe aus dem Hause Walther. Das Konzept dieser Taschenlampe besticht durch die hohe Einsatztauglichkeit, sichere und einfache Handhabung sowie Verl\u00e4sslichkeit des Gesamtsystems. Mit 250 Lumen ist diese Lampe ideal f\u00fcr den taktischen Einsatz in Innenr\u00e4umen und auf kurze Distanz. Nicht [&hellip;]\" \/>\n<meta property=\"og:url\" content=\"https:\/\/ueberlebenskunst.at\/survivalshop\/shop\/walther-tactical-250\/\" \/>\n<meta property=\"og:site_name\" content=\"Reini Rossmann - Survival Shop\" \/>\n<meta property=\"article:publisher\" content=\"https:\/\/www.facebook.com\/survival24.org\/\" \/>\n<meta property=\"article:modified_time\" content=\"2026-04-26T20:17:57+00:00\" \/>\n<meta property=\"og:image\" content=\"https:\/\/ueberlebenskunst.at\/survivalshop\/wp-content\/uploads\/2022\/08\/Walther-Tactical-250.jpg\" \/>\n\t<meta property=\"og:image:width\" content=\"439\" \/>\n\t<meta property=\"og:image:height\" content=\"293\" \/>\n\t<meta property=\"og:image:type\" content=\"image\/jpeg\" \/>\n<meta name=\"twitter:card\" content=\"summary_large_image\" \/>\n<meta name=\"twitter:label1\" content=\"Gesch\u00e4tzte Lesezeit\" \/>\n\t<meta name=\"twitter:data1\" content=\"2\u00a0Minuten\" \/>\n<script type=\"application\/ld+json\" class=\"yoast-schema-graph\">{\"@context\":\"https:\/\/schema.org\",\"@graph\":[{\"@type\":\"WebPage\",\"@id\":\"https:\/\/ueberlebenskunst.at\/survivalshop\/shop\/walther-tactical-250\/\",\"url\":\"https:\/\/ueberlebenskunst.at\/survivalshop\/shop\/walther-tactical-250\/\",\"name\":\"Walther Tactical 250 - taktische Einsatzlampe\",\"isPartOf\":{\"@id\":\"https:\/\/ueberlebenskunst.at\/survivalshop\/#website\"},\"primaryImageOfPage\":{\"@id\":\"https:\/\/ueberlebenskunst.at\/survivalshop\/shop\/walther-tactical-250\/#primaryimage\"},\"image\":{\"@id\":\"https:\/\/ueberlebenskunst.at\/survivalshop\/shop\/walther-tactical-250\/#primaryimage\"},\"thumbnailUrl\":\"https:\/\/ueberlebenskunst.at\/survivalshop\/wp-content\/uploads\/2022\/08\/Walther-Tactical-250.jpg\",\"datePublished\":\"2022-08-27T22:50:19+00:00\",\"dateModified\":\"2026-04-26T20:17:57+00:00\",\"breadcrumb\":{\"@id\":\"https:\/\/ueberlebenskunst.at\/survivalshop\/shop\/walther-tactical-250\/#breadcrumb\"},\"inLanguage\":\"de\",\"potentialAction\":[{\"@type\":\"ReadAction\",\"target\":[\"https:\/\/ueberlebenskunst.at\/survivalshop\/shop\/walther-tactical-250\/\"]}]},{\"@type\":\"ImageObject\",\"inLanguage\":\"de\",\"@id\":\"https:\/\/ueberlebenskunst.at\/survivalshop\/shop\/walther-tactical-250\/#primaryimage\",\"url\":\"https:\/\/ueberlebenskunst.at\/survivalshop\/wp-content\/uploads\/2022\/08\/Walther-Tactical-250.jpg\",\"contentUrl\":\"https:\/\/ueberlebenskunst.at\/survivalshop\/wp-content\/uploads\/2022\/08\/Walther-Tactical-250.jpg\",\"width\":439,\"height\":293},{\"@type\":\"BreadcrumbList\",\"@id\":\"https:\/\/ueberlebenskunst.at\/survivalshop\/shop\/walther-tactical-250\/#breadcrumb\",\"itemListElement\":[{\"@type\":\"ListItem\",\"position\":1,\"name\":\"Startseite\",\"item\":\"https:\/\/ueberlebenskunst.at\/survivalshop\/\"},{\"@type\":\"ListItem\",\"position\":2,\"name\":\"Shop\",\"item\":\"https:\/\/ueberlebenskunst.at\/survivalshop\/shop\/\"},{\"@type\":\"ListItem\",\"position\":3,\"name\":\"Walther Tactical 250 &#8211; taktische Einsatzlampe\"}]},{\"@type\":\"WebSite\",\"@id\":\"https:\/\/ueberlebenskunst.at\/survivalshop\/#website\",\"url\":\"https:\/\/ueberlebenskunst.at\/survivalshop\/\",\"name\":\"Reini Rossmann - Survival Shop\",\"description\":\"Survival Shop f\u00fcr Survival, Bushcraft und Prepper\",\"potentialAction\":[{\"@type\":\"SearchAction\",\"target\":{\"@type\":\"EntryPoint\",\"urlTemplate\":\"https:\/\/ueberlebenskunst.at\/survivalshop\/?s={search_term_string}\"},\"query-input\":{\"@type\":\"PropertyValueSpecification\",\"valueRequired\":true,\"valueName\":\"search_term_string\"}}],\"inLanguage\":\"de\"}]}<\/script>\n<!-- \/ Yoast SEO plugin. -->","yoast_head_json":{"title":"Walther Tactical 250 - taktische Einsatzlampe","robots":{"index":"index","follow":"follow","max-snippet":"max-snippet:-1","max-image-preview":"max-image-preview:large","max-video-preview":"max-video-preview:-1"},"canonical":"https:\/\/ueberlebenskunst.at\/survivalshop\/shop\/walther-tactical-250\/","og_locale":"de_DE","og_type":"article","og_title":"Walther Tactical 250 - taktische Einsatzlampe","og_description":"Die Walther Tactical 250 ist die neue Version der seit Jahrzehnten im Einsatz befindlichen taktischen Einsatzlampe aus dem Hause Walther. Das Konzept dieser Taschenlampe besticht durch die hohe Einsatztauglichkeit, sichere und einfache Handhabung sowie Verl\u00e4sslichkeit des Gesamtsystems. Mit 250 Lumen ist diese Lampe ideal f\u00fcr den taktischen Einsatz in Innenr\u00e4umen und auf kurze Distanz. Nicht [&hellip;]","og_url":"https:\/\/ueberlebenskunst.at\/survivalshop\/shop\/walther-tactical-250\/","og_site_name":"Reini Rossmann - Survival Shop","article_publisher":"https:\/\/www.facebook.com\/survival24.org\/","article_modified_time":"2026-04-26T20:17:57+00:00","og_image":[{"width":439,"height":293,"url":"https:\/\/ueberlebenskunst.at\/survivalshop\/wp-content\/uploads\/2022\/08\/Walther-Tactical-250.jpg","type":"image\/jpeg"}],"twitter_card":"summary_large_image","twitter_misc":{"Gesch\u00e4tzte Lesezeit":"2\u00a0Minuten"},"schema":{"@context":"https:\/\/schema.org","@graph":[{"@type":"WebPage","@id":"https:\/\/ueberlebenskunst.at\/survivalshop\/shop\/walther-tactical-250\/","url":"https:\/\/ueberlebenskunst.at\/survivalshop\/shop\/walther-tactical-250\/","name":"Walther Tactical 250 - taktische Einsatzlampe","isPartOf":{"@id":"https:\/\/ueberlebenskunst.at\/survivalshop\/#website"},"primaryImageOfPage":{"@id":"https:\/\/ueberlebenskunst.at\/survivalshop\/shop\/walther-tactical-250\/#primaryimage"},"image":{"@id":"https:\/\/ueberlebenskunst.at\/survivalshop\/shop\/walther-tactical-250\/#primaryimage"},"thumbnailUrl":"https:\/\/ueberlebenskunst.at\/survivalshop\/wp-content\/uploads\/2022\/08\/Walther-Tactical-250.jpg","datePublished":"2022-08-27T22:50:19+00:00","dateModified":"2026-04-26T20:17:57+00:00","breadcrumb":{"@id":"https:\/\/ueberlebenskunst.at\/survivalshop\/shop\/walther-tactical-250\/#breadcrumb"},"inLanguage":"de","potentialAction":[{"@type":"ReadAction","target":["https:\/\/ueberlebenskunst.at\/survivalshop\/shop\/walther-tactical-250\/"]}]},{"@type":"ImageObject","inLanguage":"de","@id":"https:\/\/ueberlebenskunst.at\/survivalshop\/shop\/walther-tactical-250\/#primaryimage","url":"https:\/\/ueberlebenskunst.at\/survivalshop\/wp-content\/uploads\/2022\/08\/Walther-Tactical-250.jpg","contentUrl":"https:\/\/ueberlebenskunst.at\/survivalshop\/wp-content\/uploads\/2022\/08\/Walther-Tactical-250.jpg","width":439,"height":293},{"@type":"BreadcrumbList","@id":"https:\/\/ueberlebenskunst.at\/survivalshop\/shop\/walther-tactical-250\/#breadcrumb","itemListElement":[{"@type":"ListItem","position":1,"name":"Startseite","item":"https:\/\/ueberlebenskunst.at\/survivalshop\/"},{"@type":"ListItem","position":2,"name":"Shop","item":"https:\/\/ueberlebenskunst.at\/survivalshop\/shop\/"},{"@type":"ListItem","position":3,"name":"Walther Tactical 250 &#8211; taktische Einsatzlampe"}]},{"@type":"WebSite","@id":"https:\/\/ueberlebenskunst.at\/survivalshop\/#website","url":"https:\/\/ueberlebenskunst.at\/survivalshop\/","name":"Reini Rossmann - Survival Shop","description":"Survival Shop f\u00fcr Survival, Bushcraft und Prepper","potentialAction":[{"@type":"SearchAction","target":{"@type":"EntryPoint","urlTemplate":"https:\/\/ueberlebenskunst.at\/survivalshop\/?s={search_term_string}"},"query-input":{"@type":"PropertyValueSpecification","valueRequired":true,"valueName":"search_term_string"}}],"inLanguage":"de"}]}},"_links":{"self":[{"href":"https:\/\/ueberlebenskunst.at\/survivalshop\/wp-json\/wp\/v2\/product\/96823","targetHints":{"allow":["GET"]}}],"collection":[{"href":"https:\/\/ueberlebenskunst.at\/survivalshop\/wp-json\/wp\/v2\/product"}],"about":[{"href":"https:\/\/ueberlebenskunst.at\/survivalshop\/wp-json\/wp\/v2\/types\/product"}],"replies":[{"embeddable":true,"href":"https:\/\/ueberlebenskunst.at\/survivalshop\/wp-json\/wp\/v2\/comments?post=96823"}],"wp:featuredmedia":[{"embeddable":true,"href":"https:\/\/ueberlebenskunst.at\/survivalshop\/wp-json\/wp\/v2\/media\/96825"}],"wp:attachment":[{"href":"https:\/\/ueberlebenskunst.at\/survivalshop\/wp-json\/wp\/v2\/media?parent=96823"}],"wp:term":[{"taxonomy":"product_brand","embeddable":true,"href":"https:\/\/ueberlebenskunst.at\/survivalshop\/wp-json\/wp\/v2\/product_brand?post=96823"},{"taxonomy":"product_cat","embeddable":true,"href":"https:\/\/ueberlebenskunst.at\/survivalshop\/wp-json\/wp\/v2\/product_cat?post=96823"},{"taxonomy":"product_tag","embeddable":true,"href":"https:\/\/ueberlebenskunst.at\/survivalshop\/wp-json\/wp\/v2\/product_tag?post=96823"}],"curies":[{"name":"wp","href":"https:\/\/api.w.org\/{rel}","templated":true}]}}