{"id":94925,"date":"2022-08-01T14:24:31","date_gmt":"2022-08-01T12:24:31","guid":{"rendered":"https:\/\/ueberlebenskunst.at\/survivalshop\/?post_type=product&#038;p=94925"},"modified":"2026-04-23T14:30:40","modified_gmt":"2026-04-23T12:30:40","slug":"k4-feuerstahlhalterung-fuer-10mm-feuerstahl","status":"publish","type":"product","link":"https:\/\/ueberlebenskunst.at\/survivalshop\/shop\/k4-feuerstahlhalterung-fuer-10mm-feuerstahl\/","title":{"rendered":"K4 Feuerstahlhalterung inkl. Feuerstahl f\u00fcr ESEE Messer"},"content":{"rendered":"<p>Die K4 Feuerstahlhalterung f\u00fcr 10 mm + Feuerstahl ist passend f\u00fcr alle Messerscheiden mit ca. 10 mm Dicke wie zum Beispiel bei dem Esee Messer. Durch das flexible Material passt sie sich aber auch anderen Dicken sehr gut an. Der Lochabstand f\u00fcr die Befestigung an deiner Messerscheide sollte zwischen 25 &#8211; 40 mm Abstand betragen damit diese Feuerstahlhalterung montiert werden kann. Mit den mitgelieferten Schrauben-Sets wird der Halter an der Messerscheide montiert. Dank der Kreuzschlitzschrauben ist die Montage mit einfachem Werkzeug m\u00f6glich.<br \/>\nDie Gummischeibe dient zum Ausgleich, solltest du den Halter einmal an einer d\u00fcnnen Messerscheide anbringen wollen.<\/p>\n<p>Verlierst du auch gerne Schrauben? Bestell dir doch gleich die <a href=\"https:\/\/ueberlebenskunst.at\/survivalshop\/shop\/k4-2er-schraubenset-9mm\/\" target=\"_blank\" rel=\"noopener\">passenden 9 mm Ersatzschrauben<\/a> dazu.<\/p>\n<h3>Abmessungen:<\/h3>\n<ul>\n<li>L= 51 mm \/ B= 15 mm \/ H= 31 mm<\/li>\n<li>Durchmesser f\u00fcr Feuerstahl: 8 mm<\/li>\n<li>Gewicht: ca. 13 g<\/li>\n<\/ul>\n<h3>Lieferumfang:<\/h3>\n<ul>\n<li>1 Stk. Feuerstahlhalter<\/li>\n<li><a href=\"https:\/\/ueberlebenskunst.at\/survivalshop\/shop\/k4-2er-schraubenset-9mm\/\" target=\"_blank\" rel=\"noopener\">2 Set Schrauben f\u00fcr Montage<\/a><\/li>\n<li><a href=\"https:\/\/ueberlebenskunst.at\/survivalshop\/shop\/k4-ersatz-feuerstahl-mit-flexiband\/\" target=\"_blank\" rel=\"noopener\">1 Stk. Feuerstahl mit 8 mm<\/a><\/li>\n<li>inkl. Flexicord<\/li>\n<li><strong>ACHTUNG: auf den Produktbildern befindet sich optionales Zubeh\u00f6r, das im Lieferumfang NICHT enthalten ist.<\/strong><\/li>\n<\/ul>\n<h3>Bedienungs- &amp; Pflegeanleitung:<\/h3>\n<ul>\n<li>Die Reinigung mit Wasser und Seife ist m\u00f6glich.<\/li>\n<li>Du solltest das Produkt nicht direkt in die N\u00e4he von Feuer oder anderen Hitzequellen legen!<\/li>\n<li>Wird dein Feuerstahlhalter \u00fcber l\u00e4ngere Zeit sehr kalten Temperaturen unter 0 \u00b0C ausgesetzt, solltest du<br \/>\nin dem Moment darauf achten, dass keine starken Belastungen darauf einwirken.<\/li>\n<\/ul>\n<p>Unsere Produkte sind nicht f\u00fcr Kinder unter 3 Jahren geeignet. Es besteht Verschluckungsgefahr.<\/p>\n<p><a href=\"https:\/\/ueberlebenskunst.at\/survivalshop\/wp-content\/uploads\/2021\/11\/Logo_Kinder.png\"><img decoding=\"async\" class=\"alignnone size-medium wp-image-179571\" src=\"https:\/\/ueberlebenskunst.at\/survivalshop\/wp-content\/uploads\/2021\/11\/Logo_Kinder-300x126.png\" alt=\"\" width=\"300\" height=\"126\" srcset=\"https:\/\/ueberlebenskunst.at\/survivalshop\/wp-content\/uploads\/2021\/11\/Logo_Kinder-300x126.png 300w, https:\/\/ueberlebenskunst.at\/survivalshop\/wp-content\/uploads\/2021\/11\/Logo_Kinder-64x27.png 64w, https:\/\/ueberlebenskunst.at\/survivalshop\/wp-content\/uploads\/2021\/11\/Logo_Kinder.png 401w\" sizes=\"(max-width: 300px) 100vw, 300px\" \/><\/a><\/p>\n<p><span style=\"color: #99cc00;\">Du willst das Produkt in einer anderen Farbe? Schick uns eine E-Mail an shop@ueberlebenskunst.at und wir pr\u00fcfen, ob dein Farbwunsch\u00a0m\u00f6glich\u00a0ist.<\/span><\/p>\n","protected":false},"excerpt":{"rendered":"<p>Die K4 Feuerstahlhalterung f\u00fcr 10 mm + Feuerstahl ist passend f\u00fcr alle Messerscheiden mit ca. 10 mm Dicke wie zum Beispiel bei dem Esee Messer. Durch das flexible Material passt sie sich aber auch anderen Dicken sehr gut an. Der Lochabstand f\u00fcr die Befestigung an deiner Messerscheide sollte zwischen 25 &#8211; 40 mm Abstand betragen [&hellip;]<\/p>\n","protected":false},"featured_media":136799,"comment_status":"open","ping_status":"closed","template":"","meta":{"_acf_changed":false},"product_brand":[],"product_cat":[2389],"product_tag":[1516,236,1256,1259],"class_list":{"0":"post-94925","1":"product","2":"type-product","3":"status-publish","4":"has-post-thumbnail","6":"product_cat-flohmarkt","7":"product_tag-esee-messer","8":"product_tag-feuerstahl","9":"product_tag-k4","10":"product_tag-k4edc","12":"first","13":"instock","14":"sale","15":"taxable","16":"shipping-taxable","17":"purchasable","18":"product-type-simple"},"acf":[],"yoast_head":"<!-- This site is optimized with the Yoast SEO plugin v27.1.1 - https:\/\/yoast.com\/product\/yoast-seo-wordpress\/ -->\n<title>K4 Feuerstahlhalterung inkl. Feuerstahl f\u00fcr ESEE Messer<\/title>\n<meta name=\"description\" content=\"Hergestellt in \u00d6sterreich. Passend f\u00fcr Messerscheide mit ca.10mm Dicke. Dank des flexiblen Kunststoffes auch f\u00fcr andere Dicken anpassbar.\" \/>\n<meta name=\"robots\" content=\"index, follow, max-snippet:-1, max-image-preview:large, max-video-preview:-1\" \/>\n<link rel=\"canonical\" href=\"https:\/\/ueberlebenskunst.at\/survivalshop\/shop\/k4-feuerstahlhalterung-fuer-10mm-feuerstahl\/\" \/>\n<meta property=\"og:locale\" content=\"de_DE\" \/>\n<meta property=\"og:type\" content=\"article\" \/>\n<meta property=\"og:title\" content=\"K4 Feuerstahlhalterung inkl. Feuerstahl f\u00fcr ESEE Messer\" \/>\n<meta property=\"og:description\" content=\"Hergestellt in \u00d6sterreich. Passend f\u00fcr Messerscheide mit ca.10mm Dicke. Dank des flexiblen Kunststoffes auch f\u00fcr andere Dicken anpassbar.\" \/>\n<meta property=\"og:url\" content=\"https:\/\/ueberlebenskunst.at\/survivalshop\/shop\/k4-feuerstahlhalterung-fuer-10mm-feuerstahl\/\" \/>\n<meta property=\"og:site_name\" content=\"Reini Rossmann - Survival Shop\" \/>\n<meta property=\"article:publisher\" content=\"https:\/\/www.facebook.com\/survival24.org\/\" \/>\n<meta property=\"article:modified_time\" content=\"2026-04-23T12:30:40+00:00\" \/>\n<meta property=\"og:image\" content=\"https:\/\/ueberlebenskunst.at\/survivalshop\/wp-content\/uploads\/2022\/08\/Feuerstahlhalterung_Firesteel_FH10_ESEE-Messer_Beiger-Griff_sk.jpg\" \/>\n\t<meta property=\"og:image:width\" content=\"400\" \/>\n\t<meta property=\"og:image:height\" content=\"400\" \/>\n\t<meta property=\"og:image:type\" content=\"image\/jpeg\" \/>\n<meta name=\"twitter:card\" content=\"summary_large_image\" \/>\n<meta name=\"twitter:label1\" content=\"Gesch\u00e4tzte Lesezeit\" \/>\n\t<meta name=\"twitter:data1\" content=\"2\u00a0Minuten\" \/>\n<script type=\"application\/ld+json\" class=\"yoast-schema-graph\">{\"@context\":\"https:\/\/schema.org\",\"@graph\":[{\"@type\":\"WebPage\",\"@id\":\"https:\/\/ueberlebenskunst.at\/survivalshop\/shop\/k4-feuerstahlhalterung-fuer-10mm-feuerstahl\/\",\"url\":\"https:\/\/ueberlebenskunst.at\/survivalshop\/shop\/k4-feuerstahlhalterung-fuer-10mm-feuerstahl\/\",\"name\":\"K4 Feuerstahlhalterung inkl. Feuerstahl f\u00fcr ESEE Messer\",\"isPartOf\":{\"@id\":\"https:\/\/ueberlebenskunst.at\/survivalshop\/#website\"},\"primaryImageOfPage\":{\"@id\":\"https:\/\/ueberlebenskunst.at\/survivalshop\/shop\/k4-feuerstahlhalterung-fuer-10mm-feuerstahl\/#primaryimage\"},\"image\":{\"@id\":\"https:\/\/ueberlebenskunst.at\/survivalshop\/shop\/k4-feuerstahlhalterung-fuer-10mm-feuerstahl\/#primaryimage\"},\"thumbnailUrl\":\"https:\/\/ueberlebenskunst.at\/survivalshop\/wp-content\/uploads\/2022\/08\/Feuerstahlhalterung_Firesteel_FH10_ESEE-Messer_Beiger-Griff_sk.jpg\",\"datePublished\":\"2022-08-01T12:24:31+00:00\",\"dateModified\":\"2026-04-23T12:30:40+00:00\",\"description\":\"Hergestellt in \u00d6sterreich. Passend f\u00fcr Messerscheide mit ca.10mm Dicke. Dank des flexiblen Kunststoffes auch f\u00fcr andere Dicken anpassbar.\",\"breadcrumb\":{\"@id\":\"https:\/\/ueberlebenskunst.at\/survivalshop\/shop\/k4-feuerstahlhalterung-fuer-10mm-feuerstahl\/#breadcrumb\"},\"inLanguage\":\"de\",\"potentialAction\":[{\"@type\":\"ReadAction\",\"target\":[\"https:\/\/ueberlebenskunst.at\/survivalshop\/shop\/k4-feuerstahlhalterung-fuer-10mm-feuerstahl\/\"]}]},{\"@type\":\"ImageObject\",\"inLanguage\":\"de\",\"@id\":\"https:\/\/ueberlebenskunst.at\/survivalshop\/shop\/k4-feuerstahlhalterung-fuer-10mm-feuerstahl\/#primaryimage\",\"url\":\"https:\/\/ueberlebenskunst.at\/survivalshop\/wp-content\/uploads\/2022\/08\/Feuerstahlhalterung_Firesteel_FH10_ESEE-Messer_Beiger-Griff_sk.jpg\",\"contentUrl\":\"https:\/\/ueberlebenskunst.at\/survivalshop\/wp-content\/uploads\/2022\/08\/Feuerstahlhalterung_Firesteel_FH10_ESEE-Messer_Beiger-Griff_sk.jpg\",\"width\":400,\"height\":400},{\"@type\":\"BreadcrumbList\",\"@id\":\"https:\/\/ueberlebenskunst.at\/survivalshop\/shop\/k4-feuerstahlhalterung-fuer-10mm-feuerstahl\/#breadcrumb\",\"itemListElement\":[{\"@type\":\"ListItem\",\"position\":1,\"name\":\"Startseite\",\"item\":\"https:\/\/ueberlebenskunst.at\/survivalshop\/\"},{\"@type\":\"ListItem\",\"position\":2,\"name\":\"Shop\",\"item\":\"https:\/\/ueberlebenskunst.at\/survivalshop\/shop\/\"},{\"@type\":\"ListItem\",\"position\":3,\"name\":\"K4 Feuerstahlhalterung inkl. Feuerstahl f\u00fcr ESEE Messer\"}]},{\"@type\":\"WebSite\",\"@id\":\"https:\/\/ueberlebenskunst.at\/survivalshop\/#website\",\"url\":\"https:\/\/ueberlebenskunst.at\/survivalshop\/\",\"name\":\"Reini Rossmann - Survival Shop\",\"description\":\"Survival Shop f\u00fcr Survival, Bushcraft und Prepper\",\"potentialAction\":[{\"@type\":\"SearchAction\",\"target\":{\"@type\":\"EntryPoint\",\"urlTemplate\":\"https:\/\/ueberlebenskunst.at\/survivalshop\/?s={search_term_string}\"},\"query-input\":{\"@type\":\"PropertyValueSpecification\",\"valueRequired\":true,\"valueName\":\"search_term_string\"}}],\"inLanguage\":\"de\"}]}<\/script>\n<!-- \/ Yoast SEO plugin. -->","yoast_head_json":{"title":"K4 Feuerstahlhalterung inkl. Feuerstahl f\u00fcr ESEE Messer","description":"Hergestellt in \u00d6sterreich. Passend f\u00fcr Messerscheide mit ca.10mm Dicke. Dank des flexiblen Kunststoffes auch f\u00fcr andere Dicken anpassbar.","robots":{"index":"index","follow":"follow","max-snippet":"max-snippet:-1","max-image-preview":"max-image-preview:large","max-video-preview":"max-video-preview:-1"},"canonical":"https:\/\/ueberlebenskunst.at\/survivalshop\/shop\/k4-feuerstahlhalterung-fuer-10mm-feuerstahl\/","og_locale":"de_DE","og_type":"article","og_title":"K4 Feuerstahlhalterung inkl. Feuerstahl f\u00fcr ESEE Messer","og_description":"Hergestellt in \u00d6sterreich. Passend f\u00fcr Messerscheide mit ca.10mm Dicke. Dank des flexiblen Kunststoffes auch f\u00fcr andere Dicken anpassbar.","og_url":"https:\/\/ueberlebenskunst.at\/survivalshop\/shop\/k4-feuerstahlhalterung-fuer-10mm-feuerstahl\/","og_site_name":"Reini Rossmann - Survival Shop","article_publisher":"https:\/\/www.facebook.com\/survival24.org\/","article_modified_time":"2026-04-23T12:30:40+00:00","og_image":[{"width":400,"height":400,"url":"https:\/\/ueberlebenskunst.at\/survivalshop\/wp-content\/uploads\/2022\/08\/Feuerstahlhalterung_Firesteel_FH10_ESEE-Messer_Beiger-Griff_sk.jpg","type":"image\/jpeg"}],"twitter_card":"summary_large_image","twitter_misc":{"Gesch\u00e4tzte Lesezeit":"2\u00a0Minuten"},"schema":{"@context":"https:\/\/schema.org","@graph":[{"@type":"WebPage","@id":"https:\/\/ueberlebenskunst.at\/survivalshop\/shop\/k4-feuerstahlhalterung-fuer-10mm-feuerstahl\/","url":"https:\/\/ueberlebenskunst.at\/survivalshop\/shop\/k4-feuerstahlhalterung-fuer-10mm-feuerstahl\/","name":"K4 Feuerstahlhalterung inkl. Feuerstahl f\u00fcr ESEE Messer","isPartOf":{"@id":"https:\/\/ueberlebenskunst.at\/survivalshop\/#website"},"primaryImageOfPage":{"@id":"https:\/\/ueberlebenskunst.at\/survivalshop\/shop\/k4-feuerstahlhalterung-fuer-10mm-feuerstahl\/#primaryimage"},"image":{"@id":"https:\/\/ueberlebenskunst.at\/survivalshop\/shop\/k4-feuerstahlhalterung-fuer-10mm-feuerstahl\/#primaryimage"},"thumbnailUrl":"https:\/\/ueberlebenskunst.at\/survivalshop\/wp-content\/uploads\/2022\/08\/Feuerstahlhalterung_Firesteel_FH10_ESEE-Messer_Beiger-Griff_sk.jpg","datePublished":"2022-08-01T12:24:31+00:00","dateModified":"2026-04-23T12:30:40+00:00","description":"Hergestellt in \u00d6sterreich. Passend f\u00fcr Messerscheide mit ca.10mm Dicke. Dank des flexiblen Kunststoffes auch f\u00fcr andere Dicken anpassbar.","breadcrumb":{"@id":"https:\/\/ueberlebenskunst.at\/survivalshop\/shop\/k4-feuerstahlhalterung-fuer-10mm-feuerstahl\/#breadcrumb"},"inLanguage":"de","potentialAction":[{"@type":"ReadAction","target":["https:\/\/ueberlebenskunst.at\/survivalshop\/shop\/k4-feuerstahlhalterung-fuer-10mm-feuerstahl\/"]}]},{"@type":"ImageObject","inLanguage":"de","@id":"https:\/\/ueberlebenskunst.at\/survivalshop\/shop\/k4-feuerstahlhalterung-fuer-10mm-feuerstahl\/#primaryimage","url":"https:\/\/ueberlebenskunst.at\/survivalshop\/wp-content\/uploads\/2022\/08\/Feuerstahlhalterung_Firesteel_FH10_ESEE-Messer_Beiger-Griff_sk.jpg","contentUrl":"https:\/\/ueberlebenskunst.at\/survivalshop\/wp-content\/uploads\/2022\/08\/Feuerstahlhalterung_Firesteel_FH10_ESEE-Messer_Beiger-Griff_sk.jpg","width":400,"height":400},{"@type":"BreadcrumbList","@id":"https:\/\/ueberlebenskunst.at\/survivalshop\/shop\/k4-feuerstahlhalterung-fuer-10mm-feuerstahl\/#breadcrumb","itemListElement":[{"@type":"ListItem","position":1,"name":"Startseite","item":"https:\/\/ueberlebenskunst.at\/survivalshop\/"},{"@type":"ListItem","position":2,"name":"Shop","item":"https:\/\/ueberlebenskunst.at\/survivalshop\/shop\/"},{"@type":"ListItem","position":3,"name":"K4 Feuerstahlhalterung inkl. Feuerstahl f\u00fcr ESEE Messer"}]},{"@type":"WebSite","@id":"https:\/\/ueberlebenskunst.at\/survivalshop\/#website","url":"https:\/\/ueberlebenskunst.at\/survivalshop\/","name":"Reini Rossmann - Survival Shop","description":"Survival Shop f\u00fcr Survival, Bushcraft und Prepper","potentialAction":[{"@type":"SearchAction","target":{"@type":"EntryPoint","urlTemplate":"https:\/\/ueberlebenskunst.at\/survivalshop\/?s={search_term_string}"},"query-input":{"@type":"PropertyValueSpecification","valueRequired":true,"valueName":"search_term_string"}}],"inLanguage":"de"}]}},"_links":{"self":[{"href":"https:\/\/ueberlebenskunst.at\/survivalshop\/wp-json\/wp\/v2\/product\/94925","targetHints":{"allow":["GET"]}}],"collection":[{"href":"https:\/\/ueberlebenskunst.at\/survivalshop\/wp-json\/wp\/v2\/product"}],"about":[{"href":"https:\/\/ueberlebenskunst.at\/survivalshop\/wp-json\/wp\/v2\/types\/product"}],"replies":[{"embeddable":true,"href":"https:\/\/ueberlebenskunst.at\/survivalshop\/wp-json\/wp\/v2\/comments?post=94925"}],"wp:featuredmedia":[{"embeddable":true,"href":"https:\/\/ueberlebenskunst.at\/survivalshop\/wp-json\/wp\/v2\/media\/136799"}],"wp:attachment":[{"href":"https:\/\/ueberlebenskunst.at\/survivalshop\/wp-json\/wp\/v2\/media?parent=94925"}],"wp:term":[{"taxonomy":"product_brand","embeddable":true,"href":"https:\/\/ueberlebenskunst.at\/survivalshop\/wp-json\/wp\/v2\/product_brand?post=94925"},{"taxonomy":"product_cat","embeddable":true,"href":"https:\/\/ueberlebenskunst.at\/survivalshop\/wp-json\/wp\/v2\/product_cat?post=94925"},{"taxonomy":"product_tag","embeddable":true,"href":"https:\/\/ueberlebenskunst.at\/survivalshop\/wp-json\/wp\/v2\/product_tag?post=94925"}],"curies":[{"name":"wp","href":"https:\/\/api.w.org\/{rel}","templated":true}]}}