{"id":94537,"date":"2022-07-22T08:46:29","date_gmt":"2022-07-22T06:46:29","guid":{"rendered":"https:\/\/ueberlebenskunst.at\/survivalshop\/?post_type=product&#038;p=94537"},"modified":"2026-03-27T09:26:14","modified_gmt":"2026-03-27T08:26:14","slug":"k4-ersatz-feuerstahl-mit-flexiband","status":"publish","type":"product","link":"https:\/\/ueberlebenskunst.at\/survivalshop\/shop\/k4-ersatz-feuerstahl-mit-flexiband\/","title":{"rendered":"K4 Ersatz-Feuerstahl mit Flexiband"},"content":{"rendered":"<p>Der K4 Ersatz-Feuerstahl mit passendem Flexicord ist ideal, um f\u00fcr die <a href=\"https:\/\/ueberlebenskunst.at\/survivalshop\/shop\/universal-feuerstahlhalter\/\" target=\"_blank\" rel=\"noopener\">K4 Universal-Feuerstahl-Halterung<\/a> sowie f\u00fcr die All Day Carry Feuerstahl-Scheide als Ersatz zu dienen.<\/p>\n<p>Schlie\u00dflich arbeitet sich der Feuerstahl nach vielmaligen Gebrauch ab, und so hast du die M\u00f6glichkeit jederzeit in neues Teil zu erwerben.<\/p>\n<p>Das mitgelieferte Flexiband l\u00e4sst sich an deine Bedingungen und Vorstellungen genau anpassen und bietet so nochmals ein Extra-Plus an Sicherheit und Haltbarkeit in der K4 Scheide.<\/p>\n<h3><strong>Lieferumfang: <\/strong><\/h3>\n<ul>\n<li>&#8220;K4 Feuerstahl&#8221;<\/li>\n<li>Passendes flexibles Band<\/li>\n<\/ul>\n<h3><strong>Produktdaten:<\/strong><\/h3>\n<ul>\n<li>Feuerstahl: 8 mm Durchmesser x ca. 10 cm L\u00e4nge (inkl. Griff)<\/li>\n<li>Flexicord: 3 mm Durchmesser mit einer L\u00e4nge von ca. 20 cm<\/li>\n<\/ul>\n","protected":false},"excerpt":{"rendered":"<p>Der K4 Ersatz-Feuerstahl mit passendem Flexicord ist ideal, um f\u00fcr die K4 Universal-Feuerstahl-Halterung sowie f\u00fcr die All Day Carry Feuerstahl-Scheide als Ersatz zu dienen. Schlie\u00dflich arbeitet sich der Feuerstahl nach vielmaligen Gebrauch ab, und so hast du die M\u00f6glichkeit jederzeit in neues Teil zu erwerben. Das mitgelieferte Flexiband l\u00e4sst sich an deine Bedingungen und Vorstellungen [&hellip;]<\/p>\n","protected":false},"featured_media":136787,"comment_status":"open","ping_status":"closed","template":"","meta":{"_acf_changed":false},"product_brand":[],"product_cat":[1101,1945],"product_tag":[236,1256,1255],"class_list":{"0":"post-94537","1":"product","2":"type-product","3":"status-publish","4":"has-post-thumbnail","6":"product_cat-ausruestung","7":"product_cat-survivalausruestung","8":"product_tag-feuerstahl","9":"product_tag-k4","10":"product_tag-knives4","12":"first","13":"instock","14":"taxable","15":"shipping-taxable","16":"purchasable","17":"product-type-simple"},"acf":[],"yoast_head":"<!-- This site is optimized with the Yoast SEO plugin v27.1.1 - https:\/\/yoast.com\/product\/yoast-seo-wordpress\/ -->\n<title>K4 Ersatz-Feuerstahl mit Flexiband<\/title>\n<meta name=\"description\" content=\"Feuerstahl: 8mm Durchmesser x ca. 10cm L\u00e4nge (inkl. Griff)Flexicord: 3mm Durchmesser mit einer L\u00e4nge von ca. 20cm\" \/>\n<meta name=\"robots\" content=\"index, follow, max-snippet:-1, max-image-preview:large, max-video-preview:-1\" \/>\n<link rel=\"canonical\" href=\"https:\/\/ueberlebenskunst.at\/survivalshop\/shop\/k4-ersatz-feuerstahl-mit-flexiband\/\" \/>\n<meta property=\"og:locale\" content=\"de_DE\" \/>\n<meta property=\"og:type\" content=\"article\" \/>\n<meta property=\"og:title\" content=\"K4 Ersatz-Feuerstahl mit Flexiband\" \/>\n<meta property=\"og:description\" content=\"Feuerstahl: 8mm Durchmesser x ca. 10cm L\u00e4nge (inkl. Griff)Flexicord: 3mm Durchmesser mit einer L\u00e4nge von ca. 20cm\" \/>\n<meta property=\"og:url\" content=\"https:\/\/ueberlebenskunst.at\/survivalshop\/shop\/k4-ersatz-feuerstahl-mit-flexiband\/\" \/>\n<meta property=\"og:site_name\" content=\"Reini Rossmann - Survival Shop\" \/>\n<meta property=\"article:publisher\" content=\"https:\/\/www.facebook.com\/survival24.org\/\" \/>\n<meta property=\"article:modified_time\" content=\"2026-03-27T08:26:14+00:00\" \/>\n<meta property=\"og:image\" content=\"https:\/\/ueberlebenskunst.at\/survivalshop\/wp-content\/uploads\/2022\/07\/Ersatz_Feuerstahl_Flexicord_sk.jpg\" \/>\n\t<meta property=\"og:image:width\" content=\"400\" \/>\n\t<meta property=\"og:image:height\" content=\"400\" \/>\n\t<meta property=\"og:image:type\" content=\"image\/jpeg\" \/>\n<meta name=\"twitter:card\" content=\"summary_large_image\" \/>\n<meta name=\"twitter:label1\" content=\"Gesch\u00e4tzte Lesezeit\" \/>\n\t<meta name=\"twitter:data1\" content=\"1\u00a0Minute\" \/>\n<script type=\"application\/ld+json\" class=\"yoast-schema-graph\">{\"@context\":\"https:\/\/schema.org\",\"@graph\":[{\"@type\":\"WebPage\",\"@id\":\"https:\/\/ueberlebenskunst.at\/survivalshop\/shop\/k4-ersatz-feuerstahl-mit-flexiband\/\",\"url\":\"https:\/\/ueberlebenskunst.at\/survivalshop\/shop\/k4-ersatz-feuerstahl-mit-flexiband\/\",\"name\":\"K4 Ersatz-Feuerstahl mit Flexiband\",\"isPartOf\":{\"@id\":\"https:\/\/ueberlebenskunst.at\/survivalshop\/#website\"},\"primaryImageOfPage\":{\"@id\":\"https:\/\/ueberlebenskunst.at\/survivalshop\/shop\/k4-ersatz-feuerstahl-mit-flexiband\/#primaryimage\"},\"image\":{\"@id\":\"https:\/\/ueberlebenskunst.at\/survivalshop\/shop\/k4-ersatz-feuerstahl-mit-flexiband\/#primaryimage\"},\"thumbnailUrl\":\"https:\/\/ueberlebenskunst.at\/survivalshop\/wp-content\/uploads\/2022\/07\/Ersatz_Feuerstahl_Flexicord_sk.jpg\",\"datePublished\":\"2022-07-22T06:46:29+00:00\",\"dateModified\":\"2026-03-27T08:26:14+00:00\",\"description\":\"Feuerstahl: 8mm Durchmesser x ca. 10cm L\u00e4nge (inkl. Griff)Flexicord: 3mm Durchmesser mit einer L\u00e4nge von ca. 20cm\",\"breadcrumb\":{\"@id\":\"https:\/\/ueberlebenskunst.at\/survivalshop\/shop\/k4-ersatz-feuerstahl-mit-flexiband\/#breadcrumb\"},\"inLanguage\":\"de\",\"potentialAction\":[{\"@type\":\"ReadAction\",\"target\":[\"https:\/\/ueberlebenskunst.at\/survivalshop\/shop\/k4-ersatz-feuerstahl-mit-flexiband\/\"]}]},{\"@type\":\"ImageObject\",\"inLanguage\":\"de\",\"@id\":\"https:\/\/ueberlebenskunst.at\/survivalshop\/shop\/k4-ersatz-feuerstahl-mit-flexiband\/#primaryimage\",\"url\":\"https:\/\/ueberlebenskunst.at\/survivalshop\/wp-content\/uploads\/2022\/07\/Ersatz_Feuerstahl_Flexicord_sk.jpg\",\"contentUrl\":\"https:\/\/ueberlebenskunst.at\/survivalshop\/wp-content\/uploads\/2022\/07\/Ersatz_Feuerstahl_Flexicord_sk.jpg\",\"width\":400,\"height\":400},{\"@type\":\"BreadcrumbList\",\"@id\":\"https:\/\/ueberlebenskunst.at\/survivalshop\/shop\/k4-ersatz-feuerstahl-mit-flexiband\/#breadcrumb\",\"itemListElement\":[{\"@type\":\"ListItem\",\"position\":1,\"name\":\"Startseite\",\"item\":\"https:\/\/ueberlebenskunst.at\/survivalshop\/\"},{\"@type\":\"ListItem\",\"position\":2,\"name\":\"Shop\",\"item\":\"https:\/\/ueberlebenskunst.at\/survivalshop\/shop\/\"},{\"@type\":\"ListItem\",\"position\":3,\"name\":\"K4 Ersatz-Feuerstahl mit Flexiband\"}]},{\"@type\":\"WebSite\",\"@id\":\"https:\/\/ueberlebenskunst.at\/survivalshop\/#website\",\"url\":\"https:\/\/ueberlebenskunst.at\/survivalshop\/\",\"name\":\"Reini Rossmann - Survival Shop\",\"description\":\"Survival Shop f\u00fcr Survival, Bushcraft und Prepper\",\"potentialAction\":[{\"@type\":\"SearchAction\",\"target\":{\"@type\":\"EntryPoint\",\"urlTemplate\":\"https:\/\/ueberlebenskunst.at\/survivalshop\/?s={search_term_string}\"},\"query-input\":{\"@type\":\"PropertyValueSpecification\",\"valueRequired\":true,\"valueName\":\"search_term_string\"}}],\"inLanguage\":\"de\"}]}<\/script>\n<!-- \/ Yoast SEO plugin. -->","yoast_head_json":{"title":"K4 Ersatz-Feuerstahl mit Flexiband","description":"Feuerstahl: 8mm Durchmesser x ca. 10cm L\u00e4nge (inkl. Griff)Flexicord: 3mm Durchmesser mit einer L\u00e4nge von ca. 20cm","robots":{"index":"index","follow":"follow","max-snippet":"max-snippet:-1","max-image-preview":"max-image-preview:large","max-video-preview":"max-video-preview:-1"},"canonical":"https:\/\/ueberlebenskunst.at\/survivalshop\/shop\/k4-ersatz-feuerstahl-mit-flexiband\/","og_locale":"de_DE","og_type":"article","og_title":"K4 Ersatz-Feuerstahl mit Flexiband","og_description":"Feuerstahl: 8mm Durchmesser x ca. 10cm L\u00e4nge (inkl. Griff)Flexicord: 3mm Durchmesser mit einer L\u00e4nge von ca. 20cm","og_url":"https:\/\/ueberlebenskunst.at\/survivalshop\/shop\/k4-ersatz-feuerstahl-mit-flexiband\/","og_site_name":"Reini Rossmann - Survival Shop","article_publisher":"https:\/\/www.facebook.com\/survival24.org\/","article_modified_time":"2026-03-27T08:26:14+00:00","og_image":[{"width":400,"height":400,"url":"https:\/\/ueberlebenskunst.at\/survivalshop\/wp-content\/uploads\/2022\/07\/Ersatz_Feuerstahl_Flexicord_sk.jpg","type":"image\/jpeg"}],"twitter_card":"summary_large_image","twitter_misc":{"Gesch\u00e4tzte Lesezeit":"1\u00a0Minute"},"schema":{"@context":"https:\/\/schema.org","@graph":[{"@type":"WebPage","@id":"https:\/\/ueberlebenskunst.at\/survivalshop\/shop\/k4-ersatz-feuerstahl-mit-flexiband\/","url":"https:\/\/ueberlebenskunst.at\/survivalshop\/shop\/k4-ersatz-feuerstahl-mit-flexiband\/","name":"K4 Ersatz-Feuerstahl mit Flexiband","isPartOf":{"@id":"https:\/\/ueberlebenskunst.at\/survivalshop\/#website"},"primaryImageOfPage":{"@id":"https:\/\/ueberlebenskunst.at\/survivalshop\/shop\/k4-ersatz-feuerstahl-mit-flexiband\/#primaryimage"},"image":{"@id":"https:\/\/ueberlebenskunst.at\/survivalshop\/shop\/k4-ersatz-feuerstahl-mit-flexiband\/#primaryimage"},"thumbnailUrl":"https:\/\/ueberlebenskunst.at\/survivalshop\/wp-content\/uploads\/2022\/07\/Ersatz_Feuerstahl_Flexicord_sk.jpg","datePublished":"2022-07-22T06:46:29+00:00","dateModified":"2026-03-27T08:26:14+00:00","description":"Feuerstahl: 8mm Durchmesser x ca. 10cm L\u00e4nge (inkl. Griff)Flexicord: 3mm Durchmesser mit einer L\u00e4nge von ca. 20cm","breadcrumb":{"@id":"https:\/\/ueberlebenskunst.at\/survivalshop\/shop\/k4-ersatz-feuerstahl-mit-flexiband\/#breadcrumb"},"inLanguage":"de","potentialAction":[{"@type":"ReadAction","target":["https:\/\/ueberlebenskunst.at\/survivalshop\/shop\/k4-ersatz-feuerstahl-mit-flexiband\/"]}]},{"@type":"ImageObject","inLanguage":"de","@id":"https:\/\/ueberlebenskunst.at\/survivalshop\/shop\/k4-ersatz-feuerstahl-mit-flexiband\/#primaryimage","url":"https:\/\/ueberlebenskunst.at\/survivalshop\/wp-content\/uploads\/2022\/07\/Ersatz_Feuerstahl_Flexicord_sk.jpg","contentUrl":"https:\/\/ueberlebenskunst.at\/survivalshop\/wp-content\/uploads\/2022\/07\/Ersatz_Feuerstahl_Flexicord_sk.jpg","width":400,"height":400},{"@type":"BreadcrumbList","@id":"https:\/\/ueberlebenskunst.at\/survivalshop\/shop\/k4-ersatz-feuerstahl-mit-flexiband\/#breadcrumb","itemListElement":[{"@type":"ListItem","position":1,"name":"Startseite","item":"https:\/\/ueberlebenskunst.at\/survivalshop\/"},{"@type":"ListItem","position":2,"name":"Shop","item":"https:\/\/ueberlebenskunst.at\/survivalshop\/shop\/"},{"@type":"ListItem","position":3,"name":"K4 Ersatz-Feuerstahl mit Flexiband"}]},{"@type":"WebSite","@id":"https:\/\/ueberlebenskunst.at\/survivalshop\/#website","url":"https:\/\/ueberlebenskunst.at\/survivalshop\/","name":"Reini Rossmann - Survival Shop","description":"Survival Shop f\u00fcr Survival, Bushcraft und Prepper","potentialAction":[{"@type":"SearchAction","target":{"@type":"EntryPoint","urlTemplate":"https:\/\/ueberlebenskunst.at\/survivalshop\/?s={search_term_string}"},"query-input":{"@type":"PropertyValueSpecification","valueRequired":true,"valueName":"search_term_string"}}],"inLanguage":"de"}]}},"_links":{"self":[{"href":"https:\/\/ueberlebenskunst.at\/survivalshop\/wp-json\/wp\/v2\/product\/94537","targetHints":{"allow":["GET"]}}],"collection":[{"href":"https:\/\/ueberlebenskunst.at\/survivalshop\/wp-json\/wp\/v2\/product"}],"about":[{"href":"https:\/\/ueberlebenskunst.at\/survivalshop\/wp-json\/wp\/v2\/types\/product"}],"replies":[{"embeddable":true,"href":"https:\/\/ueberlebenskunst.at\/survivalshop\/wp-json\/wp\/v2\/comments?post=94537"}],"wp:featuredmedia":[{"embeddable":true,"href":"https:\/\/ueberlebenskunst.at\/survivalshop\/wp-json\/wp\/v2\/media\/136787"}],"wp:attachment":[{"href":"https:\/\/ueberlebenskunst.at\/survivalshop\/wp-json\/wp\/v2\/media?parent=94537"}],"wp:term":[{"taxonomy":"product_brand","embeddable":true,"href":"https:\/\/ueberlebenskunst.at\/survivalshop\/wp-json\/wp\/v2\/product_brand?post=94537"},{"taxonomy":"product_cat","embeddable":true,"href":"https:\/\/ueberlebenskunst.at\/survivalshop\/wp-json\/wp\/v2\/product_cat?post=94537"},{"taxonomy":"product_tag","embeddable":true,"href":"https:\/\/ueberlebenskunst.at\/survivalshop\/wp-json\/wp\/v2\/product_tag?post=94537"}],"curies":[{"name":"wp","href":"https:\/\/api.w.org\/{rel}","templated":true}]}}