{"id":9429,"date":"2019-01-18T13:10:59","date_gmt":"2019-01-18T11:10:59","guid":{"rendered":"https:\/\/ueberlebenskunst.at\/survivalshop\/survivalshop\/?post_type=product&#038;p=9429"},"modified":"2024-12-06T12:45:13","modified_gmt":"2024-12-06T11:45:13","slug":"boeker-magnum-challenger","status":"seo-produkt","type":"product","link":"https:\/\/ueberlebenskunst.at\/survivalshop\/shop\/boeker-magnum-challenger\/","title":{"rendered":"B\u00f6ker Magnum Challenger"},"content":{"rendered":"<p>Das Magnum Challenger von B\u00f6ker ist ein Neck Knife, das durch seine besondere Form heraus sticht. Es ist ein schlankes Full-Tang Messer aus einem St\u00fcck 440A Stahl, rostfrei. Der Griff mit den G10-Griffschalen bietet optimalen Grip ohne dabei unangenehm zu sein. Das Messer wird standardm\u00e4\u00dfig in einer sch\u00f6nen und perfekt sitzenden Kydexscheide geliefert. Auch die Kugelkette zum Umh\u00e4ngen des Messers ist im Lieferumfang enthalten. Ideal, um den <a href=\"https:\/\/ueberlebenskunst.at\/survivalshop\/shop\/xxxl-feuerstahl-rohling\/\" target=\"_blank\" rel=\"noopener noreferrer\">Feuerstahl<\/a> bedienen zu k\u00f6nnen.<\/p>\n<h3><strong>Produktdetails:<\/strong><\/h3>\n<ul>\n<li>Gesamtl\u00e4nge: 12,2 cm<\/li>\n<li>Klingenl\u00e4nge: 5,2 cm<\/li>\n<li>Klingenst\u00e4rke: 2,7 mm<\/li>\n<li>Gewicht: 46 g<\/li>\n<li>Klingenmaterial: 440A<\/li>\n<li>Griffmaterial: G10<\/li>\n<\/ul>\n","protected":false},"excerpt":{"rendered":"<p>Kleines und leichtes EDC-Neckknife mit bestem Preis-Leistungsverh\u00e4ltnis<\/p>\n","protected":false},"featured_media":9430,"comment_status":"open","ping_status":"closed","template":"","meta":{"_acf_changed":false},"product_brand":[],"product_cat":[426],"product_tag":[689,251,270,287,317,616,688],"class_list":{"0":"post-9429","1":"product","2":"type-product","3":"status-seo-produkt","4":"has-post-thumbnail","6":"product_cat-unkategorisiert","7":"product_tag-440a","8":"product_tag-boeker","9":"product_tag-edc","10":"product_tag-full-tang-messer","11":"product_tag-leichte-edc-messer","12":"product_tag-necki","13":"product_tag-neckknife","15":"first","16":"outofstock","17":"taxable","18":"shipping-taxable","19":"product-type-simple"},"acf":[],"yoast_head":"<!-- This site is optimized with the Yoast SEO plugin v27.1.1 - https:\/\/yoast.com\/product\/yoast-seo-wordpress\/ -->\n<title>B\u00f6ker Magnum Challenger - Neck Knife mit Kydex Scheide<\/title>\n<meta name=\"description\" content=\"Das B\u00f6ker Magnum Challenger ist als Full Tang ausgef\u00fchrt mit einer G10 Griffschale f\u00fcr idealen Gripp beim Arbeiten\" \/>\n<meta name=\"robots\" content=\"index, follow, max-snippet:-1, max-image-preview:large, max-video-preview:-1\" \/>\n<link rel=\"canonical\" href=\"https:\/\/ueberlebenskunst.at\/survivalshop\/shop\/boeker-magnum-challenger\/\" \/>\n<meta property=\"og:locale\" content=\"de_DE\" \/>\n<meta property=\"og:type\" content=\"article\" \/>\n<meta property=\"og:title\" content=\"B\u00f6ker Magnum Challenger - Neck Knife mit Kydex Scheide\" \/>\n<meta property=\"og:description\" content=\"Das B\u00f6ker Magnum Challenger ist als Full Tang ausgef\u00fchrt mit einer G10 Griffschale f\u00fcr idealen Gripp beim Arbeiten\" \/>\n<meta property=\"og:url\" content=\"https:\/\/ueberlebenskunst.at\/survivalshop\/shop\/boeker-magnum-challenger\/\" \/>\n<meta property=\"og:site_name\" content=\"Reini Rossmann - Survival Shop\" \/>\n<meta property=\"article:publisher\" content=\"https:\/\/www.facebook.com\/survival24.org\/\" \/>\n<meta property=\"article:modified_time\" content=\"2024-12-06T11:45:13+00:00\" \/>\n<meta property=\"og:image\" content=\"https:\/\/ueberlebenskunst.at\/survivalshop\/wp-content\/uploads\/2019\/01\/boker-magnum-challenger.jpg\" \/>\n\t<meta property=\"og:image:width\" content=\"600\" \/>\n\t<meta property=\"og:image:height\" content=\"447\" \/>\n\t<meta property=\"og:image:type\" content=\"image\/jpeg\" \/>\n<meta name=\"twitter:card\" content=\"summary_large_image\" \/>\n<meta name=\"twitter:label1\" content=\"Gesch\u00e4tzte Lesezeit\" \/>\n\t<meta name=\"twitter:data1\" content=\"1\u00a0Minute\" \/>\n<script type=\"application\/ld+json\" class=\"yoast-schema-graph\">{\"@context\":\"https:\/\/schema.org\",\"@graph\":[{\"@type\":\"WebPage\",\"@id\":\"https:\/\/ueberlebenskunst.at\/survivalshop\/shop\/boeker-magnum-challenger\/\",\"url\":\"https:\/\/ueberlebenskunst.at\/survivalshop\/shop\/boeker-magnum-challenger\/\",\"name\":\"B\u00f6ker Magnum Challenger - Neck Knife mit Kydex Scheide\",\"isPartOf\":{\"@id\":\"https:\/\/ueberlebenskunst.at\/survivalshop\/#website\"},\"primaryImageOfPage\":{\"@id\":\"https:\/\/ueberlebenskunst.at\/survivalshop\/shop\/boeker-magnum-challenger\/#primaryimage\"},\"image\":{\"@id\":\"https:\/\/ueberlebenskunst.at\/survivalshop\/shop\/boeker-magnum-challenger\/#primaryimage\"},\"thumbnailUrl\":\"https:\/\/ueberlebenskunst.at\/survivalshop\/wp-content\/uploads\/2019\/01\/boker-magnum-challenger.jpg\",\"datePublished\":\"2019-01-18T11:10:59+00:00\",\"dateModified\":\"2024-12-06T11:45:13+00:00\",\"description\":\"Das B\u00f6ker Magnum Challenger ist als Full Tang ausgef\u00fchrt mit einer G10 Griffschale f\u00fcr idealen Gripp beim Arbeiten\",\"breadcrumb\":{\"@id\":\"https:\/\/ueberlebenskunst.at\/survivalshop\/shop\/boeker-magnum-challenger\/#breadcrumb\"},\"inLanguage\":\"de\",\"potentialAction\":[{\"@type\":\"ReadAction\",\"target\":[\"https:\/\/ueberlebenskunst.at\/survivalshop\/shop\/boeker-magnum-challenger\/\"]}]},{\"@type\":\"ImageObject\",\"inLanguage\":\"de\",\"@id\":\"https:\/\/ueberlebenskunst.at\/survivalshop\/shop\/boeker-magnum-challenger\/#primaryimage\",\"url\":\"https:\/\/ueberlebenskunst.at\/survivalshop\/wp-content\/uploads\/2019\/01\/boker-magnum-challenger.jpg\",\"contentUrl\":\"https:\/\/ueberlebenskunst.at\/survivalshop\/wp-content\/uploads\/2019\/01\/boker-magnum-challenger.jpg\",\"width\":600,\"height\":447,\"caption\":\"b\u00f6ker magnum challenger\"},{\"@type\":\"BreadcrumbList\",\"@id\":\"https:\/\/ueberlebenskunst.at\/survivalshop\/shop\/boeker-magnum-challenger\/#breadcrumb\",\"itemListElement\":[{\"@type\":\"ListItem\",\"position\":1,\"name\":\"Startseite\",\"item\":\"https:\/\/ueberlebenskunst.at\/survivalshop\/\"},{\"@type\":\"ListItem\",\"position\":2,\"name\":\"Shop\",\"item\":\"https:\/\/ueberlebenskunst.at\/survivalshop\/shop\/\"},{\"@type\":\"ListItem\",\"position\":3,\"name\":\"B\u00f6ker Magnum Challenger\"}]},{\"@type\":\"WebSite\",\"@id\":\"https:\/\/ueberlebenskunst.at\/survivalshop\/#website\",\"url\":\"https:\/\/ueberlebenskunst.at\/survivalshop\/\",\"name\":\"Reini Rossmann - Survival Shop\",\"description\":\"Survival Shop f\u00fcr Survival, Bushcraft und Prepper\",\"potentialAction\":[{\"@type\":\"SearchAction\",\"target\":{\"@type\":\"EntryPoint\",\"urlTemplate\":\"https:\/\/ueberlebenskunst.at\/survivalshop\/?s={search_term_string}\"},\"query-input\":{\"@type\":\"PropertyValueSpecification\",\"valueRequired\":true,\"valueName\":\"search_term_string\"}}],\"inLanguage\":\"de\"}]}<\/script>\n<!-- \/ Yoast SEO plugin. -->","yoast_head_json":{"title":"B\u00f6ker Magnum Challenger - Neck Knife mit Kydex Scheide","description":"Das B\u00f6ker Magnum Challenger ist als Full Tang ausgef\u00fchrt mit einer G10 Griffschale f\u00fcr idealen Gripp beim Arbeiten","robots":{"index":"index","follow":"follow","max-snippet":"max-snippet:-1","max-image-preview":"max-image-preview:large","max-video-preview":"max-video-preview:-1"},"canonical":"https:\/\/ueberlebenskunst.at\/survivalshop\/shop\/boeker-magnum-challenger\/","og_locale":"de_DE","og_type":"article","og_title":"B\u00f6ker Magnum Challenger - Neck Knife mit Kydex Scheide","og_description":"Das B\u00f6ker Magnum Challenger ist als Full Tang ausgef\u00fchrt mit einer G10 Griffschale f\u00fcr idealen Gripp beim Arbeiten","og_url":"https:\/\/ueberlebenskunst.at\/survivalshop\/shop\/boeker-magnum-challenger\/","og_site_name":"Reini Rossmann - Survival Shop","article_publisher":"https:\/\/www.facebook.com\/survival24.org\/","article_modified_time":"2024-12-06T11:45:13+00:00","og_image":[{"width":600,"height":447,"url":"https:\/\/ueberlebenskunst.at\/survivalshop\/wp-content\/uploads\/2019\/01\/boker-magnum-challenger.jpg","type":"image\/jpeg"}],"twitter_card":"summary_large_image","twitter_misc":{"Gesch\u00e4tzte Lesezeit":"1\u00a0Minute"},"schema":{"@context":"https:\/\/schema.org","@graph":[{"@type":"WebPage","@id":"https:\/\/ueberlebenskunst.at\/survivalshop\/shop\/boeker-magnum-challenger\/","url":"https:\/\/ueberlebenskunst.at\/survivalshop\/shop\/boeker-magnum-challenger\/","name":"B\u00f6ker Magnum Challenger - Neck Knife mit Kydex Scheide","isPartOf":{"@id":"https:\/\/ueberlebenskunst.at\/survivalshop\/#website"},"primaryImageOfPage":{"@id":"https:\/\/ueberlebenskunst.at\/survivalshop\/shop\/boeker-magnum-challenger\/#primaryimage"},"image":{"@id":"https:\/\/ueberlebenskunst.at\/survivalshop\/shop\/boeker-magnum-challenger\/#primaryimage"},"thumbnailUrl":"https:\/\/ueberlebenskunst.at\/survivalshop\/wp-content\/uploads\/2019\/01\/boker-magnum-challenger.jpg","datePublished":"2019-01-18T11:10:59+00:00","dateModified":"2024-12-06T11:45:13+00:00","description":"Das B\u00f6ker Magnum Challenger ist als Full Tang ausgef\u00fchrt mit einer G10 Griffschale f\u00fcr idealen Gripp beim Arbeiten","breadcrumb":{"@id":"https:\/\/ueberlebenskunst.at\/survivalshop\/shop\/boeker-magnum-challenger\/#breadcrumb"},"inLanguage":"de","potentialAction":[{"@type":"ReadAction","target":["https:\/\/ueberlebenskunst.at\/survivalshop\/shop\/boeker-magnum-challenger\/"]}]},{"@type":"ImageObject","inLanguage":"de","@id":"https:\/\/ueberlebenskunst.at\/survivalshop\/shop\/boeker-magnum-challenger\/#primaryimage","url":"https:\/\/ueberlebenskunst.at\/survivalshop\/wp-content\/uploads\/2019\/01\/boker-magnum-challenger.jpg","contentUrl":"https:\/\/ueberlebenskunst.at\/survivalshop\/wp-content\/uploads\/2019\/01\/boker-magnum-challenger.jpg","width":600,"height":447,"caption":"b\u00f6ker magnum challenger"},{"@type":"BreadcrumbList","@id":"https:\/\/ueberlebenskunst.at\/survivalshop\/shop\/boeker-magnum-challenger\/#breadcrumb","itemListElement":[{"@type":"ListItem","position":1,"name":"Startseite","item":"https:\/\/ueberlebenskunst.at\/survivalshop\/"},{"@type":"ListItem","position":2,"name":"Shop","item":"https:\/\/ueberlebenskunst.at\/survivalshop\/shop\/"},{"@type":"ListItem","position":3,"name":"B\u00f6ker Magnum Challenger"}]},{"@type":"WebSite","@id":"https:\/\/ueberlebenskunst.at\/survivalshop\/#website","url":"https:\/\/ueberlebenskunst.at\/survivalshop\/","name":"Reini Rossmann - Survival Shop","description":"Survival Shop f\u00fcr Survival, Bushcraft und Prepper","potentialAction":[{"@type":"SearchAction","target":{"@type":"EntryPoint","urlTemplate":"https:\/\/ueberlebenskunst.at\/survivalshop\/?s={search_term_string}"},"query-input":{"@type":"PropertyValueSpecification","valueRequired":true,"valueName":"search_term_string"}}],"inLanguage":"de"}]}},"_links":{"self":[{"href":"https:\/\/ueberlebenskunst.at\/survivalshop\/wp-json\/wp\/v2\/product\/9429","targetHints":{"allow":["GET"]}}],"collection":[{"href":"https:\/\/ueberlebenskunst.at\/survivalshop\/wp-json\/wp\/v2\/product"}],"about":[{"href":"https:\/\/ueberlebenskunst.at\/survivalshop\/wp-json\/wp\/v2\/types\/product"}],"replies":[{"embeddable":true,"href":"https:\/\/ueberlebenskunst.at\/survivalshop\/wp-json\/wp\/v2\/comments?post=9429"}],"wp:featuredmedia":[{"embeddable":true,"href":"https:\/\/ueberlebenskunst.at\/survivalshop\/wp-json\/wp\/v2\/media\/9430"}],"wp:attachment":[{"href":"https:\/\/ueberlebenskunst.at\/survivalshop\/wp-json\/wp\/v2\/media?parent=9429"}],"wp:term":[{"taxonomy":"product_brand","embeddable":true,"href":"https:\/\/ueberlebenskunst.at\/survivalshop\/wp-json\/wp\/v2\/product_brand?post=9429"},{"taxonomy":"product_cat","embeddable":true,"href":"https:\/\/ueberlebenskunst.at\/survivalshop\/wp-json\/wp\/v2\/product_cat?post=9429"},{"taxonomy":"product_tag","embeddable":true,"href":"https:\/\/ueberlebenskunst.at\/survivalshop\/wp-json\/wp\/v2\/product_tag?post=9429"}],"curies":[{"name":"wp","href":"https:\/\/api.w.org\/{rel}","templated":true}]}}