{"id":94181,"date":"2022-07-18T15:27:35","date_gmt":"2022-07-18T13:27:35","guid":{"rendered":"https:\/\/ueberlebenskunst.at\/survivalshop\/?post_type=product&#038;p=94181"},"modified":"2026-04-07T11:39:12","modified_gmt":"2026-04-07T09:39:12","slug":"ar-6-stinger-2-wurfarm-montageblock","status":"publish","type":"product","link":"https:\/\/ueberlebenskunst.at\/survivalshop\/shop\/ar-6-stinger-2-wurfarm-montageblock\/","title":{"rendered":"AR-6 Stinger 2 &#8211; Wurfarm-Montageblock"},"content":{"rendered":"<p>Montageblock zur Vorbereitung der Wurfarme der AR-6 Stinger 2 f\u00fcr das Upgrade-Kit \u201cSchnellwechsel-Wurfarme\u201d. Der Montageblock wird am Bogen befestigt und erm\u00f6glicht ein wiederholgenaues Einsetzen des Bogens.<br \/>\nEin solcher Montageblock ist bereits im Lieferumfang des Upgrade-Kits \u201eSchnellwechsel-Wurfarme\u201c enthalten. Dieser zus\u00e4tzliche Block wird also nur ben\u00f6tigt, wenn man mehr als einen Bogen verwenden m\u00f6chte (z. B. wenn man B\u00f6gen mit unterschiedlichem Zuggewicht verwenden m\u00f6chte).<\/p>\n<p>Mit dem Wurfarm-Montageblock kannst du weitere Wurfarme vorbereiten, damit sie mit dem AR-6 Stinger 2 Upgrade-Kit \u201cSchnellwechsel-Wurfarme\u201d kompatibel sind.<\/p>\n","protected":false},"excerpt":{"rendered":"<p>Montageblock zur Vorbereitung der Wurfarme der AR-6 Stinger 2 f\u00fcr das Upgrade-Kit \u201cSchnellwechsel-Wurfarme\u201d. Der Montageblock wird am Bogen befestigt und erm\u00f6glicht ein wiederholgenaues Einsetzen des Bogens. Ein solcher Montageblock ist bereits im Lieferumfang des Upgrade-Kits \u201eSchnellwechsel-Wurfarme\u201c enthalten. Dieser zus\u00e4tzliche Block wird also nur ben\u00f6tigt, wenn man mehr als einen Bogen verwenden m\u00f6chte (z. B. wenn [&hellip;]<\/p>\n","protected":false},"featured_media":97019,"comment_status":"open","ping_status":"closed","template":"","meta":{"_acf_changed":false},"product_brand":[],"product_cat":[1893],"product_tag":[1311,975],"class_list":{"0":"post-94181","1":"product","2":"type-product","3":"status-publish","4":"has-post-thumbnail","6":"product_cat-steambow-stinger-bogensport-pfeil-kugel","7":"product_tag-steambow-wechselsystem","8":"product_tag-stinger-2-zubehoer","10":"first","11":"instock","12":"taxable","13":"shipping-taxable","14":"purchasable","15":"product-type-simple"},"acf":[],"yoast_head":"<!-- This site is optimized with the Yoast SEO plugin v27.1.1 - https:\/\/yoast.com\/product\/yoast-seo-wordpress\/ -->\n<title>AR-6 Stinger 2 - Wurfarm-Montageblock<\/title>\n<meta name=\"robots\" content=\"index, follow, max-snippet:-1, max-image-preview:large, max-video-preview:-1\" \/>\n<link rel=\"canonical\" href=\"https:\/\/ueberlebenskunst.at\/survivalshop\/shop\/ar-6-stinger-2-wurfarm-montageblock\/\" \/>\n<meta property=\"og:locale\" content=\"de_DE\" \/>\n<meta property=\"og:type\" content=\"article\" \/>\n<meta property=\"og:title\" content=\"AR-6 Stinger 2 - Wurfarm-Montageblock\" \/>\n<meta property=\"og:description\" content=\"Montageblock zur Vorbereitung der Wurfarme der AR-6 Stinger 2 f\u00fcr das Upgrade-Kit \u201cSchnellwechsel-Wurfarme\u201d. Der Montageblock wird am Bogen befestigt und erm\u00f6glicht ein wiederholgenaues Einsetzen des Bogens. Ein solcher Montageblock ist bereits im Lieferumfang des Upgrade-Kits \u201eSchnellwechsel-Wurfarme\u201c enthalten. Dieser zus\u00e4tzliche Block wird also nur ben\u00f6tigt, wenn man mehr als einen Bogen verwenden m\u00f6chte (z. B. wenn [&hellip;]\" \/>\n<meta property=\"og:url\" content=\"https:\/\/ueberlebenskunst.at\/survivalshop\/shop\/ar-6-stinger-2-wurfarm-montageblock\/\" \/>\n<meta property=\"og:site_name\" content=\"Reini Rossmann - Survival Shop\" \/>\n<meta property=\"article:publisher\" content=\"https:\/\/www.facebook.com\/survival24.org\/\" \/>\n<meta property=\"article:modified_time\" content=\"2026-04-07T09:39:12+00:00\" \/>\n<meta property=\"og:image\" content=\"https:\/\/ueberlebenskunst.at\/survivalshop\/wp-content\/uploads\/2022\/07\/Wurfarmblock0000542.jpg\" \/>\n\t<meta property=\"og:image:width\" content=\"400\" \/>\n\t<meta property=\"og:image:height\" content=\"400\" \/>\n\t<meta property=\"og:image:type\" content=\"image\/jpeg\" \/>\n<meta name=\"twitter:card\" content=\"summary_large_image\" \/>\n<meta name=\"twitter:label1\" content=\"Gesch\u00e4tzte Lesezeit\" \/>\n\t<meta name=\"twitter:data1\" content=\"1\u00a0Minute\" \/>\n<script type=\"application\/ld+json\" class=\"yoast-schema-graph\">{\"@context\":\"https:\/\/schema.org\",\"@graph\":[{\"@type\":\"WebPage\",\"@id\":\"https:\/\/ueberlebenskunst.at\/survivalshop\/shop\/ar-6-stinger-2-wurfarm-montageblock\/\",\"url\":\"https:\/\/ueberlebenskunst.at\/survivalshop\/shop\/ar-6-stinger-2-wurfarm-montageblock\/\",\"name\":\"AR-6 Stinger 2 - Wurfarm-Montageblock\",\"isPartOf\":{\"@id\":\"https:\/\/ueberlebenskunst.at\/survivalshop\/#website\"},\"primaryImageOfPage\":{\"@id\":\"https:\/\/ueberlebenskunst.at\/survivalshop\/shop\/ar-6-stinger-2-wurfarm-montageblock\/#primaryimage\"},\"image\":{\"@id\":\"https:\/\/ueberlebenskunst.at\/survivalshop\/shop\/ar-6-stinger-2-wurfarm-montageblock\/#primaryimage\"},\"thumbnailUrl\":\"https:\/\/ueberlebenskunst.at\/survivalshop\/wp-content\/uploads\/2022\/07\/Wurfarmblock0000542.jpg\",\"datePublished\":\"2022-07-18T13:27:35+00:00\",\"dateModified\":\"2026-04-07T09:39:12+00:00\",\"breadcrumb\":{\"@id\":\"https:\/\/ueberlebenskunst.at\/survivalshop\/shop\/ar-6-stinger-2-wurfarm-montageblock\/#breadcrumb\"},\"inLanguage\":\"de\",\"potentialAction\":[{\"@type\":\"ReadAction\",\"target\":[\"https:\/\/ueberlebenskunst.at\/survivalshop\/shop\/ar-6-stinger-2-wurfarm-montageblock\/\"]}]},{\"@type\":\"ImageObject\",\"inLanguage\":\"de\",\"@id\":\"https:\/\/ueberlebenskunst.at\/survivalshop\/shop\/ar-6-stinger-2-wurfarm-montageblock\/#primaryimage\",\"url\":\"https:\/\/ueberlebenskunst.at\/survivalshop\/wp-content\/uploads\/2022\/07\/Wurfarmblock0000542.jpg\",\"contentUrl\":\"https:\/\/ueberlebenskunst.at\/survivalshop\/wp-content\/uploads\/2022\/07\/Wurfarmblock0000542.jpg\",\"width\":400,\"height\":400},{\"@type\":\"BreadcrumbList\",\"@id\":\"https:\/\/ueberlebenskunst.at\/survivalshop\/shop\/ar-6-stinger-2-wurfarm-montageblock\/#breadcrumb\",\"itemListElement\":[{\"@type\":\"ListItem\",\"position\":1,\"name\":\"Startseite\",\"item\":\"https:\/\/ueberlebenskunst.at\/survivalshop\/\"},{\"@type\":\"ListItem\",\"position\":2,\"name\":\"Shop\",\"item\":\"https:\/\/ueberlebenskunst.at\/survivalshop\/shop\/\"},{\"@type\":\"ListItem\",\"position\":3,\"name\":\"AR-6 Stinger 2 &#8211; Wurfarm-Montageblock\"}]},{\"@type\":\"WebSite\",\"@id\":\"https:\/\/ueberlebenskunst.at\/survivalshop\/#website\",\"url\":\"https:\/\/ueberlebenskunst.at\/survivalshop\/\",\"name\":\"Reini Rossmann - Survival Shop\",\"description\":\"Survival Shop f\u00fcr Survival, Bushcraft und Prepper\",\"potentialAction\":[{\"@type\":\"SearchAction\",\"target\":{\"@type\":\"EntryPoint\",\"urlTemplate\":\"https:\/\/ueberlebenskunst.at\/survivalshop\/?s={search_term_string}\"},\"query-input\":{\"@type\":\"PropertyValueSpecification\",\"valueRequired\":true,\"valueName\":\"search_term_string\"}}],\"inLanguage\":\"de\"}]}<\/script>\n<!-- \/ Yoast SEO plugin. -->","yoast_head_json":{"title":"AR-6 Stinger 2 - Wurfarm-Montageblock","robots":{"index":"index","follow":"follow","max-snippet":"max-snippet:-1","max-image-preview":"max-image-preview:large","max-video-preview":"max-video-preview:-1"},"canonical":"https:\/\/ueberlebenskunst.at\/survivalshop\/shop\/ar-6-stinger-2-wurfarm-montageblock\/","og_locale":"de_DE","og_type":"article","og_title":"AR-6 Stinger 2 - Wurfarm-Montageblock","og_description":"Montageblock zur Vorbereitung der Wurfarme der AR-6 Stinger 2 f\u00fcr das Upgrade-Kit \u201cSchnellwechsel-Wurfarme\u201d. Der Montageblock wird am Bogen befestigt und erm\u00f6glicht ein wiederholgenaues Einsetzen des Bogens. Ein solcher Montageblock ist bereits im Lieferumfang des Upgrade-Kits \u201eSchnellwechsel-Wurfarme\u201c enthalten. Dieser zus\u00e4tzliche Block wird also nur ben\u00f6tigt, wenn man mehr als einen Bogen verwenden m\u00f6chte (z. B. wenn [&hellip;]","og_url":"https:\/\/ueberlebenskunst.at\/survivalshop\/shop\/ar-6-stinger-2-wurfarm-montageblock\/","og_site_name":"Reini Rossmann - Survival Shop","article_publisher":"https:\/\/www.facebook.com\/survival24.org\/","article_modified_time":"2026-04-07T09:39:12+00:00","og_image":[{"width":400,"height":400,"url":"https:\/\/ueberlebenskunst.at\/survivalshop\/wp-content\/uploads\/2022\/07\/Wurfarmblock0000542.jpg","type":"image\/jpeg"}],"twitter_card":"summary_large_image","twitter_misc":{"Gesch\u00e4tzte Lesezeit":"1\u00a0Minute"},"schema":{"@context":"https:\/\/schema.org","@graph":[{"@type":"WebPage","@id":"https:\/\/ueberlebenskunst.at\/survivalshop\/shop\/ar-6-stinger-2-wurfarm-montageblock\/","url":"https:\/\/ueberlebenskunst.at\/survivalshop\/shop\/ar-6-stinger-2-wurfarm-montageblock\/","name":"AR-6 Stinger 2 - Wurfarm-Montageblock","isPartOf":{"@id":"https:\/\/ueberlebenskunst.at\/survivalshop\/#website"},"primaryImageOfPage":{"@id":"https:\/\/ueberlebenskunst.at\/survivalshop\/shop\/ar-6-stinger-2-wurfarm-montageblock\/#primaryimage"},"image":{"@id":"https:\/\/ueberlebenskunst.at\/survivalshop\/shop\/ar-6-stinger-2-wurfarm-montageblock\/#primaryimage"},"thumbnailUrl":"https:\/\/ueberlebenskunst.at\/survivalshop\/wp-content\/uploads\/2022\/07\/Wurfarmblock0000542.jpg","datePublished":"2022-07-18T13:27:35+00:00","dateModified":"2026-04-07T09:39:12+00:00","breadcrumb":{"@id":"https:\/\/ueberlebenskunst.at\/survivalshop\/shop\/ar-6-stinger-2-wurfarm-montageblock\/#breadcrumb"},"inLanguage":"de","potentialAction":[{"@type":"ReadAction","target":["https:\/\/ueberlebenskunst.at\/survivalshop\/shop\/ar-6-stinger-2-wurfarm-montageblock\/"]}]},{"@type":"ImageObject","inLanguage":"de","@id":"https:\/\/ueberlebenskunst.at\/survivalshop\/shop\/ar-6-stinger-2-wurfarm-montageblock\/#primaryimage","url":"https:\/\/ueberlebenskunst.at\/survivalshop\/wp-content\/uploads\/2022\/07\/Wurfarmblock0000542.jpg","contentUrl":"https:\/\/ueberlebenskunst.at\/survivalshop\/wp-content\/uploads\/2022\/07\/Wurfarmblock0000542.jpg","width":400,"height":400},{"@type":"BreadcrumbList","@id":"https:\/\/ueberlebenskunst.at\/survivalshop\/shop\/ar-6-stinger-2-wurfarm-montageblock\/#breadcrumb","itemListElement":[{"@type":"ListItem","position":1,"name":"Startseite","item":"https:\/\/ueberlebenskunst.at\/survivalshop\/"},{"@type":"ListItem","position":2,"name":"Shop","item":"https:\/\/ueberlebenskunst.at\/survivalshop\/shop\/"},{"@type":"ListItem","position":3,"name":"AR-6 Stinger 2 &#8211; Wurfarm-Montageblock"}]},{"@type":"WebSite","@id":"https:\/\/ueberlebenskunst.at\/survivalshop\/#website","url":"https:\/\/ueberlebenskunst.at\/survivalshop\/","name":"Reini Rossmann - Survival Shop","description":"Survival Shop f\u00fcr Survival, Bushcraft und Prepper","potentialAction":[{"@type":"SearchAction","target":{"@type":"EntryPoint","urlTemplate":"https:\/\/ueberlebenskunst.at\/survivalshop\/?s={search_term_string}"},"query-input":{"@type":"PropertyValueSpecification","valueRequired":true,"valueName":"search_term_string"}}],"inLanguage":"de"}]}},"_links":{"self":[{"href":"https:\/\/ueberlebenskunst.at\/survivalshop\/wp-json\/wp\/v2\/product\/94181","targetHints":{"allow":["GET"]}}],"collection":[{"href":"https:\/\/ueberlebenskunst.at\/survivalshop\/wp-json\/wp\/v2\/product"}],"about":[{"href":"https:\/\/ueberlebenskunst.at\/survivalshop\/wp-json\/wp\/v2\/types\/product"}],"replies":[{"embeddable":true,"href":"https:\/\/ueberlebenskunst.at\/survivalshop\/wp-json\/wp\/v2\/comments?post=94181"}],"wp:featuredmedia":[{"embeddable":true,"href":"https:\/\/ueberlebenskunst.at\/survivalshop\/wp-json\/wp\/v2\/media\/97019"}],"wp:attachment":[{"href":"https:\/\/ueberlebenskunst.at\/survivalshop\/wp-json\/wp\/v2\/media?parent=94181"}],"wp:term":[{"taxonomy":"product_brand","embeddable":true,"href":"https:\/\/ueberlebenskunst.at\/survivalshop\/wp-json\/wp\/v2\/product_brand?post=94181"},{"taxonomy":"product_cat","embeddable":true,"href":"https:\/\/ueberlebenskunst.at\/survivalshop\/wp-json\/wp\/v2\/product_cat?post=94181"},{"taxonomy":"product_tag","embeddable":true,"href":"https:\/\/ueberlebenskunst.at\/survivalshop\/wp-json\/wp\/v2\/product_tag?post=94181"}],"curies":[{"name":"wp","href":"https:\/\/api.w.org\/{rel}","templated":true}]}}