{"id":9381,"date":"2019-01-17T11:16:41","date_gmt":"2019-01-17T10:16:41","guid":{"rendered":"https:\/\/ueberlebenskunst.at\/survivalshop\/survivalshop\/?post_type=product&#038;p=9381"},"modified":"2025-05-27T16:09:03","modified_gmt":"2025-05-27T14:09:03","slug":"tt-modular-pack-45-plus","status":"seo-produkt","type":"product","link":"https:\/\/ueberlebenskunst.at\/survivalshop\/shop\/tt-modular-pack-45-plus\/","title":{"rendered":"TT MODULAR PACK 45 PLUS"},"content":{"rendered":"<p>Der TT Modular Pack 45 PLUS kann vielseitig und f\u00fcr den eigenen Bedarf umfunktioniert werden.<\/p>\n<p>Die Front\u00f6ffnung kann mit dem 2-Wegerei\u00dfverschluss komplett aufgezogen werden, um auf den kompletten Inhalt schnell zugreifen zu k\u00f6nnen. Ebenso ist es m\u00f6glich \u00fcber einen einfachen Eingriff an den Inhalt zu gelangen. An der linken Seite befindet sich ein Rei\u00dfverschluss f\u00fcr den schnellen Zugriff f\u00fcr ca. 20 x 30 cm gro\u00dfe Gegenst\u00e4nde.<\/p>\n<p>Der Rucksackdeckel kann abgenommen werden und ist h\u00f6henverstellbar ausgef\u00fchrt. Zus\u00e4tzliche Taschen befinden sich am Deckel und an der Front (Falttasche abnehmbar). Die Front und beide Seiten sind mit Molle 4 x 15 Laser Cut- Ausf\u00fchrung zum Montieren vieler weiterer Taschen best\u00fcckt.<\/p>\n<p>Der Innenraum kann durch die Klettfl\u00e4chen je nach Wunsch mit weiteren Molle Utensilien ausgestattet werden.<br \/>\nAusgeliefert wird der Rucksack mit 3 Zubeh\u00f6rtaschen und einer Waffenhalterung, jeweils mit Klettfl\u00e4chen versehen.<\/p>\n<p>Der H\u00fcftgurt des\u00a0 TT Modular Pack 45 PLUS kann abgenommen werden und als taktischer Gurt zum Einsatz kommen.<\/p>\n<p>Das V2 Plus Tragesystem ist sehr gut gepolstert, das ist bei weiten Wegstrecken mit voll bepackten 45 + 5 Liter notwendig und auch ausreichend. Das Plus steht in diesem Fall f\u00fcr die Ausf\u00fchrung mit Aluminiumgest\u00e4nge.<\/p>\n<p>Au\u00dfenabmessungen <span class=\"cb-itemprop\">laut Hersteller: 66 cm x 28 cm x 22 cm<br \/>\nMaterial: Cordura 700 den<br \/>\nGewicht leerer Rucksack: 2,55 kg <\/span><br \/>\nGewicht Rucksack inkl. Taschen: 2,85 kg<\/p>\n","protected":false},"excerpt":{"rendered":"<p>Der TT Modular Pack 45 PLUS kann vielseitig und f\u00fcr den eigenen Bedarf umfunktioniert werden. Die Front\u00f6ffnung kann mit dem 2-Wegerei\u00dfverschluss komplett aufgezogen werden, um auf den kompletten Inhalt schnell zugreifen zu k\u00f6nnen. Ebenso ist es m\u00f6glich \u00fcber einen einfachen Eingriff an den Inhalt zu gelangen. An der linken Seite befindet sich ein Rei\u00dfverschluss f\u00fcr [&hellip;]<\/p>\n","protected":false},"featured_media":9384,"comment_status":"open","ping_status":"closed","template":"","meta":{"_acf_changed":false},"product_brand":[],"product_cat":[1101],"product_tag":[199],"class_list":{"0":"post-9381","1":"product","2":"type-product","3":"status-seo-produkt","4":"has-post-thumbnail","6":"product_cat-ausruestung","7":"product_tag-tasmanian-tiger","8":"pa_farbe-black","9":"pa_farbe-oliv","11":"first","12":"outofstock","13":"taxable","14":"shipping-taxable","15":"product-type-variable","16":"has-default-attributes"},"acf":[],"yoast_head":"<!-- This site is optimized with the Yoast SEO plugin v27.1.1 - https:\/\/yoast.com\/product\/yoast-seo-wordpress\/ -->\n<title>TT MODULAR PACK 45 PLUS individuell Erweiterbar<\/title>\n<meta name=\"description\" content=\"Der TT Modular Pack 45 PLUS hat einen Hohen Tragekomfort Dank des leichten Aluminiumgest\u00e4nges und der weichen Schulterpolsterung\" \/>\n<meta name=\"robots\" content=\"index, follow, max-snippet:-1, max-image-preview:large, max-video-preview:-1\" \/>\n<link rel=\"canonical\" href=\"https:\/\/ueberlebenskunst.at\/survivalshop\/shop\/tt-modular-pack-45-plus\/\" \/>\n<meta property=\"og:locale\" content=\"de_DE\" \/>\n<meta property=\"og:type\" content=\"article\" \/>\n<meta property=\"og:title\" content=\"TT MODULAR PACK 45 PLUS individuell Erweiterbar\" \/>\n<meta property=\"og:description\" content=\"Der TT Modular Pack 45 PLUS hat einen Hohen Tragekomfort Dank des leichten Aluminiumgest\u00e4nges und der weichen Schulterpolsterung\" \/>\n<meta property=\"og:url\" content=\"https:\/\/ueberlebenskunst.at\/survivalshop\/shop\/tt-modular-pack-45-plus\/\" \/>\n<meta property=\"og:site_name\" content=\"Reini Rossmann - Survival Shop\" \/>\n<meta property=\"article:publisher\" content=\"https:\/\/www.facebook.com\/survival24.org\/\" \/>\n<meta property=\"article:modified_time\" content=\"2025-05-27T14:09:03+00:00\" \/>\n<meta property=\"og:image\" content=\"https:\/\/ueberlebenskunst.at\/survivalshop\/wp-content\/uploads\/2019\/01\/Bildschirmfoto-2019-01-17-um-10.17.16.png\" \/>\n\t<meta property=\"og:image:width\" content=\"334\" \/>\n\t<meta property=\"og:image:height\" content=\"530\" \/>\n\t<meta property=\"og:image:type\" content=\"image\/png\" \/>\n<meta name=\"twitter:card\" content=\"summary_large_image\" \/>\n<meta name=\"twitter:label1\" content=\"Gesch\u00e4tzte Lesezeit\" \/>\n\t<meta name=\"twitter:data1\" content=\"2\u00a0Minuten\" \/>\n<script type=\"application\/ld+json\" class=\"yoast-schema-graph\">{\"@context\":\"https:\/\/schema.org\",\"@graph\":[{\"@type\":\"WebPage\",\"@id\":\"https:\/\/ueberlebenskunst.at\/survivalshop\/shop\/tt-modular-pack-45-plus\/\",\"url\":\"https:\/\/ueberlebenskunst.at\/survivalshop\/shop\/tt-modular-pack-45-plus\/\",\"name\":\"TT MODULAR PACK 45 PLUS individuell Erweiterbar\",\"isPartOf\":{\"@id\":\"https:\/\/ueberlebenskunst.at\/survivalshop\/#website\"},\"primaryImageOfPage\":{\"@id\":\"https:\/\/ueberlebenskunst.at\/survivalshop\/shop\/tt-modular-pack-45-plus\/#primaryimage\"},\"image\":{\"@id\":\"https:\/\/ueberlebenskunst.at\/survivalshop\/shop\/tt-modular-pack-45-plus\/#primaryimage\"},\"thumbnailUrl\":\"https:\/\/ueberlebenskunst.at\/survivalshop\/wp-content\/uploads\/2019\/01\/Bildschirmfoto-2019-01-17-um-10.17.16.png\",\"datePublished\":\"2019-01-17T10:16:41+00:00\",\"dateModified\":\"2025-05-27T14:09:03+00:00\",\"description\":\"Der TT Modular Pack 45 PLUS hat einen Hohen Tragekomfort Dank des leichten Aluminiumgest\u00e4nges und der weichen Schulterpolsterung\",\"breadcrumb\":{\"@id\":\"https:\/\/ueberlebenskunst.at\/survivalshop\/shop\/tt-modular-pack-45-plus\/#breadcrumb\"},\"inLanguage\":\"de\",\"potentialAction\":[{\"@type\":\"ReadAction\",\"target\":[\"https:\/\/ueberlebenskunst.at\/survivalshop\/shop\/tt-modular-pack-45-plus\/\"]}]},{\"@type\":\"ImageObject\",\"inLanguage\":\"de\",\"@id\":\"https:\/\/ueberlebenskunst.at\/survivalshop\/shop\/tt-modular-pack-45-plus\/#primaryimage\",\"url\":\"https:\/\/ueberlebenskunst.at\/survivalshop\/wp-content\/uploads\/2019\/01\/Bildschirmfoto-2019-01-17-um-10.17.16.png\",\"contentUrl\":\"https:\/\/ueberlebenskunst.at\/survivalshop\/wp-content\/uploads\/2019\/01\/Bildschirmfoto-2019-01-17-um-10.17.16.png\",\"width\":334,\"height\":530},{\"@type\":\"BreadcrumbList\",\"@id\":\"https:\/\/ueberlebenskunst.at\/survivalshop\/shop\/tt-modular-pack-45-plus\/#breadcrumb\",\"itemListElement\":[{\"@type\":\"ListItem\",\"position\":1,\"name\":\"Startseite\",\"item\":\"https:\/\/ueberlebenskunst.at\/survivalshop\/\"},{\"@type\":\"ListItem\",\"position\":2,\"name\":\"Shop\",\"item\":\"https:\/\/ueberlebenskunst.at\/survivalshop\/shop\/\"},{\"@type\":\"ListItem\",\"position\":3,\"name\":\"TT MODULAR PACK 45 PLUS\"}]},{\"@type\":\"WebSite\",\"@id\":\"https:\/\/ueberlebenskunst.at\/survivalshop\/#website\",\"url\":\"https:\/\/ueberlebenskunst.at\/survivalshop\/\",\"name\":\"Reini Rossmann - Survival Shop\",\"description\":\"Survival Shop f\u00fcr Survival, Bushcraft und Prepper\",\"potentialAction\":[{\"@type\":\"SearchAction\",\"target\":{\"@type\":\"EntryPoint\",\"urlTemplate\":\"https:\/\/ueberlebenskunst.at\/survivalshop\/?s={search_term_string}\"},\"query-input\":{\"@type\":\"PropertyValueSpecification\",\"valueRequired\":true,\"valueName\":\"search_term_string\"}}],\"inLanguage\":\"de\"}]}<\/script>\n<!-- \/ Yoast SEO plugin. -->","yoast_head_json":{"title":"TT MODULAR PACK 45 PLUS individuell Erweiterbar","description":"Der TT Modular Pack 45 PLUS hat einen Hohen Tragekomfort Dank des leichten Aluminiumgest\u00e4nges und der weichen Schulterpolsterung","robots":{"index":"index","follow":"follow","max-snippet":"max-snippet:-1","max-image-preview":"max-image-preview:large","max-video-preview":"max-video-preview:-1"},"canonical":"https:\/\/ueberlebenskunst.at\/survivalshop\/shop\/tt-modular-pack-45-plus\/","og_locale":"de_DE","og_type":"article","og_title":"TT MODULAR PACK 45 PLUS individuell Erweiterbar","og_description":"Der TT Modular Pack 45 PLUS hat einen Hohen Tragekomfort Dank des leichten Aluminiumgest\u00e4nges und der weichen Schulterpolsterung","og_url":"https:\/\/ueberlebenskunst.at\/survivalshop\/shop\/tt-modular-pack-45-plus\/","og_site_name":"Reini Rossmann - Survival Shop","article_publisher":"https:\/\/www.facebook.com\/survival24.org\/","article_modified_time":"2025-05-27T14:09:03+00:00","og_image":[{"width":334,"height":530,"url":"https:\/\/ueberlebenskunst.at\/survivalshop\/wp-content\/uploads\/2019\/01\/Bildschirmfoto-2019-01-17-um-10.17.16.png","type":"image\/png"}],"twitter_card":"summary_large_image","twitter_misc":{"Gesch\u00e4tzte Lesezeit":"2\u00a0Minuten"},"schema":{"@context":"https:\/\/schema.org","@graph":[{"@type":"WebPage","@id":"https:\/\/ueberlebenskunst.at\/survivalshop\/shop\/tt-modular-pack-45-plus\/","url":"https:\/\/ueberlebenskunst.at\/survivalshop\/shop\/tt-modular-pack-45-plus\/","name":"TT MODULAR PACK 45 PLUS individuell Erweiterbar","isPartOf":{"@id":"https:\/\/ueberlebenskunst.at\/survivalshop\/#website"},"primaryImageOfPage":{"@id":"https:\/\/ueberlebenskunst.at\/survivalshop\/shop\/tt-modular-pack-45-plus\/#primaryimage"},"image":{"@id":"https:\/\/ueberlebenskunst.at\/survivalshop\/shop\/tt-modular-pack-45-plus\/#primaryimage"},"thumbnailUrl":"https:\/\/ueberlebenskunst.at\/survivalshop\/wp-content\/uploads\/2019\/01\/Bildschirmfoto-2019-01-17-um-10.17.16.png","datePublished":"2019-01-17T10:16:41+00:00","dateModified":"2025-05-27T14:09:03+00:00","description":"Der TT Modular Pack 45 PLUS hat einen Hohen Tragekomfort Dank des leichten Aluminiumgest\u00e4nges und der weichen Schulterpolsterung","breadcrumb":{"@id":"https:\/\/ueberlebenskunst.at\/survivalshop\/shop\/tt-modular-pack-45-plus\/#breadcrumb"},"inLanguage":"de","potentialAction":[{"@type":"ReadAction","target":["https:\/\/ueberlebenskunst.at\/survivalshop\/shop\/tt-modular-pack-45-plus\/"]}]},{"@type":"ImageObject","inLanguage":"de","@id":"https:\/\/ueberlebenskunst.at\/survivalshop\/shop\/tt-modular-pack-45-plus\/#primaryimage","url":"https:\/\/ueberlebenskunst.at\/survivalshop\/wp-content\/uploads\/2019\/01\/Bildschirmfoto-2019-01-17-um-10.17.16.png","contentUrl":"https:\/\/ueberlebenskunst.at\/survivalshop\/wp-content\/uploads\/2019\/01\/Bildschirmfoto-2019-01-17-um-10.17.16.png","width":334,"height":530},{"@type":"BreadcrumbList","@id":"https:\/\/ueberlebenskunst.at\/survivalshop\/shop\/tt-modular-pack-45-plus\/#breadcrumb","itemListElement":[{"@type":"ListItem","position":1,"name":"Startseite","item":"https:\/\/ueberlebenskunst.at\/survivalshop\/"},{"@type":"ListItem","position":2,"name":"Shop","item":"https:\/\/ueberlebenskunst.at\/survivalshop\/shop\/"},{"@type":"ListItem","position":3,"name":"TT MODULAR PACK 45 PLUS"}]},{"@type":"WebSite","@id":"https:\/\/ueberlebenskunst.at\/survivalshop\/#website","url":"https:\/\/ueberlebenskunst.at\/survivalshop\/","name":"Reini Rossmann - Survival Shop","description":"Survival Shop f\u00fcr Survival, Bushcraft und Prepper","potentialAction":[{"@type":"SearchAction","target":{"@type":"EntryPoint","urlTemplate":"https:\/\/ueberlebenskunst.at\/survivalshop\/?s={search_term_string}"},"query-input":{"@type":"PropertyValueSpecification","valueRequired":true,"valueName":"search_term_string"}}],"inLanguage":"de"}]}},"_links":{"self":[{"href":"https:\/\/ueberlebenskunst.at\/survivalshop\/wp-json\/wp\/v2\/product\/9381","targetHints":{"allow":["GET"]}}],"collection":[{"href":"https:\/\/ueberlebenskunst.at\/survivalshop\/wp-json\/wp\/v2\/product"}],"about":[{"href":"https:\/\/ueberlebenskunst.at\/survivalshop\/wp-json\/wp\/v2\/types\/product"}],"replies":[{"embeddable":true,"href":"https:\/\/ueberlebenskunst.at\/survivalshop\/wp-json\/wp\/v2\/comments?post=9381"}],"wp:featuredmedia":[{"embeddable":true,"href":"https:\/\/ueberlebenskunst.at\/survivalshop\/wp-json\/wp\/v2\/media\/9384"}],"wp:attachment":[{"href":"https:\/\/ueberlebenskunst.at\/survivalshop\/wp-json\/wp\/v2\/media?parent=9381"}],"wp:term":[{"taxonomy":"product_brand","embeddable":true,"href":"https:\/\/ueberlebenskunst.at\/survivalshop\/wp-json\/wp\/v2\/product_brand?post=9381"},{"taxonomy":"product_cat","embeddable":true,"href":"https:\/\/ueberlebenskunst.at\/survivalshop\/wp-json\/wp\/v2\/product_cat?post=9381"},{"taxonomy":"product_tag","embeddable":true,"href":"https:\/\/ueberlebenskunst.at\/survivalshop\/wp-json\/wp\/v2\/product_tag?post=9381"}],"curies":[{"name":"wp","href":"https:\/\/api.w.org\/{rel}","templated":true}]}}