{"id":91028,"date":"2022-06-09T12:42:54","date_gmt":"2022-06-09T10:42:54","guid":{"rendered":"https:\/\/ueberlebenskunst.at\/survivalshop\/?post_type=product&#038;p=91028"},"modified":"2025-11-17T10:24:40","modified_gmt":"2025-11-17T09:24:40","slug":"knives4-scheide-fuer-swiss-tool-x-von-victorinox","status":"publish","type":"product","link":"https:\/\/ueberlebenskunst.at\/survivalshop\/shop\/knives4-scheide-fuer-swiss-tool-x-von-victorinox\/","title":{"rendered":"Knives4 Scheide f\u00fcr Victorinox Swiss Tool X \/ Spirit X"},"content":{"rendered":"<p>Das Victorinox Swiss Tool X ist eines der beliebtesten Multitools \u00fcberhaupt. Standardm\u00e4\u00dfig wird entweder eine Leder- oder Nylonscheide ausgeliefert. Diese Scheide ist gro\u00dfartig verarbeitet, hat aber ein riesengro\u00dfes Problem, und zwar f\u00fcr das Herausnehmen und Einstecken des Tools m\u00fcssen immer zwei H\u00e4nde verwendet werden.<\/p>\n<p>Mit der Knives4 Einhandg\u00fcrtelscheide ist dieses Problem gel\u00f6st! Die K4 G\u00fcrtelscheide ist f\u00fcr Links- und Rechtsh\u00e4nder gleicherma\u00dfen geeignet. Das Swiss Tool X passt perfekt in die Scheide und die Einhandbedienung ist leicht m\u00f6glich. Aus unserer Sicht ist diese Scheide dann ideal, wenn du das Tool h\u00e4ufig in Gebrauch hast und immer wieder in die Scheide zur\u00fcckstecken musst. Nat\u00fcrlich ist die Knives4 Einhandsteckscheide mit allen Versionen des Swiss Tool X kompatibel (alle Farben und Special Editions).<\/p>\n<p>Alle unsere Scheiden sind: Made in Austria!<\/p>\n<h3>Es gibt diese Varianten:<\/h3>\n<ul>\n<li>V_ST01 passend f\u00fcr das Swiss Tool im Rautenmuster<\/li>\n<li>STS01FS passend f\u00fcr das Swiss Tool Spirit<\/li>\n<\/ul>\n<h3><strong>Produktdaten:<\/strong><\/h3>\n<ul>\n<li>V_ST01: Gewicht: 33 g, Abmessungen: 29 mm \/ 40 mm \/ 58 mm<\/li>\n<li>STS01FS: Gewicht: 30 g, Abmessungen: 28 mm \/ 38 mm\/ 58 mm<\/li>\n<\/ul>\n<h3><strong>Passend f\u00fcr: <\/strong><\/h3>\n<ul>\n<li>Swiss Tool X (Artikelnr. 3.0327.L)<\/li>\n<li>Swiss Tool X Plus (Artikelnr. 3.0338.L)<\/li>\n<li>Swiss Tool X Plus Ratchet (Artikelnr. 3.0339.L)<\/li>\n<li>Swiss Tool Spirit X<\/li>\n<\/ul>\n<h3><strong>Passt auf:<br \/>\n<\/strong><\/h3>\n<ul>\n<li>G\u00fcrtel mit max. Breite von 48 mm und 4 mm Dicke<\/li>\n<\/ul>\n<h3><strong>Lieferumfang:<\/strong><\/h3>\n<ul>\n<li>V_ST01: Holster f\u00fcr Swiss Tool X<\/li>\n<li>STS01FS: Holster f\u00fcr Swiss Tool Spirit X<\/li>\n<li><strong>Achtung: auf den Produktbildern befindet sich optionales Zubeh\u00f6r, das im Lieferumfang NICHT enthalten ist.<\/strong><\/li>\n<\/ul>\n<h3><strong>Produktdetails zur K4 EDC Lampe Mini:<\/strong><\/h3>\n<p>Batterie: AAA (nicht im Lieferumfang enthalten)<br \/>\nAbmessungen: 67 x 15 mm<br \/>\n4Modus: (180 Lumen \/ 12 Lumen\/ 0,04 Lumen\/ Strobe mit 180 Lumen)<br \/>\nLeuchtdauer: bis zu 30 Min. bei 180 Lumen \/ 6h bei 12 Lumen<\/p>\n<h3>Bedienungs- &amp; Pflegeanleitung:<\/h3>\n<ul>\n<li>Die Reinigung mit Wasser und Seife ist m\u00f6glich.<\/li>\n<li>Du solltest die Steckscheide nicht direkt in die N\u00e4he von Feuer oder anderen Hitzequellen legen!<\/li>\n<li>Wird deine Steckscheide \u00fcber l\u00e4ngere Zeit sehr kalten Temperaturen unter 0 \u00b0C ausgesetzt, solltest du in dem Moment darauf achten, dass keine starken Belastungen darauf einwirken.<\/li>\n<\/ul>\n<p>Unsere Produkte sind nicht f\u00fcr Kinder unter 3 Jahren geeignet. Es besteht Verschluckungsgefahr.<\/p>\n<p><a href=\"https:\/\/ueberlebenskunst.at\/survivalshop\/wp-content\/uploads\/2021\/11\/Logo_Kinder.png\"><img decoding=\"async\" class=\"alignnone size-medium wp-image-179571\" src=\"https:\/\/ueberlebenskunst.at\/survivalshop\/wp-content\/uploads\/2021\/11\/Logo_Kinder-300x126.png\" alt=\"\" width=\"300\" height=\"126\" srcset=\"https:\/\/ueberlebenskunst.at\/survivalshop\/wp-content\/uploads\/2021\/11\/Logo_Kinder-300x126.png 300w, https:\/\/ueberlebenskunst.at\/survivalshop\/wp-content\/uploads\/2021\/11\/Logo_Kinder-64x27.png 64w, https:\/\/ueberlebenskunst.at\/survivalshop\/wp-content\/uploads\/2021\/11\/Logo_Kinder.png 401w\" sizes=\"(max-width: 300px) 100vw, 300px\" \/><\/a><\/p>\n<p><span style=\"color: #99cc00;\">Du willst das Produkt in einer anderen Farbe? Schick uns eine E-Mail an shop@ueberlebenskunst.at und wir pr\u00fcfen, ob dein Farbwunsch\u00a0m\u00f6glich\u00a0ist.<\/span><\/p>\n","protected":false},"excerpt":{"rendered":"<p>Das Victorinox Swiss Tool X ist eines der beliebtesten Multitools \u00fcberhaupt. Standardm\u00e4\u00dfig wird entweder eine Leder- oder Nylonscheide ausgeliefert. Diese Scheide ist gro\u00dfartig verarbeitet, hat aber ein riesengro\u00dfes Problem, und zwar f\u00fcr das Herausnehmen und Einstecken des Tools m\u00fcssen immer zwei H\u00e4nde verwendet werden. Mit der Knives4 Einhandg\u00fcrtelscheide ist dieses Problem gel\u00f6st! Die K4 G\u00fcrtelscheide [&hellip;]<\/p>\n","protected":false},"featured_media":144341,"comment_status":"open","ping_status":"closed","template":"","meta":{"_acf_changed":false},"product_brand":[],"product_cat":[1945],"product_tag":[1256,1255,2090,1147],"class_list":{"0":"post-91028","1":"product","2":"type-product","3":"status-publish","4":"has-post-thumbnail","6":"product_cat-survivalausruestung","7":"product_tag-k4","8":"product_tag-knives4","9":"product_tag-swiss-tool-x","10":"product_tag-victorinox","12":"first","13":"instock","14":"taxable","15":"shipping-taxable","16":"purchasable","17":"product-type-variable","18":"has-default-attributes"},"acf":[],"yoast_head":"<!-- This site is optimized with the Yoast SEO plugin v27.1.1 - https:\/\/yoast.com\/product\/yoast-seo-wordpress\/ -->\n<title>Knives4 Scheide f\u00fcr Victorinox Swiss Tool X \/ Spirit X<\/title>\n<meta name=\"description\" content=\"Die K4 G\u00fcrtelscheide ist f\u00fcr Links- und Rechtsh\u00e4nder gleicherma\u00dfen geeignet. Das Swiss Tool X passt perfekt in die Scheide und die Einhandbedienung ist leicht m\u00f6glich.\" \/>\n<meta name=\"robots\" content=\"index, follow, max-snippet:-1, max-image-preview:large, max-video-preview:-1\" \/>\n<link rel=\"canonical\" href=\"https:\/\/ueberlebenskunst.at\/survivalshop\/shop\/knives4-scheide-fuer-swiss-tool-x-von-victorinox\/\" \/>\n<meta property=\"og:locale\" content=\"de_DE\" \/>\n<meta property=\"og:type\" content=\"article\" \/>\n<meta property=\"og:title\" content=\"Knives4 Scheide f\u00fcr Victorinox Swiss Tool X \/ Spirit X\" \/>\n<meta property=\"og:description\" content=\"Die K4 G\u00fcrtelscheide ist f\u00fcr Links- und Rechtsh\u00e4nder gleicherma\u00dfen geeignet. Das Swiss Tool X passt perfekt in die Scheide und die Einhandbedienung ist leicht m\u00f6glich.\" \/>\n<meta property=\"og:url\" content=\"https:\/\/ueberlebenskunst.at\/survivalshop\/shop\/knives4-scheide-fuer-swiss-tool-x-von-victorinox\/\" \/>\n<meta property=\"og:site_name\" content=\"Reini Rossmann - Survival Shop\" \/>\n<meta property=\"article:publisher\" content=\"https:\/\/www.facebook.com\/survival24.org\/\" \/>\n<meta property=\"article:modified_time\" content=\"2025-11-17T09:24:40+00:00\" \/>\n<meta property=\"og:image\" content=\"https:\/\/ueberlebenskunst.at\/survivalshop\/wp-content\/uploads\/2022\/06\/Holster_Victorinox_Swiss_Tool_X_ST02FS_Lampe_sk.jpg\" \/>\n\t<meta property=\"og:image:width\" content=\"400\" \/>\n\t<meta property=\"og:image:height\" content=\"400\" \/>\n\t<meta property=\"og:image:type\" content=\"image\/jpeg\" \/>\n<meta name=\"twitter:card\" content=\"summary_large_image\" \/>\n<meta name=\"twitter:label1\" content=\"Gesch\u00e4tzte Lesezeit\" \/>\n\t<meta name=\"twitter:data1\" content=\"3\u00a0Minuten\" \/>\n<script type=\"application\/ld+json\" class=\"yoast-schema-graph\">{\"@context\":\"https:\/\/schema.org\",\"@graph\":[{\"@type\":\"WebPage\",\"@id\":\"https:\/\/ueberlebenskunst.at\/survivalshop\/shop\/knives4-scheide-fuer-swiss-tool-x-von-victorinox\/\",\"url\":\"https:\/\/ueberlebenskunst.at\/survivalshop\/shop\/knives4-scheide-fuer-swiss-tool-x-von-victorinox\/\",\"name\":\"Knives4 Scheide f\u00fcr Victorinox Swiss Tool X \/ Spirit X\",\"isPartOf\":{\"@id\":\"https:\/\/ueberlebenskunst.at\/survivalshop\/#website\"},\"primaryImageOfPage\":{\"@id\":\"https:\/\/ueberlebenskunst.at\/survivalshop\/shop\/knives4-scheide-fuer-swiss-tool-x-von-victorinox\/#primaryimage\"},\"image\":{\"@id\":\"https:\/\/ueberlebenskunst.at\/survivalshop\/shop\/knives4-scheide-fuer-swiss-tool-x-von-victorinox\/#primaryimage\"},\"thumbnailUrl\":\"https:\/\/ueberlebenskunst.at\/survivalshop\/wp-content\/uploads\/2022\/06\/Holster_Victorinox_Swiss_Tool_X_ST02FS_Lampe_sk.jpg\",\"datePublished\":\"2022-06-09T10:42:54+00:00\",\"dateModified\":\"2025-11-17T09:24:40+00:00\",\"description\":\"Die K4 G\u00fcrtelscheide ist f\u00fcr Links- und Rechtsh\u00e4nder gleicherma\u00dfen geeignet. Das Swiss Tool X passt perfekt in die Scheide und die Einhandbedienung ist leicht m\u00f6glich.\",\"breadcrumb\":{\"@id\":\"https:\/\/ueberlebenskunst.at\/survivalshop\/shop\/knives4-scheide-fuer-swiss-tool-x-von-victorinox\/#breadcrumb\"},\"inLanguage\":\"de\",\"potentialAction\":[{\"@type\":\"ReadAction\",\"target\":[\"https:\/\/ueberlebenskunst.at\/survivalshop\/shop\/knives4-scheide-fuer-swiss-tool-x-von-victorinox\/\"]}]},{\"@type\":\"ImageObject\",\"inLanguage\":\"de\",\"@id\":\"https:\/\/ueberlebenskunst.at\/survivalshop\/shop\/knives4-scheide-fuer-swiss-tool-x-von-victorinox\/#primaryimage\",\"url\":\"https:\/\/ueberlebenskunst.at\/survivalshop\/wp-content\/uploads\/2022\/06\/Holster_Victorinox_Swiss_Tool_X_ST02FS_Lampe_sk.jpg\",\"contentUrl\":\"https:\/\/ueberlebenskunst.at\/survivalshop\/wp-content\/uploads\/2022\/06\/Holster_Victorinox_Swiss_Tool_X_ST02FS_Lampe_sk.jpg\",\"width\":400,\"height\":400},{\"@type\":\"BreadcrumbList\",\"@id\":\"https:\/\/ueberlebenskunst.at\/survivalshop\/shop\/knives4-scheide-fuer-swiss-tool-x-von-victorinox\/#breadcrumb\",\"itemListElement\":[{\"@type\":\"ListItem\",\"position\":1,\"name\":\"Startseite\",\"item\":\"https:\/\/ueberlebenskunst.at\/survivalshop\/\"},{\"@type\":\"ListItem\",\"position\":2,\"name\":\"Shop\",\"item\":\"https:\/\/ueberlebenskunst.at\/survivalshop\/shop\/\"},{\"@type\":\"ListItem\",\"position\":3,\"name\":\"Knives4 Scheide f\u00fcr Victorinox Swiss Tool X \/ Spirit X\"}]},{\"@type\":\"WebSite\",\"@id\":\"https:\/\/ueberlebenskunst.at\/survivalshop\/#website\",\"url\":\"https:\/\/ueberlebenskunst.at\/survivalshop\/\",\"name\":\"Reini Rossmann - Survival Shop\",\"description\":\"Survival Shop f\u00fcr Survival, Bushcraft und Prepper\",\"potentialAction\":[{\"@type\":\"SearchAction\",\"target\":{\"@type\":\"EntryPoint\",\"urlTemplate\":\"https:\/\/ueberlebenskunst.at\/survivalshop\/?s={search_term_string}\"},\"query-input\":{\"@type\":\"PropertyValueSpecification\",\"valueRequired\":true,\"valueName\":\"search_term_string\"}}],\"inLanguage\":\"de\"}]}<\/script>\n<!-- \/ Yoast SEO plugin. -->","yoast_head_json":{"title":"Knives4 Scheide f\u00fcr Victorinox Swiss Tool X \/ Spirit X","description":"Die K4 G\u00fcrtelscheide ist f\u00fcr Links- und Rechtsh\u00e4nder gleicherma\u00dfen geeignet. Das Swiss Tool X passt perfekt in die Scheide und die Einhandbedienung ist leicht m\u00f6glich.","robots":{"index":"index","follow":"follow","max-snippet":"max-snippet:-1","max-image-preview":"max-image-preview:large","max-video-preview":"max-video-preview:-1"},"canonical":"https:\/\/ueberlebenskunst.at\/survivalshop\/shop\/knives4-scheide-fuer-swiss-tool-x-von-victorinox\/","og_locale":"de_DE","og_type":"article","og_title":"Knives4 Scheide f\u00fcr Victorinox Swiss Tool X \/ Spirit X","og_description":"Die K4 G\u00fcrtelscheide ist f\u00fcr Links- und Rechtsh\u00e4nder gleicherma\u00dfen geeignet. Das Swiss Tool X passt perfekt in die Scheide und die Einhandbedienung ist leicht m\u00f6glich.","og_url":"https:\/\/ueberlebenskunst.at\/survivalshop\/shop\/knives4-scheide-fuer-swiss-tool-x-von-victorinox\/","og_site_name":"Reini Rossmann - Survival Shop","article_publisher":"https:\/\/www.facebook.com\/survival24.org\/","article_modified_time":"2025-11-17T09:24:40+00:00","og_image":[{"width":400,"height":400,"url":"https:\/\/ueberlebenskunst.at\/survivalshop\/wp-content\/uploads\/2022\/06\/Holster_Victorinox_Swiss_Tool_X_ST02FS_Lampe_sk.jpg","type":"image\/jpeg"}],"twitter_card":"summary_large_image","twitter_misc":{"Gesch\u00e4tzte Lesezeit":"3\u00a0Minuten"},"schema":{"@context":"https:\/\/schema.org","@graph":[{"@type":"WebPage","@id":"https:\/\/ueberlebenskunst.at\/survivalshop\/shop\/knives4-scheide-fuer-swiss-tool-x-von-victorinox\/","url":"https:\/\/ueberlebenskunst.at\/survivalshop\/shop\/knives4-scheide-fuer-swiss-tool-x-von-victorinox\/","name":"Knives4 Scheide f\u00fcr Victorinox Swiss Tool X \/ Spirit X","isPartOf":{"@id":"https:\/\/ueberlebenskunst.at\/survivalshop\/#website"},"primaryImageOfPage":{"@id":"https:\/\/ueberlebenskunst.at\/survivalshop\/shop\/knives4-scheide-fuer-swiss-tool-x-von-victorinox\/#primaryimage"},"image":{"@id":"https:\/\/ueberlebenskunst.at\/survivalshop\/shop\/knives4-scheide-fuer-swiss-tool-x-von-victorinox\/#primaryimage"},"thumbnailUrl":"https:\/\/ueberlebenskunst.at\/survivalshop\/wp-content\/uploads\/2022\/06\/Holster_Victorinox_Swiss_Tool_X_ST02FS_Lampe_sk.jpg","datePublished":"2022-06-09T10:42:54+00:00","dateModified":"2025-11-17T09:24:40+00:00","description":"Die K4 G\u00fcrtelscheide ist f\u00fcr Links- und Rechtsh\u00e4nder gleicherma\u00dfen geeignet. Das Swiss Tool X passt perfekt in die Scheide und die Einhandbedienung ist leicht m\u00f6glich.","breadcrumb":{"@id":"https:\/\/ueberlebenskunst.at\/survivalshop\/shop\/knives4-scheide-fuer-swiss-tool-x-von-victorinox\/#breadcrumb"},"inLanguage":"de","potentialAction":[{"@type":"ReadAction","target":["https:\/\/ueberlebenskunst.at\/survivalshop\/shop\/knives4-scheide-fuer-swiss-tool-x-von-victorinox\/"]}]},{"@type":"ImageObject","inLanguage":"de","@id":"https:\/\/ueberlebenskunst.at\/survivalshop\/shop\/knives4-scheide-fuer-swiss-tool-x-von-victorinox\/#primaryimage","url":"https:\/\/ueberlebenskunst.at\/survivalshop\/wp-content\/uploads\/2022\/06\/Holster_Victorinox_Swiss_Tool_X_ST02FS_Lampe_sk.jpg","contentUrl":"https:\/\/ueberlebenskunst.at\/survivalshop\/wp-content\/uploads\/2022\/06\/Holster_Victorinox_Swiss_Tool_X_ST02FS_Lampe_sk.jpg","width":400,"height":400},{"@type":"BreadcrumbList","@id":"https:\/\/ueberlebenskunst.at\/survivalshop\/shop\/knives4-scheide-fuer-swiss-tool-x-von-victorinox\/#breadcrumb","itemListElement":[{"@type":"ListItem","position":1,"name":"Startseite","item":"https:\/\/ueberlebenskunst.at\/survivalshop\/"},{"@type":"ListItem","position":2,"name":"Shop","item":"https:\/\/ueberlebenskunst.at\/survivalshop\/shop\/"},{"@type":"ListItem","position":3,"name":"Knives4 Scheide f\u00fcr Victorinox Swiss Tool X \/ Spirit X"}]},{"@type":"WebSite","@id":"https:\/\/ueberlebenskunst.at\/survivalshop\/#website","url":"https:\/\/ueberlebenskunst.at\/survivalshop\/","name":"Reini Rossmann - Survival Shop","description":"Survival Shop f\u00fcr Survival, Bushcraft und Prepper","potentialAction":[{"@type":"SearchAction","target":{"@type":"EntryPoint","urlTemplate":"https:\/\/ueberlebenskunst.at\/survivalshop\/?s={search_term_string}"},"query-input":{"@type":"PropertyValueSpecification","valueRequired":true,"valueName":"search_term_string"}}],"inLanguage":"de"}]}},"_links":{"self":[{"href":"https:\/\/ueberlebenskunst.at\/survivalshop\/wp-json\/wp\/v2\/product\/91028","targetHints":{"allow":["GET"]}}],"collection":[{"href":"https:\/\/ueberlebenskunst.at\/survivalshop\/wp-json\/wp\/v2\/product"}],"about":[{"href":"https:\/\/ueberlebenskunst.at\/survivalshop\/wp-json\/wp\/v2\/types\/product"}],"replies":[{"embeddable":true,"href":"https:\/\/ueberlebenskunst.at\/survivalshop\/wp-json\/wp\/v2\/comments?post=91028"}],"wp:featuredmedia":[{"embeddable":true,"href":"https:\/\/ueberlebenskunst.at\/survivalshop\/wp-json\/wp\/v2\/media\/144341"}],"wp:attachment":[{"href":"https:\/\/ueberlebenskunst.at\/survivalshop\/wp-json\/wp\/v2\/media?parent=91028"}],"wp:term":[{"taxonomy":"product_brand","embeddable":true,"href":"https:\/\/ueberlebenskunst.at\/survivalshop\/wp-json\/wp\/v2\/product_brand?post=91028"},{"taxonomy":"product_cat","embeddable":true,"href":"https:\/\/ueberlebenskunst.at\/survivalshop\/wp-json\/wp\/v2\/product_cat?post=91028"},{"taxonomy":"product_tag","embeddable":true,"href":"https:\/\/ueberlebenskunst.at\/survivalshop\/wp-json\/wp\/v2\/product_tag?post=91028"}],"curies":[{"name":"wp","href":"https:\/\/api.w.org\/{rel}","templated":true}]}}