{"id":91022,"date":"2022-06-09T12:36:04","date_gmt":"2022-06-09T10:36:04","guid":{"rendered":"https:\/\/ueberlebenskunst.at\/survivalshop\/?post_type=product&#038;p=91022"},"modified":"2026-04-23T15:20:07","modified_gmt":"2026-04-23T13:20:07","slug":"knives4-scheide-fuer-soldatenmesser-08-bundeswehr-messer-von-victorinox","status":"publish","type":"product","link":"https:\/\/ueberlebenskunst.at\/survivalshop\/shop\/knives4-scheide-fuer-soldatenmesser-08-bundeswehr-messer-von-victorinox\/","title":{"rendered":"Knives4 Scheide f\u00fcr Victorinox Soldier&#8217;s Knife 08 Bundeswehr Messer"},"content":{"rendered":"<p>Die passgenaue Kunststoffscheide f\u00fcr das Victorinox Soldatenmesser 08 ist perfekt an die Nutzung als EDC Scheide angepasst. Mit einer Tip-Down Trageweise ist diese Scheide f\u00fcr das Soldatenmesser 08 f\u00fcr Links- und Rechtsh\u00e4nder gleicherma\u00dfen geeignet. Das Milit\u00e4rmesser, dass auch bei der Deutschen Bundeswehr im Einsatz ist, sitzt perfekt in der Scheide und kann auch bei starker Bewegung (z. B. robben, springen, kriechen) nicht aus der Scheide fallen.<br \/>\nF\u00fcr den festen Sitz sorgt die ideale Passform unserer Knives4-Kunststoffscheide. Dennoch kann das Messer mit einer Hand aus der Scheide entnommen werden. Und das Beste ist: nach dem Arbeiten kannst du das Soldatenmesser 08 auch wieder mit einer Hand in die Scheide zur\u00fcckf\u00fchren.<br \/>\nUnsere Knives4 Scheide ist auch f\u00fcr das Bundeswehrsoldaten Messer geeignet!<br \/>\nDurch die Tip-Down Trageweise ist es m\u00f6glich die Fangriemen\u00f6se in der Scheide so zu platzieren, dass diese f\u00fcr den Soldaten mit maximaler Ger\u00e4uschtarnung fixiert ist. Die \u00d6se wird beim Einstecken in die Scheide so fixiert, dass sie sich beim Laufen oder anderen hastigen Bewegungen nicht bewegt und dadurch eine maximale Ger\u00e4uschtarnung f\u00fcr den Einsatz gew\u00e4hrleistet ist. Selbstverst\u00e4ndlich ist das f\u00fcr das Every Day Carry nicht relevant, ist aber dennoch eine nette Funktion.<\/p>\n<p>Unsere K4 G\u00fcrtelscheide f\u00fcr das Bundeswehrmesser bzw. das Swiss Soldier\u00b4s Knife 08 von Victorinox ist ideal geeignet um dein Messer sicher und fest zu f\u00fchren, aber gleichzeitig direkten Zugriff mit nur einer Hand zu haben. Ausgestattet mit unserer EDC Mini Lampe hast du Messer und Lampe jederzeit griffbereit und immer mit dabei. Echtes Every Day Carry also. Made in Austria, direkt aus der Reini Rossmann Werkstatt. F\u00fcr G\u00fcrtel mit einer maximalen Breite von 7,5 cm. Die Scheide ist f\u00fcr Links- und Rechtsh\u00e4nder gleicherma\u00dfen geeignet und erm\u00f6glicht den schnellen und sichern Zugriff auf dein Bundeswehrmesser. Die Scheide ist mit allen Variationen des deutschen Bundeswehrmessers kompatibel. Einhand- und auch Zweihandklappmesser passen in diese Scheide.<\/p>\n<h3><strong>Passt auf:<\/strong><\/h3>\n<ul>\n<li>Swiss Soldier\u00b4s Knife 08 (0.8461.MWCH)<\/li>\n<\/ul>\n<h3><strong>Technische Daten im Detail zu K4 Scheide mit Lampe:<\/strong><\/h3>\n<ul>\n<li>Gewicht: ca. 39 g<\/li>\n<li>Abmessungen: 35 x 60 x 70 mm<\/li>\n<li>F\u00fcr G\u00fcrtel mit max. Breite von 57 mm und 4 mm Dicke<\/li>\n<li>Lieferumfang: G\u00fcrtelscheide + Lampe<\/li>\n<\/ul>\n<h3><strong>Produktdetails zur K4 EDC Lampe:<\/strong><\/h3>\n<p>Batterie: AAA (nicht im Lieferumfang enthalten)<br \/>\nAbmessungen: 67 x 15 mm<br \/>\n4Modus: (180 Lumen \/ 12 Lumen\/ 0,04 Lumen\/ Strobe mit 180 Lumen)<br \/>\nLeuchtdauer: bis zu 30 Min. bei 180 Lumen \/ 6 h bei 12 Lumen<\/p>\n<h3>Bedienungs- &amp; Pflegeanleitung:<\/h3>\n<ul>\n<li>Die Reinigung mit Wasser und Seife ist m\u00f6glich.<\/li>\n<li>Du solltest die Steckscheide nicht direkt in die N\u00e4he von Feuer oder anderen Hitzequellen legen!<\/li>\n<li>Wird deine Steckscheide \u00fcber l\u00e4ngere Zeit sehr kalten Temperaturen unter 0 \u00b0C ausgesetzt, solltest du<br \/>\nin dem Moment darauf achten, dass keine starken Belastungen darauf einwirken.<\/li>\n<li>Material: RoHS, REACH und FDA Zertifikat und frei von Silikonen<\/li>\n<\/ul>\n<p>Unsere Produkte sind nicht f\u00fcr Kinder unter 3 Jahren geeignet. Es besteht Verschluckungsgefahr.<\/p>\n<p><a href=\"https:\/\/ueberlebenskunst.at\/survivalshop\/wp-content\/uploads\/2021\/11\/Logo_Kinder.png\"><img decoding=\"async\" class=\"alignnone size-medium wp-image-179571\" src=\"https:\/\/ueberlebenskunst.at\/survivalshop\/wp-content\/uploads\/2021\/11\/Logo_Kinder-300x126.png\" alt=\"\" width=\"300\" height=\"126\" srcset=\"https:\/\/ueberlebenskunst.at\/survivalshop\/wp-content\/uploads\/2021\/11\/Logo_Kinder-300x126.png 300w, https:\/\/ueberlebenskunst.at\/survivalshop\/wp-content\/uploads\/2021\/11\/Logo_Kinder-64x27.png 64w, https:\/\/ueberlebenskunst.at\/survivalshop\/wp-content\/uploads\/2021\/11\/Logo_Kinder.png 401w\" sizes=\"(max-width: 300px) 100vw, 300px\" \/><\/a><\/p>\n<p><span style=\"color: #99cc00;\">Du willst das Produkt in einer anderen Farbe? Schick uns eine E-Mail an shop@ueberlebenskunst.at und wir pr\u00fcfen, ob dein Farbwunsch\u00a0m\u00f6glich\u00a0ist.<\/span><\/p>\n","protected":false},"excerpt":{"rendered":"<p>Die passgenaue Kunststoffscheide f\u00fcr das Victorinox Soldatenmesser 08 ist perfekt an die Nutzung als EDC Scheide angepasst. Mit einer Tip-Down Trageweise ist diese Scheide f\u00fcr das Soldatenmesser 08 f\u00fcr Links- und Rechtsh\u00e4nder gleicherma\u00dfen geeignet. Das Milit\u00e4rmesser, dass auch bei der Deutschen Bundeswehr im Einsatz ist, sitzt perfekt in der Scheide und kann auch bei starker [&hellip;]<\/p>\n","protected":false},"featured_media":144349,"comment_status":"open","ping_status":"closed","template":"","meta":{"_acf_changed":false},"product_brand":[],"product_cat":[1790],"product_tag":[1667,1256,1255,1147],"class_list":{"0":"post-91022","1":"product","2":"type-product","3":"status-publish","4":"has-post-thumbnail","6":"product_cat-knives-4","7":"product_tag-adc","8":"product_tag-k4","9":"product_tag-knives4","10":"product_tag-victorinox","11":"pa_platform-mit-lampe","12":"pa_platform-ohne-lampe","13":"pa_platform-oliv-mit-lampe","15":"first","16":"instock","17":"taxable","18":"shipping-taxable","19":"purchasable","20":"product-type-variable","21":"has-default-attributes"},"acf":[],"yoast_head":"<!-- This site is optimized with the Yoast SEO plugin v27.1.1 - https:\/\/yoast.com\/product\/yoast-seo-wordpress\/ -->\n<title>Knives4 Scheide f\u00fcr Victorinox Soldier&#039;s Knife 08 Bundeswehr Messer<\/title>\n<meta name=\"description\" content=\"Die passgenau Kunststoffscheide f\u00fcr das Victorinox Soldatenmesser 08 ist perfekt an die Nutzung als EDC Scheide angepasst. Mit einer tip-down Trageweise ist diese Scheide f\u00fcr Links- und Rechtsh\u00e4nder gleicherma\u00dfen geeignet.\" \/>\n<meta name=\"robots\" content=\"index, follow, max-snippet:-1, max-image-preview:large, max-video-preview:-1\" \/>\n<link rel=\"canonical\" href=\"https:\/\/ueberlebenskunst.at\/survivalshop\/shop\/knives4-scheide-fuer-soldatenmesser-08-bundeswehr-messer-von-victorinox\/\" \/>\n<meta property=\"og:locale\" content=\"de_DE\" \/>\n<meta property=\"og:type\" content=\"article\" \/>\n<meta property=\"og:title\" content=\"Knives4 Scheide f\u00fcr Victorinox Soldier&#039;s Knife 08 Bundeswehr Messer\" \/>\n<meta property=\"og:description\" content=\"Die passgenau Kunststoffscheide f\u00fcr das Victorinox Soldatenmesser 08 ist perfekt an die Nutzung als EDC Scheide angepasst. Mit einer tip-down Trageweise ist diese Scheide f\u00fcr Links- und Rechtsh\u00e4nder gleicherma\u00dfen geeignet.\" \/>\n<meta property=\"og:url\" content=\"https:\/\/ueberlebenskunst.at\/survivalshop\/shop\/knives4-scheide-fuer-soldatenmesser-08-bundeswehr-messer-von-victorinox\/\" \/>\n<meta property=\"og:site_name\" content=\"Reini Rossmann - Survival Shop\" \/>\n<meta property=\"article:publisher\" content=\"https:\/\/www.facebook.com\/survival24.org\/\" \/>\n<meta property=\"article:modified_time\" content=\"2026-04-23T13:20:07+00:00\" \/>\n<meta property=\"og:image\" content=\"https:\/\/ueberlebenskunst.at\/survivalshop\/wp-content\/uploads\/2022\/06\/Scheide_Soldiers_Knife_08_Bundeswehr_Messer_SOL02_Lampe_sk.jpg\" \/>\n\t<meta property=\"og:image:width\" content=\"400\" \/>\n\t<meta property=\"og:image:height\" content=\"400\" \/>\n\t<meta property=\"og:image:type\" content=\"image\/jpeg\" \/>\n<meta name=\"twitter:card\" content=\"summary_large_image\" \/>\n<meta name=\"twitter:label1\" content=\"Gesch\u00e4tzte Lesezeit\" \/>\n\t<meta name=\"twitter:data1\" content=\"4\u00a0Minuten\" \/>\n<script type=\"application\/ld+json\" class=\"yoast-schema-graph\">{\"@context\":\"https:\/\/schema.org\",\"@graph\":[{\"@type\":\"WebPage\",\"@id\":\"https:\/\/ueberlebenskunst.at\/survivalshop\/shop\/knives4-scheide-fuer-soldatenmesser-08-bundeswehr-messer-von-victorinox\/\",\"url\":\"https:\/\/ueberlebenskunst.at\/survivalshop\/shop\/knives4-scheide-fuer-soldatenmesser-08-bundeswehr-messer-von-victorinox\/\",\"name\":\"Knives4 Scheide f\u00fcr Victorinox Soldier's Knife 08 Bundeswehr Messer\",\"isPartOf\":{\"@id\":\"https:\/\/ueberlebenskunst.at\/survivalshop\/#website\"},\"primaryImageOfPage\":{\"@id\":\"https:\/\/ueberlebenskunst.at\/survivalshop\/shop\/knives4-scheide-fuer-soldatenmesser-08-bundeswehr-messer-von-victorinox\/#primaryimage\"},\"image\":{\"@id\":\"https:\/\/ueberlebenskunst.at\/survivalshop\/shop\/knives4-scheide-fuer-soldatenmesser-08-bundeswehr-messer-von-victorinox\/#primaryimage\"},\"thumbnailUrl\":\"https:\/\/ueberlebenskunst.at\/survivalshop\/wp-content\/uploads\/2022\/06\/Scheide_Soldiers_Knife_08_Bundeswehr_Messer_SOL02_Lampe_sk.jpg\",\"datePublished\":\"2022-06-09T10:36:04+00:00\",\"dateModified\":\"2026-04-23T13:20:07+00:00\",\"description\":\"Die passgenau Kunststoffscheide f\u00fcr das Victorinox Soldatenmesser 08 ist perfekt an die Nutzung als EDC Scheide angepasst. Mit einer tip-down Trageweise ist diese Scheide f\u00fcr Links- und Rechtsh\u00e4nder gleicherma\u00dfen geeignet.\",\"breadcrumb\":{\"@id\":\"https:\/\/ueberlebenskunst.at\/survivalshop\/shop\/knives4-scheide-fuer-soldatenmesser-08-bundeswehr-messer-von-victorinox\/#breadcrumb\"},\"inLanguage\":\"de\",\"potentialAction\":[{\"@type\":\"ReadAction\",\"target\":[\"https:\/\/ueberlebenskunst.at\/survivalshop\/shop\/knives4-scheide-fuer-soldatenmesser-08-bundeswehr-messer-von-victorinox\/\"]}]},{\"@type\":\"ImageObject\",\"inLanguage\":\"de\",\"@id\":\"https:\/\/ueberlebenskunst.at\/survivalshop\/shop\/knives4-scheide-fuer-soldatenmesser-08-bundeswehr-messer-von-victorinox\/#primaryimage\",\"url\":\"https:\/\/ueberlebenskunst.at\/survivalshop\/wp-content\/uploads\/2022\/06\/Scheide_Soldiers_Knife_08_Bundeswehr_Messer_SOL02_Lampe_sk.jpg\",\"contentUrl\":\"https:\/\/ueberlebenskunst.at\/survivalshop\/wp-content\/uploads\/2022\/06\/Scheide_Soldiers_Knife_08_Bundeswehr_Messer_SOL02_Lampe_sk.jpg\",\"width\":400,\"height\":400},{\"@type\":\"BreadcrumbList\",\"@id\":\"https:\/\/ueberlebenskunst.at\/survivalshop\/shop\/knives4-scheide-fuer-soldatenmesser-08-bundeswehr-messer-von-victorinox\/#breadcrumb\",\"itemListElement\":[{\"@type\":\"ListItem\",\"position\":1,\"name\":\"Startseite\",\"item\":\"https:\/\/ueberlebenskunst.at\/survivalshop\/\"},{\"@type\":\"ListItem\",\"position\":2,\"name\":\"Shop\",\"item\":\"https:\/\/ueberlebenskunst.at\/survivalshop\/shop\/\"},{\"@type\":\"ListItem\",\"position\":3,\"name\":\"Knives4 Scheide f\u00fcr Victorinox Soldier&#8217;s Knife 08 Bundeswehr Messer\"}]},{\"@type\":\"WebSite\",\"@id\":\"https:\/\/ueberlebenskunst.at\/survivalshop\/#website\",\"url\":\"https:\/\/ueberlebenskunst.at\/survivalshop\/\",\"name\":\"Reini Rossmann - Survival Shop\",\"description\":\"Survival Shop f\u00fcr Survival, Bushcraft und Prepper\",\"potentialAction\":[{\"@type\":\"SearchAction\",\"target\":{\"@type\":\"EntryPoint\",\"urlTemplate\":\"https:\/\/ueberlebenskunst.at\/survivalshop\/?s={search_term_string}\"},\"query-input\":{\"@type\":\"PropertyValueSpecification\",\"valueRequired\":true,\"valueName\":\"search_term_string\"}}],\"inLanguage\":\"de\"}]}<\/script>\n<!-- \/ Yoast SEO plugin. -->","yoast_head_json":{"title":"Knives4 Scheide f\u00fcr Victorinox Soldier's Knife 08 Bundeswehr Messer","description":"Die passgenau Kunststoffscheide f\u00fcr das Victorinox Soldatenmesser 08 ist perfekt an die Nutzung als EDC Scheide angepasst. Mit einer tip-down Trageweise ist diese Scheide f\u00fcr Links- und Rechtsh\u00e4nder gleicherma\u00dfen geeignet.","robots":{"index":"index","follow":"follow","max-snippet":"max-snippet:-1","max-image-preview":"max-image-preview:large","max-video-preview":"max-video-preview:-1"},"canonical":"https:\/\/ueberlebenskunst.at\/survivalshop\/shop\/knives4-scheide-fuer-soldatenmesser-08-bundeswehr-messer-von-victorinox\/","og_locale":"de_DE","og_type":"article","og_title":"Knives4 Scheide f\u00fcr Victorinox Soldier's Knife 08 Bundeswehr Messer","og_description":"Die passgenau Kunststoffscheide f\u00fcr das Victorinox Soldatenmesser 08 ist perfekt an die Nutzung als EDC Scheide angepasst. Mit einer tip-down Trageweise ist diese Scheide f\u00fcr Links- und Rechtsh\u00e4nder gleicherma\u00dfen geeignet.","og_url":"https:\/\/ueberlebenskunst.at\/survivalshop\/shop\/knives4-scheide-fuer-soldatenmesser-08-bundeswehr-messer-von-victorinox\/","og_site_name":"Reini Rossmann - Survival Shop","article_publisher":"https:\/\/www.facebook.com\/survival24.org\/","article_modified_time":"2026-04-23T13:20:07+00:00","og_image":[{"width":400,"height":400,"url":"https:\/\/ueberlebenskunst.at\/survivalshop\/wp-content\/uploads\/2022\/06\/Scheide_Soldiers_Knife_08_Bundeswehr_Messer_SOL02_Lampe_sk.jpg","type":"image\/jpeg"}],"twitter_card":"summary_large_image","twitter_misc":{"Gesch\u00e4tzte Lesezeit":"4\u00a0Minuten"},"schema":{"@context":"https:\/\/schema.org","@graph":[{"@type":"WebPage","@id":"https:\/\/ueberlebenskunst.at\/survivalshop\/shop\/knives4-scheide-fuer-soldatenmesser-08-bundeswehr-messer-von-victorinox\/","url":"https:\/\/ueberlebenskunst.at\/survivalshop\/shop\/knives4-scheide-fuer-soldatenmesser-08-bundeswehr-messer-von-victorinox\/","name":"Knives4 Scheide f\u00fcr Victorinox Soldier's Knife 08 Bundeswehr Messer","isPartOf":{"@id":"https:\/\/ueberlebenskunst.at\/survivalshop\/#website"},"primaryImageOfPage":{"@id":"https:\/\/ueberlebenskunst.at\/survivalshop\/shop\/knives4-scheide-fuer-soldatenmesser-08-bundeswehr-messer-von-victorinox\/#primaryimage"},"image":{"@id":"https:\/\/ueberlebenskunst.at\/survivalshop\/shop\/knives4-scheide-fuer-soldatenmesser-08-bundeswehr-messer-von-victorinox\/#primaryimage"},"thumbnailUrl":"https:\/\/ueberlebenskunst.at\/survivalshop\/wp-content\/uploads\/2022\/06\/Scheide_Soldiers_Knife_08_Bundeswehr_Messer_SOL02_Lampe_sk.jpg","datePublished":"2022-06-09T10:36:04+00:00","dateModified":"2026-04-23T13:20:07+00:00","description":"Die passgenau Kunststoffscheide f\u00fcr das Victorinox Soldatenmesser 08 ist perfekt an die Nutzung als EDC Scheide angepasst. Mit einer tip-down Trageweise ist diese Scheide f\u00fcr Links- und Rechtsh\u00e4nder gleicherma\u00dfen geeignet.","breadcrumb":{"@id":"https:\/\/ueberlebenskunst.at\/survivalshop\/shop\/knives4-scheide-fuer-soldatenmesser-08-bundeswehr-messer-von-victorinox\/#breadcrumb"},"inLanguage":"de","potentialAction":[{"@type":"ReadAction","target":["https:\/\/ueberlebenskunst.at\/survivalshop\/shop\/knives4-scheide-fuer-soldatenmesser-08-bundeswehr-messer-von-victorinox\/"]}]},{"@type":"ImageObject","inLanguage":"de","@id":"https:\/\/ueberlebenskunst.at\/survivalshop\/shop\/knives4-scheide-fuer-soldatenmesser-08-bundeswehr-messer-von-victorinox\/#primaryimage","url":"https:\/\/ueberlebenskunst.at\/survivalshop\/wp-content\/uploads\/2022\/06\/Scheide_Soldiers_Knife_08_Bundeswehr_Messer_SOL02_Lampe_sk.jpg","contentUrl":"https:\/\/ueberlebenskunst.at\/survivalshop\/wp-content\/uploads\/2022\/06\/Scheide_Soldiers_Knife_08_Bundeswehr_Messer_SOL02_Lampe_sk.jpg","width":400,"height":400},{"@type":"BreadcrumbList","@id":"https:\/\/ueberlebenskunst.at\/survivalshop\/shop\/knives4-scheide-fuer-soldatenmesser-08-bundeswehr-messer-von-victorinox\/#breadcrumb","itemListElement":[{"@type":"ListItem","position":1,"name":"Startseite","item":"https:\/\/ueberlebenskunst.at\/survivalshop\/"},{"@type":"ListItem","position":2,"name":"Shop","item":"https:\/\/ueberlebenskunst.at\/survivalshop\/shop\/"},{"@type":"ListItem","position":3,"name":"Knives4 Scheide f\u00fcr Victorinox Soldier&#8217;s Knife 08 Bundeswehr Messer"}]},{"@type":"WebSite","@id":"https:\/\/ueberlebenskunst.at\/survivalshop\/#website","url":"https:\/\/ueberlebenskunst.at\/survivalshop\/","name":"Reini Rossmann - Survival Shop","description":"Survival Shop f\u00fcr Survival, Bushcraft und Prepper","potentialAction":[{"@type":"SearchAction","target":{"@type":"EntryPoint","urlTemplate":"https:\/\/ueberlebenskunst.at\/survivalshop\/?s={search_term_string}"},"query-input":{"@type":"PropertyValueSpecification","valueRequired":true,"valueName":"search_term_string"}}],"inLanguage":"de"}]}},"_links":{"self":[{"href":"https:\/\/ueberlebenskunst.at\/survivalshop\/wp-json\/wp\/v2\/product\/91022","targetHints":{"allow":["GET"]}}],"collection":[{"href":"https:\/\/ueberlebenskunst.at\/survivalshop\/wp-json\/wp\/v2\/product"}],"about":[{"href":"https:\/\/ueberlebenskunst.at\/survivalshop\/wp-json\/wp\/v2\/types\/product"}],"replies":[{"embeddable":true,"href":"https:\/\/ueberlebenskunst.at\/survivalshop\/wp-json\/wp\/v2\/comments?post=91022"}],"wp:featuredmedia":[{"embeddable":true,"href":"https:\/\/ueberlebenskunst.at\/survivalshop\/wp-json\/wp\/v2\/media\/144349"}],"wp:attachment":[{"href":"https:\/\/ueberlebenskunst.at\/survivalshop\/wp-json\/wp\/v2\/media?parent=91022"}],"wp:term":[{"taxonomy":"product_brand","embeddable":true,"href":"https:\/\/ueberlebenskunst.at\/survivalshop\/wp-json\/wp\/v2\/product_brand?post=91022"},{"taxonomy":"product_cat","embeddable":true,"href":"https:\/\/ueberlebenskunst.at\/survivalshop\/wp-json\/wp\/v2\/product_cat?post=91022"},{"taxonomy":"product_tag","embeddable":true,"href":"https:\/\/ueberlebenskunst.at\/survivalshop\/wp-json\/wp\/v2\/product_tag?post=91022"}],"curies":[{"name":"wp","href":"https:\/\/api.w.org\/{rel}","templated":true}]}}