{"id":90898,"date":"2022-06-08T06:47:52","date_gmt":"2022-06-08T04:47:52","guid":{"rendered":"https:\/\/ueberlebenskunst.at\/survivalshop\/?post_type=product&#038;p=90898"},"modified":"2026-05-07T22:25:18","modified_gmt":"2026-05-07T20:25:18","slug":"universal-feuerstahlhalter","status":"publish","type":"product","link":"https:\/\/ueberlebenskunst.at\/survivalshop\/shop\/universal-feuerstahlhalter\/","title":{"rendered":"K4 Universal Feuerstahl Halterung + Feuerstahl"},"content":{"rendered":"<p>Mit dem Universal &#8211; Feuerstahlhalter hast du deinen Feuerstahl immer direkt am Messer mit dabei. Dank der ausgekl\u00fcgelten Langl\u00f6cher ist er f\u00fcr so gut wie jede Messerscheide mit Bohrungen von 5,2 mm Durchmesser geeignet.<br \/>\nWo ein <a href=\"https:\/\/ueberlebenskunst.at\/survivalshop\/shop\/ulticlip-slim-2-2-fuer-knives4-messer\/\" target=\"_blank\" rel=\"noopener\">UltiClip<\/a> oder <a href=\"https:\/\/ueberlebenskunst.at\/survivalshop\/shop\/reini-rossmann-messer-bushcraft-beaver\/\" target=\"_blank\" rel=\"noopener\">Tek Lok (wie der beim Bushcraft Beaver)<\/a> auf die Messerscheide passt, dort ist in jedem Fall auch unser neuer Universal Feuerstahlhalter kompatibel! Ideal f\u00fcr Messerscheiden mit einer Dicke von ca. 4 mm. Durch das flexible Material passt er sich aber auch anderen Dicken sehr gut an.<\/p>\n<p>Mit den mitgelieferten <a href=\"https:\/\/ueberlebenskunst.at\/survivalshop\/shop\/2er-schraubenset\/\" target=\"_blank\" rel=\"noopener\">Schrauben-Sets<\/a> wird der Halter an der Messerscheide montiert. Dank der Kreuzschlitzschrauben ist die Montage mit einfachem Werkzeug m\u00f6glich.<br \/>\nDie Gummischeibe dient zum Ausgleich solltest du den Halter einmal an einer d\u00fcnnen Messerscheide anbringen wollen.<\/p>\n<p>Erh\u00e4ltlich im Rautenmuster oder im Fuzzy Stil.<\/p>\n<h3>Erh\u00e4ltlich in diesen Farben:<\/h3>\n<ul>\n<li>Schwarz<\/li>\n<li>Survival Orange<\/li>\n<li>Glow in the Dark<\/li>\n<li>Oliv<\/li>\n<li>Gr\u00fcn<\/li>\n<\/ul>\n<h3>Lieferumfang:<\/h3>\n<ul>\n<li>1 Stk. einfacher Feuerstahl mit Kunststoffgriff D= 8 mm \/ L= 100 mm \/ B= 17 mm<\/li>\n<li>1 Stk. elastisches Cord<\/li>\n<li>1 Stk. Feuerstahlhalter aus TPU mit\u00a0 L= 68 mm \/ B= 30 mm\/ H= 13 mm<\/li>\n<li><a href=\"https:\/\/ueberlebenskunst.at\/survivalshop\/shop\/k4-2er-schraubenset-9mm\/\" target=\"_blank\" rel=\"noopener\">2er Set Schrauben mit Gummischeibe<\/a><\/li>\n<\/ul>\n<p>Verlierst du gerne Schrauben? Dann bestell dir doch gleich ein <a href=\"https:\/\/ueberlebenskunst.at\/survivalshop\/shop\/k4-2er-schraubenset-9mm\/\" target=\"_blank\" rel=\"noopener\">2er Schraubenset<\/a> mit.<\/p>\n<h3>Bedienungs- &amp; Pflegeanleitung:<\/h3>\n<ul>\n<li>Die Reinigung mit Wasser und Seife ist m\u00f6glich.<\/li>\n<li>Du solltest die Steckscheide nicht direkt in die N\u00e4he von Feuer oder anderen Hitzequellen legen!<\/li>\n<li>Wird deine Steckscheide \u00fcber l\u00e4ngere Zeit sehr kalten Temperaturen unter 0 \u00b0C ausgesetzt, solltest du<br \/>\nin dem Moment darauf achten, dass keine starken Belastungen darauf einwirken.<\/li>\n<\/ul>\n<p>Unsere Produkte sind nicht f\u00fcr Kinder unter 3 Jahren geeignet. Es besteht Verschluckungsgefahr.<\/p>\n<p><a href=\"https:\/\/ueberlebenskunst.at\/survivalshop\/wp-content\/uploads\/2021\/11\/Logo_Kinder.png\"><img decoding=\"async\" class=\"alignnone size-medium wp-image-179571\" src=\"https:\/\/ueberlebenskunst.at\/survivalshop\/wp-content\/uploads\/2021\/11\/Logo_Kinder-300x126.png\" alt=\"\" width=\"300\" height=\"126\" srcset=\"https:\/\/ueberlebenskunst.at\/survivalshop\/wp-content\/uploads\/2021\/11\/Logo_Kinder-300x126.png 300w, https:\/\/ueberlebenskunst.at\/survivalshop\/wp-content\/uploads\/2021\/11\/Logo_Kinder-64x27.png 64w, https:\/\/ueberlebenskunst.at\/survivalshop\/wp-content\/uploads\/2021\/11\/Logo_Kinder.png 401w\" sizes=\"(max-width: 300px) 100vw, 300px\" \/><\/a><\/p>\n","protected":false},"excerpt":{"rendered":"<p>Mit dem Universal &#8211; Feuerstahlhalter hast du deinen Feuerstahl immer direkt am Messer mit dabei. Dank der ausgekl\u00fcgelten Langl\u00f6cher ist er f\u00fcr so gut wie jede Messerscheide mit Bohrungen von 5,2 mm Durchmesser geeignet. Wo ein UltiClip oder Tek Lok (wie der beim Bushcraft Beaver) auf die Messerscheide passt, dort ist in jedem Fall auch [&hellip;]<\/p>\n","protected":false},"featured_media":167767,"comment_status":"open","ping_status":"closed","template":"","meta":{"_acf_changed":false},"product_brand":[],"product_cat":[1101,1945],"product_tag":[236,2135,1256,1291,1409],"class_list":{"0":"post-90898","1":"product","2":"type-product","3":"status-publish","4":"has-post-thumbnail","6":"product_cat-ausruestung","7":"product_cat-survivalausruestung","8":"product_tag-feuerstahl","9":"product_tag-glow-in-the-dark","10":"product_tag-k4","11":"product_tag-k4-universal-halterung","12":"product_tag-universal-halterung","13":"pa_farbe-gelb-fuzzy-stil","14":"pa_farbe-gelb-rautenmuster","15":"pa_farbe-glow-in-the-dark","16":"pa_farbe-glow-in-the-dark-fuzzy-stil","17":"pa_farbe-glow-in-the-dark-rautenmuster","18":"pa_farbe-gruen","19":"pa_farbe-gruen-fuzzy-stil","20":"pa_farbe-gruen-rautenmuster","21":"pa_farbe-oliv-fuzzy-stil","22":"pa_farbe-orange","23":"pa_farbe-orange-fuzzy-stil","24":"pa_farbe-orange-rautenmuster","25":"pa_farbe-schwarz","26":"pa_farbe-schwarz-fuzzy-stil","27":"pa_farbe-schwarz-rautenmuster","29":"first","30":"instock","31":"taxable","32":"shipping-taxable","33":"purchasable","34":"product-type-variable","35":"has-default-attributes"},"acf":[],"yoast_head":"<!-- This site is optimized with the Yoast SEO plugin v27.1.1 - https:\/\/yoast.com\/product\/yoast-seo-wordpress\/ -->\n<title>K4 Universal Feuerstahl Halterung + Feuerstahl<\/title>\n<meta name=\"robots\" content=\"index, follow, max-snippet:-1, max-image-preview:large, max-video-preview:-1\" \/>\n<link rel=\"canonical\" href=\"https:\/\/ueberlebenskunst.at\/survivalshop\/shop\/universal-feuerstahlhalter\/\" \/>\n<meta property=\"og:locale\" content=\"de_DE\" \/>\n<meta property=\"og:type\" content=\"article\" \/>\n<meta property=\"og:title\" content=\"K4 Universal Feuerstahl Halterung + Feuerstahl\" \/>\n<meta property=\"og:description\" content=\"Mit dem Universal &#8211; Feuerstahlhalter hast du deinen Feuerstahl immer direkt am Messer mit dabei. Dank der ausgekl\u00fcgelten Langl\u00f6cher ist er f\u00fcr so gut wie jede Messerscheide mit Bohrungen von 5,2 mm Durchmesser geeignet. Wo ein UltiClip oder Tek Lok (wie der beim Bushcraft Beaver) auf die Messerscheide passt, dort ist in jedem Fall auch [&hellip;]\" \/>\n<meta property=\"og:url\" content=\"https:\/\/ueberlebenskunst.at\/survivalshop\/shop\/universal-feuerstahlhalter\/\" \/>\n<meta property=\"og:site_name\" content=\"Reini Rossmann - Survival Shop\" \/>\n<meta property=\"article:publisher\" content=\"https:\/\/www.facebook.com\/survival24.org\/\" \/>\n<meta property=\"article:modified_time\" content=\"2026-05-07T20:25:18+00:00\" \/>\n<meta property=\"og:image\" content=\"https:\/\/ueberlebenskunst.at\/survivalshop\/wp-content\/uploads\/2024\/07\/FHUNI_Farbe.png\" \/>\n\t<meta property=\"og:image:width\" content=\"400\" \/>\n\t<meta property=\"og:image:height\" content=\"400\" \/>\n\t<meta property=\"og:image:type\" content=\"image\/png\" \/>\n<meta name=\"twitter:card\" content=\"summary_large_image\" \/>\n<meta name=\"twitter:label1\" content=\"Gesch\u00e4tzte Lesezeit\" \/>\n\t<meta name=\"twitter:data1\" content=\"2\u00a0Minuten\" \/>\n<script type=\"application\/ld+json\" class=\"yoast-schema-graph\">{\"@context\":\"https:\/\/schema.org\",\"@graph\":[{\"@type\":\"WebPage\",\"@id\":\"https:\/\/ueberlebenskunst.at\/survivalshop\/shop\/universal-feuerstahlhalter\/\",\"url\":\"https:\/\/ueberlebenskunst.at\/survivalshop\/shop\/universal-feuerstahlhalter\/\",\"name\":\"K4 Universal Feuerstahl Halterung + Feuerstahl\",\"isPartOf\":{\"@id\":\"https:\/\/ueberlebenskunst.at\/survivalshop\/#website\"},\"primaryImageOfPage\":{\"@id\":\"https:\/\/ueberlebenskunst.at\/survivalshop\/shop\/universal-feuerstahlhalter\/#primaryimage\"},\"image\":{\"@id\":\"https:\/\/ueberlebenskunst.at\/survivalshop\/shop\/universal-feuerstahlhalter\/#primaryimage\"},\"thumbnailUrl\":\"https:\/\/ueberlebenskunst.at\/survivalshop\/wp-content\/uploads\/2024\/07\/FHUNI_Farbe.png\",\"datePublished\":\"2022-06-08T04:47:52+00:00\",\"dateModified\":\"2026-05-07T20:25:18+00:00\",\"breadcrumb\":{\"@id\":\"https:\/\/ueberlebenskunst.at\/survivalshop\/shop\/universal-feuerstahlhalter\/#breadcrumb\"},\"inLanguage\":\"de\",\"potentialAction\":[{\"@type\":\"ReadAction\",\"target\":[\"https:\/\/ueberlebenskunst.at\/survivalshop\/shop\/universal-feuerstahlhalter\/\"]}]},{\"@type\":\"ImageObject\",\"inLanguage\":\"de\",\"@id\":\"https:\/\/ueberlebenskunst.at\/survivalshop\/shop\/universal-feuerstahlhalter\/#primaryimage\",\"url\":\"https:\/\/ueberlebenskunst.at\/survivalshop\/wp-content\/uploads\/2024\/07\/FHUNI_Farbe.png\",\"contentUrl\":\"https:\/\/ueberlebenskunst.at\/survivalshop\/wp-content\/uploads\/2024\/07\/FHUNI_Farbe.png\",\"width\":400,\"height\":400},{\"@type\":\"BreadcrumbList\",\"@id\":\"https:\/\/ueberlebenskunst.at\/survivalshop\/shop\/universal-feuerstahlhalter\/#breadcrumb\",\"itemListElement\":[{\"@type\":\"ListItem\",\"position\":1,\"name\":\"Startseite\",\"item\":\"https:\/\/ueberlebenskunst.at\/survivalshop\/\"},{\"@type\":\"ListItem\",\"position\":2,\"name\":\"Shop\",\"item\":\"https:\/\/ueberlebenskunst.at\/survivalshop\/shop\/\"},{\"@type\":\"ListItem\",\"position\":3,\"name\":\"K4 Universal Feuerstahl Halterung + Feuerstahl\"}]},{\"@type\":\"WebSite\",\"@id\":\"https:\/\/ueberlebenskunst.at\/survivalshop\/#website\",\"url\":\"https:\/\/ueberlebenskunst.at\/survivalshop\/\",\"name\":\"Reini Rossmann - Survival Shop\",\"description\":\"Survival Shop f\u00fcr Survival, Bushcraft und Prepper\",\"potentialAction\":[{\"@type\":\"SearchAction\",\"target\":{\"@type\":\"EntryPoint\",\"urlTemplate\":\"https:\/\/ueberlebenskunst.at\/survivalshop\/?s={search_term_string}\"},\"query-input\":{\"@type\":\"PropertyValueSpecification\",\"valueRequired\":true,\"valueName\":\"search_term_string\"}}],\"inLanguage\":\"de\"}]}<\/script>\n<!-- \/ Yoast SEO plugin. -->","yoast_head_json":{"title":"K4 Universal Feuerstahl Halterung + Feuerstahl","robots":{"index":"index","follow":"follow","max-snippet":"max-snippet:-1","max-image-preview":"max-image-preview:large","max-video-preview":"max-video-preview:-1"},"canonical":"https:\/\/ueberlebenskunst.at\/survivalshop\/shop\/universal-feuerstahlhalter\/","og_locale":"de_DE","og_type":"article","og_title":"K4 Universal Feuerstahl Halterung + Feuerstahl","og_description":"Mit dem Universal &#8211; Feuerstahlhalter hast du deinen Feuerstahl immer direkt am Messer mit dabei. Dank der ausgekl\u00fcgelten Langl\u00f6cher ist er f\u00fcr so gut wie jede Messerscheide mit Bohrungen von 5,2 mm Durchmesser geeignet. Wo ein UltiClip oder Tek Lok (wie der beim Bushcraft Beaver) auf die Messerscheide passt, dort ist in jedem Fall auch [&hellip;]","og_url":"https:\/\/ueberlebenskunst.at\/survivalshop\/shop\/universal-feuerstahlhalter\/","og_site_name":"Reini Rossmann - Survival Shop","article_publisher":"https:\/\/www.facebook.com\/survival24.org\/","article_modified_time":"2026-05-07T20:25:18+00:00","og_image":[{"width":400,"height":400,"url":"https:\/\/ueberlebenskunst.at\/survivalshop\/wp-content\/uploads\/2024\/07\/FHUNI_Farbe.png","type":"image\/png"}],"twitter_card":"summary_large_image","twitter_misc":{"Gesch\u00e4tzte Lesezeit":"2\u00a0Minuten"},"schema":{"@context":"https:\/\/schema.org","@graph":[{"@type":"WebPage","@id":"https:\/\/ueberlebenskunst.at\/survivalshop\/shop\/universal-feuerstahlhalter\/","url":"https:\/\/ueberlebenskunst.at\/survivalshop\/shop\/universal-feuerstahlhalter\/","name":"K4 Universal Feuerstahl Halterung + Feuerstahl","isPartOf":{"@id":"https:\/\/ueberlebenskunst.at\/survivalshop\/#website"},"primaryImageOfPage":{"@id":"https:\/\/ueberlebenskunst.at\/survivalshop\/shop\/universal-feuerstahlhalter\/#primaryimage"},"image":{"@id":"https:\/\/ueberlebenskunst.at\/survivalshop\/shop\/universal-feuerstahlhalter\/#primaryimage"},"thumbnailUrl":"https:\/\/ueberlebenskunst.at\/survivalshop\/wp-content\/uploads\/2024\/07\/FHUNI_Farbe.png","datePublished":"2022-06-08T04:47:52+00:00","dateModified":"2026-05-07T20:25:18+00:00","breadcrumb":{"@id":"https:\/\/ueberlebenskunst.at\/survivalshop\/shop\/universal-feuerstahlhalter\/#breadcrumb"},"inLanguage":"de","potentialAction":[{"@type":"ReadAction","target":["https:\/\/ueberlebenskunst.at\/survivalshop\/shop\/universal-feuerstahlhalter\/"]}]},{"@type":"ImageObject","inLanguage":"de","@id":"https:\/\/ueberlebenskunst.at\/survivalshop\/shop\/universal-feuerstahlhalter\/#primaryimage","url":"https:\/\/ueberlebenskunst.at\/survivalshop\/wp-content\/uploads\/2024\/07\/FHUNI_Farbe.png","contentUrl":"https:\/\/ueberlebenskunst.at\/survivalshop\/wp-content\/uploads\/2024\/07\/FHUNI_Farbe.png","width":400,"height":400},{"@type":"BreadcrumbList","@id":"https:\/\/ueberlebenskunst.at\/survivalshop\/shop\/universal-feuerstahlhalter\/#breadcrumb","itemListElement":[{"@type":"ListItem","position":1,"name":"Startseite","item":"https:\/\/ueberlebenskunst.at\/survivalshop\/"},{"@type":"ListItem","position":2,"name":"Shop","item":"https:\/\/ueberlebenskunst.at\/survivalshop\/shop\/"},{"@type":"ListItem","position":3,"name":"K4 Universal Feuerstahl Halterung + Feuerstahl"}]},{"@type":"WebSite","@id":"https:\/\/ueberlebenskunst.at\/survivalshop\/#website","url":"https:\/\/ueberlebenskunst.at\/survivalshop\/","name":"Reini Rossmann - Survival Shop","description":"Survival Shop f\u00fcr Survival, Bushcraft und Prepper","potentialAction":[{"@type":"SearchAction","target":{"@type":"EntryPoint","urlTemplate":"https:\/\/ueberlebenskunst.at\/survivalshop\/?s={search_term_string}"},"query-input":{"@type":"PropertyValueSpecification","valueRequired":true,"valueName":"search_term_string"}}],"inLanguage":"de"}]}},"_links":{"self":[{"href":"https:\/\/ueberlebenskunst.at\/survivalshop\/wp-json\/wp\/v2\/product\/90898","targetHints":{"allow":["GET"]}}],"collection":[{"href":"https:\/\/ueberlebenskunst.at\/survivalshop\/wp-json\/wp\/v2\/product"}],"about":[{"href":"https:\/\/ueberlebenskunst.at\/survivalshop\/wp-json\/wp\/v2\/types\/product"}],"replies":[{"embeddable":true,"href":"https:\/\/ueberlebenskunst.at\/survivalshop\/wp-json\/wp\/v2\/comments?post=90898"}],"wp:featuredmedia":[{"embeddable":true,"href":"https:\/\/ueberlebenskunst.at\/survivalshop\/wp-json\/wp\/v2\/media\/167767"}],"wp:attachment":[{"href":"https:\/\/ueberlebenskunst.at\/survivalshop\/wp-json\/wp\/v2\/media?parent=90898"}],"wp:term":[{"taxonomy":"product_brand","embeddable":true,"href":"https:\/\/ueberlebenskunst.at\/survivalshop\/wp-json\/wp\/v2\/product_brand?post=90898"},{"taxonomy":"product_cat","embeddable":true,"href":"https:\/\/ueberlebenskunst.at\/survivalshop\/wp-json\/wp\/v2\/product_cat?post=90898"},{"taxonomy":"product_tag","embeddable":true,"href":"https:\/\/ueberlebenskunst.at\/survivalshop\/wp-json\/wp\/v2\/product_tag?post=90898"}],"curies":[{"name":"wp","href":"https:\/\/api.w.org\/{rel}","templated":true}]}}