{"id":9081,"date":"2019-01-01T23:41:56","date_gmt":"2019-01-01T21:41:56","guid":{"rendered":"https:\/\/ueberlebenskunst.at\/survivalshop\/survivalshop\/?post_type=product&#038;p=9081"},"modified":"2025-11-03T07:33:31","modified_gmt":"2025-11-03T06:33:31","slug":"krisen-ueberlebenssystem","status":"publish","type":"product","link":"https:\/\/ueberlebenskunst.at\/survivalshop\/shop\/krisen-ueberlebenssystem\/","title":{"rendered":"Krisen-\u00dcberlebenssystem"},"content":{"rendered":"<p>Video-Fernlehrgang von und mit Reini Rossmann. Das Ziel des Systems ist es,<br \/>\n<strong>alle<\/strong> deine Hausaufgaben im Bereich der Krisen-Vorbereitungen vollst\u00e4ndig zu erledigen.<\/p>\n<p>Das System hilft dir mit Schritt-f\u00fcr-Schritt Anleitungen per Video, die richtigen<br \/>\nSchritte in der Krisenvorbereitung zu erledigen. Reini geht hier nicht den Weg<br \/>\nder vielen &#8220;Experten&#8221;, die mit der &#8220;wenn es schlimm wird dann gehe ich in den Wald&#8221;-Strategie<br \/>\nversuchen Krisen zu bew\u00e4ltigen.<\/p>\n<p>Reini geht den Weg des Zivilschutzes mit den Blick auf die Vergangenheit. Also auf<br \/>\nKrisen, welche die Menschheit bereits erlebt und \u00fcberlebt hat.<br \/>\nIn diesem System kommen die Lektionen aus dem 2. Weltkrieg, den Bosnienkonflikt und<br \/>\nvielen Naturkatastrophen rund um den Globus zur Anwendung.<\/p>\n<p><strong>Mit dem Krisen-\u00dcberlebenssystem bekommst du folgenden 3 Bereiche im Griff:<\/strong><\/p>\n<p><strong>Krisen-Vorbereitungs-Video-Kurs:<\/strong> Dein Leitfaden zu einer realistischen und sinnvollen Vorbereitung auf alle nur denkbaren Krisensituationen &#8211; von Stromausfall \u00fcber Naturkatastrophe oder Ausgangssperre bis zum Zusammenbruch des Systems. Er enth\u00e4lt klare Anleitungen, wie du Wasser und Nahrung organisieren musst oder wie du deinen Wohnraum warm halten kannst.<br \/>\nAber auch glasklare Anleitungen zum Aufbau eines Survival Netzwerkes im Fall einer Flucht und vieles, vieles mehr!<br \/>\nDu wirst deutlich \u201ebessere Karten\u201c haben als 98% der restlichen Bev\u00f6lkerung, weil du mit diesem Kurs eine bestm\u00f6gliche Vorbereitung geschaffen hast.<\/p>\n<p><strong>Survival-Checklisten:<\/strong> Diese Schritt-f\u00fcr-Schritt-Anleitungen zeigen dir, wie du in allen lebenswichtigen Bereichen zur optimalen Vorbereitung kommst.<\/p>\n<p><strong>Das Krisen-Netzwerk:<\/strong> In dieser exklusiven Gruppe kannst du Kontakte kn\u00fcpfen, die f\u00fcr Dein Survival-Netzwerk (Details, was ein Survival-Netzwerk \u00fcberhaupt ist und warum du unbedingt eines brauchst, bekommst du im Kurs) wichtig sind.<\/p>\n<h3>Deine Vorteile<\/h3>\n<p>+ Videolektionen ansehen WANN du willst und SO OFT du willst.<\/p>\n<p>+ Lebenslangen Zugang zu allen Videolektionen! Du hast IMMER Zugriff.<\/p>\n<p>+ Du erh\u00e4ltst deine Zugangsdaten innerhalb von 2 Werktagen.<\/p>\n<p>&nbsp;<\/p>\n<h3>ERG\u00c4NZENDE ONLINE KURSE:<\/h3>\n<p class=\"product_title entry-title\"><a href=\"https:\/\/ueberlebenskunst.at\/produkt\/so-haben-sie-ueberlebt-2-weltkrieg-versteckt-unter-der-erde\/\" target=\"_blank\" rel=\"noopener\">So haben Sie \u00fcberlebt: 2. Weltkrieg versteckt unter der Erde<\/a><\/p>\n","protected":false},"excerpt":{"rendered":"<p>Fernlehrgang um Deine Krisenvorbereitung im Rahmen des Zivilschutz auf ein neues Level zu bekommen.<\/p>\n","protected":false},"featured_media":9082,"comment_status":"open","ping_status":"closed","template":"","meta":{"_acf_changed":false},"product_brand":[],"product_cat":[1863,1862],"product_tag":[1266],"class_list":{"0":"post-9081","1":"product","2":"type-product","3":"status-publish","4":"has-post-thumbnail","6":"product_cat-survival-kurse","7":"product_cat-wissen-koennen","8":"product_tag-krisen-ausruestung-liste","10":"first","11":"instock","12":"virtual","13":"taxable","14":"purchasable","15":"product-type-simple"},"acf":[],"yoast_head":"<!-- This site is optimized with the Yoast SEO plugin v27.1.1 - https:\/\/yoast.com\/product\/yoast-seo-wordpress\/ -->\n<title>Krisen-\u00dcberlebenssystem - Reini Rossmann - Survival Shop<\/title>\n<meta name=\"robots\" content=\"index, follow, max-snippet:-1, max-image-preview:large, max-video-preview:-1\" \/>\n<link rel=\"canonical\" href=\"https:\/\/ueberlebenskunst.at\/survivalshop\/shop\/krisen-ueberlebenssystem\/\" \/>\n<meta property=\"og:locale\" content=\"de_DE\" \/>\n<meta property=\"og:type\" content=\"article\" \/>\n<meta property=\"og:title\" content=\"Krisen-\u00dcberlebenssystem - Reini Rossmann - Survival Shop\" \/>\n<meta property=\"og:description\" content=\"Fernlehrgang um Deine Krisenvorbereitung im Rahmen des Zivilschutz auf ein neues Level zu bekommen.\" \/>\n<meta property=\"og:url\" content=\"https:\/\/ueberlebenskunst.at\/survivalshop\/shop\/krisen-ueberlebenssystem\/\" \/>\n<meta property=\"og:site_name\" content=\"Reini Rossmann - Survival Shop\" \/>\n<meta property=\"article:publisher\" content=\"https:\/\/www.facebook.com\/survival24.org\/\" \/>\n<meta property=\"article:modified_time\" content=\"2025-11-03T06:33:31+00:00\" \/>\n<meta property=\"og:image\" content=\"https:\/\/ueberlebenskunst.at\/survivalshop\/wp-content\/uploads\/2019\/01\/Krisen-U\u0308berlebenssystem-Produktbild.jpg\" \/>\n\t<meta property=\"og:image:width\" content=\"1038\" \/>\n\t<meta property=\"og:image:height\" content=\"1072\" \/>\n\t<meta property=\"og:image:type\" content=\"image\/jpeg\" \/>\n<meta name=\"twitter:card\" content=\"summary_large_image\" \/>\n<meta name=\"twitter:label1\" content=\"Gesch\u00e4tzte Lesezeit\" \/>\n\t<meta name=\"twitter:data1\" content=\"2\u00a0Minuten\" \/>\n<script type=\"application\/ld+json\" class=\"yoast-schema-graph\">{\"@context\":\"https:\/\/schema.org\",\"@graph\":[{\"@type\":\"WebPage\",\"@id\":\"https:\/\/ueberlebenskunst.at\/survivalshop\/shop\/krisen-ueberlebenssystem\/\",\"url\":\"https:\/\/ueberlebenskunst.at\/survivalshop\/shop\/krisen-ueberlebenssystem\/\",\"name\":\"Krisen-\u00dcberlebenssystem - Reini Rossmann - Survival Shop\",\"isPartOf\":{\"@id\":\"https:\/\/ueberlebenskunst.at\/survivalshop\/#website\"},\"primaryImageOfPage\":{\"@id\":\"https:\/\/ueberlebenskunst.at\/survivalshop\/shop\/krisen-ueberlebenssystem\/#primaryimage\"},\"image\":{\"@id\":\"https:\/\/ueberlebenskunst.at\/survivalshop\/shop\/krisen-ueberlebenssystem\/#primaryimage\"},\"thumbnailUrl\":\"https:\/\/ueberlebenskunst.at\/survivalshop\/wp-content\/uploads\/2019\/01\/Krisen-U\u0308berlebenssystem-Produktbild.jpg\",\"datePublished\":\"2019-01-01T21:41:56+00:00\",\"dateModified\":\"2025-11-03T06:33:31+00:00\",\"breadcrumb\":{\"@id\":\"https:\/\/ueberlebenskunst.at\/survivalshop\/shop\/krisen-ueberlebenssystem\/#breadcrumb\"},\"inLanguage\":\"de\",\"potentialAction\":[{\"@type\":\"ReadAction\",\"target\":[\"https:\/\/ueberlebenskunst.at\/survivalshop\/shop\/krisen-ueberlebenssystem\/\"]}]},{\"@type\":\"ImageObject\",\"inLanguage\":\"de\",\"@id\":\"https:\/\/ueberlebenskunst.at\/survivalshop\/shop\/krisen-ueberlebenssystem\/#primaryimage\",\"url\":\"https:\/\/ueberlebenskunst.at\/survivalshop\/wp-content\/uploads\/2019\/01\/Krisen-U\u0308berlebenssystem-Produktbild.jpg\",\"contentUrl\":\"https:\/\/ueberlebenskunst.at\/survivalshop\/wp-content\/uploads\/2019\/01\/Krisen-U\u0308berlebenssystem-Produktbild.jpg\",\"width\":1038,\"height\":1072},{\"@type\":\"BreadcrumbList\",\"@id\":\"https:\/\/ueberlebenskunst.at\/survivalshop\/shop\/krisen-ueberlebenssystem\/#breadcrumb\",\"itemListElement\":[{\"@type\":\"ListItem\",\"position\":1,\"name\":\"Startseite\",\"item\":\"https:\/\/ueberlebenskunst.at\/survivalshop\/\"},{\"@type\":\"ListItem\",\"position\":2,\"name\":\"Shop\",\"item\":\"https:\/\/ueberlebenskunst.at\/survivalshop\/shop\/\"},{\"@type\":\"ListItem\",\"position\":3,\"name\":\"Krisen-\u00dcberlebenssystem\"}]},{\"@type\":\"WebSite\",\"@id\":\"https:\/\/ueberlebenskunst.at\/survivalshop\/#website\",\"url\":\"https:\/\/ueberlebenskunst.at\/survivalshop\/\",\"name\":\"Reini Rossmann - Survival Shop\",\"description\":\"Survival Shop f\u00fcr Survival, Bushcraft und Prepper\",\"potentialAction\":[{\"@type\":\"SearchAction\",\"target\":{\"@type\":\"EntryPoint\",\"urlTemplate\":\"https:\/\/ueberlebenskunst.at\/survivalshop\/?s={search_term_string}\"},\"query-input\":{\"@type\":\"PropertyValueSpecification\",\"valueRequired\":true,\"valueName\":\"search_term_string\"}}],\"inLanguage\":\"de\"}]}<\/script>\n<!-- \/ Yoast SEO plugin. -->","yoast_head_json":{"title":"Krisen-\u00dcberlebenssystem - Reini Rossmann - Survival Shop","robots":{"index":"index","follow":"follow","max-snippet":"max-snippet:-1","max-image-preview":"max-image-preview:large","max-video-preview":"max-video-preview:-1"},"canonical":"https:\/\/ueberlebenskunst.at\/survivalshop\/shop\/krisen-ueberlebenssystem\/","og_locale":"de_DE","og_type":"article","og_title":"Krisen-\u00dcberlebenssystem - Reini Rossmann - Survival Shop","og_description":"Fernlehrgang um Deine Krisenvorbereitung im Rahmen des Zivilschutz auf ein neues Level zu bekommen.","og_url":"https:\/\/ueberlebenskunst.at\/survivalshop\/shop\/krisen-ueberlebenssystem\/","og_site_name":"Reini Rossmann - Survival Shop","article_publisher":"https:\/\/www.facebook.com\/survival24.org\/","article_modified_time":"2025-11-03T06:33:31+00:00","og_image":[{"width":1038,"height":1072,"url":"https:\/\/ueberlebenskunst.at\/survivalshop\/wp-content\/uploads\/2019\/01\/Krisen-U\u0308berlebenssystem-Produktbild.jpg","type":"image\/jpeg"}],"twitter_card":"summary_large_image","twitter_misc":{"Gesch\u00e4tzte Lesezeit":"2\u00a0Minuten"},"schema":{"@context":"https:\/\/schema.org","@graph":[{"@type":"WebPage","@id":"https:\/\/ueberlebenskunst.at\/survivalshop\/shop\/krisen-ueberlebenssystem\/","url":"https:\/\/ueberlebenskunst.at\/survivalshop\/shop\/krisen-ueberlebenssystem\/","name":"Krisen-\u00dcberlebenssystem - Reini Rossmann - Survival Shop","isPartOf":{"@id":"https:\/\/ueberlebenskunst.at\/survivalshop\/#website"},"primaryImageOfPage":{"@id":"https:\/\/ueberlebenskunst.at\/survivalshop\/shop\/krisen-ueberlebenssystem\/#primaryimage"},"image":{"@id":"https:\/\/ueberlebenskunst.at\/survivalshop\/shop\/krisen-ueberlebenssystem\/#primaryimage"},"thumbnailUrl":"https:\/\/ueberlebenskunst.at\/survivalshop\/wp-content\/uploads\/2019\/01\/Krisen-U\u0308berlebenssystem-Produktbild.jpg","datePublished":"2019-01-01T21:41:56+00:00","dateModified":"2025-11-03T06:33:31+00:00","breadcrumb":{"@id":"https:\/\/ueberlebenskunst.at\/survivalshop\/shop\/krisen-ueberlebenssystem\/#breadcrumb"},"inLanguage":"de","potentialAction":[{"@type":"ReadAction","target":["https:\/\/ueberlebenskunst.at\/survivalshop\/shop\/krisen-ueberlebenssystem\/"]}]},{"@type":"ImageObject","inLanguage":"de","@id":"https:\/\/ueberlebenskunst.at\/survivalshop\/shop\/krisen-ueberlebenssystem\/#primaryimage","url":"https:\/\/ueberlebenskunst.at\/survivalshop\/wp-content\/uploads\/2019\/01\/Krisen-U\u0308berlebenssystem-Produktbild.jpg","contentUrl":"https:\/\/ueberlebenskunst.at\/survivalshop\/wp-content\/uploads\/2019\/01\/Krisen-U\u0308berlebenssystem-Produktbild.jpg","width":1038,"height":1072},{"@type":"BreadcrumbList","@id":"https:\/\/ueberlebenskunst.at\/survivalshop\/shop\/krisen-ueberlebenssystem\/#breadcrumb","itemListElement":[{"@type":"ListItem","position":1,"name":"Startseite","item":"https:\/\/ueberlebenskunst.at\/survivalshop\/"},{"@type":"ListItem","position":2,"name":"Shop","item":"https:\/\/ueberlebenskunst.at\/survivalshop\/shop\/"},{"@type":"ListItem","position":3,"name":"Krisen-\u00dcberlebenssystem"}]},{"@type":"WebSite","@id":"https:\/\/ueberlebenskunst.at\/survivalshop\/#website","url":"https:\/\/ueberlebenskunst.at\/survivalshop\/","name":"Reini Rossmann - Survival Shop","description":"Survival Shop f\u00fcr Survival, Bushcraft und Prepper","potentialAction":[{"@type":"SearchAction","target":{"@type":"EntryPoint","urlTemplate":"https:\/\/ueberlebenskunst.at\/survivalshop\/?s={search_term_string}"},"query-input":{"@type":"PropertyValueSpecification","valueRequired":true,"valueName":"search_term_string"}}],"inLanguage":"de"}]}},"_links":{"self":[{"href":"https:\/\/ueberlebenskunst.at\/survivalshop\/wp-json\/wp\/v2\/product\/9081","targetHints":{"allow":["GET"]}}],"collection":[{"href":"https:\/\/ueberlebenskunst.at\/survivalshop\/wp-json\/wp\/v2\/product"}],"about":[{"href":"https:\/\/ueberlebenskunst.at\/survivalshop\/wp-json\/wp\/v2\/types\/product"}],"replies":[{"embeddable":true,"href":"https:\/\/ueberlebenskunst.at\/survivalshop\/wp-json\/wp\/v2\/comments?post=9081"}],"wp:featuredmedia":[{"embeddable":true,"href":"https:\/\/ueberlebenskunst.at\/survivalshop\/wp-json\/wp\/v2\/media\/9082"}],"wp:attachment":[{"href":"https:\/\/ueberlebenskunst.at\/survivalshop\/wp-json\/wp\/v2\/media?parent=9081"}],"wp:term":[{"taxonomy":"product_brand","embeddable":true,"href":"https:\/\/ueberlebenskunst.at\/survivalshop\/wp-json\/wp\/v2\/product_brand?post=9081"},{"taxonomy":"product_cat","embeddable":true,"href":"https:\/\/ueberlebenskunst.at\/survivalshop\/wp-json\/wp\/v2\/product_cat?post=9081"},{"taxonomy":"product_tag","embeddable":true,"href":"https:\/\/ueberlebenskunst.at\/survivalshop\/wp-json\/wp\/v2\/product_tag?post=9081"}],"curies":[{"name":"wp","href":"https:\/\/api.w.org\/{rel}","templated":true}]}}