{"id":87573,"date":"2022-04-25T14:30:32","date_gmt":"2022-04-25T12:30:32","guid":{"rendered":"https:\/\/ueberlebenskunst.at\/survivalshop\/?post_type=product&#038;p=87573"},"modified":"2025-09-19T09:23:28","modified_gmt":"2025-09-19T07:23:28","slug":"knives4-scheide-fuer-hunter-pro-von-victorinox","status":"publish","type":"product","link":"https:\/\/ueberlebenskunst.at\/survivalshop\/shop\/knives4-scheide-fuer-hunter-pro-von-victorinox\/","title":{"rendered":"K4 G\u00fcrtelscheide f\u00fcr Victorinox Hunter Pro"},"content":{"rendered":"<p>Die K4 G\u00fcrtelscheide f\u00fcr das Hunter Pro Messer bietet bombenfesten Sitz bei schlankem, leichtem und unauff\u00e4lligem Design. Sie ist f\u00fcr Links- und Rechtsh\u00e4nder gleicherma\u00dfen ausgelegt.<\/p>\n<p>Die tip-down Trageweise sorgt daf\u00fcr, dass du beim einh\u00e4ndigen Ziehen des Messers aus der Scheide, dieses auch in der richtigen Position in der Hand hast, um gleich loszulegen.<\/p>\n<p>Das Messer sitzt bombenfest in der Scheide. Wir bewerkstelligen das durch die passgenaue Form der Kunststoffscheide. Aus diesem Grund ist das Messer auch f\u00fcr Links- und Rechtsh\u00e4nder gleicherma\u00dfen bedienbar und benutzbar.<\/p>\n<p>Selbstverst\u00e4ndlich ist unsere Einhandsteckscheide f\u00fcr alle Ausf\u00fchrungen des Hunter Pro (auch Special Editions) geeignet. Mit unserer K4 G\u00fcrtelscheide hast du dein Victorinox Hunter Pro Messer sicher mit dabei und kannst es trotzdem mit einer Hand aus der Scheide ziehen und nach dem Arbeiten auch einh\u00e4ndig wieder in die Scheide zur\u00fcckf\u00fchren. Alle unsere Scheiden sind Made in Austria!<\/p>\n<h3>Produktvarianten:<\/h3>\n<ul>\n<li>K4 G\u00fcrtelscheide ohne Lampe<\/li>\n<li>K4 G\u00fcrtelscheide inkl. Halterung f\u00fcr eine K4 Mini EDC Lampe, die auch im Lieferumfang enthalten ist<\/li>\n<\/ul>\n<h3><strong>Produktdaten G\u00fcrtelscheide ohne Lampe:<\/strong><\/h3>\n<ul>\n<li>Gewicht: 36 g<\/li>\n<li>Abmessungen: 36 x 54 x 70 mm<\/li>\n<li>Lieferumfang: Messersteckscheide<\/li>\n<\/ul>\n<h3><strong>Produktdaten G\u00fcrtelscheide mit Lampe:<\/strong><\/h3>\n<ul>\n<li>Gewicht: 61 g<\/li>\n<li>Abmessungen: 38 x 70 x 72 mm<\/li>\n<li>Lieferumfang: Messersteckscheide inkl. K4 Lampe Mini<\/li>\n<\/ul>\n<h3><strong>Passt auf<\/strong>:<\/h3>\n<ul>\n<li>G\u00fcrtel mit maximaler Breite von 50 mm<\/li>\n<\/ul>\n<h3><strong>Passendes Zubeh\u00f6r:<\/strong><\/h3>\n<ul>\n<li>Hunter Pro Orange (Artikelnr. 0.9411.M9)<\/li>\n<li>Hunter Pro Holz (Artikelnr. 0.9411.M63)<\/li>\n<li>Hunter Pro Schwarz (Artikelnr. 0.9411.M3)<\/li>\n<\/ul>\n<h3><strong>Produktdetails zur K4 EDC Lampe:<\/strong><\/h3>\n<p>Batterie: AAA (nicht im Lieferumfang enthalten)<br \/>\nAbmessungen: 67 x 15 mm<br \/>\n4Modus: (180 Lumen \/ 12 Lumen\/ 0,04 Lumen\/ Strobe mit 180 Lumen)<br \/>\nLeuchtdauer: bis zu 30 Min. bei 180 Lumen \/ 6 h bei 12 Lumen<\/p>\n<h3><strong>Bedienungs- &amp; Pflegeanleitung:<\/strong><\/h3>\n<ul>\n<li>Die Reinigung mit Seife und Wasser ist m\u00f6glich.<\/li>\n<li>Du solltest das Produkt nicht direkt in die N\u00e4he von Feuer oder anderen Hitzequellen legen!<\/li>\n<li>Wird es \u00fcber l\u00e4ngere Zeit sehr kalten Temperaturen unter 0 \u00b0C ausgesetzt, solltest du in dem Moment darauf achten, dass keine starken Belastungen darauf einwirken.<\/li>\n<\/ul>\n<p>Unsere Produkte sind nicht f\u00fcr Kinder unter 3 Jahren geeignet. Es besteht Verschluckungsgefahr.<\/p>\n<p><span style=\"color: #99cc00;\">Du willst das Produkt in einer anderen Farbe? Schick uns eine E-Mail an shop@ueberlebenskunst.at und wir pr\u00fcfen, ob dein Farbwunsch\u00a0m\u00f6glich\u00a0ist.<\/span><\/p>\n","protected":false},"excerpt":{"rendered":"<p>Die K4 G\u00fcrtelscheide f\u00fcr das Hunter Pro Messer bietet bombenfesten Sitz bei schlankem, leichtem und unauff\u00e4lligem Design. Sie ist f\u00fcr Links- und Rechtsh\u00e4nder gleicherma\u00dfen ausgelegt. Die tip-down Trageweise sorgt daf\u00fcr, dass du beim einh\u00e4ndigen Ziehen des Messers aus der Scheide, dieses auch in der richtigen Position in der Hand hast, um gleich loszulegen. Das Messer [&hellip;]<\/p>\n","protected":false},"featured_media":136666,"comment_status":"open","ping_status":"closed","template":"","meta":{"_acf_changed":false},"product_brand":[],"product_cat":[1945],"product_tag":[1418,1541,1256,1255,1147],"class_list":{"0":"post-87573","1":"product","2":"type-product","3":"status-publish","4":"has-post-thumbnail","6":"product_cat-survivalausruestung","7":"product_tag-guertelscheide","8":"product_tag-hunter-pro","9":"product_tag-k4","10":"product_tag-knives4","11":"product_tag-victorinox","13":"first","14":"instock","15":"taxable","16":"shipping-taxable","17":"purchasable","18":"product-type-variable","19":"has-default-attributes"},"acf":[],"yoast_head":"<!-- This site is optimized with the Yoast SEO plugin v27.1.1 - https:\/\/yoast.com\/product\/yoast-seo-wordpress\/ -->\n<title>K4 G\u00fcrtelscheide f\u00fcr Victorinox Hunter Pro<\/title>\n<meta name=\"description\" content=\"Die Knives4 Kunststoffscheide f\u00fcr das Hunter Pro Messer bietet bombenfesten Sitz bei schlankem, leichtem und unauff\u00e4lligem Design. Die Kunststoffscheide ist f\u00fcr Links- und Rechtsh\u00e4nder gleicherma\u00dfen ausgelegt.\" \/>\n<meta name=\"robots\" content=\"index, follow, max-snippet:-1, max-image-preview:large, max-video-preview:-1\" \/>\n<link rel=\"canonical\" href=\"https:\/\/ueberlebenskunst.at\/survivalshop\/shop\/knives4-scheide-fuer-hunter-pro-von-victorinox\/\" \/>\n<meta property=\"og:locale\" content=\"de_DE\" \/>\n<meta property=\"og:type\" content=\"article\" \/>\n<meta property=\"og:title\" content=\"K4 G\u00fcrtelscheide f\u00fcr Victorinox Hunter Pro\" \/>\n<meta property=\"og:description\" content=\"Die Knives4 Kunststoffscheide f\u00fcr das Hunter Pro Messer bietet bombenfesten Sitz bei schlankem, leichtem und unauff\u00e4lligem Design. Die Kunststoffscheide ist f\u00fcr Links- und Rechtsh\u00e4nder gleicherma\u00dfen ausgelegt.\" \/>\n<meta property=\"og:url\" content=\"https:\/\/ueberlebenskunst.at\/survivalshop\/shop\/knives4-scheide-fuer-hunter-pro-von-victorinox\/\" \/>\n<meta property=\"og:site_name\" content=\"Reini Rossmann - Survival Shop\" \/>\n<meta property=\"article:publisher\" content=\"https:\/\/www.facebook.com\/survival24.org\/\" \/>\n<meta property=\"article:modified_time\" content=\"2025-09-19T07:23:28+00:00\" \/>\n<meta property=\"og:image\" content=\"https:\/\/ueberlebenskunst.at\/survivalshop\/wp-content\/uploads\/2022\/04\/K4_Guertelscheide_Hunter_Pro_HP02_Messer_sk.jpg\" \/>\n\t<meta property=\"og:image:width\" content=\"400\" \/>\n\t<meta property=\"og:image:height\" content=\"400\" \/>\n\t<meta property=\"og:image:type\" content=\"image\/jpeg\" \/>\n<meta name=\"twitter:card\" content=\"summary_large_image\" \/>\n<meta name=\"twitter:label1\" content=\"Gesch\u00e4tzte Lesezeit\" \/>\n\t<meta name=\"twitter:data1\" content=\"3\u00a0Minuten\" \/>\n<script type=\"application\/ld+json\" class=\"yoast-schema-graph\">{\"@context\":\"https:\/\/schema.org\",\"@graph\":[{\"@type\":\"WebPage\",\"@id\":\"https:\/\/ueberlebenskunst.at\/survivalshop\/shop\/knives4-scheide-fuer-hunter-pro-von-victorinox\/\",\"url\":\"https:\/\/ueberlebenskunst.at\/survivalshop\/shop\/knives4-scheide-fuer-hunter-pro-von-victorinox\/\",\"name\":\"K4 G\u00fcrtelscheide f\u00fcr Victorinox Hunter Pro\",\"isPartOf\":{\"@id\":\"https:\/\/ueberlebenskunst.at\/survivalshop\/#website\"},\"primaryImageOfPage\":{\"@id\":\"https:\/\/ueberlebenskunst.at\/survivalshop\/shop\/knives4-scheide-fuer-hunter-pro-von-victorinox\/#primaryimage\"},\"image\":{\"@id\":\"https:\/\/ueberlebenskunst.at\/survivalshop\/shop\/knives4-scheide-fuer-hunter-pro-von-victorinox\/#primaryimage\"},\"thumbnailUrl\":\"https:\/\/ueberlebenskunst.at\/survivalshop\/wp-content\/uploads\/2022\/04\/K4_Guertelscheide_Hunter_Pro_HP02_Messer_sk.jpg\",\"datePublished\":\"2022-04-25T12:30:32+00:00\",\"dateModified\":\"2025-09-19T07:23:28+00:00\",\"description\":\"Die Knives4 Kunststoffscheide f\u00fcr das Hunter Pro Messer bietet bombenfesten Sitz bei schlankem, leichtem und unauff\u00e4lligem Design. Die Kunststoffscheide ist f\u00fcr Links- und Rechtsh\u00e4nder gleicherma\u00dfen ausgelegt.\",\"breadcrumb\":{\"@id\":\"https:\/\/ueberlebenskunst.at\/survivalshop\/shop\/knives4-scheide-fuer-hunter-pro-von-victorinox\/#breadcrumb\"},\"inLanguage\":\"de\",\"potentialAction\":[{\"@type\":\"ReadAction\",\"target\":[\"https:\/\/ueberlebenskunst.at\/survivalshop\/shop\/knives4-scheide-fuer-hunter-pro-von-victorinox\/\"]}]},{\"@type\":\"ImageObject\",\"inLanguage\":\"de\",\"@id\":\"https:\/\/ueberlebenskunst.at\/survivalshop\/shop\/knives4-scheide-fuer-hunter-pro-von-victorinox\/#primaryimage\",\"url\":\"https:\/\/ueberlebenskunst.at\/survivalshop\/wp-content\/uploads\/2022\/04\/K4_Guertelscheide_Hunter_Pro_HP02_Messer_sk.jpg\",\"contentUrl\":\"https:\/\/ueberlebenskunst.at\/survivalshop\/wp-content\/uploads\/2022\/04\/K4_Guertelscheide_Hunter_Pro_HP02_Messer_sk.jpg\",\"width\":400,\"height\":400},{\"@type\":\"BreadcrumbList\",\"@id\":\"https:\/\/ueberlebenskunst.at\/survivalshop\/shop\/knives4-scheide-fuer-hunter-pro-von-victorinox\/#breadcrumb\",\"itemListElement\":[{\"@type\":\"ListItem\",\"position\":1,\"name\":\"Startseite\",\"item\":\"https:\/\/ueberlebenskunst.at\/survivalshop\/\"},{\"@type\":\"ListItem\",\"position\":2,\"name\":\"Shop\",\"item\":\"https:\/\/ueberlebenskunst.at\/survivalshop\/shop\/\"},{\"@type\":\"ListItem\",\"position\":3,\"name\":\"K4 G\u00fcrtelscheide f\u00fcr Victorinox Hunter Pro\"}]},{\"@type\":\"WebSite\",\"@id\":\"https:\/\/ueberlebenskunst.at\/survivalshop\/#website\",\"url\":\"https:\/\/ueberlebenskunst.at\/survivalshop\/\",\"name\":\"Reini Rossmann - Survival Shop\",\"description\":\"Survival Shop f\u00fcr Survival, Bushcraft und Prepper\",\"potentialAction\":[{\"@type\":\"SearchAction\",\"target\":{\"@type\":\"EntryPoint\",\"urlTemplate\":\"https:\/\/ueberlebenskunst.at\/survivalshop\/?s={search_term_string}\"},\"query-input\":{\"@type\":\"PropertyValueSpecification\",\"valueRequired\":true,\"valueName\":\"search_term_string\"}}],\"inLanguage\":\"de\"}]}<\/script>\n<!-- \/ Yoast SEO plugin. -->","yoast_head_json":{"title":"K4 G\u00fcrtelscheide f\u00fcr Victorinox Hunter Pro","description":"Die Knives4 Kunststoffscheide f\u00fcr das Hunter Pro Messer bietet bombenfesten Sitz bei schlankem, leichtem und unauff\u00e4lligem Design. Die Kunststoffscheide ist f\u00fcr Links- und Rechtsh\u00e4nder gleicherma\u00dfen ausgelegt.","robots":{"index":"index","follow":"follow","max-snippet":"max-snippet:-1","max-image-preview":"max-image-preview:large","max-video-preview":"max-video-preview:-1"},"canonical":"https:\/\/ueberlebenskunst.at\/survivalshop\/shop\/knives4-scheide-fuer-hunter-pro-von-victorinox\/","og_locale":"de_DE","og_type":"article","og_title":"K4 G\u00fcrtelscheide f\u00fcr Victorinox Hunter Pro","og_description":"Die Knives4 Kunststoffscheide f\u00fcr das Hunter Pro Messer bietet bombenfesten Sitz bei schlankem, leichtem und unauff\u00e4lligem Design. Die Kunststoffscheide ist f\u00fcr Links- und Rechtsh\u00e4nder gleicherma\u00dfen ausgelegt.","og_url":"https:\/\/ueberlebenskunst.at\/survivalshop\/shop\/knives4-scheide-fuer-hunter-pro-von-victorinox\/","og_site_name":"Reini Rossmann - Survival Shop","article_publisher":"https:\/\/www.facebook.com\/survival24.org\/","article_modified_time":"2025-09-19T07:23:28+00:00","og_image":[{"width":400,"height":400,"url":"https:\/\/ueberlebenskunst.at\/survivalshop\/wp-content\/uploads\/2022\/04\/K4_Guertelscheide_Hunter_Pro_HP02_Messer_sk.jpg","type":"image\/jpeg"}],"twitter_card":"summary_large_image","twitter_misc":{"Gesch\u00e4tzte Lesezeit":"3\u00a0Minuten"},"schema":{"@context":"https:\/\/schema.org","@graph":[{"@type":"WebPage","@id":"https:\/\/ueberlebenskunst.at\/survivalshop\/shop\/knives4-scheide-fuer-hunter-pro-von-victorinox\/","url":"https:\/\/ueberlebenskunst.at\/survivalshop\/shop\/knives4-scheide-fuer-hunter-pro-von-victorinox\/","name":"K4 G\u00fcrtelscheide f\u00fcr Victorinox Hunter Pro","isPartOf":{"@id":"https:\/\/ueberlebenskunst.at\/survivalshop\/#website"},"primaryImageOfPage":{"@id":"https:\/\/ueberlebenskunst.at\/survivalshop\/shop\/knives4-scheide-fuer-hunter-pro-von-victorinox\/#primaryimage"},"image":{"@id":"https:\/\/ueberlebenskunst.at\/survivalshop\/shop\/knives4-scheide-fuer-hunter-pro-von-victorinox\/#primaryimage"},"thumbnailUrl":"https:\/\/ueberlebenskunst.at\/survivalshop\/wp-content\/uploads\/2022\/04\/K4_Guertelscheide_Hunter_Pro_HP02_Messer_sk.jpg","datePublished":"2022-04-25T12:30:32+00:00","dateModified":"2025-09-19T07:23:28+00:00","description":"Die Knives4 Kunststoffscheide f\u00fcr das Hunter Pro Messer bietet bombenfesten Sitz bei schlankem, leichtem und unauff\u00e4lligem Design. Die Kunststoffscheide ist f\u00fcr Links- und Rechtsh\u00e4nder gleicherma\u00dfen ausgelegt.","breadcrumb":{"@id":"https:\/\/ueberlebenskunst.at\/survivalshop\/shop\/knives4-scheide-fuer-hunter-pro-von-victorinox\/#breadcrumb"},"inLanguage":"de","potentialAction":[{"@type":"ReadAction","target":["https:\/\/ueberlebenskunst.at\/survivalshop\/shop\/knives4-scheide-fuer-hunter-pro-von-victorinox\/"]}]},{"@type":"ImageObject","inLanguage":"de","@id":"https:\/\/ueberlebenskunst.at\/survivalshop\/shop\/knives4-scheide-fuer-hunter-pro-von-victorinox\/#primaryimage","url":"https:\/\/ueberlebenskunst.at\/survivalshop\/wp-content\/uploads\/2022\/04\/K4_Guertelscheide_Hunter_Pro_HP02_Messer_sk.jpg","contentUrl":"https:\/\/ueberlebenskunst.at\/survivalshop\/wp-content\/uploads\/2022\/04\/K4_Guertelscheide_Hunter_Pro_HP02_Messer_sk.jpg","width":400,"height":400},{"@type":"BreadcrumbList","@id":"https:\/\/ueberlebenskunst.at\/survivalshop\/shop\/knives4-scheide-fuer-hunter-pro-von-victorinox\/#breadcrumb","itemListElement":[{"@type":"ListItem","position":1,"name":"Startseite","item":"https:\/\/ueberlebenskunst.at\/survivalshop\/"},{"@type":"ListItem","position":2,"name":"Shop","item":"https:\/\/ueberlebenskunst.at\/survivalshop\/shop\/"},{"@type":"ListItem","position":3,"name":"K4 G\u00fcrtelscheide f\u00fcr Victorinox Hunter Pro"}]},{"@type":"WebSite","@id":"https:\/\/ueberlebenskunst.at\/survivalshop\/#website","url":"https:\/\/ueberlebenskunst.at\/survivalshop\/","name":"Reini Rossmann - Survival Shop","description":"Survival Shop f\u00fcr Survival, Bushcraft und Prepper","potentialAction":[{"@type":"SearchAction","target":{"@type":"EntryPoint","urlTemplate":"https:\/\/ueberlebenskunst.at\/survivalshop\/?s={search_term_string}"},"query-input":{"@type":"PropertyValueSpecification","valueRequired":true,"valueName":"search_term_string"}}],"inLanguage":"de"}]}},"_links":{"self":[{"href":"https:\/\/ueberlebenskunst.at\/survivalshop\/wp-json\/wp\/v2\/product\/87573","targetHints":{"allow":["GET"]}}],"collection":[{"href":"https:\/\/ueberlebenskunst.at\/survivalshop\/wp-json\/wp\/v2\/product"}],"about":[{"href":"https:\/\/ueberlebenskunst.at\/survivalshop\/wp-json\/wp\/v2\/types\/product"}],"replies":[{"embeddable":true,"href":"https:\/\/ueberlebenskunst.at\/survivalshop\/wp-json\/wp\/v2\/comments?post=87573"}],"wp:featuredmedia":[{"embeddable":true,"href":"https:\/\/ueberlebenskunst.at\/survivalshop\/wp-json\/wp\/v2\/media\/136666"}],"wp:attachment":[{"href":"https:\/\/ueberlebenskunst.at\/survivalshop\/wp-json\/wp\/v2\/media?parent=87573"}],"wp:term":[{"taxonomy":"product_brand","embeddable":true,"href":"https:\/\/ueberlebenskunst.at\/survivalshop\/wp-json\/wp\/v2\/product_brand?post=87573"},{"taxonomy":"product_cat","embeddable":true,"href":"https:\/\/ueberlebenskunst.at\/survivalshop\/wp-json\/wp\/v2\/product_cat?post=87573"},{"taxonomy":"product_tag","embeddable":true,"href":"https:\/\/ueberlebenskunst.at\/survivalshop\/wp-json\/wp\/v2\/product_tag?post=87573"}],"curies":[{"name":"wp","href":"https:\/\/api.w.org\/{rel}","templated":true}]}}