{"id":87308,"date":"2022-04-22T10:05:22","date_gmt":"2022-04-22T08:05:22","guid":{"rendered":"https:\/\/ueberlebenskunst.at\/survivalshop\/?post_type=product&#038;p=87308"},"modified":"2026-05-09T00:13:50","modified_gmt":"2026-05-08T22:13:50","slug":"k4-butterfly-sharpener","status":"publish","type":"product","link":"https:\/\/ueberlebenskunst.at\/survivalshop\/shop\/k4-butterfly-sharpener\/","title":{"rendered":"K4 Butterfly Sharpener"},"content":{"rendered":"<p>Gefertigt aus erstklassigen Diamanten und robustem Kunststoff, bietet dieser Sharpener eine ausgezeichnete Sch\u00e4rfleistung und Langlebigkeit.<br \/>\nEinsatzm\u00f6glichkeiten: optimal geeignet f\u00fcr den Einsatz bei Messern, Holzbearbeitungswerkzeugen, Gartenwerkzeugen, Scheren und vielem mehr.<br \/>\nDie faltbare Kunststoffh\u00fclle sch\u00fctzt den Schleifstein effektiv und erleichtert den Transport \u2013 ideal f\u00fcr unterwegs.<br \/>\nDie wabenf\u00f6rmige Sch\u00e4rffl\u00e4che erm\u00f6glicht ein schnelleres und effizienteres Sch\u00e4rfen im Vergleich zu herk\u00f6mmlichen ovalen Sch\u00e4rffl\u00e4chen.<\/p>\n<h3><strong>Produktdaten:<\/strong><\/h3>\n<ul>\n<li>Eine Seite Keramikschleiffl\u00e4che, eine Seite Diamantschleiffl\u00e4che 600<\/li>\n<li>Material Griff: Kunststoff<\/li>\n<li>Abmessungen: 225 x 30 x 15 mm<\/li>\n<li>Gewicht: ca. 61 g<\/li>\n<li>Farbe: schwarz<\/li>\n<li>Nur f\u00fcr gerade Klingenformen geeignet.<\/li>\n<li>Lieferumfang: 1 Stk.<\/li>\n<\/ul>\n","protected":false},"excerpt":{"rendered":"<p>Gefertigt aus erstklassigen Diamanten und robustem Kunststoff, bietet dieser Sharpener eine ausgezeichnete Sch\u00e4rfleistung und Langlebigkeit. Einsatzm\u00f6glichkeiten: optimal geeignet f\u00fcr den Einsatz bei Messern, Holzbearbeitungswerkzeugen, Gartenwerkzeugen, Scheren und vielem mehr. Die faltbare Kunststoffh\u00fclle sch\u00fctzt den Schleifstein effektiv und erleichtert den Transport \u2013 ideal f\u00fcr unterwegs. Die wabenf\u00f6rmige Sch\u00e4rffl\u00e4che erm\u00f6glicht ein schnelleres und effizienteres Sch\u00e4rfen im Vergleich [&hellip;]<\/p>\n","protected":false},"featured_media":190030,"comment_status":"open","ping_status":"closed","template":"","meta":{"_acf_changed":false},"product_brand":[],"product_cat":[1100],"product_tag":[986],"class_list":{"0":"post-87308","1":"product","2":"type-product","3":"status-publish","4":"has-post-thumbnail","6":"product_cat-schaerfegeraete","7":"product_tag-schaerfgeraet","9":"first","10":"instock","11":"sale","12":"taxable","13":"shipping-taxable","14":"purchasable","15":"product-type-simple"},"acf":[],"yoast_head":"<!-- This site is optimized with the Yoast SEO plugin v27.1.1 - https:\/\/yoast.com\/product\/yoast-seo-wordpress\/ -->\n<title>K4 Butterfly Sharpener<\/title>\n<meta name=\"robots\" content=\"index, follow, max-snippet:-1, max-image-preview:large, max-video-preview:-1\" \/>\n<link rel=\"canonical\" href=\"https:\/\/ueberlebenskunst.at\/survivalshop\/shop\/k4-butterfly-sharpener\/\" \/>\n<meta property=\"og:locale\" content=\"de_DE\" \/>\n<meta property=\"og:type\" content=\"article\" \/>\n<meta property=\"og:title\" content=\"K4 Butterfly Sharpener\" \/>\n<meta property=\"og:description\" content=\"Gefertigt aus erstklassigen Diamanten und robustem Kunststoff, bietet dieser Sharpener eine ausgezeichnete Sch\u00e4rfleistung und Langlebigkeit. Einsatzm\u00f6glichkeiten: optimal geeignet f\u00fcr den Einsatz bei Messern, Holzbearbeitungswerkzeugen, Gartenwerkzeugen, Scheren und vielem mehr. Die faltbare Kunststoffh\u00fclle sch\u00fctzt den Schleifstein effektiv und erleichtert den Transport \u2013 ideal f\u00fcr unterwegs. Die wabenf\u00f6rmige Sch\u00e4rffl\u00e4che erm\u00f6glicht ein schnelleres und effizienteres Sch\u00e4rfen im Vergleich [&hellip;]\" \/>\n<meta property=\"og:url\" content=\"https:\/\/ueberlebenskunst.at\/survivalshop\/shop\/k4-butterfly-sharpener\/\" \/>\n<meta property=\"og:site_name\" content=\"Reini Rossmann - Survival Shop\" \/>\n<meta property=\"article:publisher\" content=\"https:\/\/www.facebook.com\/survival24.org\/\" \/>\n<meta property=\"article:modified_time\" content=\"2026-05-08T22:13:50+00:00\" \/>\n<meta property=\"og:image\" content=\"https:\/\/ueberlebenskunst.at\/survivalshop\/wp-content\/uploads\/2022\/04\/ButterflySharpener.jpg\" \/>\n\t<meta property=\"og:image:width\" content=\"400\" \/>\n\t<meta property=\"og:image:height\" content=\"400\" \/>\n\t<meta property=\"og:image:type\" content=\"image\/jpeg\" \/>\n<meta name=\"twitter:card\" content=\"summary_large_image\" \/>\n<meta name=\"twitter:label1\" content=\"Gesch\u00e4tzte Lesezeit\" \/>\n\t<meta name=\"twitter:data1\" content=\"1\u00a0Minute\" \/>\n<script type=\"application\/ld+json\" class=\"yoast-schema-graph\">{\"@context\":\"https:\/\/schema.org\",\"@graph\":[{\"@type\":\"WebPage\",\"@id\":\"https:\/\/ueberlebenskunst.at\/survivalshop\/shop\/k4-butterfly-sharpener\/\",\"url\":\"https:\/\/ueberlebenskunst.at\/survivalshop\/shop\/k4-butterfly-sharpener\/\",\"name\":\"K4 Butterfly Sharpener\",\"isPartOf\":{\"@id\":\"https:\/\/ueberlebenskunst.at\/survivalshop\/#website\"},\"primaryImageOfPage\":{\"@id\":\"https:\/\/ueberlebenskunst.at\/survivalshop\/shop\/k4-butterfly-sharpener\/#primaryimage\"},\"image\":{\"@id\":\"https:\/\/ueberlebenskunst.at\/survivalshop\/shop\/k4-butterfly-sharpener\/#primaryimage\"},\"thumbnailUrl\":\"https:\/\/ueberlebenskunst.at\/survivalshop\/wp-content\/uploads\/2022\/04\/ButterflySharpener.jpg\",\"datePublished\":\"2022-04-22T08:05:22+00:00\",\"dateModified\":\"2026-05-08T22:13:50+00:00\",\"breadcrumb\":{\"@id\":\"https:\/\/ueberlebenskunst.at\/survivalshop\/shop\/k4-butterfly-sharpener\/#breadcrumb\"},\"inLanguage\":\"de\",\"potentialAction\":[{\"@type\":\"ReadAction\",\"target\":[\"https:\/\/ueberlebenskunst.at\/survivalshop\/shop\/k4-butterfly-sharpener\/\"]}]},{\"@type\":\"ImageObject\",\"inLanguage\":\"de\",\"@id\":\"https:\/\/ueberlebenskunst.at\/survivalshop\/shop\/k4-butterfly-sharpener\/#primaryimage\",\"url\":\"https:\/\/ueberlebenskunst.at\/survivalshop\/wp-content\/uploads\/2022\/04\/ButterflySharpener.jpg\",\"contentUrl\":\"https:\/\/ueberlebenskunst.at\/survivalshop\/wp-content\/uploads\/2022\/04\/ButterflySharpener.jpg\",\"width\":400,\"height\":400},{\"@type\":\"BreadcrumbList\",\"@id\":\"https:\/\/ueberlebenskunst.at\/survivalshop\/shop\/k4-butterfly-sharpener\/#breadcrumb\",\"itemListElement\":[{\"@type\":\"ListItem\",\"position\":1,\"name\":\"Startseite\",\"item\":\"https:\/\/ueberlebenskunst.at\/survivalshop\/\"},{\"@type\":\"ListItem\",\"position\":2,\"name\":\"Shop\",\"item\":\"https:\/\/ueberlebenskunst.at\/survivalshop\/shop\/\"},{\"@type\":\"ListItem\",\"position\":3,\"name\":\"K4 Butterfly Sharpener\"}]},{\"@type\":\"WebSite\",\"@id\":\"https:\/\/ueberlebenskunst.at\/survivalshop\/#website\",\"url\":\"https:\/\/ueberlebenskunst.at\/survivalshop\/\",\"name\":\"Reini Rossmann - Survival Shop\",\"description\":\"Survival Shop f\u00fcr Survival, Bushcraft und Prepper\",\"potentialAction\":[{\"@type\":\"SearchAction\",\"target\":{\"@type\":\"EntryPoint\",\"urlTemplate\":\"https:\/\/ueberlebenskunst.at\/survivalshop\/?s={search_term_string}\"},\"query-input\":{\"@type\":\"PropertyValueSpecification\",\"valueRequired\":true,\"valueName\":\"search_term_string\"}}],\"inLanguage\":\"de\"}]}<\/script>\n<!-- \/ Yoast SEO plugin. -->","yoast_head_json":{"title":"K4 Butterfly Sharpener","robots":{"index":"index","follow":"follow","max-snippet":"max-snippet:-1","max-image-preview":"max-image-preview:large","max-video-preview":"max-video-preview:-1"},"canonical":"https:\/\/ueberlebenskunst.at\/survivalshop\/shop\/k4-butterfly-sharpener\/","og_locale":"de_DE","og_type":"article","og_title":"K4 Butterfly Sharpener","og_description":"Gefertigt aus erstklassigen Diamanten und robustem Kunststoff, bietet dieser Sharpener eine ausgezeichnete Sch\u00e4rfleistung und Langlebigkeit. Einsatzm\u00f6glichkeiten: optimal geeignet f\u00fcr den Einsatz bei Messern, Holzbearbeitungswerkzeugen, Gartenwerkzeugen, Scheren und vielem mehr. Die faltbare Kunststoffh\u00fclle sch\u00fctzt den Schleifstein effektiv und erleichtert den Transport \u2013 ideal f\u00fcr unterwegs. Die wabenf\u00f6rmige Sch\u00e4rffl\u00e4che erm\u00f6glicht ein schnelleres und effizienteres Sch\u00e4rfen im Vergleich [&hellip;]","og_url":"https:\/\/ueberlebenskunst.at\/survivalshop\/shop\/k4-butterfly-sharpener\/","og_site_name":"Reini Rossmann - Survival Shop","article_publisher":"https:\/\/www.facebook.com\/survival24.org\/","article_modified_time":"2026-05-08T22:13:50+00:00","og_image":[{"width":400,"height":400,"url":"https:\/\/ueberlebenskunst.at\/survivalshop\/wp-content\/uploads\/2022\/04\/ButterflySharpener.jpg","type":"image\/jpeg"}],"twitter_card":"summary_large_image","twitter_misc":{"Gesch\u00e4tzte Lesezeit":"1\u00a0Minute"},"schema":{"@context":"https:\/\/schema.org","@graph":[{"@type":"WebPage","@id":"https:\/\/ueberlebenskunst.at\/survivalshop\/shop\/k4-butterfly-sharpener\/","url":"https:\/\/ueberlebenskunst.at\/survivalshop\/shop\/k4-butterfly-sharpener\/","name":"K4 Butterfly Sharpener","isPartOf":{"@id":"https:\/\/ueberlebenskunst.at\/survivalshop\/#website"},"primaryImageOfPage":{"@id":"https:\/\/ueberlebenskunst.at\/survivalshop\/shop\/k4-butterfly-sharpener\/#primaryimage"},"image":{"@id":"https:\/\/ueberlebenskunst.at\/survivalshop\/shop\/k4-butterfly-sharpener\/#primaryimage"},"thumbnailUrl":"https:\/\/ueberlebenskunst.at\/survivalshop\/wp-content\/uploads\/2022\/04\/ButterflySharpener.jpg","datePublished":"2022-04-22T08:05:22+00:00","dateModified":"2026-05-08T22:13:50+00:00","breadcrumb":{"@id":"https:\/\/ueberlebenskunst.at\/survivalshop\/shop\/k4-butterfly-sharpener\/#breadcrumb"},"inLanguage":"de","potentialAction":[{"@type":"ReadAction","target":["https:\/\/ueberlebenskunst.at\/survivalshop\/shop\/k4-butterfly-sharpener\/"]}]},{"@type":"ImageObject","inLanguage":"de","@id":"https:\/\/ueberlebenskunst.at\/survivalshop\/shop\/k4-butterfly-sharpener\/#primaryimage","url":"https:\/\/ueberlebenskunst.at\/survivalshop\/wp-content\/uploads\/2022\/04\/ButterflySharpener.jpg","contentUrl":"https:\/\/ueberlebenskunst.at\/survivalshop\/wp-content\/uploads\/2022\/04\/ButterflySharpener.jpg","width":400,"height":400},{"@type":"BreadcrumbList","@id":"https:\/\/ueberlebenskunst.at\/survivalshop\/shop\/k4-butterfly-sharpener\/#breadcrumb","itemListElement":[{"@type":"ListItem","position":1,"name":"Startseite","item":"https:\/\/ueberlebenskunst.at\/survivalshop\/"},{"@type":"ListItem","position":2,"name":"Shop","item":"https:\/\/ueberlebenskunst.at\/survivalshop\/shop\/"},{"@type":"ListItem","position":3,"name":"K4 Butterfly Sharpener"}]},{"@type":"WebSite","@id":"https:\/\/ueberlebenskunst.at\/survivalshop\/#website","url":"https:\/\/ueberlebenskunst.at\/survivalshop\/","name":"Reini Rossmann - Survival Shop","description":"Survival Shop f\u00fcr Survival, Bushcraft und Prepper","potentialAction":[{"@type":"SearchAction","target":{"@type":"EntryPoint","urlTemplate":"https:\/\/ueberlebenskunst.at\/survivalshop\/?s={search_term_string}"},"query-input":{"@type":"PropertyValueSpecification","valueRequired":true,"valueName":"search_term_string"}}],"inLanguage":"de"}]}},"_links":{"self":[{"href":"https:\/\/ueberlebenskunst.at\/survivalshop\/wp-json\/wp\/v2\/product\/87308","targetHints":{"allow":["GET"]}}],"collection":[{"href":"https:\/\/ueberlebenskunst.at\/survivalshop\/wp-json\/wp\/v2\/product"}],"about":[{"href":"https:\/\/ueberlebenskunst.at\/survivalshop\/wp-json\/wp\/v2\/types\/product"}],"replies":[{"embeddable":true,"href":"https:\/\/ueberlebenskunst.at\/survivalshop\/wp-json\/wp\/v2\/comments?post=87308"}],"wp:featuredmedia":[{"embeddable":true,"href":"https:\/\/ueberlebenskunst.at\/survivalshop\/wp-json\/wp\/v2\/media\/190030"}],"wp:attachment":[{"href":"https:\/\/ueberlebenskunst.at\/survivalshop\/wp-json\/wp\/v2\/media?parent=87308"}],"wp:term":[{"taxonomy":"product_brand","embeddable":true,"href":"https:\/\/ueberlebenskunst.at\/survivalshop\/wp-json\/wp\/v2\/product_brand?post=87308"},{"taxonomy":"product_cat","embeddable":true,"href":"https:\/\/ueberlebenskunst.at\/survivalshop\/wp-json\/wp\/v2\/product_cat?post=87308"},{"taxonomy":"product_tag","embeddable":true,"href":"https:\/\/ueberlebenskunst.at\/survivalshop\/wp-json\/wp\/v2\/product_tag?post=87308"}],"curies":[{"name":"wp","href":"https:\/\/api.w.org\/{rel}","templated":true}]}}