{"id":86491,"date":"2022-04-14T08:45:21","date_gmt":"2022-04-14T06:45:21","guid":{"rendered":"https:\/\/ueberlebenskunst.at\/survivalshop\/?post_type=product&#038;p=86491"},"modified":"2026-02-08T18:09:44","modified_gmt":"2026-02-08T17:09:44","slug":"knives4-scheide-fuer-benchmade-bugout","status":"publish","type":"product","link":"https:\/\/ueberlebenskunst.at\/survivalshop\/shop\/knives4-scheide-fuer-benchmade-bugout\/","title":{"rendered":"Knives4 Scheide f\u00fcr Benchmade Bugout"},"content":{"rendered":"<p>Das Benchmade Bugout ist eines der beliebtesten, wenn nicht sogar das beliebteste EDC Messer am US-amerikanischen Markt. Das schlanke, sehr leichte und f\u00fchrige Messer l\u00e4sst sich ideal am Klipp im Hosensack tragen. Doch bis vor kurzem war es nicht m\u00f6glich dieses Messer in einer Scheide am G\u00fcrtel zu tragen. Mit dem neuen Knives4 Einhandscheidensystem geh\u00f6rt das der Vergangenheit an.<\/p>\n<p>Wir haben eine passgenau G\u00fcrtelscheide entwickelt, die f\u00fcr alle Benchmade Bugout Messer (in allen Farben und Griffvarianten) funktioniert. Was bedeutet das konkret? Das EDC Messer sitzt bombenfest in der Scheide und kann auch bei extremen Bewegungen wie Springen, Laufen, Robben oder beim durchs Unterholz streifen nicht aus der Scheide fallen.<\/p>\n<p>Gleichzeitig kannst du mit einem Griff mit einer Hand das Messer aus der Scheide ziehen und nach dem Arbeiten auch wieder einh\u00e4ndig zur\u00fcckstecken. Durch die tip-up Trageweise hast du das Messer nach dem Ziehen auch gleich in der richtigen Position in der Hand liegen und kannst gleich loslegen dein Messer zu benutzen.<\/p>\n<p>Und das Beste ist: unsere Knives4 Benchmade Einhandscheide ist f\u00fcr Links- und Rechtsh\u00e4nder gleicherma\u00dfen benutzbar. Die Scheide ist so konzipiert, dass der pocket clip des Benchmade Bugout Messers nicht notwendigerweise demontiert werden muss. Nat\u00fcrlich liegt das in deinem Ermessen. Was bedeutet das? Es gibt immer wieder Nutzer, die das Benchmade Bugout ohne den Pocket Clip benutzen wollen. Warum? Weil f\u00fcr manche Leute dieser Pocket Clip beim Arbeiten mit dem Messer unangenehm ist.<\/p>\n<p>Der Nachteil bei der Demontage ist aber, dass das Messer im Hosensack oder in der Tasche herumkugelt. Wenn du unsere Einhandg\u00fcrtelscheide nutzt, hast du dieses Problem nicht, denn das Messer sitzt 100%ig sicher und kann schnell mit einer Hand gezogen und nach dem Arbeiten wieder zur\u00fcckgesteckt werden. Alle unsere Scheiden sind: Made in Austria!<\/p>\n<h3><strong>Kompatibel mit:<\/strong><\/h3>\n<ul>\n<li>Benchmade Bugout 535<\/li>\n<li>Benchmade Bugout 535GRY-1 Ranger Green<\/li>\n<li>Benchmade Bugout 535BK-4 Aluminium, Cerakote M390<\/li>\n<li>Benchmade Bugout Black 535BK-2<\/li>\n<li>Benchmade Bugout 535-3 Carbonfiber, CPM S90V<\/li>\n<\/ul>\n<h3>Lieferumfang:<\/h3>\n<ul>\n<li>Steck-Scheide mit Kugelkette<\/li>\n<li><strong>Achtung: auf den Produktbildern befindet sich optionales Zubeh\u00f6r, das im Lieferumfang NICHT enthalten ist.<\/strong><\/li>\n<\/ul>\n<h3><strong>Bedienungs- &amp; Pflegeanleitung:<\/strong><\/h3>\n<ul>\n<li>Die Reinigung mit Wasser und Seife ist m\u00f6glich.<\/li>\n<li>Du solltest die Steckscheide nicht direkt in die N\u00e4he von Feuer oder anderen Hitzequellen legen!<\/li>\n<li>Wird deine Steckscheide \u00fcber l\u00e4ngere Zeit sehr kalten Temperaturen unter 0 \u00b0C ausgesetzt, solltest du<br \/>\nin dem Moment darauf achten, dass keine starken Belastungen darauf einwirken.<\/li>\n<\/ul>\n<p>Unsere Produkte sind nicht f\u00fcr Kinder unter 3 Jahren geeignet. Es besteht Verschluckungsgefahr.<\/p>\n<p><a href=\"https:\/\/ueberlebenskunst.at\/survivalshop\/wp-content\/uploads\/2021\/11\/Logo_Kinder.png\"><img decoding=\"async\" class=\"alignnone size-medium wp-image-179571\" src=\"https:\/\/ueberlebenskunst.at\/survivalshop\/wp-content\/uploads\/2021\/11\/Logo_Kinder-300x126.png\" alt=\"\" width=\"300\" height=\"126\" srcset=\"https:\/\/ueberlebenskunst.at\/survivalshop\/wp-content\/uploads\/2021\/11\/Logo_Kinder-300x126.png 300w, https:\/\/ueberlebenskunst.at\/survivalshop\/wp-content\/uploads\/2021\/11\/Logo_Kinder-64x27.png 64w, https:\/\/ueberlebenskunst.at\/survivalshop\/wp-content\/uploads\/2021\/11\/Logo_Kinder.png 401w\" sizes=\"(max-width: 300px) 100vw, 300px\" \/><\/a><\/p>\n<p><span style=\"color: #99cc00;\">Du willst das Produkt in einer anderen Farbe? Schick uns eine E-Mail an shop@ueberlebenskunst.at und wir pr\u00fcfen, ob dein Farbwunsch\u00a0m\u00f6glich\u00a0ist.<\/span><\/p>\n","protected":false},"excerpt":{"rendered":"<p>Das Benchmade Bugout ist eines der beliebtesten, wenn nicht sogar das beliebteste EDC Messer am US-amerikanischen Markt. Das schlanke, sehr leichte und f\u00fchrige Messer l\u00e4sst sich ideal am Klipp im Hosensack tragen. Doch bis vor kurzem war es nicht m\u00f6glich dieses Messer in einer Scheide am G\u00fcrtel zu tragen. Mit dem neuen Knives4 Einhandscheidensystem geh\u00f6rt [&hellip;]<\/p>\n","protected":false},"featured_media":156234,"comment_status":"open","ping_status":"closed","template":"","meta":{"_acf_changed":false},"product_brand":[],"product_cat":[1945],"product_tag":[2092,1256,1255],"class_list":{"0":"post-86491","1":"product","2":"type-product","3":"status-publish","4":"has-post-thumbnail","6":"product_cat-survivalausruestung","7":"product_tag-benchmade-bugout","8":"product_tag-k4","9":"product_tag-knives4","11":"first","12":"instock","13":"taxable","14":"shipping-taxable","15":"purchasable","16":"product-type-variable","17":"has-default-attributes"},"acf":[],"yoast_head":"<!-- This site is optimized with the Yoast SEO plugin v27.1.1 - https:\/\/yoast.com\/product\/yoast-seo-wordpress\/ -->\n<title>Knives4 Scheide f\u00fcr Benchmade Bugout<\/title>\n<meta name=\"description\" content=\"Wir haben eine passgenau G\u00fcrtelscheide entwickelt, die f\u00fcr alle Benchmade Bugout Messer (in allen Farben und Griffvarianten) funktioniert.\" \/>\n<meta name=\"robots\" content=\"index, follow, max-snippet:-1, max-image-preview:large, max-video-preview:-1\" \/>\n<link rel=\"canonical\" href=\"https:\/\/ueberlebenskunst.at\/survivalshop\/shop\/knives4-scheide-fuer-benchmade-bugout\/\" \/>\n<meta property=\"og:locale\" content=\"de_DE\" \/>\n<meta property=\"og:type\" content=\"article\" \/>\n<meta property=\"og:title\" content=\"Knives4 Scheide f\u00fcr Benchmade Bugout\" \/>\n<meta property=\"og:description\" content=\"Wir haben eine passgenau G\u00fcrtelscheide entwickelt, die f\u00fcr alle Benchmade Bugout Messer (in allen Farben und Griffvarianten) funktioniert.\" \/>\n<meta property=\"og:url\" content=\"https:\/\/ueberlebenskunst.at\/survivalshop\/shop\/knives4-scheide-fuer-benchmade-bugout\/\" \/>\n<meta property=\"og:site_name\" content=\"Reini Rossmann - Survival Shop\" \/>\n<meta property=\"article:publisher\" content=\"https:\/\/www.facebook.com\/survival24.org\/\" \/>\n<meta property=\"article:modified_time\" content=\"2026-02-08T17:09:44+00:00\" \/>\n<meta property=\"og:image\" content=\"https:\/\/ueberlebenskunst.at\/survivalshop\/wp-content\/uploads\/2022\/04\/K4_Guertel_Holster_Benchmade_Bugout_BM_BUG01FS_sk.jpg\" \/>\n\t<meta property=\"og:image:width\" content=\"400\" \/>\n\t<meta property=\"og:image:height\" content=\"400\" \/>\n\t<meta property=\"og:image:type\" content=\"image\/jpeg\" \/>\n<meta name=\"twitter:card\" content=\"summary_large_image\" \/>\n<meta name=\"twitter:label1\" content=\"Gesch\u00e4tzte Lesezeit\" \/>\n\t<meta name=\"twitter:data1\" content=\"3\u00a0Minuten\" \/>\n<script type=\"application\/ld+json\" class=\"yoast-schema-graph\">{\"@context\":\"https:\/\/schema.org\",\"@graph\":[{\"@type\":\"WebPage\",\"@id\":\"https:\/\/ueberlebenskunst.at\/survivalshop\/shop\/knives4-scheide-fuer-benchmade-bugout\/\",\"url\":\"https:\/\/ueberlebenskunst.at\/survivalshop\/shop\/knives4-scheide-fuer-benchmade-bugout\/\",\"name\":\"Knives4 Scheide f\u00fcr Benchmade Bugout\",\"isPartOf\":{\"@id\":\"https:\/\/ueberlebenskunst.at\/survivalshop\/#website\"},\"primaryImageOfPage\":{\"@id\":\"https:\/\/ueberlebenskunst.at\/survivalshop\/shop\/knives4-scheide-fuer-benchmade-bugout\/#primaryimage\"},\"image\":{\"@id\":\"https:\/\/ueberlebenskunst.at\/survivalshop\/shop\/knives4-scheide-fuer-benchmade-bugout\/#primaryimage\"},\"thumbnailUrl\":\"https:\/\/ueberlebenskunst.at\/survivalshop\/wp-content\/uploads\/2022\/04\/K4_Guertel_Holster_Benchmade_Bugout_BM_BUG01FS_sk.jpg\",\"datePublished\":\"2022-04-14T06:45:21+00:00\",\"dateModified\":\"2026-02-08T17:09:44+00:00\",\"description\":\"Wir haben eine passgenau G\u00fcrtelscheide entwickelt, die f\u00fcr alle Benchmade Bugout Messer (in allen Farben und Griffvarianten) funktioniert.\",\"breadcrumb\":{\"@id\":\"https:\/\/ueberlebenskunst.at\/survivalshop\/shop\/knives4-scheide-fuer-benchmade-bugout\/#breadcrumb\"},\"inLanguage\":\"de\",\"potentialAction\":[{\"@type\":\"ReadAction\",\"target\":[\"https:\/\/ueberlebenskunst.at\/survivalshop\/shop\/knives4-scheide-fuer-benchmade-bugout\/\"]}]},{\"@type\":\"ImageObject\",\"inLanguage\":\"de\",\"@id\":\"https:\/\/ueberlebenskunst.at\/survivalshop\/shop\/knives4-scheide-fuer-benchmade-bugout\/#primaryimage\",\"url\":\"https:\/\/ueberlebenskunst.at\/survivalshop\/wp-content\/uploads\/2022\/04\/K4_Guertel_Holster_Benchmade_Bugout_BM_BUG01FS_sk.jpg\",\"contentUrl\":\"https:\/\/ueberlebenskunst.at\/survivalshop\/wp-content\/uploads\/2022\/04\/K4_Guertel_Holster_Benchmade_Bugout_BM_BUG01FS_sk.jpg\",\"width\":400,\"height\":400},{\"@type\":\"BreadcrumbList\",\"@id\":\"https:\/\/ueberlebenskunst.at\/survivalshop\/shop\/knives4-scheide-fuer-benchmade-bugout\/#breadcrumb\",\"itemListElement\":[{\"@type\":\"ListItem\",\"position\":1,\"name\":\"Startseite\",\"item\":\"https:\/\/ueberlebenskunst.at\/survivalshop\/\"},{\"@type\":\"ListItem\",\"position\":2,\"name\":\"Shop\",\"item\":\"https:\/\/ueberlebenskunst.at\/survivalshop\/shop\/\"},{\"@type\":\"ListItem\",\"position\":3,\"name\":\"Knives4 Scheide f\u00fcr Benchmade Bugout\"}]},{\"@type\":\"WebSite\",\"@id\":\"https:\/\/ueberlebenskunst.at\/survivalshop\/#website\",\"url\":\"https:\/\/ueberlebenskunst.at\/survivalshop\/\",\"name\":\"Reini Rossmann - Survival Shop\",\"description\":\"Survival Shop f\u00fcr Survival, Bushcraft und Prepper\",\"potentialAction\":[{\"@type\":\"SearchAction\",\"target\":{\"@type\":\"EntryPoint\",\"urlTemplate\":\"https:\/\/ueberlebenskunst.at\/survivalshop\/?s={search_term_string}\"},\"query-input\":{\"@type\":\"PropertyValueSpecification\",\"valueRequired\":true,\"valueName\":\"search_term_string\"}}],\"inLanguage\":\"de\"}]}<\/script>\n<!-- \/ Yoast SEO plugin. -->","yoast_head_json":{"title":"Knives4 Scheide f\u00fcr Benchmade Bugout","description":"Wir haben eine passgenau G\u00fcrtelscheide entwickelt, die f\u00fcr alle Benchmade Bugout Messer (in allen Farben und Griffvarianten) funktioniert.","robots":{"index":"index","follow":"follow","max-snippet":"max-snippet:-1","max-image-preview":"max-image-preview:large","max-video-preview":"max-video-preview:-1"},"canonical":"https:\/\/ueberlebenskunst.at\/survivalshop\/shop\/knives4-scheide-fuer-benchmade-bugout\/","og_locale":"de_DE","og_type":"article","og_title":"Knives4 Scheide f\u00fcr Benchmade Bugout","og_description":"Wir haben eine passgenau G\u00fcrtelscheide entwickelt, die f\u00fcr alle Benchmade Bugout Messer (in allen Farben und Griffvarianten) funktioniert.","og_url":"https:\/\/ueberlebenskunst.at\/survivalshop\/shop\/knives4-scheide-fuer-benchmade-bugout\/","og_site_name":"Reini Rossmann - Survival Shop","article_publisher":"https:\/\/www.facebook.com\/survival24.org\/","article_modified_time":"2026-02-08T17:09:44+00:00","og_image":[{"width":400,"height":400,"url":"https:\/\/ueberlebenskunst.at\/survivalshop\/wp-content\/uploads\/2022\/04\/K4_Guertel_Holster_Benchmade_Bugout_BM_BUG01FS_sk.jpg","type":"image\/jpeg"}],"twitter_card":"summary_large_image","twitter_misc":{"Gesch\u00e4tzte Lesezeit":"3\u00a0Minuten"},"schema":{"@context":"https:\/\/schema.org","@graph":[{"@type":"WebPage","@id":"https:\/\/ueberlebenskunst.at\/survivalshop\/shop\/knives4-scheide-fuer-benchmade-bugout\/","url":"https:\/\/ueberlebenskunst.at\/survivalshop\/shop\/knives4-scheide-fuer-benchmade-bugout\/","name":"Knives4 Scheide f\u00fcr Benchmade Bugout","isPartOf":{"@id":"https:\/\/ueberlebenskunst.at\/survivalshop\/#website"},"primaryImageOfPage":{"@id":"https:\/\/ueberlebenskunst.at\/survivalshop\/shop\/knives4-scheide-fuer-benchmade-bugout\/#primaryimage"},"image":{"@id":"https:\/\/ueberlebenskunst.at\/survivalshop\/shop\/knives4-scheide-fuer-benchmade-bugout\/#primaryimage"},"thumbnailUrl":"https:\/\/ueberlebenskunst.at\/survivalshop\/wp-content\/uploads\/2022\/04\/K4_Guertel_Holster_Benchmade_Bugout_BM_BUG01FS_sk.jpg","datePublished":"2022-04-14T06:45:21+00:00","dateModified":"2026-02-08T17:09:44+00:00","description":"Wir haben eine passgenau G\u00fcrtelscheide entwickelt, die f\u00fcr alle Benchmade Bugout Messer (in allen Farben und Griffvarianten) funktioniert.","breadcrumb":{"@id":"https:\/\/ueberlebenskunst.at\/survivalshop\/shop\/knives4-scheide-fuer-benchmade-bugout\/#breadcrumb"},"inLanguage":"de","potentialAction":[{"@type":"ReadAction","target":["https:\/\/ueberlebenskunst.at\/survivalshop\/shop\/knives4-scheide-fuer-benchmade-bugout\/"]}]},{"@type":"ImageObject","inLanguage":"de","@id":"https:\/\/ueberlebenskunst.at\/survivalshop\/shop\/knives4-scheide-fuer-benchmade-bugout\/#primaryimage","url":"https:\/\/ueberlebenskunst.at\/survivalshop\/wp-content\/uploads\/2022\/04\/K4_Guertel_Holster_Benchmade_Bugout_BM_BUG01FS_sk.jpg","contentUrl":"https:\/\/ueberlebenskunst.at\/survivalshop\/wp-content\/uploads\/2022\/04\/K4_Guertel_Holster_Benchmade_Bugout_BM_BUG01FS_sk.jpg","width":400,"height":400},{"@type":"BreadcrumbList","@id":"https:\/\/ueberlebenskunst.at\/survivalshop\/shop\/knives4-scheide-fuer-benchmade-bugout\/#breadcrumb","itemListElement":[{"@type":"ListItem","position":1,"name":"Startseite","item":"https:\/\/ueberlebenskunst.at\/survivalshop\/"},{"@type":"ListItem","position":2,"name":"Shop","item":"https:\/\/ueberlebenskunst.at\/survivalshop\/shop\/"},{"@type":"ListItem","position":3,"name":"Knives4 Scheide f\u00fcr Benchmade Bugout"}]},{"@type":"WebSite","@id":"https:\/\/ueberlebenskunst.at\/survivalshop\/#website","url":"https:\/\/ueberlebenskunst.at\/survivalshop\/","name":"Reini Rossmann - Survival Shop","description":"Survival Shop f\u00fcr Survival, Bushcraft und Prepper","potentialAction":[{"@type":"SearchAction","target":{"@type":"EntryPoint","urlTemplate":"https:\/\/ueberlebenskunst.at\/survivalshop\/?s={search_term_string}"},"query-input":{"@type":"PropertyValueSpecification","valueRequired":true,"valueName":"search_term_string"}}],"inLanguage":"de"}]}},"_links":{"self":[{"href":"https:\/\/ueberlebenskunst.at\/survivalshop\/wp-json\/wp\/v2\/product\/86491","targetHints":{"allow":["GET"]}}],"collection":[{"href":"https:\/\/ueberlebenskunst.at\/survivalshop\/wp-json\/wp\/v2\/product"}],"about":[{"href":"https:\/\/ueberlebenskunst.at\/survivalshop\/wp-json\/wp\/v2\/types\/product"}],"replies":[{"embeddable":true,"href":"https:\/\/ueberlebenskunst.at\/survivalshop\/wp-json\/wp\/v2\/comments?post=86491"}],"wp:featuredmedia":[{"embeddable":true,"href":"https:\/\/ueberlebenskunst.at\/survivalshop\/wp-json\/wp\/v2\/media\/156234"}],"wp:attachment":[{"href":"https:\/\/ueberlebenskunst.at\/survivalshop\/wp-json\/wp\/v2\/media?parent=86491"}],"wp:term":[{"taxonomy":"product_brand","embeddable":true,"href":"https:\/\/ueberlebenskunst.at\/survivalshop\/wp-json\/wp\/v2\/product_brand?post=86491"},{"taxonomy":"product_cat","embeddable":true,"href":"https:\/\/ueberlebenskunst.at\/survivalshop\/wp-json\/wp\/v2\/product_cat?post=86491"},{"taxonomy":"product_tag","embeddable":true,"href":"https:\/\/ueberlebenskunst.at\/survivalshop\/wp-json\/wp\/v2\/product_tag?post=86491"}],"curies":[{"name":"wp","href":"https:\/\/api.w.org\/{rel}","templated":true}]}}