{"id":84852,"date":"2022-04-05T12:41:15","date_gmt":"2022-04-05T10:41:15","guid":{"rendered":"https:\/\/ueberlebenskunst.at\/survivalshop\/?post_type=product&#038;p=84852"},"modified":"2026-02-02T21:14:38","modified_gmt":"2026-02-02T20:14:38","slug":"knives4-scheide-fuer-ranger-grip-78-von-victorinox","status":"publish","type":"product","link":"https:\/\/ueberlebenskunst.at\/survivalshop\/shop\/knives4-scheide-fuer-ranger-grip-78-von-victorinox\/","title":{"rendered":"Knives4 Scheide f\u00fcr Victorinox Ranger Grip 55 \/ 78"},"content":{"rendered":"<p>Das Ranger Grip 78 (Einhand-Messer) sowie das<a href=\"https:\/\/ueberlebenskunst.at\/survivalshop\/shop\/victorinox-ranger-grip-55\/\" target=\"_blank\" rel=\"noopener\"> Ranger Grip 55 <\/a>(Zweihand-Messer) sind beide sehr beliebte Messer in der Survival und Bushcraft Szene. Und das nicht ohne Grund! Denn mit dem Ranger Grip 55 \/ 78 hast du eine gro\u00dfe, brauchbare Klinge und gleichzeitig eine bissige S\u00e4ge mit dabei. Nach vielen Gespr\u00e4chen mit Bushcrafter und Survivalisten hat sich aber herauskristallisiert, dass es bisher keine passende EDC Scheide gibt. Warum? Alle bestehenden Scheiden-Systeme basieren darauf, dass das Messer mit 2 H\u00e4nden aus der Scheide genommen und auch wieder zur\u00fcckgef\u00fchrt werden muss.<\/p>\n<p>Das hat Reini Rossmann dazu inspiriert mit dem Ranger Grip 55 \/ 78\u00a0 die erste Kunststoffscheide zu entwickeln, die unter der Marke Knives4 am Markt zu finden ist.<\/p>\n<p>Das Besondere bei dieser Scheide ist, dass sie am G\u00fcrtel getragen wird und mit einer Hand das Messer freigibt und nach dem Arbeiten, das Messer auch wieder mit einer Hand in die Scheide zur\u00fcckgef\u00fchrt werden kann. Gleichzeitig sorgt der elastische Kunststoff daf\u00fcr, dass das Messer bombenfest in der Scheide sitzt. Auch bei st\u00e4rkeren oder extremeren Bewegungen (durchs Unterholz streifen, Robben, Springen\u2026) sitzt das Messer fest in der Scheide.<\/p>\n<p>Diese ist f\u00fcr Links- und Rechtsh\u00e4nder gleicherma\u00dfen geeignet. Das Messer wird tip-up getragen, das bedeutet: nach dem Ziehen des Messers hast du es gleich in der richtigen Position in der Hand und kannst gleich mit deinen Arbeiten loslegen. Danach kannst du es schnell und sehr einfach wieder in die Scheide zur\u00fcckstecken. Die Scheide f\u00fcr das Ranger Grip 55 \/ 78 war die erste Kunststoffscheide aus der K4 Serie und wurde auf Herz und Nieren getestet und \u00fcberpr\u00fcft. Die Scheide ist kompatibel mit folgenden Messern in allen Farbvarianten:<\/p>\n<h3><strong>Kompatibel mit:<\/strong><\/h3>\n<ul>\n<li>Ranger Grip 78 (ArtikelNr. 0.9663.MC)<\/li>\n<li>Ranger Grip 78 Onyx<\/li>\n<li><a href=\"https:\/\/ueberlebenskunst.at\/survivalshop\/shop\/victorinox-ranger-grip-55\/\" target=\"_blank\" rel=\"noopener\">Ranger Grip\u00a0 55 (ArtikelNr 0.9563.C)<\/a><\/li>\n<li>Ranger Grip 79<\/li>\n<\/ul>\n<p>Alle unsere Scheiden sind: Made in Austria!<\/p>\n<p>Bitte beachte: Im Lieferumfang ist nur die Scheide enthalten!<\/p>\n<h3>Bedienungs- &amp; Pflegeanleitung:<\/h3>\n<ul>\n<li>Die Reinigung mit Wasser und Seife ist m\u00f6glich.<\/li>\n<li>Du solltest die Steckscheide nicht direkt in die N\u00e4he von Feuer oder anderen Hitzequellen legen!<\/li>\n<li>Wird deine Steckscheide \u00fcber l\u00e4ngere Zeit sehr kalten Temperaturen unter 0 \u00b0C ausgesetzt, solltest du<br \/>\nin dem Moment darauf achten, dass keine starken Belastungen darauf einwirken.<\/li>\n<\/ul>\n<p>Unsere Produkte sind nicht f\u00fcr Kinder unter 3 Jahren geeignet. Es besteht Verschluckungsgefahr.<\/p>\n<p><a href=\"https:\/\/ueberlebenskunst.at\/survivalshop\/wp-content\/uploads\/2021\/11\/Logo_Kinder.png\"><img decoding=\"async\" class=\"alignnone size-medium wp-image-179571\" src=\"https:\/\/ueberlebenskunst.at\/survivalshop\/wp-content\/uploads\/2021\/11\/Logo_Kinder-300x126.png\" alt=\"\" width=\"300\" height=\"126\" srcset=\"https:\/\/ueberlebenskunst.at\/survivalshop\/wp-content\/uploads\/2021\/11\/Logo_Kinder-300x126.png 300w, https:\/\/ueberlebenskunst.at\/survivalshop\/wp-content\/uploads\/2021\/11\/Logo_Kinder-64x27.png 64w, https:\/\/ueberlebenskunst.at\/survivalshop\/wp-content\/uploads\/2021\/11\/Logo_Kinder.png 401w\" sizes=\"(max-width: 300px) 100vw, 300px\" \/><\/a><\/p>\n","protected":false},"excerpt":{"rendered":"<p>Das Ranger Grip 78 (Einhand-Messer) sowie das Ranger Grip 55 (Zweihand-Messer) sind beide sehr beliebte Messer in der Survival und Bushcraft Szene. Und das nicht ohne Grund! Denn mit dem Ranger Grip 55 \/ 78 hast du eine gro\u00dfe, brauchbare Klinge und gleichzeitig eine bissige S\u00e4ge mit dabei. Nach vielen Gespr\u00e4chen mit Bushcrafter und Survivalisten [&hellip;]<\/p>\n","protected":false},"featured_media":137326,"comment_status":"open","ping_status":"closed","template":"","meta":{"_acf_changed":false},"product_brand":[],"product_cat":[1790],"product_tag":[1256,1255,1147],"class_list":{"0":"post-84852","1":"product","2":"type-product","3":"status-publish","4":"has-post-thumbnail","6":"product_cat-knives-4","7":"product_tag-k4","8":"product_tag-knives4","9":"product_tag-victorinox","10":"pa_farbe-orange","11":"pa_farbe-schwarz","13":"first","14":"outofstock","15":"taxable","16":"shipping-taxable","17":"purchasable","18":"product-type-variable","19":"has-default-attributes"},"acf":[],"yoast_head":"<!-- This site is optimized with the Yoast SEO plugin v27.1.1 - https:\/\/yoast.com\/product\/yoast-seo-wordpress\/ -->\n<title>Knives4 Scheide f\u00fcr Victorinox Ranger Grip 55 \/ 78<\/title>\n<meta name=\"description\" content=\"Das Besondere bei dieser Scheide ist, dass sie am G\u00fcrtel getragen wird und mit einer Hand das Messer freigibt und, nach dem Arbeiten, das Messer auch wieder mit einer Hand in die Scheide zur\u00fcckgef\u00fchrt werden kann.\" \/>\n<meta name=\"robots\" content=\"index, follow, max-snippet:-1, max-image-preview:large, max-video-preview:-1\" \/>\n<link rel=\"canonical\" href=\"https:\/\/ueberlebenskunst.at\/survivalshop\/shop\/knives4-scheide-fuer-ranger-grip-78-von-victorinox\/\" \/>\n<meta property=\"og:locale\" content=\"de_DE\" \/>\n<meta property=\"og:type\" content=\"article\" \/>\n<meta property=\"og:title\" content=\"Knives4 Scheide f\u00fcr Victorinox Ranger Grip 55 \/ 78\" \/>\n<meta property=\"og:description\" content=\"Das Besondere bei dieser Scheide ist, dass sie am G\u00fcrtel getragen wird und mit einer Hand das Messer freigibt und, nach dem Arbeiten, das Messer auch wieder mit einer Hand in die Scheide zur\u00fcckgef\u00fchrt werden kann.\" \/>\n<meta property=\"og:url\" content=\"https:\/\/ueberlebenskunst.at\/survivalshop\/shop\/knives4-scheide-fuer-ranger-grip-78-von-victorinox\/\" \/>\n<meta property=\"og:site_name\" content=\"Reini Rossmann - Survival Shop\" \/>\n<meta property=\"article:publisher\" content=\"https:\/\/www.facebook.com\/survival24.org\/\" \/>\n<meta property=\"article:modified_time\" content=\"2026-02-02T20:14:38+00:00\" \/>\n<meta property=\"og:image\" content=\"https:\/\/ueberlebenskunst.at\/survivalshop\/wp-content\/uploads\/2022\/04\/K4_Knives4_Scheide_Ranger_Grip_55_78_RG7801_sk.jpg\" \/>\n\t<meta property=\"og:image:width\" content=\"400\" \/>\n\t<meta property=\"og:image:height\" content=\"400\" \/>\n\t<meta property=\"og:image:type\" content=\"image\/jpeg\" \/>\n<meta name=\"twitter:card\" content=\"summary_large_image\" \/>\n<meta name=\"twitter:label1\" content=\"Gesch\u00e4tzte Lesezeit\" \/>\n\t<meta name=\"twitter:data1\" content=\"3\u00a0Minuten\" \/>\n<script type=\"application\/ld+json\" class=\"yoast-schema-graph\">{\"@context\":\"https:\/\/schema.org\",\"@graph\":[{\"@type\":\"WebPage\",\"@id\":\"https:\/\/ueberlebenskunst.at\/survivalshop\/shop\/knives4-scheide-fuer-ranger-grip-78-von-victorinox\/\",\"url\":\"https:\/\/ueberlebenskunst.at\/survivalshop\/shop\/knives4-scheide-fuer-ranger-grip-78-von-victorinox\/\",\"name\":\"Knives4 Scheide f\u00fcr Victorinox Ranger Grip 55 \/ 78\",\"isPartOf\":{\"@id\":\"https:\/\/ueberlebenskunst.at\/survivalshop\/#website\"},\"primaryImageOfPage\":{\"@id\":\"https:\/\/ueberlebenskunst.at\/survivalshop\/shop\/knives4-scheide-fuer-ranger-grip-78-von-victorinox\/#primaryimage\"},\"image\":{\"@id\":\"https:\/\/ueberlebenskunst.at\/survivalshop\/shop\/knives4-scheide-fuer-ranger-grip-78-von-victorinox\/#primaryimage\"},\"thumbnailUrl\":\"https:\/\/ueberlebenskunst.at\/survivalshop\/wp-content\/uploads\/2022\/04\/K4_Knives4_Scheide_Ranger_Grip_55_78_RG7801_sk.jpg\",\"datePublished\":\"2022-04-05T10:41:15+00:00\",\"dateModified\":\"2026-02-02T20:14:38+00:00\",\"description\":\"Das Besondere bei dieser Scheide ist, dass sie am G\u00fcrtel getragen wird und mit einer Hand das Messer freigibt und, nach dem Arbeiten, das Messer auch wieder mit einer Hand in die Scheide zur\u00fcckgef\u00fchrt werden kann.\",\"breadcrumb\":{\"@id\":\"https:\/\/ueberlebenskunst.at\/survivalshop\/shop\/knives4-scheide-fuer-ranger-grip-78-von-victorinox\/#breadcrumb\"},\"inLanguage\":\"de\",\"potentialAction\":[{\"@type\":\"ReadAction\",\"target\":[\"https:\/\/ueberlebenskunst.at\/survivalshop\/shop\/knives4-scheide-fuer-ranger-grip-78-von-victorinox\/\"]}]},{\"@type\":\"ImageObject\",\"inLanguage\":\"de\",\"@id\":\"https:\/\/ueberlebenskunst.at\/survivalshop\/shop\/knives4-scheide-fuer-ranger-grip-78-von-victorinox\/#primaryimage\",\"url\":\"https:\/\/ueberlebenskunst.at\/survivalshop\/wp-content\/uploads\/2022\/04\/K4_Knives4_Scheide_Ranger_Grip_55_78_RG7801_sk.jpg\",\"contentUrl\":\"https:\/\/ueberlebenskunst.at\/survivalshop\/wp-content\/uploads\/2022\/04\/K4_Knives4_Scheide_Ranger_Grip_55_78_RG7801_sk.jpg\",\"width\":400,\"height\":400},{\"@type\":\"BreadcrumbList\",\"@id\":\"https:\/\/ueberlebenskunst.at\/survivalshop\/shop\/knives4-scheide-fuer-ranger-grip-78-von-victorinox\/#breadcrumb\",\"itemListElement\":[{\"@type\":\"ListItem\",\"position\":1,\"name\":\"Startseite\",\"item\":\"https:\/\/ueberlebenskunst.at\/survivalshop\/\"},{\"@type\":\"ListItem\",\"position\":2,\"name\":\"Shop\",\"item\":\"https:\/\/ueberlebenskunst.at\/survivalshop\/shop\/\"},{\"@type\":\"ListItem\",\"position\":3,\"name\":\"Knives4 Scheide f\u00fcr Victorinox Ranger Grip 55 \/ 78\"}]},{\"@type\":\"WebSite\",\"@id\":\"https:\/\/ueberlebenskunst.at\/survivalshop\/#website\",\"url\":\"https:\/\/ueberlebenskunst.at\/survivalshop\/\",\"name\":\"Reini Rossmann - Survival Shop\",\"description\":\"Survival Shop f\u00fcr Survival, Bushcraft und Prepper\",\"potentialAction\":[{\"@type\":\"SearchAction\",\"target\":{\"@type\":\"EntryPoint\",\"urlTemplate\":\"https:\/\/ueberlebenskunst.at\/survivalshop\/?s={search_term_string}\"},\"query-input\":{\"@type\":\"PropertyValueSpecification\",\"valueRequired\":true,\"valueName\":\"search_term_string\"}}],\"inLanguage\":\"de\"}]}<\/script>\n<!-- \/ Yoast SEO plugin. -->","yoast_head_json":{"title":"Knives4 Scheide f\u00fcr Victorinox Ranger Grip 55 \/ 78","description":"Das Besondere bei dieser Scheide ist, dass sie am G\u00fcrtel getragen wird und mit einer Hand das Messer freigibt und, nach dem Arbeiten, das Messer auch wieder mit einer Hand in die Scheide zur\u00fcckgef\u00fchrt werden kann.","robots":{"index":"index","follow":"follow","max-snippet":"max-snippet:-1","max-image-preview":"max-image-preview:large","max-video-preview":"max-video-preview:-1"},"canonical":"https:\/\/ueberlebenskunst.at\/survivalshop\/shop\/knives4-scheide-fuer-ranger-grip-78-von-victorinox\/","og_locale":"de_DE","og_type":"article","og_title":"Knives4 Scheide f\u00fcr Victorinox Ranger Grip 55 \/ 78","og_description":"Das Besondere bei dieser Scheide ist, dass sie am G\u00fcrtel getragen wird und mit einer Hand das Messer freigibt und, nach dem Arbeiten, das Messer auch wieder mit einer Hand in die Scheide zur\u00fcckgef\u00fchrt werden kann.","og_url":"https:\/\/ueberlebenskunst.at\/survivalshop\/shop\/knives4-scheide-fuer-ranger-grip-78-von-victorinox\/","og_site_name":"Reini Rossmann - Survival Shop","article_publisher":"https:\/\/www.facebook.com\/survival24.org\/","article_modified_time":"2026-02-02T20:14:38+00:00","og_image":[{"width":400,"height":400,"url":"https:\/\/ueberlebenskunst.at\/survivalshop\/wp-content\/uploads\/2022\/04\/K4_Knives4_Scheide_Ranger_Grip_55_78_RG7801_sk.jpg","type":"image\/jpeg"}],"twitter_card":"summary_large_image","twitter_misc":{"Gesch\u00e4tzte Lesezeit":"3\u00a0Minuten"},"schema":{"@context":"https:\/\/schema.org","@graph":[{"@type":"WebPage","@id":"https:\/\/ueberlebenskunst.at\/survivalshop\/shop\/knives4-scheide-fuer-ranger-grip-78-von-victorinox\/","url":"https:\/\/ueberlebenskunst.at\/survivalshop\/shop\/knives4-scheide-fuer-ranger-grip-78-von-victorinox\/","name":"Knives4 Scheide f\u00fcr Victorinox Ranger Grip 55 \/ 78","isPartOf":{"@id":"https:\/\/ueberlebenskunst.at\/survivalshop\/#website"},"primaryImageOfPage":{"@id":"https:\/\/ueberlebenskunst.at\/survivalshop\/shop\/knives4-scheide-fuer-ranger-grip-78-von-victorinox\/#primaryimage"},"image":{"@id":"https:\/\/ueberlebenskunst.at\/survivalshop\/shop\/knives4-scheide-fuer-ranger-grip-78-von-victorinox\/#primaryimage"},"thumbnailUrl":"https:\/\/ueberlebenskunst.at\/survivalshop\/wp-content\/uploads\/2022\/04\/K4_Knives4_Scheide_Ranger_Grip_55_78_RG7801_sk.jpg","datePublished":"2022-04-05T10:41:15+00:00","dateModified":"2026-02-02T20:14:38+00:00","description":"Das Besondere bei dieser Scheide ist, dass sie am G\u00fcrtel getragen wird und mit einer Hand das Messer freigibt und, nach dem Arbeiten, das Messer auch wieder mit einer Hand in die Scheide zur\u00fcckgef\u00fchrt werden kann.","breadcrumb":{"@id":"https:\/\/ueberlebenskunst.at\/survivalshop\/shop\/knives4-scheide-fuer-ranger-grip-78-von-victorinox\/#breadcrumb"},"inLanguage":"de","potentialAction":[{"@type":"ReadAction","target":["https:\/\/ueberlebenskunst.at\/survivalshop\/shop\/knives4-scheide-fuer-ranger-grip-78-von-victorinox\/"]}]},{"@type":"ImageObject","inLanguage":"de","@id":"https:\/\/ueberlebenskunst.at\/survivalshop\/shop\/knives4-scheide-fuer-ranger-grip-78-von-victorinox\/#primaryimage","url":"https:\/\/ueberlebenskunst.at\/survivalshop\/wp-content\/uploads\/2022\/04\/K4_Knives4_Scheide_Ranger_Grip_55_78_RG7801_sk.jpg","contentUrl":"https:\/\/ueberlebenskunst.at\/survivalshop\/wp-content\/uploads\/2022\/04\/K4_Knives4_Scheide_Ranger_Grip_55_78_RG7801_sk.jpg","width":400,"height":400},{"@type":"BreadcrumbList","@id":"https:\/\/ueberlebenskunst.at\/survivalshop\/shop\/knives4-scheide-fuer-ranger-grip-78-von-victorinox\/#breadcrumb","itemListElement":[{"@type":"ListItem","position":1,"name":"Startseite","item":"https:\/\/ueberlebenskunst.at\/survivalshop\/"},{"@type":"ListItem","position":2,"name":"Shop","item":"https:\/\/ueberlebenskunst.at\/survivalshop\/shop\/"},{"@type":"ListItem","position":3,"name":"Knives4 Scheide f\u00fcr Victorinox Ranger Grip 55 \/ 78"}]},{"@type":"WebSite","@id":"https:\/\/ueberlebenskunst.at\/survivalshop\/#website","url":"https:\/\/ueberlebenskunst.at\/survivalshop\/","name":"Reini Rossmann - Survival Shop","description":"Survival Shop f\u00fcr Survival, Bushcraft und Prepper","potentialAction":[{"@type":"SearchAction","target":{"@type":"EntryPoint","urlTemplate":"https:\/\/ueberlebenskunst.at\/survivalshop\/?s={search_term_string}"},"query-input":{"@type":"PropertyValueSpecification","valueRequired":true,"valueName":"search_term_string"}}],"inLanguage":"de"}]}},"_links":{"self":[{"href":"https:\/\/ueberlebenskunst.at\/survivalshop\/wp-json\/wp\/v2\/product\/84852","targetHints":{"allow":["GET"]}}],"collection":[{"href":"https:\/\/ueberlebenskunst.at\/survivalshop\/wp-json\/wp\/v2\/product"}],"about":[{"href":"https:\/\/ueberlebenskunst.at\/survivalshop\/wp-json\/wp\/v2\/types\/product"}],"replies":[{"embeddable":true,"href":"https:\/\/ueberlebenskunst.at\/survivalshop\/wp-json\/wp\/v2\/comments?post=84852"}],"wp:featuredmedia":[{"embeddable":true,"href":"https:\/\/ueberlebenskunst.at\/survivalshop\/wp-json\/wp\/v2\/media\/137326"}],"wp:attachment":[{"href":"https:\/\/ueberlebenskunst.at\/survivalshop\/wp-json\/wp\/v2\/media?parent=84852"}],"wp:term":[{"taxonomy":"product_brand","embeddable":true,"href":"https:\/\/ueberlebenskunst.at\/survivalshop\/wp-json\/wp\/v2\/product_brand?post=84852"},{"taxonomy":"product_cat","embeddable":true,"href":"https:\/\/ueberlebenskunst.at\/survivalshop\/wp-json\/wp\/v2\/product_cat?post=84852"},{"taxonomy":"product_tag","embeddable":true,"href":"https:\/\/ueberlebenskunst.at\/survivalshop\/wp-json\/wp\/v2\/product_tag?post=84852"}],"curies":[{"name":"wp","href":"https:\/\/api.w.org\/{rel}","templated":true}]}}