{"id":84596,"date":"2022-04-04T16:30:29","date_gmt":"2022-04-04T14:30:29","guid":{"rendered":"https:\/\/ueberlebenskunst.at\/survivalshop\/?post_type=product&#038;p=84596"},"modified":"2026-02-26T09:55:37","modified_gmt":"2026-02-26T08:55:37","slug":"knives4-scheide-fuer-swiss-champ-von-victorinox","status":"publish","type":"product","link":"https:\/\/ueberlebenskunst.at\/survivalshop\/shop\/knives4-scheide-fuer-swiss-champ-von-victorinox\/","title":{"rendered":"Knives4 G\u00fcrtelscheide f\u00fcr Victorinox Swiss Champ"},"content":{"rendered":"<p>Der K4 G\u00fcrtelholster f\u00fcr das Victorinox Swiss Champ ist die ideale Erg\u00e4nzung, um dein schweizer Multi-Tool jederzeit am G\u00fcrtel zu haben und somit f\u00fcr alle Situationen maximal ger\u00fcstet zu sein.<\/p>\n<p>Die G\u00fcrtelscheide ist in 4 Variationen erh\u00e4ltlich und kann somit perfekt an deine Bed\u00fcrfnisse angepasst werden.<\/p>\n<p>Im Grunde gibt es 2 Produktauspr\u00e4gungen. Was bedeutet das konkret? Du kannst w\u00e4hlen zwischen einer klassischen G\u00fcrtelschlaufe oder einer Concealed Carry Variante mit 2 seitlichen Schlaufen, die ein enges Tragen des Holsters f\u00fcr das Victorinox Swiss Champ gew\u00e4hrleisten. Je nach dem welche Variante f\u00fcr dich besser ist, bieten wir auch jeweils eine weitere Auspr\u00e4gung an. Was bedeutet das? Du kannst mit oder ohne K4 Lampe ausw\u00e4hlen. Warum haben wir eine Variante mit K4 Lampe im Angebot? Weil wir der Meinung sind, dass ein Holster f\u00fcr sich eine coole Sache ist, aber durch die Erweiterung mit einer Mini EDC Lampe es all jenen einen deutlichen Vorteil gibt auch immer Licht am K\u00f6rper zu tragen.<\/p>\n<p>Was ist der Unterschied zwischen der G\u00fcrtelschlaufe und der Concealed Carry Schlaufe? Wo liegen die Vor- und Nachteile? Beim Concealed Carry ist wie bereits erw\u00e4hnt das enge Tragen am K\u00f6rper m\u00f6glich. Somit ist der Holster von au\u00dfen nicht so leicht zu sehen. Jedoch ist das enge Tragen am K\u00f6rper auch mit einem kleinen Nachteil verbunden. Und hier liegt der Vorteil der Version mit der G\u00fcrtelschlaufe. Die G\u00fcrtelschlaufe steht vom K\u00f6rper etwas weiter ab, jedoch erm\u00f6glicht es das rasche Ziehen des Multi-Tools. Was bedeutet das? F\u00fcr all jene, die den Victorinox Swiss Champ h\u00e4ufig im Einsatz haben und alle paar Minuten ziehen und wieder holstern m\u00fcssen, ist wahrscheinlich die G\u00fcrtelschlaufe die bessere Variante. Warum? Weil das Schweizer Armeemesser in diesem Fall leichter im Holster sitzt. Jedoch ist das ganze Geschmackssache und h\u00e4ngt von den pers\u00f6nlichen Bed\u00fcrfnissen ab. Noch ein wichtiger Punkt: bei beiden Variationen des K4 Holster f\u00fcr das f\u00fcr Victorinox Swiss Champ ist das einh\u00e4ndige Ziehen und einh\u00e4ndige Zur\u00fcckholstern des Schweizer Armeemessers m\u00f6glich. Das ist der gro\u00dfe Vorteil zu herk\u00f6mmlichen Holstern, die meistens auf Textilbasis und mit einer Klappe versehen sind.<\/p>\n<p>Dennoch sitzt das Victorinox Swiss Champ perfekt und zu 100 % sicher im Holster. Diese Innovation aus der Reini Rossmann Werkstatt in \u00d6sterreich soll allen Messer-Enthusiasten und EDC Liebhabern die M\u00f6glichkeit bieten ihr Victorinox Swiss Champ immer am K\u00f6rper zu tragen. Bitte beachte: Im Lieferumfang ist KEIN Messer enthalten!<\/p>\n<h3><strong>Passt auf:<\/strong><\/h3>\n<ul>\n<li><a href=\"https:\/\/ueberlebenskunst.at\/survivalshop\/shop\/victorinox-offiziersmesser-swisschamp-rot\/\" target=\"_blank\" rel=\"noopener\">Swiss Champ<\/a> (ArtikelNr. 1.6795)<\/li>\n<li>Cyber Tool L (ArtikelNr. 1.7775.T)<\/li>\n<\/ul>\n<h3><strong>Passt f\u00fcr: <\/strong><\/h3>\n<ul>\n<li>\u00a0G\u00fcrtel mit Breite von max. 50 mm<\/li>\n<\/ul>\n<h3><strong>Gewicht:<\/strong><\/h3>\n<ul>\n<li>K4 Holster mit G\u00fcrtelschlaufe ohne Lampe: 35 g<\/li>\n<li>K4 Holster mit G\u00fcrtelschlaufe mit Lampe: 42 g \/ 58 g<\/li>\n<li>K4 Holster mit Concealed Carry ohne Lampe: 41 g<\/li>\n<li>K4 Holster mit Concealed Carry mit Lampe: 49 g \/ 65 g<\/li>\n<\/ul>\n<h3><strong>Abmessungen:<\/strong><\/h3>\n<ul>\n<li>K4 Holster mit G\u00fcrtelschlaufe ohne Lampe: 47 x 48 x 65 mm<\/li>\n<li>K4 Holster mit G\u00fcrtelschlaufe mit Lampe: 45 x 65 x 65 mm<\/li>\n<li>K4 Holster mit Concealed Carry ohne Lampe: 46 x 65 x 72 mm<\/li>\n<li>K4 Holster mit Concealed Carry mit Lampe: 46 x 65 x 78 mm<\/li>\n<\/ul>\n<h3>Lieferumfang:<\/h3>\n<ul>\n<li>K4 Holster mit G\u00fcrtelschlaufe ohne Lampe: 1 Holster<\/li>\n<li>K4 Holster mit G\u00fcrtelschlaufe mit Lampe: 1 Holster + Lampe<\/li>\n<li>K4 Holster mit Concealed Carry ohne Lampe:\u00a0 1 Holster mit Concealed Carry<\/li>\n<li>K4 Holster mit Concealed Carry mit Lampe: 1 Holster mit Concealed Carry + Lampe<\/li>\n<li><strong>ACHTUNG: auf den Produktbildern befindet sich optionales Zubeh\u00f6r, das im Lieferumfang NICHT enthalten ist.<\/strong><\/li>\n<\/ul>\n<h3><strong>Bedienungs- &amp; Pflegeanleitung:<\/strong><\/h3>\n<ul>\n<li>Die Reinigung mit Seife und Wasser ist m\u00f6glich.<\/li>\n<li>Du solltest das Produkt nicht direkt in die N\u00e4he von Feuer oder anderen Hitzequellen legen!<\/li>\n<li>Wird es \u00fcber l\u00e4ngere Zeit sehr kalten Temperaturen unter 0 \u00b0C ausgesetzt, solltest du in dem Moment darauf achten, dass keine starken Belastungen darauf einwirken.<\/li>\n<\/ul>\n<p>Unsere Produkte sind nicht f\u00fcr Kinder unter 3 Jahren geeignet. Es besteht Verschluckungsgefahr.<\/p>\n<p><span style=\"color: #99cc00;\">Du willst das Produkt in einer anderen Farbe? Schick uns eine E-Mail an shop@ueberlebenskunst.at und wir pr\u00fcfen, ob dein Farbwunsch\u00a0m\u00f6glich\u00a0ist.<\/span><\/p>\n","protected":false},"excerpt":{"rendered":"<p>Der K4 G\u00fcrtelholster f\u00fcr das Victorinox Swiss Champ ist die ideale Erg\u00e4nzung, um dein schweizer Multi-Tool jederzeit am G\u00fcrtel zu haben und somit f\u00fcr alle Situationen maximal ger\u00fcstet zu sein. Die G\u00fcrtelscheide ist in 4 Variationen erh\u00e4ltlich und kann somit perfekt an deine Bed\u00fcrfnisse angepasst werden. Im Grunde gibt es 2 Produktauspr\u00e4gungen. Was bedeutet das [&hellip;]<\/p>\n","protected":false},"featured_media":136680,"comment_status":"open","ping_status":"closed","template":"","meta":{"_acf_changed":false},"product_brand":[],"product_cat":[1945],"product_tag":[1256,1255,1147],"class_list":{"0":"post-84596","1":"product","2":"type-product","3":"status-publish","4":"has-post-thumbnail","6":"product_cat-survivalausruestung","7":"product_tag-k4","8":"product_tag-knives4","9":"product_tag-victorinox","11":"first","12":"instock","13":"taxable","14":"shipping-taxable","15":"purchasable","16":"product-type-variable","17":"has-default-attributes"},"acf":[],"yoast_head":"<!-- This site is optimized with the Yoast SEO plugin v27.1.1 - https:\/\/yoast.com\/product\/yoast-seo-wordpress\/ -->\n<title>Knives4 G\u00fcrtelscheide f\u00fcr Victorinox Swiss Champ<\/title>\n<meta name=\"description\" content=\"Mit der passgenauen Kunststoffscheide von Knives4 hast du eine 100%ige Sicherheit, dass dein Messer fest in der Scheide steckt und gleichzeitig die M\u00f6glichkeit den Swiss Champ mit einer Hand zu entnehmen und nach der Arbeit wieder mit einer Hand zur\u00fcckzustecken!\" \/>\n<meta name=\"robots\" content=\"index, follow, max-snippet:-1, max-image-preview:large, max-video-preview:-1\" \/>\n<link rel=\"canonical\" href=\"https:\/\/ueberlebenskunst.at\/survivalshop\/shop\/knives4-scheide-fuer-swiss-champ-von-victorinox\/\" \/>\n<meta property=\"og:locale\" content=\"de_DE\" \/>\n<meta property=\"og:type\" content=\"article\" \/>\n<meta property=\"og:title\" content=\"Knives4 G\u00fcrtelscheide f\u00fcr Victorinox Swiss Champ\" \/>\n<meta property=\"og:description\" content=\"Mit der passgenauen Kunststoffscheide von Knives4 hast du eine 100%ige Sicherheit, dass dein Messer fest in der Scheide steckt und gleichzeitig die M\u00f6glichkeit den Swiss Champ mit einer Hand zu entnehmen und nach der Arbeit wieder mit einer Hand zur\u00fcckzustecken!\" \/>\n<meta property=\"og:url\" content=\"https:\/\/ueberlebenskunst.at\/survivalshop\/shop\/knives4-scheide-fuer-swiss-champ-von-victorinox\/\" \/>\n<meta property=\"og:site_name\" content=\"Reini Rossmann - Survival Shop\" \/>\n<meta property=\"article:publisher\" content=\"https:\/\/www.facebook.com\/survival24.org\/\" \/>\n<meta property=\"article:modified_time\" content=\"2026-02-26T08:55:37+00:00\" \/>\n<meta property=\"og:image\" content=\"https:\/\/ueberlebenskunst.at\/survivalshop\/wp-content\/uploads\/2022\/04\/K4_Guertelscheide_Victorinox_Swiss_Champ_Messer_Lampe_SC52_Concealed_Carry_sk.jpg\" \/>\n\t<meta property=\"og:image:width\" content=\"400\" \/>\n\t<meta property=\"og:image:height\" content=\"400\" \/>\n\t<meta property=\"og:image:type\" content=\"image\/jpeg\" \/>\n<meta name=\"twitter:card\" content=\"summary_large_image\" \/>\n<meta name=\"twitter:label1\" content=\"Gesch\u00e4tzte Lesezeit\" \/>\n\t<meta name=\"twitter:data1\" content=\"4\u00a0Minuten\" \/>\n<script type=\"application\/ld+json\" class=\"yoast-schema-graph\">{\"@context\":\"https:\/\/schema.org\",\"@graph\":[{\"@type\":\"WebPage\",\"@id\":\"https:\/\/ueberlebenskunst.at\/survivalshop\/shop\/knives4-scheide-fuer-swiss-champ-von-victorinox\/\",\"url\":\"https:\/\/ueberlebenskunst.at\/survivalshop\/shop\/knives4-scheide-fuer-swiss-champ-von-victorinox\/\",\"name\":\"Knives4 G\u00fcrtelscheide f\u00fcr Victorinox Swiss Champ\",\"isPartOf\":{\"@id\":\"https:\/\/ueberlebenskunst.at\/survivalshop\/#website\"},\"primaryImageOfPage\":{\"@id\":\"https:\/\/ueberlebenskunst.at\/survivalshop\/shop\/knives4-scheide-fuer-swiss-champ-von-victorinox\/#primaryimage\"},\"image\":{\"@id\":\"https:\/\/ueberlebenskunst.at\/survivalshop\/shop\/knives4-scheide-fuer-swiss-champ-von-victorinox\/#primaryimage\"},\"thumbnailUrl\":\"https:\/\/ueberlebenskunst.at\/survivalshop\/wp-content\/uploads\/2022\/04\/K4_Guertelscheide_Victorinox_Swiss_Champ_Messer_Lampe_SC52_Concealed_Carry_sk.jpg\",\"datePublished\":\"2022-04-04T14:30:29+00:00\",\"dateModified\":\"2026-02-26T08:55:37+00:00\",\"description\":\"Mit der passgenauen Kunststoffscheide von Knives4 hast du eine 100%ige Sicherheit, dass dein Messer fest in der Scheide steckt und gleichzeitig die M\u00f6glichkeit den Swiss Champ mit einer Hand zu entnehmen und nach der Arbeit wieder mit einer Hand zur\u00fcckzustecken!\",\"breadcrumb\":{\"@id\":\"https:\/\/ueberlebenskunst.at\/survivalshop\/shop\/knives4-scheide-fuer-swiss-champ-von-victorinox\/#breadcrumb\"},\"inLanguage\":\"de\",\"potentialAction\":[{\"@type\":\"ReadAction\",\"target\":[\"https:\/\/ueberlebenskunst.at\/survivalshop\/shop\/knives4-scheide-fuer-swiss-champ-von-victorinox\/\"]}]},{\"@type\":\"ImageObject\",\"inLanguage\":\"de\",\"@id\":\"https:\/\/ueberlebenskunst.at\/survivalshop\/shop\/knives4-scheide-fuer-swiss-champ-von-victorinox\/#primaryimage\",\"url\":\"https:\/\/ueberlebenskunst.at\/survivalshop\/wp-content\/uploads\/2022\/04\/K4_Guertelscheide_Victorinox_Swiss_Champ_Messer_Lampe_SC52_Concealed_Carry_sk.jpg\",\"contentUrl\":\"https:\/\/ueberlebenskunst.at\/survivalshop\/wp-content\/uploads\/2022\/04\/K4_Guertelscheide_Victorinox_Swiss_Champ_Messer_Lampe_SC52_Concealed_Carry_sk.jpg\",\"width\":400,\"height\":400},{\"@type\":\"BreadcrumbList\",\"@id\":\"https:\/\/ueberlebenskunst.at\/survivalshop\/shop\/knives4-scheide-fuer-swiss-champ-von-victorinox\/#breadcrumb\",\"itemListElement\":[{\"@type\":\"ListItem\",\"position\":1,\"name\":\"Startseite\",\"item\":\"https:\/\/ueberlebenskunst.at\/survivalshop\/\"},{\"@type\":\"ListItem\",\"position\":2,\"name\":\"Shop\",\"item\":\"https:\/\/ueberlebenskunst.at\/survivalshop\/shop\/\"},{\"@type\":\"ListItem\",\"position\":3,\"name\":\"Knives4 G\u00fcrtelscheide f\u00fcr Victorinox Swiss Champ\"}]},{\"@type\":\"WebSite\",\"@id\":\"https:\/\/ueberlebenskunst.at\/survivalshop\/#website\",\"url\":\"https:\/\/ueberlebenskunst.at\/survivalshop\/\",\"name\":\"Reini Rossmann - Survival Shop\",\"description\":\"Survival Shop f\u00fcr Survival, Bushcraft und Prepper\",\"potentialAction\":[{\"@type\":\"SearchAction\",\"target\":{\"@type\":\"EntryPoint\",\"urlTemplate\":\"https:\/\/ueberlebenskunst.at\/survivalshop\/?s={search_term_string}\"},\"query-input\":{\"@type\":\"PropertyValueSpecification\",\"valueRequired\":true,\"valueName\":\"search_term_string\"}}],\"inLanguage\":\"de\"}]}<\/script>\n<!-- \/ Yoast SEO plugin. -->","yoast_head_json":{"title":"Knives4 G\u00fcrtelscheide f\u00fcr Victorinox Swiss Champ","description":"Mit der passgenauen Kunststoffscheide von Knives4 hast du eine 100%ige Sicherheit, dass dein Messer fest in der Scheide steckt und gleichzeitig die M\u00f6glichkeit den Swiss Champ mit einer Hand zu entnehmen und nach der Arbeit wieder mit einer Hand zur\u00fcckzustecken!","robots":{"index":"index","follow":"follow","max-snippet":"max-snippet:-1","max-image-preview":"max-image-preview:large","max-video-preview":"max-video-preview:-1"},"canonical":"https:\/\/ueberlebenskunst.at\/survivalshop\/shop\/knives4-scheide-fuer-swiss-champ-von-victorinox\/","og_locale":"de_DE","og_type":"article","og_title":"Knives4 G\u00fcrtelscheide f\u00fcr Victorinox Swiss Champ","og_description":"Mit der passgenauen Kunststoffscheide von Knives4 hast du eine 100%ige Sicherheit, dass dein Messer fest in der Scheide steckt und gleichzeitig die M\u00f6glichkeit den Swiss Champ mit einer Hand zu entnehmen und nach der Arbeit wieder mit einer Hand zur\u00fcckzustecken!","og_url":"https:\/\/ueberlebenskunst.at\/survivalshop\/shop\/knives4-scheide-fuer-swiss-champ-von-victorinox\/","og_site_name":"Reini Rossmann - Survival Shop","article_publisher":"https:\/\/www.facebook.com\/survival24.org\/","article_modified_time":"2026-02-26T08:55:37+00:00","og_image":[{"width":400,"height":400,"url":"https:\/\/ueberlebenskunst.at\/survivalshop\/wp-content\/uploads\/2022\/04\/K4_Guertelscheide_Victorinox_Swiss_Champ_Messer_Lampe_SC52_Concealed_Carry_sk.jpg","type":"image\/jpeg"}],"twitter_card":"summary_large_image","twitter_misc":{"Gesch\u00e4tzte Lesezeit":"4\u00a0Minuten"},"schema":{"@context":"https:\/\/schema.org","@graph":[{"@type":"WebPage","@id":"https:\/\/ueberlebenskunst.at\/survivalshop\/shop\/knives4-scheide-fuer-swiss-champ-von-victorinox\/","url":"https:\/\/ueberlebenskunst.at\/survivalshop\/shop\/knives4-scheide-fuer-swiss-champ-von-victorinox\/","name":"Knives4 G\u00fcrtelscheide f\u00fcr Victorinox Swiss Champ","isPartOf":{"@id":"https:\/\/ueberlebenskunst.at\/survivalshop\/#website"},"primaryImageOfPage":{"@id":"https:\/\/ueberlebenskunst.at\/survivalshop\/shop\/knives4-scheide-fuer-swiss-champ-von-victorinox\/#primaryimage"},"image":{"@id":"https:\/\/ueberlebenskunst.at\/survivalshop\/shop\/knives4-scheide-fuer-swiss-champ-von-victorinox\/#primaryimage"},"thumbnailUrl":"https:\/\/ueberlebenskunst.at\/survivalshop\/wp-content\/uploads\/2022\/04\/K4_Guertelscheide_Victorinox_Swiss_Champ_Messer_Lampe_SC52_Concealed_Carry_sk.jpg","datePublished":"2022-04-04T14:30:29+00:00","dateModified":"2026-02-26T08:55:37+00:00","description":"Mit der passgenauen Kunststoffscheide von Knives4 hast du eine 100%ige Sicherheit, dass dein Messer fest in der Scheide steckt und gleichzeitig die M\u00f6glichkeit den Swiss Champ mit einer Hand zu entnehmen und nach der Arbeit wieder mit einer Hand zur\u00fcckzustecken!","breadcrumb":{"@id":"https:\/\/ueberlebenskunst.at\/survivalshop\/shop\/knives4-scheide-fuer-swiss-champ-von-victorinox\/#breadcrumb"},"inLanguage":"de","potentialAction":[{"@type":"ReadAction","target":["https:\/\/ueberlebenskunst.at\/survivalshop\/shop\/knives4-scheide-fuer-swiss-champ-von-victorinox\/"]}]},{"@type":"ImageObject","inLanguage":"de","@id":"https:\/\/ueberlebenskunst.at\/survivalshop\/shop\/knives4-scheide-fuer-swiss-champ-von-victorinox\/#primaryimage","url":"https:\/\/ueberlebenskunst.at\/survivalshop\/wp-content\/uploads\/2022\/04\/K4_Guertelscheide_Victorinox_Swiss_Champ_Messer_Lampe_SC52_Concealed_Carry_sk.jpg","contentUrl":"https:\/\/ueberlebenskunst.at\/survivalshop\/wp-content\/uploads\/2022\/04\/K4_Guertelscheide_Victorinox_Swiss_Champ_Messer_Lampe_SC52_Concealed_Carry_sk.jpg","width":400,"height":400},{"@type":"BreadcrumbList","@id":"https:\/\/ueberlebenskunst.at\/survivalshop\/shop\/knives4-scheide-fuer-swiss-champ-von-victorinox\/#breadcrumb","itemListElement":[{"@type":"ListItem","position":1,"name":"Startseite","item":"https:\/\/ueberlebenskunst.at\/survivalshop\/"},{"@type":"ListItem","position":2,"name":"Shop","item":"https:\/\/ueberlebenskunst.at\/survivalshop\/shop\/"},{"@type":"ListItem","position":3,"name":"Knives4 G\u00fcrtelscheide f\u00fcr Victorinox Swiss Champ"}]},{"@type":"WebSite","@id":"https:\/\/ueberlebenskunst.at\/survivalshop\/#website","url":"https:\/\/ueberlebenskunst.at\/survivalshop\/","name":"Reini Rossmann - Survival Shop","description":"Survival Shop f\u00fcr Survival, Bushcraft und Prepper","potentialAction":[{"@type":"SearchAction","target":{"@type":"EntryPoint","urlTemplate":"https:\/\/ueberlebenskunst.at\/survivalshop\/?s={search_term_string}"},"query-input":{"@type":"PropertyValueSpecification","valueRequired":true,"valueName":"search_term_string"}}],"inLanguage":"de"}]}},"_links":{"self":[{"href":"https:\/\/ueberlebenskunst.at\/survivalshop\/wp-json\/wp\/v2\/product\/84596","targetHints":{"allow":["GET"]}}],"collection":[{"href":"https:\/\/ueberlebenskunst.at\/survivalshop\/wp-json\/wp\/v2\/product"}],"about":[{"href":"https:\/\/ueberlebenskunst.at\/survivalshop\/wp-json\/wp\/v2\/types\/product"}],"replies":[{"embeddable":true,"href":"https:\/\/ueberlebenskunst.at\/survivalshop\/wp-json\/wp\/v2\/comments?post=84596"}],"wp:featuredmedia":[{"embeddable":true,"href":"https:\/\/ueberlebenskunst.at\/survivalshop\/wp-json\/wp\/v2\/media\/136680"}],"wp:attachment":[{"href":"https:\/\/ueberlebenskunst.at\/survivalshop\/wp-json\/wp\/v2\/media?parent=84596"}],"wp:term":[{"taxonomy":"product_brand","embeddable":true,"href":"https:\/\/ueberlebenskunst.at\/survivalshop\/wp-json\/wp\/v2\/product_brand?post=84596"},{"taxonomy":"product_cat","embeddable":true,"href":"https:\/\/ueberlebenskunst.at\/survivalshop\/wp-json\/wp\/v2\/product_cat?post=84596"},{"taxonomy":"product_tag","embeddable":true,"href":"https:\/\/ueberlebenskunst.at\/survivalshop\/wp-json\/wp\/v2\/product_tag?post=84596"}],"curies":[{"name":"wp","href":"https:\/\/api.w.org\/{rel}","templated":true}]}}