{"id":83785,"date":"2022-04-01T09:54:51","date_gmt":"2022-04-01T07:54:51","guid":{"rendered":"https:\/\/ueberlebenskunst.at\/survivalshop\/?post_type=product&#038;p=83785"},"modified":"2026-04-15T00:28:04","modified_gmt":"2026-04-14T22:28:04","slug":"guertelriemen","status":"publish","type":"product","link":"https:\/\/ueberlebenskunst.at\/survivalshop\/shop\/guertelriemen\/","title":{"rendered":"K4 G\u00fcrtelriemen"},"content":{"rendered":"<p>Diese G\u00fcrtelriemen passen ideal zu den Reini Rossmann Messern wie z. B. zu <a href=\"https:\/\/ueberlebenskunst.at\/survivalshop\/shop\/k4-wasp-edc-messer\/\" target=\"_blank\" rel=\"noopener\">K4 EDC Messer Wasp,<\/a> <a href=\"https:\/\/ueberlebenskunst.at\/survivalshop\/shop\/k4edc-hawk\/\" target=\"_blank\" rel=\"noopener\">Hawk<\/a>, <a href=\"https:\/\/ueberlebenskunst.at\/survivalshop\/shop\/k4edc-raptor\/\" target=\"_blank\" rel=\"noopener\">Raptor<\/a>, <a href=\"https:\/\/ueberlebenskunst.at\/survivalshop\/shop\/k4edc-stich\/\" target=\"_blank\" rel=\"noopener\">Stich, <\/a>auch zur <a href=\"https:\/\/ueberlebenskunst.at\/survivalshop\/shop\/k4-backup-messer\/\" target=\"_blank\" rel=\"noopener\">K4 Backup Serie<\/a> und zu allen anderen Messern mit Kydexscheiden.<\/p>\n<h3>2 Varianten erh\u00e4ltlich:<\/h3>\n<ul>\n<li>GR120 &#8211; mit 120 mm \u00e4u\u00dferster Lochabstand<\/li>\n<li>GR150 &#8211; mit 150 mm \u00e4u\u00dferster Lochabstand<\/li>\n<\/ul>\n<h3>Lieferumfang:<\/h3>\n<ul>\n<li>ein Riemen aus flexiblem Kunststoff<\/li>\n<li>ein St\u00fcck Buchsenschraube<\/li>\n<li>ein St\u00fcck Schraube<\/li>\n<\/ul>\n<h3>Bedienungs- &amp; Pflegeanleitung:<\/h3>\n<ul>\n<li>Die Reinigung mit Wasser und Seife ist m\u00f6glich.<\/li>\n<li>Du solltest die Steckscheide nicht direkt in die N\u00e4he von Feuer oder anderen Hitzequellen legen!<\/li>\n<li>Wird deine Steckscheide \u00fcber l\u00e4ngere Zeit sehr kalten Temperaturen unter 0 \u00b0C ausgesetzt, solltest du in dem Moment darauf achten, dass keine starken Belastungen darauf einwirken.<\/li>\n<\/ul>\n<p>Unsere Produkte sind nicht f\u00fcr Kinder unter 3 Jahren geeignet. Es besteht Verschluckungsgefahr.<br \/>\n<a href=\"https:\/\/ueberlebenskunst.at\/survivalshop\/wp-content\/uploads\/2021\/11\/Logo_Kinder.png\"><img decoding=\"async\" class=\"alignnone size-medium wp-image-179571\" src=\"https:\/\/ueberlebenskunst.at\/survivalshop\/wp-content\/uploads\/2021\/11\/Logo_Kinder-300x126.png\" alt=\"\" width=\"300\" height=\"126\" srcset=\"https:\/\/ueberlebenskunst.at\/survivalshop\/wp-content\/uploads\/2021\/11\/Logo_Kinder-300x126.png 300w, https:\/\/ueberlebenskunst.at\/survivalshop\/wp-content\/uploads\/2021\/11\/Logo_Kinder-64x27.png 64w, https:\/\/ueberlebenskunst.at\/survivalshop\/wp-content\/uploads\/2021\/11\/Logo_Kinder.png 401w\" sizes=\"(max-width: 300px) 100vw, 300px\" \/><\/a><\/p>\n<p><span style=\"color: #99cc00;\">\u00a0<\/span><\/p>\n","protected":false},"excerpt":{"rendered":"<p>Diese G\u00fcrtelriemen passen ideal zu den Reini Rossmann Messern wie z. B. zu K4 EDC Messer Wasp, Hawk, Raptor, Stich, auch zur K4 Backup Serie und zu allen anderen Messern mit Kydexscheiden. 2 Varianten erh\u00e4ltlich: GR120 &#8211; mit 120 mm \u00e4u\u00dferster Lochabstand GR150 &#8211; mit 150 mm \u00e4u\u00dferster Lochabstand Lieferumfang: ein Riemen aus flexiblem Kunststoff [&hellip;]<\/p>\n","protected":false},"featured_media":136788,"comment_status":"open","ping_status":"closed","template":"","meta":{"_acf_changed":false},"product_brand":[],"product_cat":[1949],"product_tag":[1256,1255,1258,2457],"class_list":{"0":"post-83785","1":"product","2":"type-product","3":"status-publish","4":"has-post-thumbnail","6":"product_cat-zubehoer","7":"product_tag-k4","8":"product_tag-knives4","9":"product_tag-ulticlip","10":"product_tag-wasp","12":"first","13":"instock","14":"taxable","15":"shipping-taxable","16":"purchasable","17":"product-type-variable"},"acf":[],"yoast_head":"<!-- This site is optimized with the Yoast SEO plugin v27.1.1 - https:\/\/yoast.com\/product\/yoast-seo-wordpress\/ -->\n<title>K4 G\u00fcrtelriemen<\/title>\n<meta name=\"description\" content=\"G\u00fcrtelriemen passend zu den Reini Rossmann Messern Hawk, Raptor, Stich. Aber auch alle anderen Messer mit Kydexscheiden.\" \/>\n<meta name=\"robots\" content=\"index, follow, max-snippet:-1, max-image-preview:large, max-video-preview:-1\" \/>\n<link rel=\"canonical\" href=\"https:\/\/ueberlebenskunst.at\/survivalshop\/shop\/guertelriemen\/\" \/>\n<meta property=\"og:locale\" content=\"de_DE\" \/>\n<meta property=\"og:type\" content=\"article\" \/>\n<meta property=\"og:title\" content=\"K4 G\u00fcrtelriemen\" \/>\n<meta property=\"og:description\" content=\"G\u00fcrtelriemen passend zu den Reini Rossmann Messern Hawk, Raptor, Stich. Aber auch alle anderen Messer mit Kydexscheiden.\" \/>\n<meta property=\"og:url\" content=\"https:\/\/ueberlebenskunst.at\/survivalshop\/shop\/guertelriemen\/\" \/>\n<meta property=\"og:site_name\" content=\"Reini Rossmann - Survival Shop\" \/>\n<meta property=\"article:publisher\" content=\"https:\/\/www.facebook.com\/survival24.org\/\" \/>\n<meta property=\"article:modified_time\" content=\"2026-04-14T22:28:04+00:00\" \/>\n<meta property=\"og:image\" content=\"https:\/\/ueberlebenskunst.at\/survivalshop\/wp-content\/uploads\/2022\/04\/K4_Guertelriemen_sk.jpg\" \/>\n\t<meta property=\"og:image:width\" content=\"400\" \/>\n\t<meta property=\"og:image:height\" content=\"400\" \/>\n\t<meta property=\"og:image:type\" content=\"image\/jpeg\" \/>\n<meta name=\"twitter:card\" content=\"summary_large_image\" \/>\n<meta name=\"twitter:label1\" content=\"Gesch\u00e4tzte Lesezeit\" \/>\n\t<meta name=\"twitter:data1\" content=\"2\u00a0Minuten\" \/>\n<script type=\"application\/ld+json\" class=\"yoast-schema-graph\">{\"@context\":\"https:\/\/schema.org\",\"@graph\":[{\"@type\":\"WebPage\",\"@id\":\"https:\/\/ueberlebenskunst.at\/survivalshop\/shop\/guertelriemen\/\",\"url\":\"https:\/\/ueberlebenskunst.at\/survivalshop\/shop\/guertelriemen\/\",\"name\":\"K4 G\u00fcrtelriemen\",\"isPartOf\":{\"@id\":\"https:\/\/ueberlebenskunst.at\/survivalshop\/#website\"},\"primaryImageOfPage\":{\"@id\":\"https:\/\/ueberlebenskunst.at\/survivalshop\/shop\/guertelriemen\/#primaryimage\"},\"image\":{\"@id\":\"https:\/\/ueberlebenskunst.at\/survivalshop\/shop\/guertelriemen\/#primaryimage\"},\"thumbnailUrl\":\"https:\/\/ueberlebenskunst.at\/survivalshop\/wp-content\/uploads\/2022\/04\/K4_Guertelriemen_sk.jpg\",\"datePublished\":\"2022-04-01T07:54:51+00:00\",\"dateModified\":\"2026-04-14T22:28:04+00:00\",\"description\":\"G\u00fcrtelriemen passend zu den Reini Rossmann Messern Hawk, Raptor, Stich. Aber auch alle anderen Messer mit Kydexscheiden.\",\"breadcrumb\":{\"@id\":\"https:\/\/ueberlebenskunst.at\/survivalshop\/shop\/guertelriemen\/#breadcrumb\"},\"inLanguage\":\"de\",\"potentialAction\":[{\"@type\":\"ReadAction\",\"target\":[\"https:\/\/ueberlebenskunst.at\/survivalshop\/shop\/guertelriemen\/\"]}]},{\"@type\":\"ImageObject\",\"inLanguage\":\"de\",\"@id\":\"https:\/\/ueberlebenskunst.at\/survivalshop\/shop\/guertelriemen\/#primaryimage\",\"url\":\"https:\/\/ueberlebenskunst.at\/survivalshop\/wp-content\/uploads\/2022\/04\/K4_Guertelriemen_sk.jpg\",\"contentUrl\":\"https:\/\/ueberlebenskunst.at\/survivalshop\/wp-content\/uploads\/2022\/04\/K4_Guertelriemen_sk.jpg\",\"width\":400,\"height\":400},{\"@type\":\"BreadcrumbList\",\"@id\":\"https:\/\/ueberlebenskunst.at\/survivalshop\/shop\/guertelriemen\/#breadcrumb\",\"itemListElement\":[{\"@type\":\"ListItem\",\"position\":1,\"name\":\"Startseite\",\"item\":\"https:\/\/ueberlebenskunst.at\/survivalshop\/\"},{\"@type\":\"ListItem\",\"position\":2,\"name\":\"Shop\",\"item\":\"https:\/\/ueberlebenskunst.at\/survivalshop\/shop\/\"},{\"@type\":\"ListItem\",\"position\":3,\"name\":\"K4 G\u00fcrtelriemen\"}]},{\"@type\":\"WebSite\",\"@id\":\"https:\/\/ueberlebenskunst.at\/survivalshop\/#website\",\"url\":\"https:\/\/ueberlebenskunst.at\/survivalshop\/\",\"name\":\"Reini Rossmann - Survival Shop\",\"description\":\"Survival Shop f\u00fcr Survival, Bushcraft und Prepper\",\"potentialAction\":[{\"@type\":\"SearchAction\",\"target\":{\"@type\":\"EntryPoint\",\"urlTemplate\":\"https:\/\/ueberlebenskunst.at\/survivalshop\/?s={search_term_string}\"},\"query-input\":{\"@type\":\"PropertyValueSpecification\",\"valueRequired\":true,\"valueName\":\"search_term_string\"}}],\"inLanguage\":\"de\"}]}<\/script>\n<!-- \/ Yoast SEO plugin. -->","yoast_head_json":{"title":"K4 G\u00fcrtelriemen","description":"G\u00fcrtelriemen passend zu den Reini Rossmann Messern Hawk, Raptor, Stich. Aber auch alle anderen Messer mit Kydexscheiden.","robots":{"index":"index","follow":"follow","max-snippet":"max-snippet:-1","max-image-preview":"max-image-preview:large","max-video-preview":"max-video-preview:-1"},"canonical":"https:\/\/ueberlebenskunst.at\/survivalshop\/shop\/guertelriemen\/","og_locale":"de_DE","og_type":"article","og_title":"K4 G\u00fcrtelriemen","og_description":"G\u00fcrtelriemen passend zu den Reini Rossmann Messern Hawk, Raptor, Stich. Aber auch alle anderen Messer mit Kydexscheiden.","og_url":"https:\/\/ueberlebenskunst.at\/survivalshop\/shop\/guertelriemen\/","og_site_name":"Reini Rossmann - Survival Shop","article_publisher":"https:\/\/www.facebook.com\/survival24.org\/","article_modified_time":"2026-04-14T22:28:04+00:00","og_image":[{"width":400,"height":400,"url":"https:\/\/ueberlebenskunst.at\/survivalshop\/wp-content\/uploads\/2022\/04\/K4_Guertelriemen_sk.jpg","type":"image\/jpeg"}],"twitter_card":"summary_large_image","twitter_misc":{"Gesch\u00e4tzte Lesezeit":"2\u00a0Minuten"},"schema":{"@context":"https:\/\/schema.org","@graph":[{"@type":"WebPage","@id":"https:\/\/ueberlebenskunst.at\/survivalshop\/shop\/guertelriemen\/","url":"https:\/\/ueberlebenskunst.at\/survivalshop\/shop\/guertelriemen\/","name":"K4 G\u00fcrtelriemen","isPartOf":{"@id":"https:\/\/ueberlebenskunst.at\/survivalshop\/#website"},"primaryImageOfPage":{"@id":"https:\/\/ueberlebenskunst.at\/survivalshop\/shop\/guertelriemen\/#primaryimage"},"image":{"@id":"https:\/\/ueberlebenskunst.at\/survivalshop\/shop\/guertelriemen\/#primaryimage"},"thumbnailUrl":"https:\/\/ueberlebenskunst.at\/survivalshop\/wp-content\/uploads\/2022\/04\/K4_Guertelriemen_sk.jpg","datePublished":"2022-04-01T07:54:51+00:00","dateModified":"2026-04-14T22:28:04+00:00","description":"G\u00fcrtelriemen passend zu den Reini Rossmann Messern Hawk, Raptor, Stich. Aber auch alle anderen Messer mit Kydexscheiden.","breadcrumb":{"@id":"https:\/\/ueberlebenskunst.at\/survivalshop\/shop\/guertelriemen\/#breadcrumb"},"inLanguage":"de","potentialAction":[{"@type":"ReadAction","target":["https:\/\/ueberlebenskunst.at\/survivalshop\/shop\/guertelriemen\/"]}]},{"@type":"ImageObject","inLanguage":"de","@id":"https:\/\/ueberlebenskunst.at\/survivalshop\/shop\/guertelriemen\/#primaryimage","url":"https:\/\/ueberlebenskunst.at\/survivalshop\/wp-content\/uploads\/2022\/04\/K4_Guertelriemen_sk.jpg","contentUrl":"https:\/\/ueberlebenskunst.at\/survivalshop\/wp-content\/uploads\/2022\/04\/K4_Guertelriemen_sk.jpg","width":400,"height":400},{"@type":"BreadcrumbList","@id":"https:\/\/ueberlebenskunst.at\/survivalshop\/shop\/guertelriemen\/#breadcrumb","itemListElement":[{"@type":"ListItem","position":1,"name":"Startseite","item":"https:\/\/ueberlebenskunst.at\/survivalshop\/"},{"@type":"ListItem","position":2,"name":"Shop","item":"https:\/\/ueberlebenskunst.at\/survivalshop\/shop\/"},{"@type":"ListItem","position":3,"name":"K4 G\u00fcrtelriemen"}]},{"@type":"WebSite","@id":"https:\/\/ueberlebenskunst.at\/survivalshop\/#website","url":"https:\/\/ueberlebenskunst.at\/survivalshop\/","name":"Reini Rossmann - Survival Shop","description":"Survival Shop f\u00fcr Survival, Bushcraft und Prepper","potentialAction":[{"@type":"SearchAction","target":{"@type":"EntryPoint","urlTemplate":"https:\/\/ueberlebenskunst.at\/survivalshop\/?s={search_term_string}"},"query-input":{"@type":"PropertyValueSpecification","valueRequired":true,"valueName":"search_term_string"}}],"inLanguage":"de"}]}},"_links":{"self":[{"href":"https:\/\/ueberlebenskunst.at\/survivalshop\/wp-json\/wp\/v2\/product\/83785","targetHints":{"allow":["GET"]}}],"collection":[{"href":"https:\/\/ueberlebenskunst.at\/survivalshop\/wp-json\/wp\/v2\/product"}],"about":[{"href":"https:\/\/ueberlebenskunst.at\/survivalshop\/wp-json\/wp\/v2\/types\/product"}],"replies":[{"embeddable":true,"href":"https:\/\/ueberlebenskunst.at\/survivalshop\/wp-json\/wp\/v2\/comments?post=83785"}],"wp:featuredmedia":[{"embeddable":true,"href":"https:\/\/ueberlebenskunst.at\/survivalshop\/wp-json\/wp\/v2\/media\/136788"}],"wp:attachment":[{"href":"https:\/\/ueberlebenskunst.at\/survivalshop\/wp-json\/wp\/v2\/media?parent=83785"}],"wp:term":[{"taxonomy":"product_brand","embeddable":true,"href":"https:\/\/ueberlebenskunst.at\/survivalshop\/wp-json\/wp\/v2\/product_brand?post=83785"},{"taxonomy":"product_cat","embeddable":true,"href":"https:\/\/ueberlebenskunst.at\/survivalshop\/wp-json\/wp\/v2\/product_cat?post=83785"},{"taxonomy":"product_tag","embeddable":true,"href":"https:\/\/ueberlebenskunst.at\/survivalshop\/wp-json\/wp\/v2\/product_tag?post=83785"}],"curies":[{"name":"wp","href":"https:\/\/api.w.org\/{rel}","templated":true}]}}