{"id":8020,"date":"2018-11-06T14:59:26","date_gmt":"2018-11-06T12:59:26","guid":{"rendered":"https:\/\/ueberlebenskunst.at\/survivalshop\/survivalshop\/?post_type=product&#038;p=8020"},"modified":"2024-11-14T11:58:32","modified_gmt":"2024-11-14T10:58:32","slug":"hdp-50-holster","status":"seo-produkt","type":"product","link":"https:\/\/ueberlebenskunst.at\/survivalshop\/shop\/hdp-50-holster\/","title":{"rendered":"HDP 50 Holster"},"content":{"rendered":"<p>Dieser modulare Holster HDP 50 Holster ist an die beliebte Paintball-Pistole von Umarex-Walther anpassbar. Der Universal-Holster mit innen verstellbarer Gr\u00f6\u00dfeneinstellung kann f\u00fcr Walther HDP 50 ideal angepasst und eingestellt werden. Dieser Holster ist hochwertig hergestellt und von h\u00f6chster Qualit\u00e4t.<br \/>\nAn der R\u00fcckseite ist ein MOLLE System angebracht, das f\u00fcr das Anbringen an<\/p>\n<ul>\n<li>G\u00fcrteln<\/li>\n<li>Taschen<\/li>\n<li>Rucks\u00e4cken<\/li>\n<\/ul>\n<p>vorgesehen ist.<\/p>\n<figure id=\"attachment_16128\" aria-describedby=\"caption-attachment-16128\" style=\"width: 232px\" class=\"wp-caption alignnone\"><a href=\"https:\/\/ueberlebenskunst.at\/survivalshop\/survivalshop\/wp-content\/uploads\/2018\/11\/HDP-Holster-Ru\u0308ckseite-Molle.jpg\" target=\"_blank\" rel=\"noopener noreferrer\"><img decoding=\"async\" class=\"wp-image-16128\" src=\"https:\/\/ueberlebenskunst.at\/survivalshop\/survivalshop\/wp-content\/uploads\/2018\/11\/HDP-Holster-Ru\u0308ckseite-Molle.jpg\" alt=\"HDP 50 Holster\" width=\"232\" height=\"309\" srcset=\"https:\/\/ueberlebenskunst.at\/survivalshop\/wp-content\/uploads\/2018\/11\/HDP-Holster-Ru\u0308ckseite-Molle.jpg 480w, https:\/\/ueberlebenskunst.at\/survivalshop\/wp-content\/uploads\/2018\/11\/HDP-Holster-Ru\u0308ckseite-Molle-300x400.jpg 300w, https:\/\/ueberlebenskunst.at\/survivalshop\/wp-content\/uploads\/2018\/11\/HDP-Holster-Ru\u0308ckseite-Molle-225x300.jpg 225w\" sizes=\"(max-width: 232px) 100vw, 232px\" \/><\/a><figcaption id=\"caption-attachment-16128\" class=\"wp-caption-text\">MOLLE kompatibel<\/figcaption><\/figure>\n<p>Durch die im Inneren des Holsters einstellbaren Komponenten kannst du den HDP 50 Holster aber auch echte Pistolen und \/ oder Revolver verwenden. Bis zu 5&#8243; ist alles anpassbar. Abh\u00e4ngig von der Einstellung kannst du einen Sicherheitsverschluss mit Klettverschluss anbringen, oder den HDP 50 ohne Sicherungsschlaufe verwenden.Leider ist der Holster im Moment nur als Rechtsvariante erh\u00e4ltlich. Das eingebaute MOLLE System an der R\u00fcckseite des HDP 50 Holster macht ihn f\u00fcr viele Bereiche anwendbar. G\u00fcrtel, Tasche oder Rucksack &#8211; mit dem MOLLE Schlaufen bist du unabh\u00e4ngig und passt den Holster an deine Bed\u00fcrfnisse an. Grunds\u00e4tzlich ist auch der HDR 50 in das Holster einbringbar. Jedoch ist es hier besser auf das originale <a href=\"https:\/\/ueberlebenskunst.at\/survivalshop\/shop\/hdr-50-holster-polymer-ausfuehrung\/\" target=\"_blank\" rel=\"noopener noreferrer\">HDR 50 Holster<\/a> zu setzen.<\/p>\n<h3>Technische Daten im Detail:<\/h3>\n<p>Abmessungen: 23 x 12 x 4 cm<br \/>\nGewicht: 190 g<br \/>\nFarbe: schwarz<br \/>\nMaterial CORDURA\u00ae 700<\/p>\n<p>Nat\u00fcrlich auch f\u00fcr die baugleiche NXG PS-200 Pistole geeignet!<\/p>\n","protected":false},"excerpt":{"rendered":"<p>Anpassbarer Holster f\u00fcr die Umarex-Walther HDP 50 Paintball Pistole<\/p>\n<p>&nbsp;<\/p>\n","protected":false},"featured_media":16127,"comment_status":"open","ping_status":"closed","template":"","meta":{"_acf_changed":false},"product_brand":[],"product_cat":[426],"product_tag":[436],"class_list":{"0":"post-8020","1":"product","2":"type-product","3":"status-seo-produkt","4":"has-post-thumbnail","6":"product_cat-unkategorisiert","7":"product_tag-hdr-50","9":"first","10":"outofstock","11":"taxable","12":"shipping-taxable","13":"product-type-simple"},"acf":[],"yoast_head":"<!-- This site is optimized with the Yoast SEO plugin v27.1.1 - https:\/\/yoast.com\/product\/yoast-seo-wordpress\/ -->\n<title>HDP 50 Holster mit MOLLE Funktion - Detailbeschreibung und VIDEO<\/title>\n<meta name=\"description\" content=\"HDP 50 Holster in Top-Qualit\u00e4t zu einem fairen Preis-Leistungsverh\u00e4ltnis - ink.Video und Anleitung zum Einstellen des HDP 50 Holster\" \/>\n<meta name=\"robots\" content=\"index, follow, max-snippet:-1, max-image-preview:large, max-video-preview:-1\" \/>\n<link rel=\"canonical\" href=\"https:\/\/ueberlebenskunst.at\/survivalshop\/shop\/hdp-50-holster\/\" \/>\n<meta property=\"og:locale\" content=\"de_DE\" \/>\n<meta property=\"og:type\" content=\"article\" \/>\n<meta property=\"og:title\" content=\"HDP 50 Holster mit MOLLE Funktion - Detailbeschreibung und VIDEO\" \/>\n<meta property=\"og:description\" content=\"HDP 50 Holster in Top-Qualit\u00e4t zu einem fairen Preis-Leistungsverh\u00e4ltnis - ink.Video und Anleitung zum Einstellen des HDP 50 Holster\" \/>\n<meta property=\"og:url\" content=\"https:\/\/ueberlebenskunst.at\/survivalshop\/shop\/hdp-50-holster\/\" \/>\n<meta property=\"og:site_name\" content=\"Reini Rossmann - Survival Shop\" \/>\n<meta property=\"article:publisher\" content=\"https:\/\/www.facebook.com\/survival24.org\/\" \/>\n<meta property=\"article:modified_time\" content=\"2024-11-14T10:58:32+00:00\" \/>\n<meta property=\"og:image\" content=\"https:\/\/ueberlebenskunst.at\/survivalshop\/wp-content\/uploads\/2018\/11\/HDP-50-Holster-Molle.jpg\" \/>\n\t<meta property=\"og:image:width\" content=\"480\" \/>\n\t<meta property=\"og:image:height\" content=\"640\" \/>\n\t<meta property=\"og:image:type\" content=\"image\/jpeg\" \/>\n<meta name=\"twitter:card\" content=\"summary_large_image\" \/>\n<meta name=\"twitter:label1\" content=\"Gesch\u00e4tzte Lesezeit\" \/>\n\t<meta name=\"twitter:data1\" content=\"2\u00a0Minuten\" \/>\n<script type=\"application\/ld+json\" class=\"yoast-schema-graph\">{\"@context\":\"https:\/\/schema.org\",\"@graph\":[{\"@type\":\"WebPage\",\"@id\":\"https:\/\/ueberlebenskunst.at\/survivalshop\/shop\/hdp-50-holster\/\",\"url\":\"https:\/\/ueberlebenskunst.at\/survivalshop\/shop\/hdp-50-holster\/\",\"name\":\"HDP 50 Holster mit MOLLE Funktion - Detailbeschreibung und VIDEO\",\"isPartOf\":{\"@id\":\"https:\/\/ueberlebenskunst.at\/survivalshop\/#website\"},\"primaryImageOfPage\":{\"@id\":\"https:\/\/ueberlebenskunst.at\/survivalshop\/shop\/hdp-50-holster\/#primaryimage\"},\"image\":{\"@id\":\"https:\/\/ueberlebenskunst.at\/survivalshop\/shop\/hdp-50-holster\/#primaryimage\"},\"thumbnailUrl\":\"https:\/\/ueberlebenskunst.at\/survivalshop\/wp-content\/uploads\/2018\/11\/HDP-50-Holster-Molle.jpg\",\"datePublished\":\"2018-11-06T12:59:26+00:00\",\"dateModified\":\"2024-11-14T10:58:32+00:00\",\"description\":\"HDP 50 Holster in Top-Qualit\u00e4t zu einem fairen Preis-Leistungsverh\u00e4ltnis - ink.Video und Anleitung zum Einstellen des HDP 50 Holster\",\"breadcrumb\":{\"@id\":\"https:\/\/ueberlebenskunst.at\/survivalshop\/shop\/hdp-50-holster\/#breadcrumb\"},\"inLanguage\":\"de\",\"potentialAction\":[{\"@type\":\"ReadAction\",\"target\":[\"https:\/\/ueberlebenskunst.at\/survivalshop\/shop\/hdp-50-holster\/\"]}]},{\"@type\":\"ImageObject\",\"inLanguage\":\"de\",\"@id\":\"https:\/\/ueberlebenskunst.at\/survivalshop\/shop\/hdp-50-holster\/#primaryimage\",\"url\":\"https:\/\/ueberlebenskunst.at\/survivalshop\/wp-content\/uploads\/2018\/11\/HDP-50-Holster-Molle.jpg\",\"contentUrl\":\"https:\/\/ueberlebenskunst.at\/survivalshop\/wp-content\/uploads\/2018\/11\/HDP-50-Holster-Molle.jpg\",\"width\":480,\"height\":640},{\"@type\":\"BreadcrumbList\",\"@id\":\"https:\/\/ueberlebenskunst.at\/survivalshop\/shop\/hdp-50-holster\/#breadcrumb\",\"itemListElement\":[{\"@type\":\"ListItem\",\"position\":1,\"name\":\"Startseite\",\"item\":\"https:\/\/ueberlebenskunst.at\/survivalshop\/\"},{\"@type\":\"ListItem\",\"position\":2,\"name\":\"Shop\",\"item\":\"https:\/\/ueberlebenskunst.at\/survivalshop\/shop\/\"},{\"@type\":\"ListItem\",\"position\":3,\"name\":\"HDP 50 Holster\"}]},{\"@type\":\"WebSite\",\"@id\":\"https:\/\/ueberlebenskunst.at\/survivalshop\/#website\",\"url\":\"https:\/\/ueberlebenskunst.at\/survivalshop\/\",\"name\":\"Reini Rossmann - Survival Shop\",\"description\":\"Survival Shop f\u00fcr Survival, Bushcraft und Prepper\",\"potentialAction\":[{\"@type\":\"SearchAction\",\"target\":{\"@type\":\"EntryPoint\",\"urlTemplate\":\"https:\/\/ueberlebenskunst.at\/survivalshop\/?s={search_term_string}\"},\"query-input\":{\"@type\":\"PropertyValueSpecification\",\"valueRequired\":true,\"valueName\":\"search_term_string\"}}],\"inLanguage\":\"de\"}]}<\/script>\n<!-- \/ Yoast SEO plugin. -->","yoast_head_json":{"title":"HDP 50 Holster mit MOLLE Funktion - Detailbeschreibung und VIDEO","description":"HDP 50 Holster in Top-Qualit\u00e4t zu einem fairen Preis-Leistungsverh\u00e4ltnis - ink.Video und Anleitung zum Einstellen des HDP 50 Holster","robots":{"index":"index","follow":"follow","max-snippet":"max-snippet:-1","max-image-preview":"max-image-preview:large","max-video-preview":"max-video-preview:-1"},"canonical":"https:\/\/ueberlebenskunst.at\/survivalshop\/shop\/hdp-50-holster\/","og_locale":"de_DE","og_type":"article","og_title":"HDP 50 Holster mit MOLLE Funktion - Detailbeschreibung und VIDEO","og_description":"HDP 50 Holster in Top-Qualit\u00e4t zu einem fairen Preis-Leistungsverh\u00e4ltnis - ink.Video und Anleitung zum Einstellen des HDP 50 Holster","og_url":"https:\/\/ueberlebenskunst.at\/survivalshop\/shop\/hdp-50-holster\/","og_site_name":"Reini Rossmann - Survival Shop","article_publisher":"https:\/\/www.facebook.com\/survival24.org\/","article_modified_time":"2024-11-14T10:58:32+00:00","og_image":[{"width":480,"height":640,"url":"https:\/\/ueberlebenskunst.at\/survivalshop\/wp-content\/uploads\/2018\/11\/HDP-50-Holster-Molle.jpg","type":"image\/jpeg"}],"twitter_card":"summary_large_image","twitter_misc":{"Gesch\u00e4tzte Lesezeit":"2\u00a0Minuten"},"schema":{"@context":"https:\/\/schema.org","@graph":[{"@type":"WebPage","@id":"https:\/\/ueberlebenskunst.at\/survivalshop\/shop\/hdp-50-holster\/","url":"https:\/\/ueberlebenskunst.at\/survivalshop\/shop\/hdp-50-holster\/","name":"HDP 50 Holster mit MOLLE Funktion - Detailbeschreibung und VIDEO","isPartOf":{"@id":"https:\/\/ueberlebenskunst.at\/survivalshop\/#website"},"primaryImageOfPage":{"@id":"https:\/\/ueberlebenskunst.at\/survivalshop\/shop\/hdp-50-holster\/#primaryimage"},"image":{"@id":"https:\/\/ueberlebenskunst.at\/survivalshop\/shop\/hdp-50-holster\/#primaryimage"},"thumbnailUrl":"https:\/\/ueberlebenskunst.at\/survivalshop\/wp-content\/uploads\/2018\/11\/HDP-50-Holster-Molle.jpg","datePublished":"2018-11-06T12:59:26+00:00","dateModified":"2024-11-14T10:58:32+00:00","description":"HDP 50 Holster in Top-Qualit\u00e4t zu einem fairen Preis-Leistungsverh\u00e4ltnis - ink.Video und Anleitung zum Einstellen des HDP 50 Holster","breadcrumb":{"@id":"https:\/\/ueberlebenskunst.at\/survivalshop\/shop\/hdp-50-holster\/#breadcrumb"},"inLanguage":"de","potentialAction":[{"@type":"ReadAction","target":["https:\/\/ueberlebenskunst.at\/survivalshop\/shop\/hdp-50-holster\/"]}]},{"@type":"ImageObject","inLanguage":"de","@id":"https:\/\/ueberlebenskunst.at\/survivalshop\/shop\/hdp-50-holster\/#primaryimage","url":"https:\/\/ueberlebenskunst.at\/survivalshop\/wp-content\/uploads\/2018\/11\/HDP-50-Holster-Molle.jpg","contentUrl":"https:\/\/ueberlebenskunst.at\/survivalshop\/wp-content\/uploads\/2018\/11\/HDP-50-Holster-Molle.jpg","width":480,"height":640},{"@type":"BreadcrumbList","@id":"https:\/\/ueberlebenskunst.at\/survivalshop\/shop\/hdp-50-holster\/#breadcrumb","itemListElement":[{"@type":"ListItem","position":1,"name":"Startseite","item":"https:\/\/ueberlebenskunst.at\/survivalshop\/"},{"@type":"ListItem","position":2,"name":"Shop","item":"https:\/\/ueberlebenskunst.at\/survivalshop\/shop\/"},{"@type":"ListItem","position":3,"name":"HDP 50 Holster"}]},{"@type":"WebSite","@id":"https:\/\/ueberlebenskunst.at\/survivalshop\/#website","url":"https:\/\/ueberlebenskunst.at\/survivalshop\/","name":"Reini Rossmann - Survival Shop","description":"Survival Shop f\u00fcr Survival, Bushcraft und Prepper","potentialAction":[{"@type":"SearchAction","target":{"@type":"EntryPoint","urlTemplate":"https:\/\/ueberlebenskunst.at\/survivalshop\/?s={search_term_string}"},"query-input":{"@type":"PropertyValueSpecification","valueRequired":true,"valueName":"search_term_string"}}],"inLanguage":"de"}]}},"_links":{"self":[{"href":"https:\/\/ueberlebenskunst.at\/survivalshop\/wp-json\/wp\/v2\/product\/8020","targetHints":{"allow":["GET"]}}],"collection":[{"href":"https:\/\/ueberlebenskunst.at\/survivalshop\/wp-json\/wp\/v2\/product"}],"about":[{"href":"https:\/\/ueberlebenskunst.at\/survivalshop\/wp-json\/wp\/v2\/types\/product"}],"replies":[{"embeddable":true,"href":"https:\/\/ueberlebenskunst.at\/survivalshop\/wp-json\/wp\/v2\/comments?post=8020"}],"wp:featuredmedia":[{"embeddable":true,"href":"https:\/\/ueberlebenskunst.at\/survivalshop\/wp-json\/wp\/v2\/media\/16127"}],"wp:attachment":[{"href":"https:\/\/ueberlebenskunst.at\/survivalshop\/wp-json\/wp\/v2\/media?parent=8020"}],"wp:term":[{"taxonomy":"product_brand","embeddable":true,"href":"https:\/\/ueberlebenskunst.at\/survivalshop\/wp-json\/wp\/v2\/product_brand?post=8020"},{"taxonomy":"product_cat","embeddable":true,"href":"https:\/\/ueberlebenskunst.at\/survivalshop\/wp-json\/wp\/v2\/product_cat?post=8020"},{"taxonomy":"product_tag","embeddable":true,"href":"https:\/\/ueberlebenskunst.at\/survivalshop\/wp-json\/wp\/v2\/product_tag?post=8020"}],"curies":[{"name":"wp","href":"https:\/\/api.w.org\/{rel}","templated":true}]}}