{"id":78816,"date":"2022-03-11T12:50:04","date_gmt":"2022-03-11T11:50:04","guid":{"rendered":"https:\/\/ueberlebenskunst.at\/survivalshop\/?post_type=product&#038;p=78816"},"modified":"2026-04-10T08:10:46","modified_gmt":"2026-04-10T06:10:46","slug":"wasserfilter-aufsatz-fuer-transport-und-reinigung","status":"publish","type":"product","link":"https:\/\/ueberlebenskunst.at\/survivalshop\/shop\/wasserfilter-aufsatz-fuer-transport-und-reinigung\/","title":{"rendered":"Wasserfilter Aufsatz f\u00fcr Transport und Reinigung"},"content":{"rendered":"<p>Verbessert die M\u00f6glichkeit der Reinigung und verl\u00e4ngert somit die Lebensdauer des Wasserfilters nachhaltig!<br \/>\nAufschraubbarer Wasserfilter Aufsatz passend f\u00fcr <a href=\"https:\/\/ueberlebenskunst.at\/survivalshop\/shop\/sawyer-mini\/\" target=\"_blank\" rel=\"noopener\">Sawyer,<\/a> Lixada und andere auf PET-Flaschen normierte Filtersysteme.<\/p>\n<p>Produziert in \u00d6sterreich (direkt aus der Reini Rossmann Werkstatt) aus polymerverst\u00e4rktem Kunststoff.<\/p>\n<h3>Erh\u00e4ltlich in diesen Farben:<\/h3>\n<ul>\n<li>Schwarz<\/li>\n<li>Orange<\/li>\n<li>Glow in the Dark<\/li>\n<li>Wei\u00df<\/li>\n<\/ul>\n<h3>Funktionen:<\/h3>\n<ol>\n<li>M\u00f6glichkeit der besseren Reinigung des Filters.<\/li>\n<li>Transport an Au\u00dfenseite von Rucksack oder Tasche m\u00f6glich.<\/li>\n<li>Rollschutz.<\/li>\n<\/ol>\n<h3>Lieferumfang:<\/h3>\n<ul>\n<li>1 St\u00fcck Filteraufsatz f\u00fcr Sawyer und andere PET-kompatiblen Wasserfilter (Made in Austria)<\/li>\n<li>1 St\u00fcck Karabiner<\/li>\n<li>1 St\u00fcck Reepschnur<\/li>\n<li>Der abgebildete Filter ist NICHT Teil des Lieferumfangs.<\/li>\n<li><strong>ACHTUNG: auf den Produktbildern befindet sich optionales Zubeh\u00f6r, das im Lieferumfang NICHT enthalten ist.<\/strong><\/li>\n<\/ul>\n<p>Unsere Produkte sind nicht f\u00fcr Kinder unter 3 Jahren geeignet. Es besteht Verschluckungsgefahr.<\/p>\n<p><a href=\"https:\/\/ueberlebenskunst.at\/survivalshop\/wp-content\/uploads\/2021\/11\/Logo_Kinder.png\"><img decoding=\"async\" class=\"alignnone wp-image-179571\" src=\"https:\/\/ueberlebenskunst.at\/survivalshop\/wp-content\/uploads\/2021\/11\/Logo_Kinder-300x126.png\" alt=\"\" width=\"191\" height=\"80\" srcset=\"https:\/\/ueberlebenskunst.at\/survivalshop\/wp-content\/uploads\/2021\/11\/Logo_Kinder-300x126.png 300w, https:\/\/ueberlebenskunst.at\/survivalshop\/wp-content\/uploads\/2021\/11\/Logo_Kinder-64x27.png 64w, https:\/\/ueberlebenskunst.at\/survivalshop\/wp-content\/uploads\/2021\/11\/Logo_Kinder.png 401w\" sizes=\"(max-width: 191px) 100vw, 191px\" \/><\/a><\/p>\n","protected":false},"excerpt":{"rendered":"<p>Verbessert die M\u00f6glichkeit der Reinigung und verl\u00e4ngert somit die Lebensdauer des Wasserfilters nachhaltig! Aufschraubbarer Wasserfilter Aufsatz passend f\u00fcr Sawyer, Lixada und andere auf PET-Flaschen normierte Filtersysteme. Produziert in \u00d6sterreich (direkt aus der Reini Rossmann Werkstatt) aus polymerverst\u00e4rktem Kunststoff. Erh\u00e4ltlich in diesen Farben: Schwarz Orange Glow in the Dark Wei\u00df Funktionen: M\u00f6glichkeit der besseren Reinigung des [&hellip;]<\/p>\n","protected":false},"featured_media":135259,"comment_status":"open","ping_status":"closed","template":"","meta":{"_acf_changed":false},"product_brand":[],"product_cat":[1101,1945],"product_tag":[2135,1237,1236],"class_list":{"0":"post-78816","1":"product","2":"type-product","3":"status-publish","4":"has-post-thumbnail","6":"product_cat-ausruestung","7":"product_cat-survivalausruestung","8":"product_tag-glow-in-the-dark","9":"product_tag-sawyer","10":"product_tag-wasserfilter","11":"pa_farbe-glow-in-the-dark","12":"pa_farbe-orange","13":"pa_farbe-schwarz","14":"pa_farbe-weiss","16":"first","17":"instock","18":"taxable","19":"shipping-taxable","20":"purchasable","21":"product-type-variable","22":"has-default-attributes"},"acf":[],"yoast_head":"<!-- This site is optimized with the Yoast SEO plugin v27.1.1 - https:\/\/yoast.com\/product\/yoast-seo-wordpress\/ -->\n<title>Wasserfilter Aufsatz f\u00fcr Transport und Reinigung<\/title>\n<meta name=\"description\" content=\"Verbessert die M\u00f6glichkeit der Reinigung und verl\u00e4ngert somit die Lebensdauer des Wasserfilters nachhaltig!\" \/>\n<meta name=\"robots\" content=\"index, follow, max-snippet:-1, max-image-preview:large, max-video-preview:-1\" \/>\n<link rel=\"canonical\" href=\"https:\/\/ueberlebenskunst.at\/survivalshop\/shop\/wasserfilter-aufsatz-fuer-transport-und-reinigung\/\" \/>\n<meta property=\"og:locale\" content=\"de_DE\" \/>\n<meta property=\"og:type\" content=\"article\" \/>\n<meta property=\"og:title\" content=\"Wasserfilter Aufsatz f\u00fcr Transport und Reinigung\" \/>\n<meta property=\"og:description\" content=\"Verbessert die M\u00f6glichkeit der Reinigung und verl\u00e4ngert somit die Lebensdauer des Wasserfilters nachhaltig!\" \/>\n<meta property=\"og:url\" content=\"https:\/\/ueberlebenskunst.at\/survivalshop\/shop\/wasserfilter-aufsatz-fuer-transport-und-reinigung\/\" \/>\n<meta property=\"og:site_name\" content=\"Reini Rossmann - Survival Shop\" \/>\n<meta property=\"article:publisher\" content=\"https:\/\/www.facebook.com\/survival24.org\/\" \/>\n<meta property=\"article:modified_time\" content=\"2026-04-10T06:10:46+00:00\" \/>\n<meta property=\"og:image\" content=\"https:\/\/ueberlebenskunst.at\/survivalshop\/wp-content\/uploads\/2022\/03\/Wasserfilter_Aufsatz_Sawyer_Dual-Threaded_Mini-Plus_schraeg_.jpg\" \/>\n\t<meta property=\"og:image:width\" content=\"400\" \/>\n\t<meta property=\"og:image:height\" content=\"400\" \/>\n\t<meta property=\"og:image:type\" content=\"image\/jpeg\" \/>\n<meta name=\"twitter:card\" content=\"summary_large_image\" \/>\n<meta name=\"twitter:label1\" content=\"Gesch\u00e4tzte Lesezeit\" \/>\n\t<meta name=\"twitter:data1\" content=\"2\u00a0Minuten\" \/>\n<script type=\"application\/ld+json\" class=\"yoast-schema-graph\">{\"@context\":\"https:\/\/schema.org\",\"@graph\":[{\"@type\":\"WebPage\",\"@id\":\"https:\/\/ueberlebenskunst.at\/survivalshop\/shop\/wasserfilter-aufsatz-fuer-transport-und-reinigung\/\",\"url\":\"https:\/\/ueberlebenskunst.at\/survivalshop\/shop\/wasserfilter-aufsatz-fuer-transport-und-reinigung\/\",\"name\":\"Wasserfilter Aufsatz f\u00fcr Transport und Reinigung\",\"isPartOf\":{\"@id\":\"https:\/\/ueberlebenskunst.at\/survivalshop\/#website\"},\"primaryImageOfPage\":{\"@id\":\"https:\/\/ueberlebenskunst.at\/survivalshop\/shop\/wasserfilter-aufsatz-fuer-transport-und-reinigung\/#primaryimage\"},\"image\":{\"@id\":\"https:\/\/ueberlebenskunst.at\/survivalshop\/shop\/wasserfilter-aufsatz-fuer-transport-und-reinigung\/#primaryimage\"},\"thumbnailUrl\":\"https:\/\/ueberlebenskunst.at\/survivalshop\/wp-content\/uploads\/2022\/03\/Wasserfilter_Aufsatz_Sawyer_Dual-Threaded_Mini-Plus_schraeg_.jpg\",\"datePublished\":\"2022-03-11T11:50:04+00:00\",\"dateModified\":\"2026-04-10T06:10:46+00:00\",\"description\":\"Verbessert die M\u00f6glichkeit der Reinigung und verl\u00e4ngert somit die Lebensdauer des Wasserfilters nachhaltig!\",\"breadcrumb\":{\"@id\":\"https:\/\/ueberlebenskunst.at\/survivalshop\/shop\/wasserfilter-aufsatz-fuer-transport-und-reinigung\/#breadcrumb\"},\"inLanguage\":\"de\",\"potentialAction\":[{\"@type\":\"ReadAction\",\"target\":[\"https:\/\/ueberlebenskunst.at\/survivalshop\/shop\/wasserfilter-aufsatz-fuer-transport-und-reinigung\/\"]}]},{\"@type\":\"ImageObject\",\"inLanguage\":\"de\",\"@id\":\"https:\/\/ueberlebenskunst.at\/survivalshop\/shop\/wasserfilter-aufsatz-fuer-transport-und-reinigung\/#primaryimage\",\"url\":\"https:\/\/ueberlebenskunst.at\/survivalshop\/wp-content\/uploads\/2022\/03\/Wasserfilter_Aufsatz_Sawyer_Dual-Threaded_Mini-Plus_schraeg_.jpg\",\"contentUrl\":\"https:\/\/ueberlebenskunst.at\/survivalshop\/wp-content\/uploads\/2022\/03\/Wasserfilter_Aufsatz_Sawyer_Dual-Threaded_Mini-Plus_schraeg_.jpg\",\"width\":400,\"height\":400},{\"@type\":\"BreadcrumbList\",\"@id\":\"https:\/\/ueberlebenskunst.at\/survivalshop\/shop\/wasserfilter-aufsatz-fuer-transport-und-reinigung\/#breadcrumb\",\"itemListElement\":[{\"@type\":\"ListItem\",\"position\":1,\"name\":\"Startseite\",\"item\":\"https:\/\/ueberlebenskunst.at\/survivalshop\/\"},{\"@type\":\"ListItem\",\"position\":2,\"name\":\"Shop\",\"item\":\"https:\/\/ueberlebenskunst.at\/survivalshop\/shop\/\"},{\"@type\":\"ListItem\",\"position\":3,\"name\":\"Wasserfilter Aufsatz f\u00fcr Transport und Reinigung\"}]},{\"@type\":\"WebSite\",\"@id\":\"https:\/\/ueberlebenskunst.at\/survivalshop\/#website\",\"url\":\"https:\/\/ueberlebenskunst.at\/survivalshop\/\",\"name\":\"Reini Rossmann - Survival Shop\",\"description\":\"Survival Shop f\u00fcr Survival, Bushcraft und Prepper\",\"potentialAction\":[{\"@type\":\"SearchAction\",\"target\":{\"@type\":\"EntryPoint\",\"urlTemplate\":\"https:\/\/ueberlebenskunst.at\/survivalshop\/?s={search_term_string}\"},\"query-input\":{\"@type\":\"PropertyValueSpecification\",\"valueRequired\":true,\"valueName\":\"search_term_string\"}}],\"inLanguage\":\"de\"}]}<\/script>\n<!-- \/ Yoast SEO plugin. -->","yoast_head_json":{"title":"Wasserfilter Aufsatz f\u00fcr Transport und Reinigung","description":"Verbessert die M\u00f6glichkeit der Reinigung und verl\u00e4ngert somit die Lebensdauer des Wasserfilters nachhaltig!","robots":{"index":"index","follow":"follow","max-snippet":"max-snippet:-1","max-image-preview":"max-image-preview:large","max-video-preview":"max-video-preview:-1"},"canonical":"https:\/\/ueberlebenskunst.at\/survivalshop\/shop\/wasserfilter-aufsatz-fuer-transport-und-reinigung\/","og_locale":"de_DE","og_type":"article","og_title":"Wasserfilter Aufsatz f\u00fcr Transport und Reinigung","og_description":"Verbessert die M\u00f6glichkeit der Reinigung und verl\u00e4ngert somit die Lebensdauer des Wasserfilters nachhaltig!","og_url":"https:\/\/ueberlebenskunst.at\/survivalshop\/shop\/wasserfilter-aufsatz-fuer-transport-und-reinigung\/","og_site_name":"Reini Rossmann - Survival Shop","article_publisher":"https:\/\/www.facebook.com\/survival24.org\/","article_modified_time":"2026-04-10T06:10:46+00:00","og_image":[{"width":400,"height":400,"url":"https:\/\/ueberlebenskunst.at\/survivalshop\/wp-content\/uploads\/2022\/03\/Wasserfilter_Aufsatz_Sawyer_Dual-Threaded_Mini-Plus_schraeg_.jpg","type":"image\/jpeg"}],"twitter_card":"summary_large_image","twitter_misc":{"Gesch\u00e4tzte Lesezeit":"2\u00a0Minuten"},"schema":{"@context":"https:\/\/schema.org","@graph":[{"@type":"WebPage","@id":"https:\/\/ueberlebenskunst.at\/survivalshop\/shop\/wasserfilter-aufsatz-fuer-transport-und-reinigung\/","url":"https:\/\/ueberlebenskunst.at\/survivalshop\/shop\/wasserfilter-aufsatz-fuer-transport-und-reinigung\/","name":"Wasserfilter Aufsatz f\u00fcr Transport und Reinigung","isPartOf":{"@id":"https:\/\/ueberlebenskunst.at\/survivalshop\/#website"},"primaryImageOfPage":{"@id":"https:\/\/ueberlebenskunst.at\/survivalshop\/shop\/wasserfilter-aufsatz-fuer-transport-und-reinigung\/#primaryimage"},"image":{"@id":"https:\/\/ueberlebenskunst.at\/survivalshop\/shop\/wasserfilter-aufsatz-fuer-transport-und-reinigung\/#primaryimage"},"thumbnailUrl":"https:\/\/ueberlebenskunst.at\/survivalshop\/wp-content\/uploads\/2022\/03\/Wasserfilter_Aufsatz_Sawyer_Dual-Threaded_Mini-Plus_schraeg_.jpg","datePublished":"2022-03-11T11:50:04+00:00","dateModified":"2026-04-10T06:10:46+00:00","description":"Verbessert die M\u00f6glichkeit der Reinigung und verl\u00e4ngert somit die Lebensdauer des Wasserfilters nachhaltig!","breadcrumb":{"@id":"https:\/\/ueberlebenskunst.at\/survivalshop\/shop\/wasserfilter-aufsatz-fuer-transport-und-reinigung\/#breadcrumb"},"inLanguage":"de","potentialAction":[{"@type":"ReadAction","target":["https:\/\/ueberlebenskunst.at\/survivalshop\/shop\/wasserfilter-aufsatz-fuer-transport-und-reinigung\/"]}]},{"@type":"ImageObject","inLanguage":"de","@id":"https:\/\/ueberlebenskunst.at\/survivalshop\/shop\/wasserfilter-aufsatz-fuer-transport-und-reinigung\/#primaryimage","url":"https:\/\/ueberlebenskunst.at\/survivalshop\/wp-content\/uploads\/2022\/03\/Wasserfilter_Aufsatz_Sawyer_Dual-Threaded_Mini-Plus_schraeg_.jpg","contentUrl":"https:\/\/ueberlebenskunst.at\/survivalshop\/wp-content\/uploads\/2022\/03\/Wasserfilter_Aufsatz_Sawyer_Dual-Threaded_Mini-Plus_schraeg_.jpg","width":400,"height":400},{"@type":"BreadcrumbList","@id":"https:\/\/ueberlebenskunst.at\/survivalshop\/shop\/wasserfilter-aufsatz-fuer-transport-und-reinigung\/#breadcrumb","itemListElement":[{"@type":"ListItem","position":1,"name":"Startseite","item":"https:\/\/ueberlebenskunst.at\/survivalshop\/"},{"@type":"ListItem","position":2,"name":"Shop","item":"https:\/\/ueberlebenskunst.at\/survivalshop\/shop\/"},{"@type":"ListItem","position":3,"name":"Wasserfilter Aufsatz f\u00fcr Transport und Reinigung"}]},{"@type":"WebSite","@id":"https:\/\/ueberlebenskunst.at\/survivalshop\/#website","url":"https:\/\/ueberlebenskunst.at\/survivalshop\/","name":"Reini Rossmann - Survival Shop","description":"Survival Shop f\u00fcr Survival, Bushcraft und Prepper","potentialAction":[{"@type":"SearchAction","target":{"@type":"EntryPoint","urlTemplate":"https:\/\/ueberlebenskunst.at\/survivalshop\/?s={search_term_string}"},"query-input":{"@type":"PropertyValueSpecification","valueRequired":true,"valueName":"search_term_string"}}],"inLanguage":"de"}]}},"_links":{"self":[{"href":"https:\/\/ueberlebenskunst.at\/survivalshop\/wp-json\/wp\/v2\/product\/78816","targetHints":{"allow":["GET"]}}],"collection":[{"href":"https:\/\/ueberlebenskunst.at\/survivalshop\/wp-json\/wp\/v2\/product"}],"about":[{"href":"https:\/\/ueberlebenskunst.at\/survivalshop\/wp-json\/wp\/v2\/types\/product"}],"replies":[{"embeddable":true,"href":"https:\/\/ueberlebenskunst.at\/survivalshop\/wp-json\/wp\/v2\/comments?post=78816"}],"wp:featuredmedia":[{"embeddable":true,"href":"https:\/\/ueberlebenskunst.at\/survivalshop\/wp-json\/wp\/v2\/media\/135259"}],"wp:attachment":[{"href":"https:\/\/ueberlebenskunst.at\/survivalshop\/wp-json\/wp\/v2\/media?parent=78816"}],"wp:term":[{"taxonomy":"product_brand","embeddable":true,"href":"https:\/\/ueberlebenskunst.at\/survivalshop\/wp-json\/wp\/v2\/product_brand?post=78816"},{"taxonomy":"product_cat","embeddable":true,"href":"https:\/\/ueberlebenskunst.at\/survivalshop\/wp-json\/wp\/v2\/product_cat?post=78816"},{"taxonomy":"product_tag","embeddable":true,"href":"https:\/\/ueberlebenskunst.at\/survivalshop\/wp-json\/wp\/v2\/product_tag?post=78816"}],"curies":[{"name":"wp","href":"https:\/\/api.w.org\/{rel}","templated":true}]}}