{"id":77658,"date":"2022-03-08T08:00:47","date_gmt":"2022-03-08T07:00:47","guid":{"rendered":"https:\/\/ueberlebenskunst.at\/survivalshop\/?post_type=product&#038;p=77658"},"modified":"2024-03-20T17:12:05","modified_gmt":"2024-03-20T16:12:05","slug":"tt-shoulder-bag","status":"seo-produkt","type":"product","link":"https:\/\/ueberlebenskunst.at\/survivalshop\/shop\/tt-shoulder-bag\/","title":{"rendered":"TT Shoulder Bag"},"content":{"rendered":"<p>Komprimierbare Schultertasche mit zwei abschlie\u00dfbaren Hauptf\u00e4chern.<\/p>\n<p>Die TT Shoulder Bag besitzt zwei Hauptf\u00e4cher, eines davon gepolstert, sowie eine flache Rei\u00dfverschluss-Fronttasche.<\/p>\n<p>In beiden Hauptf\u00e4chern befinden sich MOLLE-Klettfl\u00e4chen zur individuellen Best\u00fcckung. Mithilfe der au\u00dfen angebrachten Schnallen kann die Tasche komprimiert werden.<\/p>\n<p>In 3 Farben erh\u00e4ltlich:<\/p>\n<ul>\n<li>titan grey<\/li>\n<li>black<\/li>\n<li>oliv<\/li>\n<\/ul>\n<h3><strong>Produktdaten:<\/strong><\/h3>\n<ul>\n<li>Abnehmbares, auf der Unterseite gummiertes Schulterpolster<\/li>\n<li>Abnehmbarer, l\u00e4ngenverstellbarer Tragegurt mit Schulterpolster<\/li>\n<li>Verschiedene Trageoptionen durch variable Fixierung des Schultergurts<\/li>\n<li>Kompressionsriemen<\/li>\n<li>Stabiler, verst\u00e4rkter Handgriff<\/li>\n<li>Abschlie\u00dfbare Rei\u00dfverschlussschieber<\/li>\n<li>Zwei Hauptf\u00e4cher<\/li>\n<li>Hinteres Hauptfach rundum gepolstert<\/li>\n<li>Boden aus robustem CORDURA\u00ae-Material<\/li>\n<li>Rei\u00dfverschluss-Fronttasche zum Verstauen von Zusatzausr\u00fcstung und Dokumenten<\/li>\n<li>Passend f\u00fcr TT Modular Laptop Case (Artikel 7802)<\/li>\n<li>Passend f\u00fcr TT Weapon Fixation Set VL (Artikel 7357)<\/li>\n<li>Gro\u00dfe Klett- und MOLLE-Klettfl\u00e4chen innen<\/li>\n<li>Abnehmbares, einreihiges Lasercut MOLLE-Panel auf dem Schultertr\u00e4ger<\/li>\n<li>Konstruiert f\u00fcr eine MP7 Waffe oder \u00e4hnliche<\/li>\n<li>Abmessungen: 31 x 43 x 13 cm<\/li>\n<li>Volumen: 20 l<\/li>\n<li>Gewicht: 1,02 kg<\/li>\n<li>Material: T-Square Rip FD, CORDURA\u00ae 700 den<\/li>\n<\/ul>\n","protected":false},"excerpt":{"rendered":"<p>Umh\u00e4ngetasche<\/p>\n","protected":false},"featured_media":77664,"comment_status":"open","ping_status":"closed","template":"","meta":{"_acf_changed":false},"product_brand":[],"product_cat":[1101],"product_tag":[2166,199,838],"class_list":{"0":"post-77658","1":"product","2":"type-product","3":"status-seo-produkt","4":"has-post-thumbnail","6":"product_cat-ausruestung","7":"product_tag-ttaktion","8":"product_tag-tasmanian-tiger","9":"product_tag-umhaengetasche","10":"pa_farbe-black","11":"pa_farbe-oliv","12":"pa_farbe-titan-grey","14":"first","15":"outofstock","16":"taxable","17":"shipping-taxable","18":"product-type-variable","19":"has-default-attributes"},"acf":[],"yoast_head":"<!-- This site is optimized with the Yoast SEO plugin v27.1.1 - https:\/\/yoast.com\/product\/yoast-seo-wordpress\/ -->\n<title>TT Shoulder Bag<\/title>\n<meta name=\"description\" content=\"Komprimierbare Schultertasche mit zwei abschlie\u00dfbaren Hauptf\u00e4chern. Sie besitzt zwei Hauptf\u00e4cher, eines davon gepolstert, sowie eine flache Rei\u00dfverschluss-Fronttasche.\" \/>\n<meta name=\"robots\" content=\"index, follow, max-snippet:-1, max-image-preview:large, max-video-preview:-1\" \/>\n<link rel=\"canonical\" href=\"https:\/\/ueberlebenskunst.at\/survivalshop\/shop\/tt-shoulder-bag\/\" \/>\n<meta property=\"og:locale\" content=\"de_DE\" \/>\n<meta property=\"og:type\" content=\"article\" \/>\n<meta property=\"og:title\" content=\"TT Shoulder Bag\" \/>\n<meta property=\"og:description\" content=\"Komprimierbare Schultertasche mit zwei abschlie\u00dfbaren Hauptf\u00e4chern. Sie besitzt zwei Hauptf\u00e4cher, eines davon gepolstert, sowie eine flache Rei\u00dfverschluss-Fronttasche.\" \/>\n<meta property=\"og:url\" content=\"https:\/\/ueberlebenskunst.at\/survivalshop\/shop\/tt-shoulder-bag\/\" \/>\n<meta property=\"og:site_name\" content=\"Reini Rossmann - Survival Shop\" \/>\n<meta property=\"article:publisher\" content=\"https:\/\/www.facebook.com\/survival24.org\/\" \/>\n<meta property=\"article:modified_time\" content=\"2024-03-20T16:12:05+00:00\" \/>\n<meta property=\"og:image\" content=\"https:\/\/ueberlebenskunst.at\/survivalshop\/wp-content\/uploads\/2022\/03\/TT-ShoulderBag_7355.jpg\" \/>\n\t<meta property=\"og:image:width\" content=\"310\" \/>\n\t<meta property=\"og:image:height\" content=\"450\" \/>\n\t<meta property=\"og:image:type\" content=\"image\/jpeg\" \/>\n<meta name=\"twitter:card\" content=\"summary_large_image\" \/>\n<meta name=\"twitter:label1\" content=\"Gesch\u00e4tzte Lesezeit\" \/>\n\t<meta name=\"twitter:data1\" content=\"2\u00a0Minuten\" \/>\n<script type=\"application\/ld+json\" class=\"yoast-schema-graph\">{\"@context\":\"https:\/\/schema.org\",\"@graph\":[{\"@type\":\"WebPage\",\"@id\":\"https:\/\/ueberlebenskunst.at\/survivalshop\/shop\/tt-shoulder-bag\/\",\"url\":\"https:\/\/ueberlebenskunst.at\/survivalshop\/shop\/tt-shoulder-bag\/\",\"name\":\"TT Shoulder Bag\",\"isPartOf\":{\"@id\":\"https:\/\/ueberlebenskunst.at\/survivalshop\/#website\"},\"primaryImageOfPage\":{\"@id\":\"https:\/\/ueberlebenskunst.at\/survivalshop\/shop\/tt-shoulder-bag\/#primaryimage\"},\"image\":{\"@id\":\"https:\/\/ueberlebenskunst.at\/survivalshop\/shop\/tt-shoulder-bag\/#primaryimage\"},\"thumbnailUrl\":\"https:\/\/ueberlebenskunst.at\/survivalshop\/wp-content\/uploads\/2022\/03\/TT-ShoulderBag_7355.jpg\",\"datePublished\":\"2022-03-08T07:00:47+00:00\",\"dateModified\":\"2024-03-20T16:12:05+00:00\",\"description\":\"Komprimierbare Schultertasche mit zwei abschlie\u00dfbaren Hauptf\u00e4chern. Sie besitzt zwei Hauptf\u00e4cher, eines davon gepolstert, sowie eine flache Rei\u00dfverschluss-Fronttasche.\",\"breadcrumb\":{\"@id\":\"https:\/\/ueberlebenskunst.at\/survivalshop\/shop\/tt-shoulder-bag\/#breadcrumb\"},\"inLanguage\":\"de\",\"potentialAction\":[{\"@type\":\"ReadAction\",\"target\":[\"https:\/\/ueberlebenskunst.at\/survivalshop\/shop\/tt-shoulder-bag\/\"]}]},{\"@type\":\"ImageObject\",\"inLanguage\":\"de\",\"@id\":\"https:\/\/ueberlebenskunst.at\/survivalshop\/shop\/tt-shoulder-bag\/#primaryimage\",\"url\":\"https:\/\/ueberlebenskunst.at\/survivalshop\/wp-content\/uploads\/2022\/03\/TT-ShoulderBag_7355.jpg\",\"contentUrl\":\"https:\/\/ueberlebenskunst.at\/survivalshop\/wp-content\/uploads\/2022\/03\/TT-ShoulderBag_7355.jpg\",\"width\":310,\"height\":450},{\"@type\":\"BreadcrumbList\",\"@id\":\"https:\/\/ueberlebenskunst.at\/survivalshop\/shop\/tt-shoulder-bag\/#breadcrumb\",\"itemListElement\":[{\"@type\":\"ListItem\",\"position\":1,\"name\":\"Startseite\",\"item\":\"https:\/\/ueberlebenskunst.at\/survivalshop\/\"},{\"@type\":\"ListItem\",\"position\":2,\"name\":\"Shop\",\"item\":\"https:\/\/ueberlebenskunst.at\/survivalshop\/shop\/\"},{\"@type\":\"ListItem\",\"position\":3,\"name\":\"TT Shoulder Bag\"}]},{\"@type\":\"WebSite\",\"@id\":\"https:\/\/ueberlebenskunst.at\/survivalshop\/#website\",\"url\":\"https:\/\/ueberlebenskunst.at\/survivalshop\/\",\"name\":\"Reini Rossmann - Survival Shop\",\"description\":\"Survival Shop f\u00fcr Survival, Bushcraft und Prepper\",\"potentialAction\":[{\"@type\":\"SearchAction\",\"target\":{\"@type\":\"EntryPoint\",\"urlTemplate\":\"https:\/\/ueberlebenskunst.at\/survivalshop\/?s={search_term_string}\"},\"query-input\":{\"@type\":\"PropertyValueSpecification\",\"valueRequired\":true,\"valueName\":\"search_term_string\"}}],\"inLanguage\":\"de\"}]}<\/script>\n<!-- \/ Yoast SEO plugin. -->","yoast_head_json":{"title":"TT Shoulder Bag","description":"Komprimierbare Schultertasche mit zwei abschlie\u00dfbaren Hauptf\u00e4chern. Sie besitzt zwei Hauptf\u00e4cher, eines davon gepolstert, sowie eine flache Rei\u00dfverschluss-Fronttasche.","robots":{"index":"index","follow":"follow","max-snippet":"max-snippet:-1","max-image-preview":"max-image-preview:large","max-video-preview":"max-video-preview:-1"},"canonical":"https:\/\/ueberlebenskunst.at\/survivalshop\/shop\/tt-shoulder-bag\/","og_locale":"de_DE","og_type":"article","og_title":"TT Shoulder Bag","og_description":"Komprimierbare Schultertasche mit zwei abschlie\u00dfbaren Hauptf\u00e4chern. Sie besitzt zwei Hauptf\u00e4cher, eines davon gepolstert, sowie eine flache Rei\u00dfverschluss-Fronttasche.","og_url":"https:\/\/ueberlebenskunst.at\/survivalshop\/shop\/tt-shoulder-bag\/","og_site_name":"Reini Rossmann - Survival Shop","article_publisher":"https:\/\/www.facebook.com\/survival24.org\/","article_modified_time":"2024-03-20T16:12:05+00:00","og_image":[{"width":310,"height":450,"url":"https:\/\/ueberlebenskunst.at\/survivalshop\/wp-content\/uploads\/2022\/03\/TT-ShoulderBag_7355.jpg","type":"image\/jpeg"}],"twitter_card":"summary_large_image","twitter_misc":{"Gesch\u00e4tzte Lesezeit":"2\u00a0Minuten"},"schema":{"@context":"https:\/\/schema.org","@graph":[{"@type":"WebPage","@id":"https:\/\/ueberlebenskunst.at\/survivalshop\/shop\/tt-shoulder-bag\/","url":"https:\/\/ueberlebenskunst.at\/survivalshop\/shop\/tt-shoulder-bag\/","name":"TT Shoulder Bag","isPartOf":{"@id":"https:\/\/ueberlebenskunst.at\/survivalshop\/#website"},"primaryImageOfPage":{"@id":"https:\/\/ueberlebenskunst.at\/survivalshop\/shop\/tt-shoulder-bag\/#primaryimage"},"image":{"@id":"https:\/\/ueberlebenskunst.at\/survivalshop\/shop\/tt-shoulder-bag\/#primaryimage"},"thumbnailUrl":"https:\/\/ueberlebenskunst.at\/survivalshop\/wp-content\/uploads\/2022\/03\/TT-ShoulderBag_7355.jpg","datePublished":"2022-03-08T07:00:47+00:00","dateModified":"2024-03-20T16:12:05+00:00","description":"Komprimierbare Schultertasche mit zwei abschlie\u00dfbaren Hauptf\u00e4chern. Sie besitzt zwei Hauptf\u00e4cher, eines davon gepolstert, sowie eine flache Rei\u00dfverschluss-Fronttasche.","breadcrumb":{"@id":"https:\/\/ueberlebenskunst.at\/survivalshop\/shop\/tt-shoulder-bag\/#breadcrumb"},"inLanguage":"de","potentialAction":[{"@type":"ReadAction","target":["https:\/\/ueberlebenskunst.at\/survivalshop\/shop\/tt-shoulder-bag\/"]}]},{"@type":"ImageObject","inLanguage":"de","@id":"https:\/\/ueberlebenskunst.at\/survivalshop\/shop\/tt-shoulder-bag\/#primaryimage","url":"https:\/\/ueberlebenskunst.at\/survivalshop\/wp-content\/uploads\/2022\/03\/TT-ShoulderBag_7355.jpg","contentUrl":"https:\/\/ueberlebenskunst.at\/survivalshop\/wp-content\/uploads\/2022\/03\/TT-ShoulderBag_7355.jpg","width":310,"height":450},{"@type":"BreadcrumbList","@id":"https:\/\/ueberlebenskunst.at\/survivalshop\/shop\/tt-shoulder-bag\/#breadcrumb","itemListElement":[{"@type":"ListItem","position":1,"name":"Startseite","item":"https:\/\/ueberlebenskunst.at\/survivalshop\/"},{"@type":"ListItem","position":2,"name":"Shop","item":"https:\/\/ueberlebenskunst.at\/survivalshop\/shop\/"},{"@type":"ListItem","position":3,"name":"TT Shoulder Bag"}]},{"@type":"WebSite","@id":"https:\/\/ueberlebenskunst.at\/survivalshop\/#website","url":"https:\/\/ueberlebenskunst.at\/survivalshop\/","name":"Reini Rossmann - Survival Shop","description":"Survival Shop f\u00fcr Survival, Bushcraft und Prepper","potentialAction":[{"@type":"SearchAction","target":{"@type":"EntryPoint","urlTemplate":"https:\/\/ueberlebenskunst.at\/survivalshop\/?s={search_term_string}"},"query-input":{"@type":"PropertyValueSpecification","valueRequired":true,"valueName":"search_term_string"}}],"inLanguage":"de"}]}},"_links":{"self":[{"href":"https:\/\/ueberlebenskunst.at\/survivalshop\/wp-json\/wp\/v2\/product\/77658","targetHints":{"allow":["GET"]}}],"collection":[{"href":"https:\/\/ueberlebenskunst.at\/survivalshop\/wp-json\/wp\/v2\/product"}],"about":[{"href":"https:\/\/ueberlebenskunst.at\/survivalshop\/wp-json\/wp\/v2\/types\/product"}],"replies":[{"embeddable":true,"href":"https:\/\/ueberlebenskunst.at\/survivalshop\/wp-json\/wp\/v2\/comments?post=77658"}],"wp:featuredmedia":[{"embeddable":true,"href":"https:\/\/ueberlebenskunst.at\/survivalshop\/wp-json\/wp\/v2\/media\/77664"}],"wp:attachment":[{"href":"https:\/\/ueberlebenskunst.at\/survivalshop\/wp-json\/wp\/v2\/media?parent=77658"}],"wp:term":[{"taxonomy":"product_brand","embeddable":true,"href":"https:\/\/ueberlebenskunst.at\/survivalshop\/wp-json\/wp\/v2\/product_brand?post=77658"},{"taxonomy":"product_cat","embeddable":true,"href":"https:\/\/ueberlebenskunst.at\/survivalshop\/wp-json\/wp\/v2\/product_cat?post=77658"},{"taxonomy":"product_tag","embeddable":true,"href":"https:\/\/ueberlebenskunst.at\/survivalshop\/wp-json\/wp\/v2\/product_tag?post=77658"}],"curies":[{"name":"wp","href":"https:\/\/api.w.org\/{rel}","templated":true}]}}