{"id":76163,"date":"2022-03-01T08:33:46","date_gmt":"2022-03-01T07:33:46","guid":{"rendered":"https:\/\/ueberlebenskunst.at\/survivalshop\/?post_type=product&#038;p=76163"},"modified":"2025-12-07T15:30:40","modified_gmt":"2025-12-07T14:30:40","slug":"armbrust-picatinny-schiene-fuer-pfeilkoecher","status":"publish","type":"product","link":"https:\/\/ueberlebenskunst.at\/survivalshop\/shop\/armbrust-picatinny-schiene-fuer-pfeilkoecher\/","title":{"rendered":"Armbrust Picatinny Schiene f\u00fcr Pfeilk\u00f6cher"},"content":{"rendered":"<p>Diese angepasste und f\u00fcr die Pfeilk\u00f6cherhalterung adaptierte Picatinny Schiene ist ein Eigenprodukt von Reini Rossmann.<br \/>\nDie Idee hinter dieser Picatinny Schiene f\u00fcr Armbr\u00fcste ist, dass du statt dem standardisierten Pfeilk\u00f6cher andere Ausr\u00fcstungsgegenst\u00e4nde montieren kannst.<br \/>\nAls Beispiel: Lampen, Laser oder angepasste Pfeilhalterungen.<br \/>\nDas Produkt ist aus glasfaserverst\u00e4rktem Kunststoff Made in Austria.<\/p>\n<p><a href=\"https:\/\/ueberlebenskunst.at\/survivalshop\/wp-content\/uploads\/2021\/11\/Logo_Kinder.png\"><img decoding=\"async\" class=\"alignnone wp-image-179571\" src=\"https:\/\/ueberlebenskunst.at\/survivalshop\/wp-content\/uploads\/2021\/11\/Logo_Kinder-300x126.png\" alt=\"\" width=\"191\" height=\"80\" srcset=\"https:\/\/ueberlebenskunst.at\/survivalshop\/wp-content\/uploads\/2021\/11\/Logo_Kinder-300x126.png 300w, https:\/\/ueberlebenskunst.at\/survivalshop\/wp-content\/uploads\/2021\/11\/Logo_Kinder-64x27.png 64w, https:\/\/ueberlebenskunst.at\/survivalshop\/wp-content\/uploads\/2021\/11\/Logo_Kinder.png 401w\" sizes=\"(max-width: 191px) 100vw, 191px\" \/><\/a><\/p>\n","protected":false},"excerpt":{"rendered":"<p>Diese angepasste und f\u00fcr die Pfeilk\u00f6cherhalterung adaptierte Picatinny Schiene ist ein Eigenprodukt von Reini Rossmann. Die Idee hinter dieser Picatinny Schiene f\u00fcr Armbr\u00fcste ist, dass du statt dem standardisierten Pfeilk\u00f6cher andere Ausr\u00fcstungsgegenst\u00e4nde montieren kannst. Als Beispiel: Lampen, Laser oder angepasste Pfeilhalterungen. Das Produkt ist aus glasfaserverst\u00e4rktem Kunststoff Made in Austria.<\/p>\n","protected":false},"featured_media":135160,"comment_status":"open","ping_status":"closed","template":"","meta":{"_acf_changed":false},"product_brand":[],"product_cat":[1770],"product_tag":[405,1230,1186],"class_list":{"0":"post-76163","1":"product","2":"type-product","3":"status-publish","4":"has-post-thumbnail","6":"product_cat-ek-archery-adder","7":"product_tag-armbrust","8":"product_tag-pfeilkoecher","9":"product_tag-picatinnyschiene","11":"first","12":"instock","13":"taxable","14":"shipping-taxable","15":"purchasable","16":"product-type-simple"},"acf":[],"yoast_head":"<!-- This site is optimized with the Yoast SEO plugin v27.1.1 - https:\/\/yoast.com\/product\/yoast-seo-wordpress\/ -->\n<title>Armbrust Picatinny Schiene f\u00fcr Pfeilk\u00f6cher<\/title>\n<meta name=\"description\" content=\"Diese angepasste und f\u00fcr die Pfeilk\u00f6cherhalterung adaptierte Picatinny-Schiene ist ein Eigenprodukt von Reini Rossmann.\" \/>\n<meta name=\"robots\" content=\"index, follow, max-snippet:-1, max-image-preview:large, max-video-preview:-1\" \/>\n<link rel=\"canonical\" href=\"https:\/\/ueberlebenskunst.at\/survivalshop\/shop\/armbrust-picatinny-schiene-fuer-pfeilkoecher\/\" \/>\n<meta property=\"og:locale\" content=\"de_DE\" \/>\n<meta property=\"og:type\" content=\"article\" \/>\n<meta property=\"og:title\" content=\"Armbrust Picatinny Schiene f\u00fcr Pfeilk\u00f6cher\" \/>\n<meta property=\"og:description\" content=\"Diese angepasste und f\u00fcr die Pfeilk\u00f6cherhalterung adaptierte Picatinny-Schiene ist ein Eigenprodukt von Reini Rossmann.\" \/>\n<meta property=\"og:url\" content=\"https:\/\/ueberlebenskunst.at\/survivalshop\/shop\/armbrust-picatinny-schiene-fuer-pfeilkoecher\/\" \/>\n<meta property=\"og:site_name\" content=\"Reini Rossmann - Survival Shop\" \/>\n<meta property=\"article:publisher\" content=\"https:\/\/www.facebook.com\/survival24.org\/\" \/>\n<meta property=\"article:modified_time\" content=\"2025-12-07T14:30:40+00:00\" \/>\n<meta property=\"og:image\" content=\"https:\/\/ueberlebenskunst.at\/survivalshop\/wp-content\/uploads\/2022\/03\/Picatinnyschiene_Pfeilkoecher_EK-Adder.jpg\" \/>\n\t<meta property=\"og:image:width\" content=\"400\" \/>\n\t<meta property=\"og:image:height\" content=\"400\" \/>\n\t<meta property=\"og:image:type\" content=\"image\/jpeg\" \/>\n<meta name=\"twitter:card\" content=\"summary_large_image\" \/>\n<meta name=\"twitter:label1\" content=\"Gesch\u00e4tzte Lesezeit\" \/>\n\t<meta name=\"twitter:data1\" content=\"1\u00a0Minute\" \/>\n<script type=\"application\/ld+json\" class=\"yoast-schema-graph\">{\"@context\":\"https:\/\/schema.org\",\"@graph\":[{\"@type\":\"WebPage\",\"@id\":\"https:\/\/ueberlebenskunst.at\/survivalshop\/shop\/armbrust-picatinny-schiene-fuer-pfeilkoecher\/\",\"url\":\"https:\/\/ueberlebenskunst.at\/survivalshop\/shop\/armbrust-picatinny-schiene-fuer-pfeilkoecher\/\",\"name\":\"Armbrust Picatinny Schiene f\u00fcr Pfeilk\u00f6cher\",\"isPartOf\":{\"@id\":\"https:\/\/ueberlebenskunst.at\/survivalshop\/#website\"},\"primaryImageOfPage\":{\"@id\":\"https:\/\/ueberlebenskunst.at\/survivalshop\/shop\/armbrust-picatinny-schiene-fuer-pfeilkoecher\/#primaryimage\"},\"image\":{\"@id\":\"https:\/\/ueberlebenskunst.at\/survivalshop\/shop\/armbrust-picatinny-schiene-fuer-pfeilkoecher\/#primaryimage\"},\"thumbnailUrl\":\"https:\/\/ueberlebenskunst.at\/survivalshop\/wp-content\/uploads\/2022\/03\/Picatinnyschiene_Pfeilkoecher_EK-Adder.jpg\",\"datePublished\":\"2022-03-01T07:33:46+00:00\",\"dateModified\":\"2025-12-07T14:30:40+00:00\",\"description\":\"Diese angepasste und f\u00fcr die Pfeilk\u00f6cherhalterung adaptierte Picatinny-Schiene ist ein Eigenprodukt von Reini Rossmann.\",\"breadcrumb\":{\"@id\":\"https:\/\/ueberlebenskunst.at\/survivalshop\/shop\/armbrust-picatinny-schiene-fuer-pfeilkoecher\/#breadcrumb\"},\"inLanguage\":\"de\",\"potentialAction\":[{\"@type\":\"ReadAction\",\"target\":[\"https:\/\/ueberlebenskunst.at\/survivalshop\/shop\/armbrust-picatinny-schiene-fuer-pfeilkoecher\/\"]}]},{\"@type\":\"ImageObject\",\"inLanguage\":\"de\",\"@id\":\"https:\/\/ueberlebenskunst.at\/survivalshop\/shop\/armbrust-picatinny-schiene-fuer-pfeilkoecher\/#primaryimage\",\"url\":\"https:\/\/ueberlebenskunst.at\/survivalshop\/wp-content\/uploads\/2022\/03\/Picatinnyschiene_Pfeilkoecher_EK-Adder.jpg\",\"contentUrl\":\"https:\/\/ueberlebenskunst.at\/survivalshop\/wp-content\/uploads\/2022\/03\/Picatinnyschiene_Pfeilkoecher_EK-Adder.jpg\",\"width\":400,\"height\":400},{\"@type\":\"BreadcrumbList\",\"@id\":\"https:\/\/ueberlebenskunst.at\/survivalshop\/shop\/armbrust-picatinny-schiene-fuer-pfeilkoecher\/#breadcrumb\",\"itemListElement\":[{\"@type\":\"ListItem\",\"position\":1,\"name\":\"Startseite\",\"item\":\"https:\/\/ueberlebenskunst.at\/survivalshop\/\"},{\"@type\":\"ListItem\",\"position\":2,\"name\":\"Shop\",\"item\":\"https:\/\/ueberlebenskunst.at\/survivalshop\/shop\/\"},{\"@type\":\"ListItem\",\"position\":3,\"name\":\"Armbrust Picatinny Schiene f\u00fcr Pfeilk\u00f6cher\"}]},{\"@type\":\"WebSite\",\"@id\":\"https:\/\/ueberlebenskunst.at\/survivalshop\/#website\",\"url\":\"https:\/\/ueberlebenskunst.at\/survivalshop\/\",\"name\":\"Reini Rossmann - Survival Shop\",\"description\":\"Survival Shop f\u00fcr Survival, Bushcraft und Prepper\",\"potentialAction\":[{\"@type\":\"SearchAction\",\"target\":{\"@type\":\"EntryPoint\",\"urlTemplate\":\"https:\/\/ueberlebenskunst.at\/survivalshop\/?s={search_term_string}\"},\"query-input\":{\"@type\":\"PropertyValueSpecification\",\"valueRequired\":true,\"valueName\":\"search_term_string\"}}],\"inLanguage\":\"de\"}]}<\/script>\n<!-- \/ Yoast SEO plugin. -->","yoast_head_json":{"title":"Armbrust Picatinny Schiene f\u00fcr Pfeilk\u00f6cher","description":"Diese angepasste und f\u00fcr die Pfeilk\u00f6cherhalterung adaptierte Picatinny-Schiene ist ein Eigenprodukt von Reini Rossmann.","robots":{"index":"index","follow":"follow","max-snippet":"max-snippet:-1","max-image-preview":"max-image-preview:large","max-video-preview":"max-video-preview:-1"},"canonical":"https:\/\/ueberlebenskunst.at\/survivalshop\/shop\/armbrust-picatinny-schiene-fuer-pfeilkoecher\/","og_locale":"de_DE","og_type":"article","og_title":"Armbrust Picatinny Schiene f\u00fcr Pfeilk\u00f6cher","og_description":"Diese angepasste und f\u00fcr die Pfeilk\u00f6cherhalterung adaptierte Picatinny-Schiene ist ein Eigenprodukt von Reini Rossmann.","og_url":"https:\/\/ueberlebenskunst.at\/survivalshop\/shop\/armbrust-picatinny-schiene-fuer-pfeilkoecher\/","og_site_name":"Reini Rossmann - Survival Shop","article_publisher":"https:\/\/www.facebook.com\/survival24.org\/","article_modified_time":"2025-12-07T14:30:40+00:00","og_image":[{"width":400,"height":400,"url":"https:\/\/ueberlebenskunst.at\/survivalshop\/wp-content\/uploads\/2022\/03\/Picatinnyschiene_Pfeilkoecher_EK-Adder.jpg","type":"image\/jpeg"}],"twitter_card":"summary_large_image","twitter_misc":{"Gesch\u00e4tzte Lesezeit":"1\u00a0Minute"},"schema":{"@context":"https:\/\/schema.org","@graph":[{"@type":"WebPage","@id":"https:\/\/ueberlebenskunst.at\/survivalshop\/shop\/armbrust-picatinny-schiene-fuer-pfeilkoecher\/","url":"https:\/\/ueberlebenskunst.at\/survivalshop\/shop\/armbrust-picatinny-schiene-fuer-pfeilkoecher\/","name":"Armbrust Picatinny Schiene f\u00fcr Pfeilk\u00f6cher","isPartOf":{"@id":"https:\/\/ueberlebenskunst.at\/survivalshop\/#website"},"primaryImageOfPage":{"@id":"https:\/\/ueberlebenskunst.at\/survivalshop\/shop\/armbrust-picatinny-schiene-fuer-pfeilkoecher\/#primaryimage"},"image":{"@id":"https:\/\/ueberlebenskunst.at\/survivalshop\/shop\/armbrust-picatinny-schiene-fuer-pfeilkoecher\/#primaryimage"},"thumbnailUrl":"https:\/\/ueberlebenskunst.at\/survivalshop\/wp-content\/uploads\/2022\/03\/Picatinnyschiene_Pfeilkoecher_EK-Adder.jpg","datePublished":"2022-03-01T07:33:46+00:00","dateModified":"2025-12-07T14:30:40+00:00","description":"Diese angepasste und f\u00fcr die Pfeilk\u00f6cherhalterung adaptierte Picatinny-Schiene ist ein Eigenprodukt von Reini Rossmann.","breadcrumb":{"@id":"https:\/\/ueberlebenskunst.at\/survivalshop\/shop\/armbrust-picatinny-schiene-fuer-pfeilkoecher\/#breadcrumb"},"inLanguage":"de","potentialAction":[{"@type":"ReadAction","target":["https:\/\/ueberlebenskunst.at\/survivalshop\/shop\/armbrust-picatinny-schiene-fuer-pfeilkoecher\/"]}]},{"@type":"ImageObject","inLanguage":"de","@id":"https:\/\/ueberlebenskunst.at\/survivalshop\/shop\/armbrust-picatinny-schiene-fuer-pfeilkoecher\/#primaryimage","url":"https:\/\/ueberlebenskunst.at\/survivalshop\/wp-content\/uploads\/2022\/03\/Picatinnyschiene_Pfeilkoecher_EK-Adder.jpg","contentUrl":"https:\/\/ueberlebenskunst.at\/survivalshop\/wp-content\/uploads\/2022\/03\/Picatinnyschiene_Pfeilkoecher_EK-Adder.jpg","width":400,"height":400},{"@type":"BreadcrumbList","@id":"https:\/\/ueberlebenskunst.at\/survivalshop\/shop\/armbrust-picatinny-schiene-fuer-pfeilkoecher\/#breadcrumb","itemListElement":[{"@type":"ListItem","position":1,"name":"Startseite","item":"https:\/\/ueberlebenskunst.at\/survivalshop\/"},{"@type":"ListItem","position":2,"name":"Shop","item":"https:\/\/ueberlebenskunst.at\/survivalshop\/shop\/"},{"@type":"ListItem","position":3,"name":"Armbrust Picatinny Schiene f\u00fcr Pfeilk\u00f6cher"}]},{"@type":"WebSite","@id":"https:\/\/ueberlebenskunst.at\/survivalshop\/#website","url":"https:\/\/ueberlebenskunst.at\/survivalshop\/","name":"Reini Rossmann - Survival Shop","description":"Survival Shop f\u00fcr Survival, Bushcraft und Prepper","potentialAction":[{"@type":"SearchAction","target":{"@type":"EntryPoint","urlTemplate":"https:\/\/ueberlebenskunst.at\/survivalshop\/?s={search_term_string}"},"query-input":{"@type":"PropertyValueSpecification","valueRequired":true,"valueName":"search_term_string"}}],"inLanguage":"de"}]}},"_links":{"self":[{"href":"https:\/\/ueberlebenskunst.at\/survivalshop\/wp-json\/wp\/v2\/product\/76163","targetHints":{"allow":["GET"]}}],"collection":[{"href":"https:\/\/ueberlebenskunst.at\/survivalshop\/wp-json\/wp\/v2\/product"}],"about":[{"href":"https:\/\/ueberlebenskunst.at\/survivalshop\/wp-json\/wp\/v2\/types\/product"}],"replies":[{"embeddable":true,"href":"https:\/\/ueberlebenskunst.at\/survivalshop\/wp-json\/wp\/v2\/comments?post=76163"}],"wp:featuredmedia":[{"embeddable":true,"href":"https:\/\/ueberlebenskunst.at\/survivalshop\/wp-json\/wp\/v2\/media\/135160"}],"wp:attachment":[{"href":"https:\/\/ueberlebenskunst.at\/survivalshop\/wp-json\/wp\/v2\/media?parent=76163"}],"wp:term":[{"taxonomy":"product_brand","embeddable":true,"href":"https:\/\/ueberlebenskunst.at\/survivalshop\/wp-json\/wp\/v2\/product_brand?post=76163"},{"taxonomy":"product_cat","embeddable":true,"href":"https:\/\/ueberlebenskunst.at\/survivalshop\/wp-json\/wp\/v2\/product_cat?post=76163"},{"taxonomy":"product_tag","embeddable":true,"href":"https:\/\/ueberlebenskunst.at\/survivalshop\/wp-json\/wp\/v2\/product_tag?post=76163"}],"curies":[{"name":"wp","href":"https:\/\/api.w.org\/{rel}","templated":true}]}}