{"id":7583,"date":"2018-10-08T09:28:40","date_gmt":"2018-10-08T07:28:40","guid":{"rendered":"https:\/\/ueberlebenskunst.at\/survivalshop\/survivalshop\/?post_type=product&#038;p=7583"},"modified":"2024-03-21T08:46:20","modified_gmt":"2024-03-21T07:46:20","slug":"condor-neonessmuk-nessmuk-waldlaeufermesser","status":"seo-produkt","type":"product","link":"https:\/\/ueberlebenskunst.at\/survivalshop\/shop\/condor-neonessmuk-nessmuk-waldlaeufermesser\/","title":{"rendered":"Condor Neonessmuk &#8211; Nessmuk Waldl\u00e4ufermesser"},"content":{"rendered":"<p>Dieses Messer ist ein typisches Waldl\u00e4ufermesser. Der eigent\u00fcmliche Stil dieses Bushcraft Messer ist dem Outdoorpionier George W. Sears alias Nessmuk nachempfunden.\u00a0 Nessmuk war auch einer der Pioniere im Bereich der Outdor-Ausr\u00fcstung.<\/p>\n<p><a href=\"https:\/\/ueberlebenskunst.at\/survivalshop\/survivalshop\/wp-content\/uploads\/2018\/10\/Condor-Neonessmuk.jpg\" target=\"_blank\" rel=\"noopener noreferrer\"><img decoding=\"async\" class=\"alignnone wp-image-7584\" src=\"https:\/\/ueberlebenskunst.at\/survivalshop\/survivalshop\/wp-content\/uploads\/2018\/10\/Condor-Neonessmuk-1024x726.jpg\" alt=\"Nessmuk Messer\" width=\"559\" height=\"396\" srcset=\"https:\/\/ueberlebenskunst.at\/survivalshop\/wp-content\/uploads\/2018\/10\/Condor-Neonessmuk-1024x726.jpg 1024w, https:\/\/ueberlebenskunst.at\/survivalshop\/wp-content\/uploads\/2018\/10\/Condor-Neonessmuk-300x213.jpg 300w, https:\/\/ueberlebenskunst.at\/survivalshop\/wp-content\/uploads\/2018\/10\/Condor-Neonessmuk-600x425.jpg 600w, https:\/\/ueberlebenskunst.at\/survivalshop\/wp-content\/uploads\/2018\/10\/Condor-Neonessmuk-768x544.jpg 768w, https:\/\/ueberlebenskunst.at\/survivalshop\/wp-content\/uploads\/2018\/10\/Condor-Neonessmuk.jpg 1594w\" sizes=\"(max-width: 559px) 100vw, 559px\" \/><\/a><\/p>\n<p>Diese blattf\u00f6rmige Klinge ist auf Multi-Use ausgelegt. Es sollen unterschiedlichste Arbeiten in der Natur, beim Camping und auf der Jagd erf\u00fcllt werden k\u00f6nnen.<br \/>\nDer nicht rostfreie Klingenstahl ist als 1095 Kohlenstoffstahl ausgef\u00fchrt. Das garantiert einfaches Nachsch\u00e4rfen.<br \/>\nDas Griffmaterial ist mittels Leinenmicarta verbaut.<br \/>\nLieferung mit handgeabeiteter Lederscheide mit angeh\u00e4ngter G\u00fcrtelschlaufe.<\/p>\n<h3>Technische Daten im \u00dcberblick:<\/h3>\n<p>Gesamtl\u00e4nge des Messers: ca. 21,3 cm<br \/>\nKlingenl\u00e4nge: 9,5 cm<br \/>\nGewicht: ca 0,1 kg<br \/>\nKlingenmaterial: NICHT rostfreier 1095 Stahl<br \/>\nGriffmaterial: Leinen-Micarta<\/p>\n","protected":false},"excerpt":{"rendered":"<p>Das NEUE Nessmuk Messer f\u00fcr Wildnis, Bushcraft und Waldl\u00e4ufer!<\/p>\n","protected":false},"featured_media":7584,"comment_status":"open","ping_status":"closed","template":"","meta":{"_acf_changed":false},"product_brand":[],"product_cat":[1805,1047],"product_tag":[510,671],"class_list":{"0":"post-7583","1":"product","2":"type-product","3":"status-seo-produkt","4":"has-post-thumbnail","6":"product_cat-messer-messer-tools","7":"product_cat-messer-tools","8":"product_tag-condor-messer","9":"product_tag-nessmuk","11":"first","12":"outofstock","13":"sale","14":"taxable","15":"shipping-taxable","16":"product-type-simple"},"acf":[],"yoast_head":"<!-- This site is optimized with the Yoast SEO plugin v27.1.1 - https:\/\/yoast.com\/product\/yoast-seo-wordpress\/ -->\n<title>Condor Neonessmuk - Nessmuk Waldl\u00e4ufermesser mit Lederscheide<\/title>\n<meta name=\"description\" content=\"Das Nessmuk Waldl\u00e4ufermesser ist so ausgelegt das unterschiedliche Arbeiten in allen Lebenslagen ausgef\u00fchrt werden k\u00f6nnen.\" \/>\n<meta name=\"robots\" content=\"index, follow, max-snippet:-1, max-image-preview:large, max-video-preview:-1\" \/>\n<link rel=\"canonical\" href=\"https:\/\/ueberlebenskunst.at\/survivalshop\/shop\/condor-neonessmuk-nessmuk-waldlaeufermesser\/\" \/>\n<meta property=\"og:locale\" content=\"de_DE\" \/>\n<meta property=\"og:type\" content=\"article\" \/>\n<meta property=\"og:title\" content=\"Condor Neonessmuk - Nessmuk Waldl\u00e4ufermesser mit Lederscheide\" \/>\n<meta property=\"og:description\" content=\"Das Nessmuk Waldl\u00e4ufermesser ist so ausgelegt das unterschiedliche Arbeiten in allen Lebenslagen ausgef\u00fchrt werden k\u00f6nnen.\" \/>\n<meta property=\"og:url\" content=\"https:\/\/ueberlebenskunst.at\/survivalshop\/shop\/condor-neonessmuk-nessmuk-waldlaeufermesser\/\" \/>\n<meta property=\"og:site_name\" content=\"Reini Rossmann - Survival Shop\" \/>\n<meta property=\"article:publisher\" content=\"https:\/\/www.facebook.com\/survival24.org\/\" \/>\n<meta property=\"article:modified_time\" content=\"2024-03-21T07:46:20+00:00\" \/>\n<meta property=\"og:image\" content=\"https:\/\/ueberlebenskunst.at\/survivalshop\/wp-content\/uploads\/2018\/10\/Condor-Neonessmuk.jpg\" \/>\n\t<meta property=\"og:image:width\" content=\"1594\" \/>\n\t<meta property=\"og:image:height\" content=\"1130\" \/>\n\t<meta property=\"og:image:type\" content=\"image\/jpeg\" \/>\n<meta name=\"twitter:card\" content=\"summary_large_image\" \/>\n<meta name=\"twitter:label1\" content=\"Gesch\u00e4tzte Lesezeit\" \/>\n\t<meta name=\"twitter:data1\" content=\"1\u00a0Minute\" \/>\n<script type=\"application\/ld+json\" class=\"yoast-schema-graph\">{\"@context\":\"https:\/\/schema.org\",\"@graph\":[{\"@type\":\"WebPage\",\"@id\":\"https:\/\/ueberlebenskunst.at\/survivalshop\/shop\/condor-neonessmuk-nessmuk-waldlaeufermesser\/\",\"url\":\"https:\/\/ueberlebenskunst.at\/survivalshop\/shop\/condor-neonessmuk-nessmuk-waldlaeufermesser\/\",\"name\":\"Condor Neonessmuk - Nessmuk Waldl\u00e4ufermesser mit Lederscheide\",\"isPartOf\":{\"@id\":\"https:\/\/ueberlebenskunst.at\/survivalshop\/#website\"},\"primaryImageOfPage\":{\"@id\":\"https:\/\/ueberlebenskunst.at\/survivalshop\/shop\/condor-neonessmuk-nessmuk-waldlaeufermesser\/#primaryimage\"},\"image\":{\"@id\":\"https:\/\/ueberlebenskunst.at\/survivalshop\/shop\/condor-neonessmuk-nessmuk-waldlaeufermesser\/#primaryimage\"},\"thumbnailUrl\":\"https:\/\/ueberlebenskunst.at\/survivalshop\/wp-content\/uploads\/2018\/10\/Condor-Neonessmuk.jpg\",\"datePublished\":\"2018-10-08T07:28:40+00:00\",\"dateModified\":\"2024-03-21T07:46:20+00:00\",\"description\":\"Das Nessmuk Waldl\u00e4ufermesser ist so ausgelegt das unterschiedliche Arbeiten in allen Lebenslagen ausgef\u00fchrt werden k\u00f6nnen.\",\"breadcrumb\":{\"@id\":\"https:\/\/ueberlebenskunst.at\/survivalshop\/shop\/condor-neonessmuk-nessmuk-waldlaeufermesser\/#breadcrumb\"},\"inLanguage\":\"de\",\"potentialAction\":[{\"@type\":\"ReadAction\",\"target\":[\"https:\/\/ueberlebenskunst.at\/survivalshop\/shop\/condor-neonessmuk-nessmuk-waldlaeufermesser\/\"]}]},{\"@type\":\"ImageObject\",\"inLanguage\":\"de\",\"@id\":\"https:\/\/ueberlebenskunst.at\/survivalshop\/shop\/condor-neonessmuk-nessmuk-waldlaeufermesser\/#primaryimage\",\"url\":\"https:\/\/ueberlebenskunst.at\/survivalshop\/wp-content\/uploads\/2018\/10\/Condor-Neonessmuk.jpg\",\"contentUrl\":\"https:\/\/ueberlebenskunst.at\/survivalshop\/wp-content\/uploads\/2018\/10\/Condor-Neonessmuk.jpg\",\"width\":1594,\"height\":1130,\"caption\":\"Nessmuk Messer\"},{\"@type\":\"BreadcrumbList\",\"@id\":\"https:\/\/ueberlebenskunst.at\/survivalshop\/shop\/condor-neonessmuk-nessmuk-waldlaeufermesser\/#breadcrumb\",\"itemListElement\":[{\"@type\":\"ListItem\",\"position\":1,\"name\":\"Startseite\",\"item\":\"https:\/\/ueberlebenskunst.at\/survivalshop\/\"},{\"@type\":\"ListItem\",\"position\":2,\"name\":\"Shop\",\"item\":\"https:\/\/ueberlebenskunst.at\/survivalshop\/shop\/\"},{\"@type\":\"ListItem\",\"position\":3,\"name\":\"Condor Neonessmuk &#8211; Nessmuk Waldl\u00e4ufermesser\"}]},{\"@type\":\"WebSite\",\"@id\":\"https:\/\/ueberlebenskunst.at\/survivalshop\/#website\",\"url\":\"https:\/\/ueberlebenskunst.at\/survivalshop\/\",\"name\":\"Reini Rossmann - Survival Shop\",\"description\":\"Survival Shop f\u00fcr Survival, Bushcraft und Prepper\",\"potentialAction\":[{\"@type\":\"SearchAction\",\"target\":{\"@type\":\"EntryPoint\",\"urlTemplate\":\"https:\/\/ueberlebenskunst.at\/survivalshop\/?s={search_term_string}\"},\"query-input\":{\"@type\":\"PropertyValueSpecification\",\"valueRequired\":true,\"valueName\":\"search_term_string\"}}],\"inLanguage\":\"de\"}]}<\/script>\n<!-- \/ Yoast SEO plugin. -->","yoast_head_json":{"title":"Condor Neonessmuk - Nessmuk Waldl\u00e4ufermesser mit Lederscheide","description":"Das Nessmuk Waldl\u00e4ufermesser ist so ausgelegt das unterschiedliche Arbeiten in allen Lebenslagen ausgef\u00fchrt werden k\u00f6nnen.","robots":{"index":"index","follow":"follow","max-snippet":"max-snippet:-1","max-image-preview":"max-image-preview:large","max-video-preview":"max-video-preview:-1"},"canonical":"https:\/\/ueberlebenskunst.at\/survivalshop\/shop\/condor-neonessmuk-nessmuk-waldlaeufermesser\/","og_locale":"de_DE","og_type":"article","og_title":"Condor Neonessmuk - Nessmuk Waldl\u00e4ufermesser mit Lederscheide","og_description":"Das Nessmuk Waldl\u00e4ufermesser ist so ausgelegt das unterschiedliche Arbeiten in allen Lebenslagen ausgef\u00fchrt werden k\u00f6nnen.","og_url":"https:\/\/ueberlebenskunst.at\/survivalshop\/shop\/condor-neonessmuk-nessmuk-waldlaeufermesser\/","og_site_name":"Reini Rossmann - Survival Shop","article_publisher":"https:\/\/www.facebook.com\/survival24.org\/","article_modified_time":"2024-03-21T07:46:20+00:00","og_image":[{"width":1594,"height":1130,"url":"https:\/\/ueberlebenskunst.at\/survivalshop\/wp-content\/uploads\/2018\/10\/Condor-Neonessmuk.jpg","type":"image\/jpeg"}],"twitter_card":"summary_large_image","twitter_misc":{"Gesch\u00e4tzte Lesezeit":"1\u00a0Minute"},"schema":{"@context":"https:\/\/schema.org","@graph":[{"@type":"WebPage","@id":"https:\/\/ueberlebenskunst.at\/survivalshop\/shop\/condor-neonessmuk-nessmuk-waldlaeufermesser\/","url":"https:\/\/ueberlebenskunst.at\/survivalshop\/shop\/condor-neonessmuk-nessmuk-waldlaeufermesser\/","name":"Condor Neonessmuk - Nessmuk Waldl\u00e4ufermesser mit Lederscheide","isPartOf":{"@id":"https:\/\/ueberlebenskunst.at\/survivalshop\/#website"},"primaryImageOfPage":{"@id":"https:\/\/ueberlebenskunst.at\/survivalshop\/shop\/condor-neonessmuk-nessmuk-waldlaeufermesser\/#primaryimage"},"image":{"@id":"https:\/\/ueberlebenskunst.at\/survivalshop\/shop\/condor-neonessmuk-nessmuk-waldlaeufermesser\/#primaryimage"},"thumbnailUrl":"https:\/\/ueberlebenskunst.at\/survivalshop\/wp-content\/uploads\/2018\/10\/Condor-Neonessmuk.jpg","datePublished":"2018-10-08T07:28:40+00:00","dateModified":"2024-03-21T07:46:20+00:00","description":"Das Nessmuk Waldl\u00e4ufermesser ist so ausgelegt das unterschiedliche Arbeiten in allen Lebenslagen ausgef\u00fchrt werden k\u00f6nnen.","breadcrumb":{"@id":"https:\/\/ueberlebenskunst.at\/survivalshop\/shop\/condor-neonessmuk-nessmuk-waldlaeufermesser\/#breadcrumb"},"inLanguage":"de","potentialAction":[{"@type":"ReadAction","target":["https:\/\/ueberlebenskunst.at\/survivalshop\/shop\/condor-neonessmuk-nessmuk-waldlaeufermesser\/"]}]},{"@type":"ImageObject","inLanguage":"de","@id":"https:\/\/ueberlebenskunst.at\/survivalshop\/shop\/condor-neonessmuk-nessmuk-waldlaeufermesser\/#primaryimage","url":"https:\/\/ueberlebenskunst.at\/survivalshop\/wp-content\/uploads\/2018\/10\/Condor-Neonessmuk.jpg","contentUrl":"https:\/\/ueberlebenskunst.at\/survivalshop\/wp-content\/uploads\/2018\/10\/Condor-Neonessmuk.jpg","width":1594,"height":1130,"caption":"Nessmuk Messer"},{"@type":"BreadcrumbList","@id":"https:\/\/ueberlebenskunst.at\/survivalshop\/shop\/condor-neonessmuk-nessmuk-waldlaeufermesser\/#breadcrumb","itemListElement":[{"@type":"ListItem","position":1,"name":"Startseite","item":"https:\/\/ueberlebenskunst.at\/survivalshop\/"},{"@type":"ListItem","position":2,"name":"Shop","item":"https:\/\/ueberlebenskunst.at\/survivalshop\/shop\/"},{"@type":"ListItem","position":3,"name":"Condor Neonessmuk &#8211; Nessmuk Waldl\u00e4ufermesser"}]},{"@type":"WebSite","@id":"https:\/\/ueberlebenskunst.at\/survivalshop\/#website","url":"https:\/\/ueberlebenskunst.at\/survivalshop\/","name":"Reini Rossmann - Survival Shop","description":"Survival Shop f\u00fcr Survival, Bushcraft und Prepper","potentialAction":[{"@type":"SearchAction","target":{"@type":"EntryPoint","urlTemplate":"https:\/\/ueberlebenskunst.at\/survivalshop\/?s={search_term_string}"},"query-input":{"@type":"PropertyValueSpecification","valueRequired":true,"valueName":"search_term_string"}}],"inLanguage":"de"}]}},"_links":{"self":[{"href":"https:\/\/ueberlebenskunst.at\/survivalshop\/wp-json\/wp\/v2\/product\/7583","targetHints":{"allow":["GET"]}}],"collection":[{"href":"https:\/\/ueberlebenskunst.at\/survivalshop\/wp-json\/wp\/v2\/product"}],"about":[{"href":"https:\/\/ueberlebenskunst.at\/survivalshop\/wp-json\/wp\/v2\/types\/product"}],"replies":[{"embeddable":true,"href":"https:\/\/ueberlebenskunst.at\/survivalshop\/wp-json\/wp\/v2\/comments?post=7583"}],"wp:featuredmedia":[{"embeddable":true,"href":"https:\/\/ueberlebenskunst.at\/survivalshop\/wp-json\/wp\/v2\/media\/7584"}],"wp:attachment":[{"href":"https:\/\/ueberlebenskunst.at\/survivalshop\/wp-json\/wp\/v2\/media?parent=7583"}],"wp:term":[{"taxonomy":"product_brand","embeddable":true,"href":"https:\/\/ueberlebenskunst.at\/survivalshop\/wp-json\/wp\/v2\/product_brand?post=7583"},{"taxonomy":"product_cat","embeddable":true,"href":"https:\/\/ueberlebenskunst.at\/survivalshop\/wp-json\/wp\/v2\/product_cat?post=7583"},{"taxonomy":"product_tag","embeddable":true,"href":"https:\/\/ueberlebenskunst.at\/survivalshop\/wp-json\/wp\/v2\/product_tag?post=7583"}],"curies":[{"name":"wp","href":"https:\/\/api.w.org\/{rel}","templated":true}]}}