{"id":73732,"date":"2022-02-17T11:03:21","date_gmt":"2022-02-17T10:03:21","guid":{"rendered":"https:\/\/ueberlebenskunst.at\/survivalshop\/?post_type=product&#038;p=73732"},"modified":"2025-06-04T09:14:04","modified_gmt":"2025-06-04T07:14:04","slug":"kraeuterpaedagoge-in","status":"publish","type":"product","link":"https:\/\/ueberlebenskunst.at\/survivalshop\/shop\/kraeuterpaedagoge-in\/","title":{"rendered":"Kr\u00e4uterp\u00e4dagoge\/in"},"content":{"rendered":"<p><em><strong><span style=\"font-size: 18pt;\">Diplomierte Kr\u00e4uterp\u00e4dagogen\/innen&#8230;<\/span><\/strong><\/em><br \/>\n&#8230;geben ihr Wissen \u00fcber den wertsch\u00e4tzenden und nachhaltigen Umgang mit den nat\u00fcrlichen Ressourcen weiter!<\/p>\n<p>Zus\u00e4tzlich zum Fachwissen des\/der Kr\u00e4uterexpertin kann der\/die Kr\u00e4uterp\u00e4dagogen\/in:<\/p>\n<p><em><strong>P\u00e4dagogische Umsetzung<\/strong><\/em><\/p>\n<p>&#8211; erlange Sicherheit f\u00fcr das Arbeiten mit unterschiedlichen Kunden<br \/>\n&#8211; lerne p\u00e4dagogische Ans\u00e4tze kennen<br \/>\n&#8211; Arbeit mit alle Altersstufen (0-120 Jahre)<br \/>\n&#8211; erfolgreiche Kommunikation<br \/>\n&#8211; wertvolle Wahrnehmungs\u00fcbungen<br \/>\n&#8211; Umgang mit unterschiedlichen Lerntypen<br \/>\n&#8211; Tools aus der Wildnisp\u00e4dagogik<\/p>\n<p><em><strong>Fachwissen aufbereiten und weitergeben<\/strong><\/em><\/p>\n<p>&#8211; erfahre, welche M\u00f6glichkeiten der Umsetzung es gibt<br \/>\n&#8211; erstelle dein individuelles Kursangebot (Diplomarbeit)<br \/>\n&#8211; lerne von unseren Kr\u00e4utermentoren<br \/>\n&#8211; Austausch mit unseren Kr\u00e4utermentoren und mit anderen Teilnehmern<br \/>\n&#8211; erarbeite Vortr\u00e4ge, Workshops, Exkursionen<br \/>\n&#8211; Tipps f\u00fcr ein gutes Stressmanagement in der Selbst\u00e4ndigkeit<\/p>\n<p><em><strong>Marketing, Rechtliches, Gewerbe<\/strong><\/em><\/p>\n<p>&#8211; wie beginnst du dich zu vermarkten?<br \/>\n&#8211; authentische Marketing-Methoden zur Kundengewinnung<br \/>\n&#8211; Bestandskunden erhalten und zu &#8220;Wiederholungst\u00e4tern&#8221; machen<br \/>\n&#8211; Sicherheit bei all deinen Kursen<\/p>\n<p><span style=\"font-size: 18pt;\"><em><strong>Fachwissen des\/der Kr\u00e4uterexperten\/in:<\/strong><\/em><\/span><br \/>\n<em><strong>Wilde Pflanzen direkt aus der Natur finden und erkennen<\/strong><\/em><br \/>\n&#8211; biologische und botanische Grundlagen<\/p>\n<p><em><strong>Wildpflanzen sammeln + verarbeiten<br \/>\n<\/strong><\/em>&#8211; sicheres Sammeln (Verwechslungspartner, Sammelzeitpunkte&#8230;)<br \/>\n&#8211; Transport und Zwischenlagerung<br \/>\n&#8211; dein Sammelgut sicher haltbar machen<\/p>\n<p><em><strong>Pflanzen und B\u00e4ume sicher bestimmen<br \/>\n<\/strong><\/em>(\u00fcber die gesamte Vegetationsperiode)<br \/>\n&#8211; giftig, ja oder nein?<br \/>\n&#8211; an Bl\u00fcten und Bl\u00e4ttern erkennen<br \/>\n&#8211; Pflanzenfamilien bestimmen<\/p>\n<p><em><strong>Inhaltsstoffe und ihre Wirkung nutzen<br \/>\n<\/strong><\/em>&#8211; Heilpflanzen und ihre Wirkungsweise<br \/>\n&#8211; die 20 wichtigsten Heilpflanzen kennenlernen<br \/>\n&#8211; Pflanzenfamilien und deren Effekte auf den menschlichen K\u00f6rper<\/p>\n<p><em><strong>Kr\u00e4uterhandwerk erlernen<br \/>\n<\/strong><\/em>&#8211; f\u00e4rben mit Pflanzen<br \/>\n&#8211; destillieren von \u00e4therischen \u00d6len<br \/>\n&#8211; Hydrolate herstellen<br \/>\n&#8211; Kosmetik<br \/>\n&#8211; Teemischungen<br \/>\n&#8211; Flechten mit Pflanzenteilen<br \/>\n&#8211; Kr\u00e4uterk\u00f6rbe und Kr\u00e4uterb\u00fcndel<\/p>\n<p>&nbsp;<\/p>\n<h3>H\u00e4ufige Fragen zur Kr\u00e4uterp\u00e4dagogik Ausbildung<\/h3>\n<p><strong>Wie lange dauert die Ausbildung zum\/r diplomierten\/r Kr\u00e4uterp\u00e4dagogen\/in?<\/strong><br \/>\nMindeststudienzeit ist 6 Monate, jedoch empfehlen wir, dir ein ganzes Jahr Zeit zu nehmen, um die Pflanzen im Jahresrhythmus erleben zu k\u00f6nnen.<\/p>\n<p><strong>Warum findet die Ausbildung haupts\u00e4chlich online statt?<\/strong><br \/>\nDas hat mehrere Gr\u00fcnde:<br \/>\n<strong>Zeiteinteilung:<\/strong> du kannst dir das Wissen dann aneignen, wenn du Zeit und Kapazit\u00e4t daf\u00fcr hast. Du kannst Familie, Beruf usw. gut koordinieren und bist nicht an fixe Kurszeiten \u2013 oder Orte gebunden. Du kannst, im f\u00fcr dich passenden Tempo, lernen.<\/p>\n<p><strong>Aufmerksamkeit u Ablenkungen:<\/strong> wir kennen das alle, wir sind kurz unaufmerksam und h\u00f6ren nicht alles was gesprochen wird. Manchmal sind wir m\u00fcde, dann verpassen wir wichtige Informationen, dann \u00e4rgern wir uns, dann sind wir gestresst\u2026genau diesen Kreislauf wollen wir vermeiden.<br \/>\nDu kannst jederzeit auf Pause dr\u00fccken, dir Teile der Kursvideos nochmals oder gar das ganze Video mehrmals anschauen.<\/p>\n<p><strong>Gezielte Wissensvermittlung:<\/strong> um unsere kostbare Zeit am effektivsten zu nutzen vermitteln dir die Onlinekurse das gesamte Wissen gem\u00fctlich zu Hause, die Fahrtzeit zum und vom Kursort entf\u00e4llt und es bleibt damit gen\u00fcgend Zeit f\u00fcr direkte Fragen an unsere Kr\u00e4utermentoren. Die Facebook Gruppe wird ebenfalls hochwertig durch die Mentoren betreut und Fragen k\u00f6nnen immer via eMail oder in der FB Gruppe gestellt werden. Au\u00dferdem geht es uns sehr stark darum, dich von Anfang an selbst bestimmt ins Tun zu bringen. Unsere Kurse sollen dich motivieren aktiv zu werden und selbst\u00e4ndig in die Natur hinauszugehen, um das neu Gelernte sofort umzusetzen, auszuprobieren und anzuwenden.<\/p>\n<p><strong>Ist eine Ratenzahlung m\u00f6glich?<\/strong><br \/>\nJa wir bieten ein Ratenzahlungs-Modell an, in dem du die Kurskosten auf 6 Monat aufteilen kannst. F\u00fcr n\u00e4here Informationen wende dich bitte an info@kraeuterpaedagogik.online Danke!<\/p>\n","protected":false},"excerpt":{"rendered":"<p><strong>Kr\u00e4uterp\u00e4dagogen bringen ihr Wissen \u00fcber wilde Pflanzen in die Welt!<\/strong><\/p>\n<p>Zus\u00e4tzlich zum Wissen des\/der Kr\u00e4uterexperten\/in hast du den Wunsch dein erworbenes Wissen weiterzugeben! Erstelle, gemeinsam mit unseren Mentoren (Reini Rossmann und Manuela Kainer) deinen eigenen Kurs, deine Vortr\u00e4ge, deinen Workshop oder Seminare. Sei kreativ und bring dein Wissen als selbst\u00e4ndige Kr\u00e4uterp\u00e4dagogin in die Welt!<\/p>\n","protected":false},"featured_media":73783,"comment_status":"closed","ping_status":"closed","template":"","meta":{"_acf_changed":false},"product_brand":[],"product_cat":[1864],"product_tag":[814,816,810,811,748,812,817,815,809],"class_list":{"0":"post-73732","1":"product","2":"type-product","3":"status-publish","4":"has-post-thumbnail","6":"product_cat-pflanzen-kurse","7":"product_tag-awareness","8":"product_tag-beratungsgespraech-mit-reini","9":"product_tag-erste-hilfe","10":"product_tag-krise","11":"product_tag-nahrung","12":"product_tag-orientierung","13":"product_tag-selbstversorgung-aus-dem-garten","14":"product_tag-survival-coach","15":"product_tag-wasserkurs","17":"first","18":"instock","19":"virtual","20":"sold-individually","21":"taxable","22":"product-type-simple"},"acf":[],"yoast_head":"<!-- This site is optimized with the Yoast SEO plugin v27.1.1 - https:\/\/yoast.com\/product\/yoast-seo-wordpress\/ -->\n<title>Kr\u00e4uterp\u00e4dagoge\/in - Reini Rossmann - Survival Shop<\/title>\n<meta name=\"robots\" content=\"index, follow, max-snippet:-1, max-image-preview:large, max-video-preview:-1\" \/>\n<link rel=\"canonical\" href=\"https:\/\/ueberlebenskunst.at\/survivalshop\/shop\/kraeuterpaedagoge-in\/\" \/>\n<meta property=\"og:locale\" content=\"de_DE\" \/>\n<meta property=\"og:type\" content=\"article\" \/>\n<meta property=\"og:title\" content=\"Kr\u00e4uterp\u00e4dagoge\/in - Reini Rossmann - Survival Shop\" \/>\n<meta property=\"og:description\" content=\"Kr\u00e4uterp\u00e4dagogen bringen ihr Wissen \u00fcber wilde Pflanzen in die Welt!  Zus\u00e4tzlich zum Wissen des\/der Kr\u00e4uterexperten\/in hast du den Wunsch dein erworbenes Wissen weiterzugeben! Erstelle, gemeinsam mit unseren Mentoren (Reini Rossmann und Manuela Kainer) deinen eigenen Kurs, deine Vortr\u00e4ge, deinen Workshop oder Seminare. Sei kreativ und bring dein Wissen als selbst\u00e4ndige Kr\u00e4uterp\u00e4dagogin in die Welt!\" \/>\n<meta property=\"og:url\" content=\"https:\/\/ueberlebenskunst.at\/survivalshop\/shop\/kraeuterpaedagoge-in\/\" \/>\n<meta property=\"og:site_name\" content=\"Reini Rossmann - Survival Shop\" \/>\n<meta property=\"article:publisher\" content=\"https:\/\/www.facebook.com\/survival24.org\/\" \/>\n<meta property=\"article:modified_time\" content=\"2025-06-04T07:14:04+00:00\" \/>\n<meta property=\"og:image\" content=\"https:\/\/ueberlebenskunst.at\/survivalshop\/wp-content\/uploads\/2022\/02\/kraeuterpaedagogik_produkt.jpg\" \/>\n\t<meta property=\"og:image:width\" content=\"1606\" \/>\n\t<meta property=\"og:image:height\" content=\"1260\" \/>\n\t<meta property=\"og:image:type\" content=\"image\/jpeg\" \/>\n<meta name=\"twitter:card\" content=\"summary_large_image\" \/>\n<meta name=\"twitter:label1\" content=\"Gesch\u00e4tzte Lesezeit\" \/>\n\t<meta name=\"twitter:data1\" content=\"3\u00a0Minuten\" \/>\n<script type=\"application\/ld+json\" class=\"yoast-schema-graph\">{\"@context\":\"https:\/\/schema.org\",\"@graph\":[{\"@type\":\"WebPage\",\"@id\":\"https:\/\/ueberlebenskunst.at\/survivalshop\/shop\/kraeuterpaedagoge-in\/\",\"url\":\"https:\/\/ueberlebenskunst.at\/survivalshop\/shop\/kraeuterpaedagoge-in\/\",\"name\":\"Kr\u00e4uterp\u00e4dagoge\/in - Reini Rossmann - Survival Shop\",\"isPartOf\":{\"@id\":\"https:\/\/ueberlebenskunst.at\/survivalshop\/#website\"},\"primaryImageOfPage\":{\"@id\":\"https:\/\/ueberlebenskunst.at\/survivalshop\/shop\/kraeuterpaedagoge-in\/#primaryimage\"},\"image\":{\"@id\":\"https:\/\/ueberlebenskunst.at\/survivalshop\/shop\/kraeuterpaedagoge-in\/#primaryimage\"},\"thumbnailUrl\":\"https:\/\/ueberlebenskunst.at\/survivalshop\/wp-content\/uploads\/2022\/02\/kraeuterpaedagogik_produkt.jpg\",\"datePublished\":\"2022-02-17T10:03:21+00:00\",\"dateModified\":\"2025-06-04T07:14:04+00:00\",\"breadcrumb\":{\"@id\":\"https:\/\/ueberlebenskunst.at\/survivalshop\/shop\/kraeuterpaedagoge-in\/#breadcrumb\"},\"inLanguage\":\"de\",\"potentialAction\":[{\"@type\":\"ReadAction\",\"target\":[\"https:\/\/ueberlebenskunst.at\/survivalshop\/shop\/kraeuterpaedagoge-in\/\"]}]},{\"@type\":\"ImageObject\",\"inLanguage\":\"de\",\"@id\":\"https:\/\/ueberlebenskunst.at\/survivalshop\/shop\/kraeuterpaedagoge-in\/#primaryimage\",\"url\":\"https:\/\/ueberlebenskunst.at\/survivalshop\/wp-content\/uploads\/2022\/02\/kraeuterpaedagogik_produkt.jpg\",\"contentUrl\":\"https:\/\/ueberlebenskunst.at\/survivalshop\/wp-content\/uploads\/2022\/02\/kraeuterpaedagogik_produkt.jpg\",\"width\":1606,\"height\":1260},{\"@type\":\"BreadcrumbList\",\"@id\":\"https:\/\/ueberlebenskunst.at\/survivalshop\/shop\/kraeuterpaedagoge-in\/#breadcrumb\",\"itemListElement\":[{\"@type\":\"ListItem\",\"position\":1,\"name\":\"Startseite\",\"item\":\"https:\/\/ueberlebenskunst.at\/survivalshop\/\"},{\"@type\":\"ListItem\",\"position\":2,\"name\":\"Shop\",\"item\":\"https:\/\/ueberlebenskunst.at\/survivalshop\/shop\/\"},{\"@type\":\"ListItem\",\"position\":3,\"name\":\"Kr\u00e4uterp\u00e4dagoge\/in\"}]},{\"@type\":\"WebSite\",\"@id\":\"https:\/\/ueberlebenskunst.at\/survivalshop\/#website\",\"url\":\"https:\/\/ueberlebenskunst.at\/survivalshop\/\",\"name\":\"Reini Rossmann - Survival Shop\",\"description\":\"Survival Shop f\u00fcr Survival, Bushcraft und Prepper\",\"potentialAction\":[{\"@type\":\"SearchAction\",\"target\":{\"@type\":\"EntryPoint\",\"urlTemplate\":\"https:\/\/ueberlebenskunst.at\/survivalshop\/?s={search_term_string}\"},\"query-input\":{\"@type\":\"PropertyValueSpecification\",\"valueRequired\":true,\"valueName\":\"search_term_string\"}}],\"inLanguage\":\"de\"}]}<\/script>\n<!-- \/ Yoast SEO plugin. -->","yoast_head_json":{"title":"Kr\u00e4uterp\u00e4dagoge\/in - Reini Rossmann - Survival Shop","robots":{"index":"index","follow":"follow","max-snippet":"max-snippet:-1","max-image-preview":"max-image-preview:large","max-video-preview":"max-video-preview:-1"},"canonical":"https:\/\/ueberlebenskunst.at\/survivalshop\/shop\/kraeuterpaedagoge-in\/","og_locale":"de_DE","og_type":"article","og_title":"Kr\u00e4uterp\u00e4dagoge\/in - Reini Rossmann - Survival Shop","og_description":"Kr\u00e4uterp\u00e4dagogen bringen ihr Wissen \u00fcber wilde Pflanzen in die Welt!  Zus\u00e4tzlich zum Wissen des\/der Kr\u00e4uterexperten\/in hast du den Wunsch dein erworbenes Wissen weiterzugeben! Erstelle, gemeinsam mit unseren Mentoren (Reini Rossmann und Manuela Kainer) deinen eigenen Kurs, deine Vortr\u00e4ge, deinen Workshop oder Seminare. Sei kreativ und bring dein Wissen als selbst\u00e4ndige Kr\u00e4uterp\u00e4dagogin in die Welt!","og_url":"https:\/\/ueberlebenskunst.at\/survivalshop\/shop\/kraeuterpaedagoge-in\/","og_site_name":"Reini Rossmann - Survival Shop","article_publisher":"https:\/\/www.facebook.com\/survival24.org\/","article_modified_time":"2025-06-04T07:14:04+00:00","og_image":[{"width":1606,"height":1260,"url":"https:\/\/ueberlebenskunst.at\/survivalshop\/wp-content\/uploads\/2022\/02\/kraeuterpaedagogik_produkt.jpg","type":"image\/jpeg"}],"twitter_card":"summary_large_image","twitter_misc":{"Gesch\u00e4tzte Lesezeit":"3\u00a0Minuten"},"schema":{"@context":"https:\/\/schema.org","@graph":[{"@type":"WebPage","@id":"https:\/\/ueberlebenskunst.at\/survivalshop\/shop\/kraeuterpaedagoge-in\/","url":"https:\/\/ueberlebenskunst.at\/survivalshop\/shop\/kraeuterpaedagoge-in\/","name":"Kr\u00e4uterp\u00e4dagoge\/in - Reini Rossmann - Survival Shop","isPartOf":{"@id":"https:\/\/ueberlebenskunst.at\/survivalshop\/#website"},"primaryImageOfPage":{"@id":"https:\/\/ueberlebenskunst.at\/survivalshop\/shop\/kraeuterpaedagoge-in\/#primaryimage"},"image":{"@id":"https:\/\/ueberlebenskunst.at\/survivalshop\/shop\/kraeuterpaedagoge-in\/#primaryimage"},"thumbnailUrl":"https:\/\/ueberlebenskunst.at\/survivalshop\/wp-content\/uploads\/2022\/02\/kraeuterpaedagogik_produkt.jpg","datePublished":"2022-02-17T10:03:21+00:00","dateModified":"2025-06-04T07:14:04+00:00","breadcrumb":{"@id":"https:\/\/ueberlebenskunst.at\/survivalshop\/shop\/kraeuterpaedagoge-in\/#breadcrumb"},"inLanguage":"de","potentialAction":[{"@type":"ReadAction","target":["https:\/\/ueberlebenskunst.at\/survivalshop\/shop\/kraeuterpaedagoge-in\/"]}]},{"@type":"ImageObject","inLanguage":"de","@id":"https:\/\/ueberlebenskunst.at\/survivalshop\/shop\/kraeuterpaedagoge-in\/#primaryimage","url":"https:\/\/ueberlebenskunst.at\/survivalshop\/wp-content\/uploads\/2022\/02\/kraeuterpaedagogik_produkt.jpg","contentUrl":"https:\/\/ueberlebenskunst.at\/survivalshop\/wp-content\/uploads\/2022\/02\/kraeuterpaedagogik_produkt.jpg","width":1606,"height":1260},{"@type":"BreadcrumbList","@id":"https:\/\/ueberlebenskunst.at\/survivalshop\/shop\/kraeuterpaedagoge-in\/#breadcrumb","itemListElement":[{"@type":"ListItem","position":1,"name":"Startseite","item":"https:\/\/ueberlebenskunst.at\/survivalshop\/"},{"@type":"ListItem","position":2,"name":"Shop","item":"https:\/\/ueberlebenskunst.at\/survivalshop\/shop\/"},{"@type":"ListItem","position":3,"name":"Kr\u00e4uterp\u00e4dagoge\/in"}]},{"@type":"WebSite","@id":"https:\/\/ueberlebenskunst.at\/survivalshop\/#website","url":"https:\/\/ueberlebenskunst.at\/survivalshop\/","name":"Reini Rossmann - Survival Shop","description":"Survival Shop f\u00fcr Survival, Bushcraft und Prepper","potentialAction":[{"@type":"SearchAction","target":{"@type":"EntryPoint","urlTemplate":"https:\/\/ueberlebenskunst.at\/survivalshop\/?s={search_term_string}"},"query-input":{"@type":"PropertyValueSpecification","valueRequired":true,"valueName":"search_term_string"}}],"inLanguage":"de"}]}},"_links":{"self":[{"href":"https:\/\/ueberlebenskunst.at\/survivalshop\/wp-json\/wp\/v2\/product\/73732","targetHints":{"allow":["GET"]}}],"collection":[{"href":"https:\/\/ueberlebenskunst.at\/survivalshop\/wp-json\/wp\/v2\/product"}],"about":[{"href":"https:\/\/ueberlebenskunst.at\/survivalshop\/wp-json\/wp\/v2\/types\/product"}],"replies":[{"embeddable":true,"href":"https:\/\/ueberlebenskunst.at\/survivalshop\/wp-json\/wp\/v2\/comments?post=73732"}],"wp:featuredmedia":[{"embeddable":true,"href":"https:\/\/ueberlebenskunst.at\/survivalshop\/wp-json\/wp\/v2\/media\/73783"}],"wp:attachment":[{"href":"https:\/\/ueberlebenskunst.at\/survivalshop\/wp-json\/wp\/v2\/media?parent=73732"}],"wp:term":[{"taxonomy":"product_brand","embeddable":true,"href":"https:\/\/ueberlebenskunst.at\/survivalshop\/wp-json\/wp\/v2\/product_brand?post=73732"},{"taxonomy":"product_cat","embeddable":true,"href":"https:\/\/ueberlebenskunst.at\/survivalshop\/wp-json\/wp\/v2\/product_cat?post=73732"},{"taxonomy":"product_tag","embeddable":true,"href":"https:\/\/ueberlebenskunst.at\/survivalshop\/wp-json\/wp\/v2\/product_tag?post=73732"}],"curies":[{"name":"wp","href":"https:\/\/api.w.org\/{rel}","templated":true}]}}