{"id":73728,"date":"2022-02-17T11:03:20","date_gmt":"2022-02-17T10:03:20","guid":{"rendered":"https:\/\/ueberlebenskunst.at\/survivalshop\/?post_type=product&#038;p=73728"},"modified":"2024-06-01T09:16:16","modified_gmt":"2024-06-01T07:16:16","slug":"baummentor","status":"seo-produkt","type":"product","link":"https:\/\/ueberlebenskunst.at\/survivalshop\/shop\/baummentor\/","title":{"rendered":"Baummentor"},"content":{"rendered":"<p>Im Kurs zeigt dir Reini in \u00fcbersichtlichen und pr\u00e4gnanten Video wie du B\u00e4ume und Str\u00e4ucher sicher bestimmen kannst.<\/p>\n<p><strong>Im Kursumfang ist folgendes enthalten:<\/strong><\/p>\n<p>Reini \u00fcbermittelt dir wichtige Informationen zur Bestimmung und Nutzung der B\u00e4ume und Str\u00e4ucher (\u00fcber 50 Pflanzen) im Jahreszyklus.<\/p>\n<p>In diesem Kurs lernst du au\u00dferdem, wie du k\u00f6stliches Baumwasser gewinnen kannst und welche B\u00e4ume zu den wichtigsten Saftb\u00e4ume z\u00e4hlen.<\/p>\n<p>Das Bestimmen von B\u00e4umen und Str\u00e4uchern ohne Bl\u00e4tter in der kalten Jahreszeit kann eine Herausforderung sein. Reini zeigt dir Schritt f\u00fcr Schritt wie auch du diese F\u00e4higkeit erlangen kannst und gibt dir wertvolle Tricks um rascher zu einem Ergebnis zu kommen.<\/p>\n<p>Auch wichtige Details zum Lebenszyklus von B\u00e4umen sind Bestandteil des Kurses.<\/p>\n<p><span style=\"font-size: 18pt;\"><em><strong>Zielgruppe:\u00a0<\/strong><\/em><\/span><br \/>\nDer Kurs ist f\u00fcr <strong>Anf\u00e4nger<\/strong> geeignet. Durch die im Kurs enthaltenen umfangreichen Informationen, ist der Kurs auch f\u00fcr <strong>fortgeschrittene Pflanzeninteressierte<\/strong>\u00a0und <strong>Kr\u00e4uterp\u00e4dagogen<\/strong>, die ihr Wissen erweitern m\u00f6chten, geeignet.<\/p>\n<p>&nbsp;<\/p>\n<h3>H\u00e4ufige Fragen zum Baummentor<\/h3>\n<p><strong>Sind alle Teile der Eibe giftig?<\/strong><br \/>\nDie meisten Eibenarten, wie die Europ\u00e4ische Eibe (taxus baccata), enthalten sehr giftige Inhaltsstoffe wie Taxin. Giftig sind Rinde, Holz, Nadeln und Samen. Der rote Samenmantel enth\u00e4lt jedoch keine Giftstoffe und kann mit Vorsicht (!!!) damit der Kern nicht verschluckt wird gegessen werden.<\/p>\n<p><strong>Wann kann man Schlehen ernten?<\/strong><br \/>\nDie Schlehenfr\u00fcchte reifen ab September aus. Sie werden jedoch meist erst nach dem ersten Frost am Strauch geerntet. Durch Frosteinwirkung (Naturfrost oder Tiefk\u00fchlk\u00e4lte) wird ein Teil der bitter schmeckenden und adstringierend wirkenden Gerbstoffe in den Fr\u00fcchten enzymatisch abgebaut. Reif werden die Fr\u00fcchte beispielsweise zur Herstellung von Fruchtsaft und Obstwein sowie Marmelade und als Zusatz zu Lik\u00f6r verwendet. Nicht fertig ausgereift: k\u00f6nnen sie wie Oliven angesetzt werden.<\/p>\n<p><strong>Kann ich Holler mit giftigen Pflanzen verwechseln?<\/strong><br \/>\nJa, es gibt eine sehr \u00e4hnliche Pflanzen mit der der Schwarze Holunder\u202f(sambucus nigra) oft verwechselt wird. Doppelg\u00e4nger zum Holler: Der Zwerg-Holunder oder Attich (sambucus ebulus) \u2013 Es sind alle Pflanzenteile giftig!<\/p>\n","protected":false},"excerpt":{"rendered":"<p>Du m\u00f6chtest dein <strong>Wissen \u00fcber B\u00e4ume<\/strong> aufbauen oder vertiefen?<\/p>\n<p>Dann ist der Kurs f\u00fcr dich ideal!<\/p>\n<p>&nbsp;<\/p>\n<p><strong>Geeignet f\u00fcr:<\/strong> Anf\u00e4nger, Fortgeschrittene und Profis<\/p>\n<p>&nbsp;<\/p>\n","protected":false},"featured_media":73771,"comment_status":"closed","ping_status":"closed","template":"","meta":{"_acf_changed":false},"product_brand":[],"product_cat":[1864,1862],"product_tag":[],"class_list":{"0":"post-73728","1":"product","2":"type-product","3":"status-seo-produkt","4":"has-post-thumbnail","6":"product_cat-pflanzen-kurse","7":"product_cat-wissen-koennen","9":"first","10":"instock","11":"virtual","12":"sold-individually","13":"taxable","14":"product-type-simple"},"acf":[],"yoast_head":"<!-- This site is optimized with the Yoast SEO plugin v27.1.1 - https:\/\/yoast.com\/product\/yoast-seo-wordpress\/ -->\n<title>Baummentor - Reini Rossmann - Survival Shop<\/title>\n<meta name=\"robots\" content=\"index, follow, max-snippet:-1, max-image-preview:large, max-video-preview:-1\" \/>\n<link rel=\"canonical\" href=\"https:\/\/ueberlebenskunst.at\/survivalshop\/shop\/baummentor\/\" \/>\n<meta property=\"og:locale\" content=\"de_DE\" \/>\n<meta property=\"og:type\" content=\"article\" \/>\n<meta property=\"og:title\" content=\"Baummentor - Reini Rossmann - Survival Shop\" \/>\n<meta property=\"og:description\" content=\"Du m\u00f6chtest dein Wissen \u00fcber B\u00e4ume aufbauen oder vertiefen?  Dann ist der Kurs f\u00fcr dich ideal!  &nbsp;  Geeignet f\u00fcr: Anf\u00e4nger, Fortgeschrittene und Profis  &nbsp;\" \/>\n<meta property=\"og:url\" content=\"https:\/\/ueberlebenskunst.at\/survivalshop\/shop\/baummentor\/\" \/>\n<meta property=\"og:site_name\" content=\"Reini Rossmann - Survival Shop\" \/>\n<meta property=\"article:publisher\" content=\"https:\/\/www.facebook.com\/survival24.org\/\" \/>\n<meta property=\"article:modified_time\" content=\"2024-06-01T07:16:16+00:00\" \/>\n<meta property=\"og:image\" content=\"https:\/\/ueberlebenskunst.at\/survivalshop\/wp-content\/uploads\/2022\/02\/Baummentor-7_produkt.jpg\" \/>\n\t<meta property=\"og:image:width\" content=\"1606\" \/>\n\t<meta property=\"og:image:height\" content=\"1260\" \/>\n\t<meta property=\"og:image:type\" content=\"image\/jpeg\" \/>\n<meta name=\"twitter:card\" content=\"summary_large_image\" \/>\n<meta name=\"twitter:label1\" content=\"Gesch\u00e4tzte Lesezeit\" \/>\n\t<meta name=\"twitter:data1\" content=\"2\u00a0Minuten\" \/>\n<script type=\"application\/ld+json\" class=\"yoast-schema-graph\">{\"@context\":\"https:\/\/schema.org\",\"@graph\":[{\"@type\":\"WebPage\",\"@id\":\"https:\/\/ueberlebenskunst.at\/survivalshop\/shop\/baummentor\/\",\"url\":\"https:\/\/ueberlebenskunst.at\/survivalshop\/shop\/baummentor\/\",\"name\":\"Baummentor - Reini Rossmann - Survival Shop\",\"isPartOf\":{\"@id\":\"https:\/\/ueberlebenskunst.at\/survivalshop\/#website\"},\"primaryImageOfPage\":{\"@id\":\"https:\/\/ueberlebenskunst.at\/survivalshop\/shop\/baummentor\/#primaryimage\"},\"image\":{\"@id\":\"https:\/\/ueberlebenskunst.at\/survivalshop\/shop\/baummentor\/#primaryimage\"},\"thumbnailUrl\":\"https:\/\/ueberlebenskunst.at\/survivalshop\/wp-content\/uploads\/2022\/02\/Baummentor-7_produkt.jpg\",\"datePublished\":\"2022-02-17T10:03:20+00:00\",\"dateModified\":\"2024-06-01T07:16:16+00:00\",\"breadcrumb\":{\"@id\":\"https:\/\/ueberlebenskunst.at\/survivalshop\/shop\/baummentor\/#breadcrumb\"},\"inLanguage\":\"de\",\"potentialAction\":[{\"@type\":\"ReadAction\",\"target\":[\"https:\/\/ueberlebenskunst.at\/survivalshop\/shop\/baummentor\/\"]}]},{\"@type\":\"ImageObject\",\"inLanguage\":\"de\",\"@id\":\"https:\/\/ueberlebenskunst.at\/survivalshop\/shop\/baummentor\/#primaryimage\",\"url\":\"https:\/\/ueberlebenskunst.at\/survivalshop\/wp-content\/uploads\/2022\/02\/Baummentor-7_produkt.jpg\",\"contentUrl\":\"https:\/\/ueberlebenskunst.at\/survivalshop\/wp-content\/uploads\/2022\/02\/Baummentor-7_produkt.jpg\",\"width\":1606,\"height\":1260},{\"@type\":\"BreadcrumbList\",\"@id\":\"https:\/\/ueberlebenskunst.at\/survivalshop\/shop\/baummentor\/#breadcrumb\",\"itemListElement\":[{\"@type\":\"ListItem\",\"position\":1,\"name\":\"Startseite\",\"item\":\"https:\/\/ueberlebenskunst.at\/survivalshop\/\"},{\"@type\":\"ListItem\",\"position\":2,\"name\":\"Shop\",\"item\":\"https:\/\/ueberlebenskunst.at\/survivalshop\/shop\/\"},{\"@type\":\"ListItem\",\"position\":3,\"name\":\"Baummentor\"}]},{\"@type\":\"WebSite\",\"@id\":\"https:\/\/ueberlebenskunst.at\/survivalshop\/#website\",\"url\":\"https:\/\/ueberlebenskunst.at\/survivalshop\/\",\"name\":\"Reini Rossmann - Survival Shop\",\"description\":\"Survival Shop f\u00fcr Survival, Bushcraft und Prepper\",\"potentialAction\":[{\"@type\":\"SearchAction\",\"target\":{\"@type\":\"EntryPoint\",\"urlTemplate\":\"https:\/\/ueberlebenskunst.at\/survivalshop\/?s={search_term_string}\"},\"query-input\":{\"@type\":\"PropertyValueSpecification\",\"valueRequired\":true,\"valueName\":\"search_term_string\"}}],\"inLanguage\":\"de\"}]}<\/script>\n<!-- \/ Yoast SEO plugin. -->","yoast_head_json":{"title":"Baummentor - Reini Rossmann - Survival Shop","robots":{"index":"index","follow":"follow","max-snippet":"max-snippet:-1","max-image-preview":"max-image-preview:large","max-video-preview":"max-video-preview:-1"},"canonical":"https:\/\/ueberlebenskunst.at\/survivalshop\/shop\/baummentor\/","og_locale":"de_DE","og_type":"article","og_title":"Baummentor - Reini Rossmann - Survival Shop","og_description":"Du m\u00f6chtest dein Wissen \u00fcber B\u00e4ume aufbauen oder vertiefen?  Dann ist der Kurs f\u00fcr dich ideal!  &nbsp;  Geeignet f\u00fcr: Anf\u00e4nger, Fortgeschrittene und Profis  &nbsp;","og_url":"https:\/\/ueberlebenskunst.at\/survivalshop\/shop\/baummentor\/","og_site_name":"Reini Rossmann - Survival Shop","article_publisher":"https:\/\/www.facebook.com\/survival24.org\/","article_modified_time":"2024-06-01T07:16:16+00:00","og_image":[{"width":1606,"height":1260,"url":"https:\/\/ueberlebenskunst.at\/survivalshop\/wp-content\/uploads\/2022\/02\/Baummentor-7_produkt.jpg","type":"image\/jpeg"}],"twitter_card":"summary_large_image","twitter_misc":{"Gesch\u00e4tzte Lesezeit":"2\u00a0Minuten"},"schema":{"@context":"https:\/\/schema.org","@graph":[{"@type":"WebPage","@id":"https:\/\/ueberlebenskunst.at\/survivalshop\/shop\/baummentor\/","url":"https:\/\/ueberlebenskunst.at\/survivalshop\/shop\/baummentor\/","name":"Baummentor - Reini Rossmann - Survival Shop","isPartOf":{"@id":"https:\/\/ueberlebenskunst.at\/survivalshop\/#website"},"primaryImageOfPage":{"@id":"https:\/\/ueberlebenskunst.at\/survivalshop\/shop\/baummentor\/#primaryimage"},"image":{"@id":"https:\/\/ueberlebenskunst.at\/survivalshop\/shop\/baummentor\/#primaryimage"},"thumbnailUrl":"https:\/\/ueberlebenskunst.at\/survivalshop\/wp-content\/uploads\/2022\/02\/Baummentor-7_produkt.jpg","datePublished":"2022-02-17T10:03:20+00:00","dateModified":"2024-06-01T07:16:16+00:00","breadcrumb":{"@id":"https:\/\/ueberlebenskunst.at\/survivalshop\/shop\/baummentor\/#breadcrumb"},"inLanguage":"de","potentialAction":[{"@type":"ReadAction","target":["https:\/\/ueberlebenskunst.at\/survivalshop\/shop\/baummentor\/"]}]},{"@type":"ImageObject","inLanguage":"de","@id":"https:\/\/ueberlebenskunst.at\/survivalshop\/shop\/baummentor\/#primaryimage","url":"https:\/\/ueberlebenskunst.at\/survivalshop\/wp-content\/uploads\/2022\/02\/Baummentor-7_produkt.jpg","contentUrl":"https:\/\/ueberlebenskunst.at\/survivalshop\/wp-content\/uploads\/2022\/02\/Baummentor-7_produkt.jpg","width":1606,"height":1260},{"@type":"BreadcrumbList","@id":"https:\/\/ueberlebenskunst.at\/survivalshop\/shop\/baummentor\/#breadcrumb","itemListElement":[{"@type":"ListItem","position":1,"name":"Startseite","item":"https:\/\/ueberlebenskunst.at\/survivalshop\/"},{"@type":"ListItem","position":2,"name":"Shop","item":"https:\/\/ueberlebenskunst.at\/survivalshop\/shop\/"},{"@type":"ListItem","position":3,"name":"Baummentor"}]},{"@type":"WebSite","@id":"https:\/\/ueberlebenskunst.at\/survivalshop\/#website","url":"https:\/\/ueberlebenskunst.at\/survivalshop\/","name":"Reini Rossmann - Survival Shop","description":"Survival Shop f\u00fcr Survival, Bushcraft und Prepper","potentialAction":[{"@type":"SearchAction","target":{"@type":"EntryPoint","urlTemplate":"https:\/\/ueberlebenskunst.at\/survivalshop\/?s={search_term_string}"},"query-input":{"@type":"PropertyValueSpecification","valueRequired":true,"valueName":"search_term_string"}}],"inLanguage":"de"}]}},"_links":{"self":[{"href":"https:\/\/ueberlebenskunst.at\/survivalshop\/wp-json\/wp\/v2\/product\/73728","targetHints":{"allow":["GET"]}}],"collection":[{"href":"https:\/\/ueberlebenskunst.at\/survivalshop\/wp-json\/wp\/v2\/product"}],"about":[{"href":"https:\/\/ueberlebenskunst.at\/survivalshop\/wp-json\/wp\/v2\/types\/product"}],"replies":[{"embeddable":true,"href":"https:\/\/ueberlebenskunst.at\/survivalshop\/wp-json\/wp\/v2\/comments?post=73728"}],"wp:featuredmedia":[{"embeddable":true,"href":"https:\/\/ueberlebenskunst.at\/survivalshop\/wp-json\/wp\/v2\/media\/73771"}],"wp:attachment":[{"href":"https:\/\/ueberlebenskunst.at\/survivalshop\/wp-json\/wp\/v2\/media?parent=73728"}],"wp:term":[{"taxonomy":"product_brand","embeddable":true,"href":"https:\/\/ueberlebenskunst.at\/survivalshop\/wp-json\/wp\/v2\/product_brand?post=73728"},{"taxonomy":"product_cat","embeddable":true,"href":"https:\/\/ueberlebenskunst.at\/survivalshop\/wp-json\/wp\/v2\/product_cat?post=73728"},{"taxonomy":"product_tag","embeddable":true,"href":"https:\/\/ueberlebenskunst.at\/survivalshop\/wp-json\/wp\/v2\/product_tag?post=73728"}],"curies":[{"name":"wp","href":"https:\/\/api.w.org\/{rel}","templated":true}]}}