{"id":6437,"date":"2018-06-15T10:46:43","date_gmt":"2018-06-15T08:46:43","guid":{"rendered":"https:\/\/ueberlebenskunst.at\/survivalshop\/survivalshop\/?post_type=product&#038;p=6437"},"modified":"2026-02-09T08:36:03","modified_gmt":"2026-02-09T07:36:03","slug":"reinis-survival-multi-tool-stift","status":"seo-produkt","type":"product","link":"https:\/\/ueberlebenskunst.at\/survivalshop\/shop\/reinis-survival-multi-tool-stift\/","title":{"rendered":"Reinis Survival Multi Tool Stift"},"content":{"rendered":"<h3>Feuerstahl &#8211; Mini Schaber &#8211; Signalpfeife &#8211; Glasbrecher<\/h3>\n<p>Ja, das sind die Funktionen von Reinis Survival Multi Tool.<br \/>\nNach den Vorstellungen von Reini gefertigt, bietet dir dieser Stift im Stil einer Tactical Pen alles zum Bew\u00e4ltigen von echten Survival Situationen. Reinis erstes Survival Tool.<\/p>\n<h3>Zwei Welten &#8211; Ein Survival Tool<\/h3>\n<p>Dieser Survival Stift f\u00fcr Gefahren in der Natur sowie in der Stadt gedacht.<br \/>\nDoch was sind die wichtigsten Gefahren in diesen beiden Welten?<\/p>\n<p><strong>Killer #1 in der Natur ist die Unterk\u00fchlung, <\/strong>und daf\u00fcr hat Reini einen Feuerstahl inklusive Raum f\u00fcr <strong>Notfall-Zunder<\/strong> vorgesehen. Denn damit kannst du in jeder Situation ein w\u00e4rmendes Feuer in Gang setzen.<br \/>\nDer integrierte Feuerstahl kann mit dem verbauten<strong>\u00a0Schaber<\/strong> benutzt werden. Reini zeigt dir in einem kostenlosen Video Training wie du mit diesem Stift Feuer auch bei Regen machen kannst.<\/p>\n<p>Um in der Stadt Gefahren abwehren zu k\u00f6nnen, ist ein <strong>Glasbrecher<\/strong> verbaut. Ganz nach Reinis Motto der Multifunktion, eben ein Gegenstand f\u00fcr mehrere Anwendungen.<\/p>\n<p>Zudem kommt ein \u00fcber 100 db starke <strong>Signalpfeife<\/strong>.<\/p>\n<p><a href=\"https:\/\/ueberlebenskunst.at\/survivalshop\/wp-content\/uploads\/2018\/06\/Survival-Stift-Reini-Rossmann-Ueberblick_ohne.jpg\"><img decoding=\"async\" class=\"alignnone wp-image-175015 \" src=\"https:\/\/ueberlebenskunst.at\/survivalshop\/wp-content\/uploads\/2018\/06\/Survival-Stift-Reini-Rossmann-Ueberblick_ohne-1024x689.jpg\" alt=\"\" width=\"514\" height=\"346\" srcset=\"https:\/\/ueberlebenskunst.at\/survivalshop\/wp-content\/uploads\/2018\/06\/Survival-Stift-Reini-Rossmann-Ueberblick_ohne-1024x689.jpg 1024w, https:\/\/ueberlebenskunst.at\/survivalshop\/wp-content\/uploads\/2018\/06\/Survival-Stift-Reini-Rossmann-Ueberblick_ohne-300x202.jpg 300w, https:\/\/ueberlebenskunst.at\/survivalshop\/wp-content\/uploads\/2018\/06\/Survival-Stift-Reini-Rossmann-Ueberblick_ohne-768x517.jpg 768w, https:\/\/ueberlebenskunst.at\/survivalshop\/wp-content\/uploads\/2018\/06\/Survival-Stift-Reini-Rossmann-Ueberblick_ohne-1536x1034.jpg 1536w, https:\/\/ueberlebenskunst.at\/survivalshop\/wp-content\/uploads\/2018\/06\/Survival-Stift-Reini-Rossmann-Ueberblick_ohne-600x404.jpg 600w, https:\/\/ueberlebenskunst.at\/survivalshop\/wp-content\/uploads\/2018\/06\/Survival-Stift-Reini-Rossmann-Ueberblick_ohne-64x43.jpg 64w, https:\/\/ueberlebenskunst.at\/survivalshop\/wp-content\/uploads\/2018\/06\/Survival-Stift-Reini-Rossmann-Ueberblick_ohne.jpg 1640w\" sizes=\"(max-width: 514px) 100vw, 514px\" \/><\/a><\/p>\n<h3>Kostenloser Video-Anleitungskurs inklusive<\/h3>\n<p>Du bekommst zu diesem Survival Stift auch Zugang zu einem Video-Kurs. Dort lernst du alles, um mit dem Feuerstahl effektiv umgehen zu k\u00f6nnen. Reini zeigt dir spezielle Techniken, um mit Hilfe des Survival Stift auch bei Regen ein w\u00e4rmendes Feuer in Gang zu bekommen.<\/p>\n<p>Dazu kommt ein Videoseminar, in dem du den Umgang mit dem Glasbrecher zur Abwehr von Angriffen lernst. Das stiftf\u00f6rmige Multi Tool ist auf Grund des Design auch zur Not als (wie viele andere Gegenst\u00e4nde des t\u00e4glichen Lebens) zur Abwehr von Angriffen einsetzbar.<br \/>\nMit diesen Schritt-f\u00fcr-Schritt Anleitungen kannst du dein Survival Tool effektiv einsetzen und anwenden.<\/p>\n<p><a href=\"https:\/\/ueberlebenskunst.at\/survivalshop\/survivalshop\/wp-content\/uploads\/2018\/06\/Reini-Rossmann-Survival-Pen-Box.jpg\" target=\"_blank\" rel=\"noopener noreferrer\"><img decoding=\"async\" class=\"alignnone wp-image-6451\" src=\"https:\/\/ueberlebenskunst.at\/survivalshop\/survivalshop\/wp-content\/uploads\/2018\/06\/Reini-Rossmann-Survival-Pen-Box-1024x994.jpg\" alt=\"Tactical Pen\" width=\"355\" height=\"344\" srcset=\"https:\/\/ueberlebenskunst.at\/survivalshop\/wp-content\/uploads\/2018\/06\/Reini-Rossmann-Survival-Pen-Box-1024x994.jpg 1024w, https:\/\/ueberlebenskunst.at\/survivalshop\/wp-content\/uploads\/2018\/06\/Reini-Rossmann-Survival-Pen-Box-300x291.jpg 300w, https:\/\/ueberlebenskunst.at\/survivalshop\/wp-content\/uploads\/2018\/06\/Reini-Rossmann-Survival-Pen-Box-600x582.jpg 600w, https:\/\/ueberlebenskunst.at\/survivalshop\/wp-content\/uploads\/2018\/06\/Reini-Rossmann-Survival-Pen-Box-768x746.jpg 768w, https:\/\/ueberlebenskunst.at\/survivalshop\/wp-content\/uploads\/2018\/06\/Reini-Rossmann-Survival-Pen-Box.jpg 1094w\" sizes=\"(max-width: 355px) 100vw, 355px\" \/><\/a><\/p>\n<p>&nbsp;<\/p>\n<p><strong>Lieferumfang Tactical Pen Ausf\u00fchrung <em>B-Ware<\/em> ohne Verpackung:<\/strong><\/p>\n<ul>\n<li>Survival Multi Tool B-Ware<\/li>\n<li>Zugang zu kostenlosen Video-Kurs zum Umgang mit dem Multi Tool<\/li>\n<\/ul>\n<p><strong>Was bedeutet B-Ware?<\/strong> Die Multi Tools sind absolut neu und voll funktionsf\u00e4hig, weisen aber die eine oder andere kleine Macke auf. Zum Beispiel:<\/p>\n<ul>\n<li><strong>Das Logo ist nicht perfekt ausgepr\u00e4gt.<\/strong><\/li>\n<li><strong>Es fehlt m\u00f6glicherweise der D-Ring.<\/strong><\/li>\n<li>Der integrierte Feuerstahl ist leicht zerkratzt\/abgeplatzt.<\/li>\n<li>Die Verklebung des integrierten Messers weist kleine Fehler auf (Kleberreste).<\/li>\n<li>Im Lieferumfang ist <strong>KEIN<\/strong> Ersatzfeuerstahl enthalten (dieser ist nur bei A-Ware vorhanden).<\/li>\n<\/ul>\n<p>Es sind weder Funktion noch Stabilit\u00e4t des Tools betroffen, es geht lediglich um Optik und perfektes Aussehen &#8211; dies ist bei der B-Ware nicht zu 100 Prozent gegeben.<\/p>\n<p>&nbsp;<\/p>\n<p><a href=\"https:\/\/ueberlebenskunst.at\/survivalshop\/wp-content\/uploads\/2021\/11\/Logo_Kinder.png\"><img decoding=\"async\" class=\"alignnone size-medium wp-image-179571\" src=\"https:\/\/ueberlebenskunst.at\/survivalshop\/wp-content\/uploads\/2021\/11\/Logo_Kinder-300x126.png\" alt=\"\" width=\"300\" height=\"126\" srcset=\"https:\/\/ueberlebenskunst.at\/survivalshop\/wp-content\/uploads\/2021\/11\/Logo_Kinder-300x126.png 300w, https:\/\/ueberlebenskunst.at\/survivalshop\/wp-content\/uploads\/2021\/11\/Logo_Kinder-64x27.png 64w, https:\/\/ueberlebenskunst.at\/survivalshop\/wp-content\/uploads\/2021\/11\/Logo_Kinder.png 401w\" sizes=\"(max-width: 300px) 100vw, 300px\" \/><\/a><\/p>\n","protected":false},"excerpt":{"rendered":"<p>Reini\u00b4s Survival Stift. Ein Multitool f\u00fcr Natur und Stadt.<br \/>\nFeuerstahl, Mini-Schaber, Signal-Pfeife, Glasbrecher.<\/p>\n","protected":false},"featured_media":6439,"comment_status":"open","ping_status":"closed","template":"","meta":{"_acf_changed":false},"product_brand":[],"product_cat":[2352],"product_tag":[270,784,1564],"class_list":{"0":"post-6437","1":"product","2":"type-product","3":"status-seo-produkt","4":"has-post-thumbnail","6":"product_cat-b-ware","7":"product_tag-edc","8":"product_tag-multitool","9":"product_tag-survival-tool","10":"product_shipping_class-kostenloser-versand-produkte","11":"pa_farbe-b-ware-orange-mit-verpackung","12":"pa_farbe-b-ware-orange-ohne-verpackung","13":"pa_farbe-b-ware-schwarz-mit-verpackung","14":"pa_farbe-b-ware-schwarz-ohne-verpackung","15":"pa_farbe-c-ware-schwarz-ohne-verpackung","16":"pa_farbe-orange","17":"pa_farbe-schwarz","18":"pa_farbe-schwarz-ohne-verpackung","20":"first","21":"outofstock","22":"sale","23":"taxable","24":"shipping-taxable","25":"product-type-variable","26":"has-default-attributes"},"acf":[],"yoast_head":"<!-- This site is optimized with the Yoast SEO plugin v27.1.1 - https:\/\/yoast.com\/product\/yoast-seo-wordpress\/ -->\n<title>Reinis Survival Multi Tool Stift - Reini Rossmann - Survival Shop<\/title>\n<meta name=\"description\" content=\"Nach den Vorstellungen von Reini gefertigt, bietet Dir dieser Stift im Stile einer Tactical Pen alles,was zum Bew\u00e4ltigen von echten Survival Situationen n\u00f6tig ist. Reini\u00b4s erstes Survival Tool.\" \/>\n<meta name=\"robots\" content=\"index, follow, max-snippet:-1, max-image-preview:large, max-video-preview:-1\" \/>\n<link rel=\"canonical\" href=\"https:\/\/ueberlebenskunst.at\/survivalshop\/shop\/reinis-survival-multi-tool-stift\/\" \/>\n<meta property=\"og:locale\" content=\"de_DE\" \/>\n<meta property=\"og:type\" content=\"article\" \/>\n<meta property=\"og:title\" content=\"Reinis Survival Multi Tool Stift - Reini Rossmann - Survival Shop\" \/>\n<meta property=\"og:description\" content=\"Nach den Vorstellungen von Reini gefertigt, bietet Dir dieser Stift im Stile einer Tactical Pen alles,was zum Bew\u00e4ltigen von echten Survival Situationen n\u00f6tig ist. Reini\u00b4s erstes Survival Tool.\" \/>\n<meta property=\"og:url\" content=\"https:\/\/ueberlebenskunst.at\/survivalshop\/shop\/reinis-survival-multi-tool-stift\/\" \/>\n<meta property=\"og:site_name\" content=\"Reini Rossmann - Survival Shop\" \/>\n<meta property=\"article:publisher\" content=\"https:\/\/www.facebook.com\/survival24.org\/\" \/>\n<meta property=\"article:modified_time\" content=\"2026-02-09T07:36:03+00:00\" \/>\n<meta property=\"og:image\" content=\"https:\/\/ueberlebenskunst.at\/survivalshop\/wp-content\/uploads\/2018\/06\/Survival-Stift-Reini-Rossmann-orange.jpg\" \/>\n\t<meta property=\"og:image:width\" content=\"1164\" \/>\n\t<meta property=\"og:image:height\" content=\"884\" \/>\n\t<meta property=\"og:image:type\" content=\"image\/jpeg\" \/>\n<meta name=\"twitter:card\" content=\"summary_large_image\" \/>\n<meta name=\"twitter:label1\" content=\"Gesch\u00e4tzte Lesezeit\" \/>\n\t<meta name=\"twitter:data1\" content=\"3\u00a0Minuten\" \/>\n<script type=\"application\/ld+json\" class=\"yoast-schema-graph\">{\"@context\":\"https:\/\/schema.org\",\"@graph\":[{\"@type\":\"WebPage\",\"@id\":\"https:\/\/ueberlebenskunst.at\/survivalshop\/shop\/reinis-survival-multi-tool-stift\/\",\"url\":\"https:\/\/ueberlebenskunst.at\/survivalshop\/shop\/reinis-survival-multi-tool-stift\/\",\"name\":\"Reinis Survival Multi Tool Stift - Reini Rossmann - Survival Shop\",\"isPartOf\":{\"@id\":\"https:\/\/ueberlebenskunst.at\/survivalshop\/#website\"},\"primaryImageOfPage\":{\"@id\":\"https:\/\/ueberlebenskunst.at\/survivalshop\/shop\/reinis-survival-multi-tool-stift\/#primaryimage\"},\"image\":{\"@id\":\"https:\/\/ueberlebenskunst.at\/survivalshop\/shop\/reinis-survival-multi-tool-stift\/#primaryimage\"},\"thumbnailUrl\":\"https:\/\/ueberlebenskunst.at\/survivalshop\/wp-content\/uploads\/2018\/06\/Survival-Stift-Reini-Rossmann-orange.jpg\",\"datePublished\":\"2018-06-15T08:46:43+00:00\",\"dateModified\":\"2026-02-09T07:36:03+00:00\",\"description\":\"Nach den Vorstellungen von Reini gefertigt, bietet Dir dieser Stift im Stile einer Tactical Pen alles,was zum Bew\u00e4ltigen von echten Survival Situationen n\u00f6tig ist. Reini\u00b4s erstes Survival Tool.\",\"breadcrumb\":{\"@id\":\"https:\/\/ueberlebenskunst.at\/survivalshop\/shop\/reinis-survival-multi-tool-stift\/#breadcrumb\"},\"inLanguage\":\"de\",\"potentialAction\":[{\"@type\":\"ReadAction\",\"target\":[\"https:\/\/ueberlebenskunst.at\/survivalshop\/shop\/reinis-survival-multi-tool-stift\/\"]}]},{\"@type\":\"ImageObject\",\"inLanguage\":\"de\",\"@id\":\"https:\/\/ueberlebenskunst.at\/survivalshop\/shop\/reinis-survival-multi-tool-stift\/#primaryimage\",\"url\":\"https:\/\/ueberlebenskunst.at\/survivalshop\/wp-content\/uploads\/2018\/06\/Survival-Stift-Reini-Rossmann-orange.jpg\",\"contentUrl\":\"https:\/\/ueberlebenskunst.at\/survivalshop\/wp-content\/uploads\/2018\/06\/Survival-Stift-Reini-Rossmann-orange.jpg\",\"width\":1164,\"height\":884},{\"@type\":\"BreadcrumbList\",\"@id\":\"https:\/\/ueberlebenskunst.at\/survivalshop\/shop\/reinis-survival-multi-tool-stift\/#breadcrumb\",\"itemListElement\":[{\"@type\":\"ListItem\",\"position\":1,\"name\":\"Startseite\",\"item\":\"https:\/\/ueberlebenskunst.at\/survivalshop\/\"},{\"@type\":\"ListItem\",\"position\":2,\"name\":\"Shop\",\"item\":\"https:\/\/ueberlebenskunst.at\/survivalshop\/shop\/\"},{\"@type\":\"ListItem\",\"position\":3,\"name\":\"Reinis Survival Multi Tool Stift\"}]},{\"@type\":\"WebSite\",\"@id\":\"https:\/\/ueberlebenskunst.at\/survivalshop\/#website\",\"url\":\"https:\/\/ueberlebenskunst.at\/survivalshop\/\",\"name\":\"Reini Rossmann - Survival Shop\",\"description\":\"Survival Shop f\u00fcr Survival, Bushcraft und Prepper\",\"potentialAction\":[{\"@type\":\"SearchAction\",\"target\":{\"@type\":\"EntryPoint\",\"urlTemplate\":\"https:\/\/ueberlebenskunst.at\/survivalshop\/?s={search_term_string}\"},\"query-input\":{\"@type\":\"PropertyValueSpecification\",\"valueRequired\":true,\"valueName\":\"search_term_string\"}}],\"inLanguage\":\"de\"}]}<\/script>\n<!-- \/ Yoast SEO plugin. -->","yoast_head_json":{"title":"Reinis Survival Multi Tool Stift - Reini Rossmann - Survival Shop","description":"Nach den Vorstellungen von Reini gefertigt, bietet Dir dieser Stift im Stile einer Tactical Pen alles,was zum Bew\u00e4ltigen von echten Survival Situationen n\u00f6tig ist. Reini\u00b4s erstes Survival Tool.","robots":{"index":"index","follow":"follow","max-snippet":"max-snippet:-1","max-image-preview":"max-image-preview:large","max-video-preview":"max-video-preview:-1"},"canonical":"https:\/\/ueberlebenskunst.at\/survivalshop\/shop\/reinis-survival-multi-tool-stift\/","og_locale":"de_DE","og_type":"article","og_title":"Reinis Survival Multi Tool Stift - Reini Rossmann - Survival Shop","og_description":"Nach den Vorstellungen von Reini gefertigt, bietet Dir dieser Stift im Stile einer Tactical Pen alles,was zum Bew\u00e4ltigen von echten Survival Situationen n\u00f6tig ist. Reini\u00b4s erstes Survival Tool.","og_url":"https:\/\/ueberlebenskunst.at\/survivalshop\/shop\/reinis-survival-multi-tool-stift\/","og_site_name":"Reini Rossmann - Survival Shop","article_publisher":"https:\/\/www.facebook.com\/survival24.org\/","article_modified_time":"2026-02-09T07:36:03+00:00","og_image":[{"width":1164,"height":884,"url":"https:\/\/ueberlebenskunst.at\/survivalshop\/wp-content\/uploads\/2018\/06\/Survival-Stift-Reini-Rossmann-orange.jpg","type":"image\/jpeg"}],"twitter_card":"summary_large_image","twitter_misc":{"Gesch\u00e4tzte Lesezeit":"3\u00a0Minuten"},"schema":{"@context":"https:\/\/schema.org","@graph":[{"@type":"WebPage","@id":"https:\/\/ueberlebenskunst.at\/survivalshop\/shop\/reinis-survival-multi-tool-stift\/","url":"https:\/\/ueberlebenskunst.at\/survivalshop\/shop\/reinis-survival-multi-tool-stift\/","name":"Reinis Survival Multi Tool Stift - Reini Rossmann - Survival Shop","isPartOf":{"@id":"https:\/\/ueberlebenskunst.at\/survivalshop\/#website"},"primaryImageOfPage":{"@id":"https:\/\/ueberlebenskunst.at\/survivalshop\/shop\/reinis-survival-multi-tool-stift\/#primaryimage"},"image":{"@id":"https:\/\/ueberlebenskunst.at\/survivalshop\/shop\/reinis-survival-multi-tool-stift\/#primaryimage"},"thumbnailUrl":"https:\/\/ueberlebenskunst.at\/survivalshop\/wp-content\/uploads\/2018\/06\/Survival-Stift-Reini-Rossmann-orange.jpg","datePublished":"2018-06-15T08:46:43+00:00","dateModified":"2026-02-09T07:36:03+00:00","description":"Nach den Vorstellungen von Reini gefertigt, bietet Dir dieser Stift im Stile einer Tactical Pen alles,was zum Bew\u00e4ltigen von echten Survival Situationen n\u00f6tig ist. Reini\u00b4s erstes Survival Tool.","breadcrumb":{"@id":"https:\/\/ueberlebenskunst.at\/survivalshop\/shop\/reinis-survival-multi-tool-stift\/#breadcrumb"},"inLanguage":"de","potentialAction":[{"@type":"ReadAction","target":["https:\/\/ueberlebenskunst.at\/survivalshop\/shop\/reinis-survival-multi-tool-stift\/"]}]},{"@type":"ImageObject","inLanguage":"de","@id":"https:\/\/ueberlebenskunst.at\/survivalshop\/shop\/reinis-survival-multi-tool-stift\/#primaryimage","url":"https:\/\/ueberlebenskunst.at\/survivalshop\/wp-content\/uploads\/2018\/06\/Survival-Stift-Reini-Rossmann-orange.jpg","contentUrl":"https:\/\/ueberlebenskunst.at\/survivalshop\/wp-content\/uploads\/2018\/06\/Survival-Stift-Reini-Rossmann-orange.jpg","width":1164,"height":884},{"@type":"BreadcrumbList","@id":"https:\/\/ueberlebenskunst.at\/survivalshop\/shop\/reinis-survival-multi-tool-stift\/#breadcrumb","itemListElement":[{"@type":"ListItem","position":1,"name":"Startseite","item":"https:\/\/ueberlebenskunst.at\/survivalshop\/"},{"@type":"ListItem","position":2,"name":"Shop","item":"https:\/\/ueberlebenskunst.at\/survivalshop\/shop\/"},{"@type":"ListItem","position":3,"name":"Reinis Survival Multi Tool Stift"}]},{"@type":"WebSite","@id":"https:\/\/ueberlebenskunst.at\/survivalshop\/#website","url":"https:\/\/ueberlebenskunst.at\/survivalshop\/","name":"Reini Rossmann - Survival Shop","description":"Survival Shop f\u00fcr Survival, Bushcraft und Prepper","potentialAction":[{"@type":"SearchAction","target":{"@type":"EntryPoint","urlTemplate":"https:\/\/ueberlebenskunst.at\/survivalshop\/?s={search_term_string}"},"query-input":{"@type":"PropertyValueSpecification","valueRequired":true,"valueName":"search_term_string"}}],"inLanguage":"de"}]}},"_links":{"self":[{"href":"https:\/\/ueberlebenskunst.at\/survivalshop\/wp-json\/wp\/v2\/product\/6437","targetHints":{"allow":["GET"]}}],"collection":[{"href":"https:\/\/ueberlebenskunst.at\/survivalshop\/wp-json\/wp\/v2\/product"}],"about":[{"href":"https:\/\/ueberlebenskunst.at\/survivalshop\/wp-json\/wp\/v2\/types\/product"}],"replies":[{"embeddable":true,"href":"https:\/\/ueberlebenskunst.at\/survivalshop\/wp-json\/wp\/v2\/comments?post=6437"}],"wp:featuredmedia":[{"embeddable":true,"href":"https:\/\/ueberlebenskunst.at\/survivalshop\/wp-json\/wp\/v2\/media\/6439"}],"wp:attachment":[{"href":"https:\/\/ueberlebenskunst.at\/survivalshop\/wp-json\/wp\/v2\/media?parent=6437"}],"wp:term":[{"taxonomy":"product_brand","embeddable":true,"href":"https:\/\/ueberlebenskunst.at\/survivalshop\/wp-json\/wp\/v2\/product_brand?post=6437"},{"taxonomy":"product_cat","embeddable":true,"href":"https:\/\/ueberlebenskunst.at\/survivalshop\/wp-json\/wp\/v2\/product_cat?post=6437"},{"taxonomy":"product_tag","embeddable":true,"href":"https:\/\/ueberlebenskunst.at\/survivalshop\/wp-json\/wp\/v2\/product_tag?post=6437"}],"curies":[{"name":"wp","href":"https:\/\/api.w.org\/{rel}","templated":true}]}}