{"id":59163,"date":"2021-12-21T13:04:49","date_gmt":"2021-12-21T12:04:49","guid":{"rendered":"https:\/\/ueberlebenskunst.at\/survivalshop\/?post_type=product&#038;p=59163"},"modified":"2025-09-26T08:27:10","modified_gmt":"2025-09-26T06:27:10","slug":"midgards-messer-the-beowulf-folder","status":"seo-produkt","type":"product","link":"https:\/\/ueberlebenskunst.at\/survivalshop\/shop\/midgards-messer-the-beowulf-folder\/","title":{"rendered":"Midgards-Messer The Beowulf Folder"},"content":{"rendered":"<p><iframe hcb-fetch-image-from=\"https:\/\/youtu.be\/69vZi1WANNE\" title=\"Midgards Messer - Der Beowulf Folder im Test\" width=\"640\" height=\"360\" src=\"https:\/\/www.youtube.com\/embed\/69vZi1WANNE?feature=oembed\" frameborder=\"0\" allow=\"accelerometer; autoplay; clipboard-write; encrypted-media; gyroscope; picture-in-picture; web-share\" referrerpolicy=\"strict-origin-when-cross-origin\" allowfullscreen><\/iframe><\/p>\n<h3>Midgards Messer The Beowulf Folder<\/h3>\n<p>Ideal f\u00fcr Outdoor, Survival, J\u00e4ger oder Bushcrafter und Messersammler \ud83d\ude42<\/p>\n<p><strong>Der Beowulf Folder besteht aus folgenden Komponenten:<\/strong><\/p>\n<ul>\n<li>Klingenl\u00e4nge: 9 cm<\/li>\n<li>Klingendicke: 6 mm<\/li>\n<li>CPMD2 Stahl<\/li>\n<li>Griffschalen aus 6 mm dickem Titan<\/li>\n<li>Clip und Spacer aus Titan<\/li>\n<li>Glasbrecher:\u00a0 64 HRC Stahl mit extra Framelock Sicherung<\/li>\n<li>Das Messer ist durch den zus\u00e4tzlichen Sicherungsbolzen \u00a742a konform. Der Bolzen wird in das geschlossene wie offene Messer als zus\u00e4tzliche Sicherung eingesetzt.<\/li>\n<\/ul>\n","protected":false},"excerpt":{"rendered":"<p>stark begrenzte St\u00fcckzahl!<\/p>\n","protected":false},"featured_media":59169,"comment_status":"open","ping_status":"closed","template":"","meta":{"_acf_changed":false},"product_brand":[],"product_cat":[426],"product_tag":[270,859,1156],"class_list":{"0":"post-59163","1":"product","2":"type-product","3":"status-seo-produkt","4":"has-post-thumbnail","6":"product_cat-unkategorisiert","7":"product_tag-edc","8":"product_tag-klappmesser","9":"product_tag-midgards-messer","11":"first","12":"outofstock","13":"taxable","14":"shipping-taxable","15":"product-type-simple"},"acf":[],"yoast_head":"<!-- This site is optimized with the Yoast SEO plugin v27.1.1 - https:\/\/yoast.com\/product\/yoast-seo-wordpress\/ -->\n<title>Midgards-Messer The Beowulf Folder<\/title>\n<meta name=\"description\" content=\"Ideal f\u00fcr Outdoor, Survival, J\u00e4ger oder Bushcrafter. Das Messer ist durch den zus\u00e4tzlichen Sicherungsbolzen \u00a742a konform.\" \/>\n<meta name=\"robots\" content=\"index, follow, max-snippet:-1, max-image-preview:large, max-video-preview:-1\" \/>\n<link rel=\"canonical\" href=\"https:\/\/ueberlebenskunst.at\/survivalshop\/shop\/midgards-messer-the-beowulf-folder\/\" \/>\n<meta property=\"og:locale\" content=\"de_DE\" \/>\n<meta property=\"og:type\" content=\"article\" \/>\n<meta property=\"og:title\" content=\"Midgards-Messer The Beowulf Folder\" \/>\n<meta property=\"og:description\" content=\"Ideal f\u00fcr Outdoor, Survival, J\u00e4ger oder Bushcrafter. Das Messer ist durch den zus\u00e4tzlichen Sicherungsbolzen \u00a742a konform.\" \/>\n<meta property=\"og:url\" content=\"https:\/\/ueberlebenskunst.at\/survivalshop\/shop\/midgards-messer-the-beowulf-folder\/\" \/>\n<meta property=\"og:site_name\" content=\"Reini Rossmann - Survival Shop\" \/>\n<meta property=\"article:publisher\" content=\"https:\/\/www.facebook.com\/survival24.org\/\" \/>\n<meta property=\"article:modified_time\" content=\"2025-09-26T06:27:10+00:00\" \/>\n<meta property=\"og:image\" content=\"https:\/\/ueberlebenskunst.at\/survivalshop\/wp-content\/uploads\/2021\/12\/MidgardsMesser_The_Beowulf_Folder-1.jpg\" \/>\n\t<meta property=\"og:image:width\" content=\"497\" \/>\n\t<meta property=\"og:image:height\" content=\"300\" \/>\n\t<meta property=\"og:image:type\" content=\"image\/jpeg\" \/>\n<meta name=\"twitter:card\" content=\"summary_large_image\" \/>\n<meta name=\"twitter:label1\" content=\"Gesch\u00e4tzte Lesezeit\" \/>\n\t<meta name=\"twitter:data1\" content=\"1\u00a0Minute\" \/>\n<script type=\"application\/ld+json\" class=\"yoast-schema-graph\">{\"@context\":\"https:\/\/schema.org\",\"@graph\":[{\"@type\":\"WebPage\",\"@id\":\"https:\/\/ueberlebenskunst.at\/survivalshop\/shop\/midgards-messer-the-beowulf-folder\/\",\"url\":\"https:\/\/ueberlebenskunst.at\/survivalshop\/shop\/midgards-messer-the-beowulf-folder\/\",\"name\":\"Midgards-Messer The Beowulf Folder\",\"isPartOf\":{\"@id\":\"https:\/\/ueberlebenskunst.at\/survivalshop\/#website\"},\"primaryImageOfPage\":{\"@id\":\"https:\/\/ueberlebenskunst.at\/survivalshop\/shop\/midgards-messer-the-beowulf-folder\/#primaryimage\"},\"image\":{\"@id\":\"https:\/\/ueberlebenskunst.at\/survivalshop\/shop\/midgards-messer-the-beowulf-folder\/#primaryimage\"},\"thumbnailUrl\":\"https:\/\/ueberlebenskunst.at\/survivalshop\/wp-content\/uploads\/2021\/12\/MidgardsMesser_The_Beowulf_Folder-1.jpg\",\"datePublished\":\"2021-12-21T12:04:49+00:00\",\"dateModified\":\"2025-09-26T06:27:10+00:00\",\"description\":\"Ideal f\u00fcr Outdoor, Survival, J\u00e4ger oder Bushcrafter. Das Messer ist durch den zus\u00e4tzlichen Sicherungsbolzen \u00a742a konform.\",\"breadcrumb\":{\"@id\":\"https:\/\/ueberlebenskunst.at\/survivalshop\/shop\/midgards-messer-the-beowulf-folder\/#breadcrumb\"},\"inLanguage\":\"de\",\"potentialAction\":[{\"@type\":\"ReadAction\",\"target\":[\"https:\/\/ueberlebenskunst.at\/survivalshop\/shop\/midgards-messer-the-beowulf-folder\/\"]}]},{\"@type\":\"ImageObject\",\"inLanguage\":\"de\",\"@id\":\"https:\/\/ueberlebenskunst.at\/survivalshop\/shop\/midgards-messer-the-beowulf-folder\/#primaryimage\",\"url\":\"https:\/\/ueberlebenskunst.at\/survivalshop\/wp-content\/uploads\/2021\/12\/MidgardsMesser_The_Beowulf_Folder-1.jpg\",\"contentUrl\":\"https:\/\/ueberlebenskunst.at\/survivalshop\/wp-content\/uploads\/2021\/12\/MidgardsMesser_The_Beowulf_Folder-1.jpg\",\"width\":497,\"height\":300},{\"@type\":\"BreadcrumbList\",\"@id\":\"https:\/\/ueberlebenskunst.at\/survivalshop\/shop\/midgards-messer-the-beowulf-folder\/#breadcrumb\",\"itemListElement\":[{\"@type\":\"ListItem\",\"position\":1,\"name\":\"Startseite\",\"item\":\"https:\/\/ueberlebenskunst.at\/survivalshop\/\"},{\"@type\":\"ListItem\",\"position\":2,\"name\":\"Shop\",\"item\":\"https:\/\/ueberlebenskunst.at\/survivalshop\/shop\/\"},{\"@type\":\"ListItem\",\"position\":3,\"name\":\"Midgards-Messer The Beowulf Folder\"}]},{\"@type\":\"WebSite\",\"@id\":\"https:\/\/ueberlebenskunst.at\/survivalshop\/#website\",\"url\":\"https:\/\/ueberlebenskunst.at\/survivalshop\/\",\"name\":\"Reini Rossmann - Survival Shop\",\"description\":\"Survival Shop f\u00fcr Survival, Bushcraft und Prepper\",\"potentialAction\":[{\"@type\":\"SearchAction\",\"target\":{\"@type\":\"EntryPoint\",\"urlTemplate\":\"https:\/\/ueberlebenskunst.at\/survivalshop\/?s={search_term_string}\"},\"query-input\":{\"@type\":\"PropertyValueSpecification\",\"valueRequired\":true,\"valueName\":\"search_term_string\"}}],\"inLanguage\":\"de\"}]}<\/script>\n<!-- \/ Yoast SEO plugin. -->","yoast_head_json":{"title":"Midgards-Messer The Beowulf Folder","description":"Ideal f\u00fcr Outdoor, Survival, J\u00e4ger oder Bushcrafter. Das Messer ist durch den zus\u00e4tzlichen Sicherungsbolzen \u00a742a konform.","robots":{"index":"index","follow":"follow","max-snippet":"max-snippet:-1","max-image-preview":"max-image-preview:large","max-video-preview":"max-video-preview:-1"},"canonical":"https:\/\/ueberlebenskunst.at\/survivalshop\/shop\/midgards-messer-the-beowulf-folder\/","og_locale":"de_DE","og_type":"article","og_title":"Midgards-Messer The Beowulf Folder","og_description":"Ideal f\u00fcr Outdoor, Survival, J\u00e4ger oder Bushcrafter. Das Messer ist durch den zus\u00e4tzlichen Sicherungsbolzen \u00a742a konform.","og_url":"https:\/\/ueberlebenskunst.at\/survivalshop\/shop\/midgards-messer-the-beowulf-folder\/","og_site_name":"Reini Rossmann - Survival Shop","article_publisher":"https:\/\/www.facebook.com\/survival24.org\/","article_modified_time":"2025-09-26T06:27:10+00:00","og_image":[{"width":497,"height":300,"url":"https:\/\/ueberlebenskunst.at\/survivalshop\/wp-content\/uploads\/2021\/12\/MidgardsMesser_The_Beowulf_Folder-1.jpg","type":"image\/jpeg"}],"twitter_card":"summary_large_image","twitter_misc":{"Gesch\u00e4tzte Lesezeit":"1\u00a0Minute"},"schema":{"@context":"https:\/\/schema.org","@graph":[{"@type":"WebPage","@id":"https:\/\/ueberlebenskunst.at\/survivalshop\/shop\/midgards-messer-the-beowulf-folder\/","url":"https:\/\/ueberlebenskunst.at\/survivalshop\/shop\/midgards-messer-the-beowulf-folder\/","name":"Midgards-Messer The Beowulf Folder","isPartOf":{"@id":"https:\/\/ueberlebenskunst.at\/survivalshop\/#website"},"primaryImageOfPage":{"@id":"https:\/\/ueberlebenskunst.at\/survivalshop\/shop\/midgards-messer-the-beowulf-folder\/#primaryimage"},"image":{"@id":"https:\/\/ueberlebenskunst.at\/survivalshop\/shop\/midgards-messer-the-beowulf-folder\/#primaryimage"},"thumbnailUrl":"https:\/\/ueberlebenskunst.at\/survivalshop\/wp-content\/uploads\/2021\/12\/MidgardsMesser_The_Beowulf_Folder-1.jpg","datePublished":"2021-12-21T12:04:49+00:00","dateModified":"2025-09-26T06:27:10+00:00","description":"Ideal f\u00fcr Outdoor, Survival, J\u00e4ger oder Bushcrafter. Das Messer ist durch den zus\u00e4tzlichen Sicherungsbolzen \u00a742a konform.","breadcrumb":{"@id":"https:\/\/ueberlebenskunst.at\/survivalshop\/shop\/midgards-messer-the-beowulf-folder\/#breadcrumb"},"inLanguage":"de","potentialAction":[{"@type":"ReadAction","target":["https:\/\/ueberlebenskunst.at\/survivalshop\/shop\/midgards-messer-the-beowulf-folder\/"]}]},{"@type":"ImageObject","inLanguage":"de","@id":"https:\/\/ueberlebenskunst.at\/survivalshop\/shop\/midgards-messer-the-beowulf-folder\/#primaryimage","url":"https:\/\/ueberlebenskunst.at\/survivalshop\/wp-content\/uploads\/2021\/12\/MidgardsMesser_The_Beowulf_Folder-1.jpg","contentUrl":"https:\/\/ueberlebenskunst.at\/survivalshop\/wp-content\/uploads\/2021\/12\/MidgardsMesser_The_Beowulf_Folder-1.jpg","width":497,"height":300},{"@type":"BreadcrumbList","@id":"https:\/\/ueberlebenskunst.at\/survivalshop\/shop\/midgards-messer-the-beowulf-folder\/#breadcrumb","itemListElement":[{"@type":"ListItem","position":1,"name":"Startseite","item":"https:\/\/ueberlebenskunst.at\/survivalshop\/"},{"@type":"ListItem","position":2,"name":"Shop","item":"https:\/\/ueberlebenskunst.at\/survivalshop\/shop\/"},{"@type":"ListItem","position":3,"name":"Midgards-Messer The Beowulf Folder"}]},{"@type":"WebSite","@id":"https:\/\/ueberlebenskunst.at\/survivalshop\/#website","url":"https:\/\/ueberlebenskunst.at\/survivalshop\/","name":"Reini Rossmann - Survival Shop","description":"Survival Shop f\u00fcr Survival, Bushcraft und Prepper","potentialAction":[{"@type":"SearchAction","target":{"@type":"EntryPoint","urlTemplate":"https:\/\/ueberlebenskunst.at\/survivalshop\/?s={search_term_string}"},"query-input":{"@type":"PropertyValueSpecification","valueRequired":true,"valueName":"search_term_string"}}],"inLanguage":"de"}]}},"_links":{"self":[{"href":"https:\/\/ueberlebenskunst.at\/survivalshop\/wp-json\/wp\/v2\/product\/59163","targetHints":{"allow":["GET"]}}],"collection":[{"href":"https:\/\/ueberlebenskunst.at\/survivalshop\/wp-json\/wp\/v2\/product"}],"about":[{"href":"https:\/\/ueberlebenskunst.at\/survivalshop\/wp-json\/wp\/v2\/types\/product"}],"replies":[{"embeddable":true,"href":"https:\/\/ueberlebenskunst.at\/survivalshop\/wp-json\/wp\/v2\/comments?post=59163"}],"wp:featuredmedia":[{"embeddable":true,"href":"https:\/\/ueberlebenskunst.at\/survivalshop\/wp-json\/wp\/v2\/media\/59169"}],"wp:attachment":[{"href":"https:\/\/ueberlebenskunst.at\/survivalshop\/wp-json\/wp\/v2\/media?parent=59163"}],"wp:term":[{"taxonomy":"product_brand","embeddable":true,"href":"https:\/\/ueberlebenskunst.at\/survivalshop\/wp-json\/wp\/v2\/product_brand?post=59163"},{"taxonomy":"product_cat","embeddable":true,"href":"https:\/\/ueberlebenskunst.at\/survivalshop\/wp-json\/wp\/v2\/product_cat?post=59163"},{"taxonomy":"product_tag","embeddable":true,"href":"https:\/\/ueberlebenskunst.at\/survivalshop\/wp-json\/wp\/v2\/product_tag?post=59163"}],"curies":[{"name":"wp","href":"https:\/\/api.w.org\/{rel}","templated":true}]}}