{"id":57194,"date":"2021-12-13T12:46:21","date_gmt":"2021-12-13T11:46:21","guid":{"rendered":"https:\/\/ueberlebenskunst.at\/survivalshop\/?post_type=product&#038;p=57194"},"modified":"2026-04-28T22:47:38","modified_gmt":"2026-04-28T20:47:38","slug":"taktischer-vertikaler-griff-schwarz","status":"publish","type":"product","link":"https:\/\/ueberlebenskunst.at\/survivalshop\/shop\/taktischer-vertikaler-griff-schwarz\/","title":{"rendered":"Taktischer vertikaler Griff f\u00fcr &#8220;designed by Reini&#8221; Bogen Universal Halterungen"},"content":{"rendered":"<p>Der taktische, vertikale Griff\u00a0 ist passend f\u00fcr 20 mm Picatinny Schienen und wird ganz einfach mittels zwei Schrauben festgeschraubt.<br \/>\nFreigeben f\u00fcr alle &#8220;designed bei Reini Rossmann&#8221; Universal Halterungen f\u00fcr den Bogensport Bereich. Zum Beispiel der <a href=\"https:\/\/ueberlebenskunst.at\/survivalshop\/shop\/lampen-laserhalterung-fuer-steambow-stinger\/\">Steambow Stinger 2 Universal Halterung<\/a>.<br \/>\nPasst auch ideal f\u00fcr die <a href=\"https:\/\/ueberlebenskunst.at\/survivalshop\/shop\/man-kung-alligator-recurve-pistol-crossbow\/\">Alligator Pistolenarmbrust<\/a>.<\/p>\n<p><strong>Abmessungen:<\/strong>\u00a0 9 x 4,5 x 3,5 cm<br \/>\n<strong>Gewicht:<\/strong> ca. 150 g<\/p>\n<p>Im Lieferumfang enthalten ist das Befestigungsmaterial inkl. Inbusschrauben.<\/p>\n","protected":false},"excerpt":{"rendered":"<p>Der taktische, vertikale Griff\u00a0 ist passend f\u00fcr 20 mm Picatinny Schienen und wird ganz einfach mittels zwei Schrauben festgeschraubt. Freigeben f\u00fcr alle &#8220;designed bei Reini Rossmann&#8221; Universal Halterungen f\u00fcr den Bogensport Bereich. Zum Beispiel der Steambow Stinger 2 Universal Halterung. Passt auch ideal f\u00fcr die Alligator Pistolenarmbrust. Abmessungen:\u00a0 9 x 4,5 x 3,5 cm Gewicht: [&hellip;]<\/p>\n","protected":false},"featured_media":135814,"comment_status":"open","ping_status":"closed","template":"","meta":{"_acf_changed":false},"product_brand":[],"product_cat":[1772,1768],"product_tag":[1546],"class_list":{"0":"post-57194","1":"product","2":"type-product","3":"status-publish","4":"has-post-thumbnail","6":"product_cat-man-kung-alligator","7":"product_cat-steambow-stinger","8":"product_tag-taktischer-griff","10":"first","11":"instock","12":"taxable","13":"shipping-taxable","14":"purchasable","15":"product-type-simple"},"acf":[],"yoast_head":"<!-- This site is optimized with the Yoast SEO plugin v27.1.1 - https:\/\/yoast.com\/product\/yoast-seo-wordpress\/ -->\n<title>Taktischer vertikaler Griff f\u00fcr &quot;designed by Reini&quot; Bogen Universal Halterungen inkl. Befestigungsmaterial<\/title>\n<meta name=\"description\" content=\"Der Griff wird inkl. Befestigungsmaterial und Imbusschl\u00fcssel geliefert und kann auf 20mm Picatinny Schienen montiert werden.\" \/>\n<meta name=\"robots\" content=\"index, follow, max-snippet:-1, max-image-preview:large, max-video-preview:-1\" \/>\n<link rel=\"canonical\" href=\"https:\/\/ueberlebenskunst.at\/survivalshop\/shop\/taktischer-vertikaler-griff-schwarz\/\" \/>\n<meta property=\"og:locale\" content=\"de_DE\" \/>\n<meta property=\"og:type\" content=\"article\" \/>\n<meta property=\"og:title\" content=\"Taktischer vertikaler Griff f\u00fcr &quot;designed by Reini&quot; Bogen Universal Halterungen inkl. Befestigungsmaterial\" \/>\n<meta property=\"og:description\" content=\"Der Griff wird inkl. Befestigungsmaterial und Imbusschl\u00fcssel geliefert und kann auf 20mm Picatinny Schienen montiert werden.\" \/>\n<meta property=\"og:url\" content=\"https:\/\/ueberlebenskunst.at\/survivalshop\/shop\/taktischer-vertikaler-griff-schwarz\/\" \/>\n<meta property=\"og:site_name\" content=\"Reini Rossmann - Survival Shop\" \/>\n<meta property=\"article:publisher\" content=\"https:\/\/www.facebook.com\/survival24.org\/\" \/>\n<meta property=\"article:modified_time\" content=\"2026-04-28T20:47:38+00:00\" \/>\n<meta property=\"og:image\" content=\"https:\/\/ueberlebenskunst.at\/survivalshop\/wp-content\/uploads\/2021\/12\/Taktischer_vertikaler_Griff_Bogen_Universal_Halterung_black_oben.jpg\" \/>\n\t<meta property=\"og:image:width\" content=\"1920\" \/>\n\t<meta property=\"og:image:height\" content=\"1920\" \/>\n\t<meta property=\"og:image:type\" content=\"image\/jpeg\" \/>\n<meta name=\"twitter:card\" content=\"summary_large_image\" \/>\n<meta name=\"twitter:label1\" content=\"Gesch\u00e4tzte Lesezeit\" \/>\n\t<meta name=\"twitter:data1\" content=\"1\u00a0Minute\" \/>\n<script type=\"application\/ld+json\" class=\"yoast-schema-graph\">{\"@context\":\"https:\/\/schema.org\",\"@graph\":[{\"@type\":\"WebPage\",\"@id\":\"https:\/\/ueberlebenskunst.at\/survivalshop\/shop\/taktischer-vertikaler-griff-schwarz\/\",\"url\":\"https:\/\/ueberlebenskunst.at\/survivalshop\/shop\/taktischer-vertikaler-griff-schwarz\/\",\"name\":\"Taktischer vertikaler Griff f\u00fcr \\\"designed by Reini\\\" Bogen Universal Halterungen inkl. Befestigungsmaterial\",\"isPartOf\":{\"@id\":\"https:\/\/ueberlebenskunst.at\/survivalshop\/#website\"},\"primaryImageOfPage\":{\"@id\":\"https:\/\/ueberlebenskunst.at\/survivalshop\/shop\/taktischer-vertikaler-griff-schwarz\/#primaryimage\"},\"image\":{\"@id\":\"https:\/\/ueberlebenskunst.at\/survivalshop\/shop\/taktischer-vertikaler-griff-schwarz\/#primaryimage\"},\"thumbnailUrl\":\"https:\/\/ueberlebenskunst.at\/survivalshop\/wp-content\/uploads\/2021\/12\/Taktischer_vertikaler_Griff_Bogen_Universal_Halterung_black_oben.jpg\",\"datePublished\":\"2021-12-13T11:46:21+00:00\",\"dateModified\":\"2026-04-28T20:47:38+00:00\",\"description\":\"Der Griff wird inkl. Befestigungsmaterial und Imbusschl\u00fcssel geliefert und kann auf 20mm Picatinny Schienen montiert werden.\",\"breadcrumb\":{\"@id\":\"https:\/\/ueberlebenskunst.at\/survivalshop\/shop\/taktischer-vertikaler-griff-schwarz\/#breadcrumb\"},\"inLanguage\":\"de\",\"potentialAction\":[{\"@type\":\"ReadAction\",\"target\":[\"https:\/\/ueberlebenskunst.at\/survivalshop\/shop\/taktischer-vertikaler-griff-schwarz\/\"]}]},{\"@type\":\"ImageObject\",\"inLanguage\":\"de\",\"@id\":\"https:\/\/ueberlebenskunst.at\/survivalshop\/shop\/taktischer-vertikaler-griff-schwarz\/#primaryimage\",\"url\":\"https:\/\/ueberlebenskunst.at\/survivalshop\/wp-content\/uploads\/2021\/12\/Taktischer_vertikaler_Griff_Bogen_Universal_Halterung_black_oben.jpg\",\"contentUrl\":\"https:\/\/ueberlebenskunst.at\/survivalshop\/wp-content\/uploads\/2021\/12\/Taktischer_vertikaler_Griff_Bogen_Universal_Halterung_black_oben.jpg\",\"width\":1920,\"height\":1920},{\"@type\":\"BreadcrumbList\",\"@id\":\"https:\/\/ueberlebenskunst.at\/survivalshop\/shop\/taktischer-vertikaler-griff-schwarz\/#breadcrumb\",\"itemListElement\":[{\"@type\":\"ListItem\",\"position\":1,\"name\":\"Startseite\",\"item\":\"https:\/\/ueberlebenskunst.at\/survivalshop\/\"},{\"@type\":\"ListItem\",\"position\":2,\"name\":\"Shop\",\"item\":\"https:\/\/ueberlebenskunst.at\/survivalshop\/shop\/\"},{\"@type\":\"ListItem\",\"position\":3,\"name\":\"Taktischer vertikaler Griff f\u00fcr &#8220;designed by Reini&#8221; Bogen Universal Halterungen\"}]},{\"@type\":\"WebSite\",\"@id\":\"https:\/\/ueberlebenskunst.at\/survivalshop\/#website\",\"url\":\"https:\/\/ueberlebenskunst.at\/survivalshop\/\",\"name\":\"Reini Rossmann - Survival Shop\",\"description\":\"Survival Shop f\u00fcr Survival, Bushcraft und Prepper\",\"potentialAction\":[{\"@type\":\"SearchAction\",\"target\":{\"@type\":\"EntryPoint\",\"urlTemplate\":\"https:\/\/ueberlebenskunst.at\/survivalshop\/?s={search_term_string}\"},\"query-input\":{\"@type\":\"PropertyValueSpecification\",\"valueRequired\":true,\"valueName\":\"search_term_string\"}}],\"inLanguage\":\"de\"}]}<\/script>\n<!-- \/ Yoast SEO plugin. -->","yoast_head_json":{"title":"Taktischer vertikaler Griff f\u00fcr \"designed by Reini\" Bogen Universal Halterungen inkl. Befestigungsmaterial","description":"Der Griff wird inkl. Befestigungsmaterial und Imbusschl\u00fcssel geliefert und kann auf 20mm Picatinny Schienen montiert werden.","robots":{"index":"index","follow":"follow","max-snippet":"max-snippet:-1","max-image-preview":"max-image-preview:large","max-video-preview":"max-video-preview:-1"},"canonical":"https:\/\/ueberlebenskunst.at\/survivalshop\/shop\/taktischer-vertikaler-griff-schwarz\/","og_locale":"de_DE","og_type":"article","og_title":"Taktischer vertikaler Griff f\u00fcr \"designed by Reini\" Bogen Universal Halterungen inkl. Befestigungsmaterial","og_description":"Der Griff wird inkl. Befestigungsmaterial und Imbusschl\u00fcssel geliefert und kann auf 20mm Picatinny Schienen montiert werden.","og_url":"https:\/\/ueberlebenskunst.at\/survivalshop\/shop\/taktischer-vertikaler-griff-schwarz\/","og_site_name":"Reini Rossmann - Survival Shop","article_publisher":"https:\/\/www.facebook.com\/survival24.org\/","article_modified_time":"2026-04-28T20:47:38+00:00","og_image":[{"width":1920,"height":1920,"url":"https:\/\/ueberlebenskunst.at\/survivalshop\/wp-content\/uploads\/2021\/12\/Taktischer_vertikaler_Griff_Bogen_Universal_Halterung_black_oben.jpg","type":"image\/jpeg"}],"twitter_card":"summary_large_image","twitter_misc":{"Gesch\u00e4tzte Lesezeit":"1\u00a0Minute"},"schema":{"@context":"https:\/\/schema.org","@graph":[{"@type":"WebPage","@id":"https:\/\/ueberlebenskunst.at\/survivalshop\/shop\/taktischer-vertikaler-griff-schwarz\/","url":"https:\/\/ueberlebenskunst.at\/survivalshop\/shop\/taktischer-vertikaler-griff-schwarz\/","name":"Taktischer vertikaler Griff f\u00fcr \"designed by Reini\" Bogen Universal Halterungen inkl. Befestigungsmaterial","isPartOf":{"@id":"https:\/\/ueberlebenskunst.at\/survivalshop\/#website"},"primaryImageOfPage":{"@id":"https:\/\/ueberlebenskunst.at\/survivalshop\/shop\/taktischer-vertikaler-griff-schwarz\/#primaryimage"},"image":{"@id":"https:\/\/ueberlebenskunst.at\/survivalshop\/shop\/taktischer-vertikaler-griff-schwarz\/#primaryimage"},"thumbnailUrl":"https:\/\/ueberlebenskunst.at\/survivalshop\/wp-content\/uploads\/2021\/12\/Taktischer_vertikaler_Griff_Bogen_Universal_Halterung_black_oben.jpg","datePublished":"2021-12-13T11:46:21+00:00","dateModified":"2026-04-28T20:47:38+00:00","description":"Der Griff wird inkl. Befestigungsmaterial und Imbusschl\u00fcssel geliefert und kann auf 20mm Picatinny Schienen montiert werden.","breadcrumb":{"@id":"https:\/\/ueberlebenskunst.at\/survivalshop\/shop\/taktischer-vertikaler-griff-schwarz\/#breadcrumb"},"inLanguage":"de","potentialAction":[{"@type":"ReadAction","target":["https:\/\/ueberlebenskunst.at\/survivalshop\/shop\/taktischer-vertikaler-griff-schwarz\/"]}]},{"@type":"ImageObject","inLanguage":"de","@id":"https:\/\/ueberlebenskunst.at\/survivalshop\/shop\/taktischer-vertikaler-griff-schwarz\/#primaryimage","url":"https:\/\/ueberlebenskunst.at\/survivalshop\/wp-content\/uploads\/2021\/12\/Taktischer_vertikaler_Griff_Bogen_Universal_Halterung_black_oben.jpg","contentUrl":"https:\/\/ueberlebenskunst.at\/survivalshop\/wp-content\/uploads\/2021\/12\/Taktischer_vertikaler_Griff_Bogen_Universal_Halterung_black_oben.jpg","width":1920,"height":1920},{"@type":"BreadcrumbList","@id":"https:\/\/ueberlebenskunst.at\/survivalshop\/shop\/taktischer-vertikaler-griff-schwarz\/#breadcrumb","itemListElement":[{"@type":"ListItem","position":1,"name":"Startseite","item":"https:\/\/ueberlebenskunst.at\/survivalshop\/"},{"@type":"ListItem","position":2,"name":"Shop","item":"https:\/\/ueberlebenskunst.at\/survivalshop\/shop\/"},{"@type":"ListItem","position":3,"name":"Taktischer vertikaler Griff f\u00fcr &#8220;designed by Reini&#8221; Bogen Universal Halterungen"}]},{"@type":"WebSite","@id":"https:\/\/ueberlebenskunst.at\/survivalshop\/#website","url":"https:\/\/ueberlebenskunst.at\/survivalshop\/","name":"Reini Rossmann - Survival Shop","description":"Survival Shop f\u00fcr Survival, Bushcraft und Prepper","potentialAction":[{"@type":"SearchAction","target":{"@type":"EntryPoint","urlTemplate":"https:\/\/ueberlebenskunst.at\/survivalshop\/?s={search_term_string}"},"query-input":{"@type":"PropertyValueSpecification","valueRequired":true,"valueName":"search_term_string"}}],"inLanguage":"de"}]}},"_links":{"self":[{"href":"https:\/\/ueberlebenskunst.at\/survivalshop\/wp-json\/wp\/v2\/product\/57194","targetHints":{"allow":["GET"]}}],"collection":[{"href":"https:\/\/ueberlebenskunst.at\/survivalshop\/wp-json\/wp\/v2\/product"}],"about":[{"href":"https:\/\/ueberlebenskunst.at\/survivalshop\/wp-json\/wp\/v2\/types\/product"}],"replies":[{"embeddable":true,"href":"https:\/\/ueberlebenskunst.at\/survivalshop\/wp-json\/wp\/v2\/comments?post=57194"}],"wp:featuredmedia":[{"embeddable":true,"href":"https:\/\/ueberlebenskunst.at\/survivalshop\/wp-json\/wp\/v2\/media\/135814"}],"wp:attachment":[{"href":"https:\/\/ueberlebenskunst.at\/survivalshop\/wp-json\/wp\/v2\/media?parent=57194"}],"wp:term":[{"taxonomy":"product_brand","embeddable":true,"href":"https:\/\/ueberlebenskunst.at\/survivalshop\/wp-json\/wp\/v2\/product_brand?post=57194"},{"taxonomy":"product_cat","embeddable":true,"href":"https:\/\/ueberlebenskunst.at\/survivalshop\/wp-json\/wp\/v2\/product_cat?post=57194"},{"taxonomy":"product_tag","embeddable":true,"href":"https:\/\/ueberlebenskunst.at\/survivalshop\/wp-json\/wp\/v2\/product_tag?post=57194"}],"curies":[{"name":"wp","href":"https:\/\/api.w.org\/{rel}","templated":true}]}}