{"id":55647,"date":"2021-12-07T14:03:35","date_gmt":"2021-12-07T12:03:35","guid":{"rendered":"https:\/\/ueberlebenskunst.at\/survivalshop\/?post_type=product&#038;p=55647"},"modified":"2023-08-02T10:31:58","modified_gmt":"2023-08-02T08:31:58","slug":"boeker-plus-little-dvalin","status":"seo-produkt","type":"product","link":"https:\/\/ueberlebenskunst.at\/survivalshop\/shop\/boeker-plus-little-dvalin\/","title":{"rendered":"B\u00f6ker Plus Little Dvalin"},"content":{"rendered":"<h3>B\u00f6ker Plus Little Dvalin<\/h3>\n<p>Dirk Hofmeister von Midgards Messer lie\u00df sich von der nordischen Schmiedekunst inspirieren und schuf das \u00fcberaus stabile B\u00f6ker Plus Little Dvalin.<\/p>\n<p>Als einer von vier Schmieden schuf der Zwerg Dvalin das Halsband Brisingamen f\u00fcr die germanische Liebesg\u00f6ttin Freya. In der nordischen Mythologie werden dem besonderen Halsschmuck Magie, Liebe aber auch Trauer und Leid nachgesagt. So versprachen Freyas Tr\u00e4nen im Himmel stets reiche Fr\u00fcchte auf Erden. Es war jedoch der Zorn des G\u00f6ttervaters Odin, der die Liebesg\u00f6ttin nicht selten dazu veranlasste, Kriege in der Menschenwelt zu entfachen.<\/p>\n<p>Das feststehende Messer \u00fcberzeugt mit seiner kompakten Baugr\u00f6\u00dfe und wuchtigen Spearpoint-Klinge aus D2, die mit einer dunkelgrauen Titanbeschichtung und einer ausgepr\u00e4gten Hohlkehle versehen ist.<\/p>\n<p>Die Riffelung am Klingenr\u00fccken verspricht eine sichere Daumenablage bei schwierigen Schneidarbeiten.<\/p>\n<p>Der wohlgeformte und in Teilen geriffelte Griff aus G10 liegt stets sicher in der Hand.<\/p>\n<p>Mit einem handels\u00fcblichen 3D-Drucker lassen sich alternative Griffschalen in den verschiedensten Formen, Farben und Materialien einfach selbst ausdrucken.<\/p>\n<p><strong>Lieferumfang:<\/strong><\/p>\n<p>Mit Fangriemen\u00f6se, G\u00fcrtelclip und hochwertiger Kydexscheide.<\/p>\n<p><strong>Produktdaten:<\/strong><\/p>\n<ul>\n<li>Gesamtl\u00e4nge: 16,6 cm<\/li>\n<li>Klingenl\u00e4nge: 8 cm<\/li>\n<li>Gewicht: 157 g<\/li>\n<li>Klingenst\u00e4rke: 5,7 mm<\/li>\n<li>Klingenmaterial: D2<\/li>\n<li>Griffmaterial: G10<\/li>\n<li>Designer: Midgards Messer<\/li>\n<\/ul>\n","protected":false},"excerpt":{"rendered":"<p>Feststehendes EDC-Messer<\/p>\n","protected":false},"featured_media":55649,"comment_status":"open","ping_status":"closed","template":"","meta":{"_acf_changed":false},"product_brand":[],"product_cat":[426],"product_tag":[251,270,1156],"class_list":{"0":"post-55647","1":"product","2":"type-product","3":"status-seo-produkt","4":"has-post-thumbnail","6":"product_cat-unkategorisiert","7":"product_tag-boeker","8":"product_tag-edc","9":"product_tag-midgards-messer","11":"first","12":"outofstock","13":"taxable","14":"shipping-taxable","15":"product-type-simple"},"acf":[],"yoast_head":"<!-- This site is optimized with the Yoast SEO plugin v27.1.1 - https:\/\/yoast.com\/product\/yoast-seo-wordpress\/ -->\n<title>B\u00f6ker Plus Little Dvalin<\/title>\n<meta name=\"description\" content=\"Mit einem 3D-Drucker lassen sich alternative Griffschalen in den verschiedensten Formen, Farben und Materialien selbst ausdrucken. Mit Kydexscheide im Lieferumfang.\" \/>\n<meta name=\"robots\" content=\"index, follow, max-snippet:-1, max-image-preview:large, max-video-preview:-1\" \/>\n<link rel=\"canonical\" href=\"https:\/\/ueberlebenskunst.at\/survivalshop\/shop\/boeker-plus-little-dvalin\/\" \/>\n<meta property=\"og:locale\" content=\"de_DE\" \/>\n<meta property=\"og:type\" content=\"article\" \/>\n<meta property=\"og:title\" content=\"B\u00f6ker Plus Little Dvalin\" \/>\n<meta property=\"og:description\" content=\"Mit einem 3D-Drucker lassen sich alternative Griffschalen in den verschiedensten Formen, Farben und Materialien selbst ausdrucken. Mit Kydexscheide im Lieferumfang.\" \/>\n<meta property=\"og:url\" content=\"https:\/\/ueberlebenskunst.at\/survivalshop\/shop\/boeker-plus-little-dvalin\/\" \/>\n<meta property=\"og:site_name\" content=\"Reini Rossmann - Survival Shop\" \/>\n<meta property=\"article:publisher\" content=\"https:\/\/www.facebook.com\/survival24.org\/\" \/>\n<meta property=\"article:modified_time\" content=\"2023-08-02T08:31:58+00:00\" \/>\n<meta property=\"og:image\" content=\"https:\/\/ueberlebenskunst.at\/survivalshop\/wp-content\/uploads\/2021\/12\/Boeker_Plus_Little_Dvalin_02BO033.jpg\" \/>\n\t<meta property=\"og:image:width\" content=\"450\" \/>\n\t<meta property=\"og:image:height\" content=\"319\" \/>\n\t<meta property=\"og:image:type\" content=\"image\/jpeg\" \/>\n<meta name=\"twitter:card\" content=\"summary_large_image\" \/>\n<meta name=\"twitter:label1\" content=\"Gesch\u00e4tzte Lesezeit\" \/>\n\t<meta name=\"twitter:data1\" content=\"2\u00a0Minuten\" \/>\n<script type=\"application\/ld+json\" class=\"yoast-schema-graph\">{\"@context\":\"https:\/\/schema.org\",\"@graph\":[{\"@type\":\"WebPage\",\"@id\":\"https:\/\/ueberlebenskunst.at\/survivalshop\/shop\/boeker-plus-little-dvalin\/\",\"url\":\"https:\/\/ueberlebenskunst.at\/survivalshop\/shop\/boeker-plus-little-dvalin\/\",\"name\":\"B\u00f6ker Plus Little Dvalin\",\"isPartOf\":{\"@id\":\"https:\/\/ueberlebenskunst.at\/survivalshop\/#website\"},\"primaryImageOfPage\":{\"@id\":\"https:\/\/ueberlebenskunst.at\/survivalshop\/shop\/boeker-plus-little-dvalin\/#primaryimage\"},\"image\":{\"@id\":\"https:\/\/ueberlebenskunst.at\/survivalshop\/shop\/boeker-plus-little-dvalin\/#primaryimage\"},\"thumbnailUrl\":\"https:\/\/ueberlebenskunst.at\/survivalshop\/wp-content\/uploads\/2021\/12\/Boeker_Plus_Little_Dvalin_02BO033.jpg\",\"datePublished\":\"2021-12-07T12:03:35+00:00\",\"dateModified\":\"2023-08-02T08:31:58+00:00\",\"description\":\"Mit einem 3D-Drucker lassen sich alternative Griffschalen in den verschiedensten Formen, Farben und Materialien selbst ausdrucken. Mit Kydexscheide im Lieferumfang.\",\"breadcrumb\":{\"@id\":\"https:\/\/ueberlebenskunst.at\/survivalshop\/shop\/boeker-plus-little-dvalin\/#breadcrumb\"},\"inLanguage\":\"de\",\"potentialAction\":[{\"@type\":\"ReadAction\",\"target\":[\"https:\/\/ueberlebenskunst.at\/survivalshop\/shop\/boeker-plus-little-dvalin\/\"]}]},{\"@type\":\"ImageObject\",\"inLanguage\":\"de\",\"@id\":\"https:\/\/ueberlebenskunst.at\/survivalshop\/shop\/boeker-plus-little-dvalin\/#primaryimage\",\"url\":\"https:\/\/ueberlebenskunst.at\/survivalshop\/wp-content\/uploads\/2021\/12\/Boeker_Plus_Little_Dvalin_02BO033.jpg\",\"contentUrl\":\"https:\/\/ueberlebenskunst.at\/survivalshop\/wp-content\/uploads\/2021\/12\/Boeker_Plus_Little_Dvalin_02BO033.jpg\",\"width\":450,\"height\":319},{\"@type\":\"BreadcrumbList\",\"@id\":\"https:\/\/ueberlebenskunst.at\/survivalshop\/shop\/boeker-plus-little-dvalin\/#breadcrumb\",\"itemListElement\":[{\"@type\":\"ListItem\",\"position\":1,\"name\":\"Startseite\",\"item\":\"https:\/\/ueberlebenskunst.at\/survivalshop\/\"},{\"@type\":\"ListItem\",\"position\":2,\"name\":\"Shop\",\"item\":\"https:\/\/ueberlebenskunst.at\/survivalshop\/shop\/\"},{\"@type\":\"ListItem\",\"position\":3,\"name\":\"B\u00f6ker Plus Little Dvalin\"}]},{\"@type\":\"WebSite\",\"@id\":\"https:\/\/ueberlebenskunst.at\/survivalshop\/#website\",\"url\":\"https:\/\/ueberlebenskunst.at\/survivalshop\/\",\"name\":\"Reini Rossmann - Survival Shop\",\"description\":\"Survival Shop f\u00fcr Survival, Bushcraft und Prepper\",\"potentialAction\":[{\"@type\":\"SearchAction\",\"target\":{\"@type\":\"EntryPoint\",\"urlTemplate\":\"https:\/\/ueberlebenskunst.at\/survivalshop\/?s={search_term_string}\"},\"query-input\":{\"@type\":\"PropertyValueSpecification\",\"valueRequired\":true,\"valueName\":\"search_term_string\"}}],\"inLanguage\":\"de\"}]}<\/script>\n<!-- \/ Yoast SEO plugin. -->","yoast_head_json":{"title":"B\u00f6ker Plus Little Dvalin","description":"Mit einem 3D-Drucker lassen sich alternative Griffschalen in den verschiedensten Formen, Farben und Materialien selbst ausdrucken. Mit Kydexscheide im Lieferumfang.","robots":{"index":"index","follow":"follow","max-snippet":"max-snippet:-1","max-image-preview":"max-image-preview:large","max-video-preview":"max-video-preview:-1"},"canonical":"https:\/\/ueberlebenskunst.at\/survivalshop\/shop\/boeker-plus-little-dvalin\/","og_locale":"de_DE","og_type":"article","og_title":"B\u00f6ker Plus Little Dvalin","og_description":"Mit einem 3D-Drucker lassen sich alternative Griffschalen in den verschiedensten Formen, Farben und Materialien selbst ausdrucken. Mit Kydexscheide im Lieferumfang.","og_url":"https:\/\/ueberlebenskunst.at\/survivalshop\/shop\/boeker-plus-little-dvalin\/","og_site_name":"Reini Rossmann - Survival Shop","article_publisher":"https:\/\/www.facebook.com\/survival24.org\/","article_modified_time":"2023-08-02T08:31:58+00:00","og_image":[{"width":450,"height":319,"url":"https:\/\/ueberlebenskunst.at\/survivalshop\/wp-content\/uploads\/2021\/12\/Boeker_Plus_Little_Dvalin_02BO033.jpg","type":"image\/jpeg"}],"twitter_card":"summary_large_image","twitter_misc":{"Gesch\u00e4tzte Lesezeit":"2\u00a0Minuten"},"schema":{"@context":"https:\/\/schema.org","@graph":[{"@type":"WebPage","@id":"https:\/\/ueberlebenskunst.at\/survivalshop\/shop\/boeker-plus-little-dvalin\/","url":"https:\/\/ueberlebenskunst.at\/survivalshop\/shop\/boeker-plus-little-dvalin\/","name":"B\u00f6ker Plus Little Dvalin","isPartOf":{"@id":"https:\/\/ueberlebenskunst.at\/survivalshop\/#website"},"primaryImageOfPage":{"@id":"https:\/\/ueberlebenskunst.at\/survivalshop\/shop\/boeker-plus-little-dvalin\/#primaryimage"},"image":{"@id":"https:\/\/ueberlebenskunst.at\/survivalshop\/shop\/boeker-plus-little-dvalin\/#primaryimage"},"thumbnailUrl":"https:\/\/ueberlebenskunst.at\/survivalshop\/wp-content\/uploads\/2021\/12\/Boeker_Plus_Little_Dvalin_02BO033.jpg","datePublished":"2021-12-07T12:03:35+00:00","dateModified":"2023-08-02T08:31:58+00:00","description":"Mit einem 3D-Drucker lassen sich alternative Griffschalen in den verschiedensten Formen, Farben und Materialien selbst ausdrucken. Mit Kydexscheide im Lieferumfang.","breadcrumb":{"@id":"https:\/\/ueberlebenskunst.at\/survivalshop\/shop\/boeker-plus-little-dvalin\/#breadcrumb"},"inLanguage":"de","potentialAction":[{"@type":"ReadAction","target":["https:\/\/ueberlebenskunst.at\/survivalshop\/shop\/boeker-plus-little-dvalin\/"]}]},{"@type":"ImageObject","inLanguage":"de","@id":"https:\/\/ueberlebenskunst.at\/survivalshop\/shop\/boeker-plus-little-dvalin\/#primaryimage","url":"https:\/\/ueberlebenskunst.at\/survivalshop\/wp-content\/uploads\/2021\/12\/Boeker_Plus_Little_Dvalin_02BO033.jpg","contentUrl":"https:\/\/ueberlebenskunst.at\/survivalshop\/wp-content\/uploads\/2021\/12\/Boeker_Plus_Little_Dvalin_02BO033.jpg","width":450,"height":319},{"@type":"BreadcrumbList","@id":"https:\/\/ueberlebenskunst.at\/survivalshop\/shop\/boeker-plus-little-dvalin\/#breadcrumb","itemListElement":[{"@type":"ListItem","position":1,"name":"Startseite","item":"https:\/\/ueberlebenskunst.at\/survivalshop\/"},{"@type":"ListItem","position":2,"name":"Shop","item":"https:\/\/ueberlebenskunst.at\/survivalshop\/shop\/"},{"@type":"ListItem","position":3,"name":"B\u00f6ker Plus Little Dvalin"}]},{"@type":"WebSite","@id":"https:\/\/ueberlebenskunst.at\/survivalshop\/#website","url":"https:\/\/ueberlebenskunst.at\/survivalshop\/","name":"Reini Rossmann - Survival Shop","description":"Survival Shop f\u00fcr Survival, Bushcraft und Prepper","potentialAction":[{"@type":"SearchAction","target":{"@type":"EntryPoint","urlTemplate":"https:\/\/ueberlebenskunst.at\/survivalshop\/?s={search_term_string}"},"query-input":{"@type":"PropertyValueSpecification","valueRequired":true,"valueName":"search_term_string"}}],"inLanguage":"de"}]}},"_links":{"self":[{"href":"https:\/\/ueberlebenskunst.at\/survivalshop\/wp-json\/wp\/v2\/product\/55647","targetHints":{"allow":["GET"]}}],"collection":[{"href":"https:\/\/ueberlebenskunst.at\/survivalshop\/wp-json\/wp\/v2\/product"}],"about":[{"href":"https:\/\/ueberlebenskunst.at\/survivalshop\/wp-json\/wp\/v2\/types\/product"}],"replies":[{"embeddable":true,"href":"https:\/\/ueberlebenskunst.at\/survivalshop\/wp-json\/wp\/v2\/comments?post=55647"}],"wp:featuredmedia":[{"embeddable":true,"href":"https:\/\/ueberlebenskunst.at\/survivalshop\/wp-json\/wp\/v2\/media\/55649"}],"wp:attachment":[{"href":"https:\/\/ueberlebenskunst.at\/survivalshop\/wp-json\/wp\/v2\/media?parent=55647"}],"wp:term":[{"taxonomy":"product_brand","embeddable":true,"href":"https:\/\/ueberlebenskunst.at\/survivalshop\/wp-json\/wp\/v2\/product_brand?post=55647"},{"taxonomy":"product_cat","embeddable":true,"href":"https:\/\/ueberlebenskunst.at\/survivalshop\/wp-json\/wp\/v2\/product_cat?post=55647"},{"taxonomy":"product_tag","embeddable":true,"href":"https:\/\/ueberlebenskunst.at\/survivalshop\/wp-json\/wp\/v2\/product_tag?post=55647"}],"curies":[{"name":"wp","href":"https:\/\/api.w.org\/{rel}","templated":true}]}}