{"id":5465,"date":"2017-11-23T08:55:41","date_gmt":"2017-11-23T07:55:41","guid":{"rendered":"https:\/\/ueberlebenskunst.at\/survivalshop\/survivalshop\/?post_type=product&#038;p=5465"},"modified":"2026-05-07T13:38:33","modified_gmt":"2026-05-07T11:38:33","slug":"der-letzte-feuerstahl-deines-lebens","status":"publish","type":"product","link":"https:\/\/ueberlebenskunst.at\/survivalshop\/shop\/der-letzte-feuerstahl-deines-lebens\/","title":{"rendered":"Der letzte Feuerstahl deines Lebens"},"content":{"rendered":"<p><strong>Der letzte Feuerstahl deines Lebens ist in diesen Varianten erh\u00e4ltlich:<\/strong><\/p>\n<ul>\n<li>Schwarz Premium Edition<\/li>\n<li>Survival Yellow<\/li>\n<li>Steambow Edition<\/li>\n<li>Schwarz mit PA6 Griff<\/li>\n<li>Survival Orange<\/li>\n<li>Military Green\/Black<\/li>\n<li>Black\/Glow<\/li>\n<\/ul>\n<h3>Der letzte Feuerstahl deines Lebens f\u00fcr Armbrust Steambow Stinger 2 &#8211; Steambow Edition<\/h3>\n<p><iframe hcb-fetch-image-from=\"https:\/\/www.youtube.com\/watch?v=gdQF1fQbWFY\" title=\"Survival Hack: Feuermachen mit der Armbrust?\" width=\"640\" height=\"360\" src=\"https:\/\/www.youtube.com\/embed\/gdQF1fQbWFY?feature=oembed\" frameborder=\"0\" allow=\"accelerometer; autoplay; clipboard-write; encrypted-media; gyroscope; picture-in-picture; web-share\" referrerpolicy=\"strict-origin-when-cross-origin\" allowfullscreen><\/iframe><\/p>\n<p>Dieser spezielle letzte Feuerstahl deines Lebens hat eine ganz klare Funktion &#8211; und zwar er passt in die Buffertube der <a href=\"https:\/\/ueberlebenskunst.at\/survivalshop\/shop\/steambow-stinger2\/\" target=\"_blank\" rel=\"noopener\">Steambow Stinger 2 Tactical<\/a> bzw. <a href=\"https:\/\/ueberlebenskunst.at\/survivalshop\/shop\/steambow-stinger2-ar6-survival\/\" target=\"_blank\" rel=\"noopener\">Survival<\/a>.<\/p>\n<p>Was ist die Idee hinter diesem Produkt? Da dieser Feuerstahl angepasst und in diese Buffertube eingeschraubt werden kann, hast du gleichzeitig zu deiner Armbrust auch ein \u00dcberlebenswerkzeug an der Hand und kannst so auch jederzeit Feuer machen. Besonders in Kombination mit dem aufschraubbaren <a href=\"https:\/\/ueberlebenskunst.at\/survivalshop\/shop\/ar-series-messer-k-1\/\" target=\"_blank\" rel=\"noopener\">Steambow Messer K-1<\/a> hast du dann ein vollwertige \u00dcberlebensl\u00f6sung.<\/p>\n<p>Der letzte Feuerstahl deines Lebens f\u00fcr Steambow Stinger Armbrust verf\u00fcgt ebenfalls \u00fcber ein Fach, um im Inneren Zunder zu transportieren, zum Beispiel einen Tampon. Nat\u00fcrlich ist es m\u00f6glich andere Zundervarianten in das Griffst\u00fcck einzubringen. Damit der Zunder auch gut h\u00e4lt, ist eine Abdeckkappe (nicht schraubbar &#8211; dient nur dazu, dass Zunder nicht rausf\u00e4llt) im Lieferumfang dabei.<\/p>\n<p>Auch dieses Produkt ist direkt aus der Reini Rossmann Werkstatt, gemacht in \u00d6sterreich.<\/p>\n<h3><strong>Produktdaten:<\/strong><\/h3>\n<ul>\n<li>Gewicht: 135 g<\/li>\n<li>Abmessungen: nur Feuerstahl: 120 x 12 mm, komplett: ca. 185 mm x D = 25 mm<\/li>\n<\/ul>\n<h3><strong>Lieferumfang:<\/strong><\/h3>\n<ul>\n<li>Feuerstahl mit Griff &amp; einfachem Deckel<\/li>\n<li><strong>ACHTUNG: auf den Produktbildern befindet sich optionales Zubeh\u00f6r, das im Lieferumfang NICHT enthalten ist.<\/strong><\/li>\n<\/ul>\n<h3><strong>Passendes, extra erh\u00e4ltliches Zubeh\u00f6r (nicht im Lieferumfang enthalten)<\/strong><strong>:<\/strong><\/h3>\n<ul>\n<li><a href=\"https:\/\/ueberlebenskunst.at\/survivalshop\/shop\/striker-mit-griff-fuer-den-letzten-feuerstahl-deines-lebens\/\" target=\"_blank\" rel=\"noopener\">Striker mit Griff<\/a><\/li>\n<li><a href=\"https:\/\/ueberlebenskunst.at\/survivalshop\/shop\/guertelhalter-fuer-xxl-feuerstahl-mit-griff-aus-der-rr-werkstatt\/\" target=\"_blank\" rel=\"noopener\">G\u00fcrtelhalter f\u00fcr XXL Feuerstahl<\/a><\/li>\n<\/ul>\n<p>&nbsp;<\/p>\n<h3>Survival Orange<\/h3>\n<p>Diese Edition in Survival Orange wurde nach den Vorstellungen von Matthias Busch alias Jackknife f\u00fcr sein Abenteuer in Nordamerika erstellt. Die Funktionen sind so wie beim allen unserer &#8220;Letzter Feuerstahl deines Lebens&#8221; &#8211; Produkte mit schraubbarem Deckel und Hohlkammer im Griff. Selbstverst\u00e4ndlich ist auch die Jackknife Alone Edition mit dem G\u00fcrtelk\u00f6cher kompatibel.<\/p>\n<h3><strong>Produktdaten:<\/strong><\/h3>\n<ul>\n<li>Gewicht: 142 g<\/li>\n<li>Abmessungen: nur Feuerstahl: 120 x 12 mm, komplett: 205 mm x D = 25 mm<\/li>\n<\/ul>\n<h3><strong>Lieferumfang:<\/strong><\/h3>\n<ul>\n<li>Feuerstahl mit Griff<\/li>\n<li>Elastisches Cord<\/li>\n<li>Gummidichtung<\/li>\n<li>Striker<\/li>\n<li>Beads<\/li>\n<li>Zunder<\/li>\n<li><strong>ACHTUNG: auf den Produktbildern befindet sich optionales Zubeh\u00f6r, das im Lieferumfang NICHT enthalten ist.<\/strong><\/li>\n<\/ul>\n<h3><strong>Passendes, extra erh\u00e4ltliches Zubeh\u00f6r (nicht im Lieferumfang enthalten)<\/strong><strong>:<\/strong><\/h3>\n<ul>\n<li><a href=\"https:\/\/ueberlebenskunst.at\/survivalshop\/shop\/striker-mit-griff-fuer-den-letzten-feuerstahl-deines-lebens\/\" target=\"_blank\" rel=\"noopener\">Striker mit Griff<\/a><\/li>\n<li><a href=\"https:\/\/ueberlebenskunst.at\/survivalshop\/shop\/guertelhalter-fuer-xxl-feuerstahl-mit-griff-aus-der-rr-werkstatt\/\" target=\"_blank\" rel=\"noopener\">G\u00fcrtelhalter f\u00fcr XXL Feuerstahl<\/a><\/li>\n<\/ul>\n<p>&nbsp;<\/p>\n<h3>Military Green oder Military Green \/ Black<\/h3>\n<h3><strong>Produktdaten:<\/strong><\/h3>\n<ul>\n<li>Gewicht: 142 g<\/li>\n<li>Abmessungen: nur Feuerstahl: 120 x 12 mm, komplett: 205 mm x D = 25 mm<\/li>\n<\/ul>\n<h3><strong>Lieferumfang:<\/strong><\/h3>\n<ul>\n<li>Feuerstahl mit Griff<\/li>\n<li>Elastisches Cord<\/li>\n<li>Gummidichtung<\/li>\n<li>Striker<\/li>\n<li>Beads<\/li>\n<li>Zunder<\/li>\n<li><strong>ACHTUNG: auf den Produktbildern befindet sich optionales Zubeh\u00f6r, das im Lieferumfang NICHT enthalten ist.<\/strong><\/li>\n<\/ul>\n<h3><strong>Passendes, extra erh\u00e4ltliches Zubeh\u00f6r (nicht im Lieferumfang enthalten)<\/strong><strong>:<\/strong><\/h3>\n<ul>\n<li><a href=\"https:\/\/ueberlebenskunst.at\/survivalshop\/shop\/striker-mit-griff-fuer-den-letzten-feuerstahl-deines-lebens\/\" target=\"_blank\" rel=\"noopener\">Striker mit Griff<\/a><\/li>\n<li><a href=\"https:\/\/ueberlebenskunst.at\/survivalshop\/shop\/guertelhalter-fuer-xxl-feuerstahl-mit-griff-aus-der-rr-werkstatt\/\" target=\"_blank\" rel=\"noopener\">G\u00fcrtelhalter f\u00fcr XXL Feuerstahl<\/a><\/li>\n<\/ul>\n<p>&nbsp;<\/p>\n<h3>Schwarz mit PA6 Griff<\/h3>\n<p>Qualit\u00e4t aus \u00d6sterreich: Der Griff dieses XXL Feuerstabs wurde im Spritzgussverfahren hergestellt, die Einzelteile in \u00d6sterreich im Hause Reini Rossmann montiert und einer strengen Qualit\u00e4tspr\u00fcfung unterzogen.<br \/>\nEinfache Anwendung: Dank der speziellen Zusammensetzung des Feuerstahl werden extrem hei\u00dfe Funken erzeugt.<br \/>\nExtreme Bedingungen: Unser Feuerstarter ist f\u00fcr Notfall Survival Situationen ausgelegt und ist auch im nassen Zustand anwendbar. Aber auch f\u00fcr Camping, Bushcraft, Trekking und Krisenvorbereitung.<br \/>\nPerfektes Notfall Feuerzeug: Unser Feuerstein hat im Inneren des Griffs einen wasserfesten Hohlraum, in dem Zunder transportiert werden kann.<\/p>\n<h3><strong>Produktdaten:<\/strong><\/h3>\n<ul>\n<li>Farbe: Schwarz<\/li>\n<li>Abmessungen: nur Feuerstahl: 120 x 12 mm, komplett: 205 mm x D = 25 mm<\/li>\n<\/ul>\n<h3><strong>Lieferumfang:<\/strong><\/h3>\n<ul>\n<li>Feuerstahl mit Griff<\/li>\n<li>Elastisches Cord<\/li>\n<li>Gummidichtung<\/li>\n<li>Striker<\/li>\n<li>Beads<\/li>\n<li>Zunder<\/li>\n<li><strong>ACHTUNG: auf den Produktbildern befindet sich optionales Zubeh\u00f6r, das im Lieferumfang NICHT enthalten ist.<\/strong><\/li>\n<\/ul>\n<h3><strong>Passendes, extra erh\u00e4ltliches Zubeh\u00f6r (nicht im Lieferumfang enthalten):<\/strong><\/h3>\n<ul>\n<li><a href=\"https:\/\/ueberlebenskunst.at\/survivalshop\/shop\/striker-mit-griff-fuer-den-letzten-feuerstahl-deines-lebens\/\" target=\"_blank\" rel=\"noopener\">Striker mit Griff<\/a><\/li>\n<li><a href=\"https:\/\/ueberlebenskunst.at\/survivalshop\/shop\/guertelhalter-fuer-xxl-feuerstahl-mit-griff-aus-der-rr-werkstatt\/\" target=\"_blank\" rel=\"noopener\">G\u00fcrtelhalter f\u00fcr XXL Feuerstahl<\/a><\/li>\n<\/ul>\n<p>&nbsp;<\/p>\n<h3><strong>Bedienungs- &amp; Pflegeanleitung:<\/strong><\/h3>\n<ul>\n<li>Die Reinigung mit Wasser und Seife ist m\u00f6glich.<\/li>\n<li>Du solltest die Steckscheide nicht direkt in die N\u00e4he von Feuer oder anderen Hitzequellen legen!<\/li>\n<li>Wird deine Steckscheide \u00fcber l\u00e4ngere Zeit sehr kalten Temperaturen unter 0 \u00b0C ausgesetzt, solltest du<br \/>\nin dem Moment darauf achten, dass keine starken Belastungen darauf einwirken.<\/li>\n<\/ul>\n<p>Unsere Produkte sind nicht f\u00fcr Kinder unter 3 Jahren geeignet. Es besteht Verschluckungsgefahr.<\/p>\n<p><a href=\"https:\/\/ueberlebenskunst.at\/survivalshop\/wp-content\/uploads\/2021\/11\/Logo_Kubotan.png\"><img decoding=\"async\" class=\"alignnone size-medium wp-image-179572\" src=\"https:\/\/ueberlebenskunst.at\/survivalshop\/wp-content\/uploads\/2021\/11\/Logo_Kubotan-300x94.png\" alt=\"\" width=\"300\" height=\"94\" srcset=\"https:\/\/ueberlebenskunst.at\/survivalshop\/wp-content\/uploads\/2021\/11\/Logo_Kubotan-300x94.png 300w, https:\/\/ueberlebenskunst.at\/survivalshop\/wp-content\/uploads\/2021\/11\/Logo_Kubotan-64x20.png 64w, https:\/\/ueberlebenskunst.at\/survivalshop\/wp-content\/uploads\/2021\/11\/Logo_Kubotan.png 537w\" sizes=\"(max-width: 300px) 100vw, 300px\" \/><\/a><\/p>\n","protected":false},"excerpt":{"rendered":"<p>Der letzte Feuerstahl deines Lebens ist in diesen Varianten erh\u00e4ltlich: Schwarz Premium Edition Survival Yellow Steambow Edition Schwarz mit PA6 Griff Survival Orange Military Green\/Black Black\/Glow Der letzte Feuerstahl deines Lebens f\u00fcr Armbrust Steambow Stinger 2 &#8211; Steambow Edition Dieser spezielle letzte Feuerstahl deines Lebens hat eine ganz klare Funktion &#8211; und zwar er passt [&hellip;]<\/p>\n","protected":false},"featured_media":184833,"comment_status":"open","ping_status":"closed","template":"","meta":{"_acf_changed":false},"product_brand":[],"product_cat":[1101,1768,1945],"product_tag":[236,2135,613,885,1273],"class_list":{"0":"post-5465","1":"product","2":"type-product","3":"status-publish","4":"has-post-thumbnail","6":"product_cat-ausruestung","7":"product_cat-steambow-stinger","8":"product_cat-survivalausruestung","9":"product_tag-feuerstahl","10":"product_tag-glow-in-the-dark","11":"product_tag-notfallausruestung","12":"product_tag-oma-liste","13":"product_tag-reini-rossmann","15":"first","16":"instock","17":"taxable","18":"shipping-taxable","19":"purchasable","20":"product-type-variable","21":"has-default-attributes"},"acf":[],"yoast_head":"<!-- This site is optimized with the Yoast SEO plugin v27.1.1 - https:\/\/yoast.com\/product\/yoast-seo-wordpress\/ -->\n<title>Der letzte Feuerstahl deines Lebens - Reini Rossmann - Survival Shop<\/title>\n<meta name=\"robots\" content=\"index, follow, max-snippet:-1, max-image-preview:large, max-video-preview:-1\" \/>\n<link rel=\"canonical\" href=\"https:\/\/ueberlebenskunst.at\/survivalshop\/shop\/der-letzte-feuerstahl-deines-lebens\/\" \/>\n<meta property=\"og:locale\" content=\"de_DE\" \/>\n<meta property=\"og:type\" content=\"article\" \/>\n<meta property=\"og:title\" content=\"Der letzte Feuerstahl deines Lebens - Reini Rossmann - Survival Shop\" \/>\n<meta property=\"og:description\" content=\"Der letzte Feuerstahl deines Lebens ist in diesen Varianten erh\u00e4ltlich: Schwarz Premium Edition Survival Yellow Steambow Edition Schwarz mit PA6 Griff Survival Orange Military Green\/Black Black\/Glow Der letzte Feuerstahl deines Lebens f\u00fcr Armbrust Steambow Stinger 2 &#8211; Steambow Edition Dieser spezielle letzte Feuerstahl deines Lebens hat eine ganz klare Funktion &#8211; und zwar er passt [&hellip;]\" \/>\n<meta property=\"og:url\" content=\"https:\/\/ueberlebenskunst.at\/survivalshop\/shop\/der-letzte-feuerstahl-deines-lebens\/\" \/>\n<meta property=\"og:site_name\" content=\"Reini Rossmann - Survival Shop\" \/>\n<meta property=\"article:publisher\" content=\"https:\/\/www.facebook.com\/survival24.org\/\" \/>\n<meta property=\"article:modified_time\" content=\"2026-05-07T11:38:33+00:00\" \/>\n<meta property=\"og:image\" content=\"https:\/\/ueberlebenskunst.at\/survivalshop\/wp-content\/uploads\/2024\/09\/FG_B-Ware.jpg\" \/>\n\t<meta property=\"og:image:width\" content=\"400\" \/>\n\t<meta property=\"og:image:height\" content=\"417\" \/>\n\t<meta property=\"og:image:type\" content=\"image\/jpeg\" \/>\n<meta name=\"twitter:card\" content=\"summary_large_image\" \/>\n<meta name=\"twitter:label1\" content=\"Gesch\u00e4tzte Lesezeit\" \/>\n\t<meta name=\"twitter:data1\" content=\"4\u00a0Minuten\" \/>\n<script type=\"application\/ld+json\" class=\"yoast-schema-graph\">{\"@context\":\"https:\/\/schema.org\",\"@graph\":[{\"@type\":\"WebPage\",\"@id\":\"https:\/\/ueberlebenskunst.at\/survivalshop\/shop\/der-letzte-feuerstahl-deines-lebens\/\",\"url\":\"https:\/\/ueberlebenskunst.at\/survivalshop\/shop\/der-letzte-feuerstahl-deines-lebens\/\",\"name\":\"Der letzte Feuerstahl deines Lebens - Reini Rossmann - Survival Shop\",\"isPartOf\":{\"@id\":\"https:\/\/ueberlebenskunst.at\/survivalshop\/#website\"},\"primaryImageOfPage\":{\"@id\":\"https:\/\/ueberlebenskunst.at\/survivalshop\/shop\/der-letzte-feuerstahl-deines-lebens\/#primaryimage\"},\"image\":{\"@id\":\"https:\/\/ueberlebenskunst.at\/survivalshop\/shop\/der-letzte-feuerstahl-deines-lebens\/#primaryimage\"},\"thumbnailUrl\":\"https:\/\/ueberlebenskunst.at\/survivalshop\/wp-content\/uploads\/2024\/09\/FG_B-Ware.jpg\",\"datePublished\":\"2017-11-23T07:55:41+00:00\",\"dateModified\":\"2026-05-07T11:38:33+00:00\",\"breadcrumb\":{\"@id\":\"https:\/\/ueberlebenskunst.at\/survivalshop\/shop\/der-letzte-feuerstahl-deines-lebens\/#breadcrumb\"},\"inLanguage\":\"de\",\"potentialAction\":[{\"@type\":\"ReadAction\",\"target\":[\"https:\/\/ueberlebenskunst.at\/survivalshop\/shop\/der-letzte-feuerstahl-deines-lebens\/\"]}]},{\"@type\":\"ImageObject\",\"inLanguage\":\"de\",\"@id\":\"https:\/\/ueberlebenskunst.at\/survivalshop\/shop\/der-letzte-feuerstahl-deines-lebens\/#primaryimage\",\"url\":\"https:\/\/ueberlebenskunst.at\/survivalshop\/wp-content\/uploads\/2024\/09\/FG_B-Ware.jpg\",\"contentUrl\":\"https:\/\/ueberlebenskunst.at\/survivalshop\/wp-content\/uploads\/2024\/09\/FG_B-Ware.jpg\",\"width\":400,\"height\":417},{\"@type\":\"BreadcrumbList\",\"@id\":\"https:\/\/ueberlebenskunst.at\/survivalshop\/shop\/der-letzte-feuerstahl-deines-lebens\/#breadcrumb\",\"itemListElement\":[{\"@type\":\"ListItem\",\"position\":1,\"name\":\"Startseite\",\"item\":\"https:\/\/ueberlebenskunst.at\/survivalshop\/\"},{\"@type\":\"ListItem\",\"position\":2,\"name\":\"Shop\",\"item\":\"https:\/\/ueberlebenskunst.at\/survivalshop\/shop\/\"},{\"@type\":\"ListItem\",\"position\":3,\"name\":\"Der letzte Feuerstahl deines Lebens\"}]},{\"@type\":\"WebSite\",\"@id\":\"https:\/\/ueberlebenskunst.at\/survivalshop\/#website\",\"url\":\"https:\/\/ueberlebenskunst.at\/survivalshop\/\",\"name\":\"Reini Rossmann - Survival Shop\",\"description\":\"Survival Shop f\u00fcr Survival, Bushcraft und Prepper\",\"potentialAction\":[{\"@type\":\"SearchAction\",\"target\":{\"@type\":\"EntryPoint\",\"urlTemplate\":\"https:\/\/ueberlebenskunst.at\/survivalshop\/?s={search_term_string}\"},\"query-input\":{\"@type\":\"PropertyValueSpecification\",\"valueRequired\":true,\"valueName\":\"search_term_string\"}}],\"inLanguage\":\"de\"}]}<\/script>\n<!-- \/ Yoast SEO plugin. -->","yoast_head_json":{"title":"Der letzte Feuerstahl deines Lebens - Reini Rossmann - Survival Shop","robots":{"index":"index","follow":"follow","max-snippet":"max-snippet:-1","max-image-preview":"max-image-preview:large","max-video-preview":"max-video-preview:-1"},"canonical":"https:\/\/ueberlebenskunst.at\/survivalshop\/shop\/der-letzte-feuerstahl-deines-lebens\/","og_locale":"de_DE","og_type":"article","og_title":"Der letzte Feuerstahl deines Lebens - Reini Rossmann - Survival Shop","og_description":"Der letzte Feuerstahl deines Lebens ist in diesen Varianten erh\u00e4ltlich: Schwarz Premium Edition Survival Yellow Steambow Edition Schwarz mit PA6 Griff Survival Orange Military Green\/Black Black\/Glow Der letzte Feuerstahl deines Lebens f\u00fcr Armbrust Steambow Stinger 2 &#8211; Steambow Edition Dieser spezielle letzte Feuerstahl deines Lebens hat eine ganz klare Funktion &#8211; und zwar er passt [&hellip;]","og_url":"https:\/\/ueberlebenskunst.at\/survivalshop\/shop\/der-letzte-feuerstahl-deines-lebens\/","og_site_name":"Reini Rossmann - Survival Shop","article_publisher":"https:\/\/www.facebook.com\/survival24.org\/","article_modified_time":"2026-05-07T11:38:33+00:00","og_image":[{"width":400,"height":417,"url":"https:\/\/ueberlebenskunst.at\/survivalshop\/wp-content\/uploads\/2024\/09\/FG_B-Ware.jpg","type":"image\/jpeg"}],"twitter_card":"summary_large_image","twitter_misc":{"Gesch\u00e4tzte Lesezeit":"4\u00a0Minuten"},"schema":{"@context":"https:\/\/schema.org","@graph":[{"@type":"WebPage","@id":"https:\/\/ueberlebenskunst.at\/survivalshop\/shop\/der-letzte-feuerstahl-deines-lebens\/","url":"https:\/\/ueberlebenskunst.at\/survivalshop\/shop\/der-letzte-feuerstahl-deines-lebens\/","name":"Der letzte Feuerstahl deines Lebens - Reini Rossmann - Survival Shop","isPartOf":{"@id":"https:\/\/ueberlebenskunst.at\/survivalshop\/#website"},"primaryImageOfPage":{"@id":"https:\/\/ueberlebenskunst.at\/survivalshop\/shop\/der-letzte-feuerstahl-deines-lebens\/#primaryimage"},"image":{"@id":"https:\/\/ueberlebenskunst.at\/survivalshop\/shop\/der-letzte-feuerstahl-deines-lebens\/#primaryimage"},"thumbnailUrl":"https:\/\/ueberlebenskunst.at\/survivalshop\/wp-content\/uploads\/2024\/09\/FG_B-Ware.jpg","datePublished":"2017-11-23T07:55:41+00:00","dateModified":"2026-05-07T11:38:33+00:00","breadcrumb":{"@id":"https:\/\/ueberlebenskunst.at\/survivalshop\/shop\/der-letzte-feuerstahl-deines-lebens\/#breadcrumb"},"inLanguage":"de","potentialAction":[{"@type":"ReadAction","target":["https:\/\/ueberlebenskunst.at\/survivalshop\/shop\/der-letzte-feuerstahl-deines-lebens\/"]}]},{"@type":"ImageObject","inLanguage":"de","@id":"https:\/\/ueberlebenskunst.at\/survivalshop\/shop\/der-letzte-feuerstahl-deines-lebens\/#primaryimage","url":"https:\/\/ueberlebenskunst.at\/survivalshop\/wp-content\/uploads\/2024\/09\/FG_B-Ware.jpg","contentUrl":"https:\/\/ueberlebenskunst.at\/survivalshop\/wp-content\/uploads\/2024\/09\/FG_B-Ware.jpg","width":400,"height":417},{"@type":"BreadcrumbList","@id":"https:\/\/ueberlebenskunst.at\/survivalshop\/shop\/der-letzte-feuerstahl-deines-lebens\/#breadcrumb","itemListElement":[{"@type":"ListItem","position":1,"name":"Startseite","item":"https:\/\/ueberlebenskunst.at\/survivalshop\/"},{"@type":"ListItem","position":2,"name":"Shop","item":"https:\/\/ueberlebenskunst.at\/survivalshop\/shop\/"},{"@type":"ListItem","position":3,"name":"Der letzte Feuerstahl deines Lebens"}]},{"@type":"WebSite","@id":"https:\/\/ueberlebenskunst.at\/survivalshop\/#website","url":"https:\/\/ueberlebenskunst.at\/survivalshop\/","name":"Reini Rossmann - Survival Shop","description":"Survival Shop f\u00fcr Survival, Bushcraft und Prepper","potentialAction":[{"@type":"SearchAction","target":{"@type":"EntryPoint","urlTemplate":"https:\/\/ueberlebenskunst.at\/survivalshop\/?s={search_term_string}"},"query-input":{"@type":"PropertyValueSpecification","valueRequired":true,"valueName":"search_term_string"}}],"inLanguage":"de"}]}},"_links":{"self":[{"href":"https:\/\/ueberlebenskunst.at\/survivalshop\/wp-json\/wp\/v2\/product\/5465","targetHints":{"allow":["GET"]}}],"collection":[{"href":"https:\/\/ueberlebenskunst.at\/survivalshop\/wp-json\/wp\/v2\/product"}],"about":[{"href":"https:\/\/ueberlebenskunst.at\/survivalshop\/wp-json\/wp\/v2\/types\/product"}],"replies":[{"embeddable":true,"href":"https:\/\/ueberlebenskunst.at\/survivalshop\/wp-json\/wp\/v2\/comments?post=5465"}],"wp:featuredmedia":[{"embeddable":true,"href":"https:\/\/ueberlebenskunst.at\/survivalshop\/wp-json\/wp\/v2\/media\/184833"}],"wp:attachment":[{"href":"https:\/\/ueberlebenskunst.at\/survivalshop\/wp-json\/wp\/v2\/media?parent=5465"}],"wp:term":[{"taxonomy":"product_brand","embeddable":true,"href":"https:\/\/ueberlebenskunst.at\/survivalshop\/wp-json\/wp\/v2\/product_brand?post=5465"},{"taxonomy":"product_cat","embeddable":true,"href":"https:\/\/ueberlebenskunst.at\/survivalshop\/wp-json\/wp\/v2\/product_cat?post=5465"},{"taxonomy":"product_tag","embeddable":true,"href":"https:\/\/ueberlebenskunst.at\/survivalshop\/wp-json\/wp\/v2\/product_tag?post=5465"}],"curies":[{"name":"wp","href":"https:\/\/api.w.org\/{rel}","templated":true}]}}