{"id":52966,"date":"2021-11-30T13:56:04","date_gmt":"2021-11-30T11:56:04","guid":{"rendered":"https:\/\/ueberlebenskunst.at\/survivalshop\/?post_type=product&#038;p=52966"},"modified":"2026-04-03T13:14:01","modified_gmt":"2026-04-03T11:14:01","slug":"endkappen-wurfarm-adder","status":"publish","type":"product","link":"https:\/\/ueberlebenskunst.at\/survivalshop\/shop\/endkappen-wurfarm-adder\/","title":{"rendered":"Endkappe Wurfarm EK Cobra Adder"},"content":{"rendered":"<p>1 St\u00fcck Endkappe f\u00fcr den Wurfarm der <a href=\"https:\/\/ueberlebenskunst.at\/survivalshop\/shop\/ek-cobra-adder-die-taktische-repetier-armbrust\/\" target=\"_blank\" rel=\"noopener\">EK Cobra Adder<\/a>.<\/p>\n<p>Die Endkappen am Wurfarm einer Armbrust sind auch im Normalbetrieb sehr hohen Kr\u00e4ften ausgesetzt und geh\u00f6ren deshalb, wie auch die <a href=\"https:\/\/ueberlebenskunst.at\/survivalshop\/shop\/ersatzsehne-ek-x-bow-cobra-armbrust\/\" target=\"_blank\" rel=\"noopener\">Ersatzsehnen<\/a>, zu den Verschlei\u00dfteilen einer Armbrust, da diese brechen k\u00f6nnen. Aus diesem Grund empfehle ich dir unbedingt, dass du gleich 2 Stk. als Ersatz zu deiner Armbrust dazu bestellst.<\/p>\n<p>Lieferumfang: 1 St\u00fcck<\/p>\n","protected":false},"excerpt":{"rendered":"<p>1 St\u00fcck Endkappe f\u00fcr den Wurfarm der EK Cobra Adder. Die Endkappen am Wurfarm einer Armbrust sind auch im Normalbetrieb sehr hohen Kr\u00e4ften ausgesetzt und geh\u00f6ren deshalb, wie auch die Ersatzsehnen, zu den Verschlei\u00dfteilen einer Armbrust, da diese brechen k\u00f6nnen. Aus diesem Grund empfehle ich dir unbedingt, dass du gleich 2 Stk. als Ersatz zu [&hellip;]<\/p>\n","protected":false},"featured_media":154050,"comment_status":"open","ping_status":"closed","template":"","meta":{"_acf_changed":false},"product_brand":[],"product_cat":[1895,1926],"product_tag":[1185],"class_list":{"0":"post-52966","1":"product","2":"type-product","3":"status-publish","4":"has-post-thumbnail","6":"product_cat-ek-archery-adder-bogensport-pfeil-kugel","7":"product_cat-endkappen","8":"product_tag-adder","10":"first","11":"instock","12":"taxable","13":"shipping-taxable","14":"purchasable","15":"product-type-simple"},"acf":[],"yoast_head":"<!-- This site is optimized with the Yoast SEO plugin v27.1.1 - https:\/\/yoast.com\/product\/yoast-seo-wordpress\/ -->\n<title>Endkappe Wurfarm EK Cobra Adder<\/title>\n<meta name=\"robots\" content=\"index, follow, max-snippet:-1, max-image-preview:large, max-video-preview:-1\" \/>\n<link rel=\"canonical\" href=\"https:\/\/ueberlebenskunst.at\/survivalshop\/shop\/endkappen-wurfarm-adder\/\" \/>\n<meta property=\"og:locale\" content=\"de_DE\" \/>\n<meta property=\"og:type\" content=\"article\" \/>\n<meta property=\"og:title\" content=\"Endkappe Wurfarm EK Cobra Adder\" \/>\n<meta property=\"og:description\" content=\"1 St\u00fcck Endkappe f\u00fcr den Wurfarm der EK Cobra Adder. Die Endkappen am Wurfarm einer Armbrust sind auch im Normalbetrieb sehr hohen Kr\u00e4ften ausgesetzt und geh\u00f6ren deshalb, wie auch die Ersatzsehnen, zu den Verschlei\u00dfteilen einer Armbrust, da diese brechen k\u00f6nnen. Aus diesem Grund empfehle ich dir unbedingt, dass du gleich 2 Stk. als Ersatz zu [&hellip;]\" \/>\n<meta property=\"og:url\" content=\"https:\/\/ueberlebenskunst.at\/survivalshop\/shop\/endkappen-wurfarm-adder\/\" \/>\n<meta property=\"og:site_name\" content=\"Reini Rossmann - Survival Shop\" \/>\n<meta property=\"article:publisher\" content=\"https:\/\/www.facebook.com\/survival24.org\/\" \/>\n<meta property=\"article:modified_time\" content=\"2026-04-03T11:14:01+00:00\" \/>\n<meta property=\"og:image\" content=\"https:\/\/ueberlebenskunst.at\/survivalshop\/wp-content\/uploads\/2023\/04\/b20002G.jpg\" \/>\n\t<meta property=\"og:image:width\" content=\"400\" \/>\n\t<meta property=\"og:image:height\" content=\"408\" \/>\n\t<meta property=\"og:image:type\" content=\"image\/jpeg\" \/>\n<meta name=\"twitter:card\" content=\"summary_large_image\" \/>\n<meta name=\"twitter:label1\" content=\"Gesch\u00e4tzte Lesezeit\" \/>\n\t<meta name=\"twitter:data1\" content=\"1\u00a0Minute\" \/>\n<script type=\"application\/ld+json\" class=\"yoast-schema-graph\">{\"@context\":\"https:\/\/schema.org\",\"@graph\":[{\"@type\":\"WebPage\",\"@id\":\"https:\/\/ueberlebenskunst.at\/survivalshop\/shop\/endkappen-wurfarm-adder\/\",\"url\":\"https:\/\/ueberlebenskunst.at\/survivalshop\/shop\/endkappen-wurfarm-adder\/\",\"name\":\"Endkappe Wurfarm EK Cobra Adder\",\"isPartOf\":{\"@id\":\"https:\/\/ueberlebenskunst.at\/survivalshop\/#website\"},\"primaryImageOfPage\":{\"@id\":\"https:\/\/ueberlebenskunst.at\/survivalshop\/shop\/endkappen-wurfarm-adder\/#primaryimage\"},\"image\":{\"@id\":\"https:\/\/ueberlebenskunst.at\/survivalshop\/shop\/endkappen-wurfarm-adder\/#primaryimage\"},\"thumbnailUrl\":\"https:\/\/ueberlebenskunst.at\/survivalshop\/wp-content\/uploads\/2023\/04\/b20002G.jpg\",\"datePublished\":\"2021-11-30T11:56:04+00:00\",\"dateModified\":\"2026-04-03T11:14:01+00:00\",\"breadcrumb\":{\"@id\":\"https:\/\/ueberlebenskunst.at\/survivalshop\/shop\/endkappen-wurfarm-adder\/#breadcrumb\"},\"inLanguage\":\"de\",\"potentialAction\":[{\"@type\":\"ReadAction\",\"target\":[\"https:\/\/ueberlebenskunst.at\/survivalshop\/shop\/endkappen-wurfarm-adder\/\"]}]},{\"@type\":\"ImageObject\",\"inLanguage\":\"de\",\"@id\":\"https:\/\/ueberlebenskunst.at\/survivalshop\/shop\/endkappen-wurfarm-adder\/#primaryimage\",\"url\":\"https:\/\/ueberlebenskunst.at\/survivalshop\/wp-content\/uploads\/2023\/04\/b20002G.jpg\",\"contentUrl\":\"https:\/\/ueberlebenskunst.at\/survivalshop\/wp-content\/uploads\/2023\/04\/b20002G.jpg\",\"width\":400,\"height\":408},{\"@type\":\"BreadcrumbList\",\"@id\":\"https:\/\/ueberlebenskunst.at\/survivalshop\/shop\/endkappen-wurfarm-adder\/#breadcrumb\",\"itemListElement\":[{\"@type\":\"ListItem\",\"position\":1,\"name\":\"Startseite\",\"item\":\"https:\/\/ueberlebenskunst.at\/survivalshop\/\"},{\"@type\":\"ListItem\",\"position\":2,\"name\":\"Shop\",\"item\":\"https:\/\/ueberlebenskunst.at\/survivalshop\/shop\/\"},{\"@type\":\"ListItem\",\"position\":3,\"name\":\"Endkappe Wurfarm EK Cobra Adder\"}]},{\"@type\":\"WebSite\",\"@id\":\"https:\/\/ueberlebenskunst.at\/survivalshop\/#website\",\"url\":\"https:\/\/ueberlebenskunst.at\/survivalshop\/\",\"name\":\"Reini Rossmann - Survival Shop\",\"description\":\"Survival Shop f\u00fcr Survival, Bushcraft und Prepper\",\"potentialAction\":[{\"@type\":\"SearchAction\",\"target\":{\"@type\":\"EntryPoint\",\"urlTemplate\":\"https:\/\/ueberlebenskunst.at\/survivalshop\/?s={search_term_string}\"},\"query-input\":{\"@type\":\"PropertyValueSpecification\",\"valueRequired\":true,\"valueName\":\"search_term_string\"}}],\"inLanguage\":\"de\"}]}<\/script>\n<!-- \/ Yoast SEO plugin. -->","yoast_head_json":{"title":"Endkappe Wurfarm EK Cobra Adder","robots":{"index":"index","follow":"follow","max-snippet":"max-snippet:-1","max-image-preview":"max-image-preview:large","max-video-preview":"max-video-preview:-1"},"canonical":"https:\/\/ueberlebenskunst.at\/survivalshop\/shop\/endkappen-wurfarm-adder\/","og_locale":"de_DE","og_type":"article","og_title":"Endkappe Wurfarm EK Cobra Adder","og_description":"1 St\u00fcck Endkappe f\u00fcr den Wurfarm der EK Cobra Adder. Die Endkappen am Wurfarm einer Armbrust sind auch im Normalbetrieb sehr hohen Kr\u00e4ften ausgesetzt und geh\u00f6ren deshalb, wie auch die Ersatzsehnen, zu den Verschlei\u00dfteilen einer Armbrust, da diese brechen k\u00f6nnen. Aus diesem Grund empfehle ich dir unbedingt, dass du gleich 2 Stk. als Ersatz zu [&hellip;]","og_url":"https:\/\/ueberlebenskunst.at\/survivalshop\/shop\/endkappen-wurfarm-adder\/","og_site_name":"Reini Rossmann - Survival Shop","article_publisher":"https:\/\/www.facebook.com\/survival24.org\/","article_modified_time":"2026-04-03T11:14:01+00:00","og_image":[{"width":400,"height":408,"url":"https:\/\/ueberlebenskunst.at\/survivalshop\/wp-content\/uploads\/2023\/04\/b20002G.jpg","type":"image\/jpeg"}],"twitter_card":"summary_large_image","twitter_misc":{"Gesch\u00e4tzte Lesezeit":"1\u00a0Minute"},"schema":{"@context":"https:\/\/schema.org","@graph":[{"@type":"WebPage","@id":"https:\/\/ueberlebenskunst.at\/survivalshop\/shop\/endkappen-wurfarm-adder\/","url":"https:\/\/ueberlebenskunst.at\/survivalshop\/shop\/endkappen-wurfarm-adder\/","name":"Endkappe Wurfarm EK Cobra Adder","isPartOf":{"@id":"https:\/\/ueberlebenskunst.at\/survivalshop\/#website"},"primaryImageOfPage":{"@id":"https:\/\/ueberlebenskunst.at\/survivalshop\/shop\/endkappen-wurfarm-adder\/#primaryimage"},"image":{"@id":"https:\/\/ueberlebenskunst.at\/survivalshop\/shop\/endkappen-wurfarm-adder\/#primaryimage"},"thumbnailUrl":"https:\/\/ueberlebenskunst.at\/survivalshop\/wp-content\/uploads\/2023\/04\/b20002G.jpg","datePublished":"2021-11-30T11:56:04+00:00","dateModified":"2026-04-03T11:14:01+00:00","breadcrumb":{"@id":"https:\/\/ueberlebenskunst.at\/survivalshop\/shop\/endkappen-wurfarm-adder\/#breadcrumb"},"inLanguage":"de","potentialAction":[{"@type":"ReadAction","target":["https:\/\/ueberlebenskunst.at\/survivalshop\/shop\/endkappen-wurfarm-adder\/"]}]},{"@type":"ImageObject","inLanguage":"de","@id":"https:\/\/ueberlebenskunst.at\/survivalshop\/shop\/endkappen-wurfarm-adder\/#primaryimage","url":"https:\/\/ueberlebenskunst.at\/survivalshop\/wp-content\/uploads\/2023\/04\/b20002G.jpg","contentUrl":"https:\/\/ueberlebenskunst.at\/survivalshop\/wp-content\/uploads\/2023\/04\/b20002G.jpg","width":400,"height":408},{"@type":"BreadcrumbList","@id":"https:\/\/ueberlebenskunst.at\/survivalshop\/shop\/endkappen-wurfarm-adder\/#breadcrumb","itemListElement":[{"@type":"ListItem","position":1,"name":"Startseite","item":"https:\/\/ueberlebenskunst.at\/survivalshop\/"},{"@type":"ListItem","position":2,"name":"Shop","item":"https:\/\/ueberlebenskunst.at\/survivalshop\/shop\/"},{"@type":"ListItem","position":3,"name":"Endkappe Wurfarm EK Cobra Adder"}]},{"@type":"WebSite","@id":"https:\/\/ueberlebenskunst.at\/survivalshop\/#website","url":"https:\/\/ueberlebenskunst.at\/survivalshop\/","name":"Reini Rossmann - Survival Shop","description":"Survival Shop f\u00fcr Survival, Bushcraft und Prepper","potentialAction":[{"@type":"SearchAction","target":{"@type":"EntryPoint","urlTemplate":"https:\/\/ueberlebenskunst.at\/survivalshop\/?s={search_term_string}"},"query-input":{"@type":"PropertyValueSpecification","valueRequired":true,"valueName":"search_term_string"}}],"inLanguage":"de"}]}},"_links":{"self":[{"href":"https:\/\/ueberlebenskunst.at\/survivalshop\/wp-json\/wp\/v2\/product\/52966","targetHints":{"allow":["GET"]}}],"collection":[{"href":"https:\/\/ueberlebenskunst.at\/survivalshop\/wp-json\/wp\/v2\/product"}],"about":[{"href":"https:\/\/ueberlebenskunst.at\/survivalshop\/wp-json\/wp\/v2\/types\/product"}],"replies":[{"embeddable":true,"href":"https:\/\/ueberlebenskunst.at\/survivalshop\/wp-json\/wp\/v2\/comments?post=52966"}],"wp:featuredmedia":[{"embeddable":true,"href":"https:\/\/ueberlebenskunst.at\/survivalshop\/wp-json\/wp\/v2\/media\/154050"}],"wp:attachment":[{"href":"https:\/\/ueberlebenskunst.at\/survivalshop\/wp-json\/wp\/v2\/media?parent=52966"}],"wp:term":[{"taxonomy":"product_brand","embeddable":true,"href":"https:\/\/ueberlebenskunst.at\/survivalshop\/wp-json\/wp\/v2\/product_brand?post=52966"},{"taxonomy":"product_cat","embeddable":true,"href":"https:\/\/ueberlebenskunst.at\/survivalshop\/wp-json\/wp\/v2\/product_cat?post=52966"},{"taxonomy":"product_tag","embeddable":true,"href":"https:\/\/ueberlebenskunst.at\/survivalshop\/wp-json\/wp\/v2\/product_tag?post=52966"}],"curies":[{"name":"wp","href":"https:\/\/api.w.org\/{rel}","templated":true}]}}