{"id":5097,"date":"2017-07-10T20:58:09","date_gmt":"2017-07-10T18:58:09","guid":{"rendered":"https:\/\/ueberlebenskunst.at\/survivalshop\/survivalshop\/?post_type=product&#038;p=5097"},"modified":"2024-05-21T15:33:19","modified_gmt":"2024-05-21T13:33:19","slug":"survival-orientierung-navigation","status":"publish","type":"product","link":"https:\/\/ueberlebenskunst.at\/survivalshop\/shop\/survival-orientierung-navigation\/","title":{"rendered":"Survival Orientierung &amp; Navigation"},"content":{"rendered":"<p><strong>F\u00fcr wen ist der Kurs?<\/strong><br \/>\n\u2013 Wenn Du in der Natur unterwegs sein willst oder musst und dabei Deinen Weg finden sollst, dann ist dieser Survival Kurs der Richtige f\u00fcr Dich.<br \/>\n\u2013 Wenn Du im Bereich Survival, Bushcraft, Prepping oder Bugout vorbereitet sein willst, dann ist dieser Survival Kurs der Richtige f\u00fcr Dich<br \/>\n\u2013 Wenn Du Dich nicht nur auf GPS und Smartphone verlassen willst, sondern mit der Natur und den aktuellen Gegebenheiten navigieren und dich orientieren willst, dann ist dieser Survival Kurs der Richtige f\u00fcr dich<br \/>\n\u2013 Geeignet f\u00fcr alle, die sich f\u00fcr das Thema Orientierung und Navigation in und mit der Natur interessieren! Du wirst \u00fcberrascht sein was alles ohne Hilfsmittel m\u00f6glich ist!<\/p>\n<p><strong>Inhalte:<\/strong><br \/>\nIn 12 Modulen mit insgesamt 50 Lektionen werden dir die folgenden Themen n\u00e4hergebracht:<br \/>\n\u2013 Grundlagen der Orientierung<br \/>\n\u2013 Kompass und Kartenkunde<br \/>\n\u2013 Navigation und Routenplanung<br \/>\n\u2013 Navigation mit Sonne, Mond, Sternen, Tieren &amp; Pflanzen<br \/>\n\u2013 Notwendige Ausr\u00fcstung f\u00fcr Orientierung und Navigation<br \/>\n\u2013 GPS, das unbekannte Wesen oder GPS sinnvoll nutzen<br \/>\n\u2013 Survival Szenarien und Beispiele<br \/>\n\u2013 Wahre Fluchtgeschichten &amp; Typische Fehler<br \/>\n\u2013 Profi Navigationstricks von Spezialeinheiten<\/p>\n<p><strong>Wie l\u00e4uft der Kurs ab?<\/strong><br \/>\nNach erfolgreicher Anmeldung bekommst du die Zugangsdaten zu unserer eLearningplattform. Dort steht dir der Kurs zur Verf\u00fcgung und zwar 365 Tage im Jahr ein Leben lang. In 50 Lektionen mit einer Gesamtlaufzeit von ca. 500 Minuten (ca. 8 Stunden) wird dir das Wissen vermittelt, mit dem du dann sofort selbst nach drau\u00dfen gehen und dein erworbenes Wissen ausprobieren\/\u00fcben kannst. Bei Fragen steht dir unser Team jederzeit via E-Mail zur Verf\u00fcgung. Au\u00dferdem gibt es eine aktive Facebookgruppe, die sehr gerne f\u00fcr Fragen, Austausch und Diskussionen genutzt wird.<\/p>\n","protected":false},"excerpt":{"rendered":"<p>Der Online Kurs f\u00fcr Wanderer, Survivalisten, Bushcafter, Bugout und Alle, die in der Natur navigieren m\u00fcssen oder wollen.<\/p>\n<h3><span style=\"color: #ff0000;\"><strong>SOFORT beginnen<\/strong><\/span><\/h3>\n","protected":false},"featured_media":5098,"comment_status":"open","ping_status":"closed","template":"","meta":{"_acf_changed":false},"product_brand":[],"product_cat":[1863,1862],"product_tag":[814,816,810,811,748,812,817,815,809],"class_list":{"0":"post-5097","1":"product","2":"type-product","3":"status-publish","4":"has-post-thumbnail","6":"product_cat-survival-kurse","7":"product_cat-wissen-koennen","8":"product_tag-awareness","9":"product_tag-beratungsgespraech-mit-reini","10":"product_tag-erste-hilfe","11":"product_tag-krise","12":"product_tag-nahrung","13":"product_tag-orientierung","14":"product_tag-selbstversorgung-aus-dem-garten","15":"product_tag-survival-coach","16":"product_tag-wasserkurs","18":"first","19":"instock","20":"virtual","21":"taxable","22":"product-type-simple"},"acf":[],"yoast_head":"<!-- This site is optimized with the Yoast SEO plugin v27.1.1 - https:\/\/yoast.com\/product\/yoast-seo-wordpress\/ -->\n<title>Survival Orientierung &amp; Navigation - Reini Rossmann - Survival Shop<\/title>\n<meta name=\"robots\" content=\"index, follow, max-snippet:-1, max-image-preview:large, max-video-preview:-1\" \/>\n<link rel=\"canonical\" href=\"https:\/\/ueberlebenskunst.at\/survivalshop\/shop\/survival-orientierung-navigation\/\" \/>\n<meta property=\"og:locale\" content=\"de_DE\" \/>\n<meta property=\"og:type\" content=\"article\" \/>\n<meta property=\"og:title\" content=\"Survival Orientierung &amp; Navigation - Reini Rossmann - Survival Shop\" \/>\n<meta property=\"og:description\" content=\"Der Online Kurs f\u00fcr Wanderer, Survivalisten, Bushcafter, Bugout und Alle, die in der Natur navigieren m\u00fcssen oder wollen. SOFORT beginnen\" \/>\n<meta property=\"og:url\" content=\"https:\/\/ueberlebenskunst.at\/survivalshop\/shop\/survival-orientierung-navigation\/\" \/>\n<meta property=\"og:site_name\" content=\"Reini Rossmann - Survival Shop\" \/>\n<meta property=\"article:publisher\" content=\"https:\/\/www.facebook.com\/survival24.org\/\" \/>\n<meta property=\"article:modified_time\" content=\"2024-05-21T13:33:19+00:00\" \/>\n<meta property=\"og:image\" content=\"https:\/\/ueberlebenskunst.at\/survivalshop\/wp-content\/uploads\/2017\/07\/Survival-Orientierung-Navigation.jpg\" \/>\n\t<meta property=\"og:image:width\" content=\"1950\" \/>\n\t<meta property=\"og:image:height\" content=\"1134\" \/>\n\t<meta property=\"og:image:type\" content=\"image\/jpeg\" \/>\n<meta name=\"twitter:card\" content=\"summary_large_image\" \/>\n<meta name=\"twitter:label1\" content=\"Gesch\u00e4tzte Lesezeit\" \/>\n\t<meta name=\"twitter:data1\" content=\"2\u00a0Minuten\" \/>\n<script type=\"application\/ld+json\" class=\"yoast-schema-graph\">{\"@context\":\"https:\/\/schema.org\",\"@graph\":[{\"@type\":\"WebPage\",\"@id\":\"https:\/\/ueberlebenskunst.at\/survivalshop\/shop\/survival-orientierung-navigation\/\",\"url\":\"https:\/\/ueberlebenskunst.at\/survivalshop\/shop\/survival-orientierung-navigation\/\",\"name\":\"Survival Orientierung &amp; Navigation - Reini Rossmann - Survival Shop\",\"isPartOf\":{\"@id\":\"https:\/\/ueberlebenskunst.at\/survivalshop\/#website\"},\"primaryImageOfPage\":{\"@id\":\"https:\/\/ueberlebenskunst.at\/survivalshop\/shop\/survival-orientierung-navigation\/#primaryimage\"},\"image\":{\"@id\":\"https:\/\/ueberlebenskunst.at\/survivalshop\/shop\/survival-orientierung-navigation\/#primaryimage\"},\"thumbnailUrl\":\"https:\/\/ueberlebenskunst.at\/survivalshop\/wp-content\/uploads\/2017\/07\/Survival-Orientierung-Navigation.jpg\",\"datePublished\":\"2017-07-10T18:58:09+00:00\",\"dateModified\":\"2024-05-21T13:33:19+00:00\",\"breadcrumb\":{\"@id\":\"https:\/\/ueberlebenskunst.at\/survivalshop\/shop\/survival-orientierung-navigation\/#breadcrumb\"},\"inLanguage\":\"de\",\"potentialAction\":[{\"@type\":\"ReadAction\",\"target\":[\"https:\/\/ueberlebenskunst.at\/survivalshop\/shop\/survival-orientierung-navigation\/\"]}]},{\"@type\":\"ImageObject\",\"inLanguage\":\"de\",\"@id\":\"https:\/\/ueberlebenskunst.at\/survivalshop\/shop\/survival-orientierung-navigation\/#primaryimage\",\"url\":\"https:\/\/ueberlebenskunst.at\/survivalshop\/wp-content\/uploads\/2017\/07\/Survival-Orientierung-Navigation.jpg\",\"contentUrl\":\"https:\/\/ueberlebenskunst.at\/survivalshop\/wp-content\/uploads\/2017\/07\/Survival-Orientierung-Navigation.jpg\",\"width\":1950,\"height\":1134},{\"@type\":\"BreadcrumbList\",\"@id\":\"https:\/\/ueberlebenskunst.at\/survivalshop\/shop\/survival-orientierung-navigation\/#breadcrumb\",\"itemListElement\":[{\"@type\":\"ListItem\",\"position\":1,\"name\":\"Startseite\",\"item\":\"https:\/\/ueberlebenskunst.at\/survivalshop\/\"},{\"@type\":\"ListItem\",\"position\":2,\"name\":\"Shop\",\"item\":\"https:\/\/ueberlebenskunst.at\/survivalshop\/shop\/\"},{\"@type\":\"ListItem\",\"position\":3,\"name\":\"Survival Orientierung &amp; Navigation\"}]},{\"@type\":\"WebSite\",\"@id\":\"https:\/\/ueberlebenskunst.at\/survivalshop\/#website\",\"url\":\"https:\/\/ueberlebenskunst.at\/survivalshop\/\",\"name\":\"Reini Rossmann - Survival Shop\",\"description\":\"Survival Shop f\u00fcr Survival, Bushcraft und Prepper\",\"potentialAction\":[{\"@type\":\"SearchAction\",\"target\":{\"@type\":\"EntryPoint\",\"urlTemplate\":\"https:\/\/ueberlebenskunst.at\/survivalshop\/?s={search_term_string}\"},\"query-input\":{\"@type\":\"PropertyValueSpecification\",\"valueRequired\":true,\"valueName\":\"search_term_string\"}}],\"inLanguage\":\"de\"}]}<\/script>\n<!-- \/ Yoast SEO plugin. -->","yoast_head_json":{"title":"Survival Orientierung &amp; Navigation - Reini Rossmann - Survival Shop","robots":{"index":"index","follow":"follow","max-snippet":"max-snippet:-1","max-image-preview":"max-image-preview:large","max-video-preview":"max-video-preview:-1"},"canonical":"https:\/\/ueberlebenskunst.at\/survivalshop\/shop\/survival-orientierung-navigation\/","og_locale":"de_DE","og_type":"article","og_title":"Survival Orientierung &amp; Navigation - Reini Rossmann - Survival Shop","og_description":"Der Online Kurs f\u00fcr Wanderer, Survivalisten, Bushcafter, Bugout und Alle, die in der Natur navigieren m\u00fcssen oder wollen. SOFORT beginnen","og_url":"https:\/\/ueberlebenskunst.at\/survivalshop\/shop\/survival-orientierung-navigation\/","og_site_name":"Reini Rossmann - Survival Shop","article_publisher":"https:\/\/www.facebook.com\/survival24.org\/","article_modified_time":"2024-05-21T13:33:19+00:00","og_image":[{"width":1950,"height":1134,"url":"https:\/\/ueberlebenskunst.at\/survivalshop\/wp-content\/uploads\/2017\/07\/Survival-Orientierung-Navigation.jpg","type":"image\/jpeg"}],"twitter_card":"summary_large_image","twitter_misc":{"Gesch\u00e4tzte Lesezeit":"2\u00a0Minuten"},"schema":{"@context":"https:\/\/schema.org","@graph":[{"@type":"WebPage","@id":"https:\/\/ueberlebenskunst.at\/survivalshop\/shop\/survival-orientierung-navigation\/","url":"https:\/\/ueberlebenskunst.at\/survivalshop\/shop\/survival-orientierung-navigation\/","name":"Survival Orientierung &amp; Navigation - Reini Rossmann - Survival Shop","isPartOf":{"@id":"https:\/\/ueberlebenskunst.at\/survivalshop\/#website"},"primaryImageOfPage":{"@id":"https:\/\/ueberlebenskunst.at\/survivalshop\/shop\/survival-orientierung-navigation\/#primaryimage"},"image":{"@id":"https:\/\/ueberlebenskunst.at\/survivalshop\/shop\/survival-orientierung-navigation\/#primaryimage"},"thumbnailUrl":"https:\/\/ueberlebenskunst.at\/survivalshop\/wp-content\/uploads\/2017\/07\/Survival-Orientierung-Navigation.jpg","datePublished":"2017-07-10T18:58:09+00:00","dateModified":"2024-05-21T13:33:19+00:00","breadcrumb":{"@id":"https:\/\/ueberlebenskunst.at\/survivalshop\/shop\/survival-orientierung-navigation\/#breadcrumb"},"inLanguage":"de","potentialAction":[{"@type":"ReadAction","target":["https:\/\/ueberlebenskunst.at\/survivalshop\/shop\/survival-orientierung-navigation\/"]}]},{"@type":"ImageObject","inLanguage":"de","@id":"https:\/\/ueberlebenskunst.at\/survivalshop\/shop\/survival-orientierung-navigation\/#primaryimage","url":"https:\/\/ueberlebenskunst.at\/survivalshop\/wp-content\/uploads\/2017\/07\/Survival-Orientierung-Navigation.jpg","contentUrl":"https:\/\/ueberlebenskunst.at\/survivalshop\/wp-content\/uploads\/2017\/07\/Survival-Orientierung-Navigation.jpg","width":1950,"height":1134},{"@type":"BreadcrumbList","@id":"https:\/\/ueberlebenskunst.at\/survivalshop\/shop\/survival-orientierung-navigation\/#breadcrumb","itemListElement":[{"@type":"ListItem","position":1,"name":"Startseite","item":"https:\/\/ueberlebenskunst.at\/survivalshop\/"},{"@type":"ListItem","position":2,"name":"Shop","item":"https:\/\/ueberlebenskunst.at\/survivalshop\/shop\/"},{"@type":"ListItem","position":3,"name":"Survival Orientierung &amp; Navigation"}]},{"@type":"WebSite","@id":"https:\/\/ueberlebenskunst.at\/survivalshop\/#website","url":"https:\/\/ueberlebenskunst.at\/survivalshop\/","name":"Reini Rossmann - Survival Shop","description":"Survival Shop f\u00fcr Survival, Bushcraft und Prepper","potentialAction":[{"@type":"SearchAction","target":{"@type":"EntryPoint","urlTemplate":"https:\/\/ueberlebenskunst.at\/survivalshop\/?s={search_term_string}"},"query-input":{"@type":"PropertyValueSpecification","valueRequired":true,"valueName":"search_term_string"}}],"inLanguage":"de"}]}},"_links":{"self":[{"href":"https:\/\/ueberlebenskunst.at\/survivalshop\/wp-json\/wp\/v2\/product\/5097","targetHints":{"allow":["GET"]}}],"collection":[{"href":"https:\/\/ueberlebenskunst.at\/survivalshop\/wp-json\/wp\/v2\/product"}],"about":[{"href":"https:\/\/ueberlebenskunst.at\/survivalshop\/wp-json\/wp\/v2\/types\/product"}],"replies":[{"embeddable":true,"href":"https:\/\/ueberlebenskunst.at\/survivalshop\/wp-json\/wp\/v2\/comments?post=5097"}],"wp:featuredmedia":[{"embeddable":true,"href":"https:\/\/ueberlebenskunst.at\/survivalshop\/wp-json\/wp\/v2\/media\/5098"}],"wp:attachment":[{"href":"https:\/\/ueberlebenskunst.at\/survivalshop\/wp-json\/wp\/v2\/media?parent=5097"}],"wp:term":[{"taxonomy":"product_brand","embeddable":true,"href":"https:\/\/ueberlebenskunst.at\/survivalshop\/wp-json\/wp\/v2\/product_brand?post=5097"},{"taxonomy":"product_cat","embeddable":true,"href":"https:\/\/ueberlebenskunst.at\/survivalshop\/wp-json\/wp\/v2\/product_cat?post=5097"},{"taxonomy":"product_tag","embeddable":true,"href":"https:\/\/ueberlebenskunst.at\/survivalshop\/wp-json\/wp\/v2\/product_tag?post=5097"}],"curies":[{"name":"wp","href":"https:\/\/api.w.org\/{rel}","templated":true}]}}