{"id":5092,"date":"2017-07-10T09:48:18","date_gmt":"2017-07-10T07:48:18","guid":{"rendered":"https:\/\/ueberlebenskunst.at\/survivalshop\/survivalshop\/?post_type=product&#038;p=5092"},"modified":"2025-12-17T09:52:08","modified_gmt":"2025-12-17T08:52:08","slug":"aluminiumpfeile-6-fuer-pistolenarmbrust","status":"seo-produkt","type":"product","link":"https:\/\/ueberlebenskunst.at\/survivalshop\/shop\/aluminiumpfeile-6-fuer-pistolenarmbrust\/","title":{"rendered":"Armbrust Bolzen f\u00fcr Pistolenarmbr\u00fcste &#8211; blau"},"content":{"rendered":"<p>10 St\u00fcck Packung 6,5&#8243; Alu-Pfeile f\u00fcr Pistolenarmbrust. Das Gewicht der blauen \u00dcbungspfeile liegt bei 9,2 g \/ 142 Grains pro Pfeil.<\/p>\n<p><strong>Produktdaten:<\/strong><\/p>\n<ul>\n<li>L\u00e4nge: 16,2 cm<\/li>\n<li>Breite: 2 cm<\/li>\n<li>H\u00f6he: 0,6 cm<\/li>\n<\/ul>\n<p>Diese Pfeile sind mit der 6-Schuss-Armbrust Steambow Stinger kompatibel.<br \/>\nJedoch NICHT f\u00fcr die X-Bow Serie.<\/p>\n<p>Vielleicht sind auch <a href=\"https:\/\/ueberlebenskunst.at\/survivalshop\/shop\/pistolenarmbrust-pfeile-broadhead\/\" target=\"_blank\" rel=\"noopener noreferrer\">Pistolenarmbrust Broadheads<\/a> und <a href=\"https:\/\/ueberlebenskunst.at\/survivalshop\/shop\/stinger-bodkinpfeile-schwarz-set-aus-6-stueck\/\" target=\"_blank\" rel=\"noopener\">Bodkinpfeile<\/a> interessant f\u00fcr dich?<\/p>\n<p>&nbsp;<\/p>\n","protected":false},"excerpt":{"rendered":"<p>10 Alu-Pfeile 6,5&#8243; passend f\u00fcr die Pistolenarmbrust.<\/p>\n","protected":false},"featured_media":30117,"comment_status":"open","ping_status":"closed","template":"","meta":{"_acf_changed":false},"product_brand":[],"product_cat":[1919],"product_tag":[898,979,975,996],"class_list":{"0":"post-5092","1":"product","2":"type-product","3":"status-seo-produkt","4":"has-post-thumbnail","6":"product_cat-steambow-pfeile-bolzen","7":"product_tag-bolzen","8":"product_tag-pfeile","9":"product_tag-stinger-2-zubehoer","10":"product_tag-uebungspfeile","11":"pa_farbe-blau","12":"pa_farbe-gold","13":"pa_farbe-steambow-blaue-uebungspfeile","14":"pa_farbe-steambow-bodkins","15":"pa_farbe-steambow-broadheads","16":"pa_farbe-steambow-uebungspfeile","18":"first","19":"outofstock","20":"taxable","21":"shipping-taxable","22":"product-type-simple"},"acf":[],"yoast_head":"<!-- This site is optimized with the Yoast SEO plugin v27.1.1 - https:\/\/yoast.com\/product\/yoast-seo-wordpress\/ -->\n<title>Armbrust Bolzen f\u00fcr Pistolenarmbr\u00fcste - blau<\/title>\n<meta name=\"robots\" content=\"index, follow, max-snippet:-1, max-image-preview:large, max-video-preview:-1\" \/>\n<link rel=\"canonical\" href=\"https:\/\/ueberlebenskunst.at\/survivalshop\/shop\/aluminiumpfeile-6-fuer-pistolenarmbrust\/\" \/>\n<meta property=\"og:locale\" content=\"de_DE\" \/>\n<meta property=\"og:type\" content=\"article\" \/>\n<meta property=\"og:title\" content=\"Armbrust Bolzen f\u00fcr Pistolenarmbr\u00fcste - blau\" \/>\n<meta property=\"og:description\" content=\"10 Alu-Pfeile 6,5&quot; passend f\u00fcr die Pistolenarmbrust.\" \/>\n<meta property=\"og:url\" content=\"https:\/\/ueberlebenskunst.at\/survivalshop\/shop\/aluminiumpfeile-6-fuer-pistolenarmbrust\/\" \/>\n<meta property=\"og:site_name\" content=\"Reini Rossmann - Survival Shop\" \/>\n<meta property=\"article:publisher\" content=\"https:\/\/www.facebook.com\/survival24.org\/\" \/>\n<meta property=\"article:modified_time\" content=\"2025-12-17T08:52:08+00:00\" \/>\n<meta property=\"og:image\" content=\"https:\/\/ueberlebenskunst.at\/survivalshop\/wp-content\/uploads\/2017\/07\/Steambow-AluSportpfeile_31380.jpg\" \/>\n\t<meta property=\"og:image:width\" content=\"476\" \/>\n\t<meta property=\"og:image:height\" content=\"399\" \/>\n\t<meta property=\"og:image:type\" content=\"image\/jpeg\" \/>\n<meta name=\"twitter:card\" content=\"summary_large_image\" \/>\n<meta name=\"twitter:label1\" content=\"Gesch\u00e4tzte Lesezeit\" \/>\n\t<meta name=\"twitter:data1\" content=\"1\u00a0Minute\" \/>\n<script type=\"application\/ld+json\" class=\"yoast-schema-graph\">{\"@context\":\"https:\/\/schema.org\",\"@graph\":[{\"@type\":\"WebPage\",\"@id\":\"https:\/\/ueberlebenskunst.at\/survivalshop\/shop\/aluminiumpfeile-6-fuer-pistolenarmbrust\/\",\"url\":\"https:\/\/ueberlebenskunst.at\/survivalshop\/shop\/aluminiumpfeile-6-fuer-pistolenarmbrust\/\",\"name\":\"Armbrust Bolzen f\u00fcr Pistolenarmbr\u00fcste - blau\",\"isPartOf\":{\"@id\":\"https:\/\/ueberlebenskunst.at\/survivalshop\/#website\"},\"primaryImageOfPage\":{\"@id\":\"https:\/\/ueberlebenskunst.at\/survivalshop\/shop\/aluminiumpfeile-6-fuer-pistolenarmbrust\/#primaryimage\"},\"image\":{\"@id\":\"https:\/\/ueberlebenskunst.at\/survivalshop\/shop\/aluminiumpfeile-6-fuer-pistolenarmbrust\/#primaryimage\"},\"thumbnailUrl\":\"https:\/\/ueberlebenskunst.at\/survivalshop\/wp-content\/uploads\/2017\/07\/Steambow-AluSportpfeile_31380.jpg\",\"datePublished\":\"2017-07-10T07:48:18+00:00\",\"dateModified\":\"2025-12-17T08:52:08+00:00\",\"breadcrumb\":{\"@id\":\"https:\/\/ueberlebenskunst.at\/survivalshop\/shop\/aluminiumpfeile-6-fuer-pistolenarmbrust\/#breadcrumb\"},\"inLanguage\":\"de\",\"potentialAction\":[{\"@type\":\"ReadAction\",\"target\":[\"https:\/\/ueberlebenskunst.at\/survivalshop\/shop\/aluminiumpfeile-6-fuer-pistolenarmbrust\/\"]}]},{\"@type\":\"ImageObject\",\"inLanguage\":\"de\",\"@id\":\"https:\/\/ueberlebenskunst.at\/survivalshop\/shop\/aluminiumpfeile-6-fuer-pistolenarmbrust\/#primaryimage\",\"url\":\"https:\/\/ueberlebenskunst.at\/survivalshop\/wp-content\/uploads\/2017\/07\/Steambow-AluSportpfeile_31380.jpg\",\"contentUrl\":\"https:\/\/ueberlebenskunst.at\/survivalshop\/wp-content\/uploads\/2017\/07\/Steambow-AluSportpfeile_31380.jpg\",\"width\":476,\"height\":399},{\"@type\":\"BreadcrumbList\",\"@id\":\"https:\/\/ueberlebenskunst.at\/survivalshop\/shop\/aluminiumpfeile-6-fuer-pistolenarmbrust\/#breadcrumb\",\"itemListElement\":[{\"@type\":\"ListItem\",\"position\":1,\"name\":\"Startseite\",\"item\":\"https:\/\/ueberlebenskunst.at\/survivalshop\/\"},{\"@type\":\"ListItem\",\"position\":2,\"name\":\"Shop\",\"item\":\"https:\/\/ueberlebenskunst.at\/survivalshop\/shop\/\"},{\"@type\":\"ListItem\",\"position\":3,\"name\":\"Armbrust Bolzen f\u00fcr Pistolenarmbr\u00fcste &#8211; blau\"}]},{\"@type\":\"WebSite\",\"@id\":\"https:\/\/ueberlebenskunst.at\/survivalshop\/#website\",\"url\":\"https:\/\/ueberlebenskunst.at\/survivalshop\/\",\"name\":\"Reini Rossmann - Survival Shop\",\"description\":\"Survival Shop f\u00fcr Survival, Bushcraft und Prepper\",\"potentialAction\":[{\"@type\":\"SearchAction\",\"target\":{\"@type\":\"EntryPoint\",\"urlTemplate\":\"https:\/\/ueberlebenskunst.at\/survivalshop\/?s={search_term_string}\"},\"query-input\":{\"@type\":\"PropertyValueSpecification\",\"valueRequired\":true,\"valueName\":\"search_term_string\"}}],\"inLanguage\":\"de\"}]}<\/script>\n<!-- \/ Yoast SEO plugin. -->","yoast_head_json":{"title":"Armbrust Bolzen f\u00fcr Pistolenarmbr\u00fcste - blau","robots":{"index":"index","follow":"follow","max-snippet":"max-snippet:-1","max-image-preview":"max-image-preview:large","max-video-preview":"max-video-preview:-1"},"canonical":"https:\/\/ueberlebenskunst.at\/survivalshop\/shop\/aluminiumpfeile-6-fuer-pistolenarmbrust\/","og_locale":"de_DE","og_type":"article","og_title":"Armbrust Bolzen f\u00fcr Pistolenarmbr\u00fcste - blau","og_description":"10 Alu-Pfeile 6,5\" passend f\u00fcr die Pistolenarmbrust.","og_url":"https:\/\/ueberlebenskunst.at\/survivalshop\/shop\/aluminiumpfeile-6-fuer-pistolenarmbrust\/","og_site_name":"Reini Rossmann - Survival Shop","article_publisher":"https:\/\/www.facebook.com\/survival24.org\/","article_modified_time":"2025-12-17T08:52:08+00:00","og_image":[{"width":476,"height":399,"url":"https:\/\/ueberlebenskunst.at\/survivalshop\/wp-content\/uploads\/2017\/07\/Steambow-AluSportpfeile_31380.jpg","type":"image\/jpeg"}],"twitter_card":"summary_large_image","twitter_misc":{"Gesch\u00e4tzte Lesezeit":"1\u00a0Minute"},"schema":{"@context":"https:\/\/schema.org","@graph":[{"@type":"WebPage","@id":"https:\/\/ueberlebenskunst.at\/survivalshop\/shop\/aluminiumpfeile-6-fuer-pistolenarmbrust\/","url":"https:\/\/ueberlebenskunst.at\/survivalshop\/shop\/aluminiumpfeile-6-fuer-pistolenarmbrust\/","name":"Armbrust Bolzen f\u00fcr Pistolenarmbr\u00fcste - blau","isPartOf":{"@id":"https:\/\/ueberlebenskunst.at\/survivalshop\/#website"},"primaryImageOfPage":{"@id":"https:\/\/ueberlebenskunst.at\/survivalshop\/shop\/aluminiumpfeile-6-fuer-pistolenarmbrust\/#primaryimage"},"image":{"@id":"https:\/\/ueberlebenskunst.at\/survivalshop\/shop\/aluminiumpfeile-6-fuer-pistolenarmbrust\/#primaryimage"},"thumbnailUrl":"https:\/\/ueberlebenskunst.at\/survivalshop\/wp-content\/uploads\/2017\/07\/Steambow-AluSportpfeile_31380.jpg","datePublished":"2017-07-10T07:48:18+00:00","dateModified":"2025-12-17T08:52:08+00:00","breadcrumb":{"@id":"https:\/\/ueberlebenskunst.at\/survivalshop\/shop\/aluminiumpfeile-6-fuer-pistolenarmbrust\/#breadcrumb"},"inLanguage":"de","potentialAction":[{"@type":"ReadAction","target":["https:\/\/ueberlebenskunst.at\/survivalshop\/shop\/aluminiumpfeile-6-fuer-pistolenarmbrust\/"]}]},{"@type":"ImageObject","inLanguage":"de","@id":"https:\/\/ueberlebenskunst.at\/survivalshop\/shop\/aluminiumpfeile-6-fuer-pistolenarmbrust\/#primaryimage","url":"https:\/\/ueberlebenskunst.at\/survivalshop\/wp-content\/uploads\/2017\/07\/Steambow-AluSportpfeile_31380.jpg","contentUrl":"https:\/\/ueberlebenskunst.at\/survivalshop\/wp-content\/uploads\/2017\/07\/Steambow-AluSportpfeile_31380.jpg","width":476,"height":399},{"@type":"BreadcrumbList","@id":"https:\/\/ueberlebenskunst.at\/survivalshop\/shop\/aluminiumpfeile-6-fuer-pistolenarmbrust\/#breadcrumb","itemListElement":[{"@type":"ListItem","position":1,"name":"Startseite","item":"https:\/\/ueberlebenskunst.at\/survivalshop\/"},{"@type":"ListItem","position":2,"name":"Shop","item":"https:\/\/ueberlebenskunst.at\/survivalshop\/shop\/"},{"@type":"ListItem","position":3,"name":"Armbrust Bolzen f\u00fcr Pistolenarmbr\u00fcste &#8211; blau"}]},{"@type":"WebSite","@id":"https:\/\/ueberlebenskunst.at\/survivalshop\/#website","url":"https:\/\/ueberlebenskunst.at\/survivalshop\/","name":"Reini Rossmann - Survival Shop","description":"Survival Shop f\u00fcr Survival, Bushcraft und Prepper","potentialAction":[{"@type":"SearchAction","target":{"@type":"EntryPoint","urlTemplate":"https:\/\/ueberlebenskunst.at\/survivalshop\/?s={search_term_string}"},"query-input":{"@type":"PropertyValueSpecification","valueRequired":true,"valueName":"search_term_string"}}],"inLanguage":"de"}]}},"_links":{"self":[{"href":"https:\/\/ueberlebenskunst.at\/survivalshop\/wp-json\/wp\/v2\/product\/5092","targetHints":{"allow":["GET"]}}],"collection":[{"href":"https:\/\/ueberlebenskunst.at\/survivalshop\/wp-json\/wp\/v2\/product"}],"about":[{"href":"https:\/\/ueberlebenskunst.at\/survivalshop\/wp-json\/wp\/v2\/types\/product"}],"replies":[{"embeddable":true,"href":"https:\/\/ueberlebenskunst.at\/survivalshop\/wp-json\/wp\/v2\/comments?post=5092"}],"wp:featuredmedia":[{"embeddable":true,"href":"https:\/\/ueberlebenskunst.at\/survivalshop\/wp-json\/wp\/v2\/media\/30117"}],"wp:attachment":[{"href":"https:\/\/ueberlebenskunst.at\/survivalshop\/wp-json\/wp\/v2\/media?parent=5092"}],"wp:term":[{"taxonomy":"product_brand","embeddable":true,"href":"https:\/\/ueberlebenskunst.at\/survivalshop\/wp-json\/wp\/v2\/product_brand?post=5092"},{"taxonomy":"product_cat","embeddable":true,"href":"https:\/\/ueberlebenskunst.at\/survivalshop\/wp-json\/wp\/v2\/product_cat?post=5092"},{"taxonomy":"product_tag","embeddable":true,"href":"https:\/\/ueberlebenskunst.at\/survivalshop\/wp-json\/wp\/v2\/product_tag?post=5092"}],"curies":[{"name":"wp","href":"https:\/\/api.w.org\/{rel}","templated":true}]}}