{"id":50448,"date":"2021-11-22T12:27:04","date_gmt":"2021-11-22T10:27:04","guid":{"rendered":"https:\/\/ueberlebenskunst.at\/survivalshop\/?post_type=product&#038;p=50448"},"modified":"2024-03-20T18:31:55","modified_gmt":"2024-03-20T17:31:55","slug":"ulticlip","status":"seo-produkt","type":"product","link":"https:\/\/ueberlebenskunst.at\/survivalshop\/shop\/ulticlip\/","title":{"rendered":"Ulticlip"},"content":{"rendered":"<p>Der patentierte Ulticlip dient zum sicheren Tragen von Messerscheiden, Waffenholstern und anderen Ausr\u00fcstungsgegenst\u00e4nden an Hosenbund oder Taschensaum.<\/p>\n<p>Die Ganzstahlkonstruktion erlaubt einfaches An- oder Ablegen, bei maximaler Zuverl\u00e4ssigkeit und Haltekraft.<\/p>\n<p><strong>Der Ulticlip ist in 3 Varianten erh\u00e4ltlich:<\/strong><\/p>\n<ul>\n<li><strong>XL<\/strong>: zus\u00e4tzlich zum Tragen im Hosenbund oder am Taschensaum kann der XL auch unter G\u00fcrteln bis 38 Millimetern Breite getragen werden und bietet in der abnehmbaren Verschlusslasche noch Platz f\u00fcr einen Schraubendreher und mehrere Sechskantschl\u00fcssel. Zwei Bohrungen und zwei Langl\u00f6cher sind vorhanden zur Aufnahme von Scheiden und Holstern. Lieferung ohne Schrauben. Gesamtl\u00e4nge: 8,9 cm<\/li>\n<li><strong>Slim 3.3<\/strong>: Die schmale, l\u00e4ngere Ausf\u00fchrung des Ulticlip weist eine Gesamtl\u00e4nge von 8,4 Zentimetern auf. Gewicht: 17 g<\/li>\n<li><strong>3+<\/strong>: ist vor allem zum Tragen am Taschensaum oder im Hosenbund geeignet. Er besitzt eine Bohrung und zwei Langl\u00f6cher zur Aufnahme von Scheiden und Holstern, wodurch noch mehr Vielseitigkeit bei den Befestigungsm\u00f6glichkeiten gegeben ist. Lieferung ohne Schrauben.<\/li>\n<\/ul>\n<p>&nbsp;<\/p>\n<p><a href=\"https:\/\/ueberlebenskunst.at\/survivalshop\/wp-content\/uploads\/2021\/11\/Ulticlip_3_09UT008_2.jpg\" target=\"_blank\" rel=\"noopener\"><img decoding=\"async\" class=\"alignnone wp-image-50467 size-medium\" src=\"https:\/\/ueberlebenskunst.at\/survivalshop\/wp-content\/uploads\/2021\/11\/Ulticlip_3_09UT008_2-300x251.jpg\" alt=\"\" width=\"300\" height=\"251\" srcset=\"https:\/\/ueberlebenskunst.at\/survivalshop\/wp-content\/uploads\/2021\/11\/Ulticlip_3_09UT008_2-300x251.jpg 300w, https:\/\/ueberlebenskunst.at\/survivalshop\/wp-content\/uploads\/2021\/11\/Ulticlip_3_09UT008_2.jpg 454w\" sizes=\"(max-width: 300px) 100vw, 300px\" \/><\/a><\/p>\n<p><a href=\"https:\/\/ueberlebenskunst.at\/survivalshop\/wp-content\/uploads\/2021\/11\/Ulticlip_3_09UT008_3.jpg\" target=\"_blank\" rel=\"noopener\"><img decoding=\"async\" class=\"alignnone wp-image-50468 size-medium\" src=\"https:\/\/ueberlebenskunst.at\/survivalshop\/wp-content\/uploads\/2021\/11\/Ulticlip_3_09UT008_3-300x223.jpg\" alt=\"\" width=\"300\" height=\"223\" srcset=\"https:\/\/ueberlebenskunst.at\/survivalshop\/wp-content\/uploads\/2021\/11\/Ulticlip_3_09UT008_3-300x223.jpg 300w, https:\/\/ueberlebenskunst.at\/survivalshop\/wp-content\/uploads\/2021\/11\/Ulticlip_3_09UT008_3.jpg 512w\" sizes=\"(max-width: 300px) 100vw, 300px\" \/><\/a><\/p>\n<p>&nbsp;<\/p>\n","protected":false},"excerpt":{"rendered":"<p>Der patentierte Ulticlip dient zum sicheren Tragen von Messerscheiden, Waffenholstern und anderen Ausr\u00fcstungsgegenst\u00e4nden an Hosenbund oder Taschensaum. Die Ganzstahlkonstruktion erlaubt einfaches An- oder Ablegen, bei maximaler Zuverl\u00e4ssigkeit und Haltekraft. Der Ulticlip ist in 3 Varianten erh\u00e4ltlich: XL: zus\u00e4tzlich zum Tragen im Hosenbund oder am Taschensaum kann der XL auch unter G\u00fcrteln bis 38 Millimetern Breite [&hellip;]<\/p>\n","protected":false},"featured_media":50460,"comment_status":"open","ping_status":"closed","template":"","meta":{"_acf_changed":false},"product_brand":[],"product_cat":[426],"product_tag":[756],"class_list":{"0":"post-50448","1":"product","2":"type-product","3":"status-seo-produkt","4":"has-post-thumbnail","6":"product_cat-unkategorisiert","7":"product_tag-clip","9":"first","10":"outofstock","11":"taxable","12":"shipping-taxable","13":"product-type-variable","14":"has-default-attributes"},"acf":[],"yoast_head":"<!-- This site is optimized with the Yoast SEO plugin v27.1.1 - https:\/\/yoast.com\/product\/yoast-seo-wordpress\/ -->\n<title>Ulticlip<\/title>\n<meta name=\"description\" content=\"Der patentierte Ulticlip dient zum sicheren Tragen von Messerscheiden, Waffenholstern und anderen Ausr\u00fcstungsgegenst\u00e4nden an Hosenbund oder Taschensaum. Er ist in 3 Gr\u00f6\u00dfen erh\u00e4ltlich.\" \/>\n<meta name=\"robots\" content=\"index, follow, max-snippet:-1, max-image-preview:large, max-video-preview:-1\" \/>\n<link rel=\"canonical\" href=\"https:\/\/ueberlebenskunst.at\/survivalshop\/shop\/ulticlip\/\" \/>\n<meta property=\"og:locale\" content=\"de_DE\" \/>\n<meta property=\"og:type\" content=\"article\" \/>\n<meta property=\"og:title\" content=\"Ulticlip\" \/>\n<meta property=\"og:description\" content=\"Der patentierte Ulticlip dient zum sicheren Tragen von Messerscheiden, Waffenholstern und anderen Ausr\u00fcstungsgegenst\u00e4nden an Hosenbund oder Taschensaum. Er ist in 3 Gr\u00f6\u00dfen erh\u00e4ltlich.\" \/>\n<meta property=\"og:url\" content=\"https:\/\/ueberlebenskunst.at\/survivalshop\/shop\/ulticlip\/\" \/>\n<meta property=\"og:site_name\" content=\"Reini Rossmann - Survival Shop\" \/>\n<meta property=\"article:publisher\" content=\"https:\/\/www.facebook.com\/survival24.org\/\" \/>\n<meta property=\"article:modified_time\" content=\"2024-03-20T17:31:55+00:00\" \/>\n<meta property=\"og:image\" content=\"https:\/\/ueberlebenskunst.at\/survivalshop\/wp-content\/uploads\/2021\/11\/UlticlipXL_09UT003.jpg\" \/>\n\t<meta property=\"og:image:width\" content=\"493\" \/>\n\t<meta property=\"og:image:height\" content=\"380\" \/>\n\t<meta property=\"og:image:type\" content=\"image\/jpeg\" \/>\n<meta name=\"twitter:card\" content=\"summary_large_image\" \/>\n<meta name=\"twitter:label1\" content=\"Gesch\u00e4tzte Lesezeit\" \/>\n\t<meta name=\"twitter:data1\" content=\"2\u00a0Minuten\" \/>\n<script type=\"application\/ld+json\" class=\"yoast-schema-graph\">{\"@context\":\"https:\/\/schema.org\",\"@graph\":[{\"@type\":\"WebPage\",\"@id\":\"https:\/\/ueberlebenskunst.at\/survivalshop\/shop\/ulticlip\/\",\"url\":\"https:\/\/ueberlebenskunst.at\/survivalshop\/shop\/ulticlip\/\",\"name\":\"Ulticlip\",\"isPartOf\":{\"@id\":\"https:\/\/ueberlebenskunst.at\/survivalshop\/#website\"},\"primaryImageOfPage\":{\"@id\":\"https:\/\/ueberlebenskunst.at\/survivalshop\/shop\/ulticlip\/#primaryimage\"},\"image\":{\"@id\":\"https:\/\/ueberlebenskunst.at\/survivalshop\/shop\/ulticlip\/#primaryimage\"},\"thumbnailUrl\":\"https:\/\/ueberlebenskunst.at\/survivalshop\/wp-content\/uploads\/2021\/11\/UlticlipXL_09UT003.jpg\",\"datePublished\":\"2021-11-22T10:27:04+00:00\",\"dateModified\":\"2024-03-20T17:31:55+00:00\",\"description\":\"Der patentierte Ulticlip dient zum sicheren Tragen von Messerscheiden, Waffenholstern und anderen Ausr\u00fcstungsgegenst\u00e4nden an Hosenbund oder Taschensaum. Er ist in 3 Gr\u00f6\u00dfen erh\u00e4ltlich.\",\"breadcrumb\":{\"@id\":\"https:\/\/ueberlebenskunst.at\/survivalshop\/shop\/ulticlip\/#breadcrumb\"},\"inLanguage\":\"de\",\"potentialAction\":[{\"@type\":\"ReadAction\",\"target\":[\"https:\/\/ueberlebenskunst.at\/survivalshop\/shop\/ulticlip\/\"]}]},{\"@type\":\"ImageObject\",\"inLanguage\":\"de\",\"@id\":\"https:\/\/ueberlebenskunst.at\/survivalshop\/shop\/ulticlip\/#primaryimage\",\"url\":\"https:\/\/ueberlebenskunst.at\/survivalshop\/wp-content\/uploads\/2021\/11\/UlticlipXL_09UT003.jpg\",\"contentUrl\":\"https:\/\/ueberlebenskunst.at\/survivalshop\/wp-content\/uploads\/2021\/11\/UlticlipXL_09UT003.jpg\",\"width\":493,\"height\":380},{\"@type\":\"BreadcrumbList\",\"@id\":\"https:\/\/ueberlebenskunst.at\/survivalshop\/shop\/ulticlip\/#breadcrumb\",\"itemListElement\":[{\"@type\":\"ListItem\",\"position\":1,\"name\":\"Startseite\",\"item\":\"https:\/\/ueberlebenskunst.at\/survivalshop\/\"},{\"@type\":\"ListItem\",\"position\":2,\"name\":\"Shop\",\"item\":\"https:\/\/ueberlebenskunst.at\/survivalshop\/shop\/\"},{\"@type\":\"ListItem\",\"position\":3,\"name\":\"Ulticlip\"}]},{\"@type\":\"WebSite\",\"@id\":\"https:\/\/ueberlebenskunst.at\/survivalshop\/#website\",\"url\":\"https:\/\/ueberlebenskunst.at\/survivalshop\/\",\"name\":\"Reini Rossmann - Survival Shop\",\"description\":\"Survival Shop f\u00fcr Survival, Bushcraft und Prepper\",\"potentialAction\":[{\"@type\":\"SearchAction\",\"target\":{\"@type\":\"EntryPoint\",\"urlTemplate\":\"https:\/\/ueberlebenskunst.at\/survivalshop\/?s={search_term_string}\"},\"query-input\":{\"@type\":\"PropertyValueSpecification\",\"valueRequired\":true,\"valueName\":\"search_term_string\"}}],\"inLanguage\":\"de\"}]}<\/script>\n<!-- \/ Yoast SEO plugin. -->","yoast_head_json":{"title":"Ulticlip","description":"Der patentierte Ulticlip dient zum sicheren Tragen von Messerscheiden, Waffenholstern und anderen Ausr\u00fcstungsgegenst\u00e4nden an Hosenbund oder Taschensaum. Er ist in 3 Gr\u00f6\u00dfen erh\u00e4ltlich.","robots":{"index":"index","follow":"follow","max-snippet":"max-snippet:-1","max-image-preview":"max-image-preview:large","max-video-preview":"max-video-preview:-1"},"canonical":"https:\/\/ueberlebenskunst.at\/survivalshop\/shop\/ulticlip\/","og_locale":"de_DE","og_type":"article","og_title":"Ulticlip","og_description":"Der patentierte Ulticlip dient zum sicheren Tragen von Messerscheiden, Waffenholstern und anderen Ausr\u00fcstungsgegenst\u00e4nden an Hosenbund oder Taschensaum. Er ist in 3 Gr\u00f6\u00dfen erh\u00e4ltlich.","og_url":"https:\/\/ueberlebenskunst.at\/survivalshop\/shop\/ulticlip\/","og_site_name":"Reini Rossmann - Survival Shop","article_publisher":"https:\/\/www.facebook.com\/survival24.org\/","article_modified_time":"2024-03-20T17:31:55+00:00","og_image":[{"width":493,"height":380,"url":"https:\/\/ueberlebenskunst.at\/survivalshop\/wp-content\/uploads\/2021\/11\/UlticlipXL_09UT003.jpg","type":"image\/jpeg"}],"twitter_card":"summary_large_image","twitter_misc":{"Gesch\u00e4tzte Lesezeit":"2\u00a0Minuten"},"schema":{"@context":"https:\/\/schema.org","@graph":[{"@type":"WebPage","@id":"https:\/\/ueberlebenskunst.at\/survivalshop\/shop\/ulticlip\/","url":"https:\/\/ueberlebenskunst.at\/survivalshop\/shop\/ulticlip\/","name":"Ulticlip","isPartOf":{"@id":"https:\/\/ueberlebenskunst.at\/survivalshop\/#website"},"primaryImageOfPage":{"@id":"https:\/\/ueberlebenskunst.at\/survivalshop\/shop\/ulticlip\/#primaryimage"},"image":{"@id":"https:\/\/ueberlebenskunst.at\/survivalshop\/shop\/ulticlip\/#primaryimage"},"thumbnailUrl":"https:\/\/ueberlebenskunst.at\/survivalshop\/wp-content\/uploads\/2021\/11\/UlticlipXL_09UT003.jpg","datePublished":"2021-11-22T10:27:04+00:00","dateModified":"2024-03-20T17:31:55+00:00","description":"Der patentierte Ulticlip dient zum sicheren Tragen von Messerscheiden, Waffenholstern und anderen Ausr\u00fcstungsgegenst\u00e4nden an Hosenbund oder Taschensaum. Er ist in 3 Gr\u00f6\u00dfen erh\u00e4ltlich.","breadcrumb":{"@id":"https:\/\/ueberlebenskunst.at\/survivalshop\/shop\/ulticlip\/#breadcrumb"},"inLanguage":"de","potentialAction":[{"@type":"ReadAction","target":["https:\/\/ueberlebenskunst.at\/survivalshop\/shop\/ulticlip\/"]}]},{"@type":"ImageObject","inLanguage":"de","@id":"https:\/\/ueberlebenskunst.at\/survivalshop\/shop\/ulticlip\/#primaryimage","url":"https:\/\/ueberlebenskunst.at\/survivalshop\/wp-content\/uploads\/2021\/11\/UlticlipXL_09UT003.jpg","contentUrl":"https:\/\/ueberlebenskunst.at\/survivalshop\/wp-content\/uploads\/2021\/11\/UlticlipXL_09UT003.jpg","width":493,"height":380},{"@type":"BreadcrumbList","@id":"https:\/\/ueberlebenskunst.at\/survivalshop\/shop\/ulticlip\/#breadcrumb","itemListElement":[{"@type":"ListItem","position":1,"name":"Startseite","item":"https:\/\/ueberlebenskunst.at\/survivalshop\/"},{"@type":"ListItem","position":2,"name":"Shop","item":"https:\/\/ueberlebenskunst.at\/survivalshop\/shop\/"},{"@type":"ListItem","position":3,"name":"Ulticlip"}]},{"@type":"WebSite","@id":"https:\/\/ueberlebenskunst.at\/survivalshop\/#website","url":"https:\/\/ueberlebenskunst.at\/survivalshop\/","name":"Reini Rossmann - Survival Shop","description":"Survival Shop f\u00fcr Survival, Bushcraft und Prepper","potentialAction":[{"@type":"SearchAction","target":{"@type":"EntryPoint","urlTemplate":"https:\/\/ueberlebenskunst.at\/survivalshop\/?s={search_term_string}"},"query-input":{"@type":"PropertyValueSpecification","valueRequired":true,"valueName":"search_term_string"}}],"inLanguage":"de"}]}},"_links":{"self":[{"href":"https:\/\/ueberlebenskunst.at\/survivalshop\/wp-json\/wp\/v2\/product\/50448","targetHints":{"allow":["GET"]}}],"collection":[{"href":"https:\/\/ueberlebenskunst.at\/survivalshop\/wp-json\/wp\/v2\/product"}],"about":[{"href":"https:\/\/ueberlebenskunst.at\/survivalshop\/wp-json\/wp\/v2\/types\/product"}],"replies":[{"embeddable":true,"href":"https:\/\/ueberlebenskunst.at\/survivalshop\/wp-json\/wp\/v2\/comments?post=50448"}],"wp:featuredmedia":[{"embeddable":true,"href":"https:\/\/ueberlebenskunst.at\/survivalshop\/wp-json\/wp\/v2\/media\/50460"}],"wp:attachment":[{"href":"https:\/\/ueberlebenskunst.at\/survivalshop\/wp-json\/wp\/v2\/media?parent=50448"}],"wp:term":[{"taxonomy":"product_brand","embeddable":true,"href":"https:\/\/ueberlebenskunst.at\/survivalshop\/wp-json\/wp\/v2\/product_brand?post=50448"},{"taxonomy":"product_cat","embeddable":true,"href":"https:\/\/ueberlebenskunst.at\/survivalshop\/wp-json\/wp\/v2\/product_cat?post=50448"},{"taxonomy":"product_tag","embeddable":true,"href":"https:\/\/ueberlebenskunst.at\/survivalshop\/wp-json\/wp\/v2\/product_tag?post=50448"}],"curies":[{"name":"wp","href":"https:\/\/api.w.org\/{rel}","templated":true}]}}