{"id":4926,"date":"2017-05-14T20:06:40","date_gmt":"2017-05-14T18:06:40","guid":{"rendered":"https:\/\/ueberlebenskunst.at\/survivalshop\/survivalshop\/?post_type=product&#038;p=4926"},"modified":"2024-12-04T08:42:20","modified_gmt":"2024-12-04T07:42:20","slug":"blade-tech-tek-lok","status":"seo-produkt","type":"product","link":"https:\/\/ueberlebenskunst.at\/survivalshop\/shop\/blade-tech-tek-lok\/","title":{"rendered":"BLADE TECH TEK-LOK"},"content":{"rendered":"<p>Das Tek-Lok von Blade-Tech ist ist ein innovatives, patentiertes Adaptersystem aus den USA, dass sich an verschiedene G\u00fcrtel- oder Gurtbreiten einstellen l\u00e4sst. Mittels versetzter Schraubenpositionen k\u00f6nnen Messerscheiden sehr flexibel am G\u00fcrtel oder der Ausr\u00fcstung befestigt werden, sodass schneller Zugriff in verschiedenen Positionen garantiert ist. Gefertigt wird der Adapter aus glasfaserverst\u00e4rktem Kunststoff.<\/p>\n<p>Beachte bitte, dass das Tek-Lok grunds\u00e4tzlich mit lediglich zwei Schrauben befestigt wird. Bei vielen Scheiden erfolgt dies auf einer Seite der Scheide, und nicht quer \u00fcber die ganze Scheide.<\/p>\n","protected":false},"excerpt":{"rendered":"<p>G\u00fcrtelclip f\u00fcr Kydexscheiden<\/p>\n","protected":false},"featured_media":4927,"comment_status":"open","ping_status":"closed","template":"","meta":{"_acf_changed":false},"product_brand":[],"product_cat":[1949],"product_tag":[],"class_list":{"0":"post-4926","1":"product","2":"type-product","3":"status-seo-produkt","4":"has-post-thumbnail","6":"product_cat-zubehoer","8":"first","9":"outofstock","10":"taxable","11":"shipping-taxable","12":"product-type-simple"},"acf":[],"yoast_head":"<!-- This site is optimized with the Yoast SEO plugin v27.1.1 - https:\/\/yoast.com\/product\/yoast-seo-wordpress\/ -->\n<title>BLADE TECH TEK-LOK zur G\u00fcrtelbefestigung ihrer Kydeyscheiden<\/title>\n<meta name=\"description\" content=\"Mit dem BLADE TECH TEK-LOK G\u00fcrtelclip , mit standardisierten Lochabst\u00e4nden k\u00f6nnen sie ihre Kydexscheiden am G\u00fcrtel anbringen\" \/>\n<meta name=\"robots\" content=\"index, follow, max-snippet:-1, max-image-preview:large, max-video-preview:-1\" \/>\n<link rel=\"canonical\" href=\"https:\/\/ueberlebenskunst.at\/survivalshop\/shop\/blade-tech-tek-lok\/\" \/>\n<meta property=\"og:locale\" content=\"de_DE\" \/>\n<meta property=\"og:type\" content=\"article\" \/>\n<meta property=\"og:title\" content=\"BLADE TECH TEK-LOK zur G\u00fcrtelbefestigung ihrer Kydeyscheiden\" \/>\n<meta property=\"og:description\" content=\"Mit dem BLADE TECH TEK-LOK G\u00fcrtelclip , mit standardisierten Lochabst\u00e4nden k\u00f6nnen sie ihre Kydexscheiden am G\u00fcrtel anbringen\" \/>\n<meta property=\"og:url\" content=\"https:\/\/ueberlebenskunst.at\/survivalshop\/shop\/blade-tech-tek-lok\/\" \/>\n<meta property=\"og:site_name\" content=\"Reini Rossmann - Survival Shop\" \/>\n<meta property=\"article:publisher\" content=\"https:\/\/www.facebook.com\/survival24.org\/\" \/>\n<meta property=\"article:modified_time\" content=\"2024-12-04T07:42:20+00:00\" \/>\n<meta property=\"og:image\" content=\"https:\/\/ueberlebenskunst.at\/survivalshop\/wp-content\/uploads\/2017\/05\/Bildschirmfoto-2017-05-14-um-20.03.58.png\" \/>\n\t<meta property=\"og:image:width\" content=\"670\" \/>\n\t<meta property=\"og:image:height\" content=\"696\" \/>\n\t<meta property=\"og:image:type\" content=\"image\/png\" \/>\n<meta name=\"twitter:card\" content=\"summary_large_image\" \/>\n<meta name=\"twitter:label1\" content=\"Gesch\u00e4tzte Lesezeit\" \/>\n\t<meta name=\"twitter:data1\" content=\"1\u00a0Minute\" \/>\n<script type=\"application\/ld+json\" class=\"yoast-schema-graph\">{\"@context\":\"https:\/\/schema.org\",\"@graph\":[{\"@type\":\"WebPage\",\"@id\":\"https:\/\/ueberlebenskunst.at\/survivalshop\/shop\/blade-tech-tek-lok\/\",\"url\":\"https:\/\/ueberlebenskunst.at\/survivalshop\/shop\/blade-tech-tek-lok\/\",\"name\":\"BLADE TECH TEK-LOK zur G\u00fcrtelbefestigung ihrer Kydeyscheiden\",\"isPartOf\":{\"@id\":\"https:\/\/ueberlebenskunst.at\/survivalshop\/#website\"},\"primaryImageOfPage\":{\"@id\":\"https:\/\/ueberlebenskunst.at\/survivalshop\/shop\/blade-tech-tek-lok\/#primaryimage\"},\"image\":{\"@id\":\"https:\/\/ueberlebenskunst.at\/survivalshop\/shop\/blade-tech-tek-lok\/#primaryimage\"},\"thumbnailUrl\":\"https:\/\/ueberlebenskunst.at\/survivalshop\/wp-content\/uploads\/2017\/05\/Bildschirmfoto-2017-05-14-um-20.03.58.png\",\"datePublished\":\"2017-05-14T18:06:40+00:00\",\"dateModified\":\"2024-12-04T07:42:20+00:00\",\"description\":\"Mit dem BLADE TECH TEK-LOK G\u00fcrtelclip , mit standardisierten Lochabst\u00e4nden k\u00f6nnen sie ihre Kydexscheiden am G\u00fcrtel anbringen\",\"breadcrumb\":{\"@id\":\"https:\/\/ueberlebenskunst.at\/survivalshop\/shop\/blade-tech-tek-lok\/#breadcrumb\"},\"inLanguage\":\"de\",\"potentialAction\":[{\"@type\":\"ReadAction\",\"target\":[\"https:\/\/ueberlebenskunst.at\/survivalshop\/shop\/blade-tech-tek-lok\/\"]}]},{\"@type\":\"ImageObject\",\"inLanguage\":\"de\",\"@id\":\"https:\/\/ueberlebenskunst.at\/survivalshop\/shop\/blade-tech-tek-lok\/#primaryimage\",\"url\":\"https:\/\/ueberlebenskunst.at\/survivalshop\/wp-content\/uploads\/2017\/05\/Bildschirmfoto-2017-05-14-um-20.03.58.png\",\"contentUrl\":\"https:\/\/ueberlebenskunst.at\/survivalshop\/wp-content\/uploads\/2017\/05\/Bildschirmfoto-2017-05-14-um-20.03.58.png\",\"width\":670,\"height\":696},{\"@type\":\"BreadcrumbList\",\"@id\":\"https:\/\/ueberlebenskunst.at\/survivalshop\/shop\/blade-tech-tek-lok\/#breadcrumb\",\"itemListElement\":[{\"@type\":\"ListItem\",\"position\":1,\"name\":\"Startseite\",\"item\":\"https:\/\/ueberlebenskunst.at\/survivalshop\/\"},{\"@type\":\"ListItem\",\"position\":2,\"name\":\"Shop\",\"item\":\"https:\/\/ueberlebenskunst.at\/survivalshop\/shop\/\"},{\"@type\":\"ListItem\",\"position\":3,\"name\":\"BLADE TECH TEK-LOK\"}]},{\"@type\":\"WebSite\",\"@id\":\"https:\/\/ueberlebenskunst.at\/survivalshop\/#website\",\"url\":\"https:\/\/ueberlebenskunst.at\/survivalshop\/\",\"name\":\"Reini Rossmann - Survival Shop\",\"description\":\"Survival Shop f\u00fcr Survival, Bushcraft und Prepper\",\"potentialAction\":[{\"@type\":\"SearchAction\",\"target\":{\"@type\":\"EntryPoint\",\"urlTemplate\":\"https:\/\/ueberlebenskunst.at\/survivalshop\/?s={search_term_string}\"},\"query-input\":{\"@type\":\"PropertyValueSpecification\",\"valueRequired\":true,\"valueName\":\"search_term_string\"}}],\"inLanguage\":\"de\"}]}<\/script>\n<!-- \/ Yoast SEO plugin. -->","yoast_head_json":{"title":"BLADE TECH TEK-LOK zur G\u00fcrtelbefestigung ihrer Kydeyscheiden","description":"Mit dem BLADE TECH TEK-LOK G\u00fcrtelclip , mit standardisierten Lochabst\u00e4nden k\u00f6nnen sie ihre Kydexscheiden am G\u00fcrtel anbringen","robots":{"index":"index","follow":"follow","max-snippet":"max-snippet:-1","max-image-preview":"max-image-preview:large","max-video-preview":"max-video-preview:-1"},"canonical":"https:\/\/ueberlebenskunst.at\/survivalshop\/shop\/blade-tech-tek-lok\/","og_locale":"de_DE","og_type":"article","og_title":"BLADE TECH TEK-LOK zur G\u00fcrtelbefestigung ihrer Kydeyscheiden","og_description":"Mit dem BLADE TECH TEK-LOK G\u00fcrtelclip , mit standardisierten Lochabst\u00e4nden k\u00f6nnen sie ihre Kydexscheiden am G\u00fcrtel anbringen","og_url":"https:\/\/ueberlebenskunst.at\/survivalshop\/shop\/blade-tech-tek-lok\/","og_site_name":"Reini Rossmann - Survival Shop","article_publisher":"https:\/\/www.facebook.com\/survival24.org\/","article_modified_time":"2024-12-04T07:42:20+00:00","og_image":[{"width":670,"height":696,"url":"https:\/\/ueberlebenskunst.at\/survivalshop\/wp-content\/uploads\/2017\/05\/Bildschirmfoto-2017-05-14-um-20.03.58.png","type":"image\/png"}],"twitter_card":"summary_large_image","twitter_misc":{"Gesch\u00e4tzte Lesezeit":"1\u00a0Minute"},"schema":{"@context":"https:\/\/schema.org","@graph":[{"@type":"WebPage","@id":"https:\/\/ueberlebenskunst.at\/survivalshop\/shop\/blade-tech-tek-lok\/","url":"https:\/\/ueberlebenskunst.at\/survivalshop\/shop\/blade-tech-tek-lok\/","name":"BLADE TECH TEK-LOK zur G\u00fcrtelbefestigung ihrer Kydeyscheiden","isPartOf":{"@id":"https:\/\/ueberlebenskunst.at\/survivalshop\/#website"},"primaryImageOfPage":{"@id":"https:\/\/ueberlebenskunst.at\/survivalshop\/shop\/blade-tech-tek-lok\/#primaryimage"},"image":{"@id":"https:\/\/ueberlebenskunst.at\/survivalshop\/shop\/blade-tech-tek-lok\/#primaryimage"},"thumbnailUrl":"https:\/\/ueberlebenskunst.at\/survivalshop\/wp-content\/uploads\/2017\/05\/Bildschirmfoto-2017-05-14-um-20.03.58.png","datePublished":"2017-05-14T18:06:40+00:00","dateModified":"2024-12-04T07:42:20+00:00","description":"Mit dem BLADE TECH TEK-LOK G\u00fcrtelclip , mit standardisierten Lochabst\u00e4nden k\u00f6nnen sie ihre Kydexscheiden am G\u00fcrtel anbringen","breadcrumb":{"@id":"https:\/\/ueberlebenskunst.at\/survivalshop\/shop\/blade-tech-tek-lok\/#breadcrumb"},"inLanguage":"de","potentialAction":[{"@type":"ReadAction","target":["https:\/\/ueberlebenskunst.at\/survivalshop\/shop\/blade-tech-tek-lok\/"]}]},{"@type":"ImageObject","inLanguage":"de","@id":"https:\/\/ueberlebenskunst.at\/survivalshop\/shop\/blade-tech-tek-lok\/#primaryimage","url":"https:\/\/ueberlebenskunst.at\/survivalshop\/wp-content\/uploads\/2017\/05\/Bildschirmfoto-2017-05-14-um-20.03.58.png","contentUrl":"https:\/\/ueberlebenskunst.at\/survivalshop\/wp-content\/uploads\/2017\/05\/Bildschirmfoto-2017-05-14-um-20.03.58.png","width":670,"height":696},{"@type":"BreadcrumbList","@id":"https:\/\/ueberlebenskunst.at\/survivalshop\/shop\/blade-tech-tek-lok\/#breadcrumb","itemListElement":[{"@type":"ListItem","position":1,"name":"Startseite","item":"https:\/\/ueberlebenskunst.at\/survivalshop\/"},{"@type":"ListItem","position":2,"name":"Shop","item":"https:\/\/ueberlebenskunst.at\/survivalshop\/shop\/"},{"@type":"ListItem","position":3,"name":"BLADE TECH TEK-LOK"}]},{"@type":"WebSite","@id":"https:\/\/ueberlebenskunst.at\/survivalshop\/#website","url":"https:\/\/ueberlebenskunst.at\/survivalshop\/","name":"Reini Rossmann - Survival Shop","description":"Survival Shop f\u00fcr Survival, Bushcraft und Prepper","potentialAction":[{"@type":"SearchAction","target":{"@type":"EntryPoint","urlTemplate":"https:\/\/ueberlebenskunst.at\/survivalshop\/?s={search_term_string}"},"query-input":{"@type":"PropertyValueSpecification","valueRequired":true,"valueName":"search_term_string"}}],"inLanguage":"de"}]}},"_links":{"self":[{"href":"https:\/\/ueberlebenskunst.at\/survivalshop\/wp-json\/wp\/v2\/product\/4926","targetHints":{"allow":["GET"]}}],"collection":[{"href":"https:\/\/ueberlebenskunst.at\/survivalshop\/wp-json\/wp\/v2\/product"}],"about":[{"href":"https:\/\/ueberlebenskunst.at\/survivalshop\/wp-json\/wp\/v2\/types\/product"}],"replies":[{"embeddable":true,"href":"https:\/\/ueberlebenskunst.at\/survivalshop\/wp-json\/wp\/v2\/comments?post=4926"}],"wp:featuredmedia":[{"embeddable":true,"href":"https:\/\/ueberlebenskunst.at\/survivalshop\/wp-json\/wp\/v2\/media\/4927"}],"wp:attachment":[{"href":"https:\/\/ueberlebenskunst.at\/survivalshop\/wp-json\/wp\/v2\/media?parent=4926"}],"wp:term":[{"taxonomy":"product_brand","embeddable":true,"href":"https:\/\/ueberlebenskunst.at\/survivalshop\/wp-json\/wp\/v2\/product_brand?post=4926"},{"taxonomy":"product_cat","embeddable":true,"href":"https:\/\/ueberlebenskunst.at\/survivalshop\/wp-json\/wp\/v2\/product_cat?post=4926"},{"taxonomy":"product_tag","embeddable":true,"href":"https:\/\/ueberlebenskunst.at\/survivalshop\/wp-json\/wp\/v2\/product_tag?post=4926"}],"curies":[{"name":"wp","href":"https:\/\/api.w.org\/{rel}","templated":true}]}}