{"id":47444,"date":"2021-11-09T10:23:48","date_gmt":"2021-11-09T09:23:48","guid":{"rendered":"https:\/\/ueberlebenskunst.at\/survivalshop\/?post_type=product&#038;p=47444"},"modified":"2026-04-12T20:47:04","modified_gmt":"2026-04-12T18:47:04","slug":"reini-rossmann-irbis-messer","status":"publish","type":"product","link":"https:\/\/ueberlebenskunst.at\/survivalshop\/shop\/reini-rossmann-irbis-messer\/","title":{"rendered":"Reini Rossmann Irbis Messer"},"content":{"rendered":"<p>Dieses Allround Outdoor Messer ist die kleine Schwester des starken Bushcraft Beavers.<\/p>\n<p>Es ist kleiner, leichter und f\u00fchriger, aber sehr leistungsstark, und ganz wichtig auch \u00a742a konform f\u00fcr Deutschland. Das Reini Rossmann Irbis ist mehr als ausreichend f\u00fcr die meisten Outdoor Aktivit\u00e4ten wie Bushcraft, Survival und Camping. Es ist ein kleiner Schneidteufel gerade beim Schnitzen und Schneiden, bedingt ist es auch f\u00fcr leichte Hackarbeiten einsetzbar, aber nat\u00fcrlich nicht ganz so stark wie der Bushcraft Beaver.<\/p>\n<p>Es stehen wieder 2 Farben zur Auswahl. Das Irbis Messer gibt es in Schwarz oder Orange\/Schwarz.<\/p>\n<h3>Technische Daten im \u00dcberblick:<\/h3>\n<ul>\n<li>Stahl: D2 mit rosttr\u00e4gen Eigenschaften<\/li>\n<li>Griffmaterial: G10<\/li>\n<li>Flachschliff<\/li>\n<li>EDC f\u00e4hig, weil 42a konform in Deutschland<\/li>\n<li>Rockwellh\u00e4rte: 60HRC<\/li>\n<li>Klingenl\u00e4nge: ca. 11,2 cm<\/li>\n<li>Klingenst\u00e4rke: 4 mm<\/li>\n<li>Griffl\u00e4nge: ca.11,4 cm<\/li>\n<li>Griffbreite: 1,9 cm<\/li>\n<li>Gewicht inkl. Kydexscheide: 287 g<\/li>\n<li>Gewicht ohne Kydexscheide: 208 g<\/li>\n<li>nicht rostfrei, sondern rosttr\u00e4ge<\/li>\n<\/ul>\n<h3>Lieferumfang des Reini Rossmann Irbis Messers:<\/h3>\n<ul>\n<li>Irbis Messer in D2 Stahl<\/li>\n<li>Kydex Scheide<\/li>\n<li>Dangler Adapter und G\u00fcrtel-Lederschlaufe<\/li>\n<li>Tek-Lok<\/li>\n<\/ul>\n<h3>Passende, extra erh\u00e4ltliche Produkte:<\/h3>\n<p><a href=\"https:\/\/ueberlebenskunst.at\/survivalshop\/shop\/huntsman-halterung-irbis\/\" target=\"_blank\" rel=\"noopener\">K4 Irbis Halterung f\u00fcr Victorinox Huntsman \/ Fieldmaster \/ Fisherman \/ Explorer<\/a><br \/>\n<a href=\"https:\/\/ueberlebenskunst.at\/survivalshop\/shop\/k4-irbis-halterung-fuer-handyman\/\" target=\"_blank\" rel=\"noopener\">K4 Irbis Halterung f\u00fcr Victorinox Handyman<\/a><\/p>\n<p><a href=\"https:\/\/ueberlebenskunst.at\/survivalshop\/Datenblatt_Messer\" target=\"_blank\" rel=\"noopener\"><strong>&gt;&gt; Download Sicherheitsdatenblatt &lt;&lt;<\/strong><\/a><\/p>\n<p><a href=\"https:\/\/ueberlebenskunst.at\/survivalshop\/wp-content\/uploads\/2021\/11\/Logo_Messer.png\"><img decoding=\"async\" class=\"alignnone wp-image-179575\" src=\"https:\/\/ueberlebenskunst.at\/survivalshop\/wp-content\/uploads\/2021\/11\/Logo_Messer-300x85.png\" alt=\"\" width=\"281\" height=\"80\" srcset=\"https:\/\/ueberlebenskunst.at\/survivalshop\/wp-content\/uploads\/2021\/11\/Logo_Messer-300x85.png 300w, https:\/\/ueberlebenskunst.at\/survivalshop\/wp-content\/uploads\/2021\/11\/Logo_Messer-64x18.png 64w, https:\/\/ueberlebenskunst.at\/survivalshop\/wp-content\/uploads\/2021\/11\/Logo_Messer.png 365w\" sizes=\"(max-width: 281px) 100vw, 281px\" \/><\/a><\/p>\n","protected":false},"excerpt":{"rendered":"<p>Dieses Allround Outdoor Messer ist die kleine Schwester des starken Bushcraft Beavers. Es ist kleiner, leichter und f\u00fchriger, aber sehr leistungsstark, und ganz wichtig auch \u00a742a konform f\u00fcr Deutschland. Das Reini Rossmann Irbis ist mehr als ausreichend f\u00fcr die meisten Outdoor Aktivit\u00e4ten wie Bushcraft, Survival und Camping. Es ist ein kleiner Schneidteufel gerade beim Schnitzen [&hellip;]<\/p>\n","protected":false},"featured_media":137077,"comment_status":"open","ping_status":"closed","template":"","meta":{"_acf_changed":false},"product_brand":[],"product_cat":[1790,1805],"product_tag":[803,270,1151,818,761],"class_list":{"0":"post-47444","1":"product","2":"type-product","3":"status-publish","4":"has-post-thumbnail","6":"product_cat-knives-4","7":"product_cat-messer-messer-tools","8":"product_tag-d2","9":"product_tag-edc","10":"product_tag-irbis","11":"product_tag-reini-rossmann-messer","12":"product_tag-survivalmesser","13":"pa_farbe-black","14":"pa_farbe-black-orange","16":"first","17":"instock","18":"taxable","19":"shipping-taxable","20":"purchasable","21":"product-type-variable","22":"has-default-attributes"},"acf":[],"yoast_head":"<!-- This site is optimized with the Yoast SEO plugin v27.1.1 - https:\/\/yoast.com\/product\/yoast-seo-wordpress\/ -->\n<title>Reini Rossmann Irbis Messer - Reini Rossmann - Survival Shop<\/title>\n<meta name=\"description\" content=\"Es werden wieder 2 Farben zur Auswahl stehen. Das Irbis Messer gibt es in Schwarz oder Orange\/Schwarz.\" \/>\n<meta name=\"robots\" content=\"index, follow, max-snippet:-1, max-image-preview:large, max-video-preview:-1\" \/>\n<link rel=\"canonical\" href=\"https:\/\/ueberlebenskunst.at\/survivalshop\/shop\/reini-rossmann-irbis-messer\/\" \/>\n<meta property=\"og:locale\" content=\"de_DE\" \/>\n<meta property=\"og:type\" content=\"article\" \/>\n<meta property=\"og:title\" content=\"Reini Rossmann Irbis Messer - Reini Rossmann - Survival Shop\" \/>\n<meta property=\"og:description\" content=\"Es werden wieder 2 Farben zur Auswahl stehen. Das Irbis Messer gibt es in Schwarz oder Orange\/Schwarz.\" \/>\n<meta property=\"og:url\" content=\"https:\/\/ueberlebenskunst.at\/survivalshop\/shop\/reini-rossmann-irbis-messer\/\" \/>\n<meta property=\"og:site_name\" content=\"Reini Rossmann - Survival Shop\" \/>\n<meta property=\"article:publisher\" content=\"https:\/\/www.facebook.com\/survival24.org\/\" \/>\n<meta property=\"article:modified_time\" content=\"2026-04-12T18:47:04+00:00\" \/>\n<meta property=\"og:image\" content=\"https:\/\/ueberlebenskunst.at\/survivalshop\/wp-content\/uploads\/2021\/11\/K4_Messer_Irbis_orange_schwarz_sk-2.jpg\" \/>\n\t<meta property=\"og:image:width\" content=\"400\" \/>\n\t<meta property=\"og:image:height\" content=\"400\" \/>\n\t<meta property=\"og:image:type\" content=\"image\/jpeg\" \/>\n<meta name=\"twitter:card\" content=\"summary_large_image\" \/>\n<meta name=\"twitter:label1\" content=\"Gesch\u00e4tzte Lesezeit\" \/>\n\t<meta name=\"twitter:data1\" content=\"2\u00a0Minuten\" \/>\n<script type=\"application\/ld+json\" class=\"yoast-schema-graph\">{\"@context\":\"https:\/\/schema.org\",\"@graph\":[{\"@type\":\"WebPage\",\"@id\":\"https:\/\/ueberlebenskunst.at\/survivalshop\/shop\/reini-rossmann-irbis-messer\/\",\"url\":\"https:\/\/ueberlebenskunst.at\/survivalshop\/shop\/reini-rossmann-irbis-messer\/\",\"name\":\"Reini Rossmann Irbis Messer - Reini Rossmann - Survival Shop\",\"isPartOf\":{\"@id\":\"https:\/\/ueberlebenskunst.at\/survivalshop\/#website\"},\"primaryImageOfPage\":{\"@id\":\"https:\/\/ueberlebenskunst.at\/survivalshop\/shop\/reini-rossmann-irbis-messer\/#primaryimage\"},\"image\":{\"@id\":\"https:\/\/ueberlebenskunst.at\/survivalshop\/shop\/reini-rossmann-irbis-messer\/#primaryimage\"},\"thumbnailUrl\":\"https:\/\/ueberlebenskunst.at\/survivalshop\/wp-content\/uploads\/2021\/11\/K4_Messer_Irbis_orange_schwarz_sk-2.jpg\",\"datePublished\":\"2021-11-09T09:23:48+00:00\",\"dateModified\":\"2026-04-12T18:47:04+00:00\",\"description\":\"Es werden wieder 2 Farben zur Auswahl stehen. Das Irbis Messer gibt es in Schwarz oder Orange\/Schwarz.\",\"breadcrumb\":{\"@id\":\"https:\/\/ueberlebenskunst.at\/survivalshop\/shop\/reini-rossmann-irbis-messer\/#breadcrumb\"},\"inLanguage\":\"de\",\"potentialAction\":[{\"@type\":\"ReadAction\",\"target\":[\"https:\/\/ueberlebenskunst.at\/survivalshop\/shop\/reini-rossmann-irbis-messer\/\"]}]},{\"@type\":\"ImageObject\",\"inLanguage\":\"de\",\"@id\":\"https:\/\/ueberlebenskunst.at\/survivalshop\/shop\/reini-rossmann-irbis-messer\/#primaryimage\",\"url\":\"https:\/\/ueberlebenskunst.at\/survivalshop\/wp-content\/uploads\/2021\/11\/K4_Messer_Irbis_orange_schwarz_sk-2.jpg\",\"contentUrl\":\"https:\/\/ueberlebenskunst.at\/survivalshop\/wp-content\/uploads\/2021\/11\/K4_Messer_Irbis_orange_schwarz_sk-2.jpg\",\"width\":400,\"height\":400},{\"@type\":\"BreadcrumbList\",\"@id\":\"https:\/\/ueberlebenskunst.at\/survivalshop\/shop\/reini-rossmann-irbis-messer\/#breadcrumb\",\"itemListElement\":[{\"@type\":\"ListItem\",\"position\":1,\"name\":\"Startseite\",\"item\":\"https:\/\/ueberlebenskunst.at\/survivalshop\/\"},{\"@type\":\"ListItem\",\"position\":2,\"name\":\"Shop\",\"item\":\"https:\/\/ueberlebenskunst.at\/survivalshop\/shop\/\"},{\"@type\":\"ListItem\",\"position\":3,\"name\":\"Reini Rossmann Irbis Messer\"}]},{\"@type\":\"WebSite\",\"@id\":\"https:\/\/ueberlebenskunst.at\/survivalshop\/#website\",\"url\":\"https:\/\/ueberlebenskunst.at\/survivalshop\/\",\"name\":\"Reini Rossmann - Survival Shop\",\"description\":\"Survival Shop f\u00fcr Survival, Bushcraft und Prepper\",\"potentialAction\":[{\"@type\":\"SearchAction\",\"target\":{\"@type\":\"EntryPoint\",\"urlTemplate\":\"https:\/\/ueberlebenskunst.at\/survivalshop\/?s={search_term_string}\"},\"query-input\":{\"@type\":\"PropertyValueSpecification\",\"valueRequired\":true,\"valueName\":\"search_term_string\"}}],\"inLanguage\":\"de\"}]}<\/script>\n<!-- \/ Yoast SEO plugin. -->","yoast_head_json":{"title":"Reini Rossmann Irbis Messer - Reini Rossmann - Survival Shop","description":"Es werden wieder 2 Farben zur Auswahl stehen. Das Irbis Messer gibt es in Schwarz oder Orange\/Schwarz.","robots":{"index":"index","follow":"follow","max-snippet":"max-snippet:-1","max-image-preview":"max-image-preview:large","max-video-preview":"max-video-preview:-1"},"canonical":"https:\/\/ueberlebenskunst.at\/survivalshop\/shop\/reini-rossmann-irbis-messer\/","og_locale":"de_DE","og_type":"article","og_title":"Reini Rossmann Irbis Messer - Reini Rossmann - Survival Shop","og_description":"Es werden wieder 2 Farben zur Auswahl stehen. Das Irbis Messer gibt es in Schwarz oder Orange\/Schwarz.","og_url":"https:\/\/ueberlebenskunst.at\/survivalshop\/shop\/reini-rossmann-irbis-messer\/","og_site_name":"Reini Rossmann - Survival Shop","article_publisher":"https:\/\/www.facebook.com\/survival24.org\/","article_modified_time":"2026-04-12T18:47:04+00:00","og_image":[{"width":400,"height":400,"url":"https:\/\/ueberlebenskunst.at\/survivalshop\/wp-content\/uploads\/2021\/11\/K4_Messer_Irbis_orange_schwarz_sk-2.jpg","type":"image\/jpeg"}],"twitter_card":"summary_large_image","twitter_misc":{"Gesch\u00e4tzte Lesezeit":"2\u00a0Minuten"},"schema":{"@context":"https:\/\/schema.org","@graph":[{"@type":"WebPage","@id":"https:\/\/ueberlebenskunst.at\/survivalshop\/shop\/reini-rossmann-irbis-messer\/","url":"https:\/\/ueberlebenskunst.at\/survivalshop\/shop\/reini-rossmann-irbis-messer\/","name":"Reini Rossmann Irbis Messer - Reini Rossmann - Survival Shop","isPartOf":{"@id":"https:\/\/ueberlebenskunst.at\/survivalshop\/#website"},"primaryImageOfPage":{"@id":"https:\/\/ueberlebenskunst.at\/survivalshop\/shop\/reini-rossmann-irbis-messer\/#primaryimage"},"image":{"@id":"https:\/\/ueberlebenskunst.at\/survivalshop\/shop\/reini-rossmann-irbis-messer\/#primaryimage"},"thumbnailUrl":"https:\/\/ueberlebenskunst.at\/survivalshop\/wp-content\/uploads\/2021\/11\/K4_Messer_Irbis_orange_schwarz_sk-2.jpg","datePublished":"2021-11-09T09:23:48+00:00","dateModified":"2026-04-12T18:47:04+00:00","description":"Es werden wieder 2 Farben zur Auswahl stehen. Das Irbis Messer gibt es in Schwarz oder Orange\/Schwarz.","breadcrumb":{"@id":"https:\/\/ueberlebenskunst.at\/survivalshop\/shop\/reini-rossmann-irbis-messer\/#breadcrumb"},"inLanguage":"de","potentialAction":[{"@type":"ReadAction","target":["https:\/\/ueberlebenskunst.at\/survivalshop\/shop\/reini-rossmann-irbis-messer\/"]}]},{"@type":"ImageObject","inLanguage":"de","@id":"https:\/\/ueberlebenskunst.at\/survivalshop\/shop\/reini-rossmann-irbis-messer\/#primaryimage","url":"https:\/\/ueberlebenskunst.at\/survivalshop\/wp-content\/uploads\/2021\/11\/K4_Messer_Irbis_orange_schwarz_sk-2.jpg","contentUrl":"https:\/\/ueberlebenskunst.at\/survivalshop\/wp-content\/uploads\/2021\/11\/K4_Messer_Irbis_orange_schwarz_sk-2.jpg","width":400,"height":400},{"@type":"BreadcrumbList","@id":"https:\/\/ueberlebenskunst.at\/survivalshop\/shop\/reini-rossmann-irbis-messer\/#breadcrumb","itemListElement":[{"@type":"ListItem","position":1,"name":"Startseite","item":"https:\/\/ueberlebenskunst.at\/survivalshop\/"},{"@type":"ListItem","position":2,"name":"Shop","item":"https:\/\/ueberlebenskunst.at\/survivalshop\/shop\/"},{"@type":"ListItem","position":3,"name":"Reini Rossmann Irbis Messer"}]},{"@type":"WebSite","@id":"https:\/\/ueberlebenskunst.at\/survivalshop\/#website","url":"https:\/\/ueberlebenskunst.at\/survivalshop\/","name":"Reini Rossmann - Survival Shop","description":"Survival Shop f\u00fcr Survival, Bushcraft und Prepper","potentialAction":[{"@type":"SearchAction","target":{"@type":"EntryPoint","urlTemplate":"https:\/\/ueberlebenskunst.at\/survivalshop\/?s={search_term_string}"},"query-input":{"@type":"PropertyValueSpecification","valueRequired":true,"valueName":"search_term_string"}}],"inLanguage":"de"}]}},"_links":{"self":[{"href":"https:\/\/ueberlebenskunst.at\/survivalshop\/wp-json\/wp\/v2\/product\/47444","targetHints":{"allow":["GET"]}}],"collection":[{"href":"https:\/\/ueberlebenskunst.at\/survivalshop\/wp-json\/wp\/v2\/product"}],"about":[{"href":"https:\/\/ueberlebenskunst.at\/survivalshop\/wp-json\/wp\/v2\/types\/product"}],"replies":[{"embeddable":true,"href":"https:\/\/ueberlebenskunst.at\/survivalshop\/wp-json\/wp\/v2\/comments?post=47444"}],"wp:featuredmedia":[{"embeddable":true,"href":"https:\/\/ueberlebenskunst.at\/survivalshop\/wp-json\/wp\/v2\/media\/137077"}],"wp:attachment":[{"href":"https:\/\/ueberlebenskunst.at\/survivalshop\/wp-json\/wp\/v2\/media?parent=47444"}],"wp:term":[{"taxonomy":"product_brand","embeddable":true,"href":"https:\/\/ueberlebenskunst.at\/survivalshop\/wp-json\/wp\/v2\/product_brand?post=47444"},{"taxonomy":"product_cat","embeddable":true,"href":"https:\/\/ueberlebenskunst.at\/survivalshop\/wp-json\/wp\/v2\/product_cat?post=47444"},{"taxonomy":"product_tag","embeddable":true,"href":"https:\/\/ueberlebenskunst.at\/survivalshop\/wp-json\/wp\/v2\/product_tag?post=47444"}],"curies":[{"name":"wp","href":"https:\/\/api.w.org\/{rel}","templated":true}]}}