{"id":47421,"date":"2021-11-09T09:40:15","date_gmt":"2021-11-09T07:40:15","guid":{"rendered":"https:\/\/ueberlebenskunst.at\/survivalshop\/?post_type=product&#038;p=47421"},"modified":"2024-03-20T18:34:15","modified_gmt":"2024-03-20T17:34:15","slug":"victorinox-offiziersmesser-handyman-rot","status":"seo-produkt","type":"product","link":"https:\/\/ueberlebenskunst.at\/survivalshop\/shop\/victorinox-offiziersmesser-handyman-rot\/","title":{"rendered":"Victorinox Offiziersmesser Handyman &#8211; rot"},"content":{"rendered":"<div class=\"mod mod-product-description\">\n<div class=\"group-richtext\">\n<p>Das legend\u00e4re Offiziersmesser Handyman &#8211; ein mittleres Taschenmesser &#8211; solltest du immer dabei haben. Schlie\u00dflich gibt es immer und \u00fcberall etwas zu reparieren, egal ob bei der Arbeit oder in der Freizeit. Mit seinen 24 Funktionen ist es jeder handwerklichen Herausforderung gewachsen.<\/p>\n<h3>Produktdaten:<\/h3>\n<ul>\n<li>Taschenmesser mit 24\u00a0Funktionen<\/li>\n<li>Werkzeug f\u00fcr Heimwerker In-\/Outdoor<\/li>\n<li>hergestellt in der Schweiz<\/li>\n<li>inkl. Zange und Holzmeissel<\/li>\n<li>Schalenmaterial ABS\/Cellidor<\/li>\n<li>L\u00e4nge 91 mm<\/li>\n<li>H\u00f6he 27,5 mm<\/li>\n<li>Gewicht 155 g<\/li>\n<\/ul>\n<\/div>\n<\/div>\n<div class=\"inner\">\n<div class=\"mod mod-product-features\">\n<div class=\"g-layout-accordeon-features g-row is-SAK\">\n<div class=\"g-col g-col-2\">\n<h3 class=\"title-4 e-h4 title--two-columns\">Werkzeuge<\/h3>\n<div class=\"g-layout-accordeon-features-sub g-row\">\n<div class=\"g-col\">\n<ul class=\"tools-list two-parts\">\n<li>Klinge, gross und klein<\/li>\n<li>Dosen\u00f6ffner<\/li>\n<li>Schraubendreher 2 mm, 3 mm und 5 mm<\/li>\n<li>Kapselheber<\/li>\n<li>Drahtabisolierer<\/li>\n<li>Stech-Bohr-N\u00e4hahle<\/li>\n<li>Korkenzieher<\/li>\n<li>Schere<\/li>\n<li>Kombizange<\/li>\n<li>Drahtbieger<\/li>\n<li>H\u00fclsenpresser<\/li>\n<li>Holzs\u00e4ge<\/li>\n<li>Nagelfeile<\/li>\n<li>Nagelreiniger<\/li>\n<li>Metalls\u00e4ge<\/li>\n<li>Metallfeile<\/li>\n<li>Holzmeissel 4 mm<\/li>\n<li>Mehrzweckhaken<\/li>\n<li>Zahnstocher<\/li>\n<li>Pinzette<\/li>\n<li>Ring<\/li>\n<\/ul>\n<\/div>\n<h3 class=\"g-col\"><\/h3>\n<\/div>\n<\/div>\n<\/div>\n<\/div>\n<\/div>\n","protected":false},"excerpt":{"rendered":"<p>Das legend\u00e4re Offiziersmesser Handyman &#8211; ein mittleres Taschenmesser &#8211; solltest du immer dabei haben. Schlie\u00dflich gibt es immer und \u00fcberall etwas zu reparieren, egal ob bei der Arbeit oder in der Freizeit. Mit seinen 24 Funktionen ist es jeder handwerklichen Herausforderung gewachsen. Produktdaten: Taschenmesser mit 24\u00a0Funktionen Werkzeug f\u00fcr Heimwerker In-\/Outdoor hergestellt in der Schweiz inkl. [&hellip;]<\/p>\n","protected":false},"featured_media":47423,"comment_status":"open","ping_status":"closed","template":"","meta":{"_acf_changed":false},"product_brand":[],"product_cat":[426],"product_tag":[784,752,1147],"class_list":{"0":"post-47421","1":"product","2":"type-product","3":"status-seo-produkt","4":"has-post-thumbnail","6":"product_cat-unkategorisiert","7":"product_tag-multitool","8":"product_tag-taschenmesser","9":"product_tag-victorinox","11":"first","12":"outofstock","13":"taxable","14":"shipping-taxable","15":"product-type-simple"},"acf":[],"yoast_head":"<!-- This site is optimized with the Yoast SEO plugin v27.1.1 - https:\/\/yoast.com\/product\/yoast-seo-wordpress\/ -->\n<title>Victorinox Offiziersmesser Handyman - rot - Reini Rossmann - Survival Shop<\/title>\n<meta name=\"robots\" content=\"index, follow, max-snippet:-1, max-image-preview:large, max-video-preview:-1\" \/>\n<link rel=\"canonical\" href=\"https:\/\/ueberlebenskunst.at\/survivalshop\/shop\/victorinox-offiziersmesser-handyman-rot\/\" \/>\n<meta property=\"og:locale\" content=\"de_DE\" \/>\n<meta property=\"og:type\" content=\"article\" \/>\n<meta property=\"og:title\" content=\"Victorinox Offiziersmesser Handyman - rot - Reini Rossmann - Survival Shop\" \/>\n<meta property=\"og:description\" content=\"Das legend\u00e4re Offiziersmesser Handyman &#8211; ein mittleres Taschenmesser &#8211; solltest du immer dabei haben. Schlie\u00dflich gibt es immer und \u00fcberall etwas zu reparieren, egal ob bei der Arbeit oder in der Freizeit. Mit seinen 24 Funktionen ist es jeder handwerklichen Herausforderung gewachsen. Produktdaten: Taschenmesser mit 24\u00a0Funktionen Werkzeug f\u00fcr Heimwerker In-\/Outdoor hergestellt in der Schweiz inkl. [&hellip;]\" \/>\n<meta property=\"og:url\" content=\"https:\/\/ueberlebenskunst.at\/survivalshop\/shop\/victorinox-offiziersmesser-handyman-rot\/\" \/>\n<meta property=\"og:site_name\" content=\"Reini Rossmann - Survival Shop\" \/>\n<meta property=\"article:publisher\" content=\"https:\/\/www.facebook.com\/survival24.org\/\" \/>\n<meta property=\"article:modified_time\" content=\"2024-03-20T17:34:15+00:00\" \/>\n<meta property=\"og:image\" content=\"https:\/\/ueberlebenskunst.at\/survivalshop\/wp-content\/uploads\/2021\/11\/1.3773_HANDYMAN_offen.png\" \/>\n\t<meta property=\"og:image:width\" content=\"800\" \/>\n\t<meta property=\"og:image:height\" content=\"600\" \/>\n\t<meta property=\"og:image:type\" content=\"image\/png\" \/>\n<meta name=\"twitter:card\" content=\"summary_large_image\" \/>\n<meta name=\"twitter:label1\" content=\"Gesch\u00e4tzte Lesezeit\" \/>\n\t<meta name=\"twitter:data1\" content=\"1\u00a0Minute\" \/>\n<script type=\"application\/ld+json\" class=\"yoast-schema-graph\">{\"@context\":\"https:\/\/schema.org\",\"@graph\":[{\"@type\":\"WebPage\",\"@id\":\"https:\/\/ueberlebenskunst.at\/survivalshop\/shop\/victorinox-offiziersmesser-handyman-rot\/\",\"url\":\"https:\/\/ueberlebenskunst.at\/survivalshop\/shop\/victorinox-offiziersmesser-handyman-rot\/\",\"name\":\"Victorinox Offiziersmesser Handyman - rot - Reini Rossmann - Survival Shop\",\"isPartOf\":{\"@id\":\"https:\/\/ueberlebenskunst.at\/survivalshop\/#website\"},\"primaryImageOfPage\":{\"@id\":\"https:\/\/ueberlebenskunst.at\/survivalshop\/shop\/victorinox-offiziersmesser-handyman-rot\/#primaryimage\"},\"image\":{\"@id\":\"https:\/\/ueberlebenskunst.at\/survivalshop\/shop\/victorinox-offiziersmesser-handyman-rot\/#primaryimage\"},\"thumbnailUrl\":\"https:\/\/ueberlebenskunst.at\/survivalshop\/wp-content\/uploads\/2021\/11\/1.3773_HANDYMAN_offen.png\",\"datePublished\":\"2021-11-09T07:40:15+00:00\",\"dateModified\":\"2024-03-20T17:34:15+00:00\",\"breadcrumb\":{\"@id\":\"https:\/\/ueberlebenskunst.at\/survivalshop\/shop\/victorinox-offiziersmesser-handyman-rot\/#breadcrumb\"},\"inLanguage\":\"de\",\"potentialAction\":[{\"@type\":\"ReadAction\",\"target\":[\"https:\/\/ueberlebenskunst.at\/survivalshop\/shop\/victorinox-offiziersmesser-handyman-rot\/\"]}]},{\"@type\":\"ImageObject\",\"inLanguage\":\"de\",\"@id\":\"https:\/\/ueberlebenskunst.at\/survivalshop\/shop\/victorinox-offiziersmesser-handyman-rot\/#primaryimage\",\"url\":\"https:\/\/ueberlebenskunst.at\/survivalshop\/wp-content\/uploads\/2021\/11\/1.3773_HANDYMAN_offen.png\",\"contentUrl\":\"https:\/\/ueberlebenskunst.at\/survivalshop\/wp-content\/uploads\/2021\/11\/1.3773_HANDYMAN_offen.png\",\"width\":800,\"height\":600},{\"@type\":\"BreadcrumbList\",\"@id\":\"https:\/\/ueberlebenskunst.at\/survivalshop\/shop\/victorinox-offiziersmesser-handyman-rot\/#breadcrumb\",\"itemListElement\":[{\"@type\":\"ListItem\",\"position\":1,\"name\":\"Startseite\",\"item\":\"https:\/\/ueberlebenskunst.at\/survivalshop\/\"},{\"@type\":\"ListItem\",\"position\":2,\"name\":\"Shop\",\"item\":\"https:\/\/ueberlebenskunst.at\/survivalshop\/shop\/\"},{\"@type\":\"ListItem\",\"position\":3,\"name\":\"Victorinox Offiziersmesser Handyman &#8211; rot\"}]},{\"@type\":\"WebSite\",\"@id\":\"https:\/\/ueberlebenskunst.at\/survivalshop\/#website\",\"url\":\"https:\/\/ueberlebenskunst.at\/survivalshop\/\",\"name\":\"Reini Rossmann - Survival Shop\",\"description\":\"Survival Shop f\u00fcr Survival, Bushcraft und Prepper\",\"potentialAction\":[{\"@type\":\"SearchAction\",\"target\":{\"@type\":\"EntryPoint\",\"urlTemplate\":\"https:\/\/ueberlebenskunst.at\/survivalshop\/?s={search_term_string}\"},\"query-input\":{\"@type\":\"PropertyValueSpecification\",\"valueRequired\":true,\"valueName\":\"search_term_string\"}}],\"inLanguage\":\"de\"}]}<\/script>\n<!-- \/ Yoast SEO plugin. -->","yoast_head_json":{"title":"Victorinox Offiziersmesser Handyman - rot - Reini Rossmann - Survival Shop","robots":{"index":"index","follow":"follow","max-snippet":"max-snippet:-1","max-image-preview":"max-image-preview:large","max-video-preview":"max-video-preview:-1"},"canonical":"https:\/\/ueberlebenskunst.at\/survivalshop\/shop\/victorinox-offiziersmesser-handyman-rot\/","og_locale":"de_DE","og_type":"article","og_title":"Victorinox Offiziersmesser Handyman - rot - Reini Rossmann - Survival Shop","og_description":"Das legend\u00e4re Offiziersmesser Handyman &#8211; ein mittleres Taschenmesser &#8211; solltest du immer dabei haben. Schlie\u00dflich gibt es immer und \u00fcberall etwas zu reparieren, egal ob bei der Arbeit oder in der Freizeit. Mit seinen 24 Funktionen ist es jeder handwerklichen Herausforderung gewachsen. Produktdaten: Taschenmesser mit 24\u00a0Funktionen Werkzeug f\u00fcr Heimwerker In-\/Outdoor hergestellt in der Schweiz inkl. [&hellip;]","og_url":"https:\/\/ueberlebenskunst.at\/survivalshop\/shop\/victorinox-offiziersmesser-handyman-rot\/","og_site_name":"Reini Rossmann - Survival Shop","article_publisher":"https:\/\/www.facebook.com\/survival24.org\/","article_modified_time":"2024-03-20T17:34:15+00:00","og_image":[{"width":800,"height":600,"url":"https:\/\/ueberlebenskunst.at\/survivalshop\/wp-content\/uploads\/2021\/11\/1.3773_HANDYMAN_offen.png","type":"image\/png"}],"twitter_card":"summary_large_image","twitter_misc":{"Gesch\u00e4tzte Lesezeit":"1\u00a0Minute"},"schema":{"@context":"https:\/\/schema.org","@graph":[{"@type":"WebPage","@id":"https:\/\/ueberlebenskunst.at\/survivalshop\/shop\/victorinox-offiziersmesser-handyman-rot\/","url":"https:\/\/ueberlebenskunst.at\/survivalshop\/shop\/victorinox-offiziersmesser-handyman-rot\/","name":"Victorinox Offiziersmesser Handyman - rot - Reini Rossmann - Survival Shop","isPartOf":{"@id":"https:\/\/ueberlebenskunst.at\/survivalshop\/#website"},"primaryImageOfPage":{"@id":"https:\/\/ueberlebenskunst.at\/survivalshop\/shop\/victorinox-offiziersmesser-handyman-rot\/#primaryimage"},"image":{"@id":"https:\/\/ueberlebenskunst.at\/survivalshop\/shop\/victorinox-offiziersmesser-handyman-rot\/#primaryimage"},"thumbnailUrl":"https:\/\/ueberlebenskunst.at\/survivalshop\/wp-content\/uploads\/2021\/11\/1.3773_HANDYMAN_offen.png","datePublished":"2021-11-09T07:40:15+00:00","dateModified":"2024-03-20T17:34:15+00:00","breadcrumb":{"@id":"https:\/\/ueberlebenskunst.at\/survivalshop\/shop\/victorinox-offiziersmesser-handyman-rot\/#breadcrumb"},"inLanguage":"de","potentialAction":[{"@type":"ReadAction","target":["https:\/\/ueberlebenskunst.at\/survivalshop\/shop\/victorinox-offiziersmesser-handyman-rot\/"]}]},{"@type":"ImageObject","inLanguage":"de","@id":"https:\/\/ueberlebenskunst.at\/survivalshop\/shop\/victorinox-offiziersmesser-handyman-rot\/#primaryimage","url":"https:\/\/ueberlebenskunst.at\/survivalshop\/wp-content\/uploads\/2021\/11\/1.3773_HANDYMAN_offen.png","contentUrl":"https:\/\/ueberlebenskunst.at\/survivalshop\/wp-content\/uploads\/2021\/11\/1.3773_HANDYMAN_offen.png","width":800,"height":600},{"@type":"BreadcrumbList","@id":"https:\/\/ueberlebenskunst.at\/survivalshop\/shop\/victorinox-offiziersmesser-handyman-rot\/#breadcrumb","itemListElement":[{"@type":"ListItem","position":1,"name":"Startseite","item":"https:\/\/ueberlebenskunst.at\/survivalshop\/"},{"@type":"ListItem","position":2,"name":"Shop","item":"https:\/\/ueberlebenskunst.at\/survivalshop\/shop\/"},{"@type":"ListItem","position":3,"name":"Victorinox Offiziersmesser Handyman &#8211; rot"}]},{"@type":"WebSite","@id":"https:\/\/ueberlebenskunst.at\/survivalshop\/#website","url":"https:\/\/ueberlebenskunst.at\/survivalshop\/","name":"Reini Rossmann - Survival Shop","description":"Survival Shop f\u00fcr Survival, Bushcraft und Prepper","potentialAction":[{"@type":"SearchAction","target":{"@type":"EntryPoint","urlTemplate":"https:\/\/ueberlebenskunst.at\/survivalshop\/?s={search_term_string}"},"query-input":{"@type":"PropertyValueSpecification","valueRequired":true,"valueName":"search_term_string"}}],"inLanguage":"de"}]}},"_links":{"self":[{"href":"https:\/\/ueberlebenskunst.at\/survivalshop\/wp-json\/wp\/v2\/product\/47421","targetHints":{"allow":["GET"]}}],"collection":[{"href":"https:\/\/ueberlebenskunst.at\/survivalshop\/wp-json\/wp\/v2\/product"}],"about":[{"href":"https:\/\/ueberlebenskunst.at\/survivalshop\/wp-json\/wp\/v2\/types\/product"}],"replies":[{"embeddable":true,"href":"https:\/\/ueberlebenskunst.at\/survivalshop\/wp-json\/wp\/v2\/comments?post=47421"}],"wp:featuredmedia":[{"embeddable":true,"href":"https:\/\/ueberlebenskunst.at\/survivalshop\/wp-json\/wp\/v2\/media\/47423"}],"wp:attachment":[{"href":"https:\/\/ueberlebenskunst.at\/survivalshop\/wp-json\/wp\/v2\/media?parent=47421"}],"wp:term":[{"taxonomy":"product_brand","embeddable":true,"href":"https:\/\/ueberlebenskunst.at\/survivalshop\/wp-json\/wp\/v2\/product_brand?post=47421"},{"taxonomy":"product_cat","embeddable":true,"href":"https:\/\/ueberlebenskunst.at\/survivalshop\/wp-json\/wp\/v2\/product_cat?post=47421"},{"taxonomy":"product_tag","embeddable":true,"href":"https:\/\/ueberlebenskunst.at\/survivalshop\/wp-json\/wp\/v2\/product_tag?post=47421"}],"curies":[{"name":"wp","href":"https:\/\/api.w.org\/{rel}","templated":true}]}}