{"id":46036,"date":"2021-10-29T15:06:03","date_gmt":"2021-10-29T13:06:03","guid":{"rendered":"https:\/\/ueberlebenskunst.at\/survivalshop\/?post_type=product&#038;p=46036"},"modified":"2024-03-20T18:35:20","modified_gmt":"2024-03-20T17:35:20","slug":"fafnir-smartphone-knife-and-tool-smartphone-messer","status":"seo-produkt","type":"product","link":"https:\/\/ueberlebenskunst.at\/survivalshop\/shop\/fafnir-smartphone-knife-and-tool-smartphone-messer\/","title":{"rendered":"Fafnir Smartphone Knife and Tool Smartphone Messer"},"content":{"rendered":"<p>Mit dem Handy zusammen ein allt\u00e4glicher Begleiter:<\/p>\n<h3>Fafnir Smartphone Knife and Tool Smartphone Messer<\/h3>\n<p><iframe hcb-fetch-image-from=\"https:\/\/youtu.be\/heunZ-U7lyU\" title=\"Das Smartphone Messer Fafnir - Vorstellung\" width=\"640\" height=\"360\" src=\"https:\/\/www.youtube.com\/embed\/heunZ-U7lyU?feature=oembed\" frameborder=\"0\" allow=\"accelerometer; autoplay; clipboard-write; encrypted-media; gyroscope; picture-in-picture; web-share\" referrerpolicy=\"strict-origin-when-cross-origin\" allowfullscreen><\/iframe><\/p>\n<p>Ein Messer mit Flaschen\u00f6ffner f\u00fcrs Smartphone und den Geldbeutel, das aber auch als Neckknife getragen werden kann.<\/p>\n<p>Mit einer Klingenl\u00e4nge von 3,9 cm ist das Messer \u00a742a tauglich und darf auch in Waffenverbotszonen getragen werden.<\/p>\n<p>Mit einer Dicke von 3 mm ist das Teil nat\u00fcrlich rasierscharf.<\/p>\n<p>Die Smartphone Halterung wird mittels Klebefl\u00e4che an das Smartphone oder dessen H\u00fclle geklebt. Beim Handy-Wechsel l\u00e4sst sich dies r\u00fcckstandslos entfernen.<\/p>\n<p>Aktuell ist die Halterung f\u00fcr ein 1 Euro St\u00fcck oder f\u00fcr einen Einkaufswagen-Chip ausgestattet. Im Auslieferzustand mit einem 1 Euro St\u00fcck.<\/p>\n<p>Dieses Messer wird in Handarbeit gefertigt.<\/p>\n<h3>Lieferumfang:<\/h3>\n<ul>\n<li>Universalscheide f\u00fcr alle Smartphones<\/li>\n<\/ul>\n","protected":false},"excerpt":{"rendered":"<p>Mit dem Handy zusammen ein allt\u00e4glicher Begleiter: Fafnir Smartphone Knife and Tool Smartphone Messer Ein Messer mit Flaschen\u00f6ffner f\u00fcrs Smartphone und den Geldbeutel, das aber auch als Neckknife getragen werden kann. Mit einer Klingenl\u00e4nge von 3,9 cm ist das Messer \u00a742a tauglich und darf auch in Waffenverbotszonen getragen werden. Mit einer Dicke von 3 mm [&hellip;]<\/p>\n","protected":false},"featured_media":46037,"comment_status":"open","ping_status":"closed","template":"","meta":{"_acf_changed":false},"product_brand":[],"product_cat":[1805,1047],"product_tag":[1023,1022,991,688],"class_list":{"0":"post-46036","1":"product","2":"type-product","3":"status-seo-produkt","4":"has-post-thumbnail","6":"product_cat-messer-messer-tools","7":"product_cat-messer-tools","8":"product_tag-42a-tauglich","9":"product_tag-flaschenoeffner","10":"product_tag-midgard-messer","11":"product_tag-neckknife","13":"first","14":"outofstock","15":"sale","16":"taxable","17":"shipping-taxable","18":"product-type-simple"},"acf":[],"yoast_head":"<!-- This site is optimized with the Yoast SEO plugin v27.1.1 - https:\/\/yoast.com\/product\/yoast-seo-wordpress\/ -->\n<title>Fafnir Smartphone Knife and Tool Smartphone Messer<\/title>\n<meta name=\"description\" content=\"Ein Messer mit Flaschen\u00f6ffner f\u00fcrs Smartphone und den Geldbeutel, das aber auch als Neckknife getragen werden kann.\" \/>\n<meta name=\"robots\" content=\"index, follow, max-snippet:-1, max-image-preview:large, max-video-preview:-1\" \/>\n<link rel=\"canonical\" href=\"https:\/\/ueberlebenskunst.at\/survivalshop\/shop\/fafnir-smartphone-knife-and-tool-smartphone-messer\/\" \/>\n<meta property=\"og:locale\" content=\"de_DE\" \/>\n<meta property=\"og:type\" content=\"article\" \/>\n<meta property=\"og:title\" content=\"Fafnir Smartphone Knife and Tool Smartphone Messer\" \/>\n<meta property=\"og:description\" content=\"Ein Messer mit Flaschen\u00f6ffner f\u00fcrs Smartphone und den Geldbeutel, das aber auch als Neckknife getragen werden kann.\" \/>\n<meta property=\"og:url\" content=\"https:\/\/ueberlebenskunst.at\/survivalshop\/shop\/fafnir-smartphone-knife-and-tool-smartphone-messer\/\" \/>\n<meta property=\"og:site_name\" content=\"Reini Rossmann - Survival Shop\" \/>\n<meta property=\"article:publisher\" content=\"https:\/\/www.facebook.com\/survival24.org\/\" \/>\n<meta property=\"article:modified_time\" content=\"2024-03-20T17:35:20+00:00\" \/>\n<meta property=\"og:image\" content=\"https:\/\/ueberlebenskunst.at\/survivalshop\/wp-content\/uploads\/2021\/10\/Fafnir.jpg\" \/>\n\t<meta property=\"og:image:width\" content=\"516\" \/>\n\t<meta property=\"og:image:height\" content=\"380\" \/>\n\t<meta property=\"og:image:type\" content=\"image\/jpeg\" \/>\n<meta name=\"twitter:card\" content=\"summary_large_image\" \/>\n<meta name=\"twitter:label1\" content=\"Gesch\u00e4tzte Lesezeit\" \/>\n\t<meta name=\"twitter:data1\" content=\"1\u00a0Minute\" \/>\n<script type=\"application\/ld+json\" class=\"yoast-schema-graph\">{\"@context\":\"https:\/\/schema.org\",\"@graph\":[{\"@type\":\"WebPage\",\"@id\":\"https:\/\/ueberlebenskunst.at\/survivalshop\/shop\/fafnir-smartphone-knife-and-tool-smartphone-messer\/\",\"url\":\"https:\/\/ueberlebenskunst.at\/survivalshop\/shop\/fafnir-smartphone-knife-and-tool-smartphone-messer\/\",\"name\":\"Fafnir Smartphone Knife and Tool Smartphone Messer\",\"isPartOf\":{\"@id\":\"https:\/\/ueberlebenskunst.at\/survivalshop\/#website\"},\"primaryImageOfPage\":{\"@id\":\"https:\/\/ueberlebenskunst.at\/survivalshop\/shop\/fafnir-smartphone-knife-and-tool-smartphone-messer\/#primaryimage\"},\"image\":{\"@id\":\"https:\/\/ueberlebenskunst.at\/survivalshop\/shop\/fafnir-smartphone-knife-and-tool-smartphone-messer\/#primaryimage\"},\"thumbnailUrl\":\"https:\/\/ueberlebenskunst.at\/survivalshop\/wp-content\/uploads\/2021\/10\/Fafnir.jpg\",\"datePublished\":\"2021-10-29T13:06:03+00:00\",\"dateModified\":\"2024-03-20T17:35:20+00:00\",\"description\":\"Ein Messer mit Flaschen\u00f6ffner f\u00fcrs Smartphone und den Geldbeutel, das aber auch als Neckknife getragen werden kann.\",\"breadcrumb\":{\"@id\":\"https:\/\/ueberlebenskunst.at\/survivalshop\/shop\/fafnir-smartphone-knife-and-tool-smartphone-messer\/#breadcrumb\"},\"inLanguage\":\"de\",\"potentialAction\":[{\"@type\":\"ReadAction\",\"target\":[\"https:\/\/ueberlebenskunst.at\/survivalshop\/shop\/fafnir-smartphone-knife-and-tool-smartphone-messer\/\"]}]},{\"@type\":\"ImageObject\",\"inLanguage\":\"de\",\"@id\":\"https:\/\/ueberlebenskunst.at\/survivalshop\/shop\/fafnir-smartphone-knife-and-tool-smartphone-messer\/#primaryimage\",\"url\":\"https:\/\/ueberlebenskunst.at\/survivalshop\/wp-content\/uploads\/2021\/10\/Fafnir.jpg\",\"contentUrl\":\"https:\/\/ueberlebenskunst.at\/survivalshop\/wp-content\/uploads\/2021\/10\/Fafnir.jpg\",\"width\":516,\"height\":380},{\"@type\":\"BreadcrumbList\",\"@id\":\"https:\/\/ueberlebenskunst.at\/survivalshop\/shop\/fafnir-smartphone-knife-and-tool-smartphone-messer\/#breadcrumb\",\"itemListElement\":[{\"@type\":\"ListItem\",\"position\":1,\"name\":\"Startseite\",\"item\":\"https:\/\/ueberlebenskunst.at\/survivalshop\/\"},{\"@type\":\"ListItem\",\"position\":2,\"name\":\"Shop\",\"item\":\"https:\/\/ueberlebenskunst.at\/survivalshop\/shop\/\"},{\"@type\":\"ListItem\",\"position\":3,\"name\":\"Fafnir Smartphone Knife and Tool Smartphone Messer\"}]},{\"@type\":\"WebSite\",\"@id\":\"https:\/\/ueberlebenskunst.at\/survivalshop\/#website\",\"url\":\"https:\/\/ueberlebenskunst.at\/survivalshop\/\",\"name\":\"Reini Rossmann - Survival Shop\",\"description\":\"Survival Shop f\u00fcr Survival, Bushcraft und Prepper\",\"potentialAction\":[{\"@type\":\"SearchAction\",\"target\":{\"@type\":\"EntryPoint\",\"urlTemplate\":\"https:\/\/ueberlebenskunst.at\/survivalshop\/?s={search_term_string}\"},\"query-input\":{\"@type\":\"PropertyValueSpecification\",\"valueRequired\":true,\"valueName\":\"search_term_string\"}}],\"inLanguage\":\"de\"}]}<\/script>\n<!-- \/ Yoast SEO plugin. -->","yoast_head_json":{"title":"Fafnir Smartphone Knife and Tool Smartphone Messer","description":"Ein Messer mit Flaschen\u00f6ffner f\u00fcrs Smartphone und den Geldbeutel, das aber auch als Neckknife getragen werden kann.","robots":{"index":"index","follow":"follow","max-snippet":"max-snippet:-1","max-image-preview":"max-image-preview:large","max-video-preview":"max-video-preview:-1"},"canonical":"https:\/\/ueberlebenskunst.at\/survivalshop\/shop\/fafnir-smartphone-knife-and-tool-smartphone-messer\/","og_locale":"de_DE","og_type":"article","og_title":"Fafnir Smartphone Knife and Tool Smartphone Messer","og_description":"Ein Messer mit Flaschen\u00f6ffner f\u00fcrs Smartphone und den Geldbeutel, das aber auch als Neckknife getragen werden kann.","og_url":"https:\/\/ueberlebenskunst.at\/survivalshop\/shop\/fafnir-smartphone-knife-and-tool-smartphone-messer\/","og_site_name":"Reini Rossmann - Survival Shop","article_publisher":"https:\/\/www.facebook.com\/survival24.org\/","article_modified_time":"2024-03-20T17:35:20+00:00","og_image":[{"width":516,"height":380,"url":"https:\/\/ueberlebenskunst.at\/survivalshop\/wp-content\/uploads\/2021\/10\/Fafnir.jpg","type":"image\/jpeg"}],"twitter_card":"summary_large_image","twitter_misc":{"Gesch\u00e4tzte Lesezeit":"1\u00a0Minute"},"schema":{"@context":"https:\/\/schema.org","@graph":[{"@type":"WebPage","@id":"https:\/\/ueberlebenskunst.at\/survivalshop\/shop\/fafnir-smartphone-knife-and-tool-smartphone-messer\/","url":"https:\/\/ueberlebenskunst.at\/survivalshop\/shop\/fafnir-smartphone-knife-and-tool-smartphone-messer\/","name":"Fafnir Smartphone Knife and Tool Smartphone Messer","isPartOf":{"@id":"https:\/\/ueberlebenskunst.at\/survivalshop\/#website"},"primaryImageOfPage":{"@id":"https:\/\/ueberlebenskunst.at\/survivalshop\/shop\/fafnir-smartphone-knife-and-tool-smartphone-messer\/#primaryimage"},"image":{"@id":"https:\/\/ueberlebenskunst.at\/survivalshop\/shop\/fafnir-smartphone-knife-and-tool-smartphone-messer\/#primaryimage"},"thumbnailUrl":"https:\/\/ueberlebenskunst.at\/survivalshop\/wp-content\/uploads\/2021\/10\/Fafnir.jpg","datePublished":"2021-10-29T13:06:03+00:00","dateModified":"2024-03-20T17:35:20+00:00","description":"Ein Messer mit Flaschen\u00f6ffner f\u00fcrs Smartphone und den Geldbeutel, das aber auch als Neckknife getragen werden kann.","breadcrumb":{"@id":"https:\/\/ueberlebenskunst.at\/survivalshop\/shop\/fafnir-smartphone-knife-and-tool-smartphone-messer\/#breadcrumb"},"inLanguage":"de","potentialAction":[{"@type":"ReadAction","target":["https:\/\/ueberlebenskunst.at\/survivalshop\/shop\/fafnir-smartphone-knife-and-tool-smartphone-messer\/"]}]},{"@type":"ImageObject","inLanguage":"de","@id":"https:\/\/ueberlebenskunst.at\/survivalshop\/shop\/fafnir-smartphone-knife-and-tool-smartphone-messer\/#primaryimage","url":"https:\/\/ueberlebenskunst.at\/survivalshop\/wp-content\/uploads\/2021\/10\/Fafnir.jpg","contentUrl":"https:\/\/ueberlebenskunst.at\/survivalshop\/wp-content\/uploads\/2021\/10\/Fafnir.jpg","width":516,"height":380},{"@type":"BreadcrumbList","@id":"https:\/\/ueberlebenskunst.at\/survivalshop\/shop\/fafnir-smartphone-knife-and-tool-smartphone-messer\/#breadcrumb","itemListElement":[{"@type":"ListItem","position":1,"name":"Startseite","item":"https:\/\/ueberlebenskunst.at\/survivalshop\/"},{"@type":"ListItem","position":2,"name":"Shop","item":"https:\/\/ueberlebenskunst.at\/survivalshop\/shop\/"},{"@type":"ListItem","position":3,"name":"Fafnir Smartphone Knife and Tool Smartphone Messer"}]},{"@type":"WebSite","@id":"https:\/\/ueberlebenskunst.at\/survivalshop\/#website","url":"https:\/\/ueberlebenskunst.at\/survivalshop\/","name":"Reini Rossmann - Survival Shop","description":"Survival Shop f\u00fcr Survival, Bushcraft und Prepper","potentialAction":[{"@type":"SearchAction","target":{"@type":"EntryPoint","urlTemplate":"https:\/\/ueberlebenskunst.at\/survivalshop\/?s={search_term_string}"},"query-input":{"@type":"PropertyValueSpecification","valueRequired":true,"valueName":"search_term_string"}}],"inLanguage":"de"}]}},"_links":{"self":[{"href":"https:\/\/ueberlebenskunst.at\/survivalshop\/wp-json\/wp\/v2\/product\/46036","targetHints":{"allow":["GET"]}}],"collection":[{"href":"https:\/\/ueberlebenskunst.at\/survivalshop\/wp-json\/wp\/v2\/product"}],"about":[{"href":"https:\/\/ueberlebenskunst.at\/survivalshop\/wp-json\/wp\/v2\/types\/product"}],"replies":[{"embeddable":true,"href":"https:\/\/ueberlebenskunst.at\/survivalshop\/wp-json\/wp\/v2\/comments?post=46036"}],"wp:featuredmedia":[{"embeddable":true,"href":"https:\/\/ueberlebenskunst.at\/survivalshop\/wp-json\/wp\/v2\/media\/46037"}],"wp:attachment":[{"href":"https:\/\/ueberlebenskunst.at\/survivalshop\/wp-json\/wp\/v2\/media?parent=46036"}],"wp:term":[{"taxonomy":"product_brand","embeddable":true,"href":"https:\/\/ueberlebenskunst.at\/survivalshop\/wp-json\/wp\/v2\/product_brand?post=46036"},{"taxonomy":"product_cat","embeddable":true,"href":"https:\/\/ueberlebenskunst.at\/survivalshop\/wp-json\/wp\/v2\/product_cat?post=46036"},{"taxonomy":"product_tag","embeddable":true,"href":"https:\/\/ueberlebenskunst.at\/survivalshop\/wp-json\/wp\/v2\/product_tag?post=46036"}],"curies":[{"name":"wp","href":"https:\/\/api.w.org\/{rel}","templated":true}]}}