{"id":46018,"date":"2021-10-29T12:21:27","date_gmt":"2021-10-29T10:21:27","guid":{"rendered":"https:\/\/ueberlebenskunst.at\/survivalshop\/?post_type=product&#038;p=46018"},"modified":"2024-03-20T18:35:27","modified_gmt":"2024-03-20T17:35:27","slug":"midgards-messer-lockinvalhalla-prototypen","status":"seo-produkt","type":"product","link":"https:\/\/ueberlebenskunst.at\/survivalshop\/shop\/midgards-messer-lockinvalhalla-prototypen\/","title":{"rendered":"Midgards Messer Lockin Valhalla Prototypen"},"content":{"rendered":"<h3>Midgards Messer Lockin Valhalla Prototypen<\/h3>\n<p>Das Messer wird p\u00fcnktlich unterm Weihnachtsbaum liegen.<\/p>\n<p>Das Valhalla ist streng auf 150 St\u00fcck limitiert und auch schon komplett ausverkauft.<\/p>\n<p>Uns ist es aber gelungen 3 St\u00fcck des Prototypen zu ergattern, und wir k\u00f6nnen dir diese einzigartigen Exemplare nun anbieten.<\/p>\n<p>Die Prototypen sind zu 100% funktionsf\u00e4hig und von absoluter Spitzen-Qualit\u00e4t.<\/p>\n<p>The Lockin Valhalla ist ein Messer mit Kniegelenkverschluss, das zu 100 Prozent 42a konform ist, da es sich nur mit zwei H\u00e4nden \u00f6ffnen und schlie\u00dfen l\u00e4sst.<\/p>\n<p>Die Griffschalen des Valhalla sind aus G10.<\/p>\n<p>Im Lieferumfang ist eine TPU Scheide dabei.<\/p>\n<h3>Produktdetails:<\/h3>\n<ul>\n<li>Gr\u00f6\u00dfe 30\u00d725\u00d75 cm<\/li>\n<li>Klingenl\u00e4nge 17,5 cm<\/li>\n<li>Klingendicke 6 mm<\/li>\n<li>Gesamtl\u00e4nge 31 cm<\/li>\n<li>Geschlossen 19,5 cm<\/li>\n<li>Gewicht 520g<\/li>\n<li>Stahl aus CPMD2<\/li>\n<\/ul>\n<p>&nbsp;<\/p>\n","protected":false},"excerpt":{"rendered":"<p>NUR 3 St\u00fcck verf\u00fcgbar!<\/p>\n","protected":false},"featured_media":46023,"comment_status":"open","ping_status":"closed","template":"","meta":{"_acf_changed":false},"product_brand":[],"product_cat":[426],"product_tag":[769,991,1021],"class_list":{"0":"post-46018","1":"product","2":"type-product","3":"status-seo-produkt","4":"has-post-thumbnail","6":"product_cat-unkategorisiert","7":"product_tag-g10","8":"product_tag-midgard-messer","9":"product_tag-valhalla","11":"first","12":"outofstock","13":"taxable","14":"shipping-taxable","15":"product-type-simple"},"acf":[],"yoast_head":"<!-- This site is optimized with the Yoast SEO plugin v27.1.1 - https:\/\/yoast.com\/product\/yoast-seo-wordpress\/ -->\n<title>Midgards Messer Lockin Valhalla Prototypen<\/title>\n<meta name=\"description\" content=\"The Lockin Valhalla ist ein Messer mit Kniegelenkverschluss, das zu 100% 42a konform ist, da es sich nur mit zwei H\u00e4nden \u00f6ffnen und schlie\u00dfen l\u00e4sst.\" \/>\n<meta name=\"robots\" content=\"index, follow, max-snippet:-1, max-image-preview:large, max-video-preview:-1\" \/>\n<link rel=\"canonical\" href=\"https:\/\/ueberlebenskunst.at\/survivalshop\/shop\/midgards-messer-lockinvalhalla-prototypen\/\" \/>\n<meta property=\"og:locale\" content=\"de_DE\" \/>\n<meta property=\"og:type\" content=\"article\" \/>\n<meta property=\"og:title\" content=\"Midgards Messer Lockin Valhalla Prototypen\" \/>\n<meta property=\"og:description\" content=\"The Lockin Valhalla ist ein Messer mit Kniegelenkverschluss, das zu 100% 42a konform ist, da es sich nur mit zwei H\u00e4nden \u00f6ffnen und schlie\u00dfen l\u00e4sst.\" \/>\n<meta property=\"og:url\" content=\"https:\/\/ueberlebenskunst.at\/survivalshop\/shop\/midgards-messer-lockinvalhalla-prototypen\/\" \/>\n<meta property=\"og:site_name\" content=\"Reini Rossmann - Survival Shop\" \/>\n<meta property=\"article:publisher\" content=\"https:\/\/www.facebook.com\/survival24.org\/\" \/>\n<meta property=\"article:modified_time\" content=\"2024-03-20T17:35:27+00:00\" \/>\n<meta property=\"og:image\" content=\"https:\/\/ueberlebenskunst.at\/survivalshop\/wp-content\/uploads\/2021\/10\/Midgards-Messer-Lockin-Valhalla_4.jpg\" \/>\n\t<meta property=\"og:image:width\" content=\"510\" \/>\n\t<meta property=\"og:image:height\" content=\"367\" \/>\n\t<meta property=\"og:image:type\" content=\"image\/jpeg\" \/>\n<meta name=\"twitter:card\" content=\"summary_large_image\" \/>\n<meta name=\"twitter:label1\" content=\"Gesch\u00e4tzte Lesezeit\" \/>\n\t<meta name=\"twitter:data1\" content=\"1\u00a0Minute\" \/>\n<script type=\"application\/ld+json\" class=\"yoast-schema-graph\">{\"@context\":\"https:\/\/schema.org\",\"@graph\":[{\"@type\":\"WebPage\",\"@id\":\"https:\/\/ueberlebenskunst.at\/survivalshop\/shop\/midgards-messer-lockinvalhalla-prototypen\/\",\"url\":\"https:\/\/ueberlebenskunst.at\/survivalshop\/shop\/midgards-messer-lockinvalhalla-prototypen\/\",\"name\":\"Midgards Messer Lockin Valhalla Prototypen\",\"isPartOf\":{\"@id\":\"https:\/\/ueberlebenskunst.at\/survivalshop\/#website\"},\"primaryImageOfPage\":{\"@id\":\"https:\/\/ueberlebenskunst.at\/survivalshop\/shop\/midgards-messer-lockinvalhalla-prototypen\/#primaryimage\"},\"image\":{\"@id\":\"https:\/\/ueberlebenskunst.at\/survivalshop\/shop\/midgards-messer-lockinvalhalla-prototypen\/#primaryimage\"},\"thumbnailUrl\":\"https:\/\/ueberlebenskunst.at\/survivalshop\/wp-content\/uploads\/2021\/10\/Midgards-Messer-Lockin-Valhalla_4.jpg\",\"datePublished\":\"2021-10-29T10:21:27+00:00\",\"dateModified\":\"2024-03-20T17:35:27+00:00\",\"description\":\"The Lockin Valhalla ist ein Messer mit Kniegelenkverschluss, das zu 100% 42a konform ist, da es sich nur mit zwei H\u00e4nden \u00f6ffnen und schlie\u00dfen l\u00e4sst.\",\"breadcrumb\":{\"@id\":\"https:\/\/ueberlebenskunst.at\/survivalshop\/shop\/midgards-messer-lockinvalhalla-prototypen\/#breadcrumb\"},\"inLanguage\":\"de\",\"potentialAction\":[{\"@type\":\"ReadAction\",\"target\":[\"https:\/\/ueberlebenskunst.at\/survivalshop\/shop\/midgards-messer-lockinvalhalla-prototypen\/\"]}]},{\"@type\":\"ImageObject\",\"inLanguage\":\"de\",\"@id\":\"https:\/\/ueberlebenskunst.at\/survivalshop\/shop\/midgards-messer-lockinvalhalla-prototypen\/#primaryimage\",\"url\":\"https:\/\/ueberlebenskunst.at\/survivalshop\/wp-content\/uploads\/2021\/10\/Midgards-Messer-Lockin-Valhalla_4.jpg\",\"contentUrl\":\"https:\/\/ueberlebenskunst.at\/survivalshop\/wp-content\/uploads\/2021\/10\/Midgards-Messer-Lockin-Valhalla_4.jpg\",\"width\":510,\"height\":367},{\"@type\":\"BreadcrumbList\",\"@id\":\"https:\/\/ueberlebenskunst.at\/survivalshop\/shop\/midgards-messer-lockinvalhalla-prototypen\/#breadcrumb\",\"itemListElement\":[{\"@type\":\"ListItem\",\"position\":1,\"name\":\"Startseite\",\"item\":\"https:\/\/ueberlebenskunst.at\/survivalshop\/\"},{\"@type\":\"ListItem\",\"position\":2,\"name\":\"Shop\",\"item\":\"https:\/\/ueberlebenskunst.at\/survivalshop\/shop\/\"},{\"@type\":\"ListItem\",\"position\":3,\"name\":\"Midgards Messer Lockin Valhalla Prototypen\"}]},{\"@type\":\"WebSite\",\"@id\":\"https:\/\/ueberlebenskunst.at\/survivalshop\/#website\",\"url\":\"https:\/\/ueberlebenskunst.at\/survivalshop\/\",\"name\":\"Reini Rossmann - Survival Shop\",\"description\":\"Survival Shop f\u00fcr Survival, Bushcraft und Prepper\",\"potentialAction\":[{\"@type\":\"SearchAction\",\"target\":{\"@type\":\"EntryPoint\",\"urlTemplate\":\"https:\/\/ueberlebenskunst.at\/survivalshop\/?s={search_term_string}\"},\"query-input\":{\"@type\":\"PropertyValueSpecification\",\"valueRequired\":true,\"valueName\":\"search_term_string\"}}],\"inLanguage\":\"de\"}]}<\/script>\n<!-- \/ Yoast SEO plugin. -->","yoast_head_json":{"title":"Midgards Messer Lockin Valhalla Prototypen","description":"The Lockin Valhalla ist ein Messer mit Kniegelenkverschluss, das zu 100% 42a konform ist, da es sich nur mit zwei H\u00e4nden \u00f6ffnen und schlie\u00dfen l\u00e4sst.","robots":{"index":"index","follow":"follow","max-snippet":"max-snippet:-1","max-image-preview":"max-image-preview:large","max-video-preview":"max-video-preview:-1"},"canonical":"https:\/\/ueberlebenskunst.at\/survivalshop\/shop\/midgards-messer-lockinvalhalla-prototypen\/","og_locale":"de_DE","og_type":"article","og_title":"Midgards Messer Lockin Valhalla Prototypen","og_description":"The Lockin Valhalla ist ein Messer mit Kniegelenkverschluss, das zu 100% 42a konform ist, da es sich nur mit zwei H\u00e4nden \u00f6ffnen und schlie\u00dfen l\u00e4sst.","og_url":"https:\/\/ueberlebenskunst.at\/survivalshop\/shop\/midgards-messer-lockinvalhalla-prototypen\/","og_site_name":"Reini Rossmann - Survival Shop","article_publisher":"https:\/\/www.facebook.com\/survival24.org\/","article_modified_time":"2024-03-20T17:35:27+00:00","og_image":[{"width":510,"height":367,"url":"https:\/\/ueberlebenskunst.at\/survivalshop\/wp-content\/uploads\/2021\/10\/Midgards-Messer-Lockin-Valhalla_4.jpg","type":"image\/jpeg"}],"twitter_card":"summary_large_image","twitter_misc":{"Gesch\u00e4tzte Lesezeit":"1\u00a0Minute"},"schema":{"@context":"https:\/\/schema.org","@graph":[{"@type":"WebPage","@id":"https:\/\/ueberlebenskunst.at\/survivalshop\/shop\/midgards-messer-lockinvalhalla-prototypen\/","url":"https:\/\/ueberlebenskunst.at\/survivalshop\/shop\/midgards-messer-lockinvalhalla-prototypen\/","name":"Midgards Messer Lockin Valhalla Prototypen","isPartOf":{"@id":"https:\/\/ueberlebenskunst.at\/survivalshop\/#website"},"primaryImageOfPage":{"@id":"https:\/\/ueberlebenskunst.at\/survivalshop\/shop\/midgards-messer-lockinvalhalla-prototypen\/#primaryimage"},"image":{"@id":"https:\/\/ueberlebenskunst.at\/survivalshop\/shop\/midgards-messer-lockinvalhalla-prototypen\/#primaryimage"},"thumbnailUrl":"https:\/\/ueberlebenskunst.at\/survivalshop\/wp-content\/uploads\/2021\/10\/Midgards-Messer-Lockin-Valhalla_4.jpg","datePublished":"2021-10-29T10:21:27+00:00","dateModified":"2024-03-20T17:35:27+00:00","description":"The Lockin Valhalla ist ein Messer mit Kniegelenkverschluss, das zu 100% 42a konform ist, da es sich nur mit zwei H\u00e4nden \u00f6ffnen und schlie\u00dfen l\u00e4sst.","breadcrumb":{"@id":"https:\/\/ueberlebenskunst.at\/survivalshop\/shop\/midgards-messer-lockinvalhalla-prototypen\/#breadcrumb"},"inLanguage":"de","potentialAction":[{"@type":"ReadAction","target":["https:\/\/ueberlebenskunst.at\/survivalshop\/shop\/midgards-messer-lockinvalhalla-prototypen\/"]}]},{"@type":"ImageObject","inLanguage":"de","@id":"https:\/\/ueberlebenskunst.at\/survivalshop\/shop\/midgards-messer-lockinvalhalla-prototypen\/#primaryimage","url":"https:\/\/ueberlebenskunst.at\/survivalshop\/wp-content\/uploads\/2021\/10\/Midgards-Messer-Lockin-Valhalla_4.jpg","contentUrl":"https:\/\/ueberlebenskunst.at\/survivalshop\/wp-content\/uploads\/2021\/10\/Midgards-Messer-Lockin-Valhalla_4.jpg","width":510,"height":367},{"@type":"BreadcrumbList","@id":"https:\/\/ueberlebenskunst.at\/survivalshop\/shop\/midgards-messer-lockinvalhalla-prototypen\/#breadcrumb","itemListElement":[{"@type":"ListItem","position":1,"name":"Startseite","item":"https:\/\/ueberlebenskunst.at\/survivalshop\/"},{"@type":"ListItem","position":2,"name":"Shop","item":"https:\/\/ueberlebenskunst.at\/survivalshop\/shop\/"},{"@type":"ListItem","position":3,"name":"Midgards Messer Lockin Valhalla Prototypen"}]},{"@type":"WebSite","@id":"https:\/\/ueberlebenskunst.at\/survivalshop\/#website","url":"https:\/\/ueberlebenskunst.at\/survivalshop\/","name":"Reini Rossmann - Survival Shop","description":"Survival Shop f\u00fcr Survival, Bushcraft und Prepper","potentialAction":[{"@type":"SearchAction","target":{"@type":"EntryPoint","urlTemplate":"https:\/\/ueberlebenskunst.at\/survivalshop\/?s={search_term_string}"},"query-input":{"@type":"PropertyValueSpecification","valueRequired":true,"valueName":"search_term_string"}}],"inLanguage":"de"}]}},"_links":{"self":[{"href":"https:\/\/ueberlebenskunst.at\/survivalshop\/wp-json\/wp\/v2\/product\/46018","targetHints":{"allow":["GET"]}}],"collection":[{"href":"https:\/\/ueberlebenskunst.at\/survivalshop\/wp-json\/wp\/v2\/product"}],"about":[{"href":"https:\/\/ueberlebenskunst.at\/survivalshop\/wp-json\/wp\/v2\/types\/product"}],"replies":[{"embeddable":true,"href":"https:\/\/ueberlebenskunst.at\/survivalshop\/wp-json\/wp\/v2\/comments?post=46018"}],"wp:featuredmedia":[{"embeddable":true,"href":"https:\/\/ueberlebenskunst.at\/survivalshop\/wp-json\/wp\/v2\/media\/46023"}],"wp:attachment":[{"href":"https:\/\/ueberlebenskunst.at\/survivalshop\/wp-json\/wp\/v2\/media?parent=46018"}],"wp:term":[{"taxonomy":"product_brand","embeddable":true,"href":"https:\/\/ueberlebenskunst.at\/survivalshop\/wp-json\/wp\/v2\/product_brand?post=46018"},{"taxonomy":"product_cat","embeddable":true,"href":"https:\/\/ueberlebenskunst.at\/survivalshop\/wp-json\/wp\/v2\/product_cat?post=46018"},{"taxonomy":"product_tag","embeddable":true,"href":"https:\/\/ueberlebenskunst.at\/survivalshop\/wp-json\/wp\/v2\/product_tag?post=46018"}],"curies":[{"name":"wp","href":"https:\/\/api.w.org\/{rel}","templated":true}]}}