{"id":4569,"date":"2017-02-14T21:42:23","date_gmt":"2017-02-14T19:42:23","guid":{"rendered":"https:\/\/ueberlebenskunst.at\/survivalshop\/survivalshop\/?post_type=product&#038;p=4569"},"modified":"2024-06-01T09:21:29","modified_gmt":"2024-06-01T07:21:29","slug":"baummentor-programm-ausbildung","status":"publish","type":"product","link":"https:\/\/ueberlebenskunst.at\/survivalshop\/shop\/baummentor-programm-ausbildung\/","title":{"rendered":"Baummentor Programm &#8211; B\u00e4ume bestimmen und nutzen lernen"},"content":{"rendered":"<h3>Was kannst du von dieser Ausbildung erwarten?<\/h3>\n<h3>Kursdetails<\/h3>\n<p>Dieser ONLINE Kurs dauert ein Jahr. Jede Woche sende ich dir eine neue Lektion in Form eines Videos zu.<\/p>\n<h3>Was ist das Ziel dieser Jahres-Online-Ausbildung?<\/h3>\n<ul>\n<li><strong>Sicherheit beim Bestimmen von B\u00e4umen:<\/strong><br \/>\nDu wirst eine Vielzahl von B\u00e4umen und Str\u00e4ucher wiedererkennen und sicher bestimmen k\u00f6nnen.<\/li>\n<li><strong>Baumwissen nutzbar machen:<\/strong><br \/>\nEs reicht nicht nur B\u00e4ume\u00a0zu erkennen.<br \/>\nWas wirklich wichtig ist, dass du diese Pflanzen f\u00fcr dich nutzen kannst.<br \/>\nDas kann in Form von Nahrung, Heilmittel oder technischen Verwendungen wie F\u00e4rben, Flechten usw. sein.<\/li>\n<\/ul>\n<h3>Was ist das Besondere an diesem Baummentor Programm?<\/h3>\n<ul>\n<li>Ein ganzes Jahr lang jede Woche eine Lektion zu wilden B\u00e4umen und Str\u00e4uchern.<\/li>\n<li>Die M\u00f6glichkeit bei Unsicherheit mit mir die Pflanze zu bestimmen.<\/li>\n<li>Du kannst dein Baumwissen vertiefen und erweitern.<\/li>\n<\/ul>\n<h3>Die Vorteile eines Online Training liegen auf der Hand<\/h3>\n<ul>\n<li>Individuelle Kurszeiten \u2013 du kannst die Lektionen ansehen wann du Zeit hast.<\/li>\n<li>Immer wieder &amp; wieder ansehen \u2013 du kannst Lektionen auch nach Monaten oder Jahren wieder ansehen, um dein Wissen aufzufrischen.<\/li>\n<li>Weniger Reisezeit als bei einem Live-Seminar.<\/li>\n<li>G\u00fcnstigere Preisvariante als bei einem Live-Seminar.<\/li>\n<\/ul>\n<p>&nbsp;<\/p>\n","protected":false},"excerpt":{"rendered":"<p>Die neue B\u00e4ume-Online-Ausbildung von und mit Reini Rossmann.<br \/>\n<strong><br \/>\n<\/strong>Oder setze Dich auf die Warteliste unter <strong><a href=\"http:\/\/kraeutermentor.at\/baummentor\/\" target=\"_blank\" rel=\"noopener noreferrer\">baummentor.at<\/a><\/strong><\/p>\n","protected":false},"featured_media":4571,"comment_status":"open","ping_status":"closed","template":"","meta":{"_acf_changed":false},"product_brand":[],"product_cat":[1864,1862],"product_tag":[814,816,810,811,748,812,817,815,809],"class_list":{"0":"post-4569","1":"product","2":"type-product","3":"status-publish","4":"has-post-thumbnail","6":"product_cat-pflanzen-kurse","7":"product_cat-wissen-koennen","8":"product_tag-awareness","9":"product_tag-beratungsgespraech-mit-reini","10":"product_tag-erste-hilfe","11":"product_tag-krise","12":"product_tag-nahrung","13":"product_tag-orientierung","14":"product_tag-selbstversorgung-aus-dem-garten","15":"product_tag-survival-coach","16":"product_tag-wasserkurs","18":"first","19":"instock","20":"virtual","21":"taxable","22":"product-type-simple"},"acf":[],"yoast_head":"<!-- This site is optimized with the Yoast SEO plugin v27.1.1 - https:\/\/yoast.com\/product\/yoast-seo-wordpress\/ -->\n<title>Baummentor Programm - B\u00e4ume bestimmen und nutzen lernen<\/title>\n<meta name=\"robots\" content=\"index, follow, max-snippet:-1, max-image-preview:large, max-video-preview:-1\" \/>\n<link rel=\"canonical\" href=\"https:\/\/ueberlebenskunst.at\/survivalshop\/shop\/baummentor-programm-ausbildung\/\" \/>\n<meta property=\"og:locale\" content=\"de_DE\" \/>\n<meta property=\"og:type\" content=\"article\" \/>\n<meta property=\"og:title\" content=\"Baummentor Programm - B\u00e4ume bestimmen und nutzen lernen\" \/>\n<meta property=\"og:description\" content=\"Die neue B\u00e4ume-Online-Ausbildung von und mit Reini Rossmann.  Oder setze Dich auf die Warteliste unter baummentor.at\" \/>\n<meta property=\"og:url\" content=\"https:\/\/ueberlebenskunst.at\/survivalshop\/shop\/baummentor-programm-ausbildung\/\" \/>\n<meta property=\"og:site_name\" content=\"Reini Rossmann - Survival Shop\" \/>\n<meta property=\"article:publisher\" content=\"https:\/\/www.facebook.com\/survival24.org\/\" \/>\n<meta property=\"article:modified_time\" content=\"2024-06-01T07:21:29+00:00\" \/>\n<meta property=\"og:image\" content=\"https:\/\/ueberlebenskunst.at\/survivalshop\/wp-content\/uploads\/2017\/02\/Bildschirmfoto-2017-02-14-um-20.47.09.png\" \/>\n\t<meta property=\"og:image:width\" content=\"1098\" \/>\n\t<meta property=\"og:image:height\" content=\"824\" \/>\n\t<meta property=\"og:image:type\" content=\"image\/png\" \/>\n<meta name=\"twitter:card\" content=\"summary_large_image\" \/>\n<meta name=\"twitter:label1\" content=\"Gesch\u00e4tzte Lesezeit\" \/>\n\t<meta name=\"twitter:data1\" content=\"2\u00a0Minuten\" \/>\n<script type=\"application\/ld+json\" class=\"yoast-schema-graph\">{\"@context\":\"https:\/\/schema.org\",\"@graph\":[{\"@type\":\"WebPage\",\"@id\":\"https:\/\/ueberlebenskunst.at\/survivalshop\/shop\/baummentor-programm-ausbildung\/\",\"url\":\"https:\/\/ueberlebenskunst.at\/survivalshop\/shop\/baummentor-programm-ausbildung\/\",\"name\":\"Baummentor Programm - B\u00e4ume bestimmen und nutzen lernen\",\"isPartOf\":{\"@id\":\"https:\/\/ueberlebenskunst.at\/survivalshop\/#website\"},\"primaryImageOfPage\":{\"@id\":\"https:\/\/ueberlebenskunst.at\/survivalshop\/shop\/baummentor-programm-ausbildung\/#primaryimage\"},\"image\":{\"@id\":\"https:\/\/ueberlebenskunst.at\/survivalshop\/shop\/baummentor-programm-ausbildung\/#primaryimage\"},\"thumbnailUrl\":\"https:\/\/ueberlebenskunst.at\/survivalshop\/wp-content\/uploads\/2017\/02\/Bildschirmfoto-2017-02-14-um-20.47.09.png\",\"datePublished\":\"2017-02-14T19:42:23+00:00\",\"dateModified\":\"2024-06-01T07:21:29+00:00\",\"breadcrumb\":{\"@id\":\"https:\/\/ueberlebenskunst.at\/survivalshop\/shop\/baummentor-programm-ausbildung\/#breadcrumb\"},\"inLanguage\":\"de\",\"potentialAction\":[{\"@type\":\"ReadAction\",\"target\":[\"https:\/\/ueberlebenskunst.at\/survivalshop\/shop\/baummentor-programm-ausbildung\/\"]}]},{\"@type\":\"ImageObject\",\"inLanguage\":\"de\",\"@id\":\"https:\/\/ueberlebenskunst.at\/survivalshop\/shop\/baummentor-programm-ausbildung\/#primaryimage\",\"url\":\"https:\/\/ueberlebenskunst.at\/survivalshop\/wp-content\/uploads\/2017\/02\/Bildschirmfoto-2017-02-14-um-20.47.09.png\",\"contentUrl\":\"https:\/\/ueberlebenskunst.at\/survivalshop\/wp-content\/uploads\/2017\/02\/Bildschirmfoto-2017-02-14-um-20.47.09.png\",\"width\":1098,\"height\":824},{\"@type\":\"BreadcrumbList\",\"@id\":\"https:\/\/ueberlebenskunst.at\/survivalshop\/shop\/baummentor-programm-ausbildung\/#breadcrumb\",\"itemListElement\":[{\"@type\":\"ListItem\",\"position\":1,\"name\":\"Startseite\",\"item\":\"https:\/\/ueberlebenskunst.at\/survivalshop\/\"},{\"@type\":\"ListItem\",\"position\":2,\"name\":\"Shop\",\"item\":\"https:\/\/ueberlebenskunst.at\/survivalshop\/shop\/\"},{\"@type\":\"ListItem\",\"position\":3,\"name\":\"Baummentor Programm &#8211; B\u00e4ume bestimmen und nutzen lernen\"}]},{\"@type\":\"WebSite\",\"@id\":\"https:\/\/ueberlebenskunst.at\/survivalshop\/#website\",\"url\":\"https:\/\/ueberlebenskunst.at\/survivalshop\/\",\"name\":\"Reini Rossmann - Survival Shop\",\"description\":\"Survival Shop f\u00fcr Survival, Bushcraft und Prepper\",\"potentialAction\":[{\"@type\":\"SearchAction\",\"target\":{\"@type\":\"EntryPoint\",\"urlTemplate\":\"https:\/\/ueberlebenskunst.at\/survivalshop\/?s={search_term_string}\"},\"query-input\":{\"@type\":\"PropertyValueSpecification\",\"valueRequired\":true,\"valueName\":\"search_term_string\"}}],\"inLanguage\":\"de\"}]}<\/script>\n<!-- \/ Yoast SEO plugin. -->","yoast_head_json":{"title":"Baummentor Programm - B\u00e4ume bestimmen und nutzen lernen","robots":{"index":"index","follow":"follow","max-snippet":"max-snippet:-1","max-image-preview":"max-image-preview:large","max-video-preview":"max-video-preview:-1"},"canonical":"https:\/\/ueberlebenskunst.at\/survivalshop\/shop\/baummentor-programm-ausbildung\/","og_locale":"de_DE","og_type":"article","og_title":"Baummentor Programm - B\u00e4ume bestimmen und nutzen lernen","og_description":"Die neue B\u00e4ume-Online-Ausbildung von und mit Reini Rossmann.  Oder setze Dich auf die Warteliste unter baummentor.at","og_url":"https:\/\/ueberlebenskunst.at\/survivalshop\/shop\/baummentor-programm-ausbildung\/","og_site_name":"Reini Rossmann - Survival Shop","article_publisher":"https:\/\/www.facebook.com\/survival24.org\/","article_modified_time":"2024-06-01T07:21:29+00:00","og_image":[{"width":1098,"height":824,"url":"https:\/\/ueberlebenskunst.at\/survivalshop\/wp-content\/uploads\/2017\/02\/Bildschirmfoto-2017-02-14-um-20.47.09.png","type":"image\/png"}],"twitter_card":"summary_large_image","twitter_misc":{"Gesch\u00e4tzte Lesezeit":"2\u00a0Minuten"},"schema":{"@context":"https:\/\/schema.org","@graph":[{"@type":"WebPage","@id":"https:\/\/ueberlebenskunst.at\/survivalshop\/shop\/baummentor-programm-ausbildung\/","url":"https:\/\/ueberlebenskunst.at\/survivalshop\/shop\/baummentor-programm-ausbildung\/","name":"Baummentor Programm - B\u00e4ume bestimmen und nutzen lernen","isPartOf":{"@id":"https:\/\/ueberlebenskunst.at\/survivalshop\/#website"},"primaryImageOfPage":{"@id":"https:\/\/ueberlebenskunst.at\/survivalshop\/shop\/baummentor-programm-ausbildung\/#primaryimage"},"image":{"@id":"https:\/\/ueberlebenskunst.at\/survivalshop\/shop\/baummentor-programm-ausbildung\/#primaryimage"},"thumbnailUrl":"https:\/\/ueberlebenskunst.at\/survivalshop\/wp-content\/uploads\/2017\/02\/Bildschirmfoto-2017-02-14-um-20.47.09.png","datePublished":"2017-02-14T19:42:23+00:00","dateModified":"2024-06-01T07:21:29+00:00","breadcrumb":{"@id":"https:\/\/ueberlebenskunst.at\/survivalshop\/shop\/baummentor-programm-ausbildung\/#breadcrumb"},"inLanguage":"de","potentialAction":[{"@type":"ReadAction","target":["https:\/\/ueberlebenskunst.at\/survivalshop\/shop\/baummentor-programm-ausbildung\/"]}]},{"@type":"ImageObject","inLanguage":"de","@id":"https:\/\/ueberlebenskunst.at\/survivalshop\/shop\/baummentor-programm-ausbildung\/#primaryimage","url":"https:\/\/ueberlebenskunst.at\/survivalshop\/wp-content\/uploads\/2017\/02\/Bildschirmfoto-2017-02-14-um-20.47.09.png","contentUrl":"https:\/\/ueberlebenskunst.at\/survivalshop\/wp-content\/uploads\/2017\/02\/Bildschirmfoto-2017-02-14-um-20.47.09.png","width":1098,"height":824},{"@type":"BreadcrumbList","@id":"https:\/\/ueberlebenskunst.at\/survivalshop\/shop\/baummentor-programm-ausbildung\/#breadcrumb","itemListElement":[{"@type":"ListItem","position":1,"name":"Startseite","item":"https:\/\/ueberlebenskunst.at\/survivalshop\/"},{"@type":"ListItem","position":2,"name":"Shop","item":"https:\/\/ueberlebenskunst.at\/survivalshop\/shop\/"},{"@type":"ListItem","position":3,"name":"Baummentor Programm &#8211; B\u00e4ume bestimmen und nutzen lernen"}]},{"@type":"WebSite","@id":"https:\/\/ueberlebenskunst.at\/survivalshop\/#website","url":"https:\/\/ueberlebenskunst.at\/survivalshop\/","name":"Reini Rossmann - Survival Shop","description":"Survival Shop f\u00fcr Survival, Bushcraft und Prepper","potentialAction":[{"@type":"SearchAction","target":{"@type":"EntryPoint","urlTemplate":"https:\/\/ueberlebenskunst.at\/survivalshop\/?s={search_term_string}"},"query-input":{"@type":"PropertyValueSpecification","valueRequired":true,"valueName":"search_term_string"}}],"inLanguage":"de"}]}},"_links":{"self":[{"href":"https:\/\/ueberlebenskunst.at\/survivalshop\/wp-json\/wp\/v2\/product\/4569","targetHints":{"allow":["GET"]}}],"collection":[{"href":"https:\/\/ueberlebenskunst.at\/survivalshop\/wp-json\/wp\/v2\/product"}],"about":[{"href":"https:\/\/ueberlebenskunst.at\/survivalshop\/wp-json\/wp\/v2\/types\/product"}],"replies":[{"embeddable":true,"href":"https:\/\/ueberlebenskunst.at\/survivalshop\/wp-json\/wp\/v2\/comments?post=4569"}],"wp:featuredmedia":[{"embeddable":true,"href":"https:\/\/ueberlebenskunst.at\/survivalshop\/wp-json\/wp\/v2\/media\/4571"}],"wp:attachment":[{"href":"https:\/\/ueberlebenskunst.at\/survivalshop\/wp-json\/wp\/v2\/media?parent=4569"}],"wp:term":[{"taxonomy":"product_brand","embeddable":true,"href":"https:\/\/ueberlebenskunst.at\/survivalshop\/wp-json\/wp\/v2\/product_brand?post=4569"},{"taxonomy":"product_cat","embeddable":true,"href":"https:\/\/ueberlebenskunst.at\/survivalshop\/wp-json\/wp\/v2\/product_cat?post=4569"},{"taxonomy":"product_tag","embeddable":true,"href":"https:\/\/ueberlebenskunst.at\/survivalshop\/wp-json\/wp\/v2\/product_tag?post=4569"}],"curies":[{"name":"wp","href":"https:\/\/api.w.org\/{rel}","templated":true}]}}