{"id":3976,"date":"2016-09-19T19:44:45","date_gmt":"2016-09-19T17:44:45","guid":{"rendered":"https:\/\/ueberlebenskunst.at\/survivalshop\/survivalshop\/?post_type=product&#038;p=3976"},"modified":"2025-03-11T09:26:15","modified_gmt":"2025-03-11T08:26:15","slug":"multi-pack-umhaenge-undoder-bauchtasche","status":"seo-produkt","type":"product","link":"https:\/\/ueberlebenskunst.at\/survivalshop\/shop\/multi-pack-umhaenge-undoder-bauchtasche\/","title":{"rendered":"Multi Pack Umh\u00e4nge- und\/oder Bauchtasche"},"content":{"rendered":"<p>Diese Tasche habe ich lieben gelernt. Ich trage sie in der Natur in oliv und in der Stadt in unauff\u00e4lligerem schwarz.<br \/>\nDas Material ist Polyester und mit einer wasserabweisenden Beschichtung versehen.<br \/>\nUnd das gro\u00dfe Plus &#8211; du kannst die Tasche als H\u00fcfttasche, Beintasche oder wie ich als Schultertasche verwenden.<br \/>\nEinfach genial&#8230;<\/p>\n<h3>Produktdaten:<\/h3>\n<ul>\n<li>Abmessungen: ca. 20,5 x 12 x 7,5 cm<\/li>\n<li>100% Polyester<\/li>\n<li>wasserabweisende Beschichtung<\/li>\n<\/ul>\n","protected":false},"excerpt":{"rendered":"<p>Meine EDC-Tasche f\u00fcr die Wildnis. Entweder als H\u00fcft-Beintasche oder wie ich es mag als Umh\u00e4ngetasche&#8230;<\/p>\n","protected":false},"featured_media":3978,"comment_status":"open","ping_status":"closed","template":"","meta":{"_acf_changed":false},"product_brand":[],"product_cat":[426],"product_tag":[270],"class_list":{"0":"post-3976","1":"product","2":"type-product","3":"status-seo-produkt","4":"has-post-thumbnail","6":"product_cat-unkategorisiert","7":"product_tag-edc","8":"pa_farbe-oliv","9":"pa_farbe-schwarz","11":"first","12":"outofstock","13":"taxable","14":"shipping-taxable","15":"product-type-variable"},"acf":[],"yoast_head":"<!-- This site is optimized with the Yoast SEO plugin v27.1.1 - https:\/\/yoast.com\/product\/yoast-seo-wordpress\/ -->\n<title>Multi Pack Umh\u00e4nge- und\/oder Bauchtasche - Reini Rossmann - Survival Shop<\/title>\n<meta name=\"robots\" content=\"index, follow, max-snippet:-1, max-image-preview:large, max-video-preview:-1\" \/>\n<link rel=\"canonical\" href=\"https:\/\/ueberlebenskunst.at\/survivalshop\/shop\/multi-pack-umhaenge-undoder-bauchtasche\/\" \/>\n<meta property=\"og:locale\" content=\"de_DE\" \/>\n<meta property=\"og:type\" content=\"article\" \/>\n<meta property=\"og:title\" content=\"Multi Pack Umh\u00e4nge- und\/oder Bauchtasche - Reini Rossmann - Survival Shop\" \/>\n<meta property=\"og:description\" content=\"Meine EDC-Tasche f\u00fcr die Wildnis. Entweder als H\u00fcft-Beintasche oder wie ich es mag als Umh\u00e4ngetasche...\" \/>\n<meta property=\"og:url\" content=\"https:\/\/ueberlebenskunst.at\/survivalshop\/shop\/multi-pack-umhaenge-undoder-bauchtasche\/\" \/>\n<meta property=\"og:site_name\" content=\"Reini Rossmann - Survival Shop\" \/>\n<meta property=\"article:publisher\" content=\"https:\/\/www.facebook.com\/survival24.org\/\" \/>\n<meta property=\"article:modified_time\" content=\"2025-03-11T08:26:15+00:00\" \/>\n<meta property=\"og:image\" content=\"https:\/\/ueberlebenskunst.at\/survivalshop\/wp-content\/uploads\/2016\/09\/Bildschirmfoto-2016-09-19-um-19.40.29.png\" \/>\n\t<meta property=\"og:image:width\" content=\"504\" \/>\n\t<meta property=\"og:image:height\" content=\"539\" \/>\n\t<meta property=\"og:image:type\" content=\"image\/png\" \/>\n<meta name=\"twitter:card\" content=\"summary_large_image\" \/>\n<meta name=\"twitter:label1\" content=\"Gesch\u00e4tzte Lesezeit\" \/>\n\t<meta name=\"twitter:data1\" content=\"1\u00a0Minute\" \/>\n<script type=\"application\/ld+json\" class=\"yoast-schema-graph\">{\"@context\":\"https:\/\/schema.org\",\"@graph\":[{\"@type\":\"WebPage\",\"@id\":\"https:\/\/ueberlebenskunst.at\/survivalshop\/shop\/multi-pack-umhaenge-undoder-bauchtasche\/\",\"url\":\"https:\/\/ueberlebenskunst.at\/survivalshop\/shop\/multi-pack-umhaenge-undoder-bauchtasche\/\",\"name\":\"Multi Pack Umh\u00e4nge- und\/oder Bauchtasche - Reini Rossmann - Survival Shop\",\"isPartOf\":{\"@id\":\"https:\/\/ueberlebenskunst.at\/survivalshop\/#website\"},\"primaryImageOfPage\":{\"@id\":\"https:\/\/ueberlebenskunst.at\/survivalshop\/shop\/multi-pack-umhaenge-undoder-bauchtasche\/#primaryimage\"},\"image\":{\"@id\":\"https:\/\/ueberlebenskunst.at\/survivalshop\/shop\/multi-pack-umhaenge-undoder-bauchtasche\/#primaryimage\"},\"thumbnailUrl\":\"https:\/\/ueberlebenskunst.at\/survivalshop\/wp-content\/uploads\/2016\/09\/Bildschirmfoto-2016-09-19-um-19.40.29.png\",\"datePublished\":\"2016-09-19T17:44:45+00:00\",\"dateModified\":\"2025-03-11T08:26:15+00:00\",\"breadcrumb\":{\"@id\":\"https:\/\/ueberlebenskunst.at\/survivalshop\/shop\/multi-pack-umhaenge-undoder-bauchtasche\/#breadcrumb\"},\"inLanguage\":\"de\",\"potentialAction\":[{\"@type\":\"ReadAction\",\"target\":[\"https:\/\/ueberlebenskunst.at\/survivalshop\/shop\/multi-pack-umhaenge-undoder-bauchtasche\/\"]}]},{\"@type\":\"ImageObject\",\"inLanguage\":\"de\",\"@id\":\"https:\/\/ueberlebenskunst.at\/survivalshop\/shop\/multi-pack-umhaenge-undoder-bauchtasche\/#primaryimage\",\"url\":\"https:\/\/ueberlebenskunst.at\/survivalshop\/wp-content\/uploads\/2016\/09\/Bildschirmfoto-2016-09-19-um-19.40.29.png\",\"contentUrl\":\"https:\/\/ueberlebenskunst.at\/survivalshop\/wp-content\/uploads\/2016\/09\/Bildschirmfoto-2016-09-19-um-19.40.29.png\",\"width\":504,\"height\":539},{\"@type\":\"BreadcrumbList\",\"@id\":\"https:\/\/ueberlebenskunst.at\/survivalshop\/shop\/multi-pack-umhaenge-undoder-bauchtasche\/#breadcrumb\",\"itemListElement\":[{\"@type\":\"ListItem\",\"position\":1,\"name\":\"Startseite\",\"item\":\"https:\/\/ueberlebenskunst.at\/survivalshop\/\"},{\"@type\":\"ListItem\",\"position\":2,\"name\":\"Shop\",\"item\":\"https:\/\/ueberlebenskunst.at\/survivalshop\/shop\/\"},{\"@type\":\"ListItem\",\"position\":3,\"name\":\"Multi Pack Umh\u00e4nge- und\/oder Bauchtasche\"}]},{\"@type\":\"WebSite\",\"@id\":\"https:\/\/ueberlebenskunst.at\/survivalshop\/#website\",\"url\":\"https:\/\/ueberlebenskunst.at\/survivalshop\/\",\"name\":\"Reini Rossmann - Survival Shop\",\"description\":\"Survival Shop f\u00fcr Survival, Bushcraft und Prepper\",\"potentialAction\":[{\"@type\":\"SearchAction\",\"target\":{\"@type\":\"EntryPoint\",\"urlTemplate\":\"https:\/\/ueberlebenskunst.at\/survivalshop\/?s={search_term_string}\"},\"query-input\":{\"@type\":\"PropertyValueSpecification\",\"valueRequired\":true,\"valueName\":\"search_term_string\"}}],\"inLanguage\":\"de\"}]}<\/script>\n<!-- \/ Yoast SEO plugin. -->","yoast_head_json":{"title":"Multi Pack Umh\u00e4nge- und\/oder Bauchtasche - Reini Rossmann - Survival Shop","robots":{"index":"index","follow":"follow","max-snippet":"max-snippet:-1","max-image-preview":"max-image-preview:large","max-video-preview":"max-video-preview:-1"},"canonical":"https:\/\/ueberlebenskunst.at\/survivalshop\/shop\/multi-pack-umhaenge-undoder-bauchtasche\/","og_locale":"de_DE","og_type":"article","og_title":"Multi Pack Umh\u00e4nge- und\/oder Bauchtasche - Reini Rossmann - Survival Shop","og_description":"Meine EDC-Tasche f\u00fcr die Wildnis. Entweder als H\u00fcft-Beintasche oder wie ich es mag als Umh\u00e4ngetasche...","og_url":"https:\/\/ueberlebenskunst.at\/survivalshop\/shop\/multi-pack-umhaenge-undoder-bauchtasche\/","og_site_name":"Reini Rossmann - Survival Shop","article_publisher":"https:\/\/www.facebook.com\/survival24.org\/","article_modified_time":"2025-03-11T08:26:15+00:00","og_image":[{"width":504,"height":539,"url":"https:\/\/ueberlebenskunst.at\/survivalshop\/wp-content\/uploads\/2016\/09\/Bildschirmfoto-2016-09-19-um-19.40.29.png","type":"image\/png"}],"twitter_card":"summary_large_image","twitter_misc":{"Gesch\u00e4tzte Lesezeit":"1\u00a0Minute"},"schema":{"@context":"https:\/\/schema.org","@graph":[{"@type":"WebPage","@id":"https:\/\/ueberlebenskunst.at\/survivalshop\/shop\/multi-pack-umhaenge-undoder-bauchtasche\/","url":"https:\/\/ueberlebenskunst.at\/survivalshop\/shop\/multi-pack-umhaenge-undoder-bauchtasche\/","name":"Multi Pack Umh\u00e4nge- und\/oder Bauchtasche - Reini Rossmann - Survival Shop","isPartOf":{"@id":"https:\/\/ueberlebenskunst.at\/survivalshop\/#website"},"primaryImageOfPage":{"@id":"https:\/\/ueberlebenskunst.at\/survivalshop\/shop\/multi-pack-umhaenge-undoder-bauchtasche\/#primaryimage"},"image":{"@id":"https:\/\/ueberlebenskunst.at\/survivalshop\/shop\/multi-pack-umhaenge-undoder-bauchtasche\/#primaryimage"},"thumbnailUrl":"https:\/\/ueberlebenskunst.at\/survivalshop\/wp-content\/uploads\/2016\/09\/Bildschirmfoto-2016-09-19-um-19.40.29.png","datePublished":"2016-09-19T17:44:45+00:00","dateModified":"2025-03-11T08:26:15+00:00","breadcrumb":{"@id":"https:\/\/ueberlebenskunst.at\/survivalshop\/shop\/multi-pack-umhaenge-undoder-bauchtasche\/#breadcrumb"},"inLanguage":"de","potentialAction":[{"@type":"ReadAction","target":["https:\/\/ueberlebenskunst.at\/survivalshop\/shop\/multi-pack-umhaenge-undoder-bauchtasche\/"]}]},{"@type":"ImageObject","inLanguage":"de","@id":"https:\/\/ueberlebenskunst.at\/survivalshop\/shop\/multi-pack-umhaenge-undoder-bauchtasche\/#primaryimage","url":"https:\/\/ueberlebenskunst.at\/survivalshop\/wp-content\/uploads\/2016\/09\/Bildschirmfoto-2016-09-19-um-19.40.29.png","contentUrl":"https:\/\/ueberlebenskunst.at\/survivalshop\/wp-content\/uploads\/2016\/09\/Bildschirmfoto-2016-09-19-um-19.40.29.png","width":504,"height":539},{"@type":"BreadcrumbList","@id":"https:\/\/ueberlebenskunst.at\/survivalshop\/shop\/multi-pack-umhaenge-undoder-bauchtasche\/#breadcrumb","itemListElement":[{"@type":"ListItem","position":1,"name":"Startseite","item":"https:\/\/ueberlebenskunst.at\/survivalshop\/"},{"@type":"ListItem","position":2,"name":"Shop","item":"https:\/\/ueberlebenskunst.at\/survivalshop\/shop\/"},{"@type":"ListItem","position":3,"name":"Multi Pack Umh\u00e4nge- und\/oder Bauchtasche"}]},{"@type":"WebSite","@id":"https:\/\/ueberlebenskunst.at\/survivalshop\/#website","url":"https:\/\/ueberlebenskunst.at\/survivalshop\/","name":"Reini Rossmann - Survival Shop","description":"Survival Shop f\u00fcr Survival, Bushcraft und Prepper","potentialAction":[{"@type":"SearchAction","target":{"@type":"EntryPoint","urlTemplate":"https:\/\/ueberlebenskunst.at\/survivalshop\/?s={search_term_string}"},"query-input":{"@type":"PropertyValueSpecification","valueRequired":true,"valueName":"search_term_string"}}],"inLanguage":"de"}]}},"_links":{"self":[{"href":"https:\/\/ueberlebenskunst.at\/survivalshop\/wp-json\/wp\/v2\/product\/3976","targetHints":{"allow":["GET"]}}],"collection":[{"href":"https:\/\/ueberlebenskunst.at\/survivalshop\/wp-json\/wp\/v2\/product"}],"about":[{"href":"https:\/\/ueberlebenskunst.at\/survivalshop\/wp-json\/wp\/v2\/types\/product"}],"replies":[{"embeddable":true,"href":"https:\/\/ueberlebenskunst.at\/survivalshop\/wp-json\/wp\/v2\/comments?post=3976"}],"wp:featuredmedia":[{"embeddable":true,"href":"https:\/\/ueberlebenskunst.at\/survivalshop\/wp-json\/wp\/v2\/media\/3978"}],"wp:attachment":[{"href":"https:\/\/ueberlebenskunst.at\/survivalshop\/wp-json\/wp\/v2\/media?parent=3976"}],"wp:term":[{"taxonomy":"product_brand","embeddable":true,"href":"https:\/\/ueberlebenskunst.at\/survivalshop\/wp-json\/wp\/v2\/product_brand?post=3976"},{"taxonomy":"product_cat","embeddable":true,"href":"https:\/\/ueberlebenskunst.at\/survivalshop\/wp-json\/wp\/v2\/product_cat?post=3976"},{"taxonomy":"product_tag","embeddable":true,"href":"https:\/\/ueberlebenskunst.at\/survivalshop\/wp-json\/wp\/v2\/product_tag?post=3976"}],"curies":[{"name":"wp","href":"https:\/\/api.w.org\/{rel}","templated":true}]}}