{"id":3947,"date":"2016-09-13T21:38:09","date_gmt":"2016-09-13T19:38:09","guid":{"rendered":"https:\/\/ueberlebenskunst.at\/survivalshop\/survivalshop\/?post_type=product&#038;p=3947"},"modified":"2024-05-21T14:30:41","modified_gmt":"2024-05-21T12:30:41","slug":"survival-mentor-jahres-survival-ausbildung-online","status":"publish","type":"product","link":"https:\/\/ueberlebenskunst.at\/survivalshop\/shop\/survival-mentor-jahres-survival-ausbildung-online\/","title":{"rendered":"Survival Mentor &#8211; Jahres-Survival-Ausbildung Online"},"content":{"rendered":"<h1>H\u00e4ufige Fragen zur Survival Ausbildung<\/h1>\n<h3>Wie funktioniert diese Ausbildung?<\/h3>\n<p>Du bekommst jede Woche eine neue Lektion als Video zur Verf\u00fcgung gestellt.<br \/>\nDie Wochen-Videolektion dauert ca. 20 bis 30 Minuten. Diese Zeit solltest du also einplanen.<\/p>\n<h3>Was ist, wenn ich eine Lektion aus Zeitmangel nicht ansehen kann?<\/h3>\n<p>Kein Problem. Du hast unbegrenzten Zugang zu den Lektionen. Du kannst sie immer und immer wieder ansehen. Egal wann und egal wo. Das ist auch der Vorteil dieser Survival Ausbildung im Vergleich zu meinen Live-Survival-Trainings.<\/p>\n<h3>Was ist das Ziel dieser Jahres-Survival-Ausbildung?<\/h3>\n<p>Du sollst nach diesem gemeinsamen Jahr in der Lage sein praktisch unbegrenzt in der Wildnis \u00fcberleben und leben zu k\u00f6nnen. Und das mit wenig bis gar keiner Ausr\u00fcstung.<\/p>\n<h3>Ich bin eher Prepper? Kann ich das Gelernte als Krisenvorbereitung einsetzen?<\/h3>\n<p>Mein Zugang zur Materie ist, dass das Leben und \u00dcberleben in der Natur eine Kernkompetenz des Menschen ist. Ohne dieser Fertigkeiten w\u00e4ren unsere Vorfahren ausgestorben. Es ist also keine Frage von Krisen, Katastrophen und anderen unfreundlichen Ereignissen. Es ist eine Frage der Vernunft in der Natur zurecht zu kommen. Wir Menschen sind Teil der Natur. Selbst die Gro\u00df-Stadt ist Teil der Natur nur eben auf eine andere Weise.<\/p>\n<p>Technik kann kaputt gehen, Strom ausfallen und Versorgungsketten gest\u00f6rt sein \u2013 ja. Aber das ist nicht meine Motivation f\u00fcr diese Ausbildung. Wenn es deine Motivation ist, dann ist das okay. Das Wissen und die Fertigkeiten werden dich beim Leben und \u00dcberleben in der Natur weiterbringen. Egal was der Ausl\u00f6ser ist.<\/p>\n<h3>Was sind die Inhalte des Survival Ausbildung?<\/h3>\n<p>Grundlegendes wie Gefahren in der Natur genauso wie Unterkunftsarten, Feuermethoden und nat\u00fcrlich Wasser finden und aufbereiten. Nahrung aus Pflanzen in Tieren ist ebenso Teil dieser Jahresausbildung und kommt sicherlich nicht zu kurz.<\/p>\n<p>Dazu kommt ein guter Teil an Schulung deiner Aufmerksamkeit. Ohne Aufmerksamkeit wird es schwer.<br \/>\nDu musst Ressourcen finden und Gefahren erkennen k\u00f6nnen. Genau das schulen wir ebenfalls in diesem Training. Ich zeige dir wie du dich lautlos in deiner Umwelt bewegen kannst.<\/p>\n<p>Dazu kommen kleine Lektionen mit praktischen Survival Tipps und Tricks.<\/p>\n<h3>Was wird der Lehrinhalt sein?<\/h3>\n<p>\u2013 Feuermachen bei Regen und Schnee<br \/>\n\u2013 unsichtbares Feuer<br \/>\n\u2013 Orientierung bei Nacht<br \/>\n\u2013 Survival Nahrung im Winter<br \/>\n\u2013 Die 5 Methoden um in der Natur an Wasser zu kommen<br \/>\n\u2013 Schnelle Notunterkunft bei Notf\u00e4llen<br \/>\n\u2013 Tricks um Wasser im Gel\u00e4nde finden zu k\u00f6nnen<br \/>\n\u2013 Ein Feuer in 5 Minuten entz\u00fcnden<br \/>\n\u2013 Wie lege ich ein Survival Camp an?<br \/>\n\u2013 Wasser sicher aufbereiten<br \/>\n\u2013 Getarnte Notunterkunft<br \/>\n\u2013 Navigieren mit und ohne Kompass<br \/>\n\u2013 Survival Nahrung im Jahresverlauf<br \/>\n\u2013 Gefahren in der Natur erkennen und vermeiden<br \/>\n\u2013 Effektive Survival Ausr\u00fcstung<br \/>\n\u2013 Wasseranzeiger erkennen, um im Notfall an Wasser zu kommen<br \/>\n\u2013 Fallenbau und Wissen wo diese erfolgreich aufgestellt werden<br \/>\n\u2013 rauchloses Feuer<br \/>\n\u2013 Survival Medizin aus Pflanzen<br \/>\n\u2013 Wissen wie dein K\u00f6rper W\u00e4rme verliert und was du dagegen tun kannst<br \/>\n\u2013 Survival Szenarios &amp; wahre Survival Geschichten<br \/>\n\u2013 Welche Insekten sind essbar und welche giftig?<\/p>\n<p><strong>Und das ist nur ein Auszug\u2026 Es kommt noch vieles mehr\u2026<\/strong><\/p>\n<h3>Fragen und Antworten als Video.<\/h3>\n","protected":false},"excerpt":{"rendered":"<p>Die neue Survival\u00a0Online Ausbildung von und mit Reini Rossmann.<br \/>\nEin ganzes Jahr lange bekommst Du jede Woche ein Survival Video Lektion.<\/p>\n<p>&nbsp;<\/p>\n","protected":false},"featured_media":3614,"comment_status":"open","ping_status":"closed","template":"","meta":{"_acf_changed":false},"product_brand":[],"product_cat":[1863,1862],"product_tag":[814,816,810,748,296,812,817,815,809],"class_list":{"0":"post-3947","1":"product","2":"type-product","3":"status-publish","4":"has-post-thumbnail","6":"product_cat-survival-kurse","7":"product_cat-wissen-koennen","8":"product_tag-awareness","9":"product_tag-beratungsgespraech-mit-reini","10":"product_tag-erste-hilfe","11":"product_tag-nahrung","12":"product_tag-online-ausbildung","13":"product_tag-orientierung","14":"product_tag-selbstversorgung-aus-dem-garten","15":"product_tag-survival-coach","16":"product_tag-wasserkurs","18":"first","19":"instock","20":"taxable","21":"shipping-taxable","22":"product-type-simple"},"acf":[],"yoast_head":"<!-- This site is optimized with the Yoast SEO plugin v27.1.1 - https:\/\/yoast.com\/product\/yoast-seo-wordpress\/ -->\n<title>Survival Mentor - Jahres-Survival-Ausbildung Online - Reini Rossmann - Survival Shop<\/title>\n<meta name=\"robots\" content=\"index, follow, max-snippet:-1, max-image-preview:large, max-video-preview:-1\" \/>\n<link rel=\"canonical\" href=\"https:\/\/ueberlebenskunst.at\/survivalshop\/shop\/survival-mentor-jahres-survival-ausbildung-online\/\" \/>\n<meta property=\"og:locale\" content=\"de_DE\" \/>\n<meta property=\"og:type\" content=\"article\" \/>\n<meta property=\"og:title\" content=\"Survival Mentor - Jahres-Survival-Ausbildung Online - Reini Rossmann - Survival Shop\" \/>\n<meta property=\"og:description\" content=\"Die neue Survival\u00a0Online Ausbildung von und mit Reini Rossmann. Ein ganzes Jahr lange bekommst Du jede Woche ein Survival Video Lektion.  &nbsp;\" \/>\n<meta property=\"og:url\" content=\"https:\/\/ueberlebenskunst.at\/survivalshop\/shop\/survival-mentor-jahres-survival-ausbildung-online\/\" \/>\n<meta property=\"og:site_name\" content=\"Reini Rossmann - Survival Shop\" \/>\n<meta property=\"article:publisher\" content=\"https:\/\/www.facebook.com\/survival24.org\/\" \/>\n<meta property=\"article:modified_time\" content=\"2024-05-21T12:30:41+00:00\" \/>\n<meta property=\"og:image\" content=\"https:\/\/ueberlebenskunst.at\/survivalshop\/wp-content\/uploads\/2016\/05\/Bildschirmfoto-2016-05-07-um-22.46.01.png\" \/>\n\t<meta property=\"og:image:width\" content=\"564\" \/>\n\t<meta property=\"og:image:height\" content=\"406\" \/>\n\t<meta property=\"og:image:type\" content=\"image\/png\" \/>\n<meta name=\"twitter:card\" content=\"summary_large_image\" \/>\n<meta name=\"twitter:label1\" content=\"Gesch\u00e4tzte Lesezeit\" \/>\n\t<meta name=\"twitter:data1\" content=\"3\u00a0Minuten\" \/>\n<script type=\"application\/ld+json\" class=\"yoast-schema-graph\">{\"@context\":\"https:\/\/schema.org\",\"@graph\":[{\"@type\":\"WebPage\",\"@id\":\"https:\/\/ueberlebenskunst.at\/survivalshop\/shop\/survival-mentor-jahres-survival-ausbildung-online\/\",\"url\":\"https:\/\/ueberlebenskunst.at\/survivalshop\/shop\/survival-mentor-jahres-survival-ausbildung-online\/\",\"name\":\"Survival Mentor - Jahres-Survival-Ausbildung Online - Reini Rossmann - Survival Shop\",\"isPartOf\":{\"@id\":\"https:\/\/ueberlebenskunst.at\/survivalshop\/#website\"},\"primaryImageOfPage\":{\"@id\":\"https:\/\/ueberlebenskunst.at\/survivalshop\/shop\/survival-mentor-jahres-survival-ausbildung-online\/#primaryimage\"},\"image\":{\"@id\":\"https:\/\/ueberlebenskunst.at\/survivalshop\/shop\/survival-mentor-jahres-survival-ausbildung-online\/#primaryimage\"},\"thumbnailUrl\":\"https:\/\/ueberlebenskunst.at\/survivalshop\/wp-content\/uploads\/2016\/05\/Bildschirmfoto-2016-05-07-um-22.46.01.png\",\"datePublished\":\"2016-09-13T19:38:09+00:00\",\"dateModified\":\"2024-05-21T12:30:41+00:00\",\"breadcrumb\":{\"@id\":\"https:\/\/ueberlebenskunst.at\/survivalshop\/shop\/survival-mentor-jahres-survival-ausbildung-online\/#breadcrumb\"},\"inLanguage\":\"de\",\"potentialAction\":[{\"@type\":\"ReadAction\",\"target\":[\"https:\/\/ueberlebenskunst.at\/survivalshop\/shop\/survival-mentor-jahres-survival-ausbildung-online\/\"]}]},{\"@type\":\"ImageObject\",\"inLanguage\":\"de\",\"@id\":\"https:\/\/ueberlebenskunst.at\/survivalshop\/shop\/survival-mentor-jahres-survival-ausbildung-online\/#primaryimage\",\"url\":\"https:\/\/ueberlebenskunst.at\/survivalshop\/wp-content\/uploads\/2016\/05\/Bildschirmfoto-2016-05-07-um-22.46.01.png\",\"contentUrl\":\"https:\/\/ueberlebenskunst.at\/survivalshop\/wp-content\/uploads\/2016\/05\/Bildschirmfoto-2016-05-07-um-22.46.01.png\",\"width\":564,\"height\":406},{\"@type\":\"BreadcrumbList\",\"@id\":\"https:\/\/ueberlebenskunst.at\/survivalshop\/shop\/survival-mentor-jahres-survival-ausbildung-online\/#breadcrumb\",\"itemListElement\":[{\"@type\":\"ListItem\",\"position\":1,\"name\":\"Startseite\",\"item\":\"https:\/\/ueberlebenskunst.at\/survivalshop\/\"},{\"@type\":\"ListItem\",\"position\":2,\"name\":\"Shop\",\"item\":\"https:\/\/ueberlebenskunst.at\/survivalshop\/shop\/\"},{\"@type\":\"ListItem\",\"position\":3,\"name\":\"Survival Mentor &#8211; Jahres-Survival-Ausbildung Online\"}]},{\"@type\":\"WebSite\",\"@id\":\"https:\/\/ueberlebenskunst.at\/survivalshop\/#website\",\"url\":\"https:\/\/ueberlebenskunst.at\/survivalshop\/\",\"name\":\"Reini Rossmann - Survival Shop\",\"description\":\"Survival Shop f\u00fcr Survival, Bushcraft und Prepper\",\"potentialAction\":[{\"@type\":\"SearchAction\",\"target\":{\"@type\":\"EntryPoint\",\"urlTemplate\":\"https:\/\/ueberlebenskunst.at\/survivalshop\/?s={search_term_string}\"},\"query-input\":{\"@type\":\"PropertyValueSpecification\",\"valueRequired\":true,\"valueName\":\"search_term_string\"}}],\"inLanguage\":\"de\"}]}<\/script>\n<!-- \/ Yoast SEO plugin. -->","yoast_head_json":{"title":"Survival Mentor - Jahres-Survival-Ausbildung Online - Reini Rossmann - Survival Shop","robots":{"index":"index","follow":"follow","max-snippet":"max-snippet:-1","max-image-preview":"max-image-preview:large","max-video-preview":"max-video-preview:-1"},"canonical":"https:\/\/ueberlebenskunst.at\/survivalshop\/shop\/survival-mentor-jahres-survival-ausbildung-online\/","og_locale":"de_DE","og_type":"article","og_title":"Survival Mentor - Jahres-Survival-Ausbildung Online - Reini Rossmann - Survival Shop","og_description":"Die neue Survival\u00a0Online Ausbildung von und mit Reini Rossmann. Ein ganzes Jahr lange bekommst Du jede Woche ein Survival Video Lektion.  &nbsp;","og_url":"https:\/\/ueberlebenskunst.at\/survivalshop\/shop\/survival-mentor-jahres-survival-ausbildung-online\/","og_site_name":"Reini Rossmann - Survival Shop","article_publisher":"https:\/\/www.facebook.com\/survival24.org\/","article_modified_time":"2024-05-21T12:30:41+00:00","og_image":[{"width":564,"height":406,"url":"https:\/\/ueberlebenskunst.at\/survivalshop\/wp-content\/uploads\/2016\/05\/Bildschirmfoto-2016-05-07-um-22.46.01.png","type":"image\/png"}],"twitter_card":"summary_large_image","twitter_misc":{"Gesch\u00e4tzte Lesezeit":"3\u00a0Minuten"},"schema":{"@context":"https:\/\/schema.org","@graph":[{"@type":"WebPage","@id":"https:\/\/ueberlebenskunst.at\/survivalshop\/shop\/survival-mentor-jahres-survival-ausbildung-online\/","url":"https:\/\/ueberlebenskunst.at\/survivalshop\/shop\/survival-mentor-jahres-survival-ausbildung-online\/","name":"Survival Mentor - Jahres-Survival-Ausbildung Online - Reini Rossmann - Survival Shop","isPartOf":{"@id":"https:\/\/ueberlebenskunst.at\/survivalshop\/#website"},"primaryImageOfPage":{"@id":"https:\/\/ueberlebenskunst.at\/survivalshop\/shop\/survival-mentor-jahres-survival-ausbildung-online\/#primaryimage"},"image":{"@id":"https:\/\/ueberlebenskunst.at\/survivalshop\/shop\/survival-mentor-jahres-survival-ausbildung-online\/#primaryimage"},"thumbnailUrl":"https:\/\/ueberlebenskunst.at\/survivalshop\/wp-content\/uploads\/2016\/05\/Bildschirmfoto-2016-05-07-um-22.46.01.png","datePublished":"2016-09-13T19:38:09+00:00","dateModified":"2024-05-21T12:30:41+00:00","breadcrumb":{"@id":"https:\/\/ueberlebenskunst.at\/survivalshop\/shop\/survival-mentor-jahres-survival-ausbildung-online\/#breadcrumb"},"inLanguage":"de","potentialAction":[{"@type":"ReadAction","target":["https:\/\/ueberlebenskunst.at\/survivalshop\/shop\/survival-mentor-jahres-survival-ausbildung-online\/"]}]},{"@type":"ImageObject","inLanguage":"de","@id":"https:\/\/ueberlebenskunst.at\/survivalshop\/shop\/survival-mentor-jahres-survival-ausbildung-online\/#primaryimage","url":"https:\/\/ueberlebenskunst.at\/survivalshop\/wp-content\/uploads\/2016\/05\/Bildschirmfoto-2016-05-07-um-22.46.01.png","contentUrl":"https:\/\/ueberlebenskunst.at\/survivalshop\/wp-content\/uploads\/2016\/05\/Bildschirmfoto-2016-05-07-um-22.46.01.png","width":564,"height":406},{"@type":"BreadcrumbList","@id":"https:\/\/ueberlebenskunst.at\/survivalshop\/shop\/survival-mentor-jahres-survival-ausbildung-online\/#breadcrumb","itemListElement":[{"@type":"ListItem","position":1,"name":"Startseite","item":"https:\/\/ueberlebenskunst.at\/survivalshop\/"},{"@type":"ListItem","position":2,"name":"Shop","item":"https:\/\/ueberlebenskunst.at\/survivalshop\/shop\/"},{"@type":"ListItem","position":3,"name":"Survival Mentor &#8211; Jahres-Survival-Ausbildung Online"}]},{"@type":"WebSite","@id":"https:\/\/ueberlebenskunst.at\/survivalshop\/#website","url":"https:\/\/ueberlebenskunst.at\/survivalshop\/","name":"Reini Rossmann - Survival Shop","description":"Survival Shop f\u00fcr Survival, Bushcraft und Prepper","potentialAction":[{"@type":"SearchAction","target":{"@type":"EntryPoint","urlTemplate":"https:\/\/ueberlebenskunst.at\/survivalshop\/?s={search_term_string}"},"query-input":{"@type":"PropertyValueSpecification","valueRequired":true,"valueName":"search_term_string"}}],"inLanguage":"de"}]}},"_links":{"self":[{"href":"https:\/\/ueberlebenskunst.at\/survivalshop\/wp-json\/wp\/v2\/product\/3947","targetHints":{"allow":["GET"]}}],"collection":[{"href":"https:\/\/ueberlebenskunst.at\/survivalshop\/wp-json\/wp\/v2\/product"}],"about":[{"href":"https:\/\/ueberlebenskunst.at\/survivalshop\/wp-json\/wp\/v2\/types\/product"}],"replies":[{"embeddable":true,"href":"https:\/\/ueberlebenskunst.at\/survivalshop\/wp-json\/wp\/v2\/comments?post=3947"}],"wp:featuredmedia":[{"embeddable":true,"href":"https:\/\/ueberlebenskunst.at\/survivalshop\/wp-json\/wp\/v2\/media\/3614"}],"wp:attachment":[{"href":"https:\/\/ueberlebenskunst.at\/survivalshop\/wp-json\/wp\/v2\/media?parent=3947"}],"wp:term":[{"taxonomy":"product_brand","embeddable":true,"href":"https:\/\/ueberlebenskunst.at\/survivalshop\/wp-json\/wp\/v2\/product_brand?post=3947"},{"taxonomy":"product_cat","embeddable":true,"href":"https:\/\/ueberlebenskunst.at\/survivalshop\/wp-json\/wp\/v2\/product_cat?post=3947"},{"taxonomy":"product_tag","embeddable":true,"href":"https:\/\/ueberlebenskunst.at\/survivalshop\/wp-json\/wp\/v2\/product_tag?post=3947"}],"curies":[{"name":"wp","href":"https:\/\/api.w.org\/{rel}","templated":true}]}}