{"id":38589,"date":"2021-08-18T15:02:50","date_gmt":"2021-08-18T13:02:50","guid":{"rendered":"https:\/\/ueberlebenskunst.at\/survivalshop\/?post_type=product&#038;p=38589"},"modified":"2026-03-24T13:04:44","modified_gmt":"2026-03-24T12:04:44","slug":"hori-zone-sehne-fuer-pistolenarmbrust-redback","status":"publish","type":"product","link":"https:\/\/ueberlebenskunst.at\/survivalshop\/shop\/hori-zone-sehne-fuer-pistolenarmbrust-redback\/","title":{"rendered":"Hori-Zone Sehne f\u00fcr Pistolenarmbrust Redback"},"content":{"rendered":"<p>1 St\u00fcck 17&#8243; Ersatzsehne f\u00fcr die <a href=\"https:\/\/ueberlebenskunst.at\/survivalshop\/shop\/hori-zone-crossbow-pistol-redback-rts\/\" target=\"_blank\" rel=\"noopener\">Hori-Zone Redback<\/a>.<\/p>\n<p>Sie besteht aus dem Material Dyna Flight 97.<\/p>\n<p>&nbsp;<\/p>\n","protected":false},"excerpt":{"rendered":"<p>Ersatzsehne<\/p>\n","protected":false},"featured_media":145009,"comment_status":"open","ping_status":"closed","template":"","meta":{"_acf_changed":false},"product_brand":[],"product_cat":[2389,1925],"product_tag":[405,520,995],"class_list":{"0":"post-38589","1":"product","2":"type-product","3":"status-publish","4":"has-post-thumbnail","6":"product_cat-flohmarkt","7":"product_cat-sehne","8":"product_tag-armbrust","9":"product_tag-redback","10":"product_tag-sehne","12":"first","13":"instock","14":"sale","15":"taxable","16":"shipping-taxable","17":"purchasable","18":"product-type-simple"},"acf":[],"yoast_head":"<!-- This site is optimized with the Yoast SEO plugin v27.1.1 - https:\/\/yoast.com\/product\/yoast-seo-wordpress\/ -->\n<title>Hori-Zone Sehne f\u00fcr Pistolenarmbrust Redback<\/title>\n<meta name=\"description\" content=\"1 St\u00fcck 17&quot; Ersatzsehne f\u00fcr die Hori-Zone Redback. Sie besteht aus dem Material Dyna Flight 97.\" \/>\n<meta name=\"robots\" content=\"index, follow, max-snippet:-1, max-image-preview:large, max-video-preview:-1\" \/>\n<link rel=\"canonical\" href=\"https:\/\/ueberlebenskunst.at\/survivalshop\/shop\/hori-zone-sehne-fuer-pistolenarmbrust-redback\/\" \/>\n<meta property=\"og:locale\" content=\"de_DE\" \/>\n<meta property=\"og:type\" content=\"article\" \/>\n<meta property=\"og:title\" content=\"Hori-Zone Sehne f\u00fcr Pistolenarmbrust Redback\" \/>\n<meta property=\"og:description\" content=\"1 St\u00fcck 17&quot; Ersatzsehne f\u00fcr die Hori-Zone Redback. Sie besteht aus dem Material Dyna Flight 97.\" \/>\n<meta property=\"og:url\" content=\"https:\/\/ueberlebenskunst.at\/survivalshop\/shop\/hori-zone-sehne-fuer-pistolenarmbrust-redback\/\" \/>\n<meta property=\"og:site_name\" content=\"Reini Rossmann - Survival Shop\" \/>\n<meta property=\"article:publisher\" content=\"https:\/\/www.facebook.com\/survival24.org\/\" \/>\n<meta property=\"article:modified_time\" content=\"2026-03-24T12:04:44+00:00\" \/>\n<meta property=\"og:image\" content=\"https:\/\/ueberlebenskunst.at\/survivalshop\/wp-content\/uploads\/2021\/08\/112963-1048.jpg\" \/>\n\t<meta property=\"og:image:width\" content=\"400\" \/>\n\t<meta property=\"og:image:height\" content=\"373\" \/>\n\t<meta property=\"og:image:type\" content=\"image\/jpeg\" \/>\n<meta name=\"twitter:card\" content=\"summary_large_image\" \/>\n<meta name=\"twitter:label1\" content=\"Gesch\u00e4tzte Lesezeit\" \/>\n\t<meta name=\"twitter:data1\" content=\"1\u00a0Minute\" \/>\n<script type=\"application\/ld+json\" class=\"yoast-schema-graph\">{\"@context\":\"https:\/\/schema.org\",\"@graph\":[{\"@type\":\"WebPage\",\"@id\":\"https:\/\/ueberlebenskunst.at\/survivalshop\/shop\/hori-zone-sehne-fuer-pistolenarmbrust-redback\/\",\"url\":\"https:\/\/ueberlebenskunst.at\/survivalshop\/shop\/hori-zone-sehne-fuer-pistolenarmbrust-redback\/\",\"name\":\"Hori-Zone Sehne f\u00fcr Pistolenarmbrust Redback\",\"isPartOf\":{\"@id\":\"https:\/\/ueberlebenskunst.at\/survivalshop\/#website\"},\"primaryImageOfPage\":{\"@id\":\"https:\/\/ueberlebenskunst.at\/survivalshop\/shop\/hori-zone-sehne-fuer-pistolenarmbrust-redback\/#primaryimage\"},\"image\":{\"@id\":\"https:\/\/ueberlebenskunst.at\/survivalshop\/shop\/hori-zone-sehne-fuer-pistolenarmbrust-redback\/#primaryimage\"},\"thumbnailUrl\":\"https:\/\/ueberlebenskunst.at\/survivalshop\/wp-content\/uploads\/2021\/08\/112963-1048.jpg\",\"datePublished\":\"2021-08-18T13:02:50+00:00\",\"dateModified\":\"2026-03-24T12:04:44+00:00\",\"description\":\"1 St\u00fcck 17\\\" Ersatzsehne f\u00fcr die Hori-Zone Redback. Sie besteht aus dem Material Dyna Flight 97.\",\"breadcrumb\":{\"@id\":\"https:\/\/ueberlebenskunst.at\/survivalshop\/shop\/hori-zone-sehne-fuer-pistolenarmbrust-redback\/#breadcrumb\"},\"inLanguage\":\"de\",\"potentialAction\":[{\"@type\":\"ReadAction\",\"target\":[\"https:\/\/ueberlebenskunst.at\/survivalshop\/shop\/hori-zone-sehne-fuer-pistolenarmbrust-redback\/\"]}]},{\"@type\":\"ImageObject\",\"inLanguage\":\"de\",\"@id\":\"https:\/\/ueberlebenskunst.at\/survivalshop\/shop\/hori-zone-sehne-fuer-pistolenarmbrust-redback\/#primaryimage\",\"url\":\"https:\/\/ueberlebenskunst.at\/survivalshop\/wp-content\/uploads\/2021\/08\/112963-1048.jpg\",\"contentUrl\":\"https:\/\/ueberlebenskunst.at\/survivalshop\/wp-content\/uploads\/2021\/08\/112963-1048.jpg\",\"width\":400,\"height\":373},{\"@type\":\"BreadcrumbList\",\"@id\":\"https:\/\/ueberlebenskunst.at\/survivalshop\/shop\/hori-zone-sehne-fuer-pistolenarmbrust-redback\/#breadcrumb\",\"itemListElement\":[{\"@type\":\"ListItem\",\"position\":1,\"name\":\"Startseite\",\"item\":\"https:\/\/ueberlebenskunst.at\/survivalshop\/\"},{\"@type\":\"ListItem\",\"position\":2,\"name\":\"Shop\",\"item\":\"https:\/\/ueberlebenskunst.at\/survivalshop\/shop\/\"},{\"@type\":\"ListItem\",\"position\":3,\"name\":\"Hori-Zone Sehne f\u00fcr Pistolenarmbrust Redback\"}]},{\"@type\":\"WebSite\",\"@id\":\"https:\/\/ueberlebenskunst.at\/survivalshop\/#website\",\"url\":\"https:\/\/ueberlebenskunst.at\/survivalshop\/\",\"name\":\"Reini Rossmann - Survival Shop\",\"description\":\"Survival Shop f\u00fcr Survival, Bushcraft und Prepper\",\"potentialAction\":[{\"@type\":\"SearchAction\",\"target\":{\"@type\":\"EntryPoint\",\"urlTemplate\":\"https:\/\/ueberlebenskunst.at\/survivalshop\/?s={search_term_string}\"},\"query-input\":{\"@type\":\"PropertyValueSpecification\",\"valueRequired\":true,\"valueName\":\"search_term_string\"}}],\"inLanguage\":\"de\"}]}<\/script>\n<!-- \/ Yoast SEO plugin. -->","yoast_head_json":{"title":"Hori-Zone Sehne f\u00fcr Pistolenarmbrust Redback","description":"1 St\u00fcck 17\" Ersatzsehne f\u00fcr die Hori-Zone Redback. Sie besteht aus dem Material Dyna Flight 97.","robots":{"index":"index","follow":"follow","max-snippet":"max-snippet:-1","max-image-preview":"max-image-preview:large","max-video-preview":"max-video-preview:-1"},"canonical":"https:\/\/ueberlebenskunst.at\/survivalshop\/shop\/hori-zone-sehne-fuer-pistolenarmbrust-redback\/","og_locale":"de_DE","og_type":"article","og_title":"Hori-Zone Sehne f\u00fcr Pistolenarmbrust Redback","og_description":"1 St\u00fcck 17\" Ersatzsehne f\u00fcr die Hori-Zone Redback. Sie besteht aus dem Material Dyna Flight 97.","og_url":"https:\/\/ueberlebenskunst.at\/survivalshop\/shop\/hori-zone-sehne-fuer-pistolenarmbrust-redback\/","og_site_name":"Reini Rossmann - Survival Shop","article_publisher":"https:\/\/www.facebook.com\/survival24.org\/","article_modified_time":"2026-03-24T12:04:44+00:00","og_image":[{"width":400,"height":373,"url":"https:\/\/ueberlebenskunst.at\/survivalshop\/wp-content\/uploads\/2021\/08\/112963-1048.jpg","type":"image\/jpeg"}],"twitter_card":"summary_large_image","twitter_misc":{"Gesch\u00e4tzte Lesezeit":"1\u00a0Minute"},"schema":{"@context":"https:\/\/schema.org","@graph":[{"@type":"WebPage","@id":"https:\/\/ueberlebenskunst.at\/survivalshop\/shop\/hori-zone-sehne-fuer-pistolenarmbrust-redback\/","url":"https:\/\/ueberlebenskunst.at\/survivalshop\/shop\/hori-zone-sehne-fuer-pistolenarmbrust-redback\/","name":"Hori-Zone Sehne f\u00fcr Pistolenarmbrust Redback","isPartOf":{"@id":"https:\/\/ueberlebenskunst.at\/survivalshop\/#website"},"primaryImageOfPage":{"@id":"https:\/\/ueberlebenskunst.at\/survivalshop\/shop\/hori-zone-sehne-fuer-pistolenarmbrust-redback\/#primaryimage"},"image":{"@id":"https:\/\/ueberlebenskunst.at\/survivalshop\/shop\/hori-zone-sehne-fuer-pistolenarmbrust-redback\/#primaryimage"},"thumbnailUrl":"https:\/\/ueberlebenskunst.at\/survivalshop\/wp-content\/uploads\/2021\/08\/112963-1048.jpg","datePublished":"2021-08-18T13:02:50+00:00","dateModified":"2026-03-24T12:04:44+00:00","description":"1 St\u00fcck 17\" Ersatzsehne f\u00fcr die Hori-Zone Redback. Sie besteht aus dem Material Dyna Flight 97.","breadcrumb":{"@id":"https:\/\/ueberlebenskunst.at\/survivalshop\/shop\/hori-zone-sehne-fuer-pistolenarmbrust-redback\/#breadcrumb"},"inLanguage":"de","potentialAction":[{"@type":"ReadAction","target":["https:\/\/ueberlebenskunst.at\/survivalshop\/shop\/hori-zone-sehne-fuer-pistolenarmbrust-redback\/"]}]},{"@type":"ImageObject","inLanguage":"de","@id":"https:\/\/ueberlebenskunst.at\/survivalshop\/shop\/hori-zone-sehne-fuer-pistolenarmbrust-redback\/#primaryimage","url":"https:\/\/ueberlebenskunst.at\/survivalshop\/wp-content\/uploads\/2021\/08\/112963-1048.jpg","contentUrl":"https:\/\/ueberlebenskunst.at\/survivalshop\/wp-content\/uploads\/2021\/08\/112963-1048.jpg","width":400,"height":373},{"@type":"BreadcrumbList","@id":"https:\/\/ueberlebenskunst.at\/survivalshop\/shop\/hori-zone-sehne-fuer-pistolenarmbrust-redback\/#breadcrumb","itemListElement":[{"@type":"ListItem","position":1,"name":"Startseite","item":"https:\/\/ueberlebenskunst.at\/survivalshop\/"},{"@type":"ListItem","position":2,"name":"Shop","item":"https:\/\/ueberlebenskunst.at\/survivalshop\/shop\/"},{"@type":"ListItem","position":3,"name":"Hori-Zone Sehne f\u00fcr Pistolenarmbrust Redback"}]},{"@type":"WebSite","@id":"https:\/\/ueberlebenskunst.at\/survivalshop\/#website","url":"https:\/\/ueberlebenskunst.at\/survivalshop\/","name":"Reini Rossmann - Survival Shop","description":"Survival Shop f\u00fcr Survival, Bushcraft und Prepper","potentialAction":[{"@type":"SearchAction","target":{"@type":"EntryPoint","urlTemplate":"https:\/\/ueberlebenskunst.at\/survivalshop\/?s={search_term_string}"},"query-input":{"@type":"PropertyValueSpecification","valueRequired":true,"valueName":"search_term_string"}}],"inLanguage":"de"}]}},"_links":{"self":[{"href":"https:\/\/ueberlebenskunst.at\/survivalshop\/wp-json\/wp\/v2\/product\/38589","targetHints":{"allow":["GET"]}}],"collection":[{"href":"https:\/\/ueberlebenskunst.at\/survivalshop\/wp-json\/wp\/v2\/product"}],"about":[{"href":"https:\/\/ueberlebenskunst.at\/survivalshop\/wp-json\/wp\/v2\/types\/product"}],"replies":[{"embeddable":true,"href":"https:\/\/ueberlebenskunst.at\/survivalshop\/wp-json\/wp\/v2\/comments?post=38589"}],"wp:featuredmedia":[{"embeddable":true,"href":"https:\/\/ueberlebenskunst.at\/survivalshop\/wp-json\/wp\/v2\/media\/145009"}],"wp:attachment":[{"href":"https:\/\/ueberlebenskunst.at\/survivalshop\/wp-json\/wp\/v2\/media?parent=38589"}],"wp:term":[{"taxonomy":"product_brand","embeddable":true,"href":"https:\/\/ueberlebenskunst.at\/survivalshop\/wp-json\/wp\/v2\/product_brand?post=38589"},{"taxonomy":"product_cat","embeddable":true,"href":"https:\/\/ueberlebenskunst.at\/survivalshop\/wp-json\/wp\/v2\/product_cat?post=38589"},{"taxonomy":"product_tag","embeddable":true,"href":"https:\/\/ueberlebenskunst.at\/survivalshop\/wp-json\/wp\/v2\/product_tag?post=38589"}],"curies":[{"name":"wp","href":"https:\/\/api.w.org\/{rel}","templated":true}]}}