{"id":35854,"date":"2021-07-17T20:18:59","date_gmt":"2021-07-17T18:18:59","guid":{"rendered":"https:\/\/ueberlebenskunst.at\/survivalshop\/?post_type=product&#038;p=35854"},"modified":"2024-10-09T06:49:04","modified_gmt":"2024-10-09T04:49:04","slug":"steambow-stinger-pfeilkoecher","status":"seo-produkt","type":"product","link":"https:\/\/ueberlebenskunst.at\/survivalshop\/shop\/steambow-stinger-pfeilkoecher\/","title":{"rendered":"Stinger 2 Pfeilk\u00f6cher inkl. 1 Speedloader"},"content":{"rendered":"<p>Dieser innovative Pfeilk\u00f6cher ist entweder mit G\u00fcrtelclip oder mittels Picatinny Adapter an der Armbrust montierbar.<\/p>\n<p>Der Ladestreifenhalter ist f\u00fcr einen Speedloader in 5-Pfeilversion gedacht und gemacht.<\/p>\n<p>Der Pfeilk\u00f6cher ist f\u00fcr das MOLLE-System ausgelegt und l\u00e4sst sich daher auf vielen Rucks\u00e4cken, Westen oder \u00e4hnlichen Kleidungsst\u00fccken stabil anbringen.<\/p>\n<p>Au\u00dferdem l\u00e4sst sich der Speedloader, in verschiedenen Winkeln, auch an einem G\u00fcrtel oder am Hosenbund tragen.<\/p>\n<p>Dieses Produkt ist auch mit der <a href=\"https:\/\/ueberlebenskunst.at\/survivalshop\/shop\/lampen-laserhalterung-fuer-steambow-stinger\/\">Reini Rossmann Universal Halterung f\u00fcr die Stinger 2<\/a> kompatibel, sofern unser <a href=\"https:\/\/ueberlebenskunst.at\/survivalshop\/shop\/picatinny-montageblock\/\">Picatinny Montageblock 19<\/a> verwendet wird.<\/p>\n<h3>Lieferumfang:<\/h3>\n<ul>\n<li>1 Taktischer Pfeilk\u00f6cher f\u00fcr AR-6 Stinger II<\/li>\n<li>1 Schnelllader V2<\/li>\n<li>1 G\u00fcrtelclip<\/li>\n<li>1 Montageeinheit f\u00fcr Picatinny Schiene<\/li>\n<li>ben\u00f6tigte Schrauben und Montagematerial (1 Schraube und 1 Mutter f\u00fcr Picatinnyschiene, 2 Schrauben und 2 Muttern f\u00fcr Montage des G\u00fcrtelclips)<\/li>\n<\/ul>\n","protected":false},"excerpt":{"rendered":"<p>Pfeilk\u00f6cher<\/p>\n","protected":false},"featured_media":44479,"comment_status":"open","ping_status":"closed","template":"","meta":{"_acf_changed":false},"product_brand":[],"product_cat":[1919],"product_tag":[952,975],"class_list":{"0":"post-35854","1":"product","2":"type-product","3":"status-seo-produkt","4":"has-post-thumbnail","6":"product_cat-steambow-pfeile-bolzen","7":"product_tag-beste-armbrust-der-welt","8":"product_tag-stinger-2-zubehoer","10":"first","11":"outofstock","12":"taxable","13":"shipping-taxable","14":"product-type-simple"},"acf":[],"yoast_head":"<!-- This site is optimized with the Yoast SEO plugin v27.1.1 - https:\/\/yoast.com\/product\/yoast-seo-wordpress\/ -->\n<title>Stinger 2 Pfeilk\u00f6cher inkl. 1 Speedloader<\/title>\n<meta name=\"description\" content=\"Mit dem Pfeilk\u00f6cher lassen sich die 5er-Speedloader f\u00fcr die AR-6 Stinger 2 ideal tragen, lagern und gefahrlos transportieren.\" \/>\n<meta name=\"robots\" content=\"index, follow, max-snippet:-1, max-image-preview:large, max-video-preview:-1\" \/>\n<link rel=\"canonical\" href=\"https:\/\/ueberlebenskunst.at\/survivalshop\/shop\/steambow-stinger-pfeilkoecher\/\" \/>\n<meta property=\"og:locale\" content=\"de_DE\" \/>\n<meta property=\"og:type\" content=\"article\" \/>\n<meta property=\"og:title\" content=\"Stinger 2 Pfeilk\u00f6cher inkl. 1 Speedloader\" \/>\n<meta property=\"og:description\" content=\"Mit dem Pfeilk\u00f6cher lassen sich die 5er-Speedloader f\u00fcr die AR-6 Stinger 2 ideal tragen, lagern und gefahrlos transportieren.\" \/>\n<meta property=\"og:url\" content=\"https:\/\/ueberlebenskunst.at\/survivalshop\/shop\/steambow-stinger-pfeilkoecher\/\" \/>\n<meta property=\"og:site_name\" content=\"Reini Rossmann - Survival Shop\" \/>\n<meta property=\"article:publisher\" content=\"https:\/\/www.facebook.com\/survival24.org\/\" \/>\n<meta property=\"article:modified_time\" content=\"2024-10-09T04:49:04+00:00\" \/>\n<meta property=\"og:image\" content=\"https:\/\/ueberlebenskunst.at\/survivalshop\/wp-content\/uploads\/2021\/07\/Pfeilkoecher_6734_4.jpg\" \/>\n\t<meta property=\"og:image:width\" content=\"608\" \/>\n\t<meta property=\"og:image:height\" content=\"351\" \/>\n\t<meta property=\"og:image:type\" content=\"image\/jpeg\" \/>\n<meta name=\"twitter:card\" content=\"summary_large_image\" \/>\n<meta name=\"twitter:label1\" content=\"Gesch\u00e4tzte Lesezeit\" \/>\n\t<meta name=\"twitter:data1\" content=\"1\u00a0Minute\" \/>\n<script type=\"application\/ld+json\" class=\"yoast-schema-graph\">{\"@context\":\"https:\/\/schema.org\",\"@graph\":[{\"@type\":\"WebPage\",\"@id\":\"https:\/\/ueberlebenskunst.at\/survivalshop\/shop\/steambow-stinger-pfeilkoecher\/\",\"url\":\"https:\/\/ueberlebenskunst.at\/survivalshop\/shop\/steambow-stinger-pfeilkoecher\/\",\"name\":\"Stinger 2 Pfeilk\u00f6cher inkl. 1 Speedloader\",\"isPartOf\":{\"@id\":\"https:\/\/ueberlebenskunst.at\/survivalshop\/#website\"},\"primaryImageOfPage\":{\"@id\":\"https:\/\/ueberlebenskunst.at\/survivalshop\/shop\/steambow-stinger-pfeilkoecher\/#primaryimage\"},\"image\":{\"@id\":\"https:\/\/ueberlebenskunst.at\/survivalshop\/shop\/steambow-stinger-pfeilkoecher\/#primaryimage\"},\"thumbnailUrl\":\"https:\/\/ueberlebenskunst.at\/survivalshop\/wp-content\/uploads\/2021\/07\/Pfeilkoecher_6734_4.jpg\",\"datePublished\":\"2021-07-17T18:18:59+00:00\",\"dateModified\":\"2024-10-09T04:49:04+00:00\",\"description\":\"Mit dem Pfeilk\u00f6cher lassen sich die 5er-Speedloader f\u00fcr die AR-6 Stinger 2 ideal tragen, lagern und gefahrlos transportieren.\",\"breadcrumb\":{\"@id\":\"https:\/\/ueberlebenskunst.at\/survivalshop\/shop\/steambow-stinger-pfeilkoecher\/#breadcrumb\"},\"inLanguage\":\"de\",\"potentialAction\":[{\"@type\":\"ReadAction\",\"target\":[\"https:\/\/ueberlebenskunst.at\/survivalshop\/shop\/steambow-stinger-pfeilkoecher\/\"]}]},{\"@type\":\"ImageObject\",\"inLanguage\":\"de\",\"@id\":\"https:\/\/ueberlebenskunst.at\/survivalshop\/shop\/steambow-stinger-pfeilkoecher\/#primaryimage\",\"url\":\"https:\/\/ueberlebenskunst.at\/survivalshop\/wp-content\/uploads\/2021\/07\/Pfeilkoecher_6734_4.jpg\",\"contentUrl\":\"https:\/\/ueberlebenskunst.at\/survivalshop\/wp-content\/uploads\/2021\/07\/Pfeilkoecher_6734_4.jpg\",\"width\":608,\"height\":351},{\"@type\":\"BreadcrumbList\",\"@id\":\"https:\/\/ueberlebenskunst.at\/survivalshop\/shop\/steambow-stinger-pfeilkoecher\/#breadcrumb\",\"itemListElement\":[{\"@type\":\"ListItem\",\"position\":1,\"name\":\"Startseite\",\"item\":\"https:\/\/ueberlebenskunst.at\/survivalshop\/\"},{\"@type\":\"ListItem\",\"position\":2,\"name\":\"Shop\",\"item\":\"https:\/\/ueberlebenskunst.at\/survivalshop\/shop\/\"},{\"@type\":\"ListItem\",\"position\":3,\"name\":\"Stinger 2 Pfeilk\u00f6cher inkl. 1 Speedloader\"}]},{\"@type\":\"WebSite\",\"@id\":\"https:\/\/ueberlebenskunst.at\/survivalshop\/#website\",\"url\":\"https:\/\/ueberlebenskunst.at\/survivalshop\/\",\"name\":\"Reini Rossmann - Survival Shop\",\"description\":\"Survival Shop f\u00fcr Survival, Bushcraft und Prepper\",\"potentialAction\":[{\"@type\":\"SearchAction\",\"target\":{\"@type\":\"EntryPoint\",\"urlTemplate\":\"https:\/\/ueberlebenskunst.at\/survivalshop\/?s={search_term_string}\"},\"query-input\":{\"@type\":\"PropertyValueSpecification\",\"valueRequired\":true,\"valueName\":\"search_term_string\"}}],\"inLanguage\":\"de\"}]}<\/script>\n<!-- \/ Yoast SEO plugin. -->","yoast_head_json":{"title":"Stinger 2 Pfeilk\u00f6cher inkl. 1 Speedloader","description":"Mit dem Pfeilk\u00f6cher lassen sich die 5er-Speedloader f\u00fcr die AR-6 Stinger 2 ideal tragen, lagern und gefahrlos transportieren.","robots":{"index":"index","follow":"follow","max-snippet":"max-snippet:-1","max-image-preview":"max-image-preview:large","max-video-preview":"max-video-preview:-1"},"canonical":"https:\/\/ueberlebenskunst.at\/survivalshop\/shop\/steambow-stinger-pfeilkoecher\/","og_locale":"de_DE","og_type":"article","og_title":"Stinger 2 Pfeilk\u00f6cher inkl. 1 Speedloader","og_description":"Mit dem Pfeilk\u00f6cher lassen sich die 5er-Speedloader f\u00fcr die AR-6 Stinger 2 ideal tragen, lagern und gefahrlos transportieren.","og_url":"https:\/\/ueberlebenskunst.at\/survivalshop\/shop\/steambow-stinger-pfeilkoecher\/","og_site_name":"Reini Rossmann - Survival Shop","article_publisher":"https:\/\/www.facebook.com\/survival24.org\/","article_modified_time":"2024-10-09T04:49:04+00:00","og_image":[{"width":608,"height":351,"url":"https:\/\/ueberlebenskunst.at\/survivalshop\/wp-content\/uploads\/2021\/07\/Pfeilkoecher_6734_4.jpg","type":"image\/jpeg"}],"twitter_card":"summary_large_image","twitter_misc":{"Gesch\u00e4tzte Lesezeit":"1\u00a0Minute"},"schema":{"@context":"https:\/\/schema.org","@graph":[{"@type":"WebPage","@id":"https:\/\/ueberlebenskunst.at\/survivalshop\/shop\/steambow-stinger-pfeilkoecher\/","url":"https:\/\/ueberlebenskunst.at\/survivalshop\/shop\/steambow-stinger-pfeilkoecher\/","name":"Stinger 2 Pfeilk\u00f6cher inkl. 1 Speedloader","isPartOf":{"@id":"https:\/\/ueberlebenskunst.at\/survivalshop\/#website"},"primaryImageOfPage":{"@id":"https:\/\/ueberlebenskunst.at\/survivalshop\/shop\/steambow-stinger-pfeilkoecher\/#primaryimage"},"image":{"@id":"https:\/\/ueberlebenskunst.at\/survivalshop\/shop\/steambow-stinger-pfeilkoecher\/#primaryimage"},"thumbnailUrl":"https:\/\/ueberlebenskunst.at\/survivalshop\/wp-content\/uploads\/2021\/07\/Pfeilkoecher_6734_4.jpg","datePublished":"2021-07-17T18:18:59+00:00","dateModified":"2024-10-09T04:49:04+00:00","description":"Mit dem Pfeilk\u00f6cher lassen sich die 5er-Speedloader f\u00fcr die AR-6 Stinger 2 ideal tragen, lagern und gefahrlos transportieren.","breadcrumb":{"@id":"https:\/\/ueberlebenskunst.at\/survivalshop\/shop\/steambow-stinger-pfeilkoecher\/#breadcrumb"},"inLanguage":"de","potentialAction":[{"@type":"ReadAction","target":["https:\/\/ueberlebenskunst.at\/survivalshop\/shop\/steambow-stinger-pfeilkoecher\/"]}]},{"@type":"ImageObject","inLanguage":"de","@id":"https:\/\/ueberlebenskunst.at\/survivalshop\/shop\/steambow-stinger-pfeilkoecher\/#primaryimage","url":"https:\/\/ueberlebenskunst.at\/survivalshop\/wp-content\/uploads\/2021\/07\/Pfeilkoecher_6734_4.jpg","contentUrl":"https:\/\/ueberlebenskunst.at\/survivalshop\/wp-content\/uploads\/2021\/07\/Pfeilkoecher_6734_4.jpg","width":608,"height":351},{"@type":"BreadcrumbList","@id":"https:\/\/ueberlebenskunst.at\/survivalshop\/shop\/steambow-stinger-pfeilkoecher\/#breadcrumb","itemListElement":[{"@type":"ListItem","position":1,"name":"Startseite","item":"https:\/\/ueberlebenskunst.at\/survivalshop\/"},{"@type":"ListItem","position":2,"name":"Shop","item":"https:\/\/ueberlebenskunst.at\/survivalshop\/shop\/"},{"@type":"ListItem","position":3,"name":"Stinger 2 Pfeilk\u00f6cher inkl. 1 Speedloader"}]},{"@type":"WebSite","@id":"https:\/\/ueberlebenskunst.at\/survivalshop\/#website","url":"https:\/\/ueberlebenskunst.at\/survivalshop\/","name":"Reini Rossmann - Survival Shop","description":"Survival Shop f\u00fcr Survival, Bushcraft und Prepper","potentialAction":[{"@type":"SearchAction","target":{"@type":"EntryPoint","urlTemplate":"https:\/\/ueberlebenskunst.at\/survivalshop\/?s={search_term_string}"},"query-input":{"@type":"PropertyValueSpecification","valueRequired":true,"valueName":"search_term_string"}}],"inLanguage":"de"}]}},"_links":{"self":[{"href":"https:\/\/ueberlebenskunst.at\/survivalshop\/wp-json\/wp\/v2\/product\/35854","targetHints":{"allow":["GET"]}}],"collection":[{"href":"https:\/\/ueberlebenskunst.at\/survivalshop\/wp-json\/wp\/v2\/product"}],"about":[{"href":"https:\/\/ueberlebenskunst.at\/survivalshop\/wp-json\/wp\/v2\/types\/product"}],"replies":[{"embeddable":true,"href":"https:\/\/ueberlebenskunst.at\/survivalshop\/wp-json\/wp\/v2\/comments?post=35854"}],"wp:featuredmedia":[{"embeddable":true,"href":"https:\/\/ueberlebenskunst.at\/survivalshop\/wp-json\/wp\/v2\/media\/44479"}],"wp:attachment":[{"href":"https:\/\/ueberlebenskunst.at\/survivalshop\/wp-json\/wp\/v2\/media?parent=35854"}],"wp:term":[{"taxonomy":"product_brand","embeddable":true,"href":"https:\/\/ueberlebenskunst.at\/survivalshop\/wp-json\/wp\/v2\/product_brand?post=35854"},{"taxonomy":"product_cat","embeddable":true,"href":"https:\/\/ueberlebenskunst.at\/survivalshop\/wp-json\/wp\/v2\/product_cat?post=35854"},{"taxonomy":"product_tag","embeddable":true,"href":"https:\/\/ueberlebenskunst.at\/survivalshop\/wp-json\/wp\/v2\/product_tag?post=35854"}],"curies":[{"name":"wp","href":"https:\/\/api.w.org\/{rel}","templated":true}]}}