{"id":35379,"date":"2021-07-13T11:44:27","date_gmt":"2021-07-13T09:44:27","guid":{"rendered":"https:\/\/ueberlebenskunst.at\/survivalshop\/?post_type=product&#038;p=35379"},"modified":"2024-03-20T18:42:38","modified_gmt":"2024-03-20T17:42:38","slug":"manly-peak-d2","status":"seo-produkt","type":"product","link":"https:\/\/ueberlebenskunst.at\/survivalshop\/shop\/manly-peak-d2\/","title":{"rendered":"MANLY Peak G10"},"content":{"rendered":"<p><iframe hcb-fetch-image-from=\"https:\/\/www.youtube.com\/watch?v=RvM3K6DOTGk\" title=\"Manly Peak: 2-Hand\u00f6ffner und dennoch nicht 42a?\" width=\"640\" height=\"360\" src=\"https:\/\/www.youtube.com\/embed\/RvM3K6DOTGk?feature=oembed\" frameborder=\"0\" allow=\"accelerometer; autoplay; clipboard-write; encrypted-media; gyroscope; picture-in-picture; web-share\" referrerpolicy=\"strict-origin-when-cross-origin\" allowfullscreen><\/iframe><\/p>\n<p>Extrem langlebiges und preiswertes Taschenmesser:<\/p>\n<h3>MANLY Peak G10<\/h3>\n<p>Die Auswahl hochwertiger Materialien, die Ein-Klick-\u00d6ffnung und die scharfe Klinge vereinen sich in jeder Situation.<\/p>\n<p>Der Wende-Clip (Tipp -up\/lr) macht das Messer f\u00fcr Links- und Rechtsh\u00e4nder zug\u00e4nglich.<\/p>\n<h3>In 2 Farben erh\u00e4ltlich:<\/h3>\n<ul>\n<li>Black<\/li>\n<li>Orange<\/li>\n<\/ul>\n<h3>Technische Spezifikation<\/h3>\n<ul>\n<li>Gesamtl\u00e4nge: 22 cm<\/li>\n<li>Klingenl\u00e4nge: 9,4 cm<\/li>\n<li>Gefaltete L\u00e4nge: 12 cm<\/li>\n<li>Klingenst\u00e4rke: 3 mm<\/li>\n<li>Gewicht: 115 g<\/li>\n<li>Klingenmaterial: 1.2379 (D2)<\/li>\n<li>Griffmaterial: G10<\/li>\n<li>Backlock<\/li>\n<li>unbeschichtete Klinge<\/li>\n<li>EDC geeignet<\/li>\n<\/ul>\n","protected":false},"excerpt":{"rendered":"<p>Klappmesser in 2 Farben erh\u00e4ltlich<\/p>\n","protected":false},"featured_media":35384,"comment_status":"open","ping_status":"closed","template":"","meta":{"_acf_changed":false},"product_brand":[],"product_cat":[426],"product_tag":[803,270,769,963],"class_list":{"0":"post-35379","1":"product","2":"type-product","3":"status-seo-produkt","4":"has-post-thumbnail","6":"product_cat-unkategorisiert","7":"product_tag-d2","8":"product_tag-edc","9":"product_tag-g10","10":"product_tag-manly","11":"pa_farbe-black","12":"pa_farbe-orange","14":"first","15":"outofstock","16":"taxable","17":"shipping-taxable","18":"product-type-variable","19":"has-default-attributes"},"acf":[],"yoast_head":"<!-- This site is optimized with the Yoast SEO plugin v27.1.1 - https:\/\/yoast.com\/product\/yoast-seo-wordpress\/ -->\n<title>MANLY Peak G10 - langlebiges und preiswertes Klappmesser<\/title>\n<meta name=\"description\" content=\"Die Auswahl hochwertiger Materialien, die Ein-Klick-\u00d6ffnung und die scharfe Klinge vereinen sich perfekt, f\u00fcr Links- und Rechtsh\u00e4nder.\" \/>\n<meta name=\"robots\" content=\"index, follow, max-snippet:-1, max-image-preview:large, max-video-preview:-1\" \/>\n<link rel=\"canonical\" href=\"https:\/\/ueberlebenskunst.at\/survivalshop\/shop\/manly-peak-d2\/\" \/>\n<meta property=\"og:locale\" content=\"de_DE\" \/>\n<meta property=\"og:type\" content=\"article\" \/>\n<meta property=\"og:title\" content=\"MANLY Peak G10 - langlebiges und preiswertes Klappmesser\" \/>\n<meta property=\"og:description\" content=\"Die Auswahl hochwertiger Materialien, die Ein-Klick-\u00d6ffnung und die scharfe Klinge vereinen sich perfekt, f\u00fcr Links- und Rechtsh\u00e4nder.\" \/>\n<meta property=\"og:url\" content=\"https:\/\/ueberlebenskunst.at\/survivalshop\/shop\/manly-peak-d2\/\" \/>\n<meta property=\"og:site_name\" content=\"Reini Rossmann - Survival Shop\" \/>\n<meta property=\"article:publisher\" content=\"https:\/\/www.facebook.com\/survival24.org\/\" \/>\n<meta property=\"article:modified_time\" content=\"2024-03-20T17:42:38+00:00\" \/>\n<meta property=\"og:image\" content=\"https:\/\/ueberlebenskunst.at\/survivalshop\/wp-content\/uploads\/2021\/07\/Manly-Peak-D2-Orange.jpg\" \/>\n\t<meta property=\"og:image:width\" content=\"538\" \/>\n\t<meta property=\"og:image:height\" content=\"367\" \/>\n\t<meta property=\"og:image:type\" content=\"image\/jpeg\" \/>\n<meta name=\"twitter:card\" content=\"summary_large_image\" \/>\n<meta name=\"twitter:label1\" content=\"Gesch\u00e4tzte Lesezeit\" \/>\n\t<meta name=\"twitter:data1\" content=\"1\u00a0Minute\" \/>\n<script type=\"application\/ld+json\" class=\"yoast-schema-graph\">{\"@context\":\"https:\/\/schema.org\",\"@graph\":[{\"@type\":\"WebPage\",\"@id\":\"https:\/\/ueberlebenskunst.at\/survivalshop\/shop\/manly-peak-d2\/\",\"url\":\"https:\/\/ueberlebenskunst.at\/survivalshop\/shop\/manly-peak-d2\/\",\"name\":\"MANLY Peak G10 - langlebiges und preiswertes Klappmesser\",\"isPartOf\":{\"@id\":\"https:\/\/ueberlebenskunst.at\/survivalshop\/#website\"},\"primaryImageOfPage\":{\"@id\":\"https:\/\/ueberlebenskunst.at\/survivalshop\/shop\/manly-peak-d2\/#primaryimage\"},\"image\":{\"@id\":\"https:\/\/ueberlebenskunst.at\/survivalshop\/shop\/manly-peak-d2\/#primaryimage\"},\"thumbnailUrl\":\"https:\/\/ueberlebenskunst.at\/survivalshop\/wp-content\/uploads\/2021\/07\/Manly-Peak-D2-Orange.jpg\",\"datePublished\":\"2021-07-13T09:44:27+00:00\",\"dateModified\":\"2024-03-20T17:42:38+00:00\",\"description\":\"Die Auswahl hochwertiger Materialien, die Ein-Klick-\u00d6ffnung und die scharfe Klinge vereinen sich perfekt, f\u00fcr Links- und Rechtsh\u00e4nder.\",\"breadcrumb\":{\"@id\":\"https:\/\/ueberlebenskunst.at\/survivalshop\/shop\/manly-peak-d2\/#breadcrumb\"},\"inLanguage\":\"de\",\"potentialAction\":[{\"@type\":\"ReadAction\",\"target\":[\"https:\/\/ueberlebenskunst.at\/survivalshop\/shop\/manly-peak-d2\/\"]}]},{\"@type\":\"ImageObject\",\"inLanguage\":\"de\",\"@id\":\"https:\/\/ueberlebenskunst.at\/survivalshop\/shop\/manly-peak-d2\/#primaryimage\",\"url\":\"https:\/\/ueberlebenskunst.at\/survivalshop\/wp-content\/uploads\/2021\/07\/Manly-Peak-D2-Orange.jpg\",\"contentUrl\":\"https:\/\/ueberlebenskunst.at\/survivalshop\/wp-content\/uploads\/2021\/07\/Manly-Peak-D2-Orange.jpg\",\"width\":538,\"height\":367},{\"@type\":\"BreadcrumbList\",\"@id\":\"https:\/\/ueberlebenskunst.at\/survivalshop\/shop\/manly-peak-d2\/#breadcrumb\",\"itemListElement\":[{\"@type\":\"ListItem\",\"position\":1,\"name\":\"Startseite\",\"item\":\"https:\/\/ueberlebenskunst.at\/survivalshop\/\"},{\"@type\":\"ListItem\",\"position\":2,\"name\":\"Shop\",\"item\":\"https:\/\/ueberlebenskunst.at\/survivalshop\/shop\/\"},{\"@type\":\"ListItem\",\"position\":3,\"name\":\"MANLY Peak G10\"}]},{\"@type\":\"WebSite\",\"@id\":\"https:\/\/ueberlebenskunst.at\/survivalshop\/#website\",\"url\":\"https:\/\/ueberlebenskunst.at\/survivalshop\/\",\"name\":\"Reini Rossmann - Survival Shop\",\"description\":\"Survival Shop f\u00fcr Survival, Bushcraft und Prepper\",\"potentialAction\":[{\"@type\":\"SearchAction\",\"target\":{\"@type\":\"EntryPoint\",\"urlTemplate\":\"https:\/\/ueberlebenskunst.at\/survivalshop\/?s={search_term_string}\"},\"query-input\":{\"@type\":\"PropertyValueSpecification\",\"valueRequired\":true,\"valueName\":\"search_term_string\"}}],\"inLanguage\":\"de\"}]}<\/script>\n<!-- \/ Yoast SEO plugin. -->","yoast_head_json":{"title":"MANLY Peak G10 - langlebiges und preiswertes Klappmesser","description":"Die Auswahl hochwertiger Materialien, die Ein-Klick-\u00d6ffnung und die scharfe Klinge vereinen sich perfekt, f\u00fcr Links- und Rechtsh\u00e4nder.","robots":{"index":"index","follow":"follow","max-snippet":"max-snippet:-1","max-image-preview":"max-image-preview:large","max-video-preview":"max-video-preview:-1"},"canonical":"https:\/\/ueberlebenskunst.at\/survivalshop\/shop\/manly-peak-d2\/","og_locale":"de_DE","og_type":"article","og_title":"MANLY Peak G10 - langlebiges und preiswertes Klappmesser","og_description":"Die Auswahl hochwertiger Materialien, die Ein-Klick-\u00d6ffnung und die scharfe Klinge vereinen sich perfekt, f\u00fcr Links- und Rechtsh\u00e4nder.","og_url":"https:\/\/ueberlebenskunst.at\/survivalshop\/shop\/manly-peak-d2\/","og_site_name":"Reini Rossmann - Survival Shop","article_publisher":"https:\/\/www.facebook.com\/survival24.org\/","article_modified_time":"2024-03-20T17:42:38+00:00","og_image":[{"width":538,"height":367,"url":"https:\/\/ueberlebenskunst.at\/survivalshop\/wp-content\/uploads\/2021\/07\/Manly-Peak-D2-Orange.jpg","type":"image\/jpeg"}],"twitter_card":"summary_large_image","twitter_misc":{"Gesch\u00e4tzte Lesezeit":"1\u00a0Minute"},"schema":{"@context":"https:\/\/schema.org","@graph":[{"@type":"WebPage","@id":"https:\/\/ueberlebenskunst.at\/survivalshop\/shop\/manly-peak-d2\/","url":"https:\/\/ueberlebenskunst.at\/survivalshop\/shop\/manly-peak-d2\/","name":"MANLY Peak G10 - langlebiges und preiswertes Klappmesser","isPartOf":{"@id":"https:\/\/ueberlebenskunst.at\/survivalshop\/#website"},"primaryImageOfPage":{"@id":"https:\/\/ueberlebenskunst.at\/survivalshop\/shop\/manly-peak-d2\/#primaryimage"},"image":{"@id":"https:\/\/ueberlebenskunst.at\/survivalshop\/shop\/manly-peak-d2\/#primaryimage"},"thumbnailUrl":"https:\/\/ueberlebenskunst.at\/survivalshop\/wp-content\/uploads\/2021\/07\/Manly-Peak-D2-Orange.jpg","datePublished":"2021-07-13T09:44:27+00:00","dateModified":"2024-03-20T17:42:38+00:00","description":"Die Auswahl hochwertiger Materialien, die Ein-Klick-\u00d6ffnung und die scharfe Klinge vereinen sich perfekt, f\u00fcr Links- und Rechtsh\u00e4nder.","breadcrumb":{"@id":"https:\/\/ueberlebenskunst.at\/survivalshop\/shop\/manly-peak-d2\/#breadcrumb"},"inLanguage":"de","potentialAction":[{"@type":"ReadAction","target":["https:\/\/ueberlebenskunst.at\/survivalshop\/shop\/manly-peak-d2\/"]}]},{"@type":"ImageObject","inLanguage":"de","@id":"https:\/\/ueberlebenskunst.at\/survivalshop\/shop\/manly-peak-d2\/#primaryimage","url":"https:\/\/ueberlebenskunst.at\/survivalshop\/wp-content\/uploads\/2021\/07\/Manly-Peak-D2-Orange.jpg","contentUrl":"https:\/\/ueberlebenskunst.at\/survivalshop\/wp-content\/uploads\/2021\/07\/Manly-Peak-D2-Orange.jpg","width":538,"height":367},{"@type":"BreadcrumbList","@id":"https:\/\/ueberlebenskunst.at\/survivalshop\/shop\/manly-peak-d2\/#breadcrumb","itemListElement":[{"@type":"ListItem","position":1,"name":"Startseite","item":"https:\/\/ueberlebenskunst.at\/survivalshop\/"},{"@type":"ListItem","position":2,"name":"Shop","item":"https:\/\/ueberlebenskunst.at\/survivalshop\/shop\/"},{"@type":"ListItem","position":3,"name":"MANLY Peak G10"}]},{"@type":"WebSite","@id":"https:\/\/ueberlebenskunst.at\/survivalshop\/#website","url":"https:\/\/ueberlebenskunst.at\/survivalshop\/","name":"Reini Rossmann - Survival Shop","description":"Survival Shop f\u00fcr Survival, Bushcraft und Prepper","potentialAction":[{"@type":"SearchAction","target":{"@type":"EntryPoint","urlTemplate":"https:\/\/ueberlebenskunst.at\/survivalshop\/?s={search_term_string}"},"query-input":{"@type":"PropertyValueSpecification","valueRequired":true,"valueName":"search_term_string"}}],"inLanguage":"de"}]}},"_links":{"self":[{"href":"https:\/\/ueberlebenskunst.at\/survivalshop\/wp-json\/wp\/v2\/product\/35379","targetHints":{"allow":["GET"]}}],"collection":[{"href":"https:\/\/ueberlebenskunst.at\/survivalshop\/wp-json\/wp\/v2\/product"}],"about":[{"href":"https:\/\/ueberlebenskunst.at\/survivalshop\/wp-json\/wp\/v2\/types\/product"}],"replies":[{"embeddable":true,"href":"https:\/\/ueberlebenskunst.at\/survivalshop\/wp-json\/wp\/v2\/comments?post=35379"}],"wp:featuredmedia":[{"embeddable":true,"href":"https:\/\/ueberlebenskunst.at\/survivalshop\/wp-json\/wp\/v2\/media\/35384"}],"wp:attachment":[{"href":"https:\/\/ueberlebenskunst.at\/survivalshop\/wp-json\/wp\/v2\/media?parent=35379"}],"wp:term":[{"taxonomy":"product_brand","embeddable":true,"href":"https:\/\/ueberlebenskunst.at\/survivalshop\/wp-json\/wp\/v2\/product_brand?post=35379"},{"taxonomy":"product_cat","embeddable":true,"href":"https:\/\/ueberlebenskunst.at\/survivalshop\/wp-json\/wp\/v2\/product_cat?post=35379"},{"taxonomy":"product_tag","embeddable":true,"href":"https:\/\/ueberlebenskunst.at\/survivalshop\/wp-json\/wp\/v2\/product_tag?post=35379"}],"curies":[{"name":"wp","href":"https:\/\/api.w.org\/{rel}","templated":true}]}}