{"id":35363,"date":"2021-07-13T10:57:25","date_gmt":"2021-07-13T08:57:25","guid":{"rendered":"https:\/\/ueberlebenskunst.at\/survivalshop\/?post_type=product&#038;p=35363"},"modified":"2025-02-19T09:36:30","modified_gmt":"2025-02-19T08:36:30","slug":"manly-city-14c28n","status":"seo-produkt","type":"product","link":"https:\/\/ueberlebenskunst.at\/survivalshop\/shop\/manly-city-14c28n\/","title":{"rendered":"MANLY City 14C28N"},"content":{"rendered":"<p>Wie sein Name bereits sagt, ist es ein au\u00dfergew\u00f6hnliches Alltagsmesser f\u00fcr die Stadt:<\/p>\n<h3>MANLY City 14C28N<\/h3>\n<p>Die Klinge ist vollfl\u00e4chig geschliffen und besteht aus 14C28N Stahl von Sandvik.<\/p>\n<p>Aufgrund des umkehrbaren Taschenclips und des doppelten Daumenknopfes ist dieses Modell f\u00fcr Links- und Rechtsh\u00e4nder geeignet.<\/p>\n<p>Das Manly City Taschenmesser ist in <strong>6 Farben erh\u00e4ltlich<\/strong>:<\/p>\n<ul>\n<li>Black<\/li>\n<li>Orange<\/li>\n<li>Digicamo<\/li>\n<li>Military green<\/li>\n<li>Black\/Red<\/li>\n<li>Black\/Toxic<\/li>\n<\/ul>\n<h3>Produktdaten:<\/h3>\n<ul>\n<li>Gesamtl\u00e4nge: 17,7 cm<\/li>\n<li>Klingenl\u00e4nge: 7 cm<\/li>\n<li>L\u00e4nge zusammengeklappt: 10,5 cm<\/li>\n<li>Klingenst\u00e4rke: 2,7 mm<\/li>\n<li>Gewicht: 95 g<\/li>\n<li>Griffmaterial: G10<\/li>\n<li>Lockback<\/li>\n<li>Klingenfarbe: unbeschichtet<\/li>\n<li>EDC geeignet<\/li>\n<\/ul>\n","protected":false},"excerpt":{"rendered":"<p>Klappmesser in 6 Farben erh\u00e4ltlich<\/p>\n","protected":false},"featured_media":35366,"comment_status":"open","ping_status":"closed","template":"","meta":{"_acf_changed":false},"product_brand":[],"product_cat":[426],"product_tag":[270,769,963],"class_list":{"0":"post-35363","1":"product","2":"type-product","3":"status-seo-produkt","4":"has-post-thumbnail","6":"product_cat-unkategorisiert","7":"product_tag-edc","8":"product_tag-g10","9":"product_tag-manly","10":"pa_farbe-black","11":"pa_farbe-black-red","12":"pa_farbe-black-toxic","13":"pa_farbe-digicamo","14":"pa_farbe-military-green","15":"pa_farbe-orange","17":"first","18":"outofstock","19":"sale","20":"taxable","21":"shipping-taxable","22":"product-type-variable","23":"has-default-attributes"},"acf":[],"yoast_head":"<!-- This site is optimized with the Yoast SEO plugin v27.1.1 - https:\/\/yoast.com\/product\/yoast-seo-wordpress\/ -->\n<title>MANLY City 14C28N - Alltagsmesser in 6 Farben erh\u00e4ltlich<\/title>\n<meta name=\"description\" content=\"Die Klinge ist vollfl\u00e4chig geschliffen und besteht aus 14C28N Stahl von Sandvik. Das Manly City Taschenmesser ist in 6 Farben erh\u00e4ltlich.\" \/>\n<meta name=\"robots\" content=\"index, follow, max-snippet:-1, max-image-preview:large, max-video-preview:-1\" \/>\n<link rel=\"canonical\" href=\"https:\/\/ueberlebenskunst.at\/survivalshop\/shop\/manly-city-14c28n\/\" \/>\n<meta property=\"og:locale\" content=\"de_DE\" \/>\n<meta property=\"og:type\" content=\"article\" \/>\n<meta property=\"og:title\" content=\"MANLY City 14C28N - Alltagsmesser in 6 Farben erh\u00e4ltlich\" \/>\n<meta property=\"og:description\" content=\"Die Klinge ist vollfl\u00e4chig geschliffen und besteht aus 14C28N Stahl von Sandvik. Das Manly City Taschenmesser ist in 6 Farben erh\u00e4ltlich.\" \/>\n<meta property=\"og:url\" content=\"https:\/\/ueberlebenskunst.at\/survivalshop\/shop\/manly-city-14c28n\/\" \/>\n<meta property=\"og:site_name\" content=\"Reini Rossmann - Survival Shop\" \/>\n<meta property=\"article:publisher\" content=\"https:\/\/www.facebook.com\/survival24.org\/\" \/>\n<meta property=\"article:modified_time\" content=\"2025-02-19T08:36:30+00:00\" \/>\n<meta property=\"og:image\" content=\"https:\/\/ueberlebenskunst.at\/survivalshop\/wp-content\/uploads\/2021\/07\/Manly-City-14C28N-Black.jpg\" \/>\n\t<meta property=\"og:image:width\" content=\"479\" \/>\n\t<meta property=\"og:image:height\" content=\"360\" \/>\n\t<meta property=\"og:image:type\" content=\"image\/jpeg\" \/>\n<meta name=\"twitter:card\" content=\"summary_large_image\" \/>\n<meta name=\"twitter:label1\" content=\"Gesch\u00e4tzte Lesezeit\" \/>\n\t<meta name=\"twitter:data1\" content=\"1\u00a0Minute\" \/>\n<script type=\"application\/ld+json\" class=\"yoast-schema-graph\">{\"@context\":\"https:\/\/schema.org\",\"@graph\":[{\"@type\":\"WebPage\",\"@id\":\"https:\/\/ueberlebenskunst.at\/survivalshop\/shop\/manly-city-14c28n\/\",\"url\":\"https:\/\/ueberlebenskunst.at\/survivalshop\/shop\/manly-city-14c28n\/\",\"name\":\"MANLY City 14C28N - Alltagsmesser in 6 Farben erh\u00e4ltlich\",\"isPartOf\":{\"@id\":\"https:\/\/ueberlebenskunst.at\/survivalshop\/#website\"},\"primaryImageOfPage\":{\"@id\":\"https:\/\/ueberlebenskunst.at\/survivalshop\/shop\/manly-city-14c28n\/#primaryimage\"},\"image\":{\"@id\":\"https:\/\/ueberlebenskunst.at\/survivalshop\/shop\/manly-city-14c28n\/#primaryimage\"},\"thumbnailUrl\":\"https:\/\/ueberlebenskunst.at\/survivalshop\/wp-content\/uploads\/2021\/07\/Manly-City-14C28N-Black.jpg\",\"datePublished\":\"2021-07-13T08:57:25+00:00\",\"dateModified\":\"2025-02-19T08:36:30+00:00\",\"description\":\"Die Klinge ist vollfl\u00e4chig geschliffen und besteht aus 14C28N Stahl von Sandvik. Das Manly City Taschenmesser ist in 6 Farben erh\u00e4ltlich.\",\"breadcrumb\":{\"@id\":\"https:\/\/ueberlebenskunst.at\/survivalshop\/shop\/manly-city-14c28n\/#breadcrumb\"},\"inLanguage\":\"de\",\"potentialAction\":[{\"@type\":\"ReadAction\",\"target\":[\"https:\/\/ueberlebenskunst.at\/survivalshop\/shop\/manly-city-14c28n\/\"]}]},{\"@type\":\"ImageObject\",\"inLanguage\":\"de\",\"@id\":\"https:\/\/ueberlebenskunst.at\/survivalshop\/shop\/manly-city-14c28n\/#primaryimage\",\"url\":\"https:\/\/ueberlebenskunst.at\/survivalshop\/wp-content\/uploads\/2021\/07\/Manly-City-14C28N-Black.jpg\",\"contentUrl\":\"https:\/\/ueberlebenskunst.at\/survivalshop\/wp-content\/uploads\/2021\/07\/Manly-City-14C28N-Black.jpg\",\"width\":479,\"height\":360},{\"@type\":\"BreadcrumbList\",\"@id\":\"https:\/\/ueberlebenskunst.at\/survivalshop\/shop\/manly-city-14c28n\/#breadcrumb\",\"itemListElement\":[{\"@type\":\"ListItem\",\"position\":1,\"name\":\"Startseite\",\"item\":\"https:\/\/ueberlebenskunst.at\/survivalshop\/\"},{\"@type\":\"ListItem\",\"position\":2,\"name\":\"Shop\",\"item\":\"https:\/\/ueberlebenskunst.at\/survivalshop\/shop\/\"},{\"@type\":\"ListItem\",\"position\":3,\"name\":\"MANLY City 14C28N\"}]},{\"@type\":\"WebSite\",\"@id\":\"https:\/\/ueberlebenskunst.at\/survivalshop\/#website\",\"url\":\"https:\/\/ueberlebenskunst.at\/survivalshop\/\",\"name\":\"Reini Rossmann - Survival Shop\",\"description\":\"Survival Shop f\u00fcr Survival, Bushcraft und Prepper\",\"potentialAction\":[{\"@type\":\"SearchAction\",\"target\":{\"@type\":\"EntryPoint\",\"urlTemplate\":\"https:\/\/ueberlebenskunst.at\/survivalshop\/?s={search_term_string}\"},\"query-input\":{\"@type\":\"PropertyValueSpecification\",\"valueRequired\":true,\"valueName\":\"search_term_string\"}}],\"inLanguage\":\"de\"}]}<\/script>\n<!-- \/ Yoast SEO plugin. -->","yoast_head_json":{"title":"MANLY City 14C28N - Alltagsmesser in 6 Farben erh\u00e4ltlich","description":"Die Klinge ist vollfl\u00e4chig geschliffen und besteht aus 14C28N Stahl von Sandvik. Das Manly City Taschenmesser ist in 6 Farben erh\u00e4ltlich.","robots":{"index":"index","follow":"follow","max-snippet":"max-snippet:-1","max-image-preview":"max-image-preview:large","max-video-preview":"max-video-preview:-1"},"canonical":"https:\/\/ueberlebenskunst.at\/survivalshop\/shop\/manly-city-14c28n\/","og_locale":"de_DE","og_type":"article","og_title":"MANLY City 14C28N - Alltagsmesser in 6 Farben erh\u00e4ltlich","og_description":"Die Klinge ist vollfl\u00e4chig geschliffen und besteht aus 14C28N Stahl von Sandvik. Das Manly City Taschenmesser ist in 6 Farben erh\u00e4ltlich.","og_url":"https:\/\/ueberlebenskunst.at\/survivalshop\/shop\/manly-city-14c28n\/","og_site_name":"Reini Rossmann - Survival Shop","article_publisher":"https:\/\/www.facebook.com\/survival24.org\/","article_modified_time":"2025-02-19T08:36:30+00:00","og_image":[{"width":479,"height":360,"url":"https:\/\/ueberlebenskunst.at\/survivalshop\/wp-content\/uploads\/2021\/07\/Manly-City-14C28N-Black.jpg","type":"image\/jpeg"}],"twitter_card":"summary_large_image","twitter_misc":{"Gesch\u00e4tzte Lesezeit":"1\u00a0Minute"},"schema":{"@context":"https:\/\/schema.org","@graph":[{"@type":"WebPage","@id":"https:\/\/ueberlebenskunst.at\/survivalshop\/shop\/manly-city-14c28n\/","url":"https:\/\/ueberlebenskunst.at\/survivalshop\/shop\/manly-city-14c28n\/","name":"MANLY City 14C28N - Alltagsmesser in 6 Farben erh\u00e4ltlich","isPartOf":{"@id":"https:\/\/ueberlebenskunst.at\/survivalshop\/#website"},"primaryImageOfPage":{"@id":"https:\/\/ueberlebenskunst.at\/survivalshop\/shop\/manly-city-14c28n\/#primaryimage"},"image":{"@id":"https:\/\/ueberlebenskunst.at\/survivalshop\/shop\/manly-city-14c28n\/#primaryimage"},"thumbnailUrl":"https:\/\/ueberlebenskunst.at\/survivalshop\/wp-content\/uploads\/2021\/07\/Manly-City-14C28N-Black.jpg","datePublished":"2021-07-13T08:57:25+00:00","dateModified":"2025-02-19T08:36:30+00:00","description":"Die Klinge ist vollfl\u00e4chig geschliffen und besteht aus 14C28N Stahl von Sandvik. Das Manly City Taschenmesser ist in 6 Farben erh\u00e4ltlich.","breadcrumb":{"@id":"https:\/\/ueberlebenskunst.at\/survivalshop\/shop\/manly-city-14c28n\/#breadcrumb"},"inLanguage":"de","potentialAction":[{"@type":"ReadAction","target":["https:\/\/ueberlebenskunst.at\/survivalshop\/shop\/manly-city-14c28n\/"]}]},{"@type":"ImageObject","inLanguage":"de","@id":"https:\/\/ueberlebenskunst.at\/survivalshop\/shop\/manly-city-14c28n\/#primaryimage","url":"https:\/\/ueberlebenskunst.at\/survivalshop\/wp-content\/uploads\/2021\/07\/Manly-City-14C28N-Black.jpg","contentUrl":"https:\/\/ueberlebenskunst.at\/survivalshop\/wp-content\/uploads\/2021\/07\/Manly-City-14C28N-Black.jpg","width":479,"height":360},{"@type":"BreadcrumbList","@id":"https:\/\/ueberlebenskunst.at\/survivalshop\/shop\/manly-city-14c28n\/#breadcrumb","itemListElement":[{"@type":"ListItem","position":1,"name":"Startseite","item":"https:\/\/ueberlebenskunst.at\/survivalshop\/"},{"@type":"ListItem","position":2,"name":"Shop","item":"https:\/\/ueberlebenskunst.at\/survivalshop\/shop\/"},{"@type":"ListItem","position":3,"name":"MANLY City 14C28N"}]},{"@type":"WebSite","@id":"https:\/\/ueberlebenskunst.at\/survivalshop\/#website","url":"https:\/\/ueberlebenskunst.at\/survivalshop\/","name":"Reini Rossmann - Survival Shop","description":"Survival Shop f\u00fcr Survival, Bushcraft und Prepper","potentialAction":[{"@type":"SearchAction","target":{"@type":"EntryPoint","urlTemplate":"https:\/\/ueberlebenskunst.at\/survivalshop\/?s={search_term_string}"},"query-input":{"@type":"PropertyValueSpecification","valueRequired":true,"valueName":"search_term_string"}}],"inLanguage":"de"}]}},"_links":{"self":[{"href":"https:\/\/ueberlebenskunst.at\/survivalshop\/wp-json\/wp\/v2\/product\/35363","targetHints":{"allow":["GET"]}}],"collection":[{"href":"https:\/\/ueberlebenskunst.at\/survivalshop\/wp-json\/wp\/v2\/product"}],"about":[{"href":"https:\/\/ueberlebenskunst.at\/survivalshop\/wp-json\/wp\/v2\/types\/product"}],"replies":[{"embeddable":true,"href":"https:\/\/ueberlebenskunst.at\/survivalshop\/wp-json\/wp\/v2\/comments?post=35363"}],"wp:featuredmedia":[{"embeddable":true,"href":"https:\/\/ueberlebenskunst.at\/survivalshop\/wp-json\/wp\/v2\/media\/35366"}],"wp:attachment":[{"href":"https:\/\/ueberlebenskunst.at\/survivalshop\/wp-json\/wp\/v2\/media?parent=35363"}],"wp:term":[{"taxonomy":"product_brand","embeddable":true,"href":"https:\/\/ueberlebenskunst.at\/survivalshop\/wp-json\/wp\/v2\/product_brand?post=35363"},{"taxonomy":"product_cat","embeddable":true,"href":"https:\/\/ueberlebenskunst.at\/survivalshop\/wp-json\/wp\/v2\/product_cat?post=35363"},{"taxonomy":"product_tag","embeddable":true,"href":"https:\/\/ueberlebenskunst.at\/survivalshop\/wp-json\/wp\/v2\/product_tag?post=35363"}],"curies":[{"name":"wp","href":"https:\/\/api.w.org\/{rel}","templated":true}]}}