{"id":3402,"date":"2016-02-26T10:07:33","date_gmt":"2016-02-26T08:07:33","guid":{"rendered":"https:\/\/ueberlebenskunst.at\/survivalshop\/survivalshop\/?post_type=product&#038;p=3402"},"modified":"2024-03-21T09:31:34","modified_gmt":"2024-03-21T08:31:34","slug":"tt-mission-pack-37-liter","status":"seo-produkt","type":"product","link":"https:\/\/ueberlebenskunst.at\/survivalshop\/shop\/tt-mission-pack-37-liter\/","title":{"rendered":"TT MISSION PACK MKII 37 Liter"},"content":{"rendered":"<p>Tausendfach im Einsatz &#8211; Das Tasmanian Tiger Mission Pack mit 37 Liter Volumen. Dieser Frontlader geh\u00f6rt zu den beliebtesten TT Rucks\u00e4cken in diesem Anwendungsbereich.<\/p>\n<h3>Produktdaten im Detail:<\/h3>\n<ul>\n<li>2 gro\u00dfe Hauptf\u00e4cher mit diversen Unterteilungen, Netztaschen und Schlaufen (Details findest Du in meinem Produktreview Video)<\/li>\n<li>Sechs Schlauch- bzw. Antennendurchl\u00e4sse an den Haupt- und Frontf\u00e4chern, also viele M\u00f6glichkeiten den Rucksack an Deine Bed\u00fcrfnisse anzupassen<\/li>\n<li>Herausnehmbare R\u00fcckenplatte mit Aluschiene, die zur Not auch als Sitzkissen bzw. Survival-Notfall-Unterlage dienen kann<\/li>\n<li>MOLLE-System auf den Seiten und der Fronttasche, f\u00fcr Zubeh\u00f6r wie zum Beispiel Tac-Pouches<\/li>\n<li>H\u00fcftgurt mit 2 seitlich angebrachten Rei\u00dfverschlusstaschen<\/li>\n<li>Padded Back-Tragesystem mit formbarer R\u00fcckenplatte<\/li>\n<li>Eigengewicht ca. 2 kg<\/li>\n<li>Abmessungen des Mission Packs liegen bei 55 x 28 x 20 cm<\/li>\n<\/ul>\n","protected":false},"excerpt":{"rendered":"<p>Kurzer Einsatz f\u00fcr maximal 2 Tage? Dann ist das Mission Pack eine gute Wahl&#8230;<\/p>\n","protected":false},"featured_media":4917,"comment_status":"open","ping_status":"closed","template":"","meta":{"_acf_changed":false},"product_brand":[],"product_cat":[1101],"product_tag":[269,199],"class_list":{"0":"post-3402","1":"product","2":"type-product","3":"status-seo-produkt","4":"has-post-thumbnail","6":"product_cat-ausruestung","7":"product_tag-bug-out-bag","8":"product_tag-tasmanian-tiger","9":"pa_farbe-carbon","10":"pa_farbe-coyote-brown","11":"pa_farbe-khaki","12":"pa_farbe-multicam","13":"pa_farbe-oliv","14":"pa_farbe-schwarz","15":"pa_farbe-titan-grey","17":"first","18":"outofstock","19":"sale","20":"taxable","21":"shipping-taxable","22":"product-type-variable","23":"has-default-attributes"},"acf":[],"yoast_head":"<!-- This site is optimized with the Yoast SEO plugin v27.1.1 - https:\/\/yoast.com\/product\/yoast-seo-wordpress\/ -->\n<title>TT MISSION PACK MKII 37 Liter - Reini Rossmann - Survival Shop<\/title>\n<meta name=\"robots\" content=\"index, follow, max-snippet:-1, max-image-preview:large, max-video-preview:-1\" \/>\n<link rel=\"canonical\" href=\"https:\/\/ueberlebenskunst.at\/survivalshop\/shop\/tt-mission-pack-37-liter\/\" \/>\n<meta property=\"og:locale\" content=\"de_DE\" \/>\n<meta property=\"og:type\" content=\"article\" \/>\n<meta property=\"og:title\" content=\"TT MISSION PACK MKII 37 Liter - Reini Rossmann - Survival Shop\" \/>\n<meta property=\"og:description\" content=\"Kurzer Einsatz f\u00fcr maximal 2 Tage? Dann ist das Mission Pack eine gute Wahl...\" \/>\n<meta property=\"og:url\" content=\"https:\/\/ueberlebenskunst.at\/survivalshop\/shop\/tt-mission-pack-37-liter\/\" \/>\n<meta property=\"og:site_name\" content=\"Reini Rossmann - Survival Shop\" \/>\n<meta property=\"article:publisher\" content=\"https:\/\/www.facebook.com\/survival24.org\/\" \/>\n<meta property=\"article:modified_time\" content=\"2024-03-21T08:31:34+00:00\" \/>\n<meta property=\"og:image\" content=\"https:\/\/ueberlebenskunst.at\/survivalshop\/wp-content\/uploads\/2016\/02\/Bildschirmfoto-2017-05-12-um-09.12.44.png\" \/>\n\t<meta property=\"og:image:width\" content=\"296\" \/>\n\t<meta property=\"og:image:height\" content=\"344\" \/>\n\t<meta property=\"og:image:type\" content=\"image\/png\" \/>\n<meta name=\"twitter:card\" content=\"summary_large_image\" \/>\n<meta name=\"twitter:label1\" content=\"Gesch\u00e4tzte Lesezeit\" \/>\n\t<meta name=\"twitter:data1\" content=\"1\u00a0Minute\" \/>\n<script type=\"application\/ld+json\" class=\"yoast-schema-graph\">{\"@context\":\"https:\/\/schema.org\",\"@graph\":[{\"@type\":\"WebPage\",\"@id\":\"https:\/\/ueberlebenskunst.at\/survivalshop\/shop\/tt-mission-pack-37-liter\/\",\"url\":\"https:\/\/ueberlebenskunst.at\/survivalshop\/shop\/tt-mission-pack-37-liter\/\",\"name\":\"TT MISSION PACK MKII 37 Liter - Reini Rossmann - Survival Shop\",\"isPartOf\":{\"@id\":\"https:\/\/ueberlebenskunst.at\/survivalshop\/#website\"},\"primaryImageOfPage\":{\"@id\":\"https:\/\/ueberlebenskunst.at\/survivalshop\/shop\/tt-mission-pack-37-liter\/#primaryimage\"},\"image\":{\"@id\":\"https:\/\/ueberlebenskunst.at\/survivalshop\/shop\/tt-mission-pack-37-liter\/#primaryimage\"},\"thumbnailUrl\":\"https:\/\/ueberlebenskunst.at\/survivalshop\/wp-content\/uploads\/2016\/02\/Bildschirmfoto-2017-05-12-um-09.12.44.png\",\"datePublished\":\"2016-02-26T08:07:33+00:00\",\"dateModified\":\"2024-03-21T08:31:34+00:00\",\"breadcrumb\":{\"@id\":\"https:\/\/ueberlebenskunst.at\/survivalshop\/shop\/tt-mission-pack-37-liter\/#breadcrumb\"},\"inLanguage\":\"de\",\"potentialAction\":[{\"@type\":\"ReadAction\",\"target\":[\"https:\/\/ueberlebenskunst.at\/survivalshop\/shop\/tt-mission-pack-37-liter\/\"]}]},{\"@type\":\"ImageObject\",\"inLanguage\":\"de\",\"@id\":\"https:\/\/ueberlebenskunst.at\/survivalshop\/shop\/tt-mission-pack-37-liter\/#primaryimage\",\"url\":\"https:\/\/ueberlebenskunst.at\/survivalshop\/wp-content\/uploads\/2016\/02\/Bildschirmfoto-2017-05-12-um-09.12.44.png\",\"contentUrl\":\"https:\/\/ueberlebenskunst.at\/survivalshop\/wp-content\/uploads\/2016\/02\/Bildschirmfoto-2017-05-12-um-09.12.44.png\",\"width\":296,\"height\":344},{\"@type\":\"BreadcrumbList\",\"@id\":\"https:\/\/ueberlebenskunst.at\/survivalshop\/shop\/tt-mission-pack-37-liter\/#breadcrumb\",\"itemListElement\":[{\"@type\":\"ListItem\",\"position\":1,\"name\":\"Startseite\",\"item\":\"https:\/\/ueberlebenskunst.at\/survivalshop\/\"},{\"@type\":\"ListItem\",\"position\":2,\"name\":\"Shop\",\"item\":\"https:\/\/ueberlebenskunst.at\/survivalshop\/shop\/\"},{\"@type\":\"ListItem\",\"position\":3,\"name\":\"TT MISSION PACK MKII 37 Liter\"}]},{\"@type\":\"WebSite\",\"@id\":\"https:\/\/ueberlebenskunst.at\/survivalshop\/#website\",\"url\":\"https:\/\/ueberlebenskunst.at\/survivalshop\/\",\"name\":\"Reini Rossmann - Survival Shop\",\"description\":\"Survival Shop f\u00fcr Survival, Bushcraft und Prepper\",\"potentialAction\":[{\"@type\":\"SearchAction\",\"target\":{\"@type\":\"EntryPoint\",\"urlTemplate\":\"https:\/\/ueberlebenskunst.at\/survivalshop\/?s={search_term_string}\"},\"query-input\":{\"@type\":\"PropertyValueSpecification\",\"valueRequired\":true,\"valueName\":\"search_term_string\"}}],\"inLanguage\":\"de\"}]}<\/script>\n<!-- \/ Yoast SEO plugin. -->","yoast_head_json":{"title":"TT MISSION PACK MKII 37 Liter - Reini Rossmann - Survival Shop","robots":{"index":"index","follow":"follow","max-snippet":"max-snippet:-1","max-image-preview":"max-image-preview:large","max-video-preview":"max-video-preview:-1"},"canonical":"https:\/\/ueberlebenskunst.at\/survivalshop\/shop\/tt-mission-pack-37-liter\/","og_locale":"de_DE","og_type":"article","og_title":"TT MISSION PACK MKII 37 Liter - Reini Rossmann - Survival Shop","og_description":"Kurzer Einsatz f\u00fcr maximal 2 Tage? Dann ist das Mission Pack eine gute Wahl...","og_url":"https:\/\/ueberlebenskunst.at\/survivalshop\/shop\/tt-mission-pack-37-liter\/","og_site_name":"Reini Rossmann - Survival Shop","article_publisher":"https:\/\/www.facebook.com\/survival24.org\/","article_modified_time":"2024-03-21T08:31:34+00:00","og_image":[{"width":296,"height":344,"url":"https:\/\/ueberlebenskunst.at\/survivalshop\/wp-content\/uploads\/2016\/02\/Bildschirmfoto-2017-05-12-um-09.12.44.png","type":"image\/png"}],"twitter_card":"summary_large_image","twitter_misc":{"Gesch\u00e4tzte Lesezeit":"1\u00a0Minute"},"schema":{"@context":"https:\/\/schema.org","@graph":[{"@type":"WebPage","@id":"https:\/\/ueberlebenskunst.at\/survivalshop\/shop\/tt-mission-pack-37-liter\/","url":"https:\/\/ueberlebenskunst.at\/survivalshop\/shop\/tt-mission-pack-37-liter\/","name":"TT MISSION PACK MKII 37 Liter - Reini Rossmann - Survival Shop","isPartOf":{"@id":"https:\/\/ueberlebenskunst.at\/survivalshop\/#website"},"primaryImageOfPage":{"@id":"https:\/\/ueberlebenskunst.at\/survivalshop\/shop\/tt-mission-pack-37-liter\/#primaryimage"},"image":{"@id":"https:\/\/ueberlebenskunst.at\/survivalshop\/shop\/tt-mission-pack-37-liter\/#primaryimage"},"thumbnailUrl":"https:\/\/ueberlebenskunst.at\/survivalshop\/wp-content\/uploads\/2016\/02\/Bildschirmfoto-2017-05-12-um-09.12.44.png","datePublished":"2016-02-26T08:07:33+00:00","dateModified":"2024-03-21T08:31:34+00:00","breadcrumb":{"@id":"https:\/\/ueberlebenskunst.at\/survivalshop\/shop\/tt-mission-pack-37-liter\/#breadcrumb"},"inLanguage":"de","potentialAction":[{"@type":"ReadAction","target":["https:\/\/ueberlebenskunst.at\/survivalshop\/shop\/tt-mission-pack-37-liter\/"]}]},{"@type":"ImageObject","inLanguage":"de","@id":"https:\/\/ueberlebenskunst.at\/survivalshop\/shop\/tt-mission-pack-37-liter\/#primaryimage","url":"https:\/\/ueberlebenskunst.at\/survivalshop\/wp-content\/uploads\/2016\/02\/Bildschirmfoto-2017-05-12-um-09.12.44.png","contentUrl":"https:\/\/ueberlebenskunst.at\/survivalshop\/wp-content\/uploads\/2016\/02\/Bildschirmfoto-2017-05-12-um-09.12.44.png","width":296,"height":344},{"@type":"BreadcrumbList","@id":"https:\/\/ueberlebenskunst.at\/survivalshop\/shop\/tt-mission-pack-37-liter\/#breadcrumb","itemListElement":[{"@type":"ListItem","position":1,"name":"Startseite","item":"https:\/\/ueberlebenskunst.at\/survivalshop\/"},{"@type":"ListItem","position":2,"name":"Shop","item":"https:\/\/ueberlebenskunst.at\/survivalshop\/shop\/"},{"@type":"ListItem","position":3,"name":"TT MISSION PACK MKII 37 Liter"}]},{"@type":"WebSite","@id":"https:\/\/ueberlebenskunst.at\/survivalshop\/#website","url":"https:\/\/ueberlebenskunst.at\/survivalshop\/","name":"Reini Rossmann - Survival Shop","description":"Survival Shop f\u00fcr Survival, Bushcraft und Prepper","potentialAction":[{"@type":"SearchAction","target":{"@type":"EntryPoint","urlTemplate":"https:\/\/ueberlebenskunst.at\/survivalshop\/?s={search_term_string}"},"query-input":{"@type":"PropertyValueSpecification","valueRequired":true,"valueName":"search_term_string"}}],"inLanguage":"de"}]}},"_links":{"self":[{"href":"https:\/\/ueberlebenskunst.at\/survivalshop\/wp-json\/wp\/v2\/product\/3402","targetHints":{"allow":["GET"]}}],"collection":[{"href":"https:\/\/ueberlebenskunst.at\/survivalshop\/wp-json\/wp\/v2\/product"}],"about":[{"href":"https:\/\/ueberlebenskunst.at\/survivalshop\/wp-json\/wp\/v2\/types\/product"}],"replies":[{"embeddable":true,"href":"https:\/\/ueberlebenskunst.at\/survivalshop\/wp-json\/wp\/v2\/comments?post=3402"}],"wp:featuredmedia":[{"embeddable":true,"href":"https:\/\/ueberlebenskunst.at\/survivalshop\/wp-json\/wp\/v2\/media\/4917"}],"wp:attachment":[{"href":"https:\/\/ueberlebenskunst.at\/survivalshop\/wp-json\/wp\/v2\/media?parent=3402"}],"wp:term":[{"taxonomy":"product_brand","embeddable":true,"href":"https:\/\/ueberlebenskunst.at\/survivalshop\/wp-json\/wp\/v2\/product_brand?post=3402"},{"taxonomy":"product_cat","embeddable":true,"href":"https:\/\/ueberlebenskunst.at\/survivalshop\/wp-json\/wp\/v2\/product_cat?post=3402"},{"taxonomy":"product_tag","embeddable":true,"href":"https:\/\/ueberlebenskunst.at\/survivalshop\/wp-json\/wp\/v2\/product_tag?post=3402"}],"curies":[{"name":"wp","href":"https:\/\/api.w.org\/{rel}","templated":true}]}}