{"id":3378,"date":"2016-08-02T09:21:50","date_gmt":"2016-08-02T07:21:50","guid":{"rendered":"https:\/\/ueberlebenskunst.at\/survivalshop\/survivalshop\/?post_type=product&#038;p=3378"},"modified":"2026-02-23T12:45:52","modified_gmt":"2026-02-23T11:45:52","slug":"buck-hood-hoodlum-knife","status":"seo-produkt","type":"product","link":"https:\/\/ueberlebenskunst.at\/survivalshop\/shop\/buck-hood-hoodlum-knife\/","title":{"rendered":"Buck Hood Hoodlum Knife"},"content":{"rendered":"<p>Vom Design her ein sehr eigenwilliges Survival Messer mit einer Klingenl\u00e4nge von 25,7 cm.<br \/>\nDer legend\u00e4re Messermacher Ron Hood hat vor seinem Tod das\u00a0Hood Hoodlum Knife entwickelt.<br \/>\nBasis f\u00fcr das Messer sind Hoods langj\u00e4hrige\u00a0Erfahrung aus seinen Survival\u00a0Aktivit\u00e4ten rund um den Globus. Dieses \u00dcberlebensmesser hat er genau nach seinen Anforderungen an ein Survival Messer gestaltet.<\/p>\n<p><span style=\"text-decoration: underline;\">Aber was sind die Anforderungen?<\/span><\/p>\n<ol>\n<li>Stabile Klinge &#8211; Mit 5 mm Klingenst\u00e4rke macht das Hoodlum so einiges mit.\u00a0In Verbindung mit dem\u00a0rostfreien Carbon-Stahl 5160 bleibt die Klinge z\u00e4h und stabil.<\/li>\n<li>Guter Griff und kraftschonende Handhabung &#8211; Dazu ist der\u00a0Griff ergonomisch geformt. Die Idee ist eine m\u00f6glichst sto\u00dfd\u00e4mpfende Eigenschaft zu erhalten. Das Griffmaterial ist in\u00a0Micarta ausgef\u00fchrt.<\/li>\n<li>Ein Messer f\u00fcr Alles &#8211; Hacken aber auch Schnitzen ist ohne Probleme m\u00f6glich.Letzteres braucht ein wenig \u00dcbung, ist aber dann gut m\u00f6glich. Am Ende des Griffs ist der Full Tnag Klingenstahl aus dem Griff gearbeitet. So ist es als Schlaghammer oder Brechwerkzeug einsetzbar.<br \/>\nDer Schlitz am Klingenr\u00fccken hat auch seinen Sinn.<br \/>\n&#8211; Du kannst damit Draht schneiden<br \/>\n&#8211; H\u00f6lzer oder Knochen f\u00fcr den Fallenbau\u00a0bearbeiten<\/li>\n<\/ol>\n<p>Die robuste Nylonscheide ist M.O.L.L.E. kompatibel und gut am G\u00fcrtel oder Rucksack zu Tragen.<\/p>\n<h3>Produktdaten des\u00a0Hood Hoodlum\u00a0im Detail<\/h3>\n<p>Gewicht: 648 g<br \/>\nL\u00e4nge Klinge: 257 mm<br \/>\nL\u00e4nge Griff: 145 mm<br \/>\nL\u00e4nge offen: 402 mm<br \/>\nMade in USA<\/p>\n<h3><\/h3>\n","protected":false},"excerpt":{"rendered":"<p>Ein besonderes Survival Messer Made in USA vom bekannten Messerdesigner und Survival Experten Ron Hood.<\/p>\n","protected":false},"featured_media":3379,"comment_status":"open","ping_status":"closed","template":"","meta":{"_acf_changed":false},"product_brand":[],"product_cat":[426],"product_tag":[],"class_list":{"0":"post-3378","1":"product","2":"type-product","3":"status-seo-produkt","4":"has-post-thumbnail","6":"product_cat-unkategorisiert","8":"first","9":"outofstock","10":"taxable","11":"shipping-taxable","12":"product-type-simple"},"acf":[],"yoast_head":"<!-- This site is optimized with the Yoast SEO plugin v27.1.1 - https:\/\/yoast.com\/product\/yoast-seo-wordpress\/ -->\n<title>Buck Hood Hoodlum Knife - Reini Rossmann - Survival Shop<\/title>\n<meta name=\"robots\" content=\"index, follow, max-snippet:-1, max-image-preview:large, max-video-preview:-1\" \/>\n<link rel=\"canonical\" href=\"https:\/\/ueberlebenskunst.at\/survivalshop\/shop\/buck-hood-hoodlum-knife\/\" \/>\n<meta property=\"og:locale\" content=\"de_DE\" \/>\n<meta property=\"og:type\" content=\"article\" \/>\n<meta property=\"og:title\" content=\"Buck Hood Hoodlum Knife - Reini Rossmann - Survival Shop\" \/>\n<meta property=\"og:description\" content=\"Ein besonderes Survival Messer Made in USA vom bekannten Messerdesigner und Survival Experten Ron Hood.\" \/>\n<meta property=\"og:url\" content=\"https:\/\/ueberlebenskunst.at\/survivalshop\/shop\/buck-hood-hoodlum-knife\/\" \/>\n<meta property=\"og:site_name\" content=\"Reini Rossmann - Survival Shop\" \/>\n<meta property=\"article:publisher\" content=\"https:\/\/www.facebook.com\/survival24.org\/\" \/>\n<meta property=\"article:modified_time\" content=\"2026-02-23T11:45:52+00:00\" \/>\n<meta property=\"og:image\" content=\"https:\/\/ueberlebenskunst.at\/survivalshop\/wp-content\/uploads\/2016\/02\/Buck-Hood-Hoodlum-Knife.png\" \/>\n\t<meta property=\"og:image:width\" content=\"1028\" \/>\n\t<meta property=\"og:image:height\" content=\"705\" \/>\n\t<meta property=\"og:image:type\" content=\"image\/png\" \/>\n<meta name=\"twitter:card\" content=\"summary_large_image\" \/>\n<meta name=\"twitter:label1\" content=\"Gesch\u00e4tzte Lesezeit\" \/>\n\t<meta name=\"twitter:data1\" content=\"2\u00a0Minuten\" \/>\n<script type=\"application\/ld+json\" class=\"yoast-schema-graph\">{\"@context\":\"https:\/\/schema.org\",\"@graph\":[{\"@type\":\"WebPage\",\"@id\":\"https:\/\/ueberlebenskunst.at\/survivalshop\/shop\/buck-hood-hoodlum-knife\/\",\"url\":\"https:\/\/ueberlebenskunst.at\/survivalshop\/shop\/buck-hood-hoodlum-knife\/\",\"name\":\"Buck Hood Hoodlum Knife - Reini Rossmann - Survival Shop\",\"isPartOf\":{\"@id\":\"https:\/\/ueberlebenskunst.at\/survivalshop\/#website\"},\"primaryImageOfPage\":{\"@id\":\"https:\/\/ueberlebenskunst.at\/survivalshop\/shop\/buck-hood-hoodlum-knife\/#primaryimage\"},\"image\":{\"@id\":\"https:\/\/ueberlebenskunst.at\/survivalshop\/shop\/buck-hood-hoodlum-knife\/#primaryimage\"},\"thumbnailUrl\":\"https:\/\/ueberlebenskunst.at\/survivalshop\/wp-content\/uploads\/2016\/02\/Buck-Hood-Hoodlum-Knife.png\",\"datePublished\":\"2016-08-02T07:21:50+00:00\",\"dateModified\":\"2026-02-23T11:45:52+00:00\",\"breadcrumb\":{\"@id\":\"https:\/\/ueberlebenskunst.at\/survivalshop\/shop\/buck-hood-hoodlum-knife\/#breadcrumb\"},\"inLanguage\":\"de\",\"potentialAction\":[{\"@type\":\"ReadAction\",\"target\":[\"https:\/\/ueberlebenskunst.at\/survivalshop\/shop\/buck-hood-hoodlum-knife\/\"]}]},{\"@type\":\"ImageObject\",\"inLanguage\":\"de\",\"@id\":\"https:\/\/ueberlebenskunst.at\/survivalshop\/shop\/buck-hood-hoodlum-knife\/#primaryimage\",\"url\":\"https:\/\/ueberlebenskunst.at\/survivalshop\/wp-content\/uploads\/2016\/02\/Buck-Hood-Hoodlum-Knife.png\",\"contentUrl\":\"https:\/\/ueberlebenskunst.at\/survivalshop\/wp-content\/uploads\/2016\/02\/Buck-Hood-Hoodlum-Knife.png\",\"width\":1028,\"height\":705},{\"@type\":\"BreadcrumbList\",\"@id\":\"https:\/\/ueberlebenskunst.at\/survivalshop\/shop\/buck-hood-hoodlum-knife\/#breadcrumb\",\"itemListElement\":[{\"@type\":\"ListItem\",\"position\":1,\"name\":\"Startseite\",\"item\":\"https:\/\/ueberlebenskunst.at\/survivalshop\/\"},{\"@type\":\"ListItem\",\"position\":2,\"name\":\"Shop\",\"item\":\"https:\/\/ueberlebenskunst.at\/survivalshop\/shop\/\"},{\"@type\":\"ListItem\",\"position\":3,\"name\":\"Buck Hood Hoodlum Knife\"}]},{\"@type\":\"WebSite\",\"@id\":\"https:\/\/ueberlebenskunst.at\/survivalshop\/#website\",\"url\":\"https:\/\/ueberlebenskunst.at\/survivalshop\/\",\"name\":\"Reini Rossmann - Survival Shop\",\"description\":\"Survival Shop f\u00fcr Survival, Bushcraft und Prepper\",\"potentialAction\":[{\"@type\":\"SearchAction\",\"target\":{\"@type\":\"EntryPoint\",\"urlTemplate\":\"https:\/\/ueberlebenskunst.at\/survivalshop\/?s={search_term_string}\"},\"query-input\":{\"@type\":\"PropertyValueSpecification\",\"valueRequired\":true,\"valueName\":\"search_term_string\"}}],\"inLanguage\":\"de\"}]}<\/script>\n<!-- \/ Yoast SEO plugin. -->","yoast_head_json":{"title":"Buck Hood Hoodlum Knife - Reini Rossmann - Survival Shop","robots":{"index":"index","follow":"follow","max-snippet":"max-snippet:-1","max-image-preview":"max-image-preview:large","max-video-preview":"max-video-preview:-1"},"canonical":"https:\/\/ueberlebenskunst.at\/survivalshop\/shop\/buck-hood-hoodlum-knife\/","og_locale":"de_DE","og_type":"article","og_title":"Buck Hood Hoodlum Knife - Reini Rossmann - Survival Shop","og_description":"Ein besonderes Survival Messer Made in USA vom bekannten Messerdesigner und Survival Experten Ron Hood.","og_url":"https:\/\/ueberlebenskunst.at\/survivalshop\/shop\/buck-hood-hoodlum-knife\/","og_site_name":"Reini Rossmann - Survival Shop","article_publisher":"https:\/\/www.facebook.com\/survival24.org\/","article_modified_time":"2026-02-23T11:45:52+00:00","og_image":[{"width":1028,"height":705,"url":"https:\/\/ueberlebenskunst.at\/survivalshop\/wp-content\/uploads\/2016\/02\/Buck-Hood-Hoodlum-Knife.png","type":"image\/png"}],"twitter_card":"summary_large_image","twitter_misc":{"Gesch\u00e4tzte Lesezeit":"2\u00a0Minuten"},"schema":{"@context":"https:\/\/schema.org","@graph":[{"@type":"WebPage","@id":"https:\/\/ueberlebenskunst.at\/survivalshop\/shop\/buck-hood-hoodlum-knife\/","url":"https:\/\/ueberlebenskunst.at\/survivalshop\/shop\/buck-hood-hoodlum-knife\/","name":"Buck Hood Hoodlum Knife - Reini Rossmann - Survival Shop","isPartOf":{"@id":"https:\/\/ueberlebenskunst.at\/survivalshop\/#website"},"primaryImageOfPage":{"@id":"https:\/\/ueberlebenskunst.at\/survivalshop\/shop\/buck-hood-hoodlum-knife\/#primaryimage"},"image":{"@id":"https:\/\/ueberlebenskunst.at\/survivalshop\/shop\/buck-hood-hoodlum-knife\/#primaryimage"},"thumbnailUrl":"https:\/\/ueberlebenskunst.at\/survivalshop\/wp-content\/uploads\/2016\/02\/Buck-Hood-Hoodlum-Knife.png","datePublished":"2016-08-02T07:21:50+00:00","dateModified":"2026-02-23T11:45:52+00:00","breadcrumb":{"@id":"https:\/\/ueberlebenskunst.at\/survivalshop\/shop\/buck-hood-hoodlum-knife\/#breadcrumb"},"inLanguage":"de","potentialAction":[{"@type":"ReadAction","target":["https:\/\/ueberlebenskunst.at\/survivalshop\/shop\/buck-hood-hoodlum-knife\/"]}]},{"@type":"ImageObject","inLanguage":"de","@id":"https:\/\/ueberlebenskunst.at\/survivalshop\/shop\/buck-hood-hoodlum-knife\/#primaryimage","url":"https:\/\/ueberlebenskunst.at\/survivalshop\/wp-content\/uploads\/2016\/02\/Buck-Hood-Hoodlum-Knife.png","contentUrl":"https:\/\/ueberlebenskunst.at\/survivalshop\/wp-content\/uploads\/2016\/02\/Buck-Hood-Hoodlum-Knife.png","width":1028,"height":705},{"@type":"BreadcrumbList","@id":"https:\/\/ueberlebenskunst.at\/survivalshop\/shop\/buck-hood-hoodlum-knife\/#breadcrumb","itemListElement":[{"@type":"ListItem","position":1,"name":"Startseite","item":"https:\/\/ueberlebenskunst.at\/survivalshop\/"},{"@type":"ListItem","position":2,"name":"Shop","item":"https:\/\/ueberlebenskunst.at\/survivalshop\/shop\/"},{"@type":"ListItem","position":3,"name":"Buck Hood Hoodlum Knife"}]},{"@type":"WebSite","@id":"https:\/\/ueberlebenskunst.at\/survivalshop\/#website","url":"https:\/\/ueberlebenskunst.at\/survivalshop\/","name":"Reini Rossmann - Survival Shop","description":"Survival Shop f\u00fcr Survival, Bushcraft und Prepper","potentialAction":[{"@type":"SearchAction","target":{"@type":"EntryPoint","urlTemplate":"https:\/\/ueberlebenskunst.at\/survivalshop\/?s={search_term_string}"},"query-input":{"@type":"PropertyValueSpecification","valueRequired":true,"valueName":"search_term_string"}}],"inLanguage":"de"}]}},"_links":{"self":[{"href":"https:\/\/ueberlebenskunst.at\/survivalshop\/wp-json\/wp\/v2\/product\/3378","targetHints":{"allow":["GET"]}}],"collection":[{"href":"https:\/\/ueberlebenskunst.at\/survivalshop\/wp-json\/wp\/v2\/product"}],"about":[{"href":"https:\/\/ueberlebenskunst.at\/survivalshop\/wp-json\/wp\/v2\/types\/product"}],"replies":[{"embeddable":true,"href":"https:\/\/ueberlebenskunst.at\/survivalshop\/wp-json\/wp\/v2\/comments?post=3378"}],"wp:featuredmedia":[{"embeddable":true,"href":"https:\/\/ueberlebenskunst.at\/survivalshop\/wp-json\/wp\/v2\/media\/3379"}],"wp:attachment":[{"href":"https:\/\/ueberlebenskunst.at\/survivalshop\/wp-json\/wp\/v2\/media?parent=3378"}],"wp:term":[{"taxonomy":"product_brand","embeddable":true,"href":"https:\/\/ueberlebenskunst.at\/survivalshop\/wp-json\/wp\/v2\/product_brand?post=3378"},{"taxonomy":"product_cat","embeddable":true,"href":"https:\/\/ueberlebenskunst.at\/survivalshop\/wp-json\/wp\/v2\/product_cat?post=3378"},{"taxonomy":"product_tag","embeddable":true,"href":"https:\/\/ueberlebenskunst.at\/survivalshop\/wp-json\/wp\/v2\/product_tag?post=3378"}],"curies":[{"name":"wp","href":"https:\/\/api.w.org\/{rel}","templated":true}]}}