{"id":33468,"date":"2021-06-22T21:01:25","date_gmt":"2021-06-22T19:01:25","guid":{"rendered":"https:\/\/ueberlebenskunst.at\/survivalshop\/?post_type=product&#038;p=33468"},"modified":"2026-04-30T09:31:17","modified_gmt":"2026-04-30T07:31:17","slug":"10-survival-regeln","status":"publish","type":"product","link":"https:\/\/ueberlebenskunst.at\/survivalshop\/shop\/10-survival-regeln\/","title":{"rendered":"10 Survival Regeln"},"content":{"rendered":"<div class=\"et_pb_module et_pb_text et_pb_text_4 et_pb_text_align_left et_pb_bg_layout_light\">\n<div class=\"et_pb_text_inner\">\n<p>In diesem Buch erf\u00e4hrst du:<\/p>\n<\/div>\n<\/div>\n<div class=\"et_pb_module et_pb_text et_pb_text_5 et_pb_text_align_left et_pb_bg_layout_light\">\n<div class=\"et_pb_text_inner\">\n<ul>\n<li>Wie &amp; warum sich diese 10 Regeln \u00fcber Jahrhunderte in echten Krisensituationen bew\u00e4hrt haben.<\/li>\n<li>Wie die ersten Wochen beim \u00dcberleben in der Natur ablaufen: Was du unbedingt tun musst, um am Leben zu bleiben aber auch, was du besser NICHT tun solltest.<\/li>\n<li>\u00a0Warum die ersten 3 Tage in einer Krisensituation die wichtigsten sind.<\/li>\n<\/ul>\n<div class=\"et_pb_blurb_container\">\n<h4 class=\"et_pb_module_header\">Survival Regel #1 \u201eK\u00fchlen Kopf bewahren\u201c<\/h4>\n<div class=\"et_pb_blurb_description\">\n<p>Erfahre wie du in jeder Situation einen klaren Kopf bewahrst und dadurch deine Chancen zu \u00fcberleben vervielfachst.<\/p>\n<div class=\"et_pb_blurb_container\">\n<h4 class=\"et_pb_module_header\">Survival Regel #2: \u201eEnergie sparen\u201c<\/h4>\n<div class=\"et_pb_blurb_description\">\n<p>Warum Energiesparen so wichtig ist und wie du es schaffst energiesparend zu handeln.<\/p>\n<\/div>\n<\/div>\n<div class=\"et_pb_blurb_container\">\n<h4 class=\"et_pb_module_header\">Survival Regel #3: \u201ePriorit\u00e4ten richtig setzen\u201c<\/h4>\n<div class=\"et_pb_blurb_description\">\n<p>In der Wildnis gibt es 4 Priorit\u00e4ten. Du erf\u00e4hrst, welche das sind und in welcher Reihenfolge sie zu beachten sind.<\/p>\n<div class=\"et_pb_blurb_container\">\n<h4 class=\"et_pb_module_header\">Survival Regel #4: \u201eRessourcen sofort aufnehmen\u201c<\/h4>\n<div class=\"et_pb_blurb_description\">\n<p>Welche Ressourcen sind wichtig und worauf solltest du achten, um dir dein \u00dcberleben zu erleichtern?<\/p>\n<div class=\"et_pb_blurb_container\">\n<h4 class=\"et_pb_module_header\">Survival Regel #5: \u201eDoppelte Menge\u201c<\/h4>\n<div class=\"et_pb_blurb_description\">\n<p>Lerne die Regel der doppelten Menge kennen und warum sie so wichtig ist.<\/p>\n<div class=\"et_pb_blurb_container\">\n<h4 class=\"et_pb_module_header\">Survival Regel #6: \u201eTeamwork\u201c<\/h4>\n<div class=\"et_pb_blurb_description\">\n<p>Lerne die Grundregeln einer erfolgreichen Teamarbeit, um das \u00dcberleben der Gruppe zu sichern.<\/p>\n<div class=\"et_pb_blurb_container\">\n<h4 class=\"et_pb_module_header\">Survival Regel #7: \u201ePositiv Denken\u201c<\/h4>\n<div class=\"et_pb_blurb_description\">\n<p>Wieso eine positive Einstellung deine Chancen aufs \u00dcberleben drastisch erh\u00f6ht und wie du gew\u00e4hrleistest, dass du positiv bleibst.<\/p>\n<div class=\"et_pb_blurb_container\">\n<h4 class=\"et_pb_module_header\">Survival Regel #8: \u201eVorbereitung ist richtig und wichtig\u201c<\/h4>\n<div class=\"et_pb_blurb_description\">\n<p>Die richtige Ausr\u00fcstung kann dir das Leben in der Wildnis unglaublich vereinfachen und sollte nicht untersch\u00e4tzt werden.<\/p>\n<div class=\"et_pb_blurb_container\">\n<h4 class=\"et_pb_module_header\">Survival Regel #9: \u201eNicht gleich herumlaufen\u201c<\/h4>\n<div class=\"et_pb_blurb_description\">\n<p>Wie du einen der h\u00e4ufigsten Survival-Fehler vermeiden kannst und was du stattdessen tun solltest.<\/p>\n<div class=\"et_pb_blurb_container\">\n<h4 class=\"et_pb_module_header\">Survival Regel #10: \u201eSicherheit geht vor\u201c<\/h4>\n<div class=\"et_pb_blurb_description\">\n<p>Deine Sicherheit sollte in der Wildnis stets priorisiert werden. Erfahre, wie du dein Wohlergehen sicherst.<\/p>\n<\/div>\n<\/div>\n<\/div>\n<\/div>\n<\/div>\n<\/div>\n<\/div>\n<\/div>\n<\/div>\n<\/div>\n<\/div>\n<\/div>\n<\/div>\n<\/div>\n<\/div>\n<\/div>\n<\/div>\n<\/div>\n<h3>Ein Regelwerk f\u00fcr jeden, der wissen will, worauf es im Ernstfall WIRKLICH ankommt.<\/h3>\n<\/div>\n<\/div>\n","protected":false},"excerpt":{"rendered":"<p>Ein Regelwerk f\u00fcr jeden, der wissen will, worauf es im Ernstfall WIRKLICH ankommt.<\/p>\n","protected":false},"featured_media":33470,"comment_status":"open","ping_status":"closed","template":"","meta":{"_acf_changed":false},"product_brand":[],"product_cat":[1865],"product_tag":[2526],"class_list":{"0":"post-33468","1":"product","2":"type-product","3":"status-publish","4":"has-post-thumbnail","6":"product_cat-survival-buecher","7":"product_tag-reinis-buecher","9":"first","10":"instock","11":"taxable","12":"shipping-taxable","13":"purchasable","14":"product-type-simple"},"acf":[],"yoast_head":"<!-- This site is optimized with the Yoast SEO plugin v27.1.1 - https:\/\/yoast.com\/product\/yoast-seo-wordpress\/ -->\n<title>10 Survival Regeln - Reini Rossmann - Survival Shop<\/title>\n<meta name=\"robots\" content=\"index, follow, max-snippet:-1, max-image-preview:large, max-video-preview:-1\" \/>\n<link rel=\"canonical\" href=\"https:\/\/ueberlebenskunst.at\/survivalshop\/shop\/10-survival-regeln\/\" \/>\n<meta property=\"og:locale\" content=\"de_DE\" \/>\n<meta property=\"og:type\" content=\"article\" \/>\n<meta property=\"og:title\" content=\"10 Survival Regeln - Reini Rossmann - Survival Shop\" \/>\n<meta property=\"og:description\" content=\"Ein Regelwerk f\u00fcr jeden, der wissen will, worauf es im Ernstfall WIRKLICH ankommt.\" \/>\n<meta property=\"og:url\" content=\"https:\/\/ueberlebenskunst.at\/survivalshop\/shop\/10-survival-regeln\/\" \/>\n<meta property=\"og:site_name\" content=\"Reini Rossmann - Survival Shop\" \/>\n<meta property=\"article:publisher\" content=\"https:\/\/www.facebook.com\/survival24.org\/\" \/>\n<meta property=\"article:modified_time\" content=\"2026-04-30T07:31:17+00:00\" \/>\n<meta property=\"og:image\" content=\"https:\/\/ueberlebenskunst.at\/survivalshop\/wp-content\/uploads\/2021\/06\/10SurvRegeln.png\" \/>\n\t<meta property=\"og:image:width\" content=\"500\" \/>\n\t<meta property=\"og:image:height\" content=\"450\" \/>\n\t<meta property=\"og:image:type\" content=\"image\/png\" \/>\n<meta name=\"twitter:card\" content=\"summary_large_image\" \/>\n<meta name=\"twitter:label1\" content=\"Gesch\u00e4tzte Lesezeit\" \/>\n\t<meta name=\"twitter:data1\" content=\"2\u00a0Minuten\" \/>\n<script type=\"application\/ld+json\" class=\"yoast-schema-graph\">{\"@context\":\"https:\/\/schema.org\",\"@graph\":[{\"@type\":\"WebPage\",\"@id\":\"https:\/\/ueberlebenskunst.at\/survivalshop\/shop\/10-survival-regeln\/\",\"url\":\"https:\/\/ueberlebenskunst.at\/survivalshop\/shop\/10-survival-regeln\/\",\"name\":\"10 Survival Regeln - Reini Rossmann - Survival Shop\",\"isPartOf\":{\"@id\":\"https:\/\/ueberlebenskunst.at\/survivalshop\/#website\"},\"primaryImageOfPage\":{\"@id\":\"https:\/\/ueberlebenskunst.at\/survivalshop\/shop\/10-survival-regeln\/#primaryimage\"},\"image\":{\"@id\":\"https:\/\/ueberlebenskunst.at\/survivalshop\/shop\/10-survival-regeln\/#primaryimage\"},\"thumbnailUrl\":\"https:\/\/ueberlebenskunst.at\/survivalshop\/wp-content\/uploads\/2021\/06\/10SurvRegeln.png\",\"datePublished\":\"2021-06-22T19:01:25+00:00\",\"dateModified\":\"2026-04-30T07:31:17+00:00\",\"breadcrumb\":{\"@id\":\"https:\/\/ueberlebenskunst.at\/survivalshop\/shop\/10-survival-regeln\/#breadcrumb\"},\"inLanguage\":\"de\",\"potentialAction\":[{\"@type\":\"ReadAction\",\"target\":[\"https:\/\/ueberlebenskunst.at\/survivalshop\/shop\/10-survival-regeln\/\"]}]},{\"@type\":\"ImageObject\",\"inLanguage\":\"de\",\"@id\":\"https:\/\/ueberlebenskunst.at\/survivalshop\/shop\/10-survival-regeln\/#primaryimage\",\"url\":\"https:\/\/ueberlebenskunst.at\/survivalshop\/wp-content\/uploads\/2021\/06\/10SurvRegeln.png\",\"contentUrl\":\"https:\/\/ueberlebenskunst.at\/survivalshop\/wp-content\/uploads\/2021\/06\/10SurvRegeln.png\",\"width\":500,\"height\":450},{\"@type\":\"BreadcrumbList\",\"@id\":\"https:\/\/ueberlebenskunst.at\/survivalshop\/shop\/10-survival-regeln\/#breadcrumb\",\"itemListElement\":[{\"@type\":\"ListItem\",\"position\":1,\"name\":\"Startseite\",\"item\":\"https:\/\/ueberlebenskunst.at\/survivalshop\/\"},{\"@type\":\"ListItem\",\"position\":2,\"name\":\"Shop\",\"item\":\"https:\/\/ueberlebenskunst.at\/survivalshop\/shop\/\"},{\"@type\":\"ListItem\",\"position\":3,\"name\":\"10 Survival Regeln\"}]},{\"@type\":\"WebSite\",\"@id\":\"https:\/\/ueberlebenskunst.at\/survivalshop\/#website\",\"url\":\"https:\/\/ueberlebenskunst.at\/survivalshop\/\",\"name\":\"Reini Rossmann - Survival Shop\",\"description\":\"Survival Shop f\u00fcr Survival, Bushcraft und Prepper\",\"potentialAction\":[{\"@type\":\"SearchAction\",\"target\":{\"@type\":\"EntryPoint\",\"urlTemplate\":\"https:\/\/ueberlebenskunst.at\/survivalshop\/?s={search_term_string}\"},\"query-input\":{\"@type\":\"PropertyValueSpecification\",\"valueRequired\":true,\"valueName\":\"search_term_string\"}}],\"inLanguage\":\"de\"}]}<\/script>\n<!-- \/ Yoast SEO plugin. -->","yoast_head_json":{"title":"10 Survival Regeln - Reini Rossmann - Survival Shop","robots":{"index":"index","follow":"follow","max-snippet":"max-snippet:-1","max-image-preview":"max-image-preview:large","max-video-preview":"max-video-preview:-1"},"canonical":"https:\/\/ueberlebenskunst.at\/survivalshop\/shop\/10-survival-regeln\/","og_locale":"de_DE","og_type":"article","og_title":"10 Survival Regeln - Reini Rossmann - Survival Shop","og_description":"Ein Regelwerk f\u00fcr jeden, der wissen will, worauf es im Ernstfall WIRKLICH ankommt.","og_url":"https:\/\/ueberlebenskunst.at\/survivalshop\/shop\/10-survival-regeln\/","og_site_name":"Reini Rossmann - Survival Shop","article_publisher":"https:\/\/www.facebook.com\/survival24.org\/","article_modified_time":"2026-04-30T07:31:17+00:00","og_image":[{"width":500,"height":450,"url":"https:\/\/ueberlebenskunst.at\/survivalshop\/wp-content\/uploads\/2021\/06\/10SurvRegeln.png","type":"image\/png"}],"twitter_card":"summary_large_image","twitter_misc":{"Gesch\u00e4tzte Lesezeit":"2\u00a0Minuten"},"schema":{"@context":"https:\/\/schema.org","@graph":[{"@type":"WebPage","@id":"https:\/\/ueberlebenskunst.at\/survivalshop\/shop\/10-survival-regeln\/","url":"https:\/\/ueberlebenskunst.at\/survivalshop\/shop\/10-survival-regeln\/","name":"10 Survival Regeln - Reini Rossmann - Survival Shop","isPartOf":{"@id":"https:\/\/ueberlebenskunst.at\/survivalshop\/#website"},"primaryImageOfPage":{"@id":"https:\/\/ueberlebenskunst.at\/survivalshop\/shop\/10-survival-regeln\/#primaryimage"},"image":{"@id":"https:\/\/ueberlebenskunst.at\/survivalshop\/shop\/10-survival-regeln\/#primaryimage"},"thumbnailUrl":"https:\/\/ueberlebenskunst.at\/survivalshop\/wp-content\/uploads\/2021\/06\/10SurvRegeln.png","datePublished":"2021-06-22T19:01:25+00:00","dateModified":"2026-04-30T07:31:17+00:00","breadcrumb":{"@id":"https:\/\/ueberlebenskunst.at\/survivalshop\/shop\/10-survival-regeln\/#breadcrumb"},"inLanguage":"de","potentialAction":[{"@type":"ReadAction","target":["https:\/\/ueberlebenskunst.at\/survivalshop\/shop\/10-survival-regeln\/"]}]},{"@type":"ImageObject","inLanguage":"de","@id":"https:\/\/ueberlebenskunst.at\/survivalshop\/shop\/10-survival-regeln\/#primaryimage","url":"https:\/\/ueberlebenskunst.at\/survivalshop\/wp-content\/uploads\/2021\/06\/10SurvRegeln.png","contentUrl":"https:\/\/ueberlebenskunst.at\/survivalshop\/wp-content\/uploads\/2021\/06\/10SurvRegeln.png","width":500,"height":450},{"@type":"BreadcrumbList","@id":"https:\/\/ueberlebenskunst.at\/survivalshop\/shop\/10-survival-regeln\/#breadcrumb","itemListElement":[{"@type":"ListItem","position":1,"name":"Startseite","item":"https:\/\/ueberlebenskunst.at\/survivalshop\/"},{"@type":"ListItem","position":2,"name":"Shop","item":"https:\/\/ueberlebenskunst.at\/survivalshop\/shop\/"},{"@type":"ListItem","position":3,"name":"10 Survival Regeln"}]},{"@type":"WebSite","@id":"https:\/\/ueberlebenskunst.at\/survivalshop\/#website","url":"https:\/\/ueberlebenskunst.at\/survivalshop\/","name":"Reini Rossmann - Survival Shop","description":"Survival Shop f\u00fcr Survival, Bushcraft und Prepper","potentialAction":[{"@type":"SearchAction","target":{"@type":"EntryPoint","urlTemplate":"https:\/\/ueberlebenskunst.at\/survivalshop\/?s={search_term_string}"},"query-input":{"@type":"PropertyValueSpecification","valueRequired":true,"valueName":"search_term_string"}}],"inLanguage":"de"}]}},"_links":{"self":[{"href":"https:\/\/ueberlebenskunst.at\/survivalshop\/wp-json\/wp\/v2\/product\/33468","targetHints":{"allow":["GET"]}}],"collection":[{"href":"https:\/\/ueberlebenskunst.at\/survivalshop\/wp-json\/wp\/v2\/product"}],"about":[{"href":"https:\/\/ueberlebenskunst.at\/survivalshop\/wp-json\/wp\/v2\/types\/product"}],"replies":[{"embeddable":true,"href":"https:\/\/ueberlebenskunst.at\/survivalshop\/wp-json\/wp\/v2\/comments?post=33468"}],"wp:featuredmedia":[{"embeddable":true,"href":"https:\/\/ueberlebenskunst.at\/survivalshop\/wp-json\/wp\/v2\/media\/33470"}],"wp:attachment":[{"href":"https:\/\/ueberlebenskunst.at\/survivalshop\/wp-json\/wp\/v2\/media?parent=33468"}],"wp:term":[{"taxonomy":"product_brand","embeddable":true,"href":"https:\/\/ueberlebenskunst.at\/survivalshop\/wp-json\/wp\/v2\/product_brand?post=33468"},{"taxonomy":"product_cat","embeddable":true,"href":"https:\/\/ueberlebenskunst.at\/survivalshop\/wp-json\/wp\/v2\/product_cat?post=33468"},{"taxonomy":"product_tag","embeddable":true,"href":"https:\/\/ueberlebenskunst.at\/survivalshop\/wp-json\/wp\/v2\/product_tag?post=33468"}],"curies":[{"name":"wp","href":"https:\/\/api.w.org\/{rel}","templated":true}]}}