{"id":32829,"date":"2021-06-08T13:17:41","date_gmt":"2021-06-08T11:17:41","guid":{"rendered":"https:\/\/ueberlebenskunst.at\/survivalshop\/?post_type=product&#038;p=32829"},"modified":"2026-05-09T19:43:24","modified_gmt":"2026-05-09T17:43:24","slug":"autogrammkarte-reini-rossmann","status":"publish","type":"product","link":"https:\/\/ueberlebenskunst.at\/survivalshop\/shop\/autogrammkarte-reini-rossmann\/","title":{"rendered":"Autogrammkarte Reini Rossmann"},"content":{"rendered":"<p>Reini &#8211; Fans aufgepasst!<\/p>\n<h3>Autogrammkarte Reini Rossmann<\/h3>\n<p>Du kannst <span style=\"color: #ff0000;\">pro Einkauf 1 St\u00fcck<\/span>\u00a0von Reini Rossmanns <strong>handsignierter<\/strong>\u00a0<span style=\"color: #ff0000;\">Autogrammkarte<\/span>\u00a0bestellen.<\/p>\n","protected":false},"excerpt":{"rendered":"<p>Du willst ein Autogramm von Reini? Kein Problem&#8230;<\/p>\n","protected":false},"featured_media":33018,"comment_status":"open","ping_status":"closed","template":"","meta":{"_acf_changed":false},"product_brand":[],"product_cat":[1790,1945],"product_tag":[927,818],"class_list":{"0":"post-32829","1":"product","2":"type-product","3":"status-publish","4":"has-post-thumbnail","6":"product_cat-knives-4","7":"product_cat-survivalausruestung","8":"product_tag-autogramm","9":"product_tag-reini-rossmann-messer","11":"first","12":"instock","13":"sold-individually","14":"taxable","15":"shipping-taxable","16":"purchasable","17":"product-type-simple"},"acf":[],"yoast_head":"<!-- This site is optimized with the Yoast SEO plugin v27.1.1 - https:\/\/yoast.com\/product\/yoast-seo-wordpress\/ -->\n<title>Autogrammkarte Reini Rossmann - f\u00fcr alle Fans gratis mitbestellbar<\/title>\n<meta name=\"description\" content=\"Bestell sie gleich mit - die Original Reini Rossmann Autogrammkarte! F\u00fcr alle Reini Fans ist 1 selbst signierte Karte pro Einkauf verf\u00fcgbar.\" \/>\n<meta name=\"robots\" content=\"index, follow, max-snippet:-1, max-image-preview:large, max-video-preview:-1\" \/>\n<link rel=\"canonical\" href=\"https:\/\/ueberlebenskunst.at\/survivalshop\/shop\/autogrammkarte-reini-rossmann\/\" \/>\n<meta property=\"og:locale\" content=\"de_DE\" \/>\n<meta property=\"og:type\" content=\"article\" \/>\n<meta property=\"og:title\" content=\"Autogrammkarte Reini Rossmann - f\u00fcr alle Fans gratis mitbestellbar\" \/>\n<meta property=\"og:description\" content=\"Bestell sie gleich mit - die Original Reini Rossmann Autogrammkarte! F\u00fcr alle Reini Fans ist 1 selbst signierte Karte pro Einkauf verf\u00fcgbar.\" \/>\n<meta property=\"og:url\" content=\"https:\/\/ueberlebenskunst.at\/survivalshop\/shop\/autogrammkarte-reini-rossmann\/\" \/>\n<meta property=\"og:site_name\" content=\"Reini Rossmann - Survival Shop\" \/>\n<meta property=\"article:publisher\" content=\"https:\/\/www.facebook.com\/survival24.org\/\" \/>\n<meta property=\"article:modified_time\" content=\"2026-05-09T17:43:24+00:00\" \/>\n<meta property=\"og:image\" content=\"https:\/\/ueberlebenskunst.at\/survivalshop\/wp-content\/uploads\/2021\/06\/Autogramm-Karte-Reini-Rossmann.jpg\" \/>\n\t<meta property=\"og:image:width\" content=\"1392\" \/>\n\t<meta property=\"og:image:height\" content=\"1468\" \/>\n\t<meta property=\"og:image:type\" content=\"image\/jpeg\" \/>\n<meta name=\"twitter:card\" content=\"summary_large_image\" \/>\n<meta name=\"twitter:label1\" content=\"Gesch\u00e4tzte Lesezeit\" \/>\n\t<meta name=\"twitter:data1\" content=\"1\u00a0Minute\" \/>\n<script type=\"application\/ld+json\" class=\"yoast-schema-graph\">{\"@context\":\"https:\/\/schema.org\",\"@graph\":[{\"@type\":\"WebPage\",\"@id\":\"https:\/\/ueberlebenskunst.at\/survivalshop\/shop\/autogrammkarte-reini-rossmann\/\",\"url\":\"https:\/\/ueberlebenskunst.at\/survivalshop\/shop\/autogrammkarte-reini-rossmann\/\",\"name\":\"Autogrammkarte Reini Rossmann - f\u00fcr alle Fans gratis mitbestellbar\",\"isPartOf\":{\"@id\":\"https:\/\/ueberlebenskunst.at\/survivalshop\/#website\"},\"primaryImageOfPage\":{\"@id\":\"https:\/\/ueberlebenskunst.at\/survivalshop\/shop\/autogrammkarte-reini-rossmann\/#primaryimage\"},\"image\":{\"@id\":\"https:\/\/ueberlebenskunst.at\/survivalshop\/shop\/autogrammkarte-reini-rossmann\/#primaryimage\"},\"thumbnailUrl\":\"https:\/\/ueberlebenskunst.at\/survivalshop\/wp-content\/uploads\/2021\/06\/Autogramm-Karte-Reini-Rossmann.jpg\",\"datePublished\":\"2021-06-08T11:17:41+00:00\",\"dateModified\":\"2026-05-09T17:43:24+00:00\",\"description\":\"Bestell sie gleich mit - die Original Reini Rossmann Autogrammkarte! F\u00fcr alle Reini Fans ist 1 selbst signierte Karte pro Einkauf verf\u00fcgbar.\",\"breadcrumb\":{\"@id\":\"https:\/\/ueberlebenskunst.at\/survivalshop\/shop\/autogrammkarte-reini-rossmann\/#breadcrumb\"},\"inLanguage\":\"de\",\"potentialAction\":[{\"@type\":\"ReadAction\",\"target\":[\"https:\/\/ueberlebenskunst.at\/survivalshop\/shop\/autogrammkarte-reini-rossmann\/\"]}]},{\"@type\":\"ImageObject\",\"inLanguage\":\"de\",\"@id\":\"https:\/\/ueberlebenskunst.at\/survivalshop\/shop\/autogrammkarte-reini-rossmann\/#primaryimage\",\"url\":\"https:\/\/ueberlebenskunst.at\/survivalshop\/wp-content\/uploads\/2021\/06\/Autogramm-Karte-Reini-Rossmann.jpg\",\"contentUrl\":\"https:\/\/ueberlebenskunst.at\/survivalshop\/wp-content\/uploads\/2021\/06\/Autogramm-Karte-Reini-Rossmann.jpg\",\"width\":1392,\"height\":1468},{\"@type\":\"BreadcrumbList\",\"@id\":\"https:\/\/ueberlebenskunst.at\/survivalshop\/shop\/autogrammkarte-reini-rossmann\/#breadcrumb\",\"itemListElement\":[{\"@type\":\"ListItem\",\"position\":1,\"name\":\"Startseite\",\"item\":\"https:\/\/ueberlebenskunst.at\/survivalshop\/\"},{\"@type\":\"ListItem\",\"position\":2,\"name\":\"Shop\",\"item\":\"https:\/\/ueberlebenskunst.at\/survivalshop\/shop\/\"},{\"@type\":\"ListItem\",\"position\":3,\"name\":\"Autogrammkarte Reini Rossmann\"}]},{\"@type\":\"WebSite\",\"@id\":\"https:\/\/ueberlebenskunst.at\/survivalshop\/#website\",\"url\":\"https:\/\/ueberlebenskunst.at\/survivalshop\/\",\"name\":\"Reini Rossmann - Survival Shop\",\"description\":\"Survival Shop f\u00fcr Survival, Bushcraft und Prepper\",\"potentialAction\":[{\"@type\":\"SearchAction\",\"target\":{\"@type\":\"EntryPoint\",\"urlTemplate\":\"https:\/\/ueberlebenskunst.at\/survivalshop\/?s={search_term_string}\"},\"query-input\":{\"@type\":\"PropertyValueSpecification\",\"valueRequired\":true,\"valueName\":\"search_term_string\"}}],\"inLanguage\":\"de\"}]}<\/script>\n<!-- \/ Yoast SEO plugin. -->","yoast_head_json":{"title":"Autogrammkarte Reini Rossmann - f\u00fcr alle Fans gratis mitbestellbar","description":"Bestell sie gleich mit - die Original Reini Rossmann Autogrammkarte! F\u00fcr alle Reini Fans ist 1 selbst signierte Karte pro Einkauf verf\u00fcgbar.","robots":{"index":"index","follow":"follow","max-snippet":"max-snippet:-1","max-image-preview":"max-image-preview:large","max-video-preview":"max-video-preview:-1"},"canonical":"https:\/\/ueberlebenskunst.at\/survivalshop\/shop\/autogrammkarte-reini-rossmann\/","og_locale":"de_DE","og_type":"article","og_title":"Autogrammkarte Reini Rossmann - f\u00fcr alle Fans gratis mitbestellbar","og_description":"Bestell sie gleich mit - die Original Reini Rossmann Autogrammkarte! F\u00fcr alle Reini Fans ist 1 selbst signierte Karte pro Einkauf verf\u00fcgbar.","og_url":"https:\/\/ueberlebenskunst.at\/survivalshop\/shop\/autogrammkarte-reini-rossmann\/","og_site_name":"Reini Rossmann - Survival Shop","article_publisher":"https:\/\/www.facebook.com\/survival24.org\/","article_modified_time":"2026-05-09T17:43:24+00:00","og_image":[{"width":1392,"height":1468,"url":"https:\/\/ueberlebenskunst.at\/survivalshop\/wp-content\/uploads\/2021\/06\/Autogramm-Karte-Reini-Rossmann.jpg","type":"image\/jpeg"}],"twitter_card":"summary_large_image","twitter_misc":{"Gesch\u00e4tzte Lesezeit":"1\u00a0Minute"},"schema":{"@context":"https:\/\/schema.org","@graph":[{"@type":"WebPage","@id":"https:\/\/ueberlebenskunst.at\/survivalshop\/shop\/autogrammkarte-reini-rossmann\/","url":"https:\/\/ueberlebenskunst.at\/survivalshop\/shop\/autogrammkarte-reini-rossmann\/","name":"Autogrammkarte Reini Rossmann - f\u00fcr alle Fans gratis mitbestellbar","isPartOf":{"@id":"https:\/\/ueberlebenskunst.at\/survivalshop\/#website"},"primaryImageOfPage":{"@id":"https:\/\/ueberlebenskunst.at\/survivalshop\/shop\/autogrammkarte-reini-rossmann\/#primaryimage"},"image":{"@id":"https:\/\/ueberlebenskunst.at\/survivalshop\/shop\/autogrammkarte-reini-rossmann\/#primaryimage"},"thumbnailUrl":"https:\/\/ueberlebenskunst.at\/survivalshop\/wp-content\/uploads\/2021\/06\/Autogramm-Karte-Reini-Rossmann.jpg","datePublished":"2021-06-08T11:17:41+00:00","dateModified":"2026-05-09T17:43:24+00:00","description":"Bestell sie gleich mit - die Original Reini Rossmann Autogrammkarte! F\u00fcr alle Reini Fans ist 1 selbst signierte Karte pro Einkauf verf\u00fcgbar.","breadcrumb":{"@id":"https:\/\/ueberlebenskunst.at\/survivalshop\/shop\/autogrammkarte-reini-rossmann\/#breadcrumb"},"inLanguage":"de","potentialAction":[{"@type":"ReadAction","target":["https:\/\/ueberlebenskunst.at\/survivalshop\/shop\/autogrammkarte-reini-rossmann\/"]}]},{"@type":"ImageObject","inLanguage":"de","@id":"https:\/\/ueberlebenskunst.at\/survivalshop\/shop\/autogrammkarte-reini-rossmann\/#primaryimage","url":"https:\/\/ueberlebenskunst.at\/survivalshop\/wp-content\/uploads\/2021\/06\/Autogramm-Karte-Reini-Rossmann.jpg","contentUrl":"https:\/\/ueberlebenskunst.at\/survivalshop\/wp-content\/uploads\/2021\/06\/Autogramm-Karte-Reini-Rossmann.jpg","width":1392,"height":1468},{"@type":"BreadcrumbList","@id":"https:\/\/ueberlebenskunst.at\/survivalshop\/shop\/autogrammkarte-reini-rossmann\/#breadcrumb","itemListElement":[{"@type":"ListItem","position":1,"name":"Startseite","item":"https:\/\/ueberlebenskunst.at\/survivalshop\/"},{"@type":"ListItem","position":2,"name":"Shop","item":"https:\/\/ueberlebenskunst.at\/survivalshop\/shop\/"},{"@type":"ListItem","position":3,"name":"Autogrammkarte Reini Rossmann"}]},{"@type":"WebSite","@id":"https:\/\/ueberlebenskunst.at\/survivalshop\/#website","url":"https:\/\/ueberlebenskunst.at\/survivalshop\/","name":"Reini Rossmann - Survival Shop","description":"Survival Shop f\u00fcr Survival, Bushcraft und Prepper","potentialAction":[{"@type":"SearchAction","target":{"@type":"EntryPoint","urlTemplate":"https:\/\/ueberlebenskunst.at\/survivalshop\/?s={search_term_string}"},"query-input":{"@type":"PropertyValueSpecification","valueRequired":true,"valueName":"search_term_string"}}],"inLanguage":"de"}]}},"_links":{"self":[{"href":"https:\/\/ueberlebenskunst.at\/survivalshop\/wp-json\/wp\/v2\/product\/32829","targetHints":{"allow":["GET"]}}],"collection":[{"href":"https:\/\/ueberlebenskunst.at\/survivalshop\/wp-json\/wp\/v2\/product"}],"about":[{"href":"https:\/\/ueberlebenskunst.at\/survivalshop\/wp-json\/wp\/v2\/types\/product"}],"replies":[{"embeddable":true,"href":"https:\/\/ueberlebenskunst.at\/survivalshop\/wp-json\/wp\/v2\/comments?post=32829"}],"wp:featuredmedia":[{"embeddable":true,"href":"https:\/\/ueberlebenskunst.at\/survivalshop\/wp-json\/wp\/v2\/media\/33018"}],"wp:attachment":[{"href":"https:\/\/ueberlebenskunst.at\/survivalshop\/wp-json\/wp\/v2\/media?parent=32829"}],"wp:term":[{"taxonomy":"product_brand","embeddable":true,"href":"https:\/\/ueberlebenskunst.at\/survivalshop\/wp-json\/wp\/v2\/product_brand?post=32829"},{"taxonomy":"product_cat","embeddable":true,"href":"https:\/\/ueberlebenskunst.at\/survivalshop\/wp-json\/wp\/v2\/product_cat?post=32829"},{"taxonomy":"product_tag","embeddable":true,"href":"https:\/\/ueberlebenskunst.at\/survivalshop\/wp-json\/wp\/v2\/product_tag?post=32829"}],"curies":[{"name":"wp","href":"https:\/\/api.w.org\/{rel}","templated":true}]}}