{"id":32764,"date":"2021-06-08T08:06:06","date_gmt":"2021-06-08T06:06:06","guid":{"rendered":"https:\/\/ueberlebenskunst.at\/survivalshop\/?post_type=product&#038;p=32764"},"modified":"2024-03-20T18:50:02","modified_gmt":"2024-03-20T17:50:02","slug":"crkt-minimalist-tanto","status":"seo-produkt","type":"product","link":"https:\/\/ueberlebenskunst.at\/survivalshop\/shop\/crkt-minimalist-tanto\/","title":{"rendered":"CRKT Minimalist Tanto"},"content":{"rendered":"<h3>CRKT Minimalist Tanto<\/h3>\n<p>Das Tanto begeistert sowohl als Neck Knife und auch als Allrounder f\u00fcr kleinere Schneidarbeiten im Alltag.<\/p>\n<p>Die kr\u00e4ftige Tanto-Recurveklinge aus 5Cr15MoV bietet h\u00f6chste Effektivit\u00e4t bei ziehenden Schnitten.<\/p>\n<p>Die fast bis zur Klingenspitze durchgehend volle Materialst\u00e4rke sorgt f\u00fcr Robustheit.<\/p>\n<p>Das feststehende Messer bietet mit kompakten Abmessungen und geringem Gewicht ein Maximum an Ergonomie.<\/p>\n<p>Im Lieferumfang befindet sich eine Zytel-Scheide mit Tragekordel.<\/p>\n<h3>Produktdaten<\/h3>\n<ul>\n<li>Gesamtl\u00e4nge 13 cm<\/li>\n<li>Klingenl\u00e4nge 5,4 cm, Klingenst\u00e4rke 2,8 mm<\/li>\n<li>Gewicht 45 g<\/li>\n<li>Griffmaterial aus Micarta<\/li>\n<li>Designer ist Alan Folts<\/li>\n<\/ul>\n<p>&nbsp;<\/p>\n<p>&nbsp;<\/p>\n","protected":false},"excerpt":{"rendered":"<p>Feststehendes EDC-Messer<\/p>\n","protected":false},"featured_media":32765,"comment_status":"open","ping_status":"closed","template":"","meta":{"_acf_changed":false},"product_brand":[],"product_cat":[426],"product_tag":[920,762,940,692,616,922,921],"class_list":{"0":"post-32764","1":"product","2":"type-product","3":"status-seo-produkt","4":"has-post-thumbnail","6":"product_cat-unkategorisiert","7":"product_tag-5cr15mov","8":"product_tag-crkt","9":"product_tag-crkt-minimalist","10":"product_tag-micarta","11":"product_tag-necki","12":"product_tag-tanto-recurveklinge","13":"product_tag-zytel-scheide","15":"first","16":"outofstock","17":"sale","18":"taxable","19":"shipping-taxable","20":"product-type-simple"},"acf":[],"yoast_head":"<!-- This site is optimized with the Yoast SEO plugin v27.1.1 - https:\/\/yoast.com\/product\/yoast-seo-wordpress\/ -->\n<title>CRKT Minimalist Tanto - Neckknife und Alltags-Allrounder<\/title>\n<meta name=\"description\" content=\"Das Tanto bietet Robustheit, Ergonomie, Effektivit\u00e4t bei ziehenden Schnitten. Micarta-Griff und eine Klinge aus 5Cr15MoV vervollst\u00e4ndigen es.\" \/>\n<meta name=\"robots\" content=\"index, follow, max-snippet:-1, max-image-preview:large, max-video-preview:-1\" \/>\n<link rel=\"canonical\" href=\"https:\/\/ueberlebenskunst.at\/survivalshop\/shop\/crkt-minimalist-tanto\/\" \/>\n<meta property=\"og:locale\" content=\"de_DE\" \/>\n<meta property=\"og:type\" content=\"article\" \/>\n<meta property=\"og:title\" content=\"CRKT Minimalist Tanto - Neckknife und Alltags-Allrounder\" \/>\n<meta property=\"og:description\" content=\"Das Tanto bietet Robustheit, Ergonomie, Effektivit\u00e4t bei ziehenden Schnitten. Micarta-Griff und eine Klinge aus 5Cr15MoV vervollst\u00e4ndigen es.\" \/>\n<meta property=\"og:url\" content=\"https:\/\/ueberlebenskunst.at\/survivalshop\/shop\/crkt-minimalist-tanto\/\" \/>\n<meta property=\"og:site_name\" content=\"Reini Rossmann - Survival Shop\" \/>\n<meta property=\"article:publisher\" content=\"https:\/\/www.facebook.com\/survival24.org\/\" \/>\n<meta property=\"article:modified_time\" content=\"2024-03-20T17:50:02+00:00\" \/>\n<meta property=\"og:image\" content=\"https:\/\/ueberlebenskunst.at\/survivalshop\/wp-content\/uploads\/2021\/06\/CRKT-Minimalist-Tanto_02CR2386.jpg\" \/>\n\t<meta property=\"og:image:width\" content=\"521\" \/>\n\t<meta property=\"og:image:height\" content=\"372\" \/>\n\t<meta property=\"og:image:type\" content=\"image\/jpeg\" \/>\n<meta name=\"twitter:card\" content=\"summary_large_image\" \/>\n<meta name=\"twitter:label1\" content=\"Gesch\u00e4tzte Lesezeit\" \/>\n\t<meta name=\"twitter:data1\" content=\"1\u00a0Minute\" \/>\n<script type=\"application\/ld+json\" class=\"yoast-schema-graph\">{\"@context\":\"https:\/\/schema.org\",\"@graph\":[{\"@type\":\"WebPage\",\"@id\":\"https:\/\/ueberlebenskunst.at\/survivalshop\/shop\/crkt-minimalist-tanto\/\",\"url\":\"https:\/\/ueberlebenskunst.at\/survivalshop\/shop\/crkt-minimalist-tanto\/\",\"name\":\"CRKT Minimalist Tanto - Neckknife und Alltags-Allrounder\",\"isPartOf\":{\"@id\":\"https:\/\/ueberlebenskunst.at\/survivalshop\/#website\"},\"primaryImageOfPage\":{\"@id\":\"https:\/\/ueberlebenskunst.at\/survivalshop\/shop\/crkt-minimalist-tanto\/#primaryimage\"},\"image\":{\"@id\":\"https:\/\/ueberlebenskunst.at\/survivalshop\/shop\/crkt-minimalist-tanto\/#primaryimage\"},\"thumbnailUrl\":\"https:\/\/ueberlebenskunst.at\/survivalshop\/wp-content\/uploads\/2021\/06\/CRKT-Minimalist-Tanto_02CR2386.jpg\",\"datePublished\":\"2021-06-08T06:06:06+00:00\",\"dateModified\":\"2024-03-20T17:50:02+00:00\",\"description\":\"Das Tanto bietet Robustheit, Ergonomie, Effektivit\u00e4t bei ziehenden Schnitten. Micarta-Griff und eine Klinge aus 5Cr15MoV vervollst\u00e4ndigen es.\",\"breadcrumb\":{\"@id\":\"https:\/\/ueberlebenskunst.at\/survivalshop\/shop\/crkt-minimalist-tanto\/#breadcrumb\"},\"inLanguage\":\"de\",\"potentialAction\":[{\"@type\":\"ReadAction\",\"target\":[\"https:\/\/ueberlebenskunst.at\/survivalshop\/shop\/crkt-minimalist-tanto\/\"]}]},{\"@type\":\"ImageObject\",\"inLanguage\":\"de\",\"@id\":\"https:\/\/ueberlebenskunst.at\/survivalshop\/shop\/crkt-minimalist-tanto\/#primaryimage\",\"url\":\"https:\/\/ueberlebenskunst.at\/survivalshop\/wp-content\/uploads\/2021\/06\/CRKT-Minimalist-Tanto_02CR2386.jpg\",\"contentUrl\":\"https:\/\/ueberlebenskunst.at\/survivalshop\/wp-content\/uploads\/2021\/06\/CRKT-Minimalist-Tanto_02CR2386.jpg\",\"width\":521,\"height\":372},{\"@type\":\"BreadcrumbList\",\"@id\":\"https:\/\/ueberlebenskunst.at\/survivalshop\/shop\/crkt-minimalist-tanto\/#breadcrumb\",\"itemListElement\":[{\"@type\":\"ListItem\",\"position\":1,\"name\":\"Startseite\",\"item\":\"https:\/\/ueberlebenskunst.at\/survivalshop\/\"},{\"@type\":\"ListItem\",\"position\":2,\"name\":\"Shop\",\"item\":\"https:\/\/ueberlebenskunst.at\/survivalshop\/shop\/\"},{\"@type\":\"ListItem\",\"position\":3,\"name\":\"CRKT Minimalist Tanto\"}]},{\"@type\":\"WebSite\",\"@id\":\"https:\/\/ueberlebenskunst.at\/survivalshop\/#website\",\"url\":\"https:\/\/ueberlebenskunst.at\/survivalshop\/\",\"name\":\"Reini Rossmann - Survival Shop\",\"description\":\"Survival Shop f\u00fcr Survival, Bushcraft und Prepper\",\"potentialAction\":[{\"@type\":\"SearchAction\",\"target\":{\"@type\":\"EntryPoint\",\"urlTemplate\":\"https:\/\/ueberlebenskunst.at\/survivalshop\/?s={search_term_string}\"},\"query-input\":{\"@type\":\"PropertyValueSpecification\",\"valueRequired\":true,\"valueName\":\"search_term_string\"}}],\"inLanguage\":\"de\"}]}<\/script>\n<!-- \/ Yoast SEO plugin. -->","yoast_head_json":{"title":"CRKT Minimalist Tanto - Neckknife und Alltags-Allrounder","description":"Das Tanto bietet Robustheit, Ergonomie, Effektivit\u00e4t bei ziehenden Schnitten. Micarta-Griff und eine Klinge aus 5Cr15MoV vervollst\u00e4ndigen es.","robots":{"index":"index","follow":"follow","max-snippet":"max-snippet:-1","max-image-preview":"max-image-preview:large","max-video-preview":"max-video-preview:-1"},"canonical":"https:\/\/ueberlebenskunst.at\/survivalshop\/shop\/crkt-minimalist-tanto\/","og_locale":"de_DE","og_type":"article","og_title":"CRKT Minimalist Tanto - Neckknife und Alltags-Allrounder","og_description":"Das Tanto bietet Robustheit, Ergonomie, Effektivit\u00e4t bei ziehenden Schnitten. Micarta-Griff und eine Klinge aus 5Cr15MoV vervollst\u00e4ndigen es.","og_url":"https:\/\/ueberlebenskunst.at\/survivalshop\/shop\/crkt-minimalist-tanto\/","og_site_name":"Reini Rossmann - Survival Shop","article_publisher":"https:\/\/www.facebook.com\/survival24.org\/","article_modified_time":"2024-03-20T17:50:02+00:00","og_image":[{"width":521,"height":372,"url":"https:\/\/ueberlebenskunst.at\/survivalshop\/wp-content\/uploads\/2021\/06\/CRKT-Minimalist-Tanto_02CR2386.jpg","type":"image\/jpeg"}],"twitter_card":"summary_large_image","twitter_misc":{"Gesch\u00e4tzte Lesezeit":"1\u00a0Minute"},"schema":{"@context":"https:\/\/schema.org","@graph":[{"@type":"WebPage","@id":"https:\/\/ueberlebenskunst.at\/survivalshop\/shop\/crkt-minimalist-tanto\/","url":"https:\/\/ueberlebenskunst.at\/survivalshop\/shop\/crkt-minimalist-tanto\/","name":"CRKT Minimalist Tanto - Neckknife und Alltags-Allrounder","isPartOf":{"@id":"https:\/\/ueberlebenskunst.at\/survivalshop\/#website"},"primaryImageOfPage":{"@id":"https:\/\/ueberlebenskunst.at\/survivalshop\/shop\/crkt-minimalist-tanto\/#primaryimage"},"image":{"@id":"https:\/\/ueberlebenskunst.at\/survivalshop\/shop\/crkt-minimalist-tanto\/#primaryimage"},"thumbnailUrl":"https:\/\/ueberlebenskunst.at\/survivalshop\/wp-content\/uploads\/2021\/06\/CRKT-Minimalist-Tanto_02CR2386.jpg","datePublished":"2021-06-08T06:06:06+00:00","dateModified":"2024-03-20T17:50:02+00:00","description":"Das Tanto bietet Robustheit, Ergonomie, Effektivit\u00e4t bei ziehenden Schnitten. Micarta-Griff und eine Klinge aus 5Cr15MoV vervollst\u00e4ndigen es.","breadcrumb":{"@id":"https:\/\/ueberlebenskunst.at\/survivalshop\/shop\/crkt-minimalist-tanto\/#breadcrumb"},"inLanguage":"de","potentialAction":[{"@type":"ReadAction","target":["https:\/\/ueberlebenskunst.at\/survivalshop\/shop\/crkt-minimalist-tanto\/"]}]},{"@type":"ImageObject","inLanguage":"de","@id":"https:\/\/ueberlebenskunst.at\/survivalshop\/shop\/crkt-minimalist-tanto\/#primaryimage","url":"https:\/\/ueberlebenskunst.at\/survivalshop\/wp-content\/uploads\/2021\/06\/CRKT-Minimalist-Tanto_02CR2386.jpg","contentUrl":"https:\/\/ueberlebenskunst.at\/survivalshop\/wp-content\/uploads\/2021\/06\/CRKT-Minimalist-Tanto_02CR2386.jpg","width":521,"height":372},{"@type":"BreadcrumbList","@id":"https:\/\/ueberlebenskunst.at\/survivalshop\/shop\/crkt-minimalist-tanto\/#breadcrumb","itemListElement":[{"@type":"ListItem","position":1,"name":"Startseite","item":"https:\/\/ueberlebenskunst.at\/survivalshop\/"},{"@type":"ListItem","position":2,"name":"Shop","item":"https:\/\/ueberlebenskunst.at\/survivalshop\/shop\/"},{"@type":"ListItem","position":3,"name":"CRKT Minimalist Tanto"}]},{"@type":"WebSite","@id":"https:\/\/ueberlebenskunst.at\/survivalshop\/#website","url":"https:\/\/ueberlebenskunst.at\/survivalshop\/","name":"Reini Rossmann - Survival Shop","description":"Survival Shop f\u00fcr Survival, Bushcraft und Prepper","potentialAction":[{"@type":"SearchAction","target":{"@type":"EntryPoint","urlTemplate":"https:\/\/ueberlebenskunst.at\/survivalshop\/?s={search_term_string}"},"query-input":{"@type":"PropertyValueSpecification","valueRequired":true,"valueName":"search_term_string"}}],"inLanguage":"de"}]}},"_links":{"self":[{"href":"https:\/\/ueberlebenskunst.at\/survivalshop\/wp-json\/wp\/v2\/product\/32764","targetHints":{"allow":["GET"]}}],"collection":[{"href":"https:\/\/ueberlebenskunst.at\/survivalshop\/wp-json\/wp\/v2\/product"}],"about":[{"href":"https:\/\/ueberlebenskunst.at\/survivalshop\/wp-json\/wp\/v2\/types\/product"}],"replies":[{"embeddable":true,"href":"https:\/\/ueberlebenskunst.at\/survivalshop\/wp-json\/wp\/v2\/comments?post=32764"}],"wp:featuredmedia":[{"embeddable":true,"href":"https:\/\/ueberlebenskunst.at\/survivalshop\/wp-json\/wp\/v2\/media\/32765"}],"wp:attachment":[{"href":"https:\/\/ueberlebenskunst.at\/survivalshop\/wp-json\/wp\/v2\/media?parent=32764"}],"wp:term":[{"taxonomy":"product_brand","embeddable":true,"href":"https:\/\/ueberlebenskunst.at\/survivalshop\/wp-json\/wp\/v2\/product_brand?post=32764"},{"taxonomy":"product_cat","embeddable":true,"href":"https:\/\/ueberlebenskunst.at\/survivalshop\/wp-json\/wp\/v2\/product_cat?post=32764"},{"taxonomy":"product_tag","embeddable":true,"href":"https:\/\/ueberlebenskunst.at\/survivalshop\/wp-json\/wp\/v2\/product_tag?post=32764"}],"curies":[{"name":"wp","href":"https:\/\/api.w.org\/{rel}","templated":true}]}}