{"id":3201,"date":"2015-12-25T10:08:58","date_gmt":"2015-12-25T08:08:58","guid":{"rendered":"https:\/\/ueberlebenskunst.at\/survivalshop\/survivalshop\/?post_type=product&#038;p=3201"},"modified":"2024-03-21T09:37:35","modified_gmt":"2024-03-21T08:37:35","slug":"stausack-xl-80-liter-wasserdicht","status":"seo-produkt","type":"product","link":"https:\/\/ueberlebenskunst.at\/survivalshop\/shop\/stausack-xl-80-liter-wasserdicht\/","title":{"rendered":"Tatonka Stausack XL &#8211; 80 Liter wasserdicht"},"content":{"rendered":"<p>Die Abmessungen liegen bei ungef\u00e4hr 37,5 x 70 cm<br \/>\nF\u00fcr die 80 Liter Volumen nimmst 150 g Eigengewicht in Kauf. Aber das macht Sinn, schliesslich ist der Stausack XL dank T-Cover Tex wasserdicht. Qualit\u00e4t von Tatonka eben.<\/p>\n<p>Staus\u00e4cke in unterschiedlichen Gr\u00f6\u00dfen und Farben findest Du unter\u00a0<span style=\"text-decoration: underline; color: #ff0000;\"><strong><a href=\"https:\/\/ueberlebenskunst.at\/survivalshop\/survivalshop\/kategorie\/rucksaecke\/stausaecke\/\">Tatonka Stausack<\/a><\/strong><\/span><\/p>\n","protected":false},"excerpt":{"rendered":"<p>Mit 80 Liter Fassungsverm\u00f6gen ist dieser Stausack ein Riesenteil. Bietet Dir aber auch eine Menge Platz.<\/p>\n","protected":false},"featured_media":3202,"comment_status":"open","ping_status":"closed","template":"","meta":{"_acf_changed":false},"product_brand":[],"product_cat":[426],"product_tag":[201,264],"class_list":{"0":"post-3201","1":"product","2":"type-product","3":"status-seo-produkt","4":"has-post-thumbnail","6":"product_cat-unkategorisiert","7":"product_tag-tatonka","8":"product_tag-wasserdicht","10":"first","11":"outofstock","12":"taxable","13":"shipping-taxable","14":"product-type-simple"},"acf":[],"yoast_head":"<!-- This site is optimized with the Yoast SEO plugin v27.1.1 - https:\/\/yoast.com\/product\/yoast-seo-wordpress\/ -->\n<title>Tatonka Stausack XL - 80 Liter wasserdicht - Reini Rossmann - Survival Shop<\/title>\n<meta name=\"robots\" content=\"index, follow, max-snippet:-1, max-image-preview:large, max-video-preview:-1\" \/>\n<link rel=\"canonical\" href=\"https:\/\/ueberlebenskunst.at\/survivalshop\/shop\/stausack-xl-80-liter-wasserdicht\/\" \/>\n<meta property=\"og:locale\" content=\"de_DE\" \/>\n<meta property=\"og:type\" content=\"article\" \/>\n<meta property=\"og:title\" content=\"Tatonka Stausack XL - 80 Liter wasserdicht - Reini Rossmann - Survival Shop\" \/>\n<meta property=\"og:description\" content=\"Mit 80 Liter Fassungsverm\u00f6gen ist dieser Stausack ein Riesenteil. Bietet Dir aber auch eine Menge Platz.\" \/>\n<meta property=\"og:url\" content=\"https:\/\/ueberlebenskunst.at\/survivalshop\/shop\/stausack-xl-80-liter-wasserdicht\/\" \/>\n<meta property=\"og:site_name\" content=\"Reini Rossmann - Survival Shop\" \/>\n<meta property=\"article:publisher\" content=\"https:\/\/www.facebook.com\/survival24.org\/\" \/>\n<meta property=\"article:modified_time\" content=\"2024-03-21T08:37:35+00:00\" \/>\n<meta property=\"og:image\" content=\"https:\/\/ueberlebenskunst.at\/survivalshop\/wp-content\/uploads\/2015\/12\/Stausack-XL-wasserdicht.png\" \/>\n\t<meta property=\"og:image:width\" content=\"302\" \/>\n\t<meta property=\"og:image:height\" content=\"499\" \/>\n\t<meta property=\"og:image:type\" content=\"image\/png\" \/>\n<meta name=\"twitter:card\" content=\"summary_large_image\" \/>\n<meta name=\"twitter:label1\" content=\"Gesch\u00e4tzte Lesezeit\" \/>\n\t<meta name=\"twitter:data1\" content=\"1\u00a0Minute\" \/>\n<script type=\"application\/ld+json\" class=\"yoast-schema-graph\">{\"@context\":\"https:\/\/schema.org\",\"@graph\":[{\"@type\":\"WebPage\",\"@id\":\"https:\/\/ueberlebenskunst.at\/survivalshop\/shop\/stausack-xl-80-liter-wasserdicht\/\",\"url\":\"https:\/\/ueberlebenskunst.at\/survivalshop\/shop\/stausack-xl-80-liter-wasserdicht\/\",\"name\":\"Tatonka Stausack XL - 80 Liter wasserdicht - Reini Rossmann - Survival Shop\",\"isPartOf\":{\"@id\":\"https:\/\/ueberlebenskunst.at\/survivalshop\/#website\"},\"primaryImageOfPage\":{\"@id\":\"https:\/\/ueberlebenskunst.at\/survivalshop\/shop\/stausack-xl-80-liter-wasserdicht\/#primaryimage\"},\"image\":{\"@id\":\"https:\/\/ueberlebenskunst.at\/survivalshop\/shop\/stausack-xl-80-liter-wasserdicht\/#primaryimage\"},\"thumbnailUrl\":\"https:\/\/ueberlebenskunst.at\/survivalshop\/wp-content\/uploads\/2015\/12\/Stausack-XL-wasserdicht.png\",\"datePublished\":\"2015-12-25T08:08:58+00:00\",\"dateModified\":\"2024-03-21T08:37:35+00:00\",\"breadcrumb\":{\"@id\":\"https:\/\/ueberlebenskunst.at\/survivalshop\/shop\/stausack-xl-80-liter-wasserdicht\/#breadcrumb\"},\"inLanguage\":\"de\",\"potentialAction\":[{\"@type\":\"ReadAction\",\"target\":[\"https:\/\/ueberlebenskunst.at\/survivalshop\/shop\/stausack-xl-80-liter-wasserdicht\/\"]}]},{\"@type\":\"ImageObject\",\"inLanguage\":\"de\",\"@id\":\"https:\/\/ueberlebenskunst.at\/survivalshop\/shop\/stausack-xl-80-liter-wasserdicht\/#primaryimage\",\"url\":\"https:\/\/ueberlebenskunst.at\/survivalshop\/wp-content\/uploads\/2015\/12\/Stausack-XL-wasserdicht.png\",\"contentUrl\":\"https:\/\/ueberlebenskunst.at\/survivalshop\/wp-content\/uploads\/2015\/12\/Stausack-XL-wasserdicht.png\",\"width\":302,\"height\":499},{\"@type\":\"BreadcrumbList\",\"@id\":\"https:\/\/ueberlebenskunst.at\/survivalshop\/shop\/stausack-xl-80-liter-wasserdicht\/#breadcrumb\",\"itemListElement\":[{\"@type\":\"ListItem\",\"position\":1,\"name\":\"Startseite\",\"item\":\"https:\/\/ueberlebenskunst.at\/survivalshop\/\"},{\"@type\":\"ListItem\",\"position\":2,\"name\":\"Shop\",\"item\":\"https:\/\/ueberlebenskunst.at\/survivalshop\/shop\/\"},{\"@type\":\"ListItem\",\"position\":3,\"name\":\"Tatonka Stausack XL &#8211; 80 Liter wasserdicht\"}]},{\"@type\":\"WebSite\",\"@id\":\"https:\/\/ueberlebenskunst.at\/survivalshop\/#website\",\"url\":\"https:\/\/ueberlebenskunst.at\/survivalshop\/\",\"name\":\"Reini Rossmann - Survival Shop\",\"description\":\"Survival Shop f\u00fcr Survival, Bushcraft und Prepper\",\"potentialAction\":[{\"@type\":\"SearchAction\",\"target\":{\"@type\":\"EntryPoint\",\"urlTemplate\":\"https:\/\/ueberlebenskunst.at\/survivalshop\/?s={search_term_string}\"},\"query-input\":{\"@type\":\"PropertyValueSpecification\",\"valueRequired\":true,\"valueName\":\"search_term_string\"}}],\"inLanguage\":\"de\"}]}<\/script>\n<!-- \/ Yoast SEO plugin. -->","yoast_head_json":{"title":"Tatonka Stausack XL - 80 Liter wasserdicht - Reini Rossmann - Survival Shop","robots":{"index":"index","follow":"follow","max-snippet":"max-snippet:-1","max-image-preview":"max-image-preview:large","max-video-preview":"max-video-preview:-1"},"canonical":"https:\/\/ueberlebenskunst.at\/survivalshop\/shop\/stausack-xl-80-liter-wasserdicht\/","og_locale":"de_DE","og_type":"article","og_title":"Tatonka Stausack XL - 80 Liter wasserdicht - Reini Rossmann - Survival Shop","og_description":"Mit 80 Liter Fassungsverm\u00f6gen ist dieser Stausack ein Riesenteil. Bietet Dir aber auch eine Menge Platz.","og_url":"https:\/\/ueberlebenskunst.at\/survivalshop\/shop\/stausack-xl-80-liter-wasserdicht\/","og_site_name":"Reini Rossmann - Survival Shop","article_publisher":"https:\/\/www.facebook.com\/survival24.org\/","article_modified_time":"2024-03-21T08:37:35+00:00","og_image":[{"width":302,"height":499,"url":"https:\/\/ueberlebenskunst.at\/survivalshop\/wp-content\/uploads\/2015\/12\/Stausack-XL-wasserdicht.png","type":"image\/png"}],"twitter_card":"summary_large_image","twitter_misc":{"Gesch\u00e4tzte Lesezeit":"1\u00a0Minute"},"schema":{"@context":"https:\/\/schema.org","@graph":[{"@type":"WebPage","@id":"https:\/\/ueberlebenskunst.at\/survivalshop\/shop\/stausack-xl-80-liter-wasserdicht\/","url":"https:\/\/ueberlebenskunst.at\/survivalshop\/shop\/stausack-xl-80-liter-wasserdicht\/","name":"Tatonka Stausack XL - 80 Liter wasserdicht - Reini Rossmann - Survival Shop","isPartOf":{"@id":"https:\/\/ueberlebenskunst.at\/survivalshop\/#website"},"primaryImageOfPage":{"@id":"https:\/\/ueberlebenskunst.at\/survivalshop\/shop\/stausack-xl-80-liter-wasserdicht\/#primaryimage"},"image":{"@id":"https:\/\/ueberlebenskunst.at\/survivalshop\/shop\/stausack-xl-80-liter-wasserdicht\/#primaryimage"},"thumbnailUrl":"https:\/\/ueberlebenskunst.at\/survivalshop\/wp-content\/uploads\/2015\/12\/Stausack-XL-wasserdicht.png","datePublished":"2015-12-25T08:08:58+00:00","dateModified":"2024-03-21T08:37:35+00:00","breadcrumb":{"@id":"https:\/\/ueberlebenskunst.at\/survivalshop\/shop\/stausack-xl-80-liter-wasserdicht\/#breadcrumb"},"inLanguage":"de","potentialAction":[{"@type":"ReadAction","target":["https:\/\/ueberlebenskunst.at\/survivalshop\/shop\/stausack-xl-80-liter-wasserdicht\/"]}]},{"@type":"ImageObject","inLanguage":"de","@id":"https:\/\/ueberlebenskunst.at\/survivalshop\/shop\/stausack-xl-80-liter-wasserdicht\/#primaryimage","url":"https:\/\/ueberlebenskunst.at\/survivalshop\/wp-content\/uploads\/2015\/12\/Stausack-XL-wasserdicht.png","contentUrl":"https:\/\/ueberlebenskunst.at\/survivalshop\/wp-content\/uploads\/2015\/12\/Stausack-XL-wasserdicht.png","width":302,"height":499},{"@type":"BreadcrumbList","@id":"https:\/\/ueberlebenskunst.at\/survivalshop\/shop\/stausack-xl-80-liter-wasserdicht\/#breadcrumb","itemListElement":[{"@type":"ListItem","position":1,"name":"Startseite","item":"https:\/\/ueberlebenskunst.at\/survivalshop\/"},{"@type":"ListItem","position":2,"name":"Shop","item":"https:\/\/ueberlebenskunst.at\/survivalshop\/shop\/"},{"@type":"ListItem","position":3,"name":"Tatonka Stausack XL &#8211; 80 Liter wasserdicht"}]},{"@type":"WebSite","@id":"https:\/\/ueberlebenskunst.at\/survivalshop\/#website","url":"https:\/\/ueberlebenskunst.at\/survivalshop\/","name":"Reini Rossmann - Survival Shop","description":"Survival Shop f\u00fcr Survival, Bushcraft und Prepper","potentialAction":[{"@type":"SearchAction","target":{"@type":"EntryPoint","urlTemplate":"https:\/\/ueberlebenskunst.at\/survivalshop\/?s={search_term_string}"},"query-input":{"@type":"PropertyValueSpecification","valueRequired":true,"valueName":"search_term_string"}}],"inLanguage":"de"}]}},"_links":{"self":[{"href":"https:\/\/ueberlebenskunst.at\/survivalshop\/wp-json\/wp\/v2\/product\/3201","targetHints":{"allow":["GET"]}}],"collection":[{"href":"https:\/\/ueberlebenskunst.at\/survivalshop\/wp-json\/wp\/v2\/product"}],"about":[{"href":"https:\/\/ueberlebenskunst.at\/survivalshop\/wp-json\/wp\/v2\/types\/product"}],"replies":[{"embeddable":true,"href":"https:\/\/ueberlebenskunst.at\/survivalshop\/wp-json\/wp\/v2\/comments?post=3201"}],"wp:featuredmedia":[{"embeddable":true,"href":"https:\/\/ueberlebenskunst.at\/survivalshop\/wp-json\/wp\/v2\/media\/3202"}],"wp:attachment":[{"href":"https:\/\/ueberlebenskunst.at\/survivalshop\/wp-json\/wp\/v2\/media?parent=3201"}],"wp:term":[{"taxonomy":"product_brand","embeddable":true,"href":"https:\/\/ueberlebenskunst.at\/survivalshop\/wp-json\/wp\/v2\/product_brand?post=3201"},{"taxonomy":"product_cat","embeddable":true,"href":"https:\/\/ueberlebenskunst.at\/survivalshop\/wp-json\/wp\/v2\/product_cat?post=3201"},{"taxonomy":"product_tag","embeddable":true,"href":"https:\/\/ueberlebenskunst.at\/survivalshop\/wp-json\/wp\/v2\/product_tag?post=3201"}],"curies":[{"name":"wp","href":"https:\/\/api.w.org\/{rel}","templated":true}]}}